{"id":19434,"date":"2021-06-08T10:42:46","date_gmt":"2021-06-08T09:42:46","guid":{"rendered":"https:\/\/www.alioze.com\/?page_id=19434"},"modified":"2021-06-08T10:42:46","modified_gmt":"2021-06-08T09:42:46","slug":"registro-boletin","status":"publish","type":"page","link":"https:\/\/www.alioze.com\/es\/registro-boletin\/","title":{"rendered":"Su suscripci\u00f3n a nuestro bolet\u00edn de noticias"},"content":{"rendered":"<p style=\"text-align: center;\">Suscr\u00edbase a nuestro bolet\u00edn para recibir nuestros consejos y mejores pr\u00e1cticas una vez al mes en su buz\u00f3n de correo.<\/p>\n<p><iframe src=\"https:\/\/app.mailjet.com\/widget\/iframe\/21Rb\/6QR\" width=\"100%\" height=\"360\" frameborder=\"0\" marginwidth=\"0\" marginheight=\"0\" scrolling=\"no\"><\/iframe><\/p>\n","protected":false},"excerpt":{"rendered":"<p>Suscr\u00edbase a nuestro bolet\u00edn para recibir nuestros consejos y mejores pr\u00e1cticas una vez al mes en su buz\u00f3n de correo.<\/p>\n","protected":false},"author":6,"featured_media":0,"parent":0,"menu_order":0,"comment_status":"closed","ping_status":"closed","template":"","meta":{"_acf_changed":false,"footnotes":""},"class_list":["post-19434","page","type-page","status-publish","hentry"],"acf":[],"aioseo_notices":[],"amp_enabled":true,"_links":{"self":[{"href":"https:\/\/www.alioze.com\/es\/wp-json\/wp\/v2\/pages\/19434","targetHints":{"allow":["GET"]}}],"collection":[{"href":"https:\/\/www.alioze.com\/es\/wp-json\/wp\/v2\/pages"}],"about":[{"href":"https:\/\/www.alioze.com\/es\/wp-json\/wp\/v2\/types\/page"}],"author":[{"embeddable":true,"href":"https:\/\/www.alioze.com\/es\/wp-json\/wp\/v2\/users\/6"}],"replies":[{"embeddable":true,"href":"https:\/\/www.alioze.com\/es\/wp-json\/wp\/v2\/comments?post=19434"}],"version-history":[{"count":2,"href":"https:\/\/www.alioze.com\/es\/wp-json\/wp\/v2\/pages\/19434\/revisions"}],"predecessor-version":[{"id":19446,"href":"https:\/\/www.alioze.com\/es\/wp-json\/wp\/v2\/pages\/19434\/revisions\/19446"}],"wp:attachment":[{"href":"https:\/\/www.alioze.com\/es\/wp-json\/wp\/v2\/media?parent=19434"}],"curies":[{"name":"wp","href":"https:\/\/api.w.org\/{rel}","templated":true}]}}