{"id":19433,"date":"2021-06-08T10:50:15","date_gmt":"2021-06-08T09:50:15","guid":{"rendered":"https:\/\/www.alioze.com\/?page_id=19433"},"modified":"2021-06-08T10:50:15","modified_gmt":"2021-06-08T09:50:15","slug":"contratacion","status":"publish","type":"page","link":"https:\/\/www.alioze.com\/es\/contratacion\/","title":{"rendered":"Contrataci\u00f3n"},"content":{"rendered":"<p>Alioze es una agencia especializada con perfiles muy competentes, todos ellos con una experiencia empresarial validada y de alta calidad.<\/p>\n<p>Actualmente buscamos los siguientes perfiles:<\/p>\n<p><strong>Magento :<br \/>\n<\/strong><br \/>\n&#8211; Desarrolladores certificados de Magento &#8211; M\u00ednimo 5 a\u00f1os de experiencia &#8211; (Front-end) CDI o Libre<br \/>\n&#8211; Desarrolladores certificados de Magento &#8211; M\u00ednimo 5 a\u00f1os de experiencia &#8211; (Back-end) CDI o Libre<\/p>\n<p><strong>SEO \/ Adwords :<br \/>\n<\/strong><br \/>\nPerfil con un m\u00ednimo de 5 a\u00f1os de experiencia &#8211; Permanente o Libre<\/p>\n<p>Recibimos muchas solicitudes y, lamentablemente, no podemos responder a todas ellas. Si se ajusta al perfil que buscamos, ind\u00edquelo claramente en el asunto.<\/p>\n<p>Le deseamos lo mejor en su b\u00fasqueda.<\/p>\n<p>Tambi\u00e9n puede visitar la p\u00e1gina de <a href=\"http:\/\/www.recruteo.com\/company\/Alioze\/\" target=\"_blank\" rel=\"noopener\">Alioze en recruteo<\/a> o el <a href=\"https:\/\/www.linkedin.com\/company\/alioze\" target=\"_blank\" rel=\"noopener\">Linkedin Alioze<\/a><\/p>\n","protected":false},"excerpt":{"rendered":"<p>Alioze es una agencia especializada con perfiles muy competentes, todos ellos con una experiencia empresarial validada y de alta calidad. Actualmente buscamos los siguientes perfiles: Magento : &#8211; Desarrolladores certificados de Magento &#8211; M\u00ednimo 5 a\u00f1os de experiencia &#8211; (Front-end) CDI o Libre &#8211; Desarrolladores certificados de Magento &#8211; M\u00ednimo 5 a\u00f1os de experiencia &#8211; [&hellip;]<\/p>\n","protected":false},"author":3,"featured_media":0,"parent":0,"menu_order":0,"comment_status":"closed","ping_status":"closed","template":"","meta":{"_acf_changed":false,"footnotes":""},"class_list":["post-19433","page","type-page","status-publish","hentry"],"acf":[],"aioseo_notices":[],"amp_enabled":true,"_links":{"self":[{"href":"https:\/\/www.alioze.com\/es\/wp-json\/wp\/v2\/pages\/19433","targetHints":{"allow":["GET"]}}],"collection":[{"href":"https:\/\/www.alioze.com\/es\/wp-json\/wp\/v2\/pages"}],"about":[{"href":"https:\/\/www.alioze.com\/es\/wp-json\/wp\/v2\/types\/page"}],"author":[{"embeddable":true,"href":"https:\/\/www.alioze.com\/es\/wp-json\/wp\/v2\/users\/3"}],"replies":[{"embeddable":true,"href":"https:\/\/www.alioze.com\/es\/wp-json\/wp\/v2\/comments?post=19433"}],"version-history":[{"count":2,"href":"https:\/\/www.alioze.com\/es\/wp-json\/wp\/v2\/pages\/19433\/revisions"}],"predecessor-version":[{"id":19448,"href":"https:\/\/www.alioze.com\/es\/wp-json\/wp\/v2\/pages\/19433\/revisions\/19448"}],"wp:attachment":[{"href":"https:\/\/www.alioze.com\/es\/wp-json\/wp\/v2\/media?parent=19433"}],"curies":[{"name":"wp","href":"https:\/\/api.w.org\/{rel}","templated":true}]}}