{"id":18952,"date":"2021-05-26T15:47:08","date_gmt":"2021-05-26T14:47:08","guid":{"rendered":"https:\/\/www.alioze.com\/?page_id=18952"},"modified":"2021-06-10T09:00:35","modified_gmt":"2021-06-10T08:00:35","slug":"ciberseguridad","status":"publish","type":"page","link":"https:\/\/www.alioze.com\/es\/ciberseguridad\/","title":{"rendered":"Agencia de ciberseguridad (auditor\u00eda y seguridad del sitio web)"},"content":{"rendered":"<\/div><\/div>\n\t<section class=\"headertitle lazyload\" style=\"background-image:inherit;\" data-bg-image=\"url(https:\/\/www.alioze.com\/wp-content\/themes\/alioze2016\/img\/alioze-production-web-magento-responsive.jpg)\">\n\t\t<div id=\"breadcrumbs\">\n\t\t\t\t\t\t<span>\t\t\t\t\t<a href=\"https:\/\/www.alioze.com\/es\/\">Home<\/a>\n\t\t\t\t\t > \t\t\t\t\t<a href=\"https:\/\/www.alioze.com\/es\/blog\/\">Blog<\/a>\n\t\t\t\t\t > <\/span>\n\t\t\t\t\t<\/div>\n\t\t\t\t<div class=\"content-a\">\n\t\t\t\t\t<div class=\"parralax-centertext text-center\">\n\n\t\t\t\t\t\t<h1>Agencia de ciberseguridad (auditor\u00eda y seguridad del sitio web)<\/h1>\n\t\t\t\t\t\t<span class=\"baseline\">Arquitecto t\u00e9cnico inteligente<\/span>\n\t\t\t\t\t<\/div>\n\t\t\t\t<\/div>\n\t\t\t<\/section>\n\t\t\t<div class=\"container\">\n\t\t\t<div class=\"col-xs-12\">\n<p style=\"text-align: center;\">\u00bfPreocupado por la seguridad de su negocio y su sitio web? Los servicios de <strong>ciberseguridad<\/strong> de Alioze est\u00e1n dise\u00f1ados para minimizar cualquier riesgo de p\u00e9rdida, interrupci\u00f3n o da\u00f1o a la reputaci\u00f3n de su empresa que pueda resultar de la vulnerabilidad de su sitio web o servicio de correo electr\u00f3nico.<\/p>\n<p>&nbsp;<\/p>\n<\/div><\/div><div class=\"container-fluid\" style=\"padding:0\"><div id=\"aa25d475\" class=\"imgFull lazyload\" style=\"height:350px;background-image:inherit;background-position:center;background-repeat:no-repeat;moz-background-size:cover;background-size: cover;\" data-bg-image=\"url(https:\/\/www.alioze.com\/wp-content\/uploads\/2020\/04\/agence-cybersecurite-2.jpg)\"><\/div><\/div><div class=\"container\"><div class=\"col-xs-12\">\n<p>&nbsp;<\/p>\n<p>Empresas de todos los tama\u00f1os y sectores se ven cada vez m\u00e1s amenazadas por ataques dirigidos que pueden originarse desde dentro y fuera de la red.<\/p>\n<p>Al ser los principales puntos de entrada y salida de su empresa, el correo electr\u00f3nico y el tr\u00e1fico web representan el mayor riesgo de intentos de intrusi\u00f3n no autorizados.<\/p>\n<p>Con casi 10 a\u00f1os de experiencia, Alioze ha evaluado, probado e implementado numerosas soluciones de seguridad robustas y personalizadas para sus clientes. Nuestras soluciones de seguridad para su sitio web corporativo y su servicio de correo electr\u00f3nico le ayudar\u00e1n a identificar los agujeros de seguridad y a defenderse de las amenazas.<\/p>\n<p>&nbsp;<\/p>\n<h2>Auditor\u00eda de seguridad del sitio web<\/h2>\n<p>A medida que las tecnolog\u00edas de la informaci\u00f3n y la comunicaci\u00f3n impregnan todos los aspectos de nuestra vida -desde las compras hasta la gesti\u00f3n de nuestras finanzas, pasando por la educaci\u00f3n o el comercio-, el riesgo de ciberamenazas para las organizaciones de todo el mundo es cada vez mayor.<\/p>\n<p>Como empresa que utiliza estas tecnolog\u00edas, lamentablemente no es inmune. Los ciberataques se producen todos los d\u00edas, porque si hay un problema de seguridad, cualquiera con una conexi\u00f3n a Internet puede encontrar los puntos d\u00e9biles de su plataforma.<\/p>\n<p>Por lo tanto, para garantizar la seguridad de su negocio y proteger la informaci\u00f3n sensible de su base de datos (n\u00fameros de tarjetas de clientes, direcciones de correo electr\u00f3nico, etc.), es esencial no dejar que los hackers se aprovechen de la vulnerabilidad de su sitio web.<\/p>\n<p>Los servicios de <strong>seguridad<\/strong> y mantenimiento de <strong>sitios web<\/strong> de Alioze permiten a su empresa detectar y corregir los puntos d\u00e9biles de su c\u00f3digo que podr\u00edan permitir a los hackers acceder a todos los datos sensibles de su sitio.<\/p>\n<p>Para ello, nuestro equipo de desarrolladores, compuesto por expertos en seguridad de Magento y WordPress, realiza una <strong>auditor\u00eda de seguridad de su sitio<\/strong> y le proporciona un informe completo en el que se identifican todas las vulnerabilidades encontradas, as\u00ed como recomendaciones de correcci\u00f3n para resolver la amenaza.<\/p>\n<p>Alioze tambi\u00e9n le ayuda a implementar soluciones y parches adecuados para resolver todos sus problemas de seguridad y bloquear los ataques maliciosos.<\/p>\n<p>Con esta auditor\u00eda de c\u00f3digo, obtendr\u00e1 una lista detallada de todos los puntos d\u00e9biles de su sitio en t\u00e9rminos de rendimiento y seguridad, y los medios para remediarlos. Sin una auditor\u00eda de c\u00f3digo, no puede estar seguro de que su sitio de comercio electr\u00f3nico Magento o WordPress est\u00e9 correctamente protegido.<\/p>\n<\/div><\/div>\n\t<section class=\"quickcontact lazyload\" style=\"background-image:inherit;\" data-bg-image=\"url(https:\/\/www.alioze.com\/wp-content\/themes\/alioze2016\/img\/alioze-production-web-magento-responsive.jpg)\">\n\t\t\t\t<div class=\"content-a\">\n\t\t\t\t\t<div class=\"parralax-centertext\">\n\t\t\t\t\t\t<div class=\"container\">\n\t\t\t\t\t\t\t\t<div class=\"col-xs-12 col-sm-6 col-sm-offset-1 col-md-7 col-md-offset-1 quickcontact-text\">\n\t\t\t\t\t\t\t\tAlioze, la elecci\u00f3n de una agencia de ciberseguridad probada\n\t\t\t\t\t\t\t\t<\/div>\n\t\t\t\t\t\t\t\t<div class=\"col-xs-12 col-sm-4 col-md-3\">\n\t\t\t\t\t\t\t\t<a href=\"https:\/\/www.alioze.com\/es\/contacto\" class=\"btn btn-lg btn-default  center-block\">Contacto con nosotros<\/a>\n\t\t\t\t\t\t\t\t<\/div>\n\t\t\t\t\t\t<\/div>\n\t\t\t\t\t<\/div>\n\t\t\t\t<\/div>\n\t\t\t<\/section>\n\t\t\t<div class=\"container\">\n\t\t\t<div class=\"col-xs-12\">\n<h2>Auditor\u00eda de seguridad de Magento<\/h2>\n<p>Mantener las normas de seguridad PCI actualizadas para su comercio electr\u00f3nico de Magento es un buen punto de partida, pero tambi\u00e9n deber\u00eda a\u00f1adir varias capas de seguridad para cualquier punto final orientado al cliente.<\/p>\n<p>En efecto, las herramientas b\u00e1sicas de protecci\u00f3n ya no son suficientes para protegerse de los nuevos y sofisticados ciberataques, y la falta de implementaci\u00f3n de servicios de ciberseguridad puede poner en riesgo a toda una organizaci\u00f3n.<\/p>\n<p>A veces basta con un m\u00f3dulo, una extensi\u00f3n o una actualizaci\u00f3n sin mantenimiento para poner en peligro toda su empresa. Incluso una breve interrupci\u00f3n de la red supone un importante perjuicio econ\u00f3mico que puede contarse en millones de euros.<\/p>\n<p>Por eso es importante hacer que su comercio electr\u00f3nico Magento sea lo m\u00e1s seguro posible para protegerlo de ataques basados en contrase\u00f1as, inyecci\u00f3n SQL, Cross Site scripting y otros ataques a nivel de aplicaci\u00f3n.<\/p>\n<p>Al realizar una <strong>auditor\u00eda de seguridad de Magento<\/strong>, puede prevenir y bloquear los ataques a su sitio de comercio electr\u00f3nico identificando y solucionando las distintas vulnerabilidades.<\/p>\n<p>Durante una auditor\u00eda de seguridad de Magento, el<span id=\"result_box\" class=\"\" lang=\"fr\">El equipo de desarrolladores de Alioze realizar\u00e1 una auditor\u00eda completa de su sitio de comercio electr\u00f3nico. Revisamos los \u00faltimos parches, comprobamos las actualizaciones, ejecutamos scripts de comprobaci\u00f3n de seguridad personalizados y diversas pruebas.<\/span><\/p>\n<p><span id=\"result_box\" class=\"\" lang=\"fr\"><span class=\"\">Una vez completada la auditor\u00eda de su Magento, le proporcionamos un informe detallado sobre su rendimiento, as\u00ed como recomendaciones que puede contratar con nosotros o con otro socio o agencia.<\/span><\/span><\/p>\n<p>&nbsp;<\/p>\n<h2>Auditor\u00eda de seguridad de WordPress<\/h2>\n<p>WordPress es uno de los sistemas de gesti\u00f3n de contenidos (CMS) de c\u00f3digo abierto m\u00e1s populares y, por lo tanto, es un objetivo principal para los hackers. Utilizan los blogs y los sitios para propagar malware, phishing y otros ataques.<\/p>\n<p>Los intentos exitosos de obtener acceso no autorizado a trav\u00e9s de un CMS como WordPress dan a los atacantes la capacidad de cargar puertas traseras PHP y otros scripts maliciosos en los sitios web comprometidos. Por lo tanto, es necesario asegurar su sitio de WordPress antes de que un hacker pueda explotar su vulnerabilidad.<\/p>\n<p>Cuando se trata de ciberseguridad, los plugins de seguridad de wordpress no son suficientes ya que pueden contener varios agujeros de seguridad. As\u00ed que si no quiere ser la pr\u00f3xima v\u00edctima de los hackers, debe encontrar las vulnerabilidades de su sitio.<\/p>\n<p>Una <strong>auditor\u00eda de seguridad de WordPress<\/strong> realizada por Alioze le permite conocer estas vulnerabilidades, corregirlas e implementar varias acciones para garantizar que su sitio sea completamente seguro.<\/p>\n<p>&nbsp;<\/p>\n<h2>Seguridad del correo electr\u00f3nico y del correo corporativo<\/h2>\n<p>Las amenazas externas entran en su empresa a trav\u00e9s de los canales de comunicaci\u00f3n normales, como el correo electr\u00f3nico. Por eso necesita una <strong>soluci\u00f3n de seguridad<\/strong> que proteja a su empresa de todas las amenazas del correo electr\u00f3nico.<\/p>\n<p>Esta soluci\u00f3n incluye capacidad de filtrado y funciones de continuidad de la actividad.<\/p>\n<p>La funci\u00f3n de filtrado bloquea los virus examinando la direcci\u00f3n IP de origen, el tama\u00f1o de los archivos adjuntos, el tipo de texto, la reputaci\u00f3n del remitente, etc., para evitar que lleguen a las bandejas de entrada el malware, el spam y otros correos basura. El filtrado garantiza que los correos electr\u00f3nicos de confianza se entreguen con un retraso m\u00ednimo, mientras que los correos fraudulentos se bloquean o ponen en cuarentena.<\/p>\n<p>&nbsp;<\/p>\n<h2>\u00bfNecesita ayuda para asegurar su sitio web?<\/h2>\n<p style=\"text-align: center;\">Nuestra agencia de ciberseguridad est\u00e1 abierta de 9:30 a 19:00 de lunes a viernes.<\/p>\n<p style=\"text-align: center;\">No dude en ponerse en contacto con nosotros por tel\u00e9fono en el <a href=\"tel:+33183622184\"> +33 (0) 1 83 62 21 84<\/a> o rellenando este breve formulario:<\/p>\n\n<div class=\"wpcf7 no-js\" id=\"wpcf7-f20281-o1\" lang=\"es-ES\" dir=\"ltr\" data-wpcf7-id=\"20281\">\n<div class=\"screen-reader-response\"><p role=\"status\" aria-live=\"polite\" aria-atomic=\"true\"><\/p> <ul><\/ul><\/div>\n<form action=\"\/es\/wp-json\/wp\/v2\/pages\/18952#wpcf7-f20281-o1\" method=\"post\" class=\"wpcf7-form init\" aria-label=\"Formulario de contacto\" novalidate=\"novalidate\" data-status=\"init\">\n<fieldset class=\"hidden-fields-container\"><input type=\"hidden\" name=\"_wpcf7\" value=\"20281\" \/><input type=\"hidden\" name=\"_wpcf7_version\" value=\"6.1.5\" \/><input type=\"hidden\" name=\"_wpcf7_locale\" value=\"es_ES\" \/><input type=\"hidden\" name=\"_wpcf7_unit_tag\" value=\"wpcf7-f20281-o1\" \/><input type=\"hidden\" name=\"_wpcf7_container_post\" value=\"0\" \/><input type=\"hidden\" name=\"_wpcf7_posted_data_hash\" value=\"\" \/><input type=\"hidden\" name=\"_wpcf7_recaptcha_response\" value=\"\" \/>\n<\/fieldset>\n<div class=\"form-group\">\n\t<p><span class=\"wpcf7-form-control-wrap\" data-name=\"contact-name\"><input size=\"40\" maxlength=\"400\" class=\"wpcf7-form-control wpcf7-text wpcf7-validates-as-required form-control\" aria-required=\"true\" aria-invalid=\"false\" placeholder=\"Su nombre *\" value=\"\" type=\"text\" name=\"contact-name\" \/><\/span>\n\t<\/p>\n<\/div>\n<div class=\"form-group\">\n\t<p><span class=\"wpcf7-form-control-wrap\" data-name=\"contact-telephone\"><input size=\"40\" maxlength=\"400\" class=\"wpcf7-form-control wpcf7-text wpcf7-validates-as-required form-control\" aria-required=\"true\" aria-invalid=\"false\" placeholder=\"Su n\u00famero de tel\u00e9fono *\" value=\"\" type=\"text\" name=\"contact-telephone\" \/><\/span>\n\t<\/p>\n<\/div>\n<div class=\"form-group\">\n\t<p><span class=\"wpcf7-form-control-wrap\" data-name=\"contact-email\"><input size=\"40\" maxlength=\"400\" class=\"wpcf7-form-control wpcf7-email wpcf7-validates-as-required wpcf7-text wpcf7-validates-as-email form-control\" aria-required=\"true\" aria-invalid=\"false\" placeholder=\"Su correo electr\u00f3nico *\" value=\"\" type=\"email\" name=\"contact-email\" \/><\/span>\n\t<\/p>\n<\/div>\n<div class=\"form-group\">\n\t<p><span class=\"wpcf7-form-control-wrap\" data-name=\"contact-message\"><textarea cols=\"40\" rows=\"10\" maxlength=\"2000\" class=\"wpcf7-form-control wpcf7-textarea wpcf7-validates-as-required form-control\" aria-required=\"true\" aria-invalid=\"false\" placeholder=\"Su mensaje *\" name=\"contact-message\"><\/textarea><\/span>\n\t<\/p>\n<\/div>\n<p><span class=\"wpcf7-form-control-wrap\" data-name=\"checkbox-262\"><span class=\"wpcf7-form-control wpcf7-checkbox wpcf7-validates-as-required\"><span class=\"wpcf7-list-item first last\"><input type=\"checkbox\" name=\"checkbox-262[]\" value=\"He le\u00eddo y acepto las condiciones del servicio\" \/><span class=\"wpcf7-list-item-label\">He le\u00eddo y acepto las condiciones del servicio<\/span><\/span><\/span><\/span><br \/>\n<input class=\"wpcf7-form-control wpcf7-submit has-spinner btn btn-lg btn-default btn-dark center-block gtm-contact-form-submit\" type=\"submit\" value=\"Enviar\" \/>\n<\/p><p style=\"display: none !important;\" class=\"akismet-fields-container\" data-prefix=\"_wpcf7_ak_\"><label>&#916;<textarea name=\"_wpcf7_ak_hp_textarea\" cols=\"45\" rows=\"8\" maxlength=\"100\"><\/textarea><\/label><input type=\"hidden\" id=\"ak_js_1\" name=\"_wpcf7_ak_js\" value=\"85\"\/><script type=\"text\/javascript\">\n\/* <![CDATA[ *\/\ndocument.getElementById( \"ak_js_1\" ).setAttribute( \"value\", ( new Date() ).getTime() );\n\/* ]]> *\/\n<\/script>\n<\/p><div class=\"wpcf7-response-output\" aria-hidden=\"true\"><\/div>\n<\/form>\n<\/div>\n\n<p style=\"text-align: center;\">\u00bfTiene su sede en Par\u00eds, Lyon, Burdeos, Marsella, Lille, Nantes, Toulouse, Niza o Estrasburgo?<br \/>\nNuestra agencia se encarga de su expediente est\u00e9 donde est\u00e9.<\/p>\n","protected":false},"excerpt":{"rendered":"<p>\u00bfPreocupado por la seguridad de su negocio y su sitio web? Los servicios de ciberseguridad de Alioze est\u00e1n dise\u00f1ados para minimizar cualquier riesgo de p\u00e9rdida, interrupci\u00f3n o da\u00f1o a la reputaci\u00f3n de su empresa que pueda resultar de la vulnerabilidad de su sitio web o servicio de correo electr\u00f3nico. &nbsp; &nbsp; Empresas de todos los [&hellip;]<\/p>\n","protected":false},"author":6,"featured_media":0,"parent":0,"menu_order":0,"comment_status":"closed","ping_status":"closed","template":"page-no-title.php","meta":{"_acf_changed":false,"footnotes":""},"class_list":["post-18952","page","type-page","status-publish","hentry"],"acf":[],"aioseo_notices":[],"amp_enabled":false,"_links":{"self":[{"href":"https:\/\/www.alioze.com\/es\/wp-json\/wp\/v2\/pages\/18952","targetHints":{"allow":["GET"]}}],"collection":[{"href":"https:\/\/www.alioze.com\/es\/wp-json\/wp\/v2\/pages"}],"about":[{"href":"https:\/\/www.alioze.com\/es\/wp-json\/wp\/v2\/types\/page"}],"author":[{"embeddable":true,"href":"https:\/\/www.alioze.com\/es\/wp-json\/wp\/v2\/users\/6"}],"replies":[{"embeddable":true,"href":"https:\/\/www.alioze.com\/es\/wp-json\/wp\/v2\/comments?post=18952"}],"version-history":[{"count":5,"href":"https:\/\/www.alioze.com\/es\/wp-json\/wp\/v2\/pages\/18952\/revisions"}],"predecessor-version":[{"id":19731,"href":"https:\/\/www.alioze.com\/es\/wp-json\/wp\/v2\/pages\/18952\/revisions\/19731"}],"wp:attachment":[{"href":"https:\/\/www.alioze.com\/es\/wp-json\/wp\/v2\/media?parent=18952"}],"curies":[{"name":"wp","href":"https:\/\/api.w.org\/{rel}","templated":true}]}}