{"id":28301,"date":"2021-12-29T18:18:10","date_gmt":"2021-12-29T17:18:10","guid":{"rendered":"https:\/\/www.alioze.com\/?page_id=28301"},"modified":"2022-06-20T09:23:38","modified_gmt":"2022-06-20T08:23:38","slug":"home-aliozeadrienf","status":"publish","type":"page","link":"https:\/\/www.alioze.com\/de\/","title":{"rendered":"Home"},"content":{"rendered":"<p><!-- ######################################################################################################################## Introduction --><\/p>\n<section id=\"home-introduction\" class=\"home-section\">\n<div class=\"container\">\n<div class=\"row\">\n<div class=\"col-xs-12 col-md-10 col-md-offset-1\">\n<h1>Agentur f\u00fcr Kommunikation<br \/>\n&amp; Webproduktion<\/h1>\n<div>Wir sind Alioze. Agentur f\u00fcr globale Kommunikation &amp; digitales Marketing, <a href=\"https:\/\/www.alioze.com\/de\/social-media\/\" target=\"_blank\" rel=\"noopener\">Social Media<\/a>, <a href=\"https:\/\/www.alioze.com\/de\/magento\/\" target=\"_blank\" rel=\"noopener\">E-Commerce<\/a>, <a href=\"https:\/\/www.alioze.com\/de\/werbe-agentur\/\" target=\"_blank\" rel=\"noopener\">Werbung<\/a>, Community Development, Social &amp; Live Commerce, <a href=\"https:\/\/www.alioze.com\/de\/nft-agentur\/\" target=\"_blank\" rel=\"noopener\">Nft<\/a>, <a href=\"https:\/\/www.alioze.com\/de\/seo\/\" target=\"_blank\" rel=\"noopener\">Suchmaschinenoptimierung<\/a>, <a href=\"https:\/\/www.alioze.com\/de\/video-motion-design-agentur\/\" target=\"_blank\" rel=\"noopener\">Videoproduktion<\/a> &amp; <a href=\"https:\/\/www.alioze.com\/de\/schreiben\/\" target=\"_blank\" rel=\"noopener\">Inhalte<\/a>, <a href=\"https:\/\/www.alioze.com\/de\/medienarbeit\/\" target=\"_blank\" rel=\"noopener\">ma\u00dfgeschneiderte Pressearbeit<\/a> f\u00fcr Ihre Marke in Frankreich und im Ausland.<\/div>\n<div>The best stories are yet to come<\/div>\n<\/div>\n<\/div>\n<\/div>\n<\/section>\n<p><!-- ######################################################################################################################## Strengths --><\/p>\n<section id=\"home-strengths\" class=\"home-section\">\n<div class=\"container-fluid\">\n<div class=\"row\">\n<div class=\"col-xs-12 col-sm-4 skilblock skill-com\">\n<div class=\"title\">\n<div class=\"icon-com\"><img decoding=\"async\" data-src=\"https:\/\/www.alioze.com\/wp-content\/themes\/alioze2016\/img\/alioze-agence-communication.png\" src=\"data:image\/svg+xml;base64,PHN2ZyB3aWR0aD0iMSIgaGVpZ2h0PSIxIiB4bWxucz0iaHR0cDovL3d3dy53My5vcmcvMjAwMC9zdmciPjwvc3ZnPg==\" class=\"lazyload\" style=\"--smush-placeholder-width: 90px; --smush-placeholder-aspect-ratio: 90\/74;\" \/><\/div>\n<h2>Kommunikation<\/h2>\n<\/div>\n<p><a href=\"https:\/\/www.alioze.com\/de\/kommunikation\" class=\"btn btn-large btn-default\">Verf\u00fchren<\/a><\/p>\n<div class=\"skillbg\"><\/div>\n<p>&nbsp;<\/p>\n<\/div>\n<div class=\"col-xs-12 col-sm-4 skilblock skill-prod\">\n<div class=\"title\">\n<div class=\"icon-prod\"><img decoding=\"async\" data-src=\"https:\/\/www.alioze.com\/wp-content\/themes\/alioze2016\/img\/alioze-agence-magento.png\" src=\"data:image\/svg+xml;base64,PHN2ZyB3aWR0aD0iMSIgaGVpZ2h0PSIxIiB4bWxucz0iaHR0cDovL3d3dy53My5vcmcvMjAwMC9zdmciPjwvc3ZnPg==\" class=\"lazyload\" style=\"--smush-placeholder-width: 90px; --smush-placeholder-aspect-ratio: 90\/74;\" \/><\/div>\n<h2>Web-Produktion<\/h2>\n<\/div>\n<p><a href=\"https:\/\/www.alioze.com\/de\/entwicklung\" class=\"btn btn-large btn-default\">Bauen<\/a><\/p>\n<div class=\"skillbg\"><\/div>\n<p>&nbsp;<\/p>\n<\/div>\n<div class=\"col-xs-12 col-sm-4 skilblock skill-strat\">\n<div class=\"title\">\n<div class=\"icon-strat\"><img decoding=\"async\" data-src=\"https:\/\/www.alioze.com\/wp-content\/themes\/alioze2016\/img\/alioze-agence-refencement.png\" src=\"data:image\/svg+xml;base64,PHN2ZyB3aWR0aD0iMSIgaGVpZ2h0PSIxIiB4bWxucz0iaHR0cDovL3d3dy53My5vcmcvMjAwMC9zdmciPjwvc3ZnPg==\" class=\"lazyload\" style=\"--smush-placeholder-width: 90px; --smush-placeholder-aspect-ratio: 90\/74;\" \/><\/div>\n<h2>Erwerb<\/h2>\n<\/div>\n<p><a href=\"https:\/\/www.alioze.com\/de\/kunden\" class=\"btn btn-large btn-default\">Erobern Sie<\/a><\/p>\n<div class=\"skillbg\"><\/div>\n<p>&nbsp;<\/p>\n<\/div>\n<\/div>\n<\/div>\n<\/section>\n<p><!-- ######################################################################################################################## Team --><\/p>\n<section id=\"home-team\" class=\"home-section\">\n<div class=\"container-fluid\">\n<div class=\"row\">\n<div class=\"col-xs-12\"><a href=\"https:\/\/www.alioze.com\/team\"><br \/>\n<img decoding=\"async\" class=\"img-responsive center-block lazyload\" title=\"D\u00e9veloppeur - sp\u00e9cialistes - Magento\" data-src=\"https:\/\/www.alioze.com\/wp-content\/themes\/alioze2016\/img\/alioze-team-experts-magento.png\" alt=\"D\u00e9veloppeur - sp\u00e9cialistes - Magento\" src=\"data:image\/svg+xml;base64,PHN2ZyB3aWR0aD0iMSIgaGVpZ2h0PSIxIiB4bWxucz0iaHR0cDovL3d3dy53My5vcmcvMjAwMC9zdmciPjwvc3ZnPg==\" style=\"--smush-placeholder-width: 678px; --smush-placeholder-aspect-ratio: 678\/184;\" \/><br \/>\n<\/a><\/p>\n<h2><a href=\"https:\/\/www.alioze.com\/de\/team\" target=\"_blank\" rel=\"noopener\">Alioze: ein Team von Beratern, die Experten f\u00fcr Kommunikation, Webentwicklung &amp; digitales Marketing sind<\/a><\/h2>\n<\/div>\n<\/div>\n<\/div>\n<\/section>\n<p><!-- ######################################################################################################################## Contact --><\/p>\n<section id=\"home-contact\" class=\"home-section\">\n<div class=\"container-fluid\">\n<div class=\"row\">\n<div id=\"contactblock\" class=\"col-xs-12\">\n<div class=\"container\">\n<div class=\"row\">\n<div class=\"col-xs-12\">\n<div class=\"losange-content\">\n<p>&nbsp;<\/p>\n<div class=\"losange\"><\/div>\n<\/div>\n<h2>Kontakt<\/h2>\n<p>&nbsp;<\/p>\n<div class=\"contact-block\">Sie m\u00f6chten sich mit einer wirkungsvollen Kommunikationskampagne ausstatten, Ihr Image im Internet ver\u00e4ndern, Ihre Pressearbeit versch\u00f6nern, eine einzigartige Schaufenster- oder E-Commerce-Website entwickeln? Unser Team wird Ihnen helfen, ein Projekt zu entwickeln, das Ihrem Image entspricht &#8211; sublimiert.<\/div>\n<div class=\"buttoncontact\"><a class=\"btn btn-lg btn-default\" href=\"https:\/\/www.alioze.com\/de\/kontakt\/\">hello@alioze.com<\/a><\/div>\n<\/div>\n<\/div>\n<\/div>\n<\/div>\n<\/div>\n<\/div>\n<\/section>\n<p>&nbsp;<\/p>\n<h2>Einige unserer Referenzen<\/h2>\n<p>&nbsp;<\/p>\n<div class=\"text-center\"><img decoding=\"async\" class=\"img-client\" src=\"https:\/\/www.alioze.com\/wp-content\/uploads\/2020\/05\/agence-web-lvmh-2.png\" alt=\"agence communication lvmh\" width=\"200\" height=\"105\" \/><img decoding=\"async\" class=\"img-client\" src=\"https:\/\/www.alioze.com\/wp-content\/uploads\/2021\/12\/agence-communication-merck.png\" alt=\"agence communication merck\" width=\"200\" height=\"105\" \/><img decoding=\"async\" class=\"img-client\" src=\"https:\/\/www.alioze.com\/wp-content\/uploads\/2021\/05\/agence-communication-paradis-latin.png\" alt=\"agence communication paradis latin\" width=\"200\" height=\"105\" \/><img decoding=\"async\" class=\"img-client\" src=\"https:\/\/www.alioze.com\/wp-content\/uploads\/2019\/07\/agence-web-de-dior-2.png\" alt=\"agence web dior\" width=\"200\" height=\"105\" \/><img decoding=\"async\" class=\"img-client\" src=\"https:\/\/www.alioze.com\/wp-content\/uploads\/2021\/12\/agence-communication-british-council.png\" alt=\"agence communication british council\" width=\"200\" height=\"105\" \/><img decoding=\"async\" class=\"img-client\" src=\"https:\/\/www.alioze.com\/wp-content\/uploads\/2018\/05\/agence-web-petrossian.jpg\" alt=\"Agence web de Pretrossian\" width=\"200\" height=\"105\" \/><img decoding=\"async\" class=\"img-client\" src=\"https:\/\/www.alioze.com\/wp-content\/uploads\/2021\/05\/agence-communication-apf-entreprises.png\" alt=\"agence communication apf entreprises\" width=\"200\" height=\"105\" \/><img decoding=\"async\" class=\"img-client\" src=\"https:\/\/www.alioze.com\/wp-content\/uploads\/2016\/02\/agence-web-de-svr.png\" alt=\"\" width=\"200\" height=\"105\" \/><img decoding=\"async\" class=\"img-client\" src=\"https:\/\/www.alioze.com\/wp-content\/uploads\/2021\/07\/agence-communication-dassault-systemes.png\" alt=\"agence communication dassault systemes\" width=\"200\" height=\"105\" \/><img decoding=\"async\" class=\"img-client\" src=\"https:\/\/www.alioze.com\/wp-content\/uploads\/2020\/09\/agence-communication-roquette.png\" alt=\"agence communication roquette\" width=\"200\" height=\"105\" \/><img decoding=\"async\" class=\"img-client\" src=\"https:\/\/www.alioze.com\/wp-content\/uploads\/2016\/11\/agence-web-de-banana-moon.png\" alt=\"\" width=\"200\" height=\"105\" \/><img decoding=\"async\" class=\"img-client\" src=\"https:\/\/www.alioze.com\/wp-content\/uploads\/2021\/05\/agence-communication-jurlique.png\" alt=\"agence communication jurlique\" width=\"200\" height=\"105\" \/><img decoding=\"async\" class=\"img-client\" src=\"https:\/\/www.alioze.com\/wp-content\/uploads\/2021\/12\/agence-communication-louis-julian.png\" alt=\"agence communication bijouterie louis julian\" width=\"200\" height=\"105\" \/><img decoding=\"async\" class=\"img-client\" src=\"https:\/\/www.alioze.com\/wp-content\/uploads\/2017\/05\/agence-web-isocell-nutra.png\" alt=\"agence web isocell nutra\" width=\"200\" height=\"105\" \/><img decoding=\"async\" class=\"img-client\" src=\"https:\/\/www.alioze.com\/wp-content\/uploads\/2018\/03\/agence-web-fpi.png\" alt=\"Agence web de la f\u00e9d\u00e9ration des promoteurs immobiliers\" width=\"200\" height=\"105\" \/><img decoding=\"async\" class=\"img-client\" src=\"https:\/\/www.alioze.com\/wp-content\/uploads\/2016\/02\/agence-web-de-dunlop.png\" alt=\"\" width=\"200\" height=\"105\" \/><img decoding=\"async\" class=\"img-client\" src=\"https:\/\/www.alioze.com\/wp-content\/uploads\/2020\/08\/agence-web-air-liquide.png\" alt=\"agence web air liquide\" width=\"200\" height=\"105\" \/><img decoding=\"async\" class=\"img-client\" src=\"https:\/\/www.alioze.com\/wp-content\/uploads\/2016\/02\/agence-web-de-empire-des-thes.png\" alt=\"\" width=\"200\" height=\"105\" \/><img decoding=\"async\" class=\"img-client\" src=\"https:\/\/www.alioze.com\/wp-content\/uploads\/2021\/12\/agence-communication-internationale.png\" alt=\"agence communication internationale\" width=\"200\" height=\"105\" \/><img decoding=\"async\" class=\"img-client\" src=\"https:\/\/www.alioze.com\/wp-content\/uploads\/2020\/03\/agence-web-cattier.png\" alt=\"agence communication cattier\" width=\"200\" height=\"105\" \/><img decoding=\"async\" class=\"img-client\" src=\"https:\/\/www.alioze.com\/wp-content\/uploads\/2019\/04\/agence-web-axio-avocat.png\" alt=\"agence web axio avocat\" width=\"200\" height=\"105\" \/><img decoding=\"async\" class=\"img-client\" src=\"https:\/\/www.alioze.com\/wp-content\/uploads\/2021\/12\/agence-communication-gameloft.png\" alt=\"agence communication gameloft\" width=\"200\" height=\"105\" \/><img decoding=\"async\" class=\"img-client\" src=\"https:\/\/www.alioze.com\/wp-content\/uploads\/2018\/04\/agence-web-les-fleurs-de-nicolas.png\" alt=\"Agence web Les Fleurs de Nicolas\" width=\"200\" height=\"105\" \/><img decoding=\"async\" class=\"img-client\" src=\"https:\/\/www.alioze.com\/wp-content\/uploads\/2016\/02\/agence-web-de-goodyear.png\" alt=\"\" width=\"200\" height=\"105\" \/><img decoding=\"async\" class=\"img-client\" src=\"https:\/\/www.alioze.com\/wp-content\/uploads\/2016\/02\/agence-web-de-filorga.png\" alt=\"\" width=\"200\" height=\"105\" \/><img decoding=\"async\" class=\"img-client\" src=\"https:\/\/www.alioze.com\/wp-content\/uploads\/2021\/01\/agence-communication-open-sky-international.png\" alt=\"agence communication open sky international\" width=\"200\" height=\"105\" \/><img decoding=\"async\" class=\"img-client\" src=\"https:\/\/www.alioze.com\/wp-content\/uploads\/2016\/02\/agence-web-de-kenzo-kids.png\" alt=\"\" width=\"200\" height=\"105\" \/><img decoding=\"async\" class=\"img-client\" src=\"https:\/\/www.alioze.com\/wp-content\/uploads\/2017\/07\/agence-web-images-du-monde.png\" alt=\"Agence web Images du Monde\" width=\"200\" height=\"105\" \/><img decoding=\"async\" class=\"img-client\" src=\"https:\/\/www.alioze.com\/wp-content\/uploads\/2016\/02\/agence-web-de-itecom-art-design.png\" alt=\"\" width=\"200\" height=\"105\" \/><img decoding=\"async\" class=\"img-client\" src=\"https:\/\/www.alioze.com\/wp-content\/uploads\/2016\/02\/agence-web-de-vetostore.png\" alt=\"\" width=\"200\" height=\"105\" \/><img decoding=\"async\" class=\"img-client\" src=\"https:\/\/www.alioze.com\/wp-content\/uploads\/2021\/07\/agence-communication-straumann.png\" alt=\"agence communication straumann\" width=\"200\" height=\"105\" \/><img decoding=\"async\" class=\"img-client\" src=\"https:\/\/www.alioze.com\/wp-content\/uploads\/2019\/04\/agence-web-altavia.png\" alt=\"agence web altavia\" width=\"200\" height=\"105\" \/><img decoding=\"async\" class=\"img-client\" src=\"https:\/\/www.alioze.com\/wp-content\/uploads\/2021\/07\/agence-communication-createur-mode.png\" alt=\"agence web Ziliox\" width=\"200\" height=\"105\" \/><img decoding=\"async\" class=\"img-client\" src=\"https:\/\/www.alioze.com\/wp-content\/uploads\/2021\/07\/agence-communication-ellozze.jpg\" alt=\"agence web ellozze\" width=\"200\" height=\"105\" \/><img decoding=\"async\" class=\"img-client\" src=\"https:\/\/www.alioze.com\/wp-content\/uploads\/2021\/05\/agence-communication-nume-lab.png\" alt=\"agence web nume lab\" width=\"200\" height=\"105\" \/><\/div>\n<div class=\"buttoncontact\">\n<div class=\"text-center\"><a class=\"btn btn-lg btn-default\" href=\"https:\/\/www.alioze.com\/de\/kunden\/\" target=\"_blank\" rel=\"noopener\">Alle unsere Kunden<\/a><\/div>\n<\/div>\n<p><!-- ######################################################################################################################## Blog --><\/p>\n<section id=\"home-blog\" class=\"home-section\">\n<div class=\"container-fluid\">\n<div class=\"row\">\n\t\t<div class=\"container\" id=\"allnews\"><h2>Alioze &amp; der Rest der Welt<\/h2>\n\t\t\t\t<div class=\"row\">\n\n\t\t\t\t\t<div class=\"col-xs-12 col-md-6 \">\n\t\t\t\t\t\t<div class=\"onenews bignews\">\n\t\t\t\t\t\t\t<div class=\"newsimg-thumb \"><a href=\"https:\/\/www.alioze.com\/de\/seo-ctr-organisch\" ><\/a><\/div>\n\t\t\t\t\t\t\t<div class=\"newstext\">\n\t\t\t\t\t\t\t\t<h3><a href=\"https:\/\/www.alioze.com\/de\/seo-ctr-organisch\" >11 narrensichere SEO-Tipps zur Verbesserung Ihrer organischen CTR<\/a><\/h3>\n\t\t\t\t\t\t\t\t<p>W\u00e4hrend CTR und AdWords-Anzeigenranking eng miteinander verkn\u00fcpft sind, ist die Bedeutung der organischen CTR im Jahr 2017 in der SEO-Community immer noch nicht einhellig anerkannt.\r\n\r\nDie...<\/p>\n\t\t\t\t\t\t\t\t<a href=\"https:\/\/www.alioze.com\/de\/seo-ctr-organisch\" class=\"newsmore\">&lt;lire l\u2019article&gt;<\/a>\n\t\t\t\t\t\t\t<\/div>\n\t\t\t\t\t\t<\/div>\n\t\t\t\t\t<\/div>\n\t\t\t\t\n\t\t\t\t\t<div class=\"col-xs-12 col-md-6 \">\n\t\t\t\t\t\t<div class=\"row \">\n\n\t\t\t\t\t\t\t<div class=\"col-xs-12\">\n\t\t\t\t\t\t\t\t<div class=\"onenews smallnews\">\n\t\t\t\t\t\t\t\t\t<div class=\"row \">\n\n\t\t\t\t\t\t\t\t\t\t<div class=\"newsimg-thumb \"><a href=\"https:\/\/www.alioze.com\/de\/https\" ><\/a><\/div>\n\t\t\t\t\t\t\t\t\t\t<div class=\"col-xs-12 col-md-7 col-md-offset-5\">\n\t\t\t\t\t\t\t\t\t\t\t<div class=\"newstext\">\n\t\t\t\t\t\t\t\t\t\t\t\t<h3><a href=\"https:\/\/www.alioze.com\/de\/https\" >Sichere https-Website: gr\u00fcnes Vorh\u00e4ngeschloss, EV SSL-Zertifikat... wie funktioniert...<\/a><\/h3>\n\t\t\t\t\t\t\t\t\t\t\t\t<p>Ein Blick auf die von der Kommission \u00fcbermittelten Zahlen Fevad\r\nEs versteht sich von...<\/p>\n\t\t\t\t\t\t\t\t\t\t\t\t<a href=\"https:\/\/www.alioze.com\/de\/https\" class=\"newsmore\">&lt;lire l\u2019article&gt;<\/a>\n\t\t\t\t\t\t\t\t\t\t\t<\/div>\n\t\t\t\t\t\t\t\t\t\t<\/div>\n\n\t\t\t\t\t\t\t\t\t<\/div>\n\t\t\t\t\t\t\t\t<\/div>\n\t\t\t\t\t\t\t<\/div>\n\t\t\t\t\n\t\t\t\t\t\t\t<div class=\"col-xs-12\">\n\t\t\t\t\t\t\t\t<div class=\"onenews smallnews \">\n\t\t\t\t\t\t\t\t\t<div class=\"row \">\n\n\t\t\t\t\t\t\t\t\t\t<div class=\"newsimg-thumb \"><a href=\"https:\/\/www.alioze.com\/de\/spam\/\" ><\/a><\/div>\n\t\t\t\t\t\t\t\t\t\t<div class=\"col-xs-12 col-md-7 col-md-offset-5\">\n\t\t\t\t\t\t\t\t\t\t\t<div class=\"newstext\">\n\t\t\t\t\t\t\t\t\t\t\t\t<h3><a href=\"https:\/\/www.alioze.com\/de\/spam\/\" >Wie kann man seine Website vor Spam sch\u00fctzen?<\/a><\/h3>\n\t\t\t\t\t\t\t\t\t\t\t\t<p>Als Betreiber einer Website oder einer E-Commerce-Site haben Sie wahrscheinlich schon...<\/p>\n\t\t\t\t\t\t\t\t\t\t\t\t<a href=\"https:\/\/www.alioze.com\/de\/spam\/\" class=\"newsmore\">&lt;lire l\u2019article&gt;<\/a>\n\t\t\t\t\t\t\t\t\t\t\t<\/div>\n\t\t\t\t\t\t\t\t\t\t<\/div>\n\n\t\t\t\t\t\t\t\t\t<\/div>\n\t\t\t\t\t\t\t\t<\/div>\n\t\t\t\t\t\t\t<\/div>\n\n\t\t\t\t\t\t<\/div>\n\t\t\t\t\t<\/div>\n\n\n\t\t\t\t\t<\/div>\n\t\t\t\t\n\t\t\t\t\t\t<div class=\"row \">\n\t\t\t\t\t\t\t<div class=\"col-xs-12 text-center\">\n\t\t\t\t\t\t\t\t<a href=\"https:\/\/www.alioze.com\/de\/blog\/\" class=\"btn btn-lg btn-default btn-dark\">zum Blog gehen<\/a>\n\t\t\t\t\t\t\t<\/div>\n\t\t\t\t\t\t<\/div><\/div><\/div>\n<\/div>\n<\/section>\n","protected":false},"excerpt":{"rendered":"<p>Agentur f\u00fcr Kommunikation &amp; Webproduktion Wir sind Alioze. Agentur f\u00fcr globale Kommunikation &amp; digitales Marketing, Social Media, E-Commerce, Werbung, Community Development, Social &amp; Live Commerce, Nft, Suchmaschinenoptimierung, Videoproduktion &amp; Inhalte, ma\u00dfgeschneiderte Pressearbeit f\u00fcr Ihre Marke in Frankreich und im Ausland. The best stories are yet to come Kommunikation Verf\u00fchren &nbsp; Web-Produktion Bauen &nbsp; Erwerb Erobern [&hellip;]<\/p>\n","protected":false},"author":1,"featured_media":0,"parent":0,"menu_order":0,"comment_status":"closed","ping_status":"closed","template":"page-home-v2.php","meta":{"_acf_changed":false,"footnotes":""},"class_list":["post-28301","page","type-page","status-publish","hentry"],"acf":[],"aioseo_notices":[],"amp_enabled":false,"_links":{"self":[{"href":"https:\/\/www.alioze.com\/de\/wp-json\/wp\/v2\/pages\/28301","targetHints":{"allow":["GET"]}}],"collection":[{"href":"https:\/\/www.alioze.com\/de\/wp-json\/wp\/v2\/pages"}],"about":[{"href":"https:\/\/www.alioze.com\/de\/wp-json\/wp\/v2\/types\/page"}],"author":[{"embeddable":true,"href":"https:\/\/www.alioze.com\/de\/wp-json\/wp\/v2\/users\/1"}],"replies":[{"embeddable":true,"href":"https:\/\/www.alioze.com\/de\/wp-json\/wp\/v2\/comments?post=28301"}],"version-history":[{"count":6,"href":"https:\/\/www.alioze.com\/de\/wp-json\/wp\/v2\/pages\/28301\/revisions"}],"predecessor-version":[{"id":28617,"href":"https:\/\/www.alioze.com\/de\/wp-json\/wp\/v2\/pages\/28301\/revisions\/28617"}],"wp:attachment":[{"href":"https:\/\/www.alioze.com\/de\/wp-json\/wp\/v2\/media?parent=28301"}],"curies":[{"name":"wp","href":"https:\/\/api.w.org\/{rel}","templated":true}]}}