{"id":21702,"date":"2021-07-08T15:01:11","date_gmt":"2021-07-08T14:01:11","guid":{"rendered":"https:\/\/www.alioze.com\/edouard-duban\/"},"modified":"2021-07-08T15:01:11","modified_gmt":"2021-07-08T14:01:11","slug":"edouard-duban","status":"publish","type":"page","link":"https:\/\/www.alioze.com\/de\/edouard-duban\/","title":{"rendered":"Wer ist Edouard Duban?"},"content":{"rendered":"<p><strong>Edouard Duban<\/strong> wurde in einer kleinen Stadt im Norden Frankreichs namens Paris geboren, am 5. Januar 1985, seinem Geburtstag!<br \/>\nSeit seiner Jugend begeistert er sich f\u00fcr das Unternehmertum und gr\u00fcndete im Alter von 18 Jahren sein erstes Unternehmen. Leidenschaftlich im Umgang mit Kunden und leicht zu verstehen, entschied er sich nach dem Abitur nat\u00fcrlich f\u00fcr ein Wirtschaftsstudium.<\/p>\n<p>An der ESSEC &#8211; Global BBA passt er nicht wirklich hinein und erkennt sich in traditionellen Marketingans\u00e4tzen nicht wieder, in einer Welt, in der bald Facebook, LinkedIn und Twitter auftauchen werden.<\/p>\n<p>Auf der Suche nach einem strategischen Bereich f\u00fcr den Berufseinstieg machte er seine ersten Schritte im Web als Community Manager in einem Start-up. Dann begann er, sein Know-how, sein Netzwerk und seinen einzigartigen Ansatz rund um Communities und die aufkommenden sozialen Medien zu schmieden.<\/p>\n<p>Es ist dieser Start-up-Geist &#8211; die Wertsch\u00e4tzung der F\u00e4higkeiten jedes Einzelnen, das Streben nach permanenter Innovation, die F\u00f6rderung von Kreativit\u00e4t, Reaktivit\u00e4t und Teamgeist, die auf das gleiche Ziel ausgerichtet sind: den Erfolg -, der Edouard Duban gedeihen und sich als Marktf\u00fchrer behaupten l\u00e4sst.<\/p>\n<p>Schnell entdeckte er das Werbenetzwerk des Suchmaschinenriesen und wurde f\u00fcr <strong>Google Ads zertifiziert<\/strong>. An diesem Punkt versteht er die Bedeutung der Semantik und die gesamte Dimension, die sie in einer erfolgreichen digitalen Strategie einnehmen muss. Als Erweiterung seiner Arbeit an Google Ads wurde er <strong>Experte f\u00fcr nat\u00fcrliche Referenzierung<\/strong>, ein v\u00f6llig anderes Gebiet, auf dem er viele Techniken erforschte.<\/p>\n<h2>Eine strategische Vision und Ambition f\u00fcr alle<\/h2>\n<p>Edouard Duban ist \u00fcberzeugt, dass alle Unternehmen, unabh\u00e4ngig von ihrer Gr\u00f6\u00dfe, im Internet erfolgreich sein k\u00f6nnen:<\/p>\n<ul>\n<li>KMUs haben flexible Strukturen, die es ihnen erlauben, ihre Strategie schnell anzupassen.<\/li>\n<li>Die gr\u00f6\u00dferen MEs und Gruppen haben mehr Ressourcen zur Verf\u00fcgung.<\/li>\n<\/ul>\n<p>So schl\u00e4gt Edouard Duban seine Vision vor, immer auf der Suche nach konkreten Verbesserungspunkten f\u00fcr seine Kunden, sowohl in Bezug auf ihre Kommunikation als auch auf die Umsetzung ihrer digitalen Strategie.<\/p>\n<p>Nach einem Start, der sich auf <strong>Training und Referenzierung<\/strong> konzentrierte, wandte er sich fortschrittlicheren technischen L\u00f6sungen zu, um die E-Commerce- und Mobile-Strategie von traditionellen Marken oder Pure Playern umzusetzen. Er verteidigt die Interessen von Marken und Einzelh\u00e4ndlern, in B to C und B to B, um die Akquisitionskan\u00e4le zu optimieren und jedem eine respektvolle und angepasste Strategie zu bieten.<\/p>\n<h2>Edouard Duban: der Gr\u00fcnder hinter Alioze<\/h2>\n<h3 style=\"text-align: center;\">5 Termine: 5 Highlights<\/h3>\n<p><strong>2008<\/strong> &#8211; <strong>Gr\u00fcndung von Alioze: <\/strong>Kommunikationsagentur, die sich auf die Erstellung von E-Commerce-Websites unter Magento spezialisiert hat und als Schulungsunternehmen zugelassen ist, um Unternehmen bei ihrer <a href=\"https:\/\/www.alioze.com\/transformation-digitale\">digitalen Transformation<\/a> zu helfen. Er entwickelte schnell innovative L\u00f6sungen f\u00fcr kleine Unternehmen, Handwerker und Ladenbesitzer, um ihnen zu helfen, sich zu positionieren.<\/p>\n<p><strong>2012<\/strong> &#8211; <strong>Aufstieg an die Macht: <\/strong>Edouard Duban unterschreibt bei Goodyear Dunlop f\u00fcr eine Display-Kampagne und einen sehr operativen Einsatz, f\u00fcr den er von allen internen Teams begl\u00fcckw\u00fcnscht wird. Seine Vision ist die eines Moderators, der auch konkret zu handeln wei\u00df, um alle Situationen zu l\u00f6sen, von der E-Reputation \u00fcber das Design bis zur Technologie.<\/p>\n<p>Seine St\u00e4rke ist es, sich mit ultraspezialisierten Profilen zu umgeben und um die Superkr\u00e4fte eines jeden zu gravitieren, um eine globale Vision f\u00fcr die Akten seiner Kunden zu haben. Es dr\u00e4ngt Alioze in eine starke Richtung, zwischen Rentabilit\u00e4t und operativer Flexibilit\u00e4t. Er versucht stets, die neuesten Innovationen und Techniken mit dem Blick auf die Bed\u00fcrfnisse seiner Kunden in Einklang zu bringen.<\/p>\n<p><strong>2013<\/strong> &#8211; <strong>\u00dcbernahme einer f\u00fchrenden Position bei Google<\/strong>: zu Magento-E-Commerce-Unternehmen. Nach mehreren Jahren der Optimierungen und der Demonstration von Know-how f\u00fcr seine Kunden, zu einer Zeit, in der Prestashop tendenziell die meistgenutzte L\u00f6sung in Frankreich ist, beschlie\u00dft Edouard Duban, den Markt gegen den Strich zu b\u00fcrsten, und bleibt auf Magento spezialisiert.<\/p>\n<p>Die Seite von Alioze kletterte daraufhin an die Spitze der Suchergebnisse, zu einer Zeit, als der Begriff &#8222;kleiner E-H\u00e4ndler&#8220; noch nicht existierte. Eingehende Spieler wollen ein Maximum an Funktionalit\u00e4t, und die Bereitstellungsmethoden der Agentur erm\u00f6glichen es, hochleistungsf\u00e4hige Sites zu den gleichen Preisen zu liefern wie weniger effiziente technische L\u00f6sungen.<\/p>\n<p><strong>2015<\/strong> &#8211; <strong>Von der Web-Agentur zur globalen Kommunikationsagentur:<\/strong> Die Identit\u00e4t der Agentur entwickelt sich zu der eines exzellenten Generalisten, der einen globalen Ansatz in der Web-Entwicklung und Traffic-Akquisition bietet. So ist Alioze von einer Web-Agentur, die sich auf Technologie konzentriert, zu einer 360\u00b0-Agentur f\u00fcr kreative Kommunikation geworden, die starke historische Berufe integriert. Wo traditionelle Kommunikationsagenturen mit dem \u00dcbergang zur Digitalisierung k\u00e4mpfen, ist Alioze eine verl\u00e4ssliche und kompetente Referenz f\u00fcr die gro\u00dfen Themen, mit denen Unternehmen im 21.<\/p>\n<p><strong>2017<\/strong> &#8211;<strong> \u00dcberschreiten der 1,5-Millionen-Euro-Umsatzmarke:<\/strong> Das Alioze-Team w\u00e4chst weiter, mit hochqualifizierten Profilen, mit denen sich Edouard Duban zu umgeben wei\u00df. Die Ziele sind klar: weiterhin starkes Wachstum und eine bessere Antizipation der Kundenbed\u00fcrfnisse.<\/p>\n<p>Die Eroberung neuer Projekte mit gr\u00f6\u00dferen Dimensionen und neuen Skalierbarkeitsfragen geh\u00f6ren zu den Herausforderungen. Auch die internationale Entwicklung ist ein starkes Thema bei Alioze, mit der Er\u00f6ffnung der ersten Kunden in China und im Nahen Osten.<\/p>\n","protected":false},"excerpt":{"rendered":"<p>Edouard Duban wurde in einer kleinen Stadt im Norden Frankreichs namens Paris geboren, am 5. Januar 1985, seinem Geburtstag! Seit seiner Jugend begeistert er sich f\u00fcr das Unternehmertum und gr\u00fcndete im Alter von 18 Jahren sein erstes Unternehmen. Leidenschaftlich im Umgang mit Kunden und leicht zu verstehen, entschied er sich nach dem Abitur nat\u00fcrlich f\u00fcr [&hellip;]<\/p>\n","protected":false},"author":6,"featured_media":0,"parent":0,"menu_order":0,"comment_status":"closed","ping_status":"closed","template":"","meta":{"_acf_changed":false,"footnotes":""},"class_list":["post-21702","page","type-page","status-publish","hentry"],"acf":[],"aioseo_notices":[],"amp_enabled":true,"_links":{"self":[{"href":"https:\/\/www.alioze.com\/de\/wp-json\/wp\/v2\/pages\/21702","targetHints":{"allow":["GET"]}}],"collection":[{"href":"https:\/\/www.alioze.com\/de\/wp-json\/wp\/v2\/pages"}],"about":[{"href":"https:\/\/www.alioze.com\/de\/wp-json\/wp\/v2\/types\/page"}],"author":[{"embeddable":true,"href":"https:\/\/www.alioze.com\/de\/wp-json\/wp\/v2\/users\/6"}],"replies":[{"embeddable":true,"href":"https:\/\/www.alioze.com\/de\/wp-json\/wp\/v2\/comments?post=21702"}],"version-history":[{"count":1,"href":"https:\/\/www.alioze.com\/de\/wp-json\/wp\/v2\/pages\/21702\/revisions"}],"predecessor-version":[{"id":21744,"href":"https:\/\/www.alioze.com\/de\/wp-json\/wp\/v2\/pages\/21702\/revisions\/21744"}],"wp:attachment":[{"href":"https:\/\/www.alioze.com\/de\/wp-json\/wp\/v2\/media?parent=21702"}],"curies":[{"name":"wp","href":"https:\/\/api.w.org\/{rel}","templated":true}]}}