{"id":21700,"date":"2021-07-08T15:03:05","date_gmt":"2021-07-08T14:03:05","guid":{"rendered":"https:\/\/www.alioze.com\/?page_id=21700"},"modified":"2021-07-08T15:03:05","modified_gmt":"2021-07-08T14:03:05","slug":"rekrutierung","status":"publish","type":"page","link":"https:\/\/www.alioze.com\/de\/rekrutierung\/","title":{"rendered":"Rekrutierung"},"content":{"rendered":"<p>Alioze ist eine spezialisierte Agentur mit hochkompetenten Profilen, die alle \u00fcber validierte, hochwertige Gesch\u00e4ftserfahrung verf\u00fcgen.<\/p>\n<p>Wir suchen derzeit die folgenden Profile:<\/p>\n<p><strong>Magento :<br \/>\n<\/strong><br \/>\n&#8211; Magento Certified Developers &#8211; Minimum 5 Jahre Erfahrung &#8211; (Front-End) CDI oder Free<br \/>\n&#8211; Zertifizierte Magento-Entwickler &#8211; Mindestens 5 Jahre Erfahrung &#8211; (Back-End) CDI oder Free<\/p>\n<p><strong>SEO \/ Adwords :<br \/>\n<\/strong><br \/>\nProfil mit mindestens 5 Jahren Erfahrung &#8211; Festanstellung oder frei<\/p>\n<p>Wir erhalten viele Bewerbungen, und leider k\u00f6nnen wir nicht alle Anfragen beantworten. Wenn Sie auf das von uns gesuchte Profil passen, geben Sie dies bitte deutlich in der Betreffzeile an.<\/p>\n<p>Wir w\u00fcnschen Ihnen viel Erfolg bei Ihrer Suche.<\/p>\n<p>Sie k\u00f6nnen auch die <a href=\"http:\/\/www.recruteo.com\/company\/Alioze\/\" target=\"_blank\" rel=\"noopener\">Alioze<\/a> Seite <a href=\"http:\/\/www.recruteo.com\/company\/Alioze\/\" target=\"_blank\" rel=\"noopener\">auf recruteo<\/a> oder die <a href=\"https:\/\/www.linkedin.com\/company\/alioze\" target=\"_blank\" rel=\"noopener\">Linkedin Alioze<\/a> besuchen<\/p>\n","protected":false},"excerpt":{"rendered":"<p>Alioze ist eine spezialisierte Agentur mit hochkompetenten Profilen, die alle \u00fcber validierte, hochwertige Gesch\u00e4ftserfahrung verf\u00fcgen. Wir suchen derzeit die folgenden Profile: Magento : &#8211; Magento Certified Developers &#8211; Minimum 5 Jahre Erfahrung &#8211; (Front-End) CDI oder Free &#8211; Zertifizierte Magento-Entwickler &#8211; Mindestens 5 Jahre Erfahrung &#8211; (Back-End) CDI oder Free SEO \/ Adwords : Profil [&hellip;]<\/p>\n","protected":false},"author":3,"featured_media":0,"parent":0,"menu_order":0,"comment_status":"closed","ping_status":"closed","template":"","meta":{"_acf_changed":false,"footnotes":""},"class_list":["post-21700","page","type-page","status-publish","hentry"],"acf":[],"aioseo_notices":[],"amp_enabled":true,"_links":{"self":[{"href":"https:\/\/www.alioze.com\/de\/wp-json\/wp\/v2\/pages\/21700","targetHints":{"allow":["GET"]}}],"collection":[{"href":"https:\/\/www.alioze.com\/de\/wp-json\/wp\/v2\/pages"}],"about":[{"href":"https:\/\/www.alioze.com\/de\/wp-json\/wp\/v2\/types\/page"}],"author":[{"embeddable":true,"href":"https:\/\/www.alioze.com\/de\/wp-json\/wp\/v2\/users\/3"}],"replies":[{"embeddable":true,"href":"https:\/\/www.alioze.com\/de\/wp-json\/wp\/v2\/comments?post=21700"}],"version-history":[{"count":1,"href":"https:\/\/www.alioze.com\/de\/wp-json\/wp\/v2\/pages\/21700\/revisions"}],"predecessor-version":[{"id":21746,"href":"https:\/\/www.alioze.com\/de\/wp-json\/wp\/v2\/pages\/21700\/revisions\/21746"}],"wp:attachment":[{"href":"https:\/\/www.alioze.com\/de\/wp-json\/wp\/v2\/media?parent=21700"}],"curies":[{"name":"wp","href":"https:\/\/api.w.org\/{rel}","templated":true}]}}