{"id":21699,"date":"2021-07-08T15:02:28","date_gmt":"2021-07-08T14:02:28","guid":{"rendered":"https:\/\/www.alioze.com\/?page_id=21699"},"modified":"2021-07-08T15:02:28","modified_gmt":"2021-07-08T14:02:28","slug":"vermerke","status":"publish","type":"page","link":"https:\/\/www.alioze.com\/de\/vermerke\/","title":{"rendered":"Rechtlicher Hinweis"},"content":{"rendered":"<h2>Alioze Frankreich<\/h2>\n<p>E-Mail Adresse: <a href=\"mailto:hello@alioze.com\">hello@alioze.com<\/a><br \/>\nAdresse: 15 rue Claude Terrasse, 75016 Paris<br \/>\nTelefon: +33 (0) 1 83 62 21 84<br \/>\nE-Mail: direction@alioze.com<br \/>\nMWST.: FR60502835697<br \/>\nSIRET : 50283569700017<br \/>\nSIRENE : 502835697<br \/>\nGrundkapital : 20.000\u20ac.<br \/>\nManager : Edouard DUBAN<br \/>\nGeburtsdatum : 05\/01\/1985<\/p>\n<p>Der Leiter der Ver\u00f6ffentlichung der Website ist: Herr Edouard Duban<\/p>\n<p>&nbsp;<\/p>\n<p><span style=\"text-decoration: underline;\">Unterkunft<\/span>:<\/p>\n<p>ALWAYSDATA, SARL mit einem Kapital von 5.000 \u20ac, eingetragen im RCS von Paris unter der Nummer 492 893 490, deren Hauptsitz sich in 62 rue Tiquetonne &#8211; 75002 Paris befindet.<\/p>\n<p>&#8212;&#8212;&#8211;<\/p>\n<p>Die Verarbeitung der personenbezogenen Daten, die der Internetnutzer freiwillig auf der Website \u00fcber das Modul &#8222;Kontakt&#8220; angibt, hat zum Ziel, dem Internetnutzer eine schnelle Kontaktaufnahme durch Alioze France zu erm\u00f6glichen.<\/p>\n<p>Der Internetnutzer wird darauf hingewiesen, dass Verbindungsdaten oder Daten, die sich auf das Surfen des Internetnutzers auf der Website beziehen, automatisch von Statistik- und Publikumsmesssoftware erfasst werden (Browsing-Informationen). Diese Informationen werden nur zu statistischen Zwecken und zur internen Optimierung der Website gesammelt.<\/p>\n<p>Der Internetnutzer wird au\u00dferdem dar\u00fcber informiert, dass er gem\u00e4\u00df Artikel 39 und 40 des Gesetzes &#8222;Informatique et Libert\u00e9s&#8220; vom 6. Januar 1978, ge\u00e4ndert durch das Gesetz 2004-801 vom 6. August 2004, das Recht auf Zugang, Berichtigung, \u00c4nderung und L\u00f6schung seiner pers\u00f6nlichen Daten hat.<\/p>\n","protected":false},"excerpt":{"rendered":"<p>Alioze Frankreich E-Mail Adresse: hello@alioze.com Adresse: 15 rue Claude Terrasse, 75016 Paris Telefon: +33 (0) 1 83 62 21 84 E-Mail: direction@alioze.com MWST.: FR60502835697 SIRET : 50283569700017 SIRENE : 502835697 Grundkapital : 20.000\u20ac. Manager : Edouard DUBAN Geburtsdatum : 05\/01\/1985 Der Leiter der Ver\u00f6ffentlichung der Website ist: Herr Edouard Duban &nbsp; Unterkunft: ALWAYSDATA, SARL mit [&hellip;]<\/p>\n","protected":false},"author":3,"featured_media":0,"parent":0,"menu_order":0,"comment_status":"closed","ping_status":"closed","template":"","meta":{"_acf_changed":false,"footnotes":""},"class_list":["post-21699","page","type-page","status-publish","hentry"],"acf":[],"aioseo_notices":[],"amp_enabled":true,"_links":{"self":[{"href":"https:\/\/www.alioze.com\/de\/wp-json\/wp\/v2\/pages\/21699","targetHints":{"allow":["GET"]}}],"collection":[{"href":"https:\/\/www.alioze.com\/de\/wp-json\/wp\/v2\/pages"}],"about":[{"href":"https:\/\/www.alioze.com\/de\/wp-json\/wp\/v2\/types\/page"}],"author":[{"embeddable":true,"href":"https:\/\/www.alioze.com\/de\/wp-json\/wp\/v2\/users\/3"}],"replies":[{"embeddable":true,"href":"https:\/\/www.alioze.com\/de\/wp-json\/wp\/v2\/comments?post=21699"}],"version-history":[{"count":1,"href":"https:\/\/www.alioze.com\/de\/wp-json\/wp\/v2\/pages\/21699\/revisions"}],"predecessor-version":[{"id":21745,"href":"https:\/\/www.alioze.com\/de\/wp-json\/wp\/v2\/pages\/21699\/revisions\/21745"}],"wp:attachment":[{"href":"https:\/\/www.alioze.com\/de\/wp-json\/wp\/v2\/media?parent=21699"}],"curies":[{"name":"wp","href":"https:\/\/api.w.org\/{rel}","templated":true}]}}