{"id":21698,"date":"2021-07-08T10:56:05","date_gmt":"2021-07-08T09:56:05","guid":{"rendered":"https:\/\/www.alioze.com\/unsere-kunden\/"},"modified":"2024-02-23T14:27:37","modified_gmt":"2024-02-23T13:27:37","slug":"unsere-kunden","status":"publish","type":"page","link":"https:\/\/www.alioze.com\/de\/kunden\/","title":{"rendered":"Unsere Kunden"},"content":{"rendered":"<p style=\"text-align: center;\">Seit seiner Gr\u00fcndung im Jahr 2008 hat Alioze mehr als 350 Kunden auf dem Weg zum Erfolg unterst\u00fctzt. Wir sind stolz darauf, zur Entwicklung von Unternehmen jeder Gr\u00f6\u00dfe beigetragen zu haben: Start-ups, KMUs oder b\u00f6rsennotierte Konzerne.<\/p>\n<p style=\"text-align: center;\">Wir pflegen starke, langj\u00e4hrige und privilegierte Beziehungen zu Unternehmern, CEOs, Marketingabteilungen und operativen Teams. Unsere Kunden sind unser Stolz, und ihre Leistung ist der beste Beweis f\u00fcr unser Know-how.<\/p>\n<h2><a href=\"https:\/\/www.alioze.com\/de\/agentur-kommunikation-modus\/\" target=\"_blank\" rel=\"noopener noreferrer\">Modus<\/a>\u00a0&#8211; <a href=\"https:\/\/www.alioze.com\/de\/agentur-kommunikation-schonheit\/\" target=\"_blank\" rel=\"noopener noreferrer\">Sch\u00f6nheit<\/a> &#8211; <a href=\"https:\/\/www.alioze.com\/de\/agentur-kommunikations-luxus\/\" target=\"_blank\" rel=\"noopener noreferrer\">Luxus<\/a> &#8211; <a href=\"https:\/\/www.alioze.com\/de\/agentur-kommunikations-schmuck\/\" target=\"_blank\" rel=\"noopener noreferrer\">Schmuck<\/a> &#8211; <a href=\"https:\/\/www.alioze.com\/agence-communication-horlogerie\/\" target=\"_blank\" rel=\"noopener noreferrer\">Uhren<\/a> &#8211; <a href=\"https:\/\/www.alioze.com\/de\/agentur-kommunikations-kinder\/\" target=\"_blank\" rel=\"noopener noreferrer\">Jugend<\/a><\/h2>\n<div class=\"text-center\"><img decoding=\"async\" class=\"img-client\" src=\"https:\/\/www.alioze.com\/wp-content\/uploads\/2016\/02\/agence-web-de-filorga.png\" alt=\"agence-web-de-filorga\" \/><img decoding=\"async\" class=\"img-client\" src=\"https:\/\/www.alioze.com\/wp-content\/uploads\/2016\/02\/agence-web-de-guerling-paris.png\" alt=\"agence-web-de-guerling-paris\" \/><img decoding=\"async\" class=\"img-client\" src=\"https:\/\/www.alioze.com\/wp-content\/uploads\/2018\/04\/agence-web-mac-douglas.png\" alt=\"agence web mac douglas\" \/><img decoding=\"async\" class=\"img-client\" src=\"https:\/\/www.alioze.com\/wp-content\/uploads\/2018\/05\/agence-web-petrossian.jpg\" alt=\"agence web de petrossian\" \/><img decoding=\"async\" class=\"img-client\" src=\"https:\/\/www.alioze.com\/wp-content\/uploads\/2019\/07\/agence-web-de-dior-2.png\" alt=\"agence web dior\" \/><img decoding=\"async\" class=\"img-client\" src=\"https:\/\/www.alioze.com\/wp-content\/uploads\/2020\/03\/agence-web-cattier.png\" alt=\"agence web cattier\" \/><img decoding=\"async\" class=\"img-client\" src=\"https:\/\/www.alioze.com\/wp-content\/uploads\/2016\/11\/agence-web-de-banana-moon.png\" alt=\"agence-web-de-banana-moon\" \/><img decoding=\"async\" class=\"img-client\" src=\"https:\/\/www.alioze.com\/wp-content\/uploads\/2020\/03\/agence-web-kneipp.png\" alt=\"agence web kneipp\" \/><img decoding=\"async\" class=\"img-client\" src=\"https:\/\/www.alioze.com\/wp-content\/uploads\/2017\/05\/agence-web-glisodin.png\" alt=\"agence web glisodin\" \/><img decoding=\"async\" class=\"img-client\" src=\"https:\/\/www.alioze.com\/wp-content\/uploads\/2016\/02\/agence-web-de-nobilis.png\" alt=\"agence-web-de-nobilis\" \/><img decoding=\"async\" class=\"img-client\" src=\"https:\/\/www.alioze.com\/wp-content\/uploads\/2016\/02\/agence-web-de-tartine-et-chocolat.png\" alt=\"agence-web-de-tartine-et-chocolat\" \/><img decoding=\"async\" class=\"img-client\" src=\"https:\/\/www.alioze.com\/wp-content\/uploads\/2016\/02\/agence-web-de-catimini.png\" alt=\"agence-web-de-catimini\" \/><img decoding=\"async\" class=\"img-client\" src=\"https:\/\/www.alioze.com\/wp-content\/uploads\/2016\/02\/agence-web-de-absorba.png\" alt=\"agence-web-de-absorba\" \/><img decoding=\"async\" class=\"img-client\" src=\"https:\/\/www.alioze.com\/wp-content\/uploads\/2016\/02\/agence-web-de-kenzo-kids.png\" alt=\"agence-web-de-kenzo-kids\" \/><img decoding=\"async\" class=\"img-client\" src=\"https:\/\/www.alioze.com\/wp-content\/uploads\/2016\/02\/agence-web-de-naco-paris.png\" alt=\"agence-web-de-naco-paris\" \/><img decoding=\"async\" class=\"img-client\" src=\"https:\/\/www.alioze.com\/wp-content\/uploads\/2016\/02\/agence-web-de-3pommes.png\" alt=\"agence-web-de-3pommes\" \/><img decoding=\"async\" class=\"img-client\" src=\"https:\/\/www.alioze.com\/wp-content\/uploads\/2016\/02\/agence-web-de-svr.png\" alt=\"agence-web-de-svr\" \/><img decoding=\"async\" class=\"img-client\" src=\"https:\/\/www.alioze.com\/wp-content\/uploads\/2016\/02\/agence-web-de-camille-fournet.png\" alt=\"agence-web-de-camille fournet\" \/><img decoding=\"async\" class=\"img-client\" src=\"https:\/\/www.alioze.com\/wp-content\/uploads\/2016\/11\/agence-web-de-dada-sport.png\" alt=\"agence-web-de-dada-sport\" \/><img decoding=\"async\" class=\"img-client\" src=\"https:\/\/www.alioze.com\/wp-content\/uploads\/2016\/02\/agence-web-de-timefy.png\" alt=\"agence-web-de-timefy\" \/><img decoding=\"async\" class=\"img-client\" src=\"https:\/\/www.alioze.com\/wp-content\/uploads\/2016\/02\/agence-web-de-dear-charlotte.png\" alt=\"agence-web-de-dear-charlotte\" \/><img decoding=\"async\" class=\"img-client\" src=\"https:\/\/www.alioze.com\/wp-content\/uploads\/2016\/02\/agence-web-de-little-boudoir.png\" alt=\"agence-web-de-little-boudoir\" \/><img decoding=\"async\" class=\"img-client\" src=\"https:\/\/www.alioze.com\/wp-content\/uploads\/2016\/02\/agence-web-de-wishibam.png\" alt=\"agence-web-de-wishibam\" \/><img decoding=\"async\" class=\"img-client\" src=\"https:\/\/www.alioze.com\/wp-content\/uploads\/2016\/02\/agence-web-de-allthemust.png\" alt=\"agence-web-de-allthemust\" \/><img decoding=\"async\" class=\"img-client\" src=\"https:\/\/www.alioze.com\/wp-content\/uploads\/2016\/02\/agence-web-de-allison.png\" alt=\"agence-web-de-allison\" \/><img decoding=\"async\" class=\"img-client\" src=\"https:\/\/www.alioze.com\/wp-content\/uploads\/2016\/02\/agence-web-de-paul-smith-junior.png\" alt=\"agence-web-de-paul-smith-junior\" \/><img decoding=\"async\" class=\"img-client\" src=\"https:\/\/www.alioze.com\/wp-content\/uploads\/2016\/02\/agence-web-de-richardson-filles.png\" alt=\"agence-web-de-richardson filles\" \/><img decoding=\"async\" class=\"img-client\" src=\"https:\/\/www.alioze.com\/wp-content\/uploads\/2016\/02\/agence-web-de-lecons-de-chose.png\" alt=\"agence-web-de-lecons-de-chose\" \/><img decoding=\"async\" class=\"img-client\" src=\"https:\/\/www.alioze.com\/wp-content\/uploads\/2016\/02\/agence-web-de-redluxury.png\" alt=\"agence-web-de-redluxury\" \/><img decoding=\"async\" class=\"img-client\" src=\"https:\/\/www.alioze.com\/wp-content\/uploads\/2017\/05\/agence-web-isocell-nutra.png\" alt=\"agence web isocell nutra\" \/><img decoding=\"async\" class=\"img-client\" src=\"https:\/\/www.alioze.com\/wp-content\/uploads\/2019\/02\/agence-web-carolina-ritzler.jpg\" alt=\"agence web Carolina Ritzler\" \/><img decoding=\"async\" class=\"img-client\" src=\"https:\/\/www.alioze.com\/wp-content\/uploads\/2017\/08\/agence-web-ovance.png\" alt=\"agence web Ovance\" \/><img decoding=\"async\" class=\"img-client\" src=\"https:\/\/www.alioze.com\/wp-content\/uploads\/2018\/03\/agence-web-cepeda-coiffure.png\" alt=\"agence web cepeda coiffure\" \/><img decoding=\"async\" class=\"img-client\" src=\"https:\/\/www.alioze.com\/wp-content\/uploads\/2018\/03\/agence-web-noir-fonce.png\" alt=\"agence web noir fonc\u00e9\" \/><img decoding=\"async\" class=\"img-client\" src=\"https:\/\/www.alioze.com\/wp-content\/uploads\/2019\/04\/agence-web-les-trouvailles-d-elsa.png\" alt=\"agence web les trouvailles d'elsa\" \/><img decoding=\"async\" class=\"img-client\" src=\"https:\/\/www.alioze.com\/wp-content\/uploads\/2019\/04\/agence-web-ana-quasoar.png\" alt=\"agence web ana quasoar\" \/><img decoding=\"async\" class=\"img-client\" src=\"https:\/\/www.alioze.com\/wp-content\/uploads\/2019\/07\/agence-web-b-glen.png\" alt=\"agence web b.glen\" \/><img decoding=\"async\" class=\"img-client\" src=\"https:\/\/www.alioze.com\/wp-content\/uploads\/2020\/03\/agence-web-line-5.png\" alt=\"agence web line 5 paris\" \/><img decoding=\"async\" class=\"img-client\" src=\"https:\/\/www.alioze.com\/wp-content\/uploads\/2020\/03\/agence-web-renophase.png\" alt=\"agence web renophase\" \/><img decoding=\"async\" class=\"img-client\" src=\"https:\/\/www.alioze.com\/wp-content\/uploads\/2020\/03\/agence-web-fulladdict.png\" alt=\"agence web fulladdict\" \/><img decoding=\"async\" class=\"img-client\" src=\"https:\/\/www.alioze.com\/wp-content\/uploads\/2021\/01\/agence-communication-nesslana-joaillerie.png\" alt=\"agence communication nesslana joaillerie\" \/><img decoding=\"async\" class=\"img-client\" src=\"https:\/\/www.alioze.com\/wp-content\/uploads\/2021\/01\/agence-communication-matchy-matchy-design.png\" alt=\"agence communication matchy matchy design\" \/><img decoding=\"async\" class=\"img-client\" src=\"https:\/\/www.alioze.com\/wp-content\/uploads\/2021\/05\/agence-communication-mesh-jewellery.png\" alt=\"agence communication mesh jewellery\" \/><img decoding=\"async\" class=\"img-client\" src=\"https:\/\/www.alioze.com\/wp-content\/uploads\/2021\/05\/agence-communication-nume-lab.png\" alt=\"agence communication nume lab\" \/><img decoding=\"async\" class=\"img-client\" src=\"https:\/\/www.alioze.com\/wp-content\/uploads\/2021\/07\/agence-communication-createur-mode.png\" alt=\"agence communication createur mode\" \/><img decoding=\"async\" class=\"img-client\" src=\"https:\/\/www.alioze.com\/wp-content\/uploads\/2021\/07\/agence-communication-ellozze.jpg\" alt=\"agence communication ellozze\" \/><img decoding=\"async\" class=\"img-client\" src=\"https:\/\/www.alioze.com\/wp-content\/uploads\/2021\/05\/agence-communication-jurlique.png\" alt=\"agence communication jurlique\" \/><img decoding=\"async\" class=\"img-client\" src=\"https:\/\/www.alioze.com\/wp-content\/uploads\/2021\/12\/agence-communication-louis-julian.png\" alt=\"agence communication bijouterie louis julian\" \/><\/div>\n<h2>Industrie &#8211; <a href=\"https:\/\/www.alioze.com\/agence-web-specialisee-tourisme\/\" target=\"_blank\" rel=\"noopener noreferrer\">Tourismus<\/a> &#8211; <a href=\"https:\/\/www.alioze.com\/agence-web-hotellerie\/\" target=\"_blank\" rel=\"noopener noreferrer\">Hotels<\/a> &#8211; <a href=\"https:\/\/www.alioze.com\/de\/agentur-kommunikations-automobil\/\" target=\"_blank\" rel=\"noopener noreferrer\">Automotive<\/a> &#8211; <a href=\"https:\/\/www.alioze.com\/de\/agentur-web-immobilien\/\" target=\"_blank\" rel=\"noopener noreferrer\">Immobilien<\/a> &#8211; <a href=\"https:\/\/www.alioze.com\/de\/agentur-kommunikation-gesundheit\/\" target=\"_blank\" rel=\"noopener noreferrer\">Gesundheit<\/a> &#8211; <a href=\"https:\/\/www.alioze.com\/de\/agentur-kommunikations-kulinarisches\/\" target=\"_blank\" rel=\"noopener noreferrer\">Lebensmittel<\/a> &#8211; <a href=\"https:\/\/www.alioze.com\/de\/agentur-kommunikation-restaurant\" target=\"_blank\" rel=\"noopener noreferrer\">Restaurant<\/a> &#8211; <a href=\"https:\/\/www.alioze.com\/de\/agentur-kommunikations-weine\" target=\"_blank\" rel=\"noopener noreferrer\">Wein<\/a><\/h2>\n<div class=\"text-center\"><img decoding=\"async\" class=\"img-client\" src=\"https:\/\/www.alioze.com\/wp-content\/uploads\/2016\/02\/agence-web-de-empire-des-thes.png\" alt=\"agence-web-de-empire-des-thes\" \/><img decoding=\"async\" class=\"img-client\" src=\"https:\/\/www.alioze.com\/wp-content\/uploads\/2020\/09\/agence-communication-roquette.png\" alt=\"agence communication roquette\" \/><img decoding=\"async\" class=\"img-client\" src=\"https:\/\/www.alioze.com\/wp-content\/uploads\/2020\/08\/agence-web-air-liquide.png\" alt=\"agence web air liquide\" \/><img decoding=\"async\" class=\"img-client\" src=\"https:\/\/www.alioze.com\/wp-content\/uploads\/2020\/08\/agence-communication-air-liquide.png\" alt=\"agence communication air liquide\" \/><img decoding=\"async\" class=\"img-client\" src=\"https:\/\/www.alioze.com\/wp-content\/uploads\/2016\/11\/agence-web-de-uic.png\" alt=\"agence-web-de-uic\" \/><img decoding=\"async\" class=\"img-client\" src=\"https:\/\/www.alioze.com\/wp-content\/uploads\/2016\/11\/agence-web-de-aroma-coach.png\" alt=\"agence-web-de-aroma-coach\" \/><img decoding=\"async\" class=\"img-client\" src=\"https:\/\/www.alioze.com\/wp-content\/uploads\/2016\/02\/agence-web-de-goodyear.png\" alt=\"agence-web-de-goodyear\" \/><img decoding=\"async\" class=\"img-client\" src=\"https:\/\/www.alioze.com\/wp-content\/uploads\/2016\/02\/agence-web-de-vulco.png\" alt=\"agence-web-de-vulco\" \/><img decoding=\"async\" class=\"img-client\" src=\"https:\/\/www.alioze.com\/wp-content\/uploads\/2016\/02\/agence-web-de-dunlop.png\" alt=\"agence-web-de-dunlop\" \/><img decoding=\"async\" class=\"img-client\" src=\"https:\/\/www.alioze.com\/wp-content\/uploads\/2016\/02\/agence-web-de-eads.png\" alt=\"agence-web-de-eads\" \/><img decoding=\"async\" class=\"img-client\" src=\"https:\/\/www.alioze.com\/wp-content\/uploads\/2016\/02\/agence-web-de-agefos-pme.png\" alt=\"agence-web-de-agefos-pme\" \/><img decoding=\"async\" class=\"img-client\" src=\"https:\/\/www.alioze.com\/wp-content\/uploads\/2016\/02\/agence-web-de-afdas.png\" alt=\"agence-web-de-afdas\" \/><img decoding=\"async\" class=\"img-client\" src=\"https:\/\/www.alioze.com\/wp-content\/uploads\/2021\/01\/agence-communication-synapse-immobilier.png\" alt=\"agence communication synapse immobilier\" \/><img decoding=\"async\" class=\"img-client\" src=\"https:\/\/www.alioze.com\/wp-content\/uploads\/2020\/08\/agence-communication-alehos.png\" alt=\"agence web alehos\" \/><img decoding=\"async\" class=\"img-client\" src=\"https:\/\/www.alioze.com\/wp-content\/uploads\/2016\/02\/agence-web-de-aeroport-de-bordeaux.png\" alt=\"agence-web-de-aeroport-de-bordeaux\" \/><img decoding=\"async\" class=\"img-client\" src=\"https:\/\/www.alioze.com\/wp-content\/uploads\/2016\/02\/agence-web-de-vetostore.png\" alt=\"agence-web-de-vetostore\" \/><img decoding=\"async\" class=\"img-client\" src=\"https:\/\/www.alioze.com\/wp-content\/uploads\/2017\/06\/agence-web-chantilly-cars-prestige.png\" alt=\"agence web chantilly cars prestige\" \/><img decoding=\"async\" class=\"img-client\" src=\"https:\/\/www.alioze.com\/wp-content\/uploads\/2017\/07\/agence-web-club-faune.png\" alt=\"agence web club faune\" \/><img decoding=\"async\" class=\"img-client\" src=\"https:\/\/www.alioze.com\/wp-content\/uploads\/2017\/07\/agence-web-images-du-monde.png\" alt=\"agence web images du monde\" \/><img decoding=\"async\" class=\"img-client\" src=\"https:\/\/www.alioze.com\/wp-content\/uploads\/2017\/09\/agence-web-spi-group.png\" alt=\"agence web spi group\" \/><img decoding=\"async\" class=\"img-client\" src=\"https:\/\/www.alioze.com\/wp-content\/uploads\/2017\/07\/agence-web-cabinet-ravier.png\" alt=\"agence web cabinet ravier\" \/><img decoding=\"async\" class=\"img-client\" src=\"https:\/\/www.alioze.com\/wp-content\/uploads\/2018\/03\/agence-web-celyatis.png\" alt=\"agence web C\u00e9lyatis\" \/><img decoding=\"async\" class=\"img-client\" src=\"https:\/\/www.alioze.com\/wp-content\/uploads\/2018\/03\/agence-web-elite-wrap.jpg\" alt=\"agence web elite wrap\" \/><img decoding=\"async\" class=\"img-client\" src=\"https:\/\/www.alioze.com\/wp-content\/uploads\/2018\/03\/agence-web-fpi.png\" alt=\"agence web f\u00e9d\u00e9ration promoteurs immobiliers\" \/><img decoding=\"async\" class=\"img-client\" src=\"https:\/\/www.alioze.com\/wp-content\/uploads\/2018\/04\/agence-web-les-fleurs-de-nicolas.png\" alt=\"agence web les fleurs de nicolas\" \/><a href=\"https:\/\/www.aossi.scot\/\" target=\"_blank\" rel=\"noopener noreferrer\"><img decoding=\"async\" class=\"img-client\" src=\"https:\/\/www.alioze.com\/wp-content\/uploads\/2018\/06\/luxury-lodges-glencoe.png\" alt=\"lodges glencoe\" \/><\/a><img decoding=\"async\" class=\"img-client\" src=\"https:\/\/www.alioze.com\/wp-content\/uploads\/2019\/04\/agence-web-fourmi-sante.jpg\" alt=\"agence web fourmi sante\" \/><img decoding=\"async\" class=\"img-client\" src=\"https:\/\/www.alioze.com\/wp-content\/uploads\/2019\/04\/agence-web-epoxia.png\" alt=\"agence web epoxia\" \/><img decoding=\"async\" class=\"img-client\" src=\"https:\/\/www.alioze.com\/wp-content\/uploads\/2019\/04\/agence-web-tribu-d-explorateurs.png\" alt=\"agence web tribu d'explorateurs\" \/><img decoding=\"async\" class=\"img-client\" src=\"https:\/\/www.alioze.com\/wp-content\/uploads\/2020\/03\/agence-web-lahlanhla.png\" alt=\"agence web lahlanhla\" \/><img decoding=\"async\" class=\"img-client\" src=\"https:\/\/www.alioze.com\/wp-content\/uploads\/2021\/01\/agence-communication-capital-pv.png\" alt=\"agence communication capital PV\" \/><img decoding=\"async\" class=\"img-client\" src=\"https:\/\/www.alioze.com\/wp-content\/uploads\/2021\/05\/agence-communication-apf-entreprises.png\" alt=\"agence communication apf entreprises\" \/><img decoding=\"async\" class=\"img-client\" src=\"https:\/\/www.alioze.com\/wp-content\/uploads\/2021\/05\/agence-communication-centre-ophtalmologique-monterey.jpg\" alt=\"agence communication centre ophtalmologique monterey\" \/><img decoding=\"async\" class=\"img-client\" src=\"https:\/\/www.alioze.com\/wp-content\/uploads\/2021\/05\/agence-communication-eol-immobilier-entreprise.png\" alt=\"agence communication eol immobilier entreprise\" \/><img decoding=\"async\" class=\"img-client\" src=\"https:\/\/www.alioze.com\/wp-content\/uploads\/2021\/07\/agence-communication-straumann.png\" alt=\"agence communication straumann\" \/><img decoding=\"async\" class=\"img-client\" src=\"https:\/\/www.alioze.com\/wp-content\/uploads\/2021\/07\/agence-communication-simeda.png\" alt=\"agence communication simeda\" \/><img decoding=\"async\" class=\"img-client\" src=\"https:\/\/www.alioze.com\/wp-content\/uploads\/2021\/07\/agence-communication-anthogyr.png\" alt=\"agence communication anthogyr\" \/><img decoding=\"async\" class=\"img-client\" src=\"https:\/\/www.alioze.com\/wp-content\/uploads\/2021\/07\/agence-communication-dassault-systemes.png\" alt=\"agence communication dassault systemes\" \/><img decoding=\"async\" class=\"img-client\" src=\"https:\/\/www.alioze.com\/wp-content\/uploads\/2021\/12\/agence-communication-dinno-sante.png\" alt=\"agence communication dinno sant\u00e9\" \/><img decoding=\"async\" class=\"img-client\" src=\"https:\/\/www.alioze.com\/wp-content\/uploads\/2021\/12\/agence-communication-merck.png\" alt=\"agence communication merck\" \/><img decoding=\"async\" class=\"img-client\" src=\"https:\/\/www.alioze.com\/wp-content\/uploads\/2022\/08\/agence-communication-web-ayah-invest.png\" alt=\"agence communication ayah invest\" \/><img decoding=\"async\" class=\"img-client\" src=\"https:\/\/www.alioze.com\/wp-content\/uploads\/2022\/08\/agence-communication-korus.png\" alt=\"agence communication korus\" \/><img decoding=\"async\" class=\"img-client\" src=\"https:\/\/www.alioze.com\/wp-content\/uploads\/2022\/08\/agence-communication-bioxis.png\" alt=\"agence communication bioxis\" \/><img decoding=\"async\" class=\"img-client\" src=\"https:\/\/www.alioze.com\/wp-content\/uploads\/2022\/08\/agence-communication-exp-france.png\" alt=\"agence communication exp france\" \/><img decoding=\"async\" class=\"img-client\" src=\"https:\/\/www.alioze.com\/wp-content\/uploads\/2022\/08\/agence-communication-onedirect.png\" alt=\"agence communication onedirect\" \/><img decoding=\"async\" class=\"img-client\" src=\"https:\/\/www.alioze.com\/wp-content\/uploads\/2023\/02\/agence-web-miroiterie-ferraris.png\" alt=\"agence web miroiterie ferraris\" \/><img decoding=\"async\" class=\"img-client\" src=\"https:\/\/www.alioze.com\/wp-content\/uploads\/2023\/02\/agence-communication-chateau-gasqui.png\" alt=\"agence communication chateau gasqui\" \/><img decoding=\"async\" class=\"img-client\" src=\"https:\/\/www.alioze.com\/wp-content\/uploads\/2023\/02\/agence-communication-bien-ici.png\" alt=\"agence communication bien' ici\" \/><img decoding=\"async\" class=\"img-client\" src=\"https:\/\/www.alioze.com\/wp-content\/uploads\/2024\/02\/agence-communication-justin-stindt-consultants-sante.png\" alt=\"marketing agency justin stindt consultants\" \/><\/div>\n<h2><a href=\"https:\/\/www.alioze.com\/de\/agentur-web-ausbildung\/\" target=\"_blank\" rel=\"noopener noreferrer\">Bildung<\/a> &#8211; <a href=\"https:\/\/www.alioze.com\/de\/agentur-web-kultur\/\" target=\"_blank\" rel=\"noopener noreferrer\">Kultur<\/a> &#8211; Freizeit<\/h2>\n<div class=\"text-center\"><img decoding=\"async\" class=\"img-client\" src=\"https:\/\/www.alioze.com\/wp-content\/uploads\/2016\/02\/agence-web-de-itecom-art-design.png\" alt=\"agence-web-de-itecom-art-design\" \/><img decoding=\"async\" class=\"img-client\" src=\"https:\/\/www.alioze.com\/wp-content\/uploads\/2016\/02\/agence-web-de-cpcm.png\" alt=\"agence-web-de-cpcm\" \/><img decoding=\"async\" class=\"img-client\" src=\"https:\/\/www.alioze.com\/wp-content\/uploads\/2016\/02\/agence-web-de-juridicapbarreau.png\" alt=\"agence-web-de-juridicapbarreau\" \/><img decoding=\"async\" class=\"img-client\" src=\"https:\/\/www.alioze.com\/wp-content\/uploads\/2016\/02\/agence-web-de-idalis.png\" alt=\"agence-web-de-idalis\" \/><img decoding=\"async\" class=\"img-client\" src=\"https:\/\/www.alioze.com\/wp-content\/uploads\/2016\/02\/agence-web-de-good-people.png\" alt=\"agence-web-de-good-people\" \/><img decoding=\"async\" class=\"img-client\" src=\"https:\/\/www.alioze.com\/wp-content\/uploads\/2016\/02\/agence-web-de-moonwalk-films.png\" alt=\"agence-web-de-moonwalk-films\" \/><img decoding=\"async\" class=\"img-client\" src=\"https:\/\/www.alioze.com\/wp-content\/uploads\/2017\/05\/agence-web-de-ecole-ferrieres.png\" alt=\"agence web \u00e9cole ferri\u00e8res\" \/><img decoding=\"async\" class=\"img-client\" src=\"https:\/\/www.alioze.com\/wp-content\/uploads\/2017\/05\/agence-web-alexander-wood.png\" alt=\"agence web alexander wood\" \/><img decoding=\"async\" class=\"img-client\" src=\"https:\/\/www.alioze.com\/wp-content\/uploads\/2017\/08\/agence-web-festi.png\" alt=\"agence web festi\" \/><img decoding=\"async\" class=\"img-client\" src=\"https:\/\/www.alioze.com\/wp-content\/uploads\/2020\/12\/agence-web-otakee.png\" alt=\"agence web otakee\" \/><img decoding=\"async\" class=\"img-client\" src=\"https:\/\/www.alioze.com\/wp-content\/uploads\/2021\/01\/agence-communication-open-sky-international.png\" alt=\"agence communication open sky international\" \/><img decoding=\"async\" class=\"img-client\" src=\"https:\/\/www.alioze.com\/wp-content\/uploads\/2021\/05\/agence-communication-paradis-latin.png\" alt=\"agence communication paradis latin cabaret\" \/><img decoding=\"async\" class=\"img-client\" src=\"https:\/\/www.alioze.com\/wp-content\/uploads\/2021\/07\/agence-communication-solidworks.png\" alt=\"agence communication solidworks\" \/><img decoding=\"async\" class=\"img-client\" src=\"https:\/\/www.alioze.com\/wp-content\/uploads\/2021\/12\/agence-communication-internationale.png\" alt=\"agence communication internationale\" \/><img decoding=\"async\" class=\"img-client\" src=\"https:\/\/www.alioze.com\/wp-content\/uploads\/2021\/12\/agence-communication-british-council.png\" alt=\"agence communication british council\" \/><img decoding=\"async\" class=\"img-client\" src=\"https:\/\/www.alioze.com\/wp-content\/uploads\/2021\/12\/agence-communication-gameloft.png\" alt=\"agence communication gameloft\" \/><\/div>\n<h2>Medien &#8211; E-Reputation &#8211; <a href=\"https:\/\/www.alioze.com\/de\/agentur-kommunikations-anwaltskanzleien\" target=\"_blank\" rel=\"noopener noreferrer\">Anw\u00e4lte<\/a><\/h2>\n<div class=\"text-center\"><img decoding=\"async\" class=\"img-client\" src=\"https:\/\/www.alioze.com\/wp-content\/uploads\/2019\/04\/agence-web-altavia.png\" alt=\"agence web altavia\" \/><img decoding=\"async\" class=\"img-client\" src=\"https:\/\/www.alioze.com\/wp-content\/uploads\/2016\/02\/agence-web-de-mypressagency.png\" alt=\"agence-web-de-mypressagency\" \/><img decoding=\"async\" class=\"img-client\" src=\"https:\/\/www.alioze.com\/wp-content\/uploads\/2016\/02\/agence-web-de-oxygen-rp.png\" alt=\"agence-web-de-oxygen-rp\" \/><img decoding=\"async\" class=\"img-client\" src=\"https:\/\/www.alioze.com\/wp-content\/uploads\/2016\/11\/agence-web-de-yucatan.png\" alt=\"agence-web-de-yucatan\" \/><img decoding=\"async\" class=\"img-client\" src=\"https:\/\/www.alioze.com\/wp-content\/uploads\/2016\/02\/agence-web-de-repu7ation.png\" alt=\"agence-web-de-repu7ation\" \/><img decoding=\"async\" class=\"img-client\" src=\"https:\/\/www.alioze.com\/wp-content\/uploads\/2016\/02\/agence-web-de-e-reputation.png\" alt=\"agence-web-de-e-reputation\" \/><img decoding=\"async\" class=\"img-client\" src=\"https:\/\/www.alioze.com\/wp-content\/uploads\/2016\/02\/agence-web-de-courrier-cadres.png\" alt=\"agence-web-de-courrier-cadres\" \/><img decoding=\"async\" class=\"img-client\" src=\"https:\/\/www.alioze.com\/wp-content\/uploads\/2016\/02\/agence-web-de-esprit-de-parfum.png\" alt=\"agence-web-de-esprit-de-parfum\" \/><img decoding=\"async\" class=\"img-client\" src=\"https:\/\/www.alioze.com\/wp-content\/uploads\/2019\/04\/agence-web-axio-avocat.png\" alt=\"agence web axio avocat\" \/><\/div>\n","protected":false},"excerpt":{"rendered":"<p>Seit seiner Gr\u00fcndung im Jahr 2008 hat Alioze mehr als 350 Kunden auf dem Weg zum Erfolg unterst\u00fctzt. Wir sind stolz darauf, zur Entwicklung von Unternehmen jeder Gr\u00f6\u00dfe beigetragen zu haben: Start-ups, KMUs oder b\u00f6rsennotierte Konzerne. Wir pflegen starke, langj\u00e4hrige und privilegierte Beziehungen zu Unternehmern, CEOs, Marketingabteilungen und operativen Teams. Unsere Kunden sind unser Stolz, [&hellip;]<\/p>\n","protected":false},"author":3,"featured_media":0,"parent":0,"menu_order":0,"comment_status":"closed","ping_status":"closed","template":"","meta":{"_acf_changed":false,"footnotes":""},"class_list":["post-21698","page","type-page","status-publish","hentry"],"acf":[],"aioseo_notices":[],"amp_enabled":true,"_links":{"self":[{"href":"https:\/\/www.alioze.com\/de\/wp-json\/wp\/v2\/pages\/21698","targetHints":{"allow":["GET"]}}],"collection":[{"href":"https:\/\/www.alioze.com\/de\/wp-json\/wp\/v2\/pages"}],"about":[{"href":"https:\/\/www.alioze.com\/de\/wp-json\/wp\/v2\/types\/page"}],"author":[{"embeddable":true,"href":"https:\/\/www.alioze.com\/de\/wp-json\/wp\/v2\/users\/3"}],"replies":[{"embeddable":true,"href":"https:\/\/www.alioze.com\/de\/wp-json\/wp\/v2\/comments?post=21698"}],"version-history":[{"count":13,"href":"https:\/\/www.alioze.com\/de\/wp-json\/wp\/v2\/pages\/21698\/revisions"}],"predecessor-version":[{"id":30363,"href":"https:\/\/www.alioze.com\/de\/wp-json\/wp\/v2\/pages\/21698\/revisions\/30363"}],"wp:attachment":[{"href":"https:\/\/www.alioze.com\/de\/wp-json\/wp\/v2\/media?parent=21698"}],"curies":[{"name":"wp","href":"https:\/\/api.w.org\/{rel}","templated":true}]}}