{"id":21697,"date":"2021-07-08T10:18:18","date_gmt":"2021-07-08T09:18:18","guid":{"rendered":"https:\/\/www.alioze.com\/?page_id=21697"},"modified":"2021-08-05T15:32:51","modified_gmt":"2021-08-05T14:32:51","slug":"kontakt","status":"publish","type":"page","link":"https:\/\/www.alioze.com\/de\/kontakt\/","title":{"rendered":"Kontakt"},"content":{"rendered":"<p style=\"text-align: center;\">Wir studieren jede eingehende Anfrage sorgf\u00e4ltig und gehen reaktiv auf den Ausdruck Ihres Bedarfs ein. Z\u00f6gern Sie nicht, uns so viele Informationen wie m\u00f6glich \u00fcber Ihr Projekt zu geben.<\/p>\n<p style=\"text-align: center;\"><i class=\"fa fa-map-marker\"><\/i> Die Agentur Alioze befindet sich in der <a href=\"https:\/\/goo.gl\/maps\/YtMqwnTAX8nNHbyt6\" target=\"_blank\" rel=\"noopener noreferrer\">15 rue Claude Terrasse, 75016 Paris<\/a><\/p>\n<p style=\"text-align: center;\"><i class=\"fa fa-envelope\"><\/i> <a href=\"mailto:hello@alioze.com\">hello@alioze.com<\/a> &#8211;<a href=\"tel:%E2%80%8B+33183622184\">+33 (0) 1 83 62 21 84<\/a><\/p>\n<div class=\"col-xs-12 col-sm-8 col-sm-offset-2\">\n<div class=\"wpcf7 no-js\" id=\"wpcf7-f21717-o1\" lang=\"de-DE\" dir=\"ltr\" data-wpcf7-id=\"21717\">\n<div class=\"screen-reader-response\"><p role=\"status\" aria-live=\"polite\" aria-atomic=\"true\"><\/p> <ul><\/ul><\/div>\n<form action=\"\/de\/wp-json\/wp\/v2\/pages\/21697#wpcf7-f21717-o1\" method=\"post\" class=\"wpcf7-form init\" aria-label=\"Kontaktformular\" novalidate=\"novalidate\" data-status=\"init\">\n<fieldset class=\"hidden-fields-container\"><input type=\"hidden\" name=\"_wpcf7\" value=\"21717\" \/><input type=\"hidden\" name=\"_wpcf7_version\" value=\"6.1.6\" \/><input type=\"hidden\" name=\"_wpcf7_locale\" value=\"de_DE\" \/><input type=\"hidden\" name=\"_wpcf7_unit_tag\" value=\"wpcf7-f21717-o1\" \/><input type=\"hidden\" name=\"_wpcf7_container_post\" value=\"0\" \/><input type=\"hidden\" name=\"_wpcf7_posted_data_hash\" value=\"\" \/><input type=\"hidden\" name=\"_wpcf7_recaptcha_response\" value=\"\" \/>\n<\/fieldset>\n<div class=\"form-group\">\n\t<p><span class=\"wpcf7-form-control-wrap\" data-name=\"contact-subject\"><select class=\"wpcf7-form-control wpcf7-select wpcf7-validates-as-required form-control\" aria-required=\"true\" aria-invalid=\"false\" name=\"contact-subject\"><option value=\"E-Commerce Redesign \/ Design\">E-Commerce Redesign \/ Design<\/option><option value=\"SEA \/ SEM Google Ads &amp; Media Buying\">SEA \/ SEM Google Ads &amp; Media Buying<\/option><option value=\"SEO : Natural referencing \/ Acquisition\">SEO : Natural referencing \/ Acquisition<\/option><option value=\"Naming \/ Branding\">Naming \/ Branding<\/option><option value=\"360\u00b0 Web Coaching\">360\u00b0 Web Coaching<\/option><option value=\"Social Media\">Social Media<\/option><option value=\"Rekrutierungsanfrage : Ich bin der Beste\">Rekrutierungsanfrage : Ich bin der Beste<\/option><\/select><\/span>\n\t<\/p>\n<\/div>\n<div class=\"form-group\">\n\t<p><span class=\"wpcf7-form-control-wrap\" data-name=\"contact-name\"><input size=\"40\" maxlength=\"400\" class=\"wpcf7-form-control wpcf7-text wpcf7-validates-as-required form-control\" aria-required=\"true\" aria-invalid=\"false\" placeholder=\"Ihr Name *\" value=\"\" type=\"text\" name=\"contact-name\" \/><\/span>\n\t<\/p>\n<\/div>\n<div class=\"form-group\">\n\t<p><span class=\"wpcf7-form-control-wrap\" data-name=\"contact-telephone\"><input size=\"40\" maxlength=\"400\" class=\"wpcf7-form-control wpcf7-text wpcf7-validates-as-required form-control\" aria-required=\"true\" aria-invalid=\"false\" placeholder=\"Ihre Rufnummer *\" value=\"\" type=\"text\" name=\"contact-telephone\" \/><\/span>\n\t<\/p>\n<\/div>\n<div class=\"form-group\">\n\t<p><span class=\"wpcf7-form-control-wrap\" data-name=\"contact-email\"><input size=\"40\" maxlength=\"400\" class=\"wpcf7-form-control wpcf7-email wpcf7-validates-as-required wpcf7-text wpcf7-validates-as-email form-control\" aria-required=\"true\" aria-invalid=\"false\" placeholder=\"Ihre E-Mail *\" value=\"\" type=\"email\" name=\"contact-email\" \/><\/span>\n\t<\/p>\n<\/div>\n<div class=\"form-group\">\n\t<p><span class=\"wpcf7-form-control-wrap\" data-name=\"contact-message\"><textarea cols=\"40\" rows=\"10\" maxlength=\"2000\" class=\"wpcf7-form-control wpcf7-textarea wpcf7-validates-as-required form-control\" aria-required=\"true\" aria-invalid=\"false\" placeholder=\"Ihre Nachricht *\" name=\"contact-message\"><\/textarea><\/span>\n\t<\/p>\n<\/div>\n<p><span class=\"wpcf7-form-control-wrap\" data-name=\"checkbox-260\"><span class=\"wpcf7-form-control wpcf7-checkbox wpcf7-validates-as-required\"><span class=\"wpcf7-list-item first last\"><span class=\"wpcf7-list-item-label\">Ich habe die Nutzungsbedingungen gelesen und stimme ihnen zu<\/span><input type=\"checkbox\" name=\"checkbox-260[]\" value=\"Ich habe die Nutzungsbedingungen gelesen und stimme ihnen zu\" \/><\/span><\/span><\/span><br \/>\n<input class=\"wpcf7-form-control wpcf7-submit has-spinner btn btn-lg btn-default btn-dark center-block gtm-contact-form-submit\" type=\"submit\" value=\"Senden\" \/>\n<\/p><p style=\"display: none !important;\" class=\"akismet-fields-container\" data-prefix=\"_wpcf7_ak_\"><label>&#916;<textarea name=\"_wpcf7_ak_hp_textarea\" cols=\"45\" rows=\"8\" maxlength=\"100\"><\/textarea><\/label><input type=\"hidden\" id=\"ak_js_1\" name=\"_wpcf7_ak_js\" value=\"2\"\/><script type=\"text\/javascript\">\n\/* <![CDATA[ *\/\ndocument.getElementById( \"ak_js_1\" ).setAttribute( \"value\", ( new Date() ).getTime() );\n\/* ]]> *\/\n<\/script>\n<\/p><div class=\"wpcf7-response-output\" aria-hidden=\"true\"><\/div>\n<\/form>\n<\/div>\n<\/div>\n<\/div><\/div><div id=\"map-canvas\" style=\"width:100%; height: 400px;\"><iframe width=\"100%\" height=\"400px\" frameborder=\"0\" style=\"border:0;\" allowfullscreen=\"\" src=\"https:\/\/www.google.com\/maps\/embed?pb=!1m14!1m8!1m3!1d10504.015516076322!2d2.2635642!3d48.8390647!3m2!1i1024!2i768!4f13.1!3m3!1m2!1s0x0%3A0xfe258bcf2eb636fd!2sAlioze%20Dubano!5e0!3m2!1sfr!2sfr!4v1598951447993!5m2!1sfr!2sfr\"><\/iframe><\/div><div class=\"container\"><div class=\"col-xs-12\">\n<p style=\"text-align: center;\">Sind Sie in M\u00fcnchen, Berlin oder Hamburg ans\u00e4ssig?<br \/>\nUnsere Agentur k\u00fcmmert sich um Ihre Akte, wo immer Sie sind.<\/p>\n","protected":false},"excerpt":{"rendered":"<p>Wir studieren jede eingehende Anfrage sorgf\u00e4ltig und gehen reaktiv auf den Ausdruck Ihres Bedarfs ein. Z\u00f6gern Sie nicht, uns so viele Informationen wie m\u00f6glich \u00fcber Ihr Projekt zu geben. Die Agentur Alioze befindet sich in der 15 rue Claude Terrasse, 75016 Paris hello@alioze.com &#8211;+33 (0) 1 83 62 21 84 Sind Sie in M\u00fcnchen, Berlin [&hellip;]<\/p>\n","protected":false},"author":3,"featured_media":0,"parent":0,"menu_order":0,"comment_status":"closed","ping_status":"closed","template":"page-no-bottom-space.php","meta":{"_acf_changed":false,"footnotes":""},"class_list":["post-21697","page","type-page","status-publish","hentry"],"acf":[],"aioseo_notices":[],"amp_enabled":false,"_links":{"self":[{"href":"https:\/\/www.alioze.com\/de\/wp-json\/wp\/v2\/pages\/21697","targetHints":{"allow":["GET"]}}],"collection":[{"href":"https:\/\/www.alioze.com\/de\/wp-json\/wp\/v2\/pages"}],"about":[{"href":"https:\/\/www.alioze.com\/de\/wp-json\/wp\/v2\/types\/page"}],"author":[{"embeddable":true,"href":"https:\/\/www.alioze.com\/de\/wp-json\/wp\/v2\/users\/3"}],"replies":[{"embeddable":true,"href":"https:\/\/www.alioze.com\/de\/wp-json\/wp\/v2\/comments?post=21697"}],"version-history":[{"count":4,"href":"https:\/\/www.alioze.com\/de\/wp-json\/wp\/v2\/pages\/21697\/revisions"}],"predecessor-version":[{"id":23282,"href":"https:\/\/www.alioze.com\/de\/wp-json\/wp\/v2\/pages\/21697\/revisions\/23282"}],"wp:attachment":[{"href":"https:\/\/www.alioze.com\/de\/wp-json\/wp\/v2\/media?parent=21697"}],"curies":[{"name":"wp","href":"https:\/\/api.w.org\/{rel}","templated":true}]}}