{"id":21551,"date":"2021-07-07T16:05:48","date_gmt":"2021-07-07T15:05:48","guid":{"rendered":"https:\/\/www.alioze.com\/?page_id=21551"},"modified":"2021-07-07T16:05:48","modified_gmt":"2021-07-07T15:05:48","slug":"training-mise-en-conformite-rgpd","status":"publish","type":"page","link":"https:\/\/www.alioze.com\/de\/rgpd\/","title":{"rendered":"RGPD Agency (Schulung und Einhaltung)"},"content":{"rendered":"<\/div><\/div>\n\t<section class=\"headertitle lazyload\" style=\"background-image:inherit;\" data-bg-image=\"url(https:\/\/www.alioze.com\/wp-content\/themes\/alioze2016\/img\/alioze-production-web-magento-responsive.jpg)\">\n\t\t<div id=\"breadcrumbs\">\n\t\t\t\t\t\t<span>\t\t\t\t\t<a href=\"https:\/\/www.alioze.com\/de\/\">Home<\/a>\n\t\t\t\t\t > \t\t\t\t\t<a href=\"https:\/\/www.alioze.com\/de\/blog\/\">Blog<\/a>\n\t\t\t\t\t > <\/span>\n\t\t\t\t\t<\/div>\n\t\t\t\t<div class=\"content-a\">\n\t\t\t\t\t<div class=\"parralax-centertext text-center\">\n\n\t\t\t\t\t\t<h1>RGPD Agency (Schulung und Einhaltung)<\/h1>\n\t\t\t\t\t\t<span class=\"baseline\">Intelligenter technischer Architekt<\/span>\n\t\t\t\t\t<\/div>\n\t\t\t\t<\/div>\n\t\t\t<\/section>\n\t\t\t<div class=\"container\">\n\t\t\t<div class=\"col-xs-12\">\n<p style=\"text-align: center;\">Die <strong>GDPR<\/strong><strong>(General Data Protection Regulation<\/strong>) ist am 25. Mai 2018 in Kraft getreten.<\/p>\n<p style=\"text-align: center;\">Ben\u00f6tigen Sie eine <strong>RGPD-Schulung<\/strong> oder Hilfe bei Ihrer <strong>Compliance<\/strong>?<\/p>\n<p style=\"text-align: center;\">Seien Sie vorbereitet, indem Sie sich an die <strong>RGPD-Experten<\/strong> in unserer Agentur wenden. Sie werden Ihnen helfen, diese Verordnung und Ihre <strong>Pflichten<\/strong> seit ihrer Anwendung besser zu verstehen.<\/p>\n<\/div><\/div><div class=\"container-fluid\" style=\"padding:0\"><div id=\"3cc35ac6\" class=\"imgFull lazyload\" style=\"height:350px;background-image:inherit;background-position:center;background-repeat:no-repeat;moz-background-size:cover;background-size: cover;\" data-bg-image=\"url(https:\/\/www.alioze.com\/wp-content\/uploads\/2020\/04\/agence-rgpd.jpg)\"><\/div><\/div><div class=\"container\"><div class=\"col-xs-12\">\n<h2>RGPD: Ist Ihr Unternehmen betroffen?<\/h2>\n<p>Die GDPR verlangt von allen Unternehmen, Verb\u00e4nden und Agenturen, die personenbezogene Daten von EU-B\u00fcrgern verarbeiten, die Art und Weise zu \u00e4ndern, wie sie diese Daten speichern, verwalten, weitergeben, \u00fcbertragen und kommunizieren.<\/p>\n<p>Konkret entsprechen die von der GDPR betroffenen Organisationen den folgenden Kriterien:<\/p>\n<ul>\n<li>Eine Pr\u00e4senz in einem EU-Land.<\/li>\n<li>Keine Pr\u00e4senz in der EU, aber Verarbeitung von personenbezogenen Daten europ\u00e4ischer Einwohner.<\/li>\n<li>Mehr als 250 Mitarbeiter.<\/li>\n<li>Weniger als 250 Mitarbeiter, aber die Datenverarbeitung wirkt sich auf die Rechte und Freiheiten der betroffenen Personen aus, ist nicht gelegentlich oder umfasst bestimmte Arten von sensiblen personenbezogenen Daten.<\/li>\n<\/ul>\n<p>Kurz gesagt, die RGPD betrifft fast alle Unternehmen.<\/p>\n<p>&nbsp;<\/p>\n<h2>RGPD: Beschleunigen Sie Ihre Compliance<\/h2>\n<p>Die GDPR besagt, dass EU-B\u00fcrger ihre ausdr\u00fcckliche Zustimmung zur Speicherung und Verarbeitung ihrer Daten durch ein Unternehmen geben m\u00fcssen. Es gibt ihnen auch das Recht, jederzeit auf ihre pers\u00f6nlichen Daten zuzugreifen, sie zu korrigieren, zu \u00fcbertragen oder zu l\u00f6schen.<\/p>\n<p>Mit dem N\u00e4herr\u00fccken des RGPD-Umsetzungsdatums muss Ihr Unternehmen jetzt genau wissen, welche personenbezogenen Daten es besitzt, wo diese Daten gespeichert sind und wer Zugang zu ihnen hat.<\/p>\n<p>Sie m\u00fcssen \u00fcber eine Datenschutzstrategie verf\u00fcgen, pr\u00fcfbare Aufzeichnungen f\u00fchren und in der Lage sein, Datenverletzungen schnell zu erkennen und zu melden.<\/p>\n<p>Ihre Hauptaufgabe ist es, alle diese Daten an einem Ort zu sammeln. In Anbetracht des Umfangs und der Vielfalt der Datenbanken, die die meisten Unternehmen haben, ist dies eine gro\u00dfe Herausforderung! Wenn Sie aber nicht rechtzeitig die notwendigen Ma\u00dfnahmen zum Schutz der von Ihnen verarbeiteten Kundendaten ergreifen, k\u00f6nnen Sie sich Sanktionen ausgesetzt sehen.<\/p>\n<p>Aus diesem Grund bietet Alioze an, Sie zu begleiten.<\/p>\n<p>Unsere Experten k\u00f6nnen Ihnen helfen, die RGPD-Konformit\u00e4t schnell zu erreichen und zu erhalten.<\/p>\n<p>Dazu erstellen wir eine Bewertung des aktuellen Compliance-Levels Ihrer Organisation und Ihrer Website. Wir erstellen auch einen Aktionsplan, der die wichtigsten Punkte definiert und priorisiert, die Ihr Unternehmen angehen muss, um die Compliance zu erreichen.<\/p>\n<p>Um Ihr Unternehmen auch \u00fcber Mai 2018 hinaus RGPD-konform zu halten, entwickeln wir eine l\u00e4ngerfristige Strategie und bieten RGPD-Beratung.<\/p>\n<p>&nbsp;<\/p>\n<\/div><\/div>\n\t<section class=\"quickcontact lazyload\" style=\"background-image:inherit;\" data-bg-image=\"url(https:\/\/www.alioze.com\/wp-content\/themes\/alioze2016\/img\/alioze-production-web-magento-responsive.jpg)\">\n\t\t\t\t<div class=\"content-a\">\n\t\t\t\t\t<div class=\"parralax-centertext\">\n\t\t\t\t\t\t<div class=\"container\">\n\t\t\t\t\t\t\t\t<div class=\"col-xs-12 col-sm-6 col-sm-offset-1 col-md-7 col-md-offset-1 quickcontact-text\">\n\t\t\t\t\t\t\t\tAlioze, ein Team von RGPD-Experten\n\t\t\t\t\t\t\t\t<\/div>\n\t\t\t\t\t\t\t\t<div class=\"col-xs-12 col-sm-4 col-md-3\">\n\t\t\t\t\t\t\t\t<a href=\"https:\/\/www.alioze.com\/de\/kontakt\/\" class=\"btn btn-lg btn-default  center-block\">Kontakt aufnehmen<\/a>\n\t\t\t\t\t\t\t\t<\/div>\n\t\t\t\t\t\t<\/div>\n\t\t\t\t\t<\/div>\n\t\t\t\t<\/div>\n\t\t\t<\/section>\n\t\t\t<div class=\"container\">\n\t\t\t<div class=\"col-xs-12\">\n<p>&nbsp;<\/p>\n<h2>RGPD-Dienstleistungen unserer Experten<\/h2>\n<ul>\n<li>Audit Ihrer aktuellen Sicherheitsprozesse<\/li>\n<li>Audit Ihrer Website, Entwicklungen und notwendige \u00c4nderungen bei Nichteinhaltung<\/li>\n<li>RGPD-Konformit\u00e4tsbericht<\/li>\n<li>Personalisierter Aktionsplan<\/li>\n<li>Empfehlungen zur Einhaltung und Wartung<\/li>\n<li>RGPD-Schulung<\/li>\n<\/ul>\n<p>&nbsp;<\/p>\n<h2>RGPD: Wie sieht es nach Mai 2018 aus?<\/h2>\n<p>Der Erfolg Ihres Unternehmens h\u00e4ngt weitgehend von Ihrer F\u00e4higkeit ab, Beziehungen zu Ihren Kunden aufzubauen. Doch ohne Daten geht das nicht.<\/p>\n<p>Direktmarketing-Kommunikation, personalisierte Angebote, Verbesserungen Ihres E-Commerce auf der Grundlage des K\u00e4uferverhaltens&#8230;: Seien Sie versichert, dass Ihre Ma\u00dfnahmen und Strategien auch nach Inkrafttreten der RGPD weiterlaufen werden.<\/p>\n<p>Lassen Sie sich also nicht von der Compliance abschrecken. W\u00e4hrend es viele Herausforderungen gibt, kann diese Regelung auch eine gro\u00dfe Chance f\u00fcr Ihr Unternehmen und Ihre Website sein.<\/p>\n<p>Wie Sie wissen, sind Datenschutz und Privatsph\u00e4re hei\u00dfe Themen, die die meisten Verbraucher besch\u00e4ftigen. Bevor sie einen Kauf t\u00e4tigen oder mit einer Marke in Kontakt treten, wollen Kunden Gewissheit \u00fcber die Verwendung ihrer Daten haben.<\/p>\n<p>Die cleversten Unternehmen nutzen den Datenschutz bereits als Verkaufsargument. Unabh\u00e4ngig von der Gr\u00f6\u00dfe Ihres Unternehmens oder dem Verkehrsaufkommen auf Ihrer Website \/ Ihrem E-Commerce k\u00f6nnen Sie das gleiche tun.<\/p>\n<p>Entwickeln Sie Ihr Gesch\u00e4ft, Ihre Website und Ihr Markenimage, indem Sie die Vorteile der RGPD nutzen! Lassen Sie die Leute wissen, dass Sie konform sind, indem Sie kommunizieren.<\/p>\n<p>Wenn Sie RGPD-konform sind und Ihr Konkurrent nicht &#8211; oder sogar, wenn Sie beide RGPD-konform sind, aber Sie der einzige sind, der damit prahlt &#8211; k\u00f6nnte das ein gro\u00dfes Verkaufsargument sein.<\/p>\n<p>Sind Sie in M\u00fcnchen, Berlin oder Hamburg ans\u00e4ssig? Unsere Agentur k\u00fcmmert sich um Ihre Akte, wo immer Sie sind.<\/p>\n","protected":false},"excerpt":{"rendered":"<p>Die GDPR(General Data Protection Regulation) ist am 25. Mai 2018 in Kraft getreten. Ben\u00f6tigen Sie eine RGPD-Schulung oder Hilfe bei Ihrer Compliance? Seien Sie vorbereitet, indem Sie sich an die RGPD-Experten in unserer Agentur wenden. Sie werden Ihnen helfen, diese Verordnung und Ihre Pflichten seit ihrer Anwendung besser zu verstehen. RGPD: Ist Ihr Unternehmen betroffen? [&hellip;]<\/p>\n","protected":false},"author":6,"featured_media":0,"parent":0,"menu_order":0,"comment_status":"closed","ping_status":"closed","template":"page-no-title.php","meta":{"_acf_changed":false,"footnotes":""},"class_list":["post-21551","page","type-page","status-publish","hentry"],"acf":[],"aioseo_notices":[],"amp_enabled":false,"_links":{"self":[{"href":"https:\/\/www.alioze.com\/de\/wp-json\/wp\/v2\/pages\/21551","targetHints":{"allow":["GET"]}}],"collection":[{"href":"https:\/\/www.alioze.com\/de\/wp-json\/wp\/v2\/pages"}],"about":[{"href":"https:\/\/www.alioze.com\/de\/wp-json\/wp\/v2\/types\/page"}],"author":[{"embeddable":true,"href":"https:\/\/www.alioze.com\/de\/wp-json\/wp\/v2\/users\/6"}],"replies":[{"embeddable":true,"href":"https:\/\/www.alioze.com\/de\/wp-json\/wp\/v2\/comments?post=21551"}],"version-history":[{"count":2,"href":"https:\/\/www.alioze.com\/de\/wp-json\/wp\/v2\/pages\/21551\/revisions"}],"predecessor-version":[{"id":21657,"href":"https:\/\/www.alioze.com\/de\/wp-json\/wp\/v2\/pages\/21551\/revisions\/21657"}],"wp:attachment":[{"href":"https:\/\/www.alioze.com\/de\/wp-json\/wp\/v2\/media?parent=21551"}],"curies":[{"name":"wp","href":"https:\/\/api.w.org\/{rel}","templated":true}]}}