{"id":21420,"date":"2021-07-05T15:07:18","date_gmt":"2021-07-05T14:07:18","guid":{"rendered":"https:\/\/www.alioze.com\/?page_id=21420"},"modified":"2021-07-05T15:07:18","modified_gmt":"2021-07-05T14:07:18","slug":"cybersecurity","status":"publish","type":"page","link":"https:\/\/www.alioze.com\/de\/cybersecurity\/","title":{"rendered":"Cybersecurity-Agentur (Audit und Sicherheit der Website)"},"content":{"rendered":"<\/div><\/div>\n\t<section class=\"headertitle lazyload\" style=\"background-image:inherit;\" data-bg-image=\"url(https:\/\/www.alioze.com\/wp-content\/themes\/alioze2016\/img\/alioze-production-web-magento-responsive.jpg)\">\n\t\t<div id=\"breadcrumbs\">\n\t\t\t\t\t\t<span>\t\t\t\t\t<a href=\"https:\/\/www.alioze.com\/de\/\">Home<\/a>\n\t\t\t\t\t > \t\t\t\t\t<a href=\"https:\/\/www.alioze.com\/de\/blog\/\">Blog<\/a>\n\t\t\t\t\t > <\/span>\n\t\t\t\t\t<\/div>\n\t\t\t\t<div class=\"content-a\">\n\t\t\t\t\t<div class=\"parralax-centertext text-center\">\n\n\t\t\t\t\t\t<h1>Cybersecurity-Agentur (Audit und Sicherheit der Website)<\/h1>\n\t\t\t\t\t\t<span class=\"baseline\">Intelligenter techniascher Architekt<\/span>\n\t\t\t\t\t<\/div>\n\t\t\t\t<\/div>\n\t\t\t<\/section>\n\t\t\t<div class=\"container\">\n\t\t\t<div class=\"col-xs-12\">\n<p style=\"text-align: center;\">Machen Sie sich Sorgen um die Sicherheit Ihres Unternehmens und Ihrer Website? Die <strong>Cybersecurity-Services<\/strong> von Alioze sind darauf ausgelegt, das Risiko von Verlusten, St\u00f6rungen oder Rufsch\u00e4digung Ihres Unternehmens zu minimieren, die durch die Anf\u00e4lligkeit Ihrer Website oder Ihres E-Mail-Dienstes entstehen k\u00f6nnen.<\/p>\n<p>&nbsp;<\/p>\n<\/div><\/div><div class=\"container-fluid\" style=\"padding:0\"><div id=\"4c883850\" class=\"imgFull lazyload\" style=\"height:350px;background-image:inherit;background-position:center;background-repeat:no-repeat;moz-background-size:cover;background-size: cover;\" data-bg-image=\"url(https:\/\/www.alioze.com\/wp-content\/uploads\/2020\/04\/agence-cybersecurite-2.jpg)\"><\/div><\/div><div class=\"container\"><div class=\"col-xs-12\">\n<p>&nbsp;<\/p>\n<p>Unternehmen aller Gr\u00f6\u00dfen und Branchen sind zunehmend durch gezielte Angriffe bedroht, die von innerhalb und au\u00dferhalb des Netzwerks ausgehen k\u00f6nnen.<\/p>\n<p>Als Haupteingangs- und -ausgangspunkte Ihres Unternehmens stellen E-Mail- und Web-Verkehr das gr\u00f6\u00dfte Risiko f\u00fcr unbefugte Eindringungsversuche dar.<\/p>\n<p>Mit fast 10 Jahren Erfahrung hat Alioze zahlreiche robuste und kundenspezifische Sicherheitsl\u00f6sungen f\u00fcr seine Kunden evaluiert, getestet und implementiert. Unsere Sicherheitsl\u00f6sungen f\u00fcr Ihre Unternehmenswebsite und Ihren E-Mail-Dienst helfen Ihnen, Sicherheitsl\u00fccken zu erkennen und Bedrohungen abzuwehren.<\/p>\n<p>&nbsp;<\/p>\n<h2>Website-Sicherheitsaudit<\/h2>\n<p>Da Informations- und Kommunikationstechnologien jeden Aspekt unseres Lebens durchdringen &#8211; vom Einkaufen \u00fcber die Verwaltung unserer Finanzen bis hin zu Bildung und Handel &#8211; wird das Risiko von Cyber-Bedrohungen f\u00fcr Organisationen auf der ganzen Welt immer gr\u00f6\u00dfer.<\/p>\n<p>Als Unternehmen, das diese Technologien einsetzt, sind Sie leider nicht davor gefeit. Cyber-Angriffe passieren jeden Tag, denn wenn es ein Sicherheitsproblem gibt, kann jeder mit einer Internetverbindung die Schwachstellen in Ihrer Plattform finden.<\/p>\n<p>Um also die Sicherheit Ihres Unternehmens zu gew\u00e4hrleisten und die sensiblen Informationen in Ihrer Datenbank (Kundenkartennummern, E-Mail-Adressen usw.) zu sch\u00fctzen, ist es unerl\u00e4sslich, dass Hacker die Schwachstelle Ihrer Website nicht ausnutzen.<\/p>\n<p>Die <strong>Website-Sicherheits-<\/strong> und Wartungsdienste von Alioze erm\u00f6glichen es Ihrem Unternehmen, Schwachstellen in Ihrem Code zu erkennen und zu beheben, die Hackern den Zugriff auf alle sensiblen Daten Ihrer Website erm\u00f6glichen k\u00f6nnten.<\/p>\n<p>Dazu f\u00fchrt unser Entwicklerteam, bestehend aus Magento und WordPress Sicherheitsexperten, eine <strong>Sicherheits\u00fcberpr\u00fcfung Ihrer Website<\/strong> durch und stellt Ihnen einen umfassenden Bericht zur Verf\u00fcgung, der alle gefundenen Schwachstellen identifiziert und Empfehlungen zur Behebung der Bedrohung enth\u00e4lt.<\/p>\n<p>Alioze hilft Ihnen auch bei der Implementierung geeigneter L\u00f6sungen und Patches, um alle Ihre Sicherheitsprobleme zu l\u00f6sen und b\u00f6sartige Angriffe zu blockieren.<\/p>\n<p>Mit diesem Code-Audit erhalten Sie eine detaillierte Auflistung aller Schwachstellen Ihrer Website in Bezug auf Performance und Sicherheit sowie die Mittel, diese zu beheben. Ohne Code-Auditing k\u00f6nnen Sie nicht sicher sein, dass Ihre Magento-E-Commerce- oder WordPress-Site ordnungsgem\u00e4\u00df gesichert ist.<\/p>\n<\/div><\/div>\n\t<section class=\"quickcontact lazyload\" style=\"background-image:inherit;\" data-bg-image=\"url(https:\/\/www.alioze.com\/wp-content\/themes\/alioze2016\/img\/alioze-production-web-magento-responsive.jpg)\">\n\t\t\t\t<div class=\"content-a\">\n\t\t\t\t\t<div class=\"parralax-centertext\">\n\t\t\t\t\t\t<div class=\"container\">\n\t\t\t\t\t\t\t\t<div class=\"col-xs-12 col-sm-6 col-sm-offset-1 col-md-7 col-md-offset-1 quickcontact-text\">\n\t\t\t\t\t\t\t\tAlioze, die Wahl einer bew\u00e4hrten Cybersicherheitsagentur\n\t\t\t\t\t\t\t\t<\/div>\n\t\t\t\t\t\t\t\t<div class=\"col-xs-12 col-sm-4 col-md-3\">\n\t\t\t\t\t\t\t\t<a href=\"https:\/\/www.alioze.com\/de\/kontakt\/\" class=\"btn btn-lg btn-default  center-block\">Kontakt aufnehmen<\/a>\n\t\t\t\t\t\t\t\t<\/div>\n\t\t\t\t\t\t<\/div>\n\t\t\t\t\t<\/div>\n\t\t\t\t<\/div>\n\t\t\t<\/section>\n\t\t\t<div class=\"container\">\n\t\t\t<div class=\"col-xs-12\">\n<h2>Magento Sicherheitsaudit<\/h2>\n<p>Halten Sie Ihre PCI-Sicherheitsstandards auf dem neuesten Stand f\u00fcr Ihre Magento E-Commerce ist ein guter Ort, um zu beginnen, aber Sie sollten auch mehrere Schichten der Sicherheit f\u00fcr jeden Kunden zugewandten Endpunkt hinzuf\u00fcgen.<\/p>\n<p>In der Tat reichen grundlegende Schutztools nicht mehr aus, um sich vor neuen und ausgekl\u00fcgelten Cyberangriffen zu sch\u00fctzen, und die fehlende Implementierung von Cybersicherheitsdiensten kann ein ganzes Unternehmen in Gefahr bringen.<\/p>\n<p>Manchmal gen\u00fcgt ein einziges Modul, eine einzige Erweiterung oder ein wartungsfreies Update, um Ihr gesamtes Unternehmen in Gefahr zu bringen. Schon eine kurze Unterbrechung des Netzes f\u00fchrt zu einem erheblichen finanziellen Schaden, der in Millionenh\u00f6he gez\u00e4hlt werden kann.<\/p>\n<p>Deshalb ist es wichtig, Ihren Magento-E-Commerce so sicher wie m\u00f6glich zu machen, um ihn vor passwortbasierten Angriffen, SQL-Injection, Cross Site Scripting und anderen Angriffen auf Anwendungsebene zu sch\u00fctzen.<\/p>\n<p>Durch die Durchf\u00fchrung eines <strong>Magento-Sicherheitsaudits<\/strong> k\u00f6nnen Sie Angriffe auf Ihre E-Commerce-Site verhindern und blockieren, indem Sie die verschiedenen Schwachstellen identifizieren und beheben.<\/p>\n<p>Bei einem Magento-Sicherheitsaudit wird der<span id=\"result_box\" class=\"\" lang=\"fr\">Das Entwicklerteam von Alioze f\u00fchrt eine vollst\u00e4ndige Pr\u00fcfung Ihrer E-Commerce-Site durch. Wir pr\u00fcfen die neuesten Patches, suchen nach Updates, f\u00fchren benutzerdefinierte Sicherheitspr\u00fcfskripte und verschiedene Tests durch.<\/span><\/p>\n<p><span id=\"result_box\" class=\"\" lang=\"fr\"><span class=\"\">Sobald das Audit Ihres Magento abgeschlossen ist, erhalten Sie von uns einen detaillierten Bericht \u00fcber die Leistung des Systems sowie Empfehlungen, die Sie entweder mit uns oder mit einem anderen Partner oder einer Agentur umsetzen k\u00f6nnen.<\/span><\/span><\/p>\n<p>&nbsp;<\/p>\n<h2>WordPress-Sicherheitsaudit<\/h2>\n<p>WordPress ist eines der popul\u00e4rsten Open-Source-Content-Management-Systeme (CMS) und daher ein beliebtes Ziel f\u00fcr Hacker. Sie nutzen Blogs und Websites, um Malware, Phishing und andere Angriffe zu verbreiten.<\/p>\n<p>Erfolgreiche Versuche, sich \u00fcber ein CMS wie WordPress unberechtigten Zugang zu verschaffen, geben Angreifern die M\u00f6glichkeit, PHP-Backdoors und andere b\u00f6sartige Skripte auf kompromittierte Websites hochzuladen. Es ist daher notwendig, Ihre WordPress-Site zu sichern, bevor ein Hacker die Schwachstelle ausnutzen kann.<\/p>\n<p>Wenn es um Cybersicherheit geht, sind WordPress-Sicherheitsplugins nicht ausreichend, da sie mehrere Sicherheitsl\u00fccken enthalten k\u00f6nnen. Wenn Sie also nicht das n\u00e4chste Opfer von Hackern werden wollen, m\u00fcssen Sie die Schwachstellen in Ihrer Website finden.<\/p>\n<p>Ein <strong>WordPress-Sicherheitsaudit<\/strong>, das von Alioze durchgef\u00fchrt wird, erm\u00f6glicht es Ihnen, von diesen Schwachstellen zu erfahren, sie zu beheben und verschiedene Ma\u00dfnahmen zu implementieren, um sicherzustellen, dass Ihre Website vollst\u00e4ndig sicher ist.<\/p>\n<p>&nbsp;<\/p>\n<h2>E-Mail- und Unternehmens-E-Mail-Sicherheit<\/h2>\n<p>Externe Bedrohungen gelangen \u00fcber normale Kommunikationskan\u00e4le, wie z. B. E-Mail, in Ihr Unternehmen. Deshalb brauchen Sie eine <strong>Sicherheitsl\u00f6sung<\/strong>, die Ihr Unternehmen vor allen E-Mail-Bedrohungen sch\u00fctzt.<\/p>\n<p>Diese L\u00f6sung umfasst Filterfunktionen und Funktionen f\u00fcr die Gesch\u00e4ftskontinuit\u00e4t.<\/p>\n<p>Die Filterfunktion blockiert Viren, indem sie die IP-Adresse des Absenders, die Gr\u00f6\u00dfe des Anhangs, den Dateityp, den Textinhalt, die Reputation des Absenders und mehr untersucht, um zu verhindern, dass Malware, Spam und andere Junk-Mails den Posteingang erreichen. Die Filterung stellt sicher, dass vertrauensw\u00fcrdige E-Mails mit minimaler Verz\u00f6gerung zugestellt werden, w\u00e4hrend betr\u00fcgerische E-Mails blockiert oder unter Quarant\u00e4ne gestellt werden.<\/p>\n<p>&nbsp;<\/p>\n<h2>Ben\u00f6tigen Sie Hilfe bei der Sicherung Ihrer Website?<\/h2>\n<p style=\"text-align: center;\">Unsere Cybersecurity-Agentur ist von Montag bis Freitag von 9:30 Uhr bis 19:00 Uhr ge\u00f6ffnet.<\/p>\n<p style=\"text-align: center;\">Z\u00f6gern Sie nicht, uns telefonisch unter <a href=\"tel:+33183622184\"> +33 (0) 1 83 62 21 84<\/a> zu kontaktieren oder f\u00fcllen Sie dieses kurze Formular aus:<\/p>\n<p>\n<div class=\"wpcf7 no-js\" id=\"wpcf7-f21287-o1\" lang=\"de-DE\" dir=\"ltr\" data-wpcf7-id=\"21287\">\n<div class=\"screen-reader-response\"><p role=\"status\" aria-live=\"polite\" aria-atomic=\"true\"><\/p> <ul><\/ul><\/div>\n<form action=\"\/de\/wp-json\/wp\/v2\/pages\/21420#wpcf7-f21287-o1\" method=\"post\" class=\"wpcf7-form init\" aria-label=\"Kontaktformular\" novalidate=\"novalidate\" data-status=\"init\">\n<fieldset class=\"hidden-fields-container\"><input type=\"hidden\" name=\"_wpcf7\" value=\"21287\" \/><input type=\"hidden\" name=\"_wpcf7_version\" value=\"6.1.5\" \/><input type=\"hidden\" name=\"_wpcf7_locale\" value=\"de_DE\" \/><input type=\"hidden\" name=\"_wpcf7_unit_tag\" value=\"wpcf7-f21287-o1\" \/><input type=\"hidden\" name=\"_wpcf7_container_post\" value=\"0\" \/><input type=\"hidden\" name=\"_wpcf7_posted_data_hash\" value=\"\" \/><input type=\"hidden\" name=\"_wpcf7_recaptcha_response\" value=\"\" \/>\n<\/fieldset>\n<div class=\"form-group\">\n\t<p><span class=\"wpcf7-form-control-wrap\" data-name=\"contact-name\"><input size=\"40\" maxlength=\"400\" class=\"wpcf7-form-control wpcf7-text wpcf7-validates-as-required form-control\" aria-required=\"true\" aria-invalid=\"false\" placeholder=\"Ihr Name *\" value=\"\" type=\"text\" name=\"contact-name\" \/><\/span>\n\t<\/p>\n<\/div>\n<div class=\"form-group\">\n\t<p><span class=\"wpcf7-form-control-wrap\" data-name=\"contact-telephone\"><input size=\"40\" maxlength=\"400\" class=\"wpcf7-form-control wpcf7-text wpcf7-validates-as-required form-control\" aria-required=\"true\" aria-invalid=\"false\" placeholder=\"Ihre Rufnummer *\" value=\"\" type=\"text\" name=\"contact-telephone\" \/><\/span>\n\t<\/p>\n<\/div>\n<div class=\"form-group\">\n\t<p><span class=\"wpcf7-form-control-wrap\" data-name=\"contact-email\"><input size=\"40\" maxlength=\"400\" class=\"wpcf7-form-control wpcf7-email wpcf7-validates-as-required wpcf7-text wpcf7-validates-as-email form-control\" aria-required=\"true\" aria-invalid=\"false\" placeholder=\"Ihre E-Mail Adresse *\" value=\"\" type=\"email\" name=\"contact-email\" \/><\/span>\n\t<\/p>\n<\/div>\n<div class=\"form-group\">\n\t<p><span class=\"wpcf7-form-control-wrap\" data-name=\"contact-message\"><textarea cols=\"40\" rows=\"10\" maxlength=\"2000\" class=\"wpcf7-form-control wpcf7-textarea wpcf7-validates-as-required form-control\" aria-required=\"true\" aria-invalid=\"false\" placeholder=\"Ihre Nachricht *\" name=\"contact-message\"><\/textarea><\/span>\n\t<\/p>\n<\/div>\n<p><span class=\"wpcf7-form-control-wrap\" data-name=\"checkbox-262\"><span class=\"wpcf7-form-control wpcf7-checkbox wpcf7-validates-as-required\"><span class=\"wpcf7-list-item first last\"><input type=\"checkbox\" name=\"checkbox-262[]\" value=\"Ich habe die Allgemeinen Gesch\u00e4ftsbedingungen gelesen und akzeptiere sie\" \/><span class=\"wpcf7-list-item-label\">Ich habe die Allgemeinen Gesch\u00e4ftsbedingungen gelesen und akzeptiere sie<\/span><\/span><\/span><\/span><br \/>\n<input class=\"wpcf7-form-control wpcf7-submit has-spinner btn btn-lg btn-default btn-dark center-block gtm-contact-form-submit\" type=\"submit\" value=\"Senden\" \/>\n<\/p><p style=\"display: none !important;\" class=\"akismet-fields-container\" data-prefix=\"_wpcf7_ak_\"><label>&#916;<textarea name=\"_wpcf7_ak_hp_textarea\" cols=\"45\" rows=\"8\" maxlength=\"100\"><\/textarea><\/label><input type=\"hidden\" id=\"ak_js_1\" name=\"_wpcf7_ak_js\" value=\"4\"\/><script type=\"text\/javascript\">\n\/* <![CDATA[ *\/\ndocument.getElementById( \"ak_js_1\" ).setAttribute( \"value\", ( new Date() ).getTime() );\n\/* ]]> *\/\n<\/script>\n<\/p><div class=\"wpcf7-response-output\" aria-hidden=\"true\"><\/div>\n<\/form>\n<\/div>\n<br \/>\nSind Sie in M\u00fcnchen, Berlin oder Hamburg ans\u00e4ssig?<br \/>\nUnsere Agentur k\u00fcmmert sich um Ihre Akte, wo immer Sie sind.<\/p>\n","protected":false},"excerpt":{"rendered":"<p>Machen Sie sich Sorgen um die Sicherheit Ihres Unternehmens und Ihrer Website? Die Cybersecurity-Services von Alioze sind darauf ausgelegt, das Risiko von Verlusten, St\u00f6rungen oder Rufsch\u00e4digung Ihres Unternehmens zu minimieren, die durch die Anf\u00e4lligkeit Ihrer Website oder Ihres E-Mail-Dienstes entstehen k\u00f6nnen. &nbsp; &nbsp; Unternehmen aller Gr\u00f6\u00dfen und Branchen sind zunehmend durch gezielte Angriffe bedroht, die [&hellip;]<\/p>\n","protected":false},"author":6,"featured_media":0,"parent":0,"menu_order":0,"comment_status":"closed","ping_status":"closed","template":"page-no-title.php","meta":{"_acf_changed":false,"footnotes":""},"class_list":["post-21420","page","type-page","status-publish","hentry"],"acf":[],"aioseo_notices":[],"amp_enabled":false,"_links":{"self":[{"href":"https:\/\/www.alioze.com\/de\/wp-json\/wp\/v2\/pages\/21420","targetHints":{"allow":["GET"]}}],"collection":[{"href":"https:\/\/www.alioze.com\/de\/wp-json\/wp\/v2\/pages"}],"about":[{"href":"https:\/\/www.alioze.com\/de\/wp-json\/wp\/v2\/types\/page"}],"author":[{"embeddable":true,"href":"https:\/\/www.alioze.com\/de\/wp-json\/wp\/v2\/users\/6"}],"replies":[{"embeddable":true,"href":"https:\/\/www.alioze.com\/de\/wp-json\/wp\/v2\/comments?post=21420"}],"version-history":[{"count":2,"href":"https:\/\/www.alioze.com\/de\/wp-json\/wp\/v2\/pages\/21420\/revisions"}],"predecessor-version":[{"id":21435,"href":"https:\/\/www.alioze.com\/de\/wp-json\/wp\/v2\/pages\/21420\/revisions\/21435"}],"wp:attachment":[{"href":"https:\/\/www.alioze.com\/de\/wp-json\/wp\/v2\/media?parent=21420"}],"curies":[{"name":"wp","href":"https:\/\/api.w.org\/{rel}","templated":true}]}}