{"id":21277,"date":"2021-07-01T10:29:45","date_gmt":"2021-07-01T09:29:45","guid":{"rendered":"https:\/\/www.alioze.com\/?page_id=21277"},"modified":"2021-08-04T11:48:30","modified_gmt":"2021-08-04T10:48:30","slug":"kommunikations-agentur-spezialisierte-kinder","status":"publish","type":"page","link":"https:\/\/www.alioze.com\/de\/agentur-kommunikations-kinder\/","title":{"rendered":"Agentur f\u00fcr Kommunikation, spezialisiert auf Kinder"},"content":{"rendered":"<\/div><\/div>\n\t<section class=\"headertitle lazyload\" style=\"background-image:inherit;\" data-bg-image=\"url(https:\/\/www.alioze.com\/wp-content\/themes\/alioze2016\/img\/alioze-communication-branding-design.jpg)\">\n\t\t<div id=\"breadcrumbs\">\n\t\t\t\t\t\t<span>\t\t\t\t\t<a href=\"https:\/\/www.alioze.com\/de\/\">Home<\/a>\n\t\t\t\t\t > \t\t\t\t\t<a href=\"https:\/\/www.alioze.com\/de\/blog\/\">Blog<\/a>\n\t\t\t\t\t > <\/span>\n\t\t\t\t\t<\/div>\n\t\t\t\t<div class=\"content-a\">\n\t\t\t\t\t<div class=\"parralax-centertext text-center\">\n\n\t\t\t\t\t\t<h1>Agentur f\u00fcr Kommunikation, spezialisiert auf Kinder<\/h1>\n\t\t\t\t\t\t<span class=\"baseline\">Deutschland &amp; International<\/span>\n\t\t\t\t\t<\/div>\n\t\t\t\t<\/div>\n\t\t\t<\/section>\n\t\t\t<div class=\"container\">\n\t\t\t<div class=\"col-xs-12\">\n<p style=\"text-align: center;\">Sie sind auf der Suche nach einer <strong>Kommunikationsagentur, die sich auf Babys, Kinder und Teenager spezialisiert<\/strong> hat? Willkommen bei Alioze.<\/p>\n<p style=\"text-align: center;\">Sie wollen Ihre Marke einf\u00fchren oder die Bekanntheit einer bestehenden Marke steigern?<br \/>\nEine Website erstellen oder neu gestalten?<br \/>\nEntwickeln Sie Ihren Umsatz und erobern Sie neue M\u00e4rkte, indem Sie eine ehrgeizige und wirkungsvolle Kommunikationsstrategie umsetzen?<\/p>\n<p style=\"text-align: center;\">Sie wollen Ihr Projekt einer kompetenten und unabh\u00e4ngigen Agentur anvertrauen?<\/p>\n<p style=\"text-align: center;\">Alioze ist eine auf Kinder und Jugendliche spezialisierte Kommunikationsagentur mit starkem digitalen Know-how. Unser engagiertes Team f\u00fcr Kinderkommunikation hilft Ihnen, eine solide Strategie zu entwickeln und Ihre Ziele zu erreichen.<\/p>\n<\/div><\/div><div class=\"container-fluid\" style=\"padding:0\"><div id=\"c5693790\" class=\"imgFull lazyload\" style=\"height:350px;background-image:inherit;background-position:top;background-repeat:no-repeat;moz-background-size:cover;background-size: cover;\" data-bg-image=\"url(https:\/\/www.alioze.com\/wp-content\/uploads\/2020\/06\/agence-communication-enfant.jpg)\"><\/div><\/div><div class=\"container\"><div class=\"col-xs-12\">\n<p>&nbsp;<\/p>\n<h2>Unsere ma\u00dfgeschneiderten Dienstleistungen f\u00fcr Fachleute aus dem Kinderbereich<\/h2>\n<ul>\n<li><a href=\"https:\/\/www.alioze.com\/de\/entwicklung\/\" target=\"_blank\" rel=\"noopener noreferrer\">Web-Entwicklung<\/a>:\n<ul>\n<li>Erstellung von Showcase- oder E-Commerce-Seiten mit aktuellem und einzigartigem Design und gro\u00dfer Ergonomie.<\/li>\n<\/ul>\n<\/li>\n<li><a href=\"https:\/\/www.alioze.com\/de\/kommunikation\/\" target=\"_blank\" rel=\"noopener noreferrer\">Kommunikation<\/a>:\n<ul>\n<li>Namensgebung, Branding, Webdesign und Art Direction, die die Essenz Ihrer Marke einfangen.<\/li>\n<li>Erstellung von Kampagnen, textlichen und grafischen Inhalten.<\/li>\n<li>Newsletter schreiben &amp; E-Mail-Kampagne.<\/li>\n<li>Pressearbeit f\u00fcr die Ver\u00f6ffentlichung Ihrer Produkte oder Ihrer Veranstaltungen.<\/li>\n<li>Soziale Medien.<\/li>\n<li>\u00dcberwachung und Optimierung Ihrer E-Reputation.<\/li>\n<\/ul>\n<\/li>\n<li><a href=\"https:\/\/www.alioze.com\/de\/erwerb\/\" target=\"_blank\" rel=\"noopener noreferrer\">Marketing, Werbung und Akquisition<\/a>:\n<ul>\n<li>SEO-Ma\u00dfnahmen f\u00fcr nat\u00fcrliche Referenzierung und SEA f\u00fcr bezahlte Referenzierung.<\/li>\n<li>Entschl\u00fcsselung und Analyse des Nutzerverhaltens, um die Bed\u00fcrfnisse und Motivationen Ihrer Kunden besser zu verstehen und um aufkommende und vielversprechende Trends zu erfassen.<\/li>\n<li>Werbung in sozialen Netzwerken.<\/li>\n<\/ul>\n<\/li>\n<\/ul>\n<p>Das Ziel &#8222;Kinder &amp; Familie&#8220; ist ein sehr spezifisches Ziel, das eine besondere rechtliche und moralische Dimension hat und eine sehr spezifische Expertise erfordert. Seit 2008 hilft Alioze vielen Marken, deren Produkte und Dienstleistungen sich an Babys, Kinder und Teenager &#8211; M\u00e4dchen und Jungen &#8211; richten, bei der Entwicklung ihrer Kommunikationsstrategie und ihrer Webentwicklung.<\/p>\n<p>Unser Jugendteam verf\u00fcgt \u00fcber ausgezeichnete Kenntnisse des rechtlichen Umfelds des <strong>Kindermarktes<\/strong> und verfolgt aufmerksam neue Trends in diesem Sektor. So sind wir in der Lage, mutige und ma\u00dfgeschneiderte Strategien vorzuschlagen, die es Ihnen erm\u00f6glichen, Ihre Ziele von Bekanntheit und Wachstum zu erreichen.<\/p>\n<\/div><\/div>\n\t<section class=\"quickcontact lazyload\" style=\"background-image:inherit;\" data-bg-image=\"url(https:\/\/www.alioze.com\/wp-content\/themes\/alioze2016\/img\/alioze-communication-branding-design.jpg)\">\n\t\t\t\t<div class=\"content-a\">\n\t\t\t\t\t<div class=\"parralax-centertext\">\n\t\t\t\t\t\t<div class=\"container\">\n\t\t\t\t\t\t\t\t<div class=\"col-xs-12 col-sm-6 col-sm-offset-1 col-md-7 col-md-offset-1 quickcontact-text\">\n\t\t\t\t\t\t\t\tAlioze, die Expertenagentur f\u00fcr Jugendkommunikation\n\t\t\t\t\t\t\t\t<\/div>\n\t\t\t\t\t\t\t\t<div class=\"col-xs-12 col-sm-4 col-md-3\">\n\t\t\t\t\t\t\t\t<a href=\"https:\/\/www.alioze.com\/de\/kontakt\/\" class=\"btn btn-lg btn-default  center-block\">Kontakt aufnehmen<\/a>\n\t\t\t\t\t\t\t\t<\/div>\n\t\t\t\t\t\t<\/div>\n\t\t\t\t\t<\/div>\n\t\t\t\t<\/div>\n\t\t\t<\/section>\n\t\t\t<div class=\"container\">\n\t\t\t<div class=\"col-xs-12\">\n<p>&nbsp;<\/p>\n<p>&nbsp;<\/p>\n<h2>Einige unserer Kundenreferenzen im Bereich Jugend &amp; Kinder<\/h2>\n<div class=\"text-center\">\n<p><img decoding=\"async\" class=\"img-client\" src=\"https:\/\/www.alioze.com\/wp-content\/uploads\/2016\/02\/agence-web-de-tartine-et-chocolat.png\" alt=\"agence-web-de-tartine-et-chocolat\" \/><img decoding=\"async\" class=\"img-client\" src=\"https:\/\/www.alioze.com\/wp-content\/uploads\/2016\/02\/agence-web-de-kenzo-kids.png\" alt=\"agence-web-de-kenzo-kids\" \/><img decoding=\"async\" class=\"img-client\" src=\"https:\/\/www.alioze.com\/wp-content\/uploads\/2016\/02\/agence-web-de-paul-smith-junior.png\" alt=\"agence-web-de-paul-smith-junior\" \/><img decoding=\"async\" class=\"img-client\" src=\"https:\/\/www.alioze.com\/wp-content\/uploads\/2016\/02\/agence-web-de-catimini.png\" alt=\"agence-web-de-catimini\" \/><img decoding=\"async\" class=\"img-client\" src=\"https:\/\/www.alioze.com\/wp-content\/uploads\/2016\/02\/agence-web-de-3pommes.png\" alt=\"agence-web-de-3pommes\" \/><img decoding=\"async\" class=\"img-client\" src=\"https:\/\/www.alioze.com\/wp-content\/uploads\/2016\/02\/agence-web-de-little-boudoir.png\" alt=\"agence-web-de-little-boudoir\" \/><img decoding=\"async\" class=\"img-client\" src=\"https:\/\/www.alioze.com\/wp-content\/uploads\/2017\/08\/agence-web-festi.png\" alt=\"agence web festi\" \/><img decoding=\"async\" class=\"img-client\" src=\"https:\/\/www.alioze.com\/wp-content\/uploads\/2016\/02\/agence-web-de-lecons-de-chose.png\" alt=\"agence-web-de-lecons-de-chose\" \/><img decoding=\"async\" class=\"img-client\" src=\"https:\/\/www.alioze.com\/wp-content\/uploads\/2020\/06\/agence-communication-mattel-1.png\" alt=\"agence-communication-mattel\" \/><img decoding=\"async\" class=\"img-client\" src=\"https:\/\/www.alioze.com\/wp-content\/uploads\/2020\/06\/agence-communication-hot-wheels.png\" alt=\"agence-communication-hot-wheels\" \/><img decoding=\"async\" class=\"img-client\" src=\"https:\/\/www.alioze.com\/wp-content\/uploads\/2020\/06\/agence-communication-lamaloli.png\" alt=\"agence communication lamaloli\" \/><img decoding=\"async\" class=\"img-client\" src=\"https:\/\/www.alioze.com\/wp-content\/uploads\/2021\/01\/agence-communication-open-sky-international.png\" alt=\"agence communication open sky international\" \/><\/p>\n<\/div>\n<p>&nbsp;<\/p>\n<p>Die Expertise von Alioze im Bereich des <strong>Kinder- und Familienmarketings<\/strong> richtet sich an ein breites Spektrum von Akteuren aller Gr\u00f6\u00dfenordnungen, darunter :<\/p>\n<ul>\n<li><strong>Mode-, Konfektions- oder Kinderaccessoires-Designer<\/strong>, die gerade dabei sind, ihr Markenimage zu lancieren oder zu st\u00e4rken;<\/li>\n<li><strong>KMUs<\/strong> <strong>, die sich auf Produkte und Dienstleistungen f\u00fcr Kinder und Jugendliche spezialisiert haben<\/strong> und ihren Ruf ausbauen und ihren Umsatz steigern wollen;<\/li>\n<li><strong>Gro\u00dfe Industriekonzerne<\/strong> oder <strong>etablierte Modeh\u00e4user<\/strong>, die ihre Position st\u00e4rken, ihr Markenimage verteidigen oder ver\u00e4ndern und neue Kinderm\u00e4rkte erobern wollen.<\/li>\n<\/ul>\n<p>Das Angebot von Alioze erstreckt sich auf <span style=\"text-decoration: underline;\">alle Produkte und Dienstleistungen f\u00fcr Kinder<\/span>, von der Geburt bis zum Ende der Adoleszenz: Kleidung, Accessoires, Spielzeug &amp; Spiele, Kost\u00fcme, B\u00fccher &amp; Lehrb\u00fccher, Bildung, Audiovisuelles, Lebensmittel, Kinderbetreuungsprodukte, etc. und deckt alle M\u00e4rkte ab: lokal, national, international.<\/p>\n<p>&nbsp;<\/p>\n<p>&nbsp;<\/p>\n<h2>Brauchen Sie Hilfe bei Ihrer Jugendmarke?<\/h2>\n<p style=\"text-align: center;\">Unsere Agentur ist von Montag bis Freitag von 9:30 Uhr bis 19:00 Uhr ge\u00f6ffnet.<\/p>\n<p style=\"text-align: center;\">Z\u00f6gern Sie nicht, uns telefonisch unter <a href=\"tel:+33183622184\"> +33 (0) 1 83 62 21 84<\/a> zu kontaktieren oder f\u00fcllen Sie dieses kurze Formular aus:<\/p>\n\n<div class=\"wpcf7 no-js\" id=\"wpcf7-f21287-o1\" lang=\"de-DE\" dir=\"ltr\" data-wpcf7-id=\"21287\">\n<div class=\"screen-reader-response\"><p role=\"status\" aria-live=\"polite\" aria-atomic=\"true\"><\/p> <ul><\/ul><\/div>\n<form action=\"\/de\/wp-json\/wp\/v2\/pages\/21277#wpcf7-f21287-o1\" method=\"post\" class=\"wpcf7-form init\" aria-label=\"Kontaktformular\" novalidate=\"novalidate\" data-status=\"init\">\n<fieldset class=\"hidden-fields-container\"><input type=\"hidden\" name=\"_wpcf7\" value=\"21287\" \/><input type=\"hidden\" name=\"_wpcf7_version\" value=\"6.1.5\" \/><input type=\"hidden\" name=\"_wpcf7_locale\" value=\"de_DE\" \/><input type=\"hidden\" name=\"_wpcf7_unit_tag\" value=\"wpcf7-f21287-o1\" \/><input type=\"hidden\" name=\"_wpcf7_container_post\" value=\"0\" \/><input type=\"hidden\" name=\"_wpcf7_posted_data_hash\" value=\"\" \/><input type=\"hidden\" name=\"_wpcf7_recaptcha_response\" value=\"\" \/>\n<\/fieldset>\n<div class=\"form-group\">\n\t<p><span class=\"wpcf7-form-control-wrap\" data-name=\"contact-name\"><input size=\"40\" maxlength=\"400\" class=\"wpcf7-form-control wpcf7-text wpcf7-validates-as-required form-control\" aria-required=\"true\" aria-invalid=\"false\" placeholder=\"Ihr Name *\" value=\"\" type=\"text\" name=\"contact-name\" \/><\/span>\n\t<\/p>\n<\/div>\n<div class=\"form-group\">\n\t<p><span class=\"wpcf7-form-control-wrap\" data-name=\"contact-telephone\"><input size=\"40\" maxlength=\"400\" class=\"wpcf7-form-control wpcf7-text wpcf7-validates-as-required form-control\" aria-required=\"true\" aria-invalid=\"false\" placeholder=\"Ihre Rufnummer *\" value=\"\" type=\"text\" name=\"contact-telephone\" \/><\/span>\n\t<\/p>\n<\/div>\n<div class=\"form-group\">\n\t<p><span class=\"wpcf7-form-control-wrap\" data-name=\"contact-email\"><input size=\"40\" maxlength=\"400\" class=\"wpcf7-form-control wpcf7-email wpcf7-validates-as-required wpcf7-text wpcf7-validates-as-email form-control\" aria-required=\"true\" aria-invalid=\"false\" placeholder=\"Ihre E-Mail Adresse *\" value=\"\" type=\"email\" name=\"contact-email\" \/><\/span>\n\t<\/p>\n<\/div>\n<div class=\"form-group\">\n\t<p><span class=\"wpcf7-form-control-wrap\" data-name=\"contact-message\"><textarea cols=\"40\" rows=\"10\" maxlength=\"2000\" class=\"wpcf7-form-control wpcf7-textarea wpcf7-validates-as-required form-control\" aria-required=\"true\" aria-invalid=\"false\" placeholder=\"Ihre Nachricht *\" name=\"contact-message\"><\/textarea><\/span>\n\t<\/p>\n<\/div>\n<p><span class=\"wpcf7-form-control-wrap\" data-name=\"checkbox-262\"><span class=\"wpcf7-form-control wpcf7-checkbox wpcf7-validates-as-required\"><span class=\"wpcf7-list-item first last\"><input type=\"checkbox\" name=\"checkbox-262[]\" value=\"Ich habe die Allgemeinen Gesch\u00e4ftsbedingungen gelesen und akzeptiere sie\" \/><span class=\"wpcf7-list-item-label\">Ich habe die Allgemeinen Gesch\u00e4ftsbedingungen gelesen und akzeptiere sie<\/span><\/span><\/span><\/span><br \/>\n<input class=\"wpcf7-form-control wpcf7-submit has-spinner btn btn-lg btn-default btn-dark center-block gtm-contact-form-submit\" type=\"submit\" value=\"Senden\" \/>\n<\/p><p style=\"display: none !important;\" class=\"akismet-fields-container\" data-prefix=\"_wpcf7_ak_\"><label>&#916;<textarea name=\"_wpcf7_ak_hp_textarea\" cols=\"45\" rows=\"8\" maxlength=\"100\"><\/textarea><\/label><input type=\"hidden\" id=\"ak_js_1\" name=\"_wpcf7_ak_js\" value=\"204\"\/><script type=\"text\/javascript\">\n\/* <![CDATA[ *\/\ndocument.getElementById( \"ak_js_1\" ).setAttribute( \"value\", ( new Date() ).getTime() );\n\/* ]]> *\/\n<\/script>\n<\/p><div class=\"wpcf7-response-output\" aria-hidden=\"true\"><\/div>\n<\/form>\n<\/div>\n\n<p>&nbsp;<\/p>\n<p>&nbsp;<\/p>\n<h2>Kinder und Kommunikation im Internet: Fokus<\/h2>\n<p>Heutzutage sind alle Kinder Digital Natives und werden immer fr\u00fcher mit Smartphones ausgestattet, aber ihre Navigation und digitale Nutzung ist einzigartig. Sie sind daher sensibler als ihre Altersgenossen f\u00fcr die Empfehlungen und Meinungen ihrer Altersgenossen. Um sie zu erreichen, ist der Einsatz von sozialen Netzwerken und Influencern oft unerl\u00e4sslich.<\/p>\n<p>Ein Schaufenster oder eine H\u00e4ndlerseite zu haben, die ergonomisch ist und die Codes der Kindheit respektiert, ist auch wesentlich.<\/p>\n<p>Da die endg\u00fcltige Kaufentscheidung in der Regel von den Eltern &#8211; den Erwachsenen &#8211; getroffen wird, ist es schlie\u00dflich auch wichtig, ihre Zustimmung einzuholen, indem man sie auf subtile Weise anspricht.<\/p>\n<p>Als Kommunikationsagentur, die sich auf Kinder und Jugendliche spezialisiert hat, hilft Alioze Ihnen, diese Hindernisse zu \u00fcberwinden und effektive Kommunikationsstrategien zu entwickeln, mit denen Sie Ihre Ziele erreichen k\u00f6nnen.<\/p>\n<p>&nbsp;<\/p>\n<p>&nbsp;<\/p>\n<h2><a style=\"color: #333333;\" href=\"https:\/\/www.alioze.com\/secteurs\" target=\"_blank\" rel=\"noopener\">Sektoren<\/a> auf die sich Alioze spezialisiert hat<\/h2>\n<p style=\"text-align: center;\">Sind Sie in M\u00fcnchen, Berlin oder Hamburg ans\u00e4ssig?<br \/>\nUnsere Agentur k\u00fcmmert sich um Ihre Akte, wo immer Sie sind.<\/p>\n","protected":false},"excerpt":{"rendered":"<p>Sie sind auf der Suche nach einer Kommunikationsagentur, die sich auf Babys, Kinder und Teenager spezialisiert hat? Willkommen bei Alioze. Sie wollen Ihre Marke einf\u00fchren oder die Bekanntheit einer bestehenden Marke steigern? Eine Website erstellen oder neu gestalten? Entwickeln Sie Ihren Umsatz und erobern Sie neue M\u00e4rkte, indem Sie eine ehrgeizige und wirkungsvolle Kommunikationsstrategie umsetzen? [&hellip;]<\/p>\n","protected":false},"author":6,"featured_media":0,"parent":0,"menu_order":0,"comment_status":"closed","ping_status":"closed","template":"page-no-title.php","meta":{"_acf_changed":false,"footnotes":""},"class_list":["post-21277","page","type-page","status-publish","hentry"],"acf":[],"aioseo_notices":[],"amp_enabled":false,"_links":{"self":[{"href":"https:\/\/www.alioze.com\/de\/wp-json\/wp\/v2\/pages\/21277","targetHints":{"allow":["GET"]}}],"collection":[{"href":"https:\/\/www.alioze.com\/de\/wp-json\/wp\/v2\/pages"}],"about":[{"href":"https:\/\/www.alioze.com\/de\/wp-json\/wp\/v2\/types\/page"}],"author":[{"embeddable":true,"href":"https:\/\/www.alioze.com\/de\/wp-json\/wp\/v2\/users\/6"}],"replies":[{"embeddable":true,"href":"https:\/\/www.alioze.com\/de\/wp-json\/wp\/v2\/comments?post=21277"}],"version-history":[{"count":8,"href":"https:\/\/www.alioze.com\/de\/wp-json\/wp\/v2\/pages\/21277\/revisions"}],"predecessor-version":[{"id":22638,"href":"https:\/\/www.alioze.com\/de\/wp-json\/wp\/v2\/pages\/21277\/revisions\/22638"}],"wp:attachment":[{"href":"https:\/\/www.alioze.com\/de\/wp-json\/wp\/v2\/media?parent=21277"}],"curies":[{"name":"wp","href":"https:\/\/api.w.org\/{rel}","templated":true}]}}