{"id":21248,"date":"2021-07-01T14:59:04","date_gmt":"2021-07-01T13:59:04","guid":{"rendered":"https:\/\/www.alioze.com\/?page_id=21248"},"modified":"2021-08-04T12:07:35","modified_gmt":"2021-08-04T11:07:35","slug":"kommunikations-agentur-spezialisiert-wein-champagner-spirituosen","status":"publish","type":"page","link":"https:\/\/www.alioze.com\/de\/agentur-kommunikations-weine","title":{"rendered":"Kommunikationsagentur, spezialisiert auf Wein, Champagner &amp; Spirituosen"},"content":{"rendered":"<\/div><\/div>\n\t<section class=\"headertitle lazyload\" style=\"background-image:inherit;\" data-bg-image=\"url(https:\/\/www.alioze.com\/wp-content\/themes\/alioze2016\/img\/alioze-communication-branding-design.jpg)\">\n\t\t<div id=\"breadcrumbs\">\n\t\t\t\t\t\t<span>\t\t\t\t\t<a href=\"https:\/\/www.alioze.com\/de\/\">Home<\/a>\n\t\t\t\t\t > \t\t\t\t\t<a href=\"https:\/\/www.alioze.com\/de\/blog\/\">Blog<\/a>\n\t\t\t\t\t > <\/span>\n\t\t\t\t\t<\/div>\n\t\t\t\t<div class=\"content-a\">\n\t\t\t\t\t<div class=\"parralax-centertext text-center\">\n\n\t\t\t\t\t\t<h1>Kommunikationsagentur, spezialisiert auf Wein, Champagner &amp; Spirituosen<\/h1>\n\t\t\t\t\t\t<span class=\"baseline\">Deutschland &amp; International<\/span>\n\t\t\t\t\t<\/div>\n\t\t\t\t<\/div>\n\t\t\t<\/section>\n\t\t\t<div class=\"container\">\n\t\t\t<div class=\"col-xs-12\">\n<p style=\"text-align: center;\">Sie sind auf der Suche nach einer <strong>Kommunikationsagentur, die sich auf Wein<\/strong>,<strong> Champagner<\/strong> und <strong>Spirituosen<\/strong> <strong>spezialisiert<\/strong> hat? Willkommen bei Alioze.<\/p>\n<p style=\"text-align: center;\">Sie m\u00f6chten Etiketten f\u00fcr Ihre Flaschen, ein Logo oder eine komplette visuelle Identit\u00e4t f\u00fcr Ihre Marke erstellen? Wirkungsvolle und ansprechende Inhalte erstellen?<br \/>\nSie m\u00f6chten den Rat einer fachkundigen Agentur der Branche f\u00fcr die Umsetzung einer Kommunikationsstrategie nutzen, die Ihren Bekanntheitsgrad erh\u00f6ht, Ihr Markenimage st\u00e4rkt und Ihren Umsatz steigert?<\/p>\n<p style=\"text-align: center;\">Alioze ist eine unabh\u00e4ngige 360\u00b0-Kommunikationsagentur, die seit \u00fcber 10 Jahren Fachleute aus der Wein-, Champagner- und Spirituosenbranche bei der Entwicklung ihrer Marketingstrategie, ihrer Markenbotschaft, ihrer Online-\/Offline-Werbung und ihrer E-Commerce-Seite ber\u00e4t.<\/p>\n<p style=\"text-align: left;\"><\/div><\/div>\n\t<section class=\"quickcontact lazyload\" style=\"background-image:inherit;\" data-bg-image=\"url(https:\/\/www.alioze.com\/wp-content\/themes\/alioze2016\/img\/alioze-communication-branding-design.jpg)\">\n\t\t\t\t<div class=\"content-a\">\n\t\t\t\t\t<div class=\"parralax-centertext\">\n\t\t\t\t\t\t<div class=\"container\">\n\t\t\t\t\t\t\t\t<div class=\"col-xs-12 col-sm-6 col-sm-offset-1 col-md-7 col-md-offset-1 quickcontact-text\">\n\t\t\t\t\t\t\t\tAlioze, die spezialisierte Wein und Spirituosenagentur, die Ihre Bed\u00fcrfnisse erf\u00fcllt\n\t\t\t\t\t\t\t\t<\/div>\n\t\t\t\t\t\t\t\t<div class=\"col-xs-12 col-sm-4 col-md-3\">\n\t\t\t\t\t\t\t\t<a href=\"https:\/\/www.alioze.com\/de\/kontakt\/\" class=\"btn btn-lg btn-default  center-block\">Kontakt aufnehmen<\/a>\n\t\t\t\t\t\t\t\t<\/div>\n\t\t\t\t\t\t<\/div>\n\t\t\t\t\t<\/div>\n\t\t\t\t<\/div>\n\t\t\t<\/section>\n\t\t\t<div class=\"container\">\n\t\t\t<div class=\"col-xs-12\"><\/p>\n<p>&nbsp;<\/p>\n\n\t\t<style type=\"text\/css\">\n\t\t\t#gallery-1 {\n\t\t\t\tmargin: auto;\n\t\t\t}\n\t\t\t#gallery-1 .gallery-item {\n\t\t\t\tfloat: left;\n\t\t\t\tmargin-top: 10px;\n\t\t\t\ttext-align: center;\n\t\t\t\twidth: 33%;\n\t\t\t}\n\t\t\t#gallery-1 img {\n\t\t\t\tborder: 2px solid #cfcfcf;\n\t\t\t}\n\t\t\t#gallery-1 .gallery-caption {\n\t\t\t\tmargin-left: 0;\n\t\t\t}\n\t\t\t\/* see gallery_shortcode() in wp-includes\/media.php *\/\n\t\t<\/style>\n\t\t<div id='gallery-1' class='gallery galleryid-21248 gallery-columns-3 gallery-size-thumbnail'><dl class='gallery-item'>\n\t\t\t<dt class='gallery-icon landscape'>\n\t\t\t\t<a href='https:\/\/www.alioze.com\/de\/kommunikations-agentur-spezialisiert-wein-champagner-spirituosen\/agence-reseau-sociau-vin-alcool\/'><img decoding=\"async\" width=\"150\" height=\"150\" data-src=\"https:\/\/www.alioze.com\/wp-content\/uploads\/2020\/06\/agence-reseau-sociau-vin-alcool-150x150.jpg\" class=\"attachment-thumbnail size-thumbnail lazyload\" alt=\"\" src=\"data:image\/svg+xml;base64,PHN2ZyB3aWR0aD0iMSIgaGVpZ2h0PSIxIiB4bWxucz0iaHR0cDovL3d3dy53My5vcmcvMjAwMC9zdmciPjwvc3ZnPg==\" style=\"--smush-placeholder-width: 150px; --smush-placeholder-aspect-ratio: 150\/150;\" \/><\/a>\n\t\t\t<\/dt><\/dl><dl class='gallery-item'>\n\t\t\t<dt class='gallery-icon landscape'>\n\t\t\t\t<a href='https:\/\/www.alioze.com\/de\/kommunikations-agentur-spezialisiert-wein-champagner-spirituosen\/agence-web-vin-alcool\/'><img decoding=\"async\" width=\"150\" height=\"150\" data-src=\"https:\/\/www.alioze.com\/wp-content\/uploads\/2020\/06\/agence-web-vin-alcool-150x150.jpg\" class=\"attachment-thumbnail size-thumbnail lazyload\" alt=\"\" src=\"data:image\/svg+xml;base64,PHN2ZyB3aWR0aD0iMSIgaGVpZ2h0PSIxIiB4bWxucz0iaHR0cDovL3d3dy53My5vcmcvMjAwMC9zdmciPjwvc3ZnPg==\" style=\"--smush-placeholder-width: 150px; --smush-placeholder-aspect-ratio: 150\/150;\" \/><\/a>\n\t\t\t<\/dt><\/dl><dl class='gallery-item'>\n\t\t\t<dt class='gallery-icon portrait'>\n\t\t\t\t<a href='https:\/\/www.alioze.com\/de\/kommunikations-agentur-spezialisiert-wein-champagner-spirituosen\/agence-branding-vin-alcool\/'><img decoding=\"async\" width=\"150\" height=\"150\" data-src=\"https:\/\/www.alioze.com\/wp-content\/uploads\/2020\/06\/agence-branding-vin-alcool-150x150.jpg\" class=\"attachment-thumbnail size-thumbnail lazyload\" alt=\"\" src=\"data:image\/svg+xml;base64,PHN2ZyB3aWR0aD0iMSIgaGVpZ2h0PSIxIiB4bWxucz0iaHR0cDovL3d3dy53My5vcmcvMjAwMC9zdmciPjwvc3ZnPg==\" style=\"--smush-placeholder-width: 150px; --smush-placeholder-aspect-ratio: 150\/150;\" \/><\/a>\n\t\t\t<\/dt><\/dl><br style=\"clear: both\" \/><dl class='gallery-item'>\n\t\t\t<dt class='gallery-icon landscape'>\n\t\t\t\t<a href='https:\/\/www.alioze.com\/de\/kommunikations-agentur-spezialisiert-wein-champagner-spirituosen\/agence-marketing-vin-alcool\/'><img decoding=\"async\" width=\"150\" height=\"150\" data-src=\"https:\/\/www.alioze.com\/wp-content\/uploads\/2020\/06\/agence-marketing-vin-alcool-150x150.jpg\" class=\"attachment-thumbnail size-thumbnail lazyload\" alt=\"\" src=\"data:image\/svg+xml;base64,PHN2ZyB3aWR0aD0iMSIgaGVpZ2h0PSIxIiB4bWxucz0iaHR0cDovL3d3dy53My5vcmcvMjAwMC9zdmciPjwvc3ZnPg==\" style=\"--smush-placeholder-width: 150px; --smush-placeholder-aspect-ratio: 150\/150;\" \/><\/a>\n\t\t\t<\/dt><\/dl><dl class='gallery-item'>\n\t\t\t<dt class='gallery-icon portrait'>\n\t\t\t\t<a href='https:\/\/www.alioze.com\/de\/kommunikations-agentur-spezialisiert-wein-champagner-spirituosen\/agence-publicite-vin-alcool\/'><img decoding=\"async\" width=\"150\" height=\"150\" data-src=\"https:\/\/www.alioze.com\/wp-content\/uploads\/2020\/06\/agence-publicite-vin-alcool-150x150.jpg\" class=\"attachment-thumbnail size-thumbnail lazyload\" alt=\"\" src=\"data:image\/svg+xml;base64,PHN2ZyB3aWR0aD0iMSIgaGVpZ2h0PSIxIiB4bWxucz0iaHR0cDovL3d3dy53My5vcmcvMjAwMC9zdmciPjwvc3ZnPg==\" style=\"--smush-placeholder-width: 150px; --smush-placeholder-aspect-ratio: 150\/150;\" \/><\/a>\n\t\t\t<\/dt><\/dl><dl class='gallery-item'>\n\t\t\t<dt class='gallery-icon portrait'>\n\t\t\t\t<a href='https:\/\/www.alioze.com\/de\/kommunikations-agentur-spezialisiert-wein-champagner-spirituosen\/agence-referencement-seo-vin-alcool\/'><img decoding=\"async\" width=\"150\" height=\"150\" data-src=\"https:\/\/www.alioze.com\/wp-content\/uploads\/2020\/06\/agence-referencement-seo-vin-alcool-150x150.jpg\" class=\"attachment-thumbnail size-thumbnail lazyload\" alt=\"\" src=\"data:image\/svg+xml;base64,PHN2ZyB3aWR0aD0iMSIgaGVpZ2h0PSIxIiB4bWxucz0iaHR0cDovL3d3dy53My5vcmcvMjAwMC9zdmciPjwvc3ZnPg==\" style=\"--smush-placeholder-width: 150px; --smush-placeholder-aspect-ratio: 150\/150;\" \/><\/a>\n\t\t\t<\/dt><\/dl><br style=\"clear: both\" \/><dl class='gallery-item'>\n\t\t\t<dt class='gallery-icon landscape'>\n\t\t\t\t<a href='https:\/\/www.alioze.com\/de\/kommunikations-agentur-spezialisiert-wein-champagner-spirituosen\/agence-relations-presse-vin-alcool\/'><img decoding=\"async\" width=\"150\" height=\"150\" data-src=\"https:\/\/www.alioze.com\/wp-content\/uploads\/2020\/06\/agence-relations-presse-vin-alcool-150x150.jpg\" class=\"attachment-thumbnail size-thumbnail lazyload\" alt=\"\" src=\"data:image\/svg+xml;base64,PHN2ZyB3aWR0aD0iMSIgaGVpZ2h0PSIxIiB4bWxucz0iaHR0cDovL3d3dy53My5vcmcvMjAwMC9zdmciPjwvc3ZnPg==\" style=\"--smush-placeholder-width: 150px; --smush-placeholder-aspect-ratio: 150\/150;\" \/><\/a>\n\t\t\t<\/dt><\/dl>\n\t\t\t<br style='clear: both' \/>\n\t\t<\/div>\n\n<p>&nbsp;<\/p>\n<p>&nbsp;<\/p>\n<h2>Unsere ma\u00dfgeschneiderten Dienstleistungen f\u00fcr Wein- &amp; Spirituosenprofis<\/h2>\n<p>Als Kommunikations- und Webagentur, die auf Wein und Alkohol spezialisiert ist, begleitet Alioze Sie bei jedem Schritt Ihres Projekts: von der strategischen \u00dcberlegung \u00fcber Ihre Positionierung und Ihr Image bis hin zu den konkreten Aktionen der Eroberung.<\/p>\n<ul>\n<li><a href=\"https:\/\/www.alioze.com\/de\/entwicklung\/\" target=\"_blank\" rel=\"noopener noreferrer\">Web-Entwicklung<\/a>:\n<ul>\n<li>Erstellung einer responsiven, mehrsprachigen und SEO-freundlichen Website bzw. E-Commerce \/ E-Shop, die die Besonderheiten des Alkoholsektors ber\u00fccksichtigt.<\/li>\n<\/ul>\n<\/li>\n<li><a href=\"https:\/\/www.alioze.com\/de\/kommunikation\/\" target=\"_blank\" rel=\"noopener noreferrer\">Kommunikation<\/a>:\n<ul>\n<li>Medienarbeit und Influencer, um Ihnen die bestm\u00f6gliche Presseberichterstattung f\u00fcr Ihre Reden oder f\u00fcr die Einf\u00fchrung eines neuen Produkts oder einer Marke zu bieten.<\/li>\n<li>Beratung zur Positionierung und Markenstrategie.<\/li>\n<li>Namensvorschlag f\u00fcr Ihre neue Marke oder Ihr neues Produkt.<\/li>\n<li>Erstellung oder Neugestaltung eines Logos und einer Grafikcharta im Einklang mit Ihrer Produkt- oder Markenpositionierung.<\/li>\n<li>E-Reputationsmanagement.<\/li>\n<li>Newsletter &amp; E-Mailing-Kampagne.<\/li>\n<li>Erstellung von Inhalten (Text und Grafik), die f\u00fcr die Referenzierung oder f\u00fcr den Druck optimiert sind.<\/li>\n<li>Shootings mit unseren Fotografen und Videofilmern.<\/li>\n<\/ul>\n<\/li>\n<li><a href=\"https:\/\/www.alioze.com\/de\/erwerb\/\" target=\"_blank\" rel=\"noopener noreferrer\">Akquisition und Marketing<\/a>:\n<ul>\n<li>SEO-Aktionen zur nat\u00fcrlichen Referenzierung auf lokaler, nationaler und internationaler Ebene.<\/li>\n<li>Erstellung und Umsetzung von Werbekampagnen im Web, in Suchmaschinen und sozialen Netzwerken.<\/li>\n<li>Strategische Beratung, Verwaltung und Animation Ihrer Accounts in sozialen Netzwerken.<\/li>\n<\/ul>\n<\/li>\n<\/ul>\n<p>Unser Expertenteam beobachtet akribisch und gr\u00fcndlich die neuesten Trends, Anwendungen und das Web, um Ihnen angepasste L\u00f6sungen anzubieten, mit denen Sie Ihren Umsatz langfristig steigern k\u00f6nnen.<\/p>\n<p>&nbsp;<\/p>\n<p>&nbsp;<\/p>\n<h2>Einige unserer Kundenreferenzen aus dem Bereich Luxus, Wein und Champagner<\/h2>\n<p>Seit 2008 hat Alioze mehr als 250 Marken geholfen, ihre digitale Transformation zu st\u00e4rken, ihre Kommunikationsstrategie zu entwickeln und neue Kunden zu gewinnen. Dazu geh\u00f6ren sowohl gro\u00dfe als auch kleine Akteure der Branche.<\/p>\n<p>Unser Know-how richtet sich an :<\/p>\n<ul>\n<li><strong>Weinh\u00e4ndler <\/strong>oder <strong>Besitzer eines Weinguts<\/strong>.<\/li>\n<li><strong>Unabh\u00e4ngige Winzer<\/strong>, die ihre Marke aufbauen und Online-Sichtbarkeit erlangen wollen.<\/li>\n<li><strong>Handelsunternehmen<\/strong>, die ihre Marken aufwerten, ihr Image und ihre Online-Pr\u00e4senz st\u00e4rken wollen.<\/li>\n<li><strong>Gro\u00dfe Marken<\/strong>, die ihr Image st\u00e4rken und ihre Positionierung im Vergleich zu konkurrierenden Marken verbessern wollen.<\/li>\n<li><strong>Veranstalter von gro\u00dfen<\/strong> Wein- und Spirituosenmessen, die ihrer Veranstaltung maximale Sichtbarkeit verleihen wollen.<\/li>\n<\/ul>\n<p>Urspr\u00fcnglich in Bordeaux ans\u00e4ssig, bevor wir nach Paris und Schottland expandierten, hat sich unsere Spezialagentur f\u00fcr Wein, Alkohol und Spirituosen zu einem Experten in diesem Sektor entwickelt. Unser Team aus Kreativen, Strategen und Technikern setzt alles daran, den Erfolg Ihrer Online- und Offline-Projekte sicherzustellen.<\/p>\n<p>Unser Know-how erstreckt sich auf eine lange Liste von Spirituosen: Weine, Champagner, Cognacs, Biere, Schaumweine, Prosecco, Lik\u00f6re, Aperitifs, Digestifs, franz\u00f6sische und internationale Spirituosen.<\/p>\n<p>&nbsp;<\/p>\n<p>&nbsp;<\/p>\n<h2>Ben\u00f6tigen Sie Hilfe bei Ihrer Wein-, Sekt- oder Alkoholmarke?<\/h2>\n<p style=\"text-align: center;\">Unsere Agentur ist von Montag bis Freitag von 9:30 Uhr bis 19:00 Uhr ge\u00f6ffnet.<\/p>\n<p style=\"text-align: center;\">Z\u00f6gern Sie nicht, uns telefonisch unter <a href=\"tel:+33183622184\"> +33 (0) 1 83 62 21 84<\/a> zu kontaktieren oder f\u00fcllen Sie dieses kurze Formular aus:<\/p>\n\n<div class=\"wpcf7 no-js\" id=\"wpcf7-f21287-o1\" lang=\"de-DE\" dir=\"ltr\" data-wpcf7-id=\"21287\">\n<div class=\"screen-reader-response\"><p role=\"status\" aria-live=\"polite\" aria-atomic=\"true\"><\/p> <ul><\/ul><\/div>\n<form action=\"\/de\/wp-json\/wp\/v2\/pages\/21248#wpcf7-f21287-o1\" method=\"post\" class=\"wpcf7-form init\" aria-label=\"Kontaktformular\" novalidate=\"novalidate\" data-status=\"init\">\n<fieldset class=\"hidden-fields-container\"><input type=\"hidden\" name=\"_wpcf7\" value=\"21287\" \/><input type=\"hidden\" name=\"_wpcf7_version\" value=\"6.1.5\" \/><input type=\"hidden\" name=\"_wpcf7_locale\" value=\"de_DE\" \/><input type=\"hidden\" name=\"_wpcf7_unit_tag\" value=\"wpcf7-f21287-o1\" \/><input type=\"hidden\" name=\"_wpcf7_container_post\" value=\"0\" \/><input type=\"hidden\" name=\"_wpcf7_posted_data_hash\" value=\"\" \/><input type=\"hidden\" name=\"_wpcf7_recaptcha_response\" value=\"\" \/>\n<\/fieldset>\n<div class=\"form-group\">\n\t<p><span class=\"wpcf7-form-control-wrap\" data-name=\"contact-name\"><input size=\"40\" maxlength=\"400\" class=\"wpcf7-form-control wpcf7-text wpcf7-validates-as-required form-control\" aria-required=\"true\" aria-invalid=\"false\" placeholder=\"Ihr Name *\" value=\"\" type=\"text\" name=\"contact-name\" \/><\/span>\n\t<\/p>\n<\/div>\n<div class=\"form-group\">\n\t<p><span class=\"wpcf7-form-control-wrap\" data-name=\"contact-telephone\"><input size=\"40\" maxlength=\"400\" class=\"wpcf7-form-control wpcf7-text wpcf7-validates-as-required form-control\" aria-required=\"true\" aria-invalid=\"false\" placeholder=\"Ihre Rufnummer *\" value=\"\" type=\"text\" name=\"contact-telephone\" \/><\/span>\n\t<\/p>\n<\/div>\n<div class=\"form-group\">\n\t<p><span class=\"wpcf7-form-control-wrap\" data-name=\"contact-email\"><input size=\"40\" maxlength=\"400\" class=\"wpcf7-form-control wpcf7-email wpcf7-validates-as-required wpcf7-text wpcf7-validates-as-email form-control\" aria-required=\"true\" aria-invalid=\"false\" placeholder=\"Ihre E-Mail Adresse *\" value=\"\" type=\"email\" name=\"contact-email\" \/><\/span>\n\t<\/p>\n<\/div>\n<div class=\"form-group\">\n\t<p><span class=\"wpcf7-form-control-wrap\" data-name=\"contact-message\"><textarea cols=\"40\" rows=\"10\" maxlength=\"2000\" class=\"wpcf7-form-control wpcf7-textarea wpcf7-validates-as-required form-control\" aria-required=\"true\" aria-invalid=\"false\" placeholder=\"Ihre Nachricht *\" name=\"contact-message\"><\/textarea><\/span>\n\t<\/p>\n<\/div>\n<p><span class=\"wpcf7-form-control-wrap\" data-name=\"checkbox-262\"><span class=\"wpcf7-form-control wpcf7-checkbox wpcf7-validates-as-required\"><span class=\"wpcf7-list-item first last\"><input type=\"checkbox\" name=\"checkbox-262[]\" value=\"Ich habe die Allgemeinen Gesch\u00e4ftsbedingungen gelesen und akzeptiere sie\" \/><span class=\"wpcf7-list-item-label\">Ich habe die Allgemeinen Gesch\u00e4ftsbedingungen gelesen und akzeptiere sie<\/span><\/span><\/span><\/span><br \/>\n<input class=\"wpcf7-form-control wpcf7-submit has-spinner btn btn-lg btn-default btn-dark center-block gtm-contact-form-submit\" type=\"submit\" value=\"Senden\" \/>\n<\/p><p style=\"display: none !important;\" class=\"akismet-fields-container\" data-prefix=\"_wpcf7_ak_\"><label>&#916;<textarea name=\"_wpcf7_ak_hp_textarea\" cols=\"45\" rows=\"8\" maxlength=\"100\"><\/textarea><\/label><input type=\"hidden\" id=\"ak_js_1\" name=\"_wpcf7_ak_js\" value=\"205\"\/><script type=\"text\/javascript\">\n\/* <![CDATA[ *\/\ndocument.getElementById( \"ak_js_1\" ).setAttribute( \"value\", ( new Date() ).getTime() );\n\/* ]]> *\/\n<\/script>\n<\/p><div class=\"wpcf7-response-output\" aria-hidden=\"true\"><\/div>\n<\/form>\n<\/div>\n\n<p>&nbsp;<\/p>\n<p>&nbsp;<\/p>\n<h2>Wein, Sekt und Spirituosen im Web: Fokus<\/h2>\n<p>Angetrieben von China w\u00e4chst der globale Online-Vertriebsmarkt seit 2018 stetig, f\u00fcr Frankreich ist er der zweite Wachstumstreiber. In diesem Zusammenhang sind gro\u00dfe Konzerne wie LVMH und Pernod Ricard, deren Marken eine starke Identit\u00e4t haben, am besten in der Lage &#8211; insbesondere bei den Spirituosen &#8211; hervorzutreten und werden bevorzugt.<\/p>\n<p>Franz\u00f6sische und internationale Verbraucher sind jedoch weiterhin auf der Suche nach neuen Produkten und Trends, wovon Wein, Champagner und bestimmte weniger bekannte Spirituosen profitieren. F\u00fcr kleine und neue Marken geht es darum, eine klare Positionierung zu bieten, die in ihrem Namen, ihrer visuellen Identit\u00e4t, ihrem Storytelling und ihrer gesamten Kommunikation verankert sein muss.<\/p>\n<p>In beiden F\u00e4llen &#8211; sowohl bei etablierten Marken als auch bei aufstrebenden Marken &#8211; spielt die Digitalisierung (\u00fcber SEO, SEA und soziale Netzwerke) eine wichtige Rolle, um sicherzustellen, dass die Markeninhaber optimal referenziert werden und die Ums\u00e4tze weiter wachsen.<\/p>\n<p>&nbsp;<\/p>\n<p>&nbsp;<\/p>\n<h2><a style=\"color: #333333;\" href=\"https:\/\/www.alioze.com\/secteurs\" target=\"_blank\" rel=\"noopener\">Sektoren<\/a> auf die sich Alioze spezialisiert hat<\/h2>\n<p style=\"text-align: center;\">Sind Sie in M\u00fcnchen, Berlin oder Hamburg ans\u00e4ssig?<br \/>\nUnsere Agentur k\u00fcmmert sich um Ihre Akte, wo immer Sie sind.<\/p>\n","protected":false},"excerpt":{"rendered":"<p>Sie sind auf der Suche nach einer Kommunikationsagentur, die sich auf Wein, Champagner und Spirituosen spezialisiert hat? Willkommen bei Alioze. Sie m\u00f6chten Etiketten f\u00fcr Ihre Flaschen, ein Logo oder eine komplette visuelle Identit\u00e4t f\u00fcr Ihre Marke erstellen? Wirkungsvolle und ansprechende Inhalte erstellen? Sie m\u00f6chten den Rat einer fachkundigen Agentur der Branche f\u00fcr die Umsetzung einer [&hellip;]<\/p>\n","protected":false},"author":6,"featured_media":21262,"parent":0,"menu_order":0,"comment_status":"closed","ping_status":"closed","template":"page-no-title.php","meta":{"_acf_changed":false,"footnotes":""},"class_list":["post-21248","page","type-page","status-publish","has-post-thumbnail","hentry"],"acf":[],"aioseo_notices":[],"amp_enabled":false,"_links":{"self":[{"href":"https:\/\/www.alioze.com\/de\/wp-json\/wp\/v2\/pages\/21248","targetHints":{"allow":["GET"]}}],"collection":[{"href":"https:\/\/www.alioze.com\/de\/wp-json\/wp\/v2\/pages"}],"about":[{"href":"https:\/\/www.alioze.com\/de\/wp-json\/wp\/v2\/types\/page"}],"author":[{"embeddable":true,"href":"https:\/\/www.alioze.com\/de\/wp-json\/wp\/v2\/users\/6"}],"replies":[{"embeddable":true,"href":"https:\/\/www.alioze.com\/de\/wp-json\/wp\/v2\/comments?post=21248"}],"version-history":[{"count":5,"href":"https:\/\/www.alioze.com\/de\/wp-json\/wp\/v2\/pages\/21248\/revisions"}],"predecessor-version":[{"id":22715,"href":"https:\/\/www.alioze.com\/de\/wp-json\/wp\/v2\/pages\/21248\/revisions\/22715"}],"wp:featuredmedia":[{"embeddable":true,"href":"https:\/\/www.alioze.com\/de\/wp-json\/wp\/v2\/media\/21262"}],"wp:attachment":[{"href":"https:\/\/www.alioze.com\/de\/wp-json\/wp\/v2\/media?parent=21248"}],"curies":[{"name":"wp","href":"https:\/\/api.w.org\/{rel}","templated":true}]}}