{"id":21242,"date":"2021-07-01T15:53:07","date_gmt":"2021-07-01T14:53:07","guid":{"rendered":"https:\/\/www.alioze.com\/?page_id=21242"},"modified":"2021-08-04T11:32:39","modified_gmt":"2021-08-04T10:32:39","slug":"kommunikations-agentur-spezialisiert-notar-kanzleien","status":"publish","type":"page","link":"https:\/\/www.alioze.com\/de\/agentur-kommunikations-anwaltskanzleien","title":{"rendered":"Kommunikationsagentur, spezialisiert auf Anwaltskanzleien und Notare"},"content":{"rendered":"<\/div><\/div>\n\t<section class=\"headertitle lazyload\" style=\"background-image:inherit;\" data-bg-image=\"url(https:\/\/www.alioze.com\/wp-content\/themes\/alioze2016\/img\/alioze-communication-branding-design.jpg)\">\n\t\t<div id=\"breadcrumbs\">\n\t\t\t\t\t\t<span>\t\t\t\t\t<a href=\"https:\/\/www.alioze.com\/de\/\">Home<\/a>\n\t\t\t\t\t > \t\t\t\t\t<a href=\"https:\/\/www.alioze.com\/de\/blog\/\">Blog<\/a>\n\t\t\t\t\t > <\/span>\n\t\t\t\t\t<\/div>\n\t\t\t\t<div class=\"content-a\">\n\t\t\t\t\t<div class=\"parralax-centertext text-center\">\n\n\t\t\t\t\t\t<h1>Kommunikationsagentur, spezialisiert auf Anwaltskanzleien und Notare<\/h1>\n\t\t\t\t\t\t<span class=\"baseline\">Deutschland &amp; International<\/span>\n\t\t\t\t\t<\/div>\n\t\t\t\t<\/div>\n\t\t\t<\/section>\n\t\t\t<div class=\"container\">\n\t\t\t<div class=\"col-xs-12\">\n<p style=\"text-align: center;\">Sie sind Jurist und suchen eine <strong>Kommunikationsagentur, die sich auf Anwaltskanzleien<\/strong> und <strong>Notariate<\/strong> <strong>spezialisiert<\/strong> hat? Willkommen bei Alioze.<\/p>\n<p style=\"text-align: center;\">Sind Sie dabei, eine Firma oder eine Studie zu \u00fcbernehmen, oder wollen Sie Ihrer jetzigen Firma mehr Sichtbarkeit verleihen oder ihre Legitimit\u00e4t st\u00e4rken?<br \/>\nSie wollen eine eigene Positionierung und Identit\u00e4t, um sich zu identifizieren und zu differenzieren?<br \/>\nSie wollen Ihre Website erstellen oder komplett neu gestalten?<\/p>\n<p style=\"text-align: center;\">Alioze ist eine <strong>Kommunikationsagentur mit starkem Fokus auf Digitales<\/strong> und bietet eine Reihe von Strategien und konkreten L\u00f6sungen f\u00fcr Anw\u00e4lte und Notare, die den Ruf und die Sichtbarkeit ihrer Kanzlei oder ihres B\u00fcros verbessern und so mehr Mandanten gewinnen wollen.<\/p>\n<p>&nbsp;<\/p>\n<\/div><\/div><div class=\"container-fluid\" style=\"padding:0\"><div id=\"9f1e76b4\" class=\"imgFull lazyload\" style=\"height:350px;background-image:inherit;background-position:top;background-repeat:no-repeat;moz-background-size:cover;background-size: cover;\" data-bg-image=\"url(https:\/\/www.alioze.com\/wp-content\/uploads\/2020\/05\/agence-communication-cabinet-avocat.jpg)\"><\/div><\/div><div class=\"container\"><div class=\"col-xs-12\">\n<p>&nbsp;<\/p>\n<h2>Unsere ma\u00dfgeschneiderten Dienstleistungen f\u00fcr Rechtsanw\u00e4lte und Notare<\/h2>\n<ul>\n<li><a href=\"https:\/\/www.alioze.com\/de\/entwicklung\/\" target=\"_blank\" rel=\"noopener noreferrer\">Web-Entwicklung<\/a>:\n<ul>\n<li>Erstellung oder Neugestaltung Ihrer Website: Alle unsere Websites sind responsive, ergonomisch und setzen auf ein High-End-Design, um die Seriosit\u00e4t Ihres Unternehmens und Ihrer Aktivit\u00e4ten bestm\u00f6glich widerzuspiegeln.<\/li>\n<\/ul>\n<\/li>\n<li><a href=\"https:\/\/www.alioze.com\/de\/erwerb\/\" target=\"_blank\" rel=\"noopener noreferrer\">Akquisition<\/a>:\n<ul>\n<li>Als erfahrene Google Ads-Agentur implementiert Alioze effektive Kampagnen, die zur Steigerung Ihrer Konversionsrate beitragen.<\/li>\n<li>Als SEO-Experte kann Alioze Ihren Content so schreiben oder umschreiben, dass er die bestm\u00f6gliche Referenzierung garantiert und Sie in den ersten Ergebnissen einer Suche in den Suchmaschinen positioniert.<\/li>\n<\/ul>\n<\/li>\n<li><a href=\"https:\/\/www.alioze.com\/de\/kommunikation\/\" target=\"_blank\" rel=\"noopener noreferrer\">Kommunikation<\/a>:\n<ul>\n<li>Wir bieten verschiedene Kommunikationsma\u00dfnahmen wie die Erstellung von Inhalten, Newsletter- und E-Mailing-Kampagnen oder auch das Management und Monitoring Ihrer E-Reputation.<\/li>\n<li>Entwicklung eines Logos, einer visuellen Identit\u00e4t und einer grafischen Charta in v\u00f6lliger \u00dcbereinstimmung mit der Positionierung Ihrer Firma und Ihrer Studie. Diese Arbeit erm\u00f6glicht es Ihnen, sich von Ihren Mitbewerbern abzugrenzen und sich so besser zu identifizieren.<\/li>\n<\/ul>\n<\/li>\n<\/ul>\n<\/div><\/div>\n\t<section class=\"quickcontact lazyload\" style=\"background-image:inherit;\" data-bg-image=\"url(https:\/\/www.alioze.com\/wp-content\/themes\/alioze2016\/img\/alioze-communication-branding-design.jpg)\">\n\t\t\t\t<div class=\"content-a\">\n\t\t\t\t\t<div class=\"parralax-centertext\">\n\t\t\t\t\t\t<div class=\"container\">\n\t\t\t\t\t\t\t\t<div class=\"col-xs-12 col-sm-6 col-sm-offset-1 col-md-7 col-md-offset-1 quickcontact-text\">\n\t\t\t\t\t\t\t\tAlioze, die auf Anwaltskanzleien und Notariate spezialisierte Agentur, die Ihre Bed\u00fcrfnisse erf\u00fcllt\n\t\t\t\t\t\t\t\t<\/div>\n\t\t\t\t\t\t\t\t<div class=\"col-xs-12 col-sm-4 col-md-3\">\n\t\t\t\t\t\t\t\t<a href=\"https:\/\/www.alioze.com\/de\/kontakt\/\" class=\"btn btn-lg btn-default  center-block\">Kontakt aufnehmen<\/a>\n\t\t\t\t\t\t\t\t<\/div>\n\t\t\t\t\t\t<\/div>\n\t\t\t\t\t<\/div>\n\t\t\t\t<\/div>\n\t\t\t<\/section>\n\t\t\t<div class=\"container\">\n\t\t\t<div class=\"col-xs-12\">\n<p>&nbsp;<\/p>\n<p>&nbsp;<\/p>\n<h2>Einige unserer Kundenreferenzen aus dem juristischen und wirtschaftlichen Bereich<\/h2>\n<p>Nach der Arbeit mit mehr als 250 Kunden in einer Vielzahl von Sektoren hat Alioze eine branchen\u00fcbergreifende Vision sowie eine solide Expertise in digitaler Kommunikation und Suchmaschinenoptimierung erworben.<\/p>\n<p>Die Spezialisierung auf eine begrenzte Anzahl von Sektoren wie Recht und Wirtschaft erm\u00f6glicht es ihr au\u00dferdem, ihren Kunden ma\u00dfgeschneiderte Kommunikationsstrategien anzubieten, die die Herausforderungen und Chancen des Marktes in Echtzeit ber\u00fccksichtigen.<\/p>\n<p>Unsere Expertise richtet sich an die folgenden juristischen Berufsgruppen:<\/p>\n<ul>\n<li><strong>Liberaler Jurist<\/strong>;<\/li>\n<li><strong>Anwaltskanzlei<\/strong>;<\/li>\n<li><strong>Unabh\u00e4ngiger Notar<\/strong>;<\/li>\n<li><strong>Notariat<\/strong>.<\/li>\n<\/ul>\n<p>Egal, welches Rechtsgebiet Sie haben, Arbeitsrecht, Wirtschaftsrecht, Immobilienrecht oder Notarrecht: Alioze begleitet Sie von A bis Z.<\/p>\n<p>&nbsp;<\/p>\n<p>&nbsp;<\/p>\n<h2>Ben\u00f6tigen Sie Hilfe f\u00fcr Ihre Anwaltskanzlei oder Ihr Notariat?<\/h2>\n<p style=\"text-align: center;\">Unsere auf Rechtsanw\u00e4lte und Notare spezialisierte Agentur ist von Montag bis Freitag von 9:30 Uhr bis 19:00 Uhr ge\u00f6ffnet.<\/p>\n<p style=\"text-align: center;\">Z\u00f6gern Sie nicht, uns telefonisch unter <a href=\"tel:+33183622184\"> +33 (0) 1 83 62 21 84<\/a> zu kontaktieren oder f\u00fcllen Sie dieses kurze Formular aus:<\/p>\n\n<div class=\"wpcf7 no-js\" id=\"wpcf7-f21287-o1\" lang=\"de-DE\" dir=\"ltr\" data-wpcf7-id=\"21287\">\n<div class=\"screen-reader-response\"><p role=\"status\" aria-live=\"polite\" aria-atomic=\"true\"><\/p> <ul><\/ul><\/div>\n<form action=\"\/de\/wp-json\/wp\/v2\/pages\/21242#wpcf7-f21287-o1\" method=\"post\" class=\"wpcf7-form init\" aria-label=\"Kontaktformular\" novalidate=\"novalidate\" data-status=\"init\">\n<fieldset class=\"hidden-fields-container\"><input type=\"hidden\" name=\"_wpcf7\" value=\"21287\" \/><input type=\"hidden\" name=\"_wpcf7_version\" value=\"6.1.5\" \/><input type=\"hidden\" name=\"_wpcf7_locale\" value=\"de_DE\" \/><input type=\"hidden\" name=\"_wpcf7_unit_tag\" value=\"wpcf7-f21287-o1\" \/><input type=\"hidden\" name=\"_wpcf7_container_post\" value=\"0\" \/><input type=\"hidden\" name=\"_wpcf7_posted_data_hash\" value=\"\" \/><input type=\"hidden\" name=\"_wpcf7_recaptcha_response\" value=\"\" \/>\n<\/fieldset>\n<div class=\"form-group\">\n\t<p><span class=\"wpcf7-form-control-wrap\" data-name=\"contact-name\"><input size=\"40\" maxlength=\"400\" class=\"wpcf7-form-control wpcf7-text wpcf7-validates-as-required form-control\" aria-required=\"true\" aria-invalid=\"false\" placeholder=\"Ihr Name *\" value=\"\" type=\"text\" name=\"contact-name\" \/><\/span>\n\t<\/p>\n<\/div>\n<div class=\"form-group\">\n\t<p><span class=\"wpcf7-form-control-wrap\" data-name=\"contact-telephone\"><input size=\"40\" maxlength=\"400\" class=\"wpcf7-form-control wpcf7-text wpcf7-validates-as-required form-control\" aria-required=\"true\" aria-invalid=\"false\" placeholder=\"Ihre Rufnummer *\" value=\"\" type=\"text\" name=\"contact-telephone\" \/><\/span>\n\t<\/p>\n<\/div>\n<div class=\"form-group\">\n\t<p><span class=\"wpcf7-form-control-wrap\" data-name=\"contact-email\"><input size=\"40\" maxlength=\"400\" class=\"wpcf7-form-control wpcf7-email wpcf7-validates-as-required wpcf7-text wpcf7-validates-as-email form-control\" aria-required=\"true\" aria-invalid=\"false\" placeholder=\"Ihre E-Mail Adresse *\" value=\"\" type=\"email\" name=\"contact-email\" \/><\/span>\n\t<\/p>\n<\/div>\n<div class=\"form-group\">\n\t<p><span class=\"wpcf7-form-control-wrap\" data-name=\"contact-message\"><textarea cols=\"40\" rows=\"10\" maxlength=\"2000\" class=\"wpcf7-form-control wpcf7-textarea wpcf7-validates-as-required form-control\" aria-required=\"true\" aria-invalid=\"false\" placeholder=\"Ihre Nachricht *\" name=\"contact-message\"><\/textarea><\/span>\n\t<\/p>\n<\/div>\n<p><span class=\"wpcf7-form-control-wrap\" data-name=\"checkbox-262\"><span class=\"wpcf7-form-control wpcf7-checkbox wpcf7-validates-as-required\"><span class=\"wpcf7-list-item first last\"><input type=\"checkbox\" name=\"checkbox-262[]\" value=\"Ich habe die Allgemeinen Gesch\u00e4ftsbedingungen gelesen und akzeptiere sie\" \/><span class=\"wpcf7-list-item-label\">Ich habe die Allgemeinen Gesch\u00e4ftsbedingungen gelesen und akzeptiere sie<\/span><\/span><\/span><\/span><br \/>\n<input class=\"wpcf7-form-control wpcf7-submit has-spinner btn btn-lg btn-default btn-dark center-block gtm-contact-form-submit\" type=\"submit\" value=\"Senden\" \/>\n<\/p><p style=\"display: none !important;\" class=\"akismet-fields-container\" data-prefix=\"_wpcf7_ak_\"><label>&#916;<textarea name=\"_wpcf7_ak_hp_textarea\" cols=\"45\" rows=\"8\" maxlength=\"100\"><\/textarea><\/label><input type=\"hidden\" id=\"ak_js_1\" name=\"_wpcf7_ak_js\" value=\"178\"\/><script type=\"text\/javascript\">\n\/* <![CDATA[ *\/\ndocument.getElementById( \"ak_js_1\" ).setAttribute( \"value\", ( new Date() ).getTime() );\n\/* ]]> *\/\n<\/script>\n<\/p><div class=\"wpcf7-response-output\" aria-hidden=\"true\"><\/div>\n<\/form>\n<\/div>\n\n<p>&nbsp;<\/p>\n<p>&nbsp;<\/p>\n<h2>Anw\u00e4lte und Notare im Web: Fokus<\/h2>\n<p>Heutzutage k\u00f6nnen Juristen nicht mehr auf eine hochwertige Online-Pr\u00e4senz verzichten, um ihre Aktivit\u00e4ten zu pr\u00e4sentieren und ihre Dienstleistungen anzubieten.<\/p>\n<p>Um in den Suchmaschinen aufzutauchen, ist es notwendig, im Vorfeld eine klare Positionierungs- und Kommunikationsstrategie zu definieren. Sie m\u00fcssen dann sicherstellen, dass der auf Ihrer Website geschriebene Inhalt f\u00fcr SEO optimiert ist und dass er es Ihnen erm\u00f6glicht, unter den allerersten Ergebnissen zu erscheinen, wenn ein Internetnutzer eine Suchanfrage eingibt.<\/p>\n<p>Das ist es, was Alioze seit \u00fcber einem Jahrzehnt jeden Tag erfolgreich f\u00fcr seine vielen Kunden tut.<\/p>\n<p>&nbsp;<\/p>\n<p>&nbsp;<\/p>\n<h2><a style=\"color: #333333;\" href=\"https:\/\/www.alioze.com\/secteurs\" target=\"_blank\" rel=\"noopener\">Sektoren<\/a> auf die sich Alioze spezialisiert hat<\/h2>\n<p style=\"text-align: center;\">Sind Sie in M\u00fcnchen, Berlin oder Hamburg ans\u00e4ssig?<br \/>\nUnsere Agentur k\u00fcmmert sich um Ihre Akte, wo immer Sie sind.<\/p>\n","protected":false},"excerpt":{"rendered":"<p>Sie sind Jurist und suchen eine Kommunikationsagentur, die sich auf Anwaltskanzleien und Notariate spezialisiert hat? Willkommen bei Alioze. Sind Sie dabei, eine Firma oder eine Studie zu \u00fcbernehmen, oder wollen Sie Ihrer jetzigen Firma mehr Sichtbarkeit verleihen oder ihre Legitimit\u00e4t st\u00e4rken? Sie wollen eine eigene Positionierung und Identit\u00e4t, um sich zu identifizieren und zu differenzieren? [&hellip;]<\/p>\n","protected":false},"author":6,"featured_media":21244,"parent":0,"menu_order":0,"comment_status":"closed","ping_status":"closed","template":"page-no-title.php","meta":{"_acf_changed":false,"footnotes":""},"class_list":["post-21242","page","type-page","status-publish","has-post-thumbnail","hentry"],"acf":[],"aioseo_notices":[],"amp_enabled":false,"_links":{"self":[{"href":"https:\/\/www.alioze.com\/de\/wp-json\/wp\/v2\/pages\/21242","targetHints":{"allow":["GET"]}}],"collection":[{"href":"https:\/\/www.alioze.com\/de\/wp-json\/wp\/v2\/pages"}],"about":[{"href":"https:\/\/www.alioze.com\/de\/wp-json\/wp\/v2\/types\/page"}],"author":[{"embeddable":true,"href":"https:\/\/www.alioze.com\/de\/wp-json\/wp\/v2\/users\/6"}],"replies":[{"embeddable":true,"href":"https:\/\/www.alioze.com\/de\/wp-json\/wp\/v2\/comments?post=21242"}],"version-history":[{"count":6,"href":"https:\/\/www.alioze.com\/de\/wp-json\/wp\/v2\/pages\/21242\/revisions"}],"predecessor-version":[{"id":22616,"href":"https:\/\/www.alioze.com\/de\/wp-json\/wp\/v2\/pages\/21242\/revisions\/22616"}],"wp:featuredmedia":[{"embeddable":true,"href":"https:\/\/www.alioze.com\/de\/wp-json\/wp\/v2\/media\/21244"}],"wp:attachment":[{"href":"https:\/\/www.alioze.com\/de\/wp-json\/wp\/v2\/media?parent=21242"}],"curies":[{"name":"wp","href":"https:\/\/api.w.org\/{rel}","templated":true}]}}