{"id":21236,"date":"2021-07-01T15:57:49","date_gmt":"2021-07-01T14:57:49","guid":{"rendered":"https:\/\/www.alioze.com\/?page_id=21236"},"modified":"2021-12-06T16:30:48","modified_gmt":"2021-12-06T15:30:48","slug":"kommunikations-agentur-spezialisiert-schmuck","status":"publish","type":"page","link":"https:\/\/www.alioze.com\/de\/agentur-kommunikations-schmuck\/","title":{"rendered":"Kommunikationsagentur, spezialisiert auf Schmuck und Juwelen"},"content":{"rendered":"<\/div><\/div>\n\t<section class=\"headertitle lazyload\" style=\"background-image:inherit;\" data-bg-image=\"url(https:\/\/www.alioze.com\/wp-content\/themes\/alioze2016\/img\/alioze-communication-branding-design.jpg)\">\n\t\t<div id=\"breadcrumbs\">\n\t\t\t\t\t\t<span>\t\t\t\t\t<a href=\"https:\/\/www.alioze.com\/de\/\">Home<\/a>\n\t\t\t\t\t > \t\t\t\t\t<a href=\"https:\/\/www.alioze.com\/de\/blog\/\">Blog<\/a>\n\t\t\t\t\t > <\/span>\n\t\t\t\t\t<\/div>\n\t\t\t\t<div class=\"content-a\">\n\t\t\t\t\t<div class=\"parralax-centertext text-center\">\n\n\t\t\t\t\t\t<h1>Kommunikationsagentur, spezialisiert auf Schmuck und Juwelen<\/h1>\n\t\t\t\t\t\t<span class=\"baseline\">Deutschland &amp; International<\/span>\n\t\t\t\t\t<\/div>\n\t\t\t\t<\/div>\n\t\t\t<\/section>\n\t\t\t<div class=\"container\">\n\t\t\t<div class=\"col-xs-12\">\n<p style=\"text-align: center;\">Sie suchen eine <strong>Kommunikationsagentur, die sich auf Schmuck spezialisiert<\/strong> hat <strong>?<\/strong> Willkommen bei Alioze.<\/p>\n<p style=\"text-align: center;\">M\u00f6chten Sie Ihrer Marke mehr Sichtbarkeit verleihen und neue Kunden gewinnen?<br \/>\nSie m\u00f6chten die Umsetzung Ihrer Kommunikationskampagnen, Ihrer Marketingstrategie oder Ihrer Presse- und Influencer Relations einer High-End-Agentur anvertrauen?<br \/>\nIhr Image und Ihre Markenpositionierung verbessern?<br \/>\nSie wollen eine neue E-Commerce- oder Showcase-Site einrichten oder Ihre bestehende Site umgestalten?<\/p>\n<p style=\"text-align: center;\">Alioze ist eine vielseitige Kommunikationsagentur, die ihre ganze Kreativit\u00e4t und ihr Know-how in den Dienst der Fachleute aus der Schmuckbranche stellt.<\/p>\n<p>&nbsp;<\/p>\n<\/div><\/div><div class=\"container-fluid\" style=\"padding:0\"><div id=\"30f8fe0c\" class=\"imgFull lazyload\" style=\"height:350px;background-image:inherit;background-position:center;background-repeat:no-repeat;moz-background-size:cover;background-size: cover;\" data-bg-image=\"url(https:\/\/www.alioze.com\/wp-content\/uploads\/2020\/05\/agence-communication-joaillerie-bijouterie.jpg)\"><\/div><\/div><div class=\"container\"><div class=\"col-xs-12\">\n<p>&nbsp;<\/p>\n<h2>Unsere ma\u00dfgeschneiderten Dienstleistungen f\u00fcr Schmuckprofis<\/h2>\n<ul>\n<li><a href=\"https:\/\/www.alioze.com\/de\/kommunikation\/\" target=\"_blank\" rel=\"noopener noreferrer\">Kommunikation<\/a>:\n<ul>\n<li>Dank unserer fundierten Expertise im Schmuckbereich sind wir in der Lage, f\u00fcr Sie eine ambitionierte Kommunikationsstrategie zu definieren, die es Ihnen erm\u00f6glicht, Ihre Positionierung zu st\u00e4rken und Ihren Umsatz zu steigern.<\/li>\n<li>Unsere kontinuierliche Wettbewerbsbeobachtung erm\u00f6glicht es uns, Kommunikationsma\u00dfnahmen vorzuschlagen, die die aktuellen Marktchancen ber\u00fccksichtigen, und diese in Echtzeit anzupassen.<\/li>\n<li>Wir nutzen unser umfangreiches Netzwerk an Kontakten innerhalb der nationalen und internationalen Presse, um die bestm\u00f6gliche Markteinf\u00fchrung oder Redekampagne zu gew\u00e4hrleisten.<\/li>\n<li>Entwicklung oder Redesign einer grafischen Charta, eines Logos und grafischer Inhalte im Einklang mit Ihrer Markenpositionierung.<\/li>\n<\/ul>\n<\/li>\n<li><a href=\"https:\/\/www.alioze.com\/de\/entwicklung\/\" target=\"_blank\" rel=\"noopener noreferrer\">Web-Entwicklung<\/a>:\n<ul>\n<li>Gemeinsam entwerfen wir ein Schaufenster oder eine E-Commerce-Site mit gro\u00dfen \u00e4sthetischen und ergonomischen Qualit\u00e4ten, mit den Codes des Marktes und gleichzeitig mit Elementen, die es Ihnen erlauben, sich zu differenzieren und Ihre Marke einzigartig erscheinen zu lassen.<\/li>\n<\/ul>\n<\/li>\n<li><a href=\"https:\/\/www.alioze.com\/de\/erwerb\/\" target=\"_blank\" rel=\"noopener noreferrer\">Akquisition und Marketing<\/a>:\n<ul>\n<li>Als erfahrene Google Ads-Agentur setzt Alioze leistungsstarke digitale Werbekampagnen ein, die sich unmittelbar auf Ihren Umsatz auswirken.<\/li>\n<li>SEO Content Writing zur Optimierung Ihres Rankings in Suchmaschinen.<\/li>\n<li>Social-Media-Support: Community-Management-Auftrag, Beratung und Umsetzung einer Strategie f\u00fcr Ihre verschiedenen Profile in sozialen Netzwerken.<\/li>\n<\/ul>\n<\/li>\n<\/ul>\n<\/div><\/div>\n\t<section class=\"quickcontact lazyload\" style=\"background-image:inherit;\" data-bg-image=\"url(https:\/\/www.alioze.com\/wp-content\/themes\/alioze2016\/img\/alioze-communication-branding-design.jpg)\">\n\t\t\t\t<div class=\"content-a\">\n\t\t\t\t\t<div class=\"parralax-centertext\">\n\t\t\t\t\t\t<div class=\"container\">\n\t\t\t\t\t\t\t\t<div class=\"col-xs-12 col-sm-6 col-sm-offset-1 col-md-7 col-md-offset-1 quickcontact-text\">\n\t\t\t\t\t\t\t\tAlioze, die Agentur, die sich auf Schmuck und Juwelen spezialisiert hat, die Ihre Bed\u00fcrfnisse erf\u00fcllen\n\t\t\t\t\t\t\t\t<\/div>\n\t\t\t\t\t\t\t\t<div class=\"col-xs-12 col-sm-4 col-md-3\">\n\t\t\t\t\t\t\t\t<a href=\"https:\/\/www.alioze.com\/de\/kontakt\/\" class=\"btn btn-lg btn-default  center-block\">Kontakt aufnehmen<\/a>\n\t\t\t\t\t\t\t\t<\/div>\n\t\t\t\t\t\t<\/div>\n\t\t\t\t\t<\/div>\n\t\t\t\t<\/div>\n\t\t\t<\/section>\n\t\t\t<div class=\"container\">\n\t\t\t<div class=\"col-xs-12\">\n<p>&nbsp;<\/p>\n<p>&nbsp;<\/p>\n<h2>Einige unserer Kundenreferenzen aus der Schmuckbranche<\/h2>\n<div class=\"text-center\"><img decoding=\"async\" class=\"img-client\" src=\"https:\/\/www.alioze.com\/wp-content\/uploads\/2016\/02\/agence-web-de-little-boudoir.png\" alt=\"agence-web-de-little-boudoir\" \/><img decoding=\"async\" class=\"img-client\" src=\"https:\/\/www.alioze.com\/wp-content\/uploads\/2016\/02\/agence-web-de-dear-charlotte.png\" alt=\"agence-web-de-dear-charlotte\" \/><img decoding=\"async\" class=\"img-client\" src=\"https:\/\/www.alioze.com\/wp-content\/uploads\/2019\/04\/agence-web-les-trouvailles-d-elsa.png\" alt=\"agence web les trouvailles d'elsa\" \/><img decoding=\"async\" class=\"img-client\" src=\"https:\/\/www.alioze.com\/wp-content\/uploads\/2016\/02\/agence-web-de-camille-fournet.png\" alt=\"agence-web-de-camille fournet\" \/><img decoding=\"async\" class=\"img-client\" src=\"https:\/\/www.alioze.com\/wp-content\/uploads\/2020\/05\/agence-web-lvmh-2.png\" alt=\"agence-web-lvmh\" \/><img decoding=\"async\" class=\"img-client\" src=\"https:\/\/www.alioze.com\/wp-content\/uploads\/2019\/07\/agence-web-de-dior-2.png\" alt=\"agence web dior\" \/><img decoding=\"async\" class=\"img-client\" src=\"https:\/\/www.alioze.com\/wp-content\/uploads\/2016\/02\/agence-web-de-guerling-paris.png\" alt=\"agence-web-de-guerling-paris\" \/><img decoding=\"async\" class=\"img-client\" src=\"https:\/\/www.alioze.com\/wp-content\/uploads\/2021\/01\/agence-communication-nesslana-joaillerie.png\" alt=\"agence communication nesslana joaillerie\" \/><img decoding=\"async\" class=\"img-client\" src=\"https:\/\/www.alioze.com\/wp-content\/uploads\/2016\/02\/agence-web-de-allison.png\" alt=\"agence-web-de-allison\" \/><img decoding=\"async\" class=\"img-client\" src=\"https:\/\/www.alioze.com\/wp-content\/uploads\/2016\/02\/agence-web-de-allthemust.png\" alt=\"agence-web-de-allthemust\" \/><img decoding=\"async\" class=\"img-client\" src=\"https:\/\/www.alioze.com\/wp-content\/uploads\/2021\/05\/agence-communication-mesh-jewellery.png\" alt=\"agence communication mesh jewellery\" \/><img decoding=\"async\" class=\"img-client\" src=\"https:\/\/www.alioze.com\/wp-content\/uploads\/2021\/12\/agence-communication-louis-julian.png\" alt=\"agence communication bijouterie louis julian\" \/><\/div>\n<p><span style=\"font-weight: 400;\">Seit mehr als einem Jahrzehnt entwickelt Alioze f\u00fcr seine Kunden ma\u00dfgeschneiderte Kommunikationsstrategien, mit denen sie einen deutlichen Zuwachs an Markenbekanntheit sowie eine Steigerung des Umsatzes erzielen k\u00f6nnen. Machen Sie es wie mehr als 250 Marken, die sich bereits an uns gewandt und unsere Methoden getestet haben. <\/span><\/p>\n<p><span style=\"font-weight: 400;\">Als Kommunikationsagentur, die sich auf Schmuck spezialisiert hat, wendet sich Alioze an ein breites Spektrum von Berufsprofilen, kleine und gro\u00dfe: <\/span><\/p>\n<ul>\n<li>Unabh\u00e4ngige Schmuckdesigner, die gerade dabei sind, ihre Marke zu lancieren oder die sie entstehen lassen wollen.<\/li>\n<li>H\u00e4ndler mit einem Online-Shop oder einem physischen Gesch\u00e4ft mit mehreren Referenzen von Schmuck.<\/li>\n<li>Gro\u00dfe unabh\u00e4ngige Marken oder Teil gro\u00dfer Konzerne, die ihre Reputation und Sichtbarkeit weiter verbessern wollen.<\/li>\n<\/ul>\n<p>Unser Fachwissen deckt ein breites Spektrum an Schmuck ab: von Modeschmuck \u00fcber Goldschmiedearbeiten bis hin zu Luxusschmuck &amp; High Jewellery.<\/p>\n<p>&nbsp;<\/p>\n<p>&nbsp;<\/p>\n<h2>Brauchen Sie Hilfe f\u00fcr Ihr Schmuckgesch\u00e4ft?<\/h2>\n<p style=\"text-align: center;\">Unsere Agentur ist von Montag bis Freitag von 9:30 Uhr bis 19:00 Uhr ge\u00f6ffnet.<\/p>\n<p style=\"text-align: center;\">Z\u00f6gern Sie nicht, uns telefonisch unter <a href=\"tel:+33183622184\"> +33 (0) 1 83 62 21 84<\/a> zu kontaktieren oder f\u00fcllen Sie dieses kurze Formular aus:<\/p>\n\n<div class=\"wpcf7 no-js\" id=\"wpcf7-f21287-o1\" lang=\"de-DE\" dir=\"ltr\" data-wpcf7-id=\"21287\">\n<div class=\"screen-reader-response\"><p role=\"status\" aria-live=\"polite\" aria-atomic=\"true\"><\/p> <ul><\/ul><\/div>\n<form action=\"\/de\/wp-json\/wp\/v2\/pages\/21236#wpcf7-f21287-o1\" method=\"post\" class=\"wpcf7-form init\" aria-label=\"Kontaktformular\" novalidate=\"novalidate\" data-status=\"init\">\n<fieldset class=\"hidden-fields-container\"><input type=\"hidden\" name=\"_wpcf7\" value=\"21287\" \/><input type=\"hidden\" name=\"_wpcf7_version\" value=\"6.1.5\" \/><input type=\"hidden\" name=\"_wpcf7_locale\" value=\"de_DE\" \/><input type=\"hidden\" name=\"_wpcf7_unit_tag\" value=\"wpcf7-f21287-o1\" \/><input type=\"hidden\" name=\"_wpcf7_container_post\" value=\"0\" \/><input type=\"hidden\" name=\"_wpcf7_posted_data_hash\" value=\"\" \/><input type=\"hidden\" name=\"_wpcf7_recaptcha_response\" value=\"\" \/>\n<\/fieldset>\n<div class=\"form-group\">\n\t<p><span class=\"wpcf7-form-control-wrap\" data-name=\"contact-name\"><input size=\"40\" maxlength=\"400\" class=\"wpcf7-form-control wpcf7-text wpcf7-validates-as-required form-control\" aria-required=\"true\" aria-invalid=\"false\" placeholder=\"Ihr Name *\" value=\"\" type=\"text\" name=\"contact-name\" \/><\/span>\n\t<\/p>\n<\/div>\n<div class=\"form-group\">\n\t<p><span class=\"wpcf7-form-control-wrap\" data-name=\"contact-telephone\"><input size=\"40\" maxlength=\"400\" class=\"wpcf7-form-control wpcf7-text wpcf7-validates-as-required form-control\" aria-required=\"true\" aria-invalid=\"false\" placeholder=\"Ihre Rufnummer *\" value=\"\" type=\"text\" name=\"contact-telephone\" \/><\/span>\n\t<\/p>\n<\/div>\n<div class=\"form-group\">\n\t<p><span class=\"wpcf7-form-control-wrap\" data-name=\"contact-email\"><input size=\"40\" maxlength=\"400\" class=\"wpcf7-form-control wpcf7-email wpcf7-validates-as-required wpcf7-text wpcf7-validates-as-email form-control\" aria-required=\"true\" aria-invalid=\"false\" placeholder=\"Ihre E-Mail Adresse *\" value=\"\" type=\"email\" name=\"contact-email\" \/><\/span>\n\t<\/p>\n<\/div>\n<div class=\"form-group\">\n\t<p><span class=\"wpcf7-form-control-wrap\" data-name=\"contact-message\"><textarea cols=\"40\" rows=\"10\" maxlength=\"2000\" class=\"wpcf7-form-control wpcf7-textarea wpcf7-validates-as-required form-control\" aria-required=\"true\" aria-invalid=\"false\" placeholder=\"Ihre Nachricht *\" name=\"contact-message\"><\/textarea><\/span>\n\t<\/p>\n<\/div>\n<p><span class=\"wpcf7-form-control-wrap\" data-name=\"checkbox-262\"><span class=\"wpcf7-form-control wpcf7-checkbox wpcf7-validates-as-required\"><span class=\"wpcf7-list-item first last\"><input type=\"checkbox\" name=\"checkbox-262[]\" value=\"Ich habe die Allgemeinen Gesch\u00e4ftsbedingungen gelesen und akzeptiere sie\" \/><span class=\"wpcf7-list-item-label\">Ich habe die Allgemeinen Gesch\u00e4ftsbedingungen gelesen und akzeptiere sie<\/span><\/span><\/span><\/span><br \/>\n<input class=\"wpcf7-form-control wpcf7-submit has-spinner btn btn-lg btn-default btn-dark center-block gtm-contact-form-submit\" type=\"submit\" value=\"Senden\" \/>\n<\/p><p style=\"display: none !important;\" class=\"akismet-fields-container\" data-prefix=\"_wpcf7_ak_\"><label>&#916;<textarea name=\"_wpcf7_ak_hp_textarea\" cols=\"45\" rows=\"8\" maxlength=\"100\"><\/textarea><\/label><input type=\"hidden\" id=\"ak_js_1\" name=\"_wpcf7_ak_js\" value=\"1\"\/><script type=\"text\/javascript\">\n\/* <![CDATA[ *\/\ndocument.getElementById( \"ak_js_1\" ).setAttribute( \"value\", ( new Date() ).getTime() );\n\/* ]]> *\/\n<\/script>\n<\/p><div class=\"wpcf7-response-output\" aria-hidden=\"true\"><\/div>\n<\/form>\n<\/div>\n\n<p>&nbsp;<\/p>\n<p>&nbsp;<\/p>\n<h2>Schmuck und Kommunikation im Web: Fokus<\/h2>\n<p>Auf die gleiche Weise, wie <a href=\"https:\/\/www.alioze.com\/agence-communication-horlogerie\/\">Fachleute aus der Uhrenbranche<\/a> haben die Bedeutung und manchmal auch die lebenswichtige Dimension einer Online-Pr\u00e4senz nur langsam erkannt, w\u00e4hrend Schmuckspezialisten eine gewisse Zur\u00fcckhaltung an den Tag legten, weil sie bef\u00fcrchteten, dass auch sie ihrem Markenimage schaden oder ihre Vertriebspartner \u00fcbergehen w\u00fcrden.<\/p>\n<p>Die aktuelle Situation zeigt, dass eine Online-Pr\u00e4senz nicht nur das Markenimage der verschiedenen Marken verbessert, sondern auch f\u00fcr ein rundum zufriedenstellendes Einkaufserlebnis sorgt.<\/p>\n<p>Diese Online-Pr\u00e4senz ist unverzichtbar, muss aber in jedem Moment \u00fcberpr\u00fcft werden, um ihren Erfolg sicherzustellen:<\/p>\n<ul>\n<li>Ist Ihre Website responsive und bietet sie ein Benutzererlebnis, das zu Ihrem Markenimage passt?<\/li>\n<li>Steht Ihre Grafikcharta im Einklang mit Ihrer Positionierung?<\/li>\n<li>Haben Sie die richtigen Pressetitel, zum richtigen Zeitpunkt, f\u00fcr die Ver\u00f6ffentlichung Ihrer Kampagnen ausgew\u00e4hlt?<\/li>\n<li>Haben Sie die richtigen Influencer erreicht?<\/li>\n<li>Und schlie\u00dflich: Ist Ihr Inhalt SEO-optimiert, so dass Sie bei Suchmaschinen unter den ersten Pl\u00e4tzen gelistet werden?<\/li>\n<\/ul>\n<p>Gemeinsam werden wir versuchen, all diese Fragen zu bejahen.<\/p>\n<p>&nbsp;<\/p>\n<p>&nbsp;<\/p>\n<h2><a style=\"color: #333333;\" href=\"https:\/\/www.alioze.com\/secteurs\" target=\"_blank\" rel=\"noopener\">Sektoren<\/a> auf die sich Alioze spezialisiert hat<\/h2>\n<p style=\"text-align: center;\">Sind Sie in M\u00fcnchen, Berlin oder Hamburg ans\u00e4ssig?<br \/>\nUnsere Agentur k\u00fcmmert sich um Ihre Akte, wo immer Sie sind.<\/p>\n","protected":false},"excerpt":{"rendered":"<p>Sie suchen eine Kommunikationsagentur, die sich auf Schmuck spezialisiert hat ? Willkommen bei Alioze. M\u00f6chten Sie Ihrer Marke mehr Sichtbarkeit verleihen und neue Kunden gewinnen? Sie m\u00f6chten die Umsetzung Ihrer Kommunikationskampagnen, Ihrer Marketingstrategie oder Ihrer Presse- und Influencer Relations einer High-End-Agentur anvertrauen? Ihr Image und Ihre Markenpositionierung verbessern? Sie wollen eine neue E-Commerce- oder Showcase-Site [&hellip;]<\/p>\n","protected":false},"author":6,"featured_media":0,"parent":0,"menu_order":0,"comment_status":"closed","ping_status":"closed","template":"page-no-title.php","meta":{"_acf_changed":false,"footnotes":""},"class_list":["post-21236","page","type-page","status-publish","hentry"],"acf":[],"aioseo_notices":[],"amp_enabled":false,"_links":{"self":[{"href":"https:\/\/www.alioze.com\/de\/wp-json\/wp\/v2\/pages\/21236","targetHints":{"allow":["GET"]}}],"collection":[{"href":"https:\/\/www.alioze.com\/de\/wp-json\/wp\/v2\/pages"}],"about":[{"href":"https:\/\/www.alioze.com\/de\/wp-json\/wp\/v2\/types\/page"}],"author":[{"embeddable":true,"href":"https:\/\/www.alioze.com\/de\/wp-json\/wp\/v2\/users\/6"}],"replies":[{"embeddable":true,"href":"https:\/\/www.alioze.com\/de\/wp-json\/wp\/v2\/comments?post=21236"}],"version-history":[{"count":6,"href":"https:\/\/www.alioze.com\/de\/wp-json\/wp\/v2\/pages\/21236\/revisions"}],"predecessor-version":[{"id":26850,"href":"https:\/\/www.alioze.com\/de\/wp-json\/wp\/v2\/pages\/21236\/revisions\/26850"}],"wp:attachment":[{"href":"https:\/\/www.alioze.com\/de\/wp-json\/wp\/v2\/media?parent=21236"}],"curies":[{"name":"wp","href":"https:\/\/api.w.org\/{rel}","templated":true}]}}