{"id":21232,"date":"2021-07-01T15:02:26","date_gmt":"2021-07-01T14:02:26","guid":{"rendered":"https:\/\/www.alioze.com\/?page_id=21232"},"modified":"2021-08-04T11:52:39","modified_gmt":"2021-08-04T10:52:39","slug":"kommunikations-agentur-spezialisierte-uhren","status":"publish","type":"page","link":"https:\/\/www.alioze.com\/de\/agentur-kommunikations-uhren\/","title":{"rendered":"Kommunikationsagentur spezialisiert auf Uhren"},"content":{"rendered":"<\/div><\/div>\n\t<section class=\"headertitle lazyload\" style=\"background-image:inherit;\" data-bg-image=\"url(https:\/\/www.alioze.com\/wp-content\/themes\/alioze2016\/img\/alioze-communication-branding-design.jpg)\">\n\t\t<div id=\"breadcrumbs\">\n\t\t\t\t\t\t<span>\t\t\t\t\t<a href=\"https:\/\/www.alioze.com\/de\/\">Home<\/a>\n\t\t\t\t\t > \t\t\t\t\t<a href=\"https:\/\/www.alioze.com\/de\/blog\/\">Blog<\/a>\n\t\t\t\t\t > <\/span>\n\t\t\t\t\t<\/div>\n\t\t\t\t<div class=\"content-a\">\n\t\t\t\t\t<div class=\"parralax-centertext text-center\">\n\n\t\t\t\t\t\t<h1>Kommunikationsagentur spezialisiert auf Uhren<\/h1>\n\t\t\t\t\t\t<span class=\"baseline\">Deutschland &amp; International<\/span>\n\t\t\t\t\t<\/div>\n\t\t\t\t<\/div>\n\t\t\t<\/section>\n\t\t\t<div class=\"container\">\n\t\t\t<div class=\"col-xs-12\">\n<p style=\"text-align: center;\">Sie suchen eine <strong>Kommunikationsagentur, die sich auf Uhren spezialisiert<\/strong> hat? Willkommen bei Alioze.<\/p>\n<p style=\"text-align: center;\">Sie wollen die Sichtbarkeit Ihrer Marke erh\u00f6hen und neue Kunden in neuen M\u00e4rkten gewinnen?<br \/>\nSie vertrauen die Entwicklung Ihrer Kommunikation, Ihrer Werbekampagnen oder Ihrer Presse- und Influencer Relations einem High-End-Dienstleister an?<br \/>\nIhre E-Commerce-Site erstellen oder neu gestalten?<\/p>\n<p style=\"text-align: center;\">Alioze ist eine Kommunikationsagentur mit starkem Hang zum Digitalen, die Fachleute aus der Uhrenbranche bei der Sublimierung ihres Markenimages, bei allen Webprojekten sowie bei der Verbesserung ihres Bekanntheitsgrades online und offline begleitet.<\/p>\n<p>&nbsp;<\/p>\n<\/div><\/div><div class=\"container-fluid\" style=\"padding:0\"><div id=\"8e091f63\" class=\"imgFull lazyload\" style=\"height:350px;background-image:inherit;background-position:center;background-repeat:no-repeat;moz-background-size:cover;background-size: cover;\" data-bg-image=\"url(https:\/\/www.alioze.com\/wp-content\/uploads\/2020\/05\/agence-communication-horlogerie-1.jpg)\"><\/div><\/div><div class=\"container\"><div class=\"col-xs-12\">\n<p>&nbsp;<\/p>\n<h2>Unsere ma\u00dfgeschneiderten Dienstleistungen f\u00fcr Uhrenprofis<\/h2>\n<ul>\n<li><a href=\"https:\/\/www.alioze.com\/de\/kommunikation\/\" target=\"_blank\" rel=\"noopener noreferrer\">Kommunikation<\/a>:\n<ul>\n<li>Unser Wissen \u00fcber den Uhrensektor erm\u00f6glicht es uns, eine Kommunikationsstrategie zu definieren, die die aktuellen Herausforderungen und M\u00f6glichkeiten des Marktes ber\u00fccksichtigt, um Ihre Positionierung zu verbessern und Ihre Rentabilit\u00e4t zu steigern.<\/li>\n<li>Wir k\u00f6nnen Ihnen verschiedene Kommunikationsma\u00dfnahmen anbieten, wie z.B. die Erstellung von Inhalten, Branding-Beratung, Management Ihrer sozialen Netzwerke und Ihrer E-Reputation, etc.<\/li>\n<li>Wir nutzen f\u00fcr Sie unsere privilegierten Kontakte in der nationalen und internationalen Presse, um Ihnen die bestm\u00f6gliche Berichterstattung f\u00fcr die Lancierung einer neuen Uhr, einer neuen Kollektion oder f\u00fcr eine Unternehmensrede zu bieten.<\/li>\n<\/ul>\n<\/li>\n<li><a href=\"https:\/\/www.alioze.com\/de\/entwicklung\/\" target=\"_blank\" rel=\"noopener noreferrer\">Web-Produktion<\/a>:\n<ul>\n<li>Design einer schnellen, reaktionsschnellen, sicheren und SEO-freundlichen Website oder E-Commerce-Seite, die die Besonderheiten der Uhrenindustrie ber\u00fccksichtigt.<\/li>\n<\/ul>\n<\/li>\n<li><a href=\"https:\/\/www.alioze.com\/de\/erwerb\/\" target=\"_blank\" rel=\"noopener noreferrer\">Verkehrserfassung<\/a>:\n<ul>\n<li>Als kompetente Google Ads-Agentur setzen wir mutige und effektive digitale Werbekampagnen auf, mit denen Sie die besten Ergebnisse erzielen.<\/li>\n<li>Entwicklung einer SEO-Strategie, um Ihr Ranking und Ihre Sichtbarkeit in den Suchmaschinen zu optimieren und ein Maximum an gezieltem Traffic zu generieren, um Ihre Conversion Rate zu maximieren.<\/li>\n<li>Umsetzung einer Social-Media-Strategie, Verwaltung und Animation Ihrer Accounts in sozialen Netzwerken.<\/li>\n<\/ul>\n<\/li>\n<\/ul>\n<\/div><\/div>\n\t<section class=\"quickcontact lazyload\" style=\"background-image:inherit;\" data-bg-image=\"url(https:\/\/www.alioze.com\/wp-content\/themes\/alioze2016\/img\/alioze-communication-branding-design.jpg)\">\n\t\t\t\t<div class=\"content-a\">\n\t\t\t\t\t<div class=\"parralax-centertext\">\n\t\t\t\t\t\t<div class=\"container\">\n\t\t\t\t\t\t\t\t<div class=\"col-xs-12 col-sm-6 col-sm-offset-1 col-md-7 col-md-offset-1 quickcontact-text\">\n\t\t\t\t\t\t\t\tAlioze, die auf Uhren spezialisierte Agentur, die Ihre Bed\u00fcrfnisse erf\u00fcllt\n\t\t\t\t\t\t\t\t<\/div>\n\t\t\t\t\t\t\t\t<div class=\"col-xs-12 col-sm-4 col-md-3\">\n\t\t\t\t\t\t\t\t<a href=\"https:\/\/www.alioze.com\/de\/kontakt\/\" class=\"btn btn-lg btn-default  center-block\">Kontakt aufnehmen<\/a>\n\t\t\t\t\t\t\t\t<\/div>\n\t\t\t\t\t\t<\/div>\n\t\t\t\t\t<\/div>\n\t\t\t\t<\/div>\n\t\t\t<\/section>\n\t\t\t<div class=\"container\">\n\t\t\t<div class=\"col-xs-12\">\n<p>&nbsp;<\/p>\n<p>&nbsp;<\/p>\n<h2>Einige unserer Kundenreferenzen aus der Uhren- und Luxusbranche<\/h2>\n<p><img decoding=\"async\" class=\"img-client\" src=\"https:\/\/www.alioze.com\/wp-content\/uploads\/2016\/02\/agence-web-de-redluxury.png\" alt=\"agence-web-de-redluxury\" \/><img decoding=\"async\" class=\"img-client\" src=\"https:\/\/www.alioze.com\/wp-content\/uploads\/2016\/02\/agence-web-de-camille-fournet.png\" alt=\"agence-web-de-camille fournet\" \/><img decoding=\"async\" class=\"img-client\" src=\"https:\/\/www.alioze.com\/wp-content\/uploads\/2020\/05\/agence-web-lvmh-2.png\" alt=\"agence-web-lvmh\" \/><img decoding=\"async\" class=\"img-client\" src=\"https:\/\/www.alioze.com\/wp-content\/uploads\/2019\/07\/agence-web-de-dior-2.png\" alt=\"agence web dior\" \/><\/p>\n<p><img decoding=\"async\" class=\"img-client\" src=\"https:\/\/www.alioze.com\/wp-content\/uploads\/2018\/05\/agence-web-petrossian.jpg\" alt=\"agence web de petrossian\" \/><img decoding=\"async\" class=\"img-client\" src=\"https:\/\/www.alioze.com\/wp-content\/uploads\/2016\/02\/agence-web-de-guerling-paris.png\" alt=\"agence-web-de-guerling-paris\" \/><img decoding=\"async\" class=\"img-client\" src=\"https:\/\/www.alioze.com\/wp-content\/uploads\/2016\/02\/agence-web-de-kenzo-kids.png\" alt=\"agence-web-de-kenzo-kids\" \/><img decoding=\"async\" class=\"img-client\" src=\"https:\/\/www.alioze.com\/wp-content\/uploads\/2016\/02\/agence-web-de-filorga.png\" alt=\"agence-web-de-filorga\" \/><\/p>\n<p>&nbsp;<\/p>\n<p>Seit 2008 setzt Alioze f\u00fcr seine Kunden und Partner ma\u00dfgeschneiderte Kommunikations- und Marketingstrategien ein, um deren Markenbekanntheit zu steigern und ihren Absatz zu f\u00f6rdern. Mehr als 250 Kunden haben uns bereits ihr Vertrauen geschenkt. Warum nicht Sie?<\/p>\n<p>Als Kommunikationsagentur, die sich auf Uhren spezialisiert hat, richtet sich unsere Expertise an :<\/p>\n<ul>\n<li><strong>Uhrmacher und Uhrendesigner <\/strong>(Schweizer Uhrmacherei, Luxusuhrmacherei, Schmuckuhrmacherei&#8230;).<\/li>\n<li>An <strong>Gesch\u00e4fte &amp; Einzelh\u00e4ndler, die<\/strong> mehrere Marken verkaufen (aktuelle oder gebrauchte Uhren, Online-Uhrmacher).<\/li>\n<\/ul>\n<p>Wir arbeiten sowohl mit kleinen Designern oder unabh\u00e4ngigen Einzelh\u00e4ndlern als auch mit gro\u00dfen und gut etablierten Luxusuhrenmarken zusammen.<\/p>\n<p>Unser Know-how erstreckt sich auf alle Arten von Uhren: antike Uhren, Armbanduhren, Quarzuhren, elektronische Uhren oder vernetzte Uhren.<\/p>\n<p>&nbsp;<\/p>\n<p>&nbsp;<\/p>\n<h2>Brauchen Sie Hilfe f\u00fcr Ihr Uhrengesch\u00e4ft?<\/h2>\n<p style=\"text-align: center;\">Unsere Agentur ist von Montag bis Freitag von 9:30 Uhr bis 19:00 Uhr ge\u00f6ffnet.<\/p>\n<p style=\"text-align: center;\">Z\u00f6gern Sie nicht, uns telefonisch unter <a href=\"tel:+33183622184\"> +33 (0) 1 83 62 21 84<\/a> zu kontaktieren oder f\u00fcllen Sie dieses kurze Formular aus:<\/p>\n\n<div class=\"wpcf7 no-js\" id=\"wpcf7-f21287-o1\" lang=\"de-DE\" dir=\"ltr\" data-wpcf7-id=\"21287\">\n<div class=\"screen-reader-response\"><p role=\"status\" aria-live=\"polite\" aria-atomic=\"true\"><\/p> <ul><\/ul><\/div>\n<form action=\"\/de\/wp-json\/wp\/v2\/pages\/21232#wpcf7-f21287-o1\" method=\"post\" class=\"wpcf7-form init\" aria-label=\"Kontaktformular\" novalidate=\"novalidate\" data-status=\"init\">\n<fieldset class=\"hidden-fields-container\"><input type=\"hidden\" name=\"_wpcf7\" value=\"21287\" \/><input type=\"hidden\" name=\"_wpcf7_version\" value=\"6.1.5\" \/><input type=\"hidden\" name=\"_wpcf7_locale\" value=\"de_DE\" \/><input type=\"hidden\" name=\"_wpcf7_unit_tag\" value=\"wpcf7-f21287-o1\" \/><input type=\"hidden\" name=\"_wpcf7_container_post\" value=\"0\" \/><input type=\"hidden\" name=\"_wpcf7_posted_data_hash\" value=\"\" \/><input type=\"hidden\" name=\"_wpcf7_recaptcha_response\" value=\"\" \/>\n<\/fieldset>\n<div class=\"form-group\">\n\t<p><span class=\"wpcf7-form-control-wrap\" data-name=\"contact-name\"><input size=\"40\" maxlength=\"400\" class=\"wpcf7-form-control wpcf7-text wpcf7-validates-as-required form-control\" aria-required=\"true\" aria-invalid=\"false\" placeholder=\"Ihr Name *\" value=\"\" type=\"text\" name=\"contact-name\" \/><\/span>\n\t<\/p>\n<\/div>\n<div class=\"form-group\">\n\t<p><span class=\"wpcf7-form-control-wrap\" data-name=\"contact-telephone\"><input size=\"40\" maxlength=\"400\" class=\"wpcf7-form-control wpcf7-text wpcf7-validates-as-required form-control\" aria-required=\"true\" aria-invalid=\"false\" placeholder=\"Ihre Rufnummer *\" value=\"\" type=\"text\" name=\"contact-telephone\" \/><\/span>\n\t<\/p>\n<\/div>\n<div class=\"form-group\">\n\t<p><span class=\"wpcf7-form-control-wrap\" data-name=\"contact-email\"><input size=\"40\" maxlength=\"400\" class=\"wpcf7-form-control wpcf7-email wpcf7-validates-as-required wpcf7-text wpcf7-validates-as-email form-control\" aria-required=\"true\" aria-invalid=\"false\" placeholder=\"Ihre E-Mail Adresse *\" value=\"\" type=\"email\" name=\"contact-email\" \/><\/span>\n\t<\/p>\n<\/div>\n<div class=\"form-group\">\n\t<p><span class=\"wpcf7-form-control-wrap\" data-name=\"contact-message\"><textarea cols=\"40\" rows=\"10\" maxlength=\"2000\" class=\"wpcf7-form-control wpcf7-textarea wpcf7-validates-as-required form-control\" aria-required=\"true\" aria-invalid=\"false\" placeholder=\"Ihre Nachricht *\" name=\"contact-message\"><\/textarea><\/span>\n\t<\/p>\n<\/div>\n<p><span class=\"wpcf7-form-control-wrap\" data-name=\"checkbox-262\"><span class=\"wpcf7-form-control wpcf7-checkbox wpcf7-validates-as-required\"><span class=\"wpcf7-list-item first last\"><input type=\"checkbox\" name=\"checkbox-262[]\" value=\"Ich habe die Allgemeinen Gesch\u00e4ftsbedingungen gelesen und akzeptiere sie\" \/><span class=\"wpcf7-list-item-label\">Ich habe die Allgemeinen Gesch\u00e4ftsbedingungen gelesen und akzeptiere sie<\/span><\/span><\/span><\/span><br \/>\n<input class=\"wpcf7-form-control wpcf7-submit has-spinner btn btn-lg btn-default btn-dark center-block gtm-contact-form-submit\" type=\"submit\" value=\"Senden\" \/>\n<\/p><p style=\"display: none !important;\" class=\"akismet-fields-container\" data-prefix=\"_wpcf7_ak_\"><label>&#916;<textarea name=\"_wpcf7_ak_hp_textarea\" cols=\"45\" rows=\"8\" maxlength=\"100\"><\/textarea><\/label><input type=\"hidden\" id=\"ak_js_1\" name=\"_wpcf7_ak_js\" value=\"72\"\/><script type=\"text\/javascript\">\n\/* <![CDATA[ *\/\ndocument.getElementById( \"ak_js_1\" ).setAttribute( \"value\", ( new Date() ).getTime() );\n\/* ]]> *\/\n<\/script>\n<\/p><div class=\"wpcf7-response-output\" aria-hidden=\"true\"><\/div>\n<\/form>\n<\/div>\n\n<p>&nbsp;<\/p>\n<p>&nbsp;<\/p>\n<h2>Uhrmacherei und digitale Kommunikation: Fokus<\/h2>\n<p>In der Vergangenheit hat die Luxusuhrenbranche oft gez\u00f6gert, online zu verkaufen, aus Angst, ihr Image zu besch\u00e4digen, indem sie keinen Service anbietet, der dem Boutique-Erlebnis gleichkommt, aber auch, um ihre Einzelh\u00e4ndler nicht zu kannibalisieren. Infolgedessen ist die Branche m\u00f6glicherweise ins Hintertreffen geraten. Allerdings sind viele Akteure mittlerweile sehr pr\u00e4sent und es ist m\u00f6glich, Uhren im Wert von bis zu mehreren hunderttausend Euro online zu kaufen.<\/p>\n<p>Das blo\u00dfe Vorhandensein eines Online-Shops reicht jedoch nicht aus: Sie m\u00fcssen in der Lage sein, Ihre Marke zu bewerben und Ihr Angebot zu verbessern und es in einem hart umk\u00e4mpften Markt zu differenzieren. Daf\u00fcr ist das Schreiben von qualitativ hochwertigem, SEO-optimiertem Inhalt unerl\u00e4sslich, um Ihre Produkte in den Suchmaschinen hervorzuheben.<\/p>\n<p>&nbsp;<\/p>\n<p>&nbsp;<\/p>\n<h2><a style=\"color: #333333;\" href=\"https:\/\/www.alioze.com\/secteurs\" target=\"_blank\" rel=\"noopener\">Sektoren<\/a> auf die sich Alioze spezialisiert hat<\/h2>\n<p style=\"text-align: center;\">Sind Sie in M\u00fcnchen, Berlin oder Hamburg ans\u00e4ssig?<br \/>\nUnsere Agentur k\u00fcmmert sich um Ihre Akte, wo immer Sie sind.<\/p>\n","protected":false},"excerpt":{"rendered":"<p>Sie suchen eine Kommunikationsagentur, die sich auf Uhren spezialisiert hat? Willkommen bei Alioze. Sie wollen die Sichtbarkeit Ihrer Marke erh\u00f6hen und neue Kunden in neuen M\u00e4rkten gewinnen? Sie vertrauen die Entwicklung Ihrer Kommunikation, Ihrer Werbekampagnen oder Ihrer Presse- und Influencer Relations einem High-End-Dienstleister an? Ihre E-Commerce-Site erstellen oder neu gestalten? Alioze ist eine Kommunikationsagentur mit [&hellip;]<\/p>\n","protected":false},"author":6,"featured_media":21235,"parent":0,"menu_order":0,"comment_status":"closed","ping_status":"closed","template":"page-no-title.php","meta":{"_acf_changed":false,"footnotes":""},"class_list":["post-21232","page","type-page","status-publish","has-post-thumbnail","hentry"],"acf":[],"aioseo_notices":[],"amp_enabled":false,"_links":{"self":[{"href":"https:\/\/www.alioze.com\/de\/wp-json\/wp\/v2\/pages\/21232","targetHints":{"allow":["GET"]}}],"collection":[{"href":"https:\/\/www.alioze.com\/de\/wp-json\/wp\/v2\/pages"}],"about":[{"href":"https:\/\/www.alioze.com\/de\/wp-json\/wp\/v2\/types\/page"}],"author":[{"embeddable":true,"href":"https:\/\/www.alioze.com\/de\/wp-json\/wp\/v2\/users\/6"}],"replies":[{"embeddable":true,"href":"https:\/\/www.alioze.com\/de\/wp-json\/wp\/v2\/comments?post=21232"}],"version-history":[{"count":5,"href":"https:\/\/www.alioze.com\/de\/wp-json\/wp\/v2\/pages\/21232\/revisions"}],"predecessor-version":[{"id":22652,"href":"https:\/\/www.alioze.com\/de\/wp-json\/wp\/v2\/pages\/21232\/revisions\/22652"}],"wp:featuredmedia":[{"embeddable":true,"href":"https:\/\/www.alioze.com\/de\/wp-json\/wp\/v2\/media\/21235"}],"wp:attachment":[{"href":"https:\/\/www.alioze.com\/de\/wp-json\/wp\/v2\/media?parent=21232"}],"curies":[{"name":"wp","href":"https:\/\/api.w.org\/{rel}","templated":true}]}}