{"id":21204,"date":"2021-07-01T15:27:29","date_gmt":"2021-07-01T14:27:29","guid":{"rendered":"https:\/\/www.alioze.com\/?page_id=21204"},"modified":"2021-10-06T15:27:14","modified_gmt":"2021-10-06T14:27:14","slug":"kommunikations-agentur-spezialisiert-automobil","status":"publish","type":"page","link":"https:\/\/www.alioze.com\/de\/agentur-kommunikations-automobil\/","title":{"rendered":"Kommunikationsagentur spezialisiert auf Automotive"},"content":{"rendered":"<\/div><\/div>\n\t<section class=\"headertitle lazyload\" style=\"background-image:inherit;\" data-bg-image=\"url(https:\/\/www.alioze.com\/wp-content\/themes\/alioze2016\/img\/alioze-communication-branding-design.jpg)\">\n\t\t<div id=\"breadcrumbs\">\n\t\t\t\t\t\t<span>\t\t\t\t\t<a href=\"https:\/\/www.alioze.com\/de\/\">Home<\/a>\n\t\t\t\t\t > \t\t\t\t\t<a href=\"https:\/\/www.alioze.com\/de\/blog\/\">Blog<\/a>\n\t\t\t\t\t > <\/span>\n\t\t\t\t\t<\/div>\n\t\t\t\t<div class=\"content-a\">\n\t\t\t\t\t<div class=\"parralax-centertext text-center\">\n\n\t\t\t\t\t\t<h1>Kommunikationsagentur spezialisiert auf Automotive<\/h1>\n\t\t\t\t\t\t<span class=\"baseline\">Deutschland &amp; International<\/span>\n\t\t\t\t\t<\/div>\n\t\t\t\t<\/div>\n\t\t\t<\/section>\n\t\t\t<div class=\"container\">\n\t\t\t<div class=\"col-xs-12\">\n<p style=\"text-align: center;\">Sie suchen eine <strong>Kommunikationsagentur, die sich auf Autos spezialisiert<\/strong> hat? Willkommen bei Alioze.<\/p>\n<p style=\"text-align: center;\">Sie wollen Ihre Reputation optimieren und Ihr Gesch\u00e4ft ausbauen?<br \/>\nVerbessern Sie Ihre Kommunikation, \u00fcberdenken Sie Ihre Positionierung, Ihre visuelle Identit\u00e4t, das Storytelling Ihrer Marke?<br \/>\nUmsetzung von wirkungsvollen Werbekampagnen und\/oder der bestm\u00f6glichen Marketingstrategie, um neue Kunden zu erreichen?<br \/>\nStarten oder entwickeln Sie Ihre digitale Transformation?<br \/>\nIhre Website erstellen oder verbessern?<\/p>\n<p style=\"text-align: center;\">Alioze ist eine Kommunikations- und Web-Agentur, die eine breite Palette von Dienstleistungen und L\u00f6sungen f\u00fcr die Automobilindustrie anbietet, von der kundenspezifischen Web-Entwicklung bis zur Erstellung von Kommunikations-, Marketing- und Werbestrategien.<\/p>\n<div class=\"centered\" style=\"text-align: center;\"><iframe title=\"YouTube video player\" src=\"https:\/\/www.youtube.com\/embed\/JmsflzrBb6o\" width=\"560\" height=\"315\" frameborder=\"0\" allowfullscreen=\"allowfullscreen\"><\/iframe><\/div>\n<\/div><\/div>\n\t<section class=\"quickcontact lazyload\" style=\"background-image:inherit;\" data-bg-image=\"url(https:\/\/www.alioze.com\/wp-content\/themes\/alioze2016\/img\/alioze-communication-branding-design.jpg)\">\n\t\t\t\t<div class=\"content-a\">\n\t\t\t\t\t<div class=\"parralax-centertext\">\n\t\t\t\t\t\t<div class=\"container\">\n\t\t\t\t\t\t\t\t<div class=\"col-xs-12 col-sm-6 col-sm-offset-1 col-md-7 col-md-offset-1 quickcontact-text\">\n\t\t\t\t\t\t\t\tAlioze, die spezialisierte Automobilagentur, die Ihre Bed\u00fcrfnisse erf\u00fcllt\n\t\t\t\t\t\t\t\t<\/div>\n\t\t\t\t\t\t\t\t<div class=\"col-xs-12 col-sm-4 col-md-3\">\n\t\t\t\t\t\t\t\t<a href=\"https:\/\/www.alioze.com\/de\/kontakt\/\" class=\"btn btn-lg btn-default  center-block\">Kontakt aufnehmen<\/a>\n\t\t\t\t\t\t\t\t<\/div>\n\t\t\t\t\t\t<\/div>\n\t\t\t\t\t<\/div>\n\t\t\t\t<\/div>\n\t\t\t<\/section>\n\t\t\t<div class=\"container\">\n\t\t\t<div class=\"col-xs-12\">\n<p>&nbsp;<\/p>\n\n\t\t<style type=\"text\/css\">\n\t\t\t#gallery-1 {\n\t\t\t\tmargin: auto;\n\t\t\t}\n\t\t\t#gallery-1 .gallery-item {\n\t\t\t\tfloat: left;\n\t\t\t\tmargin-top: 10px;\n\t\t\t\ttext-align: center;\n\t\t\t\twidth: 33%;\n\t\t\t}\n\t\t\t#gallery-1 img {\n\t\t\t\tborder: 2px solid #cfcfcf;\n\t\t\t}\n\t\t\t#gallery-1 .gallery-caption {\n\t\t\t\tmargin-left: 0;\n\t\t\t}\n\t\t\t\/* see gallery_shortcode() in wp-includes\/media.php *\/\n\t\t<\/style>\n\t\t<div id='gallery-1' class='gallery galleryid-21204 gallery-columns-3 gallery-size-thumbnail'><dl class='gallery-item'>\n\t\t\t<dt class='gallery-icon portrait'>\n\t\t\t\t<a href='https:\/\/www.alioze.com\/de\/agence-de-communication-specialisee-automobile\/agence-web-automobile-2\/'><img decoding=\"async\" width=\"150\" height=\"150\" data-src=\"https:\/\/www.alioze.com\/wp-content\/uploads\/2020\/06\/agence-web-automobile-150x150.jpg\" class=\"attachment-thumbnail size-thumbnail lazyload\" alt=\"agence web automobile\" src=\"data:image\/svg+xml;base64,PHN2ZyB3aWR0aD0iMSIgaGVpZ2h0PSIxIiB4bWxucz0iaHR0cDovL3d3dy53My5vcmcvMjAwMC9zdmciPjwvc3ZnPg==\" style=\"--smush-placeholder-width: 150px; --smush-placeholder-aspect-ratio: 150\/150;\" \/><\/a>\n\t\t\t<\/dt><\/dl><dl class='gallery-item'>\n\t\t\t<dt class='gallery-icon landscape'>\n\t\t\t\t<a href='https:\/\/www.alioze.com\/de\/agence-de-communication-specialisee-automobile\/agence-branding-automobile\/'><img decoding=\"async\" width=\"150\" height=\"150\" data-src=\"https:\/\/www.alioze.com\/wp-content\/uploads\/2020\/06\/agence-branding-automobile-150x150.jpg\" class=\"attachment-thumbnail size-thumbnail lazyload\" alt=\"agence branding automobile\" src=\"data:image\/svg+xml;base64,PHN2ZyB3aWR0aD0iMSIgaGVpZ2h0PSIxIiB4bWxucz0iaHR0cDovL3d3dy53My5vcmcvMjAwMC9zdmciPjwvc3ZnPg==\" style=\"--smush-placeholder-width: 150px; --smush-placeholder-aspect-ratio: 150\/150;\" \/><\/a>\n\t\t\t<\/dt><\/dl><dl class='gallery-item'>\n\t\t\t<dt class='gallery-icon portrait'>\n\t\t\t\t<a href='https:\/\/www.alioze.com\/de\/agence-de-communication-specialisee-automobile\/agence-marketing-automobile\/'><img decoding=\"async\" width=\"150\" height=\"150\" data-src=\"https:\/\/www.alioze.com\/wp-content\/uploads\/2020\/06\/agence-marketing-automobile-150x150.jpg\" class=\"attachment-thumbnail size-thumbnail lazyload\" alt=\"agence marketing automobile\" src=\"data:image\/svg+xml;base64,PHN2ZyB3aWR0aD0iMSIgaGVpZ2h0PSIxIiB4bWxucz0iaHR0cDovL3d3dy53My5vcmcvMjAwMC9zdmciPjwvc3ZnPg==\" style=\"--smush-placeholder-width: 150px; --smush-placeholder-aspect-ratio: 150\/150;\" \/><\/a>\n\t\t\t<\/dt><\/dl><br style=\"clear: both\" \/><dl class='gallery-item'>\n\t\t\t<dt class='gallery-icon landscape'>\n\t\t\t\t<a href='https:\/\/www.alioze.com\/de\/agence-de-communication-specialisee-automobile\/agence-publicite-automobile\/'><img decoding=\"async\" width=\"150\" height=\"150\" data-src=\"https:\/\/www.alioze.com\/wp-content\/uploads\/2020\/06\/agence-publicite-automobile-150x150.jpg\" class=\"attachment-thumbnail size-thumbnail lazyload\" alt=\"agence publicit\u00e9 automobile\" src=\"data:image\/svg+xml;base64,PHN2ZyB3aWR0aD0iMSIgaGVpZ2h0PSIxIiB4bWxucz0iaHR0cDovL3d3dy53My5vcmcvMjAwMC9zdmciPjwvc3ZnPg==\" style=\"--smush-placeholder-width: 150px; --smush-placeholder-aspect-ratio: 150\/150;\" \/><\/a>\n\t\t\t<\/dt><\/dl><dl class='gallery-item'>\n\t\t\t<dt class='gallery-icon landscape'>\n\t\t\t\t<a href='https:\/\/www.alioze.com\/de\/agence-de-communication-specialisee-automobile\/agence-referencement-seo-automobile\/'><img decoding=\"async\" width=\"150\" height=\"150\" data-src=\"https:\/\/www.alioze.com\/wp-content\/uploads\/2020\/06\/agence-referencement-seo-automobile-150x150.jpg\" class=\"attachment-thumbnail size-thumbnail lazyload\" alt=\"agence referencement seo automobile\" src=\"data:image\/svg+xml;base64,PHN2ZyB3aWR0aD0iMSIgaGVpZ2h0PSIxIiB4bWxucz0iaHR0cDovL3d3dy53My5vcmcvMjAwMC9zdmciPjwvc3ZnPg==\" style=\"--smush-placeholder-width: 150px; --smush-placeholder-aspect-ratio: 150\/150;\" \/><\/a>\n\t\t\t<\/dt><\/dl><dl class='gallery-item'>\n\t\t\t<dt class='gallery-icon landscape'>\n\t\t\t\t<a href='https:\/\/www.alioze.com\/de\/agence-de-communication-specialisee-automobile\/agence-relations-presse-automobile\/'><img decoding=\"async\" width=\"150\" height=\"150\" data-src=\"https:\/\/www.alioze.com\/wp-content\/uploads\/2020\/06\/agence-relations-presse-automobile-150x150.jpg\" class=\"attachment-thumbnail size-thumbnail lazyload\" alt=\"agence relations presse automobile\" src=\"data:image\/svg+xml;base64,PHN2ZyB3aWR0aD0iMSIgaGVpZ2h0PSIxIiB4bWxucz0iaHR0cDovL3d3dy53My5vcmcvMjAwMC9zdmciPjwvc3ZnPg==\" style=\"--smush-placeholder-width: 150px; --smush-placeholder-aspect-ratio: 150\/150;\" \/><\/a>\n\t\t\t<\/dt><\/dl><br style=\"clear: both\" \/>\n\t\t<\/div>\n\n<p>&nbsp;<\/p>\n<p>&nbsp;<\/p>\n<h2>Unsere ma\u00dfgeschneiderten Dienstleistungen f\u00fcr Automotive-Profis<\/h2>\n<ul>\n<li><a href=\"https:\/\/www.alioze.com\/de\/kommunikation\/\" target=\"_blank\" rel=\"noopener noreferrer\">Kommunikation<\/a>:\n<ul>\n<li>Durch die Identifizierung von Wachstumschancen im <strong>Automobilmarkt<\/strong> entwickeln wir einen Kommunikationsplan, um Ihre strategische Positionierung zu verbessern und Ihre Profitabilit\u00e4t zu steigern.<\/li>\n<li>Wir k\u00f6nnen verschiedene Kommunikationsma\u00dfnahmen umsetzen: Content-Erstellung, Branding-Beratung, Management Ihrer sozialen Netzwerke und Ihrer E-Reputation, etc.<\/li>\n<\/ul>\n<\/li>\n<li><a href=\"https:\/\/www.alioze.com\/de\/entwicklung\/\" target=\"_blank\" rel=\"noopener noreferrer\">Web-Produktion<\/a>:\n<ul>\n<li>Wir erstellen eine schnelle, reaktionsf\u00e4hige, sichere und SEO-freundliche Website oder E-Commerce-Seite.<\/li>\n<\/ul>\n<\/li>\n<li><a href=\"https:\/\/www.alioze.com\/de\/erwerb\/\" target=\"_blank\" rel=\"noopener noreferrer\">Verkehrserfassung<\/a>:\n<ul>\n<li>Als kompetente Google Ads-Agentur denken und realisieren wir effektive digitale Werbekampagnen, die die beste Performance erzielen.<\/li>\n<li>Wir entwickeln eine SEO-Strategie, um Ihre Sichtbarkeit in Suchmaschinen zu maximieren und ein Maximum an gezieltem Traffic zu generieren, der aktiv konvertiert.<\/li>\n<\/ul>\n<\/li>\n<\/ul>\n<p>&nbsp;<\/p>\n<p>&nbsp;<\/p>\n<h2>Einige unserer Kundenreferenzen aus dem Bereich Automotive<\/h2>\n<div class=\"text-center\"><img decoding=\"async\" class=\"img-client\" src=\"https:\/\/www.alioze.com\/wp-content\/uploads\/2016\/02\/agence-web-de-goodyear.png\" alt=\"agence-web-de-goodyear\" \/><img decoding=\"async\" class=\"img-client\" src=\"https:\/\/www.alioze.com\/wp-content\/uploads\/2016\/02\/agence-web-de-vulco.png\" alt=\"agence-web-de-vulco\" \/><img decoding=\"async\" class=\"img-client\" src=\"https:\/\/www.alioze.com\/wp-content\/uploads\/2016\/02\/agence-web-de-dunlop.png\" alt=\"agence-web-de-dunlop\" \/><img decoding=\"async\" class=\"img-client\" src=\"https:\/\/www.alioze.com\/wp-content\/uploads\/2017\/06\/agence-web-chantilly-cars-prestige.png\" alt=\"agence web chantilly cars prestige\" \/><img decoding=\"async\" class=\"img-client\" src=\"https:\/\/www.alioze.com\/wp-content\/uploads\/2020\/06\/agence-web-fulda.png\" alt=\"agence web fulda\" \/><img decoding=\"async\" class=\"img-client\" src=\"https:\/\/www.alioze.com\/wp-content\/uploads\/2020\/06\/agence-web-debica.png\" alt=\"agence web debica\" \/><img decoding=\"async\" class=\"img-client\" src=\"https:\/\/www.alioze.com\/wp-content\/uploads\/2020\/06\/agence-web-la-centrale.png\" alt=\"agence web la centrale\" \/><img decoding=\"async\" class=\"img-client\" src=\"https:\/\/www.alioze.com\/wp-content\/uploads\/2020\/06\/agence-web-sava.png\" alt=\"agence web sava\" \/><img decoding=\"async\" class=\"img-client\" src=\"https:\/\/www.alioze.com\/wp-content\/uploads\/2020\/06\/agence-web-schwartz-performance.png\" alt=\"agence web sava\" \/><\/div>\n<p>&nbsp;<\/p>\n<p>Alioze ist eine spezialisierte Agentur f\u00fcr Automobilkommunikation, deren Ziel es ist, Fachleuten aus der Automobilbranche hochwertiges Know-how und effektive Kommunikationsstrategien zu bieten.<\/p>\n<p>Seit 2008 haben wir mehr als 250 Kunden aus den unterschiedlichsten Branchen bei der Entwicklung einzigartiger Tools und Ans\u00e4tze unterst\u00fctzt und ihnen bew\u00e4hrte Dienstleistungen in den Bereichen Website-Entwicklung, Digital-, Video- und Print-Marketing sowie Kommunikation angeboten.<\/p>\n<p>Die Expertise von Alioze richtet sich an :<\/p>\n<ul>\n<li><strong>Autoh\u00e4user<\/strong>.<\/li>\n<li><strong>Autoreparatur-<\/strong> oder <strong>Anpassungsfirmen<\/strong>.<\/li>\n<li><strong>VTC-Unternehmen<\/strong>.<\/li>\n<li><strong>Automarken<\/strong> und <strong>-hersteller<\/strong> (Luxusautos, Sportwagen, Stadtautos, etc.).<\/li>\n<li><strong> Reservierung <\/strong>und <strong>Vermietung von Fahrzeugen<\/strong>, <strong>Rollern<\/strong>, <strong>Motorr\u00e4dern<\/strong>, <strong>Transportern<\/strong>, <strong>Autos<\/strong>, <strong>Limousinen<\/strong> etc.<\/li>\n<\/ul>\n<p>&nbsp;<\/p>\n<p>&nbsp;<\/p>\n<h2>Ben\u00f6tigen Sie Hilfe f\u00fcr Ihr Automobilgesch\u00e4ft?<\/h2>\n<p style=\"text-align: center;\">Unsere Agentur ist von Montag bis Freitag von 9:30 Uhr bis 19:00 Uhr ge\u00f6ffnet.<\/p>\n<p style=\"text-align: center;\">Z\u00f6gern Sie nicht, uns telefonisch unter <a href=\"tel:+33183622184\"> +33 (0) 1 83 62 21 84<\/a> zu kontaktieren oder f\u00fcllen Sie dieses kurze Formular aus:<\/p>\n\n<div class=\"wpcf7 no-js\" id=\"wpcf7-f21287-o1\" lang=\"de-DE\" dir=\"ltr\" data-wpcf7-id=\"21287\">\n<div class=\"screen-reader-response\"><p role=\"status\" aria-live=\"polite\" aria-atomic=\"true\"><\/p> <ul><\/ul><\/div>\n<form action=\"\/de\/wp-json\/wp\/v2\/pages\/21204#wpcf7-f21287-o1\" method=\"post\" class=\"wpcf7-form init\" aria-label=\"Kontaktformular\" novalidate=\"novalidate\" data-status=\"init\">\n<fieldset class=\"hidden-fields-container\"><input type=\"hidden\" name=\"_wpcf7\" value=\"21287\" \/><input type=\"hidden\" name=\"_wpcf7_version\" value=\"6.1.5\" \/><input type=\"hidden\" name=\"_wpcf7_locale\" value=\"de_DE\" \/><input type=\"hidden\" name=\"_wpcf7_unit_tag\" value=\"wpcf7-f21287-o1\" \/><input type=\"hidden\" name=\"_wpcf7_container_post\" value=\"0\" \/><input type=\"hidden\" name=\"_wpcf7_posted_data_hash\" value=\"\" \/><input type=\"hidden\" name=\"_wpcf7_recaptcha_response\" value=\"\" \/>\n<\/fieldset>\n<div class=\"form-group\">\n\t<p><span class=\"wpcf7-form-control-wrap\" data-name=\"contact-name\"><input size=\"40\" maxlength=\"400\" class=\"wpcf7-form-control wpcf7-text wpcf7-validates-as-required form-control\" aria-required=\"true\" aria-invalid=\"false\" placeholder=\"Ihr Name *\" value=\"\" type=\"text\" name=\"contact-name\" \/><\/span>\n\t<\/p>\n<\/div>\n<div class=\"form-group\">\n\t<p><span class=\"wpcf7-form-control-wrap\" data-name=\"contact-telephone\"><input size=\"40\" maxlength=\"400\" class=\"wpcf7-form-control wpcf7-text wpcf7-validates-as-required form-control\" aria-required=\"true\" aria-invalid=\"false\" placeholder=\"Ihre Rufnummer *\" value=\"\" type=\"text\" name=\"contact-telephone\" \/><\/span>\n\t<\/p>\n<\/div>\n<div class=\"form-group\">\n\t<p><span class=\"wpcf7-form-control-wrap\" data-name=\"contact-email\"><input size=\"40\" maxlength=\"400\" class=\"wpcf7-form-control wpcf7-email wpcf7-validates-as-required wpcf7-text wpcf7-validates-as-email form-control\" aria-required=\"true\" aria-invalid=\"false\" placeholder=\"Ihre E-Mail Adresse *\" value=\"\" type=\"email\" name=\"contact-email\" \/><\/span>\n\t<\/p>\n<\/div>\n<div class=\"form-group\">\n\t<p><span class=\"wpcf7-form-control-wrap\" data-name=\"contact-message\"><textarea cols=\"40\" rows=\"10\" maxlength=\"2000\" class=\"wpcf7-form-control wpcf7-textarea wpcf7-validates-as-required form-control\" aria-required=\"true\" aria-invalid=\"false\" placeholder=\"Ihre Nachricht *\" name=\"contact-message\"><\/textarea><\/span>\n\t<\/p>\n<\/div>\n<p><span class=\"wpcf7-form-control-wrap\" data-name=\"checkbox-262\"><span class=\"wpcf7-form-control wpcf7-checkbox wpcf7-validates-as-required\"><span class=\"wpcf7-list-item first last\"><input type=\"checkbox\" name=\"checkbox-262[]\" value=\"Ich habe die Allgemeinen Gesch\u00e4ftsbedingungen gelesen und akzeptiere sie\" \/><span class=\"wpcf7-list-item-label\">Ich habe die Allgemeinen Gesch\u00e4ftsbedingungen gelesen und akzeptiere sie<\/span><\/span><\/span><\/span><br \/>\n<input class=\"wpcf7-form-control wpcf7-submit has-spinner btn btn-lg btn-default btn-dark center-block gtm-contact-form-submit\" type=\"submit\" value=\"Senden\" \/>\n<\/p><p style=\"display: none !important;\" class=\"akismet-fields-container\" data-prefix=\"_wpcf7_ak_\"><label>&#916;<textarea name=\"_wpcf7_ak_hp_textarea\" cols=\"45\" rows=\"8\" maxlength=\"100\"><\/textarea><\/label><input type=\"hidden\" id=\"ak_js_1\" name=\"_wpcf7_ak_js\" value=\"132\"\/><script type=\"text\/javascript\">\n\/* <![CDATA[ *\/\ndocument.getElementById( \"ak_js_1\" ).setAttribute( \"value\", ( new Date() ).getTime() );\n\/* ]]> *\/\n<\/script>\n<\/p><div class=\"wpcf7-response-output\" aria-hidden=\"true\"><\/div>\n<\/form>\n<\/div>\n\n<p>&nbsp;<\/p>\n<p>&nbsp;<\/p>\n<h2>Automotive und digitale Kommunikation: Fokus<\/h2>\n<p>Von der Autowartung \u00fcber die Ersatzteilsuche bis hin zum Autokauf oder der Autovermietung vervielfachen die Internetnutzer ihre Online-Anfragen.<\/p>\n<p>Wenn Verbraucher beispielsweise ein neues Auto kaufen m\u00f6chten, beginnen sie mit einer Online-Recherche \u00fcber verschiedene Quellen: Suchmaschinen (Google, Bing usw.), Websites (von Herstellern, Vertretern, Medien usw.), Fachmedien, Bewertungen, Testimonials und Videos.<\/p>\n<p>Im Web suchen die Kunden im Automobilmarkt deshalb nach Inspiration. Sie vergleichen Angebote nach mehreren Kriterien:<\/p>\n<ul>\n<li>Auszeichnungen;<\/li>\n<li>Qualit\u00e4t der Dienstleistung;<\/li>\n<li>Verf\u00fcgbarkeit;<\/li>\n<li>Garantien;<\/li>\n<li>Fahrzeugeigenschaften (Platzangebot, Innen- und Au\u00dfendesign, Fahrassistenz, Kofferraumvolumen usw.);<\/li>\n<li>Kauf- oder Leasingoptionen;<\/li>\n<li>Die Kosten f\u00fcr die Wartung (im Falle eines neuen Fahrzeugs).<\/li>\n<\/ul>\n<p>Mit der erweiterten semantischen Suche k\u00f6nnen Sie erfolgreich beliebte Suchanfragen nach Marken, Fahrzeugkategorien oder Modellen nach Preisklassen, Ausstattungsmerkmalen, Sonderangeboten usw. abdecken.<\/p>\n<p>Die Herausforderung f\u00fcr die Automobilbranche im Web beschr\u00e4nkt sich jedoch nicht auf die Positionierung in Suchmaschinen, um diese Anfragen zu beantworten.<\/p>\n<p>Nach dem Kauf oder Leasing eines Fahrzeugs setzt sich die Erwartungshaltung des K\u00e4ufers gegen\u00fcber dem Hersteller und\/oder H\u00e4ndler w\u00e4hrend der gesamten Lebensdauer des Fahrzeugs fort:<\/p>\n<ul>\n<li>Online-Fahrzeugdepots ;<\/li>\n<li>Online-Service-Reservierungen ;<\/li>\n<li>Online-Finanzierungsantr\u00e4ge ;<\/li>\n<li>Online-Treueprogramme.<\/li>\n<\/ul>\n<p>Eine Automobil-Website muss daher gute Leistungen in Bezug auf Kundenservice, Zuverl\u00e4ssigkeit und Sicherheit erbringen und gleichzeitig eine breite Palette an Funktionen bieten.<\/p>\n<p>In den Augen der immer anspruchsvolleren Kunden spiegelt die Kompetenz eines Online-Automobilunternehmens dessen gesamte Professionalit\u00e4t wider.<\/p>\n<p>Ohne eine gute Website und eine effektive Kommunikationsstrategie laufen Sie Gefahr, einen sehr aktiven Kundenstamm zu verpassen. In der Tat sind die Kunden, die aus dem Internet kommen, von besserer Qualit\u00e4t. Sie sind bereit, Ihre Dienstleistungen zu kaufen.<\/p>\n<p>Deshalb brauchen Sie neben Ihrer Website auch eine starke Online-Pr\u00e4senz, und zwar auf allen sozialen Plattformen.<\/p>\n<p>&nbsp;<\/p>\n<blockquote><p>\u00ab <em>Um ihre potenziellen Kunden besser zu verstehen und in den entscheidenden Momenten pr\u00e4sent zu sein, m\u00fcssen die Hersteller ihre mobilen Ressourcen nutzen, eine Zielgruppenstrategie einf\u00fchren, um so feink\u00f6rnig wie m\u00f6glich zu sein, die Macht des Targetings nutzen, um Videos zur richtigen Zeit an die richtigen Personen zu senden, und \u00fcber den Online-Lead hinausgehen, um ihre Ressourcen besser zu messen und zuzuweisen.<\/em> \u00bb<\/p><\/blockquote>\n<p>&nbsp;<\/p>\n<p>Im Internet tauschen Verbraucher Informationen und Erfahrungsberichte \u00fcber ihre Erfahrungen mit einem Automobilunternehmen frei aus. Diese aktiven sozialen Gemeinschaften umgehen und umgehen das traditionelle Marketing, indem sie die Reputation eines Unternehmens durch ihre digitalen Empfehlungen aufbauen.<\/p>\n<p>Sie m\u00fcssen also darauf vorbereitet sein, diese Kunden zu erfassen und zu verwalten.<\/p>\n<p>Durch die Maximierung von Leads, die Gewinnung neuer Zielgruppen und den Aufbau einer starken Markenidentit\u00e4t werden Sie sofort Ergebnisse sehen.<\/p>\n<p>&nbsp;<\/p>\n<p>&nbsp;<\/p>\n<h2><a style=\"color: #333333;\" href=\"https:\/\/www.alioze.com\/secteurs\" target=\"_blank\" rel=\"noopener\">Sektoren<\/a> auf die sich die Agentur Alioze spezialisiert hat<\/h2>\n<p style=\"text-align: center;\">Sind Sie in M\u00fcnchen, Berlin oder Hamburg ans\u00e4ssig?<br \/>\nUnsere Agentur k\u00fcmmert sich um Ihre Akte, wo immer Sie sind.<\/p>\n","protected":false},"excerpt":{"rendered":"<p>Sie suchen eine Kommunikationsagentur, die sich auf Autos spezialisiert hat? Willkommen bei Alioze. Sie wollen Ihre Reputation optimieren und Ihr Gesch\u00e4ft ausbauen? Verbessern Sie Ihre Kommunikation, \u00fcberdenken Sie Ihre Positionierung, Ihre visuelle Identit\u00e4t, das Storytelling Ihrer Marke? Umsetzung von wirkungsvollen Werbekampagnen und\/oder der bestm\u00f6glichen Marketingstrategie, um neue Kunden zu erreichen? Starten oder entwickeln Sie Ihre [&hellip;]<\/p>\n","protected":false},"author":6,"featured_media":0,"parent":0,"menu_order":0,"comment_status":"closed","ping_status":"closed","template":"page-no-title.php","meta":{"_acf_changed":false,"footnotes":""},"class_list":["post-21204","page","type-page","status-publish","hentry"],"acf":[],"aioseo_notices":[],"amp_enabled":false,"_links":{"self":[{"href":"https:\/\/www.alioze.com\/de\/wp-json\/wp\/v2\/pages\/21204","targetHints":{"allow":["GET"]}}],"collection":[{"href":"https:\/\/www.alioze.com\/de\/wp-json\/wp\/v2\/pages"}],"about":[{"href":"https:\/\/www.alioze.com\/de\/wp-json\/wp\/v2\/types\/page"}],"author":[{"embeddable":true,"href":"https:\/\/www.alioze.com\/de\/wp-json\/wp\/v2\/users\/6"}],"replies":[{"embeddable":true,"href":"https:\/\/www.alioze.com\/de\/wp-json\/wp\/v2\/comments?post=21204"}],"version-history":[{"count":6,"href":"https:\/\/www.alioze.com\/de\/wp-json\/wp\/v2\/pages\/21204\/revisions"}],"predecessor-version":[{"id":25809,"href":"https:\/\/www.alioze.com\/de\/wp-json\/wp\/v2\/pages\/21204\/revisions\/25809"}],"wp:attachment":[{"href":"https:\/\/www.alioze.com\/de\/wp-json\/wp\/v2\/media?parent=21204"}],"curies":[{"name":"wp","href":"https:\/\/api.w.org\/{rel}","templated":true}]}}