{"id":21203,"date":"2021-07-01T15:39:43","date_gmt":"2021-07-01T14:39:43","guid":{"rendered":"https:\/\/www.alioze.com\/?page_id=21203"},"modified":"2021-12-06T16:34:14","modified_gmt":"2021-12-06T15:34:14","slug":"web-agentur-spezialisierte-ausbildung-unterrichten","status":"publish","type":"page","link":"https:\/\/www.alioze.com\/de\/agentur-web-ausbildung\/","title":{"rendered":"Kommunikationsagentur, spezialisiert auf Bildung &amp; Lehre"},"content":{"rendered":"<\/div><\/div>\n\t<section class=\"headertitle lazyload\" style=\"background-image:inherit;\" data-bg-image=\"url(https:\/\/www.alioze.com\/wp-content\/themes\/alioze2016\/img\/alioze-communication-branding-design.jpg)\">\n\t\t<div id=\"breadcrumbs\">\n\t\t\t\t\t\t<span>\t\t\t\t\t<a href=\"https:\/\/www.alioze.com\/de\/\">Home<\/a>\n\t\t\t\t\t > \t\t\t\t\t<a href=\"https:\/\/www.alioze.com\/de\/blog\/\">Blog<\/a>\n\t\t\t\t\t > <\/span>\n\t\t\t\t\t<\/div>\n\t\t\t\t<div class=\"content-a\">\n\t\t\t\t\t<div class=\"parralax-centertext text-center\">\n\n\t\t\t\t\t\t<h1>Kommunikationsagentur, spezialisiert auf Bildung &amp; Lehre<\/h1>\n\t\t\t\t\t\t<span class=\"baseline\">Deutschland &amp; International<\/span>\n\t\t\t\t\t<\/div>\n\t\t\t\t<\/div>\n\t\t\t<\/section>\n\t\t\t<div class=\"container\">\n\t\t\t<div class=\"col-xs-12\">\n<p style=\"text-align: center;\">Sie sind auf der Suche nach einer <strong>Kommunikationsagentur, die sich auf Bildung<\/strong> und <strong>Unterricht<\/strong> <strong>spezialisiert<\/strong> hat? Willkommen bei Alioze.<\/p>\n<p style=\"text-align: center;\">Wollen Sie die institutionelle Glaubw\u00fcrdigkeit Ihrer Einrichtung st\u00e4rken?<br \/>\nErstellen und planen Sie Ihre n\u00e4chste Kommunikations- und\/oder Marketingkampagne?<br \/>\nEine Strategie zur Anwerbung von Studenten umsetzen?<\/p>\n<p style=\"text-align: center;\">Alioze ist eine spezialisierte Bildungsagentur mit Expertise in Webentwicklung, Kommunikation und Marketing. Unser Team bietet eine Reihe von bew\u00e4hrten L\u00f6sungen f\u00fcr den Bildungssektor und Schulen jeder Gr\u00f6\u00dfe.<\/p>\n<\/div><\/div>\n\t<section class=\"quickcontact lazyload\" style=\"background-image:inherit;\" data-bg-image=\"url(https:\/\/www.alioze.com\/wp-content\/themes\/alioze2016\/img\/alioze-communication-branding-design.jpg)\">\n\t\t\t\t<div class=\"content-a\">\n\t\t\t\t\t<div class=\"parralax-centertext\">\n\t\t\t\t\t\t<div class=\"container\">\n\t\t\t\t\t\t\t\t<div class=\"col-xs-12 col-sm-6 col-sm-offset-1 col-md-7 col-md-offset-1 quickcontact-text\">\n\t\t\t\t\t\t\t\tAlioze, die spezialisierte Bildungsagentur, die Ihre Bed\u00fcrfnisse erf\u00fcllt\n\t\t\t\t\t\t\t\t<\/div>\n\t\t\t\t\t\t\t\t<div class=\"col-xs-12 col-sm-4 col-md-3\">\n\t\t\t\t\t\t\t\t<a href=\"https:\/\/www.alioze.com\/de\/kontakt\/\" class=\"btn btn-lg btn-default  center-block\">Kontakt aufnehmen<\/a>\n\t\t\t\t\t\t\t\t<\/div>\n\t\t\t\t\t\t<\/div>\n\t\t\t\t\t<\/div>\n\t\t\t\t<\/div>\n\t\t\t<\/section>\n\t\t\t<div class=\"container\">\n\t\t\t<div class=\"col-xs-12\">\n<p>&nbsp;<\/p>\n<p>&nbsp;<\/p>\n\n\t\t<style type=\"text\/css\">\n\t\t\t#gallery-1 {\n\t\t\t\tmargin: auto;\n\t\t\t}\n\t\t\t#gallery-1 .gallery-item {\n\t\t\t\tfloat: left;\n\t\t\t\tmargin-top: 10px;\n\t\t\t\ttext-align: center;\n\t\t\t\twidth: 33%;\n\t\t\t}\n\t\t\t#gallery-1 img {\n\t\t\t\tborder: 2px solid #cfcfcf;\n\t\t\t}\n\t\t\t#gallery-1 .gallery-caption {\n\t\t\t\tmargin-left: 0;\n\t\t\t}\n\t\t\t\/* see gallery_shortcode() in wp-includes\/media.php *\/\n\t\t<\/style>\n\t\t<div id='gallery-1' class='gallery galleryid-21203 gallery-columns-3 gallery-size-thumbnail'><dl class='gallery-item'>\n\t\t\t<dt class='gallery-icon portrait'>\n\t\t\t\t<a href='https:\/\/www.alioze.com\/de\/web-agentur-spezialisierte-ausbildung-unterrichten\/agence-digitale-education-enseignement\/'><img decoding=\"async\" width=\"150\" height=\"150\" data-src=\"https:\/\/www.alioze.com\/wp-content\/uploads\/2020\/06\/agence-digitale-education-enseignement-150x150.jpg\" class=\"attachment-thumbnail size-thumbnail lazyload\" alt=\"\" src=\"data:image\/svg+xml;base64,PHN2ZyB3aWR0aD0iMSIgaGVpZ2h0PSIxIiB4bWxucz0iaHR0cDovL3d3dy53My5vcmcvMjAwMC9zdmciPjwvc3ZnPg==\" style=\"--smush-placeholder-width: 150px; --smush-placeholder-aspect-ratio: 150\/150;\" \/><\/a>\n\t\t\t<\/dt><\/dl><dl class='gallery-item'>\n\t\t\t<dt class='gallery-icon landscape'>\n\t\t\t\t<a href='https:\/\/www.alioze.com\/de\/web-agentur-spezialisierte-ausbildung-unterrichten\/agence-marketing-education-enseignement\/'><img decoding=\"async\" width=\"150\" height=\"150\" data-src=\"https:\/\/www.alioze.com\/wp-content\/uploads\/2020\/06\/agence-marketing-education-enseignement-150x150.jpg\" class=\"attachment-thumbnail size-thumbnail lazyload\" alt=\"\" src=\"data:image\/svg+xml;base64,PHN2ZyB3aWR0aD0iMSIgaGVpZ2h0PSIxIiB4bWxucz0iaHR0cDovL3d3dy53My5vcmcvMjAwMC9zdmciPjwvc3ZnPg==\" style=\"--smush-placeholder-width: 150px; --smush-placeholder-aspect-ratio: 150\/150;\" \/><\/a>\n\t\t\t<\/dt><\/dl><dl class='gallery-item'>\n\t\t\t<dt class='gallery-icon portrait'>\n\t\t\t\t<a href='https:\/\/www.alioze.com\/de\/web-agentur-spezialisierte-ausbildung-unterrichten\/agence-publicite-education-enseignement\/'><img decoding=\"async\" width=\"150\" height=\"150\" data-src=\"https:\/\/www.alioze.com\/wp-content\/uploads\/2020\/06\/agence-publicite-education-enseignement-150x150.jpg\" class=\"attachment-thumbnail size-thumbnail lazyload\" alt=\"\" src=\"data:image\/svg+xml;base64,PHN2ZyB3aWR0aD0iMSIgaGVpZ2h0PSIxIiB4bWxucz0iaHR0cDovL3d3dy53My5vcmcvMjAwMC9zdmciPjwvc3ZnPg==\" style=\"--smush-placeholder-width: 150px; --smush-placeholder-aspect-ratio: 150\/150;\" \/><\/a>\n\t\t\t<\/dt><\/dl><br style=\"clear: both\" \/><dl class='gallery-item'>\n\t\t\t<dt class='gallery-icon landscape'>\n\t\t\t\t<a href='https:\/\/www.alioze.com\/de\/web-agentur-spezialisierte-ausbildung-unterrichten\/agence-referencement-seo-education-enseignement\/'><img decoding=\"async\" width=\"150\" height=\"150\" data-src=\"https:\/\/www.alioze.com\/wp-content\/uploads\/2020\/06\/agence-referencement-seo-education-enseignement-150x150.jpg\" class=\"attachment-thumbnail size-thumbnail lazyload\" alt=\"\" src=\"data:image\/svg+xml;base64,PHN2ZyB3aWR0aD0iMSIgaGVpZ2h0PSIxIiB4bWxucz0iaHR0cDovL3d3dy53My5vcmcvMjAwMC9zdmciPjwvc3ZnPg==\" style=\"--smush-placeholder-width: 150px; --smush-placeholder-aspect-ratio: 150\/150;\" \/><\/a>\n\t\t\t<\/dt><\/dl><dl class='gallery-item'>\n\t\t\t<dt class='gallery-icon portrait'>\n\t\t\t\t<a href='https:\/\/www.alioze.com\/de\/web-agentur-spezialisierte-ausbildung-unterrichten\/agence-rp-education-enseignement\/'><img decoding=\"async\" width=\"150\" height=\"150\" data-src=\"https:\/\/www.alioze.com\/wp-content\/uploads\/2020\/06\/agence-rp-education-enseignement-150x150.jpg\" class=\"attachment-thumbnail size-thumbnail lazyload\" alt=\"\" src=\"data:image\/svg+xml;base64,PHN2ZyB3aWR0aD0iMSIgaGVpZ2h0PSIxIiB4bWxucz0iaHR0cDovL3d3dy53My5vcmcvMjAwMC9zdmciPjwvc3ZnPg==\" style=\"--smush-placeholder-width: 150px; --smush-placeholder-aspect-ratio: 150\/150;\" \/><\/a>\n\t\t\t<\/dt><\/dl><dl class='gallery-item'>\n\t\t\t<dt class='gallery-icon landscape'>\n\t\t\t\t<a href='https:\/\/www.alioze.com\/de\/web-agentur-spezialisierte-ausbildung-unterrichten\/agence-web-education-enseignement\/'><img decoding=\"async\" width=\"150\" height=\"150\" data-src=\"https:\/\/www.alioze.com\/wp-content\/uploads\/2020\/06\/agence-web-education-enseignement-150x150.jpg\" class=\"attachment-thumbnail size-thumbnail lazyload\" alt=\"\" src=\"data:image\/svg+xml;base64,PHN2ZyB3aWR0aD0iMSIgaGVpZ2h0PSIxIiB4bWxucz0iaHR0cDovL3d3dy53My5vcmcvMjAwMC9zdmciPjwvc3ZnPg==\" style=\"--smush-placeholder-width: 150px; --smush-placeholder-aspect-ratio: 150\/150;\" \/><\/a>\n\t\t\t<\/dt><\/dl><br style=\"clear: both\" \/>\n\t\t<\/div>\n\n<p>&nbsp;<\/p>\n<p>&nbsp;<\/p>\n<h2>Unsere ma\u00dfgeschneiderten Dienstleistungen f\u00fcr Bildungsexperten<\/h2>\n<ul>\n<li><a href=\"https:\/\/www.alioze.com\/de\/entwicklung\/\" target=\"_blank\" rel=\"noopener noreferrer\">Web-Entwicklung<\/a>:\n<ul>\n<li>Erstellung oder Neugestaltung einer responsiven, designorientierten und funktionalen Website.<\/li>\n<\/ul>\n<\/li>\n<li><a href=\"https:\/\/www.alioze.com\/de\/erwerb\/\" target=\"_blank\" rel=\"noopener noreferrer\">Akquisition<\/a>:\n<ul>\n<li>Print- und digitale Werbung (Presse und Fachmedien, Google Ads, Youtube, soziale Netzwerke).<\/li>\n<li>SEO-Optimierung f\u00fcr Suchmaschinen.<\/li>\n<li>Lokale, nationale und internationale Referenzierung.<\/li>\n<li>Pr\u00e4diktive Semantik und Wettbewerbsforschung.<\/li>\n<\/ul>\n<\/li>\n<li><a href=\"https:\/\/www.alioze.com\/de\/kommunikation\/\" target=\"_blank\" rel=\"noopener noreferrer\">Kommunikation<\/a>:\n<ul>\n<li>Konzeption, Design und Grafikcharta.<\/li>\n<li>Unterst\u00fctzung und Beratung in sozialen Medien.<\/li>\n<li>Produktion von Inhalten.<\/li>\n<li>Newsletter und E-Mailing-Kampagnen.<\/li>\n<li>Verwaltung und \u00dcberwachung der E-Reputation.<\/li>\n<\/ul>\n<\/li>\n<\/ul>\n<p>Jede Generation ist mehr &#8222;vernetzt&#8220; als die letzte. Es ist also an der Zeit, sie \u00fcber das Internet zu erreichen, und wir sind hier, um Ihnen dabei zu helfen!<\/p>\n<p>Jetzt ist es schwer, einen Studenten zu finden, der nicht angeschlossen ist. Bei der Suche nach Informationen \u00fcber den Studienort werden Ihre zuk\u00fcnftigen Studenten wahrscheinlich vom Computer zum Smartphone und von Suchmaschinen zu sozialen Netzwerken wechseln. Unser prim\u00e4res Ziel ist es, sicherzustellen, dass Ihr Publikum das findet, was es sucht, und zwar zur richtigen Zeit.<\/p>\n<p>Deshalb beginnen wir, wenn wir mit einer Schule zusammenarbeiten, mit einem gr\u00fcndlichen Prozess des Entdeckens und Verstehens unseres Kunden, der Recherche und Positionierung.<\/p>\n<p>Dazu f\u00fchren wir zun\u00e4chst eine gr\u00fcndliche semantische Recherche und Marktforschung durch, die es uns erm\u00f6glicht, die Inhalte zu identifizieren, nach denen Ihr Publikum sucht, und zu planen, wo, wie und wann sie geteilt werden sollen, um langfristig die besten Ergebnisse zu erzielen.<\/p>\n<p>Dann erarbeiten wir eine Kommunikationsstrategie, mit der Ihr Content Marketing Ihren Bekanntheitsgrad, Ihre Registrierungen und, globaler, Ihre definierten Ziele steigern kann.<\/p>\n<p>Das Ergebnis? Mit der Zeit gewinnt Ihr Bildungsangebot an Sichtbarkeit, Bekanntheit und Attraktivit\u00e4t.<\/p>\n<p>&nbsp;<\/p>\n<p>&nbsp;<\/p>\n<h2>Einige unserer Kundenreferenzen aus dem Bildungsbereich<\/h2>\n<div class=\"text-center\"><img decoding=\"async\" class=\"img-client\" src=\"https:\/\/www.alioze.com\/wp-content\/uploads\/2016\/02\/agence-web-de-itecom-art-design.png\" alt=\"agence-web-de-itecom-art-design\" \/><img decoding=\"async\" class=\"img-client\" src=\"https:\/\/www.alioze.com\/wp-content\/uploads\/2016\/02\/agence-web-de-cpcm.png\" alt=\"agence-web-de-cpcm\" \/><img decoding=\"async\" class=\"img-client\" src=\"https:\/\/www.alioze.com\/wp-content\/uploads\/2016\/02\/agence-web-de-juridicapbarreau.png\" alt=\"agence-web-de-juridicapbarreau\" \/><img decoding=\"async\" class=\"img-client\" src=\"https:\/\/www.alioze.com\/wp-content\/uploads\/2017\/05\/agence-web-de-ecole-ferrieres.png\" alt=\"agence web \u00e9cole ferri\u00e8res\" \/><img decoding=\"async\" class=\"img-client\" src=\"https:\/\/www.alioze.com\/wp-content\/uploads\/2021\/01\/agence-communication-open-sky-international.png\" alt=\"agence communication open sky international\" \/><img decoding=\"async\" class=\"img-client\" src=\"https:\/\/www.alioze.com\/wp-content\/uploads\/2021\/07\/agence-communication-solidworks.png\" alt=\"agence communication solidworks\" \/><img decoding=\"async\" class=\"img-client\" src=\"https:\/\/www.alioze.com\/wp-content\/uploads\/2021\/12\/agence-communication-internationale.png\" alt=\"agence communication internationale\" \/><img decoding=\"async\" class=\"img-client\" src=\"https:\/\/www.alioze.com\/wp-content\/uploads\/2021\/12\/agence-communication-british-council.png\" alt=\"agence communication british council\" \/><\/div>\n<p>&nbsp;<\/p>\n<p>Mit mehr als 250 Kunden kennt unsere Bildungsagentur die komplexen Anforderungen an die F\u00f6rderung und Verwaltung von Schul- und Bildungsinhalten im digitalen Bereich genau.<\/p>\n<p>Unsere Expertise richtet sich an :<\/p>\n<ul>\n<li><strong> Colleges<\/strong>, <strong>Gymnasien<\/strong> und <strong>Universit\u00e4ten<\/strong>;<\/li>\n<li><strong>Private oder \u00f6ffentliche Schulen<\/strong>;<\/li>\n<li><strong>Spezialisierte Bildungseinrichtungen und Programme<\/strong>;<\/li>\n<li>Unternehmen, die Studenten mit <strong>Edutainment-Inhalten<\/strong> versorgen;<\/li>\n<li><strong>Akademische<\/strong> und <strong>berufliche<\/strong> <strong>Ausbildungszentren<\/strong> und Programme;<\/li>\n<li><strong> Bildungsdienstleistungen<\/strong>.<\/li>\n<\/ul>\n<p>Wir entwerfen Websites, Kommunikations- und Marketingstrategien, die drei Ziele ber\u00fccksichtigen, die den meisten Organisationen, die sich der Bildung widmen, gemeinsam sind:<\/p>\n<ul>\n<li>Studentenrekrutierung ;<\/li>\n<li>Erstellung und Verteilung von Bildungsinhalten;<\/li>\n<li>Management der Beziehungen zu Lehrkr\u00e4ften und ehemaligen Sch\u00fclern.<\/li>\n<\/ul>\n<p>&nbsp;<\/p>\n<p>&nbsp;<\/p>\n<h2>Ben\u00f6tigen Sie Hilfe f\u00fcr Ihre Schule oder Bildungsabteilung?<\/h2>\n<p style=\"text-align: center;\">Unsere Agentur ist von Montag bis Freitag von 9:30 Uhr bis 19:00 Uhr ge\u00f6ffnet.<\/p>\n<p style=\"text-align: center;\">Z\u00f6gern Sie nicht, uns telefonisch unter <a href=\"tel:+33183622184\"> +33 (0) 1 83 62 21 84<\/a> zu kontaktieren oder f\u00fcllen Sie dieses kurze Formular aus:<\/p>\n\n<div class=\"wpcf7 no-js\" id=\"wpcf7-f21287-o1\" lang=\"de-DE\" dir=\"ltr\" data-wpcf7-id=\"21287\">\n<div class=\"screen-reader-response\"><p role=\"status\" aria-live=\"polite\" aria-atomic=\"true\"><\/p> <ul><\/ul><\/div>\n<form action=\"\/de\/wp-json\/wp\/v2\/pages\/21203#wpcf7-f21287-o1\" method=\"post\" class=\"wpcf7-form init\" aria-label=\"Kontaktformular\" novalidate=\"novalidate\" data-status=\"init\">\n<fieldset class=\"hidden-fields-container\"><input type=\"hidden\" name=\"_wpcf7\" value=\"21287\" \/><input type=\"hidden\" name=\"_wpcf7_version\" value=\"6.1.5\" \/><input type=\"hidden\" name=\"_wpcf7_locale\" value=\"de_DE\" \/><input type=\"hidden\" name=\"_wpcf7_unit_tag\" value=\"wpcf7-f21287-o1\" \/><input type=\"hidden\" name=\"_wpcf7_container_post\" value=\"0\" \/><input type=\"hidden\" name=\"_wpcf7_posted_data_hash\" value=\"\" \/><input type=\"hidden\" name=\"_wpcf7_recaptcha_response\" value=\"\" \/>\n<\/fieldset>\n<div class=\"form-group\">\n\t<p><span class=\"wpcf7-form-control-wrap\" data-name=\"contact-name\"><input size=\"40\" maxlength=\"400\" class=\"wpcf7-form-control wpcf7-text wpcf7-validates-as-required form-control\" aria-required=\"true\" aria-invalid=\"false\" placeholder=\"Ihr Name *\" value=\"\" type=\"text\" name=\"contact-name\" \/><\/span>\n\t<\/p>\n<\/div>\n<div class=\"form-group\">\n\t<p><span class=\"wpcf7-form-control-wrap\" data-name=\"contact-telephone\"><input size=\"40\" maxlength=\"400\" class=\"wpcf7-form-control wpcf7-text wpcf7-validates-as-required form-control\" aria-required=\"true\" aria-invalid=\"false\" placeholder=\"Ihre Rufnummer *\" value=\"\" type=\"text\" name=\"contact-telephone\" \/><\/span>\n\t<\/p>\n<\/div>\n<div class=\"form-group\">\n\t<p><span class=\"wpcf7-form-control-wrap\" data-name=\"contact-email\"><input size=\"40\" maxlength=\"400\" class=\"wpcf7-form-control wpcf7-email wpcf7-validates-as-required wpcf7-text wpcf7-validates-as-email form-control\" aria-required=\"true\" aria-invalid=\"false\" placeholder=\"Ihre E-Mail Adresse *\" value=\"\" type=\"email\" name=\"contact-email\" \/><\/span>\n\t<\/p>\n<\/div>\n<div class=\"form-group\">\n\t<p><span class=\"wpcf7-form-control-wrap\" data-name=\"contact-message\"><textarea cols=\"40\" rows=\"10\" maxlength=\"2000\" class=\"wpcf7-form-control wpcf7-textarea wpcf7-validates-as-required form-control\" aria-required=\"true\" aria-invalid=\"false\" placeholder=\"Ihre Nachricht *\" name=\"contact-message\"><\/textarea><\/span>\n\t<\/p>\n<\/div>\n<p><span class=\"wpcf7-form-control-wrap\" data-name=\"checkbox-262\"><span class=\"wpcf7-form-control wpcf7-checkbox wpcf7-validates-as-required\"><span class=\"wpcf7-list-item first last\"><input type=\"checkbox\" name=\"checkbox-262[]\" value=\"Ich habe die Allgemeinen Gesch\u00e4ftsbedingungen gelesen und akzeptiere sie\" \/><span class=\"wpcf7-list-item-label\">Ich habe die Allgemeinen Gesch\u00e4ftsbedingungen gelesen und akzeptiere sie<\/span><\/span><\/span><\/span><br \/>\n<input class=\"wpcf7-form-control wpcf7-submit has-spinner btn btn-lg btn-default btn-dark center-block gtm-contact-form-submit\" type=\"submit\" value=\"Senden\" \/>\n<\/p><p style=\"display: none !important;\" class=\"akismet-fields-container\" data-prefix=\"_wpcf7_ak_\"><label>&#916;<textarea name=\"_wpcf7_ak_hp_textarea\" cols=\"45\" rows=\"8\" maxlength=\"100\"><\/textarea><\/label><input type=\"hidden\" id=\"ak_js_1\" name=\"_wpcf7_ak_js\" value=\"204\"\/><script type=\"text\/javascript\">\n\/* <![CDATA[ *\/\ndocument.getElementById( \"ak_js_1\" ).setAttribute( \"value\", ( new Date() ).getTime() );\n\/* ]]> *\/\n<\/script>\n<\/p><div class=\"wpcf7-response-output\" aria-hidden=\"true\"><\/div>\n<\/form>\n<\/div>\n\n<p>&nbsp;<\/p>\n<p>&nbsp;<\/p>\n<h2>Bildung und Kommunikation im Web: Fokus<\/h2>\n<p>Die Bildung hat sich ver\u00e4ndert, vor allem im letzten Jahrzehnt. Der technologische Fortschritt hat die Bildung f\u00fcr Studenten zug\u00e4nglicher, flexibler und effektiver gemacht. Vorbei sind die Zeiten, in denen sich Schulen auf Mundpropaganda, Postwurfsendungen und gedruckte Verzeichnisse verlassen konnten, um ihren Namen bekannt zu machen.<\/p>\n<p>Studenten &#8211; ganz zu schweigen von ihren Familien und Beratern &#8211; wenden sich heute haupts\u00e4chlich an das Internet, um sich \u00fcber Schulen und Kurse zu informieren.<\/p>\n<p>Dar\u00fcber hinaus ist der Sektor mit einem breiten Angebot an Diplomen und Ausbildungsg\u00e4ngen sowie einer Vielzahl von Akteuren auf nationaler und internationaler Ebene zunehmend wettbewerbsintensiv geworden.<\/p>\n<p>Um also die digitalen M\u00f6glichkeiten auszusch\u00f6pfen, m\u00fcssen Sie die Studenten auf den richtigen Kan\u00e4len erreichen &#8211; und \u00fcber die traditionellen Einschreibungszeitr\u00e4ume hinausschauen &#8211; mit einer konsistenten Online-Pr\u00e4senz.<\/p>\n<p>Schulen haben keine andere Wahl, als sich online zu engagieren und Content Marketing zu implementieren, um die Aufmerksamkeit der Sch\u00fcler auf sich zu ziehen und neue Sch\u00fcler zu gewinnen.<\/p>\n<p>&nbsp;<\/p>\n<blockquote><p>\u00ab <em>Es geht nicht nur um die Gewinnung von Leads, sondern um qualitativ hochwertige Leads, die wirklich an diesen Programmen interessiert sind und einsteigen k\u00f6nnen. Und dass die richtigen Leute in diesen Programmen Erfolg haben. Es geht also wirklich darum, seinen Wert zu maximieren.<\/em>\u00bb<\/p><\/blockquote>\n<p>&nbsp;<\/p>\n<p>Ihre Website und die verschiedenen sozialen Konten richten sich an ein vielf\u00e4ltiges Publikum von Lehrern, Sch\u00fclern, Eltern und Bildungspersonal, die nach verschiedenen Arten von Informationen suchen.<\/p>\n<p>Wenn Sie die Einschreibung, die Teilnahme und das Interesse an Ihren Programmen steigern wollen, ist es wichtig zu verstehen, dass Sie ein ansprechendes und informatives Erlebnis f\u00fcr alle bieten m\u00fcssen.<\/p>\n<p>In der Tat besuchen die meisten Studenten Bildungseinrichtungen, weil sie auf eine bessere Zukunft mit mehr M\u00f6glichkeiten hoffen. Sie m\u00fcssen sie davon \u00fcberzeugen, dass Ihre Einrichtung ihnen helfen kann, ihre Tr\u00e4ume zu verwirklichen.<\/p>\n<p>Zum Beispiel k\u00f6nnen Erfahrungsberichte von Ehemaligen, umfassende und detaillierte Ressourcen, Fotos, Videos und andere Multimedia-Optionen neuen Studenten T\u00fcren \u00f6ffnen und ihnen ein klareres Bild von den akademischen M\u00f6glichkeiten vermitteln, die Sie anbieten k\u00f6nnen.<\/p>\n<p>Als Bildungsexperte muss Ihre Website und Ihre gesamte Online-Pr\u00e4senz also verschiedene Elemente und Funktionen enthalten, um mehr qualifizierte Leads zu generieren, Studentenbeziehungen zu verwalten und wichtige Interessengruppen zu verbinden.<\/p>\n<p>&nbsp;<\/p>\n<p>&nbsp;<\/p>\n<h2><a style=\"color: #333333;\" href=\"https:\/\/www.alioze.com\/secteurs\" target=\"_blank\" rel=\"noopener\">Sektoren<\/a> auf die sich Alioze spezialisiert hat<\/h2>\n<p style=\"text-align: center;\">Sind Sie in M\u00fcnchen, Berlin oder Hamburg ans\u00e4ssig?<br \/>\nUnsere Agentur k\u00fcmmert sich um Ihre Akte, wo immer Sie sind.<\/p>\n","protected":false},"excerpt":{"rendered":"<p>Sie sind auf der Suche nach einer Kommunikationsagentur, die sich auf Bildung und Unterricht spezialisiert hat? Willkommen bei Alioze. Wollen Sie die institutionelle Glaubw\u00fcrdigkeit Ihrer Einrichtung st\u00e4rken? Erstellen und planen Sie Ihre n\u00e4chste Kommunikations- und\/oder Marketingkampagne? Eine Strategie zur Anwerbung von Studenten umsetzen? Alioze ist eine spezialisierte Bildungsagentur mit Expertise in Webentwicklung, Kommunikation und Marketing. [&hellip;]<\/p>\n","protected":false},"author":6,"featured_media":21224,"parent":0,"menu_order":0,"comment_status":"closed","ping_status":"closed","template":"page-no-title.php","meta":{"_acf_changed":false,"footnotes":""},"class_list":["post-21203","page","type-page","status-publish","has-post-thumbnail","hentry"],"acf":[],"aioseo_notices":[],"amp_enabled":false,"_links":{"self":[{"href":"https:\/\/www.alioze.com\/de\/wp-json\/wp\/v2\/pages\/21203","targetHints":{"allow":["GET"]}}],"collection":[{"href":"https:\/\/www.alioze.com\/de\/wp-json\/wp\/v2\/pages"}],"about":[{"href":"https:\/\/www.alioze.com\/de\/wp-json\/wp\/v2\/types\/page"}],"author":[{"embeddable":true,"href":"https:\/\/www.alioze.com\/de\/wp-json\/wp\/v2\/users\/6"}],"replies":[{"embeddable":true,"href":"https:\/\/www.alioze.com\/de\/wp-json\/wp\/v2\/comments?post=21203"}],"version-history":[{"count":7,"href":"https:\/\/www.alioze.com\/de\/wp-json\/wp\/v2\/pages\/21203\/revisions"}],"predecessor-version":[{"id":26858,"href":"https:\/\/www.alioze.com\/de\/wp-json\/wp\/v2\/pages\/21203\/revisions\/26858"}],"wp:featuredmedia":[{"embeddable":true,"href":"https:\/\/www.alioze.com\/de\/wp-json\/wp\/v2\/media\/21224"}],"wp:attachment":[{"href":"https:\/\/www.alioze.com\/de\/wp-json\/wp\/v2\/media?parent=21203"}],"curies":[{"name":"wp","href":"https:\/\/api.w.org\/{rel}","templated":true}]}}