{"id":21199,"date":"2021-07-01T16:21:00","date_gmt":"2021-07-01T15:21:00","guid":{"rendered":"https:\/\/www.alioze.com\/?page_id=21199"},"modified":"2021-08-04T12:02:16","modified_gmt":"2021-08-04T11:02:16","slug":"agentur-kommunikation-restaurant-gastronomie","status":"publish","type":"page","link":"https:\/\/www.alioze.com\/de\/agentur-kommunikation-restaurant","title":{"rendered":"Kommunikationsagentur, spezialisiert auf Restaurants"},"content":{"rendered":"<\/div><\/div>\n\t<section class=\"headertitle lazyload\" style=\"background-image:inherit;\" data-bg-image=\"url(https:\/\/www.alioze.com\/wp-content\/themes\/alioze2016\/img\/alioze-communication-branding-design.jpg)\">\n\t\t<div id=\"breadcrumbs\">\n\t\t\t\t\t\t<span>\t\t\t\t\t<a href=\"https:\/\/www.alioze.com\/de\/\">Home<\/a>\n\t\t\t\t\t > \t\t\t\t\t<a href=\"https:\/\/www.alioze.com\/de\/blog\/\">Blog<\/a>\n\t\t\t\t\t > <\/span>\n\t\t\t\t\t<\/div>\n\t\t\t\t<div class=\"content-a\">\n\t\t\t\t\t<div class=\"parralax-centertext text-center\">\n\n\t\t\t\t\t\t<h1>Kommunikationsagentur, spezialisiert auf Restaurants<\/h1>\n\t\t\t\t\t\t<span class=\"baseline\">Deutschland &amp; International<\/span>\n\t\t\t\t\t<\/div>\n\t\t\t\t<\/div>\n\t\t\t<\/section>\n\t\t\t<div class=\"container\">\n\t\t\t<div class=\"col-xs-12\">\n<p style=\"text-align: center;\">Sie sind auf der Suche nach einer <strong>Kommunikationsagentur, die sich auf Restaurants spezialisiert<\/strong> hat? Willkommen bei Alioze.<\/p>\n<p style=\"text-align: center;\">Ben\u00f6tigen Sie Hilfe bei der Gestaltung oder Entwicklung der Website Ihres Unternehmens?<br \/>\nWollen Sie neue Kunden gewinnen?<br \/>\nImplementieren Sie eine Kommunikations- und\/oder Marketingstrategie, um den Ruf Ihres Restaurants zu steigern und sein Image zu verbessern?<\/p>\n<p style=\"text-align: center;\">Alioze, eine 360\u00b0-Kommunikationsagentur mit einem starken Hang zum Digitalen, hilft Ihnen bei der Entwicklung Ihrer Restaurantmarke dank einer strategischen Vision gepaart mit kreativem Know-how.<\/p>\n<p>&nbsp;<\/p>\n<\/div><\/div><div class=\"container-fluid\" style=\"padding:0\"><div id=\"eb43d775\" class=\"imgFull lazyload\" style=\"height:350px;background-image:inherit;background-position:center;background-repeat:no-repeat;moz-background-size:cover;background-size: cover;\" data-bg-image=\"url(https:\/\/www.alioze.com\/wp-content\/uploads\/2020\/03\/agence-communication-restaurant-1.jpg)\"><\/div><\/div><div class=\"container\"><div class=\"col-xs-12\">\n<p>&nbsp;<\/p>\n<h2>Unsere ma\u00dfgeschneiderten Dienstleistungen f\u00fcr Catering-Profis<\/h2>\n<ul>\n<li><a href=\"https:\/\/www.alioze.com\/de\/entwicklung\/\" target=\"_blank\" rel=\"noopener noreferrer\">Web-Produktion<\/a>:\n<ul>\n<li>Design oder Redesign einer responsiven Website mit spezifischen Features f\u00fcr die Gastronomie.<\/li>\n<li>Chatbot-Erstellung.<\/li>\n<\/ul>\n<\/li>\n<li><a href=\"https:\/\/www.alioze.com\/de\/kommunikation\/\" target=\"_blank\" rel=\"noopener noreferrer\">Kommunikation<\/a>:\n<ul>\n<li>Verwaltung und \u00dcberwachung der E-Reputation.<\/li>\n<li>Erstellung von Kommunikationskampagnen in allen Medien.<\/li>\n<li>Presse, \u00d6ffentlichkeitsarbeit und Food Influencer.<\/li>\n<li>Erstellung von Multimedia-Inhalten (Video, Text, Grafiken&#8230;).<\/li>\n<li>K\u00fcnstlerische Leitung.<\/li>\n<\/ul>\n<\/li>\n<li><a href=\"https:\/\/www.alioze.com\/de\/erwerb\/\" target=\"_blank\" rel=\"noopener noreferrer\">Verkehrserfassung<\/a>:\n<ul>\n<li>SEO, Google AdWords und lokales SEO.<\/li>\n<li>Marktforschung, Verhaltensanalyse und pr\u00e4diktive Semantik.<\/li>\n<li>Verwaltung und F\u00fctterung Ihrer Social Accounts.<\/li>\n<\/ul>\n<\/li>\n<\/ul>\n<p>Bei der Entwicklung einer effektiven Website und Kommunikation f\u00fcr ein Restaurant geht es um die Verwendung der richtigen Zutaten (kein Wortspiel beabsichtigt \ud83d\ude09 ).<\/p>\n<p>Erstens: Je einfacher es f\u00fcr Menschen ist, Ihr Unternehmen online zu finden, desto einfacher ist es f\u00fcr sie, mit Ihnen zu interagieren und ein Kunde zu werden.<\/p>\n<p>Alioze bietet Ihnen die Mittel, um Sichtbarkeit zu erlangen und Ihr Restaurant effizient zu positionieren.<\/p>\n<p>Neben der Gestaltung einer attraktiven Website, die es Ihnen erm\u00f6glicht, Ihr Restaurant oder Ihre gastronomischen Aktivit\u00e4ten zu bewerben oder sogar Ihre Lebensmittelprodukte zu verkaufen, kann Ihr Kommunikationsprojekt mit uns auch die Erstellung von Inhalten, Werbekampagnen, optimierte Landing Pages, fortgeschrittene semantische Recherche oder die Verwaltung Ihrer sozialen Konten umfassen.<\/p>\n<p>Je nach Zielsetzung, Bedarf und Projekt bietet Alioze auch erweiterte Funktionen wie Online-Buchungssysteme oder eine Anwendung zur Kundenbewertung.<\/p>\n<p>Sie k\u00f6nnen uns Ihre detaillierten Spezifikationen zusenden. Nachdem wir Ihr Wettbewerbsumfeld sowie aktuelle und zuk\u00fcnftige Trends studiert haben, k\u00f6nnen wir mit Ihnen die technischen und strategischen Aspekte festlegen, die f\u00fcr Ihr Unternehmen am besten geeignet sind.<\/p>\n<\/div><\/div>\n\t<section class=\"quickcontact lazyload\" style=\"background-image:inherit;\" data-bg-image=\"url(https:\/\/www.alioze.com\/wp-content\/themes\/alioze2016\/img\/alioze-communication-branding-design.jpg)\">\n\t\t\t\t<div class=\"content-a\">\n\t\t\t\t\t<div class=\"parralax-centertext\">\n\t\t\t\t\t\t<div class=\"container\">\n\t\t\t\t\t\t\t\t<div class=\"col-xs-12 col-sm-6 col-sm-offset-1 col-md-7 col-md-offset-1 quickcontact-text\">\n\t\t\t\t\t\t\t\tAlioze, die spezialisierte Restaurant-Agentur, die Ihre Bed\u00fcrfnisse erf\u00fcllt\n\t\t\t\t\t\t\t\t<\/div>\n\t\t\t\t\t\t\t\t<div class=\"col-xs-12 col-sm-4 col-md-3\">\n\t\t\t\t\t\t\t\t<a href=\"https:\/\/www.alioze.com\/de\/kontakt\/\" class=\"btn btn-lg btn-default  center-block\">Kontakt aufnehmen<\/a>\n\t\t\t\t\t\t\t\t<\/div>\n\t\t\t\t\t\t<\/div>\n\t\t\t\t\t<\/div>\n\t\t\t\t<\/div>\n\t\t\t<\/section>\n\t\t\t<div class=\"container\">\n\t\t\t<div class=\"col-xs-12\">\n<p>&nbsp;<\/p>\n<h2>Einige unserer Kundenreferenzen aus dem Bereich der Gastronomie<\/h2>\n<p>&nbsp;<\/p>\n<div class=\"text-center\"><img decoding=\"async\" class=\"img-client\" src=\"https:\/\/www.alioze.com\/wp-content\/uploads\/2018\/05\/agence-web-petrossian.jpg\" alt=\"agence-web-de-petrossian\" \/><img decoding=\"async\" class=\"img-client\" src=\"https:\/\/www.alioze.com\/wp-content\/uploads\/2017\/05\/agence-web-de-ecole-ferrieres.png\" alt=\"agence web \u00e9cole ferri\u00e8res\" \/><\/div>\n<p>&nbsp;<\/p>\n<p>Seit 2008 positioniert sich Alioze als bevorzugter Partner f\u00fcr alle Gastronomen, vom Fast-Food-Restaurant bis zum Gourmet- oder Sternerestaurant.<\/p>\n<p>Als Restaurantbesitzer sehen Sie sich einem verst\u00e4rkten Wettbewerb und gesch\u00e4ftlichen Herausforderungen gegen\u00fcber. Es gibt einige grundlegende Funktionen und strategische Positionen f\u00fcr eine effektive Kommunikation, um mehr Kunden zu erreichen und die Popularit\u00e4t Ihrer Einrichtung zu steigern, unabh\u00e4ngig von der Art oder dem Typ Ihres Unternehmens:<\/p>\n<ul>\n<li><strong>Sternerestaurant<\/strong> oder <strong>gastronomisches<\/strong><strong>Restaurant<\/strong> (Guide Michelin, Gault &amp; Millau)<\/li>\n<li><strong>Traditionelle Restaurants<\/strong>.<\/li>\n<li><strong>Hotel-Restaurants<\/strong>.<\/li>\n<li><strong>Brasserie<\/strong>, <strong>Bistro<\/strong>, <strong>Bar<\/strong> und <strong>Caf\u00e9<\/strong>.<\/li>\n<li><strong>Cafeteria-<\/strong> und<strong>Selbstbedienungs-Restaurantkette<\/strong>, Fast Food oder Takeaway.<\/li>\n<li><strong>Pizzeria<\/strong>, <strong>Salatbar<\/strong> und andere spezialisierte Restaurants.<\/li>\n<li><strong>Caterer<\/strong>.<\/li>\n<li><strong>Fast Food<\/strong>.<\/li>\n<li><strong>Essenswagen<\/strong>.<\/li>\n<li>Weinh\u00e4ndler oder Besitzer einer Weinkellerei: Sie k\u00f6nnen unsere Dienstleistungen f\u00fcr Fachleute im Bereich <a href=\"https:\/\/www.alioze.com\/agence-communication-vins\" target=\"_blank\" rel=\"noopener noreferrer\">Wein, Spirituosen und Alkohol<\/a> konsultieren.<\/li>\n<li>Alle Lebensmittelprofis im Allgemeinen: Sie k\u00f6nnen unsere Dienstleistungen f\u00fcr <a href=\"https:\/\/www.alioze.com\/agence-communication-food\" target=\"_blank\" rel=\"noopener noreferrer\">Lebensmittelprofis<\/a> konsultieren.<\/li>\n<\/ul>\n<p>&nbsp;<\/p>\n<p>&nbsp;<\/p>\n<h2>Ben\u00f6tigen Sie Hilfe f\u00fcr Ihr Restaurant?<\/h2>\n<p style=\"text-align: center;\">Unsere Agentur ist von Montag bis Freitag von 9:30 Uhr bis 19:00 Uhr ge\u00f6ffnet.<\/p>\n<p style=\"text-align: center;\">Z\u00f6gern Sie nicht, uns telefonisch unter <a href=\"tel:+33183622184\"> +33 (0) 1 83 62 21 84<\/a> zu kontaktieren oder f\u00fcllen Sie dieses kurze Formular aus:<\/p>\n\n<div class=\"wpcf7 no-js\" id=\"wpcf7-f21287-o1\" lang=\"de-DE\" dir=\"ltr\" data-wpcf7-id=\"21287\">\n<div class=\"screen-reader-response\"><p role=\"status\" aria-live=\"polite\" aria-atomic=\"true\"><\/p> <ul><\/ul><\/div>\n<form action=\"\/de\/wp-json\/wp\/v2\/pages\/21199#wpcf7-f21287-o1\" method=\"post\" class=\"wpcf7-form init\" aria-label=\"Kontaktformular\" novalidate=\"novalidate\" data-status=\"init\">\n<fieldset class=\"hidden-fields-container\"><input type=\"hidden\" name=\"_wpcf7\" value=\"21287\" \/><input type=\"hidden\" name=\"_wpcf7_version\" value=\"6.1.6\" \/><input type=\"hidden\" name=\"_wpcf7_locale\" value=\"de_DE\" \/><input type=\"hidden\" name=\"_wpcf7_unit_tag\" value=\"wpcf7-f21287-o1\" \/><input type=\"hidden\" name=\"_wpcf7_container_post\" value=\"0\" \/><input type=\"hidden\" name=\"_wpcf7_posted_data_hash\" value=\"\" \/><input type=\"hidden\" name=\"_wpcf7_recaptcha_response\" value=\"\" \/>\n<\/fieldset>\n<div class=\"form-group\">\n\t<p><span class=\"wpcf7-form-control-wrap\" data-name=\"contact-name\"><input size=\"40\" maxlength=\"400\" class=\"wpcf7-form-control wpcf7-text wpcf7-validates-as-required form-control\" aria-required=\"true\" aria-invalid=\"false\" placeholder=\"Ihr Name *\" value=\"\" type=\"text\" name=\"contact-name\" \/><\/span>\n\t<\/p>\n<\/div>\n<div class=\"form-group\">\n\t<p><span class=\"wpcf7-form-control-wrap\" data-name=\"contact-telephone\"><input size=\"40\" maxlength=\"400\" class=\"wpcf7-form-control wpcf7-text wpcf7-validates-as-required form-control\" aria-required=\"true\" aria-invalid=\"false\" placeholder=\"Ihre Rufnummer *\" value=\"\" type=\"text\" name=\"contact-telephone\" \/><\/span>\n\t<\/p>\n<\/div>\n<div class=\"form-group\">\n\t<p><span class=\"wpcf7-form-control-wrap\" data-name=\"contact-email\"><input size=\"40\" maxlength=\"400\" class=\"wpcf7-form-control wpcf7-email wpcf7-validates-as-required wpcf7-text wpcf7-validates-as-email form-control\" aria-required=\"true\" aria-invalid=\"false\" placeholder=\"Ihre E-Mail Adresse *\" value=\"\" type=\"email\" name=\"contact-email\" \/><\/span>\n\t<\/p>\n<\/div>\n<div class=\"form-group\">\n\t<p><span class=\"wpcf7-form-control-wrap\" data-name=\"contact-message\"><textarea cols=\"40\" rows=\"10\" maxlength=\"2000\" class=\"wpcf7-form-control wpcf7-textarea wpcf7-validates-as-required form-control\" aria-required=\"true\" aria-invalid=\"false\" placeholder=\"Ihre Nachricht *\" name=\"contact-message\"><\/textarea><\/span>\n\t<\/p>\n<\/div>\n<p><span class=\"wpcf7-form-control-wrap\" data-name=\"checkbox-262\"><span class=\"wpcf7-form-control wpcf7-checkbox wpcf7-validates-as-required\"><span class=\"wpcf7-list-item first last\"><input type=\"checkbox\" name=\"checkbox-262[]\" value=\"Ich habe die Allgemeinen Gesch\u00e4ftsbedingungen gelesen und akzeptiere sie\" \/><span class=\"wpcf7-list-item-label\">Ich habe die Allgemeinen Gesch\u00e4ftsbedingungen gelesen und akzeptiere sie<\/span><\/span><\/span><\/span><br \/>\n<input class=\"wpcf7-form-control wpcf7-submit has-spinner btn btn-lg btn-default btn-dark center-block gtm-contact-form-submit\" type=\"submit\" value=\"Senden\" \/>\n<\/p><p style=\"display: none !important;\" class=\"akismet-fields-container\" data-prefix=\"_wpcf7_ak_\"><label>&#916;<textarea name=\"_wpcf7_ak_hp_textarea\" cols=\"45\" rows=\"8\" maxlength=\"100\"><\/textarea><\/label><input type=\"hidden\" id=\"ak_js_1\" name=\"_wpcf7_ak_js\" value=\"161\"\/><script type=\"text\/javascript\">\n\/* <![CDATA[ *\/\ndocument.getElementById( \"ak_js_1\" ).setAttribute( \"value\", ( new Date() ).getTime() );\n\/* ]]> *\/\n<\/script>\n<\/p><div class=\"wpcf7-response-output\" aria-hidden=\"true\"><\/div>\n<\/form>\n<\/div>\n\n<p>&nbsp;<\/p>\n<p>&nbsp;<\/p>\n<h2>Restaurant, Gastronomie und Kommunikation im Web: Fokus<\/h2>\n<p>Das Internet ist das bevorzugte Kommunikationsmittel der Welt, und Essen ist nach Unterhaltung und Technik das meistdiskutierte Thema im Web.<\/p>\n<p>Lieferdienste und die M\u00f6glichkeit, online zu reservieren, die bei den Nutzern sehr beliebt sind, haben die Branche revolutioniert: Sehen Sie den Erfolg von Seiten wie <em>LaFourchette<\/em>, <em>UberEats<\/em> oder <em>Deliveroo<\/em>.<\/p>\n<p>Angesichts der Tatsache, dass Hunderte von Verbrauchern das Internet f\u00fcr ihre kulinarischen Entdeckungen und die Suche nach Restaurants nutzen, muss Ihre Einrichtung online sichtbar sein. Die Kombination einer funktionalen Website mit einer guten Kommunikationsstrategie ist eine echte Chance zu wachsen!<\/p>\n<p>Mit einer optimierten Online-Pr\u00e4senz k\u00f6nnen Sie au\u00dferdem ansprechende Informationen teilen und mit Ihren Kunden, die besonders aufmerksam sind, in Kontakt bleiben:<\/p>\n<ul>\n<li>Zu gebuchten Preisen ;<\/li>\n<li>Wenn das Men\u00fc verf\u00fcgbar ist ;<\/li>\n<li>Auf die M\u00f6glichkeit, online zu buchen;<\/li>\n<li>Die Meinung anderer Kunden: Die meisten Menschen wollen wissen, welche Erfahrungen Ihre Kunden machen. Daher kann es sehr wichtig sein, Bewertungen zu Ihrer Website hinzuzuf\u00fcgen oder sich zumindest mit Seiten wie Yelp oder Tripadvisor zu verlinken.<\/li>\n<\/ul>\n<p>Wie das Sprichwort schon sagt: Man isst zuerst mit den Augen. Das Gleiche gilt f\u00fcr Ihren Internetauftritt! Online haben Sie den Vorteil, dass Sie Ihre Men\u00fcpunkte mit attraktiven Bildern und Website-Design pr\u00e4sentieren k\u00f6nnen, um die Aufmerksamkeit Ihrer Besucher zu erregen.<\/p>\n<p>In einer Branche, die weitgehend vom Appetit getrieben wird, m\u00fcssen Ihre visuelle Identit\u00e4t und die Art und Weise, wie Sie kommunizieren, Appetit machen. Denn auch wenn sie die Produkte nicht probieren k\u00f6nnen, teilen und kommentieren Internetnutzer ihre kulinarischen Erfahrungen gerne in sozialen Netzwerken.<\/p>\n<p>&nbsp;<\/p>\n<blockquote><p>&#8222;<em>Das erste, was wir tun, bevor wir essen, ist ein Foto zu machen und es zu teilen, daher die Bedeutung von Skripting im Web.<\/em> \u00bb<\/p><\/blockquote>\n<p>&nbsp;<\/p>\n<p>Sie sollten Ihre Online-Pr\u00e4senz auch nutzen, um den Besuchern genau zu zeigen, was Sie tun und welche Leistungen Sie anbieten.<\/p>\n<p>Die Integration von Funktionen f\u00fcr Buchung, Lieferung, Kontaktinformationen oder die M\u00f6glichkeit, Ihr Men\u00fc online einzusehen, hilft Ihnen, Vertrauen und Glaubw\u00fcrdigkeit bei Ihren Kunden aufzubauen.<\/p>\n<p>&nbsp;<\/p>\n<p>&nbsp;<\/p>\n<h2><a style=\"color: #333333;\" href=\"https:\/\/www.alioze.com\/secteurs\" target=\"_blank\" rel=\"noopener\">Sektoren<\/a> auf die sich die Agentur Alioze spezialisiert hat<\/h2>\n<p style=\"text-align: center;\">Sind Sie in M\u00fcnchen, Berlin oder Hamburg ans\u00e4ssig?<br \/>\nUnsere Agentur k\u00fcmmert sich um Ihre Akte, wo immer Sie sind.<\/p>\n","protected":false},"excerpt":{"rendered":"<p>Sie sind auf der Suche nach einer Kommunikationsagentur, die sich auf Restaurants spezialisiert hat? Willkommen bei Alioze. Ben\u00f6tigen Sie Hilfe bei der Gestaltung oder Entwicklung der Website Ihres Unternehmens? Wollen Sie neue Kunden gewinnen? Implementieren Sie eine Kommunikations- und\/oder Marketingstrategie, um den Ruf Ihres Restaurants zu steigern und sein Image zu verbessern? Alioze, eine 360\u00b0-Kommunikationsagentur [&hellip;]<\/p>\n","protected":false},"author":6,"featured_media":21202,"parent":0,"menu_order":0,"comment_status":"closed","ping_status":"closed","template":"page-no-title.php","meta":{"_acf_changed":false,"footnotes":""},"class_list":["post-21199","page","type-page","status-publish","has-post-thumbnail","hentry"],"acf":[],"aioseo_notices":[],"amp_enabled":false,"_links":{"self":[{"href":"https:\/\/www.alioze.com\/de\/wp-json\/wp\/v2\/pages\/21199","targetHints":{"allow":["GET"]}}],"collection":[{"href":"https:\/\/www.alioze.com\/de\/wp-json\/wp\/v2\/pages"}],"about":[{"href":"https:\/\/www.alioze.com\/de\/wp-json\/wp\/v2\/types\/page"}],"author":[{"embeddable":true,"href":"https:\/\/www.alioze.com\/de\/wp-json\/wp\/v2\/users\/6"}],"replies":[{"embeddable":true,"href":"https:\/\/www.alioze.com\/de\/wp-json\/wp\/v2\/comments?post=21199"}],"version-history":[{"count":5,"href":"https:\/\/www.alioze.com\/de\/wp-json\/wp\/v2\/pages\/21199\/revisions"}],"predecessor-version":[{"id":22693,"href":"https:\/\/www.alioze.com\/de\/wp-json\/wp\/v2\/pages\/21199\/revisions\/22693"}],"wp:featuredmedia":[{"embeddable":true,"href":"https:\/\/www.alioze.com\/de\/wp-json\/wp\/v2\/media\/21202"}],"wp:attachment":[{"href":"https:\/\/www.alioze.com\/de\/wp-json\/wp\/v2\/media?parent=21199"}],"curies":[{"name":"wp","href":"https:\/\/api.w.org\/{rel}","templated":true}]}}