{"id":21192,"date":"2021-07-01T16:11:29","date_gmt":"2021-07-01T15:11:29","guid":{"rendered":"https:\/\/www.alioze.com\/?page_id=21192"},"modified":"2024-02-23T14:33:10","modified_gmt":"2024-02-23T13:33:10","slug":"agentur-kommunikation-gesundheit","status":"publish","type":"page","link":"https:\/\/www.alioze.com\/de\/agentur-kommunikation-gesundheit\/","title":{"rendered":"Kommunikationsagentur, spezialisiert auf Gesundheit &amp; Medizin"},"content":{"rendered":"<\/div><\/div>\n\t<section class=\"headertitle lazyload\" style=\"background-image:inherit;\" data-bg-image=\"url(https:\/\/www.alioze.com\/wp-content\/themes\/alioze2016\/img\/alioze-communication-branding-design.jpg)\">\n\t\t<div id=\"breadcrumbs\">\n\t\t\t\t\t\t<span>\t\t\t\t\t<a href=\"https:\/\/www.alioze.com\/de\/\">Home<\/a>\n\t\t\t\t\t > \t\t\t\t\t<a href=\"https:\/\/www.alioze.com\/de\/blog\/\">Blog<\/a>\n\t\t\t\t\t > <\/span>\n\t\t\t\t\t<\/div>\n\t\t\t\t<div class=\"content-a\">\n\t\t\t\t\t<div class=\"parralax-centertext text-center\">\n\n\t\t\t\t\t\t<h1>Kommunikationsagentur, spezialisiert auf Gesundheit &amp; Medizin<\/h1>\n\t\t\t\t\t\t<span class=\"baseline\">Deutschland &amp; International<\/span>\n\t\t\t\t\t<\/div>\n\t\t\t\t<\/div>\n\t\t\t<\/section>\n\t\t\t<div class=\"container\">\n\t\t\t<div class=\"col-xs-12\">\n<p style=\"text-align: center;\">Sie sind auf der Suche nach einer <strong>Kommunikationsagentur, die sich auf die Bereiche Gesundheit<\/strong>, <strong>Medizin <\/strong>oder<strong> Wellness<\/strong> <strong>spezialisiert<\/strong> hat? Willkommen bei Alioze.<\/p>\n<p style=\"text-align: center;\">Sie wollen Ihre Kommunikation und Ihr Markenimage verbessern und eine effektive Marketingstrategie umsetzen? Eine eigene Website erstellen?<br \/>\nIhr Gesch\u00e4ft und Ihren Ruf ausbauen, um neue Patienten oder Kunden zu gewinnen?<br \/>\nSparen Sie Zeit, indem Sie die Verwaltung Ihrer Termine und Kunden online automatisieren?<\/p>\n<p style=\"text-align: center;\">Alioze, eine 360\u00b0-Kommunikationsagentur, hilft Fachleuten aus den Bereichen Gesundheit, Wellness und Medizin, in einer zunehmend digitalisierten Welt besser mit Verbrauchern und Patienten in Kontakt zu treten.<\/p>\n<p style=\"text-align: center;\"><iframe title=\"YouTube video player\" src=\"https:\/\/www.youtube.com\/embed\/C7qT2ikYAxY\" width=\"560\" height=\"315\" frameborder=\"0\" allowfullscreen=\"allowfullscreen\"><\/iframe><\/p>\n<\/div><\/div>\n\t<section class=\"quickcontact lazyload\" style=\"background-image:inherit;\" data-bg-image=\"url(https:\/\/www.alioze.com\/wp-content\/themes\/alioze2016\/img\/alioze-communication-branding-design.jpg)\">\n\t\t\t\t<div class=\"content-a\">\n\t\t\t\t\t<div class=\"parralax-centertext\">\n\t\t\t\t\t\t<div class=\"container\">\n\t\t\t\t\t\t\t\t<div class=\"col-xs-12 col-sm-6 col-sm-offset-1 col-md-7 col-md-offset-1 quickcontact-text\">\n\t\t\t\t\t\t\t\tAlioze, die spezialisierte Gesundheitsagentur, die Ihre Bed\u00fcrfnisse erf\u00fcllt\n\t\t\t\t\t\t\t\t<\/div>\n\t\t\t\t\t\t\t\t<div class=\"col-xs-12 col-sm-4 col-md-3\">\n\t\t\t\t\t\t\t\t<a href=\"https:\/\/www.alioze.com\/de\/kontakt\/\" class=\"btn btn-lg btn-default  center-block\">Kontakt aufnehmen<\/a>\n\t\t\t\t\t\t\t\t<\/div>\n\t\t\t\t\t\t<\/div>\n\t\t\t\t\t<\/div>\n\t\t\t\t<\/div>\n\t\t\t<\/section>\n\t\t\t<div class=\"container\">\n\t\t\t<div class=\"col-xs-12\">\n<p>&nbsp;<\/p>\n\n\t\t<style type=\"text\/css\">\n\t\t\t#gallery-1 {\n\t\t\t\tmargin: auto;\n\t\t\t}\n\t\t\t#gallery-1 .gallery-item {\n\t\t\t\tfloat: left;\n\t\t\t\tmargin-top: 10px;\n\t\t\t\ttext-align: center;\n\t\t\t\twidth: 33%;\n\t\t\t}\n\t\t\t#gallery-1 img {\n\t\t\t\tborder: 2px solid #cfcfcf;\n\t\t\t}\n\t\t\t#gallery-1 .gallery-caption {\n\t\t\t\tmargin-left: 0;\n\t\t\t}\n\t\t\t\/* see gallery_shortcode() in wp-includes\/media.php *\/\n\t\t<\/style>\n\t\t<div id='gallery-1' class='gallery galleryid-21192 gallery-columns-3 gallery-size-thumbnail'><dl class='gallery-item'>\n\t\t\t<dt class='gallery-icon landscape'>\n\t\t\t\t<a href='https:\/\/www.alioze.com\/de\/agence-communication-sante\/agence-referencement-seo-sante-medical\/'><img decoding=\"async\" width=\"150\" height=\"150\" data-src=\"https:\/\/www.alioze.com\/wp-content\/uploads\/2020\/06\/agence-referencement-seo-sante-medical-150x150.jpg\" class=\"attachment-thumbnail size-thumbnail lazyload\" alt=\"agence r\u00e9f\u00e9rencement seo sant\u00e9 m\u00e9dical\" data-srcset=\"https:\/\/www.alioze.com\/wp-content\/uploads\/2020\/06\/agence-referencement-seo-sante-medical-150x150.jpg 150w, https:\/\/www.alioze.com\/wp-content\/uploads\/2020\/06\/agence-referencement-seo-sante-medical-300x300.jpg 300w, https:\/\/www.alioze.com\/wp-content\/uploads\/2020\/06\/agence-referencement-seo-sante-medical-1024x1024.jpg 1024w, https:\/\/www.alioze.com\/wp-content\/uploads\/2020\/06\/agence-referencement-seo-sante-medical-768x768.jpg 768w, https:\/\/www.alioze.com\/wp-content\/uploads\/2020\/06\/agence-referencement-seo-sante-medical.jpg 1120w\" data-sizes=\"(max-width: 150px) 100vw, 150px\" src=\"data:image\/svg+xml;base64,PHN2ZyB3aWR0aD0iMSIgaGVpZ2h0PSIxIiB4bWxucz0iaHR0cDovL3d3dy53My5vcmcvMjAwMC9zdmciPjwvc3ZnPg==\" style=\"--smush-placeholder-width: 150px; --smush-placeholder-aspect-ratio: 150\/150;\" \/><\/a>\n\t\t\t<\/dt><\/dl><dl class='gallery-item'>\n\t\t\t<dt class='gallery-icon landscape'>\n\t\t\t\t<a href='https:\/\/www.alioze.com\/de\/agence-communication-sante\/agence-publicite-sante-medical\/'><img decoding=\"async\" width=\"150\" height=\"150\" data-src=\"https:\/\/www.alioze.com\/wp-content\/uploads\/2020\/06\/agence-publicite-sante-medical-150x150.jpg\" class=\"attachment-thumbnail size-thumbnail lazyload\" alt=\"agence publicit\u00e9 sant\u00e9 m\u00e9dical\" src=\"data:image\/svg+xml;base64,PHN2ZyB3aWR0aD0iMSIgaGVpZ2h0PSIxIiB4bWxucz0iaHR0cDovL3d3dy53My5vcmcvMjAwMC9zdmciPjwvc3ZnPg==\" style=\"--smush-placeholder-width: 150px; --smush-placeholder-aspect-ratio: 150\/150;\" \/><\/a>\n\t\t\t<\/dt><\/dl><dl class='gallery-item'>\n\t\t\t<dt class='gallery-icon landscape'>\n\t\t\t\t<a href='https:\/\/www.alioze.com\/de\/agence-communication-sante\/agence-web-sante-medical\/'><img decoding=\"async\" width=\"150\" height=\"150\" data-src=\"https:\/\/www.alioze.com\/wp-content\/uploads\/2020\/06\/agence-web-sante-medical-150x150.jpg\" class=\"attachment-thumbnail size-thumbnail lazyload\" alt=\"agence web sant\u00e9 m\u00e9dical\" src=\"data:image\/svg+xml;base64,PHN2ZyB3aWR0aD0iMSIgaGVpZ2h0PSIxIiB4bWxucz0iaHR0cDovL3d3dy53My5vcmcvMjAwMC9zdmciPjwvc3ZnPg==\" style=\"--smush-placeholder-width: 150px; --smush-placeholder-aspect-ratio: 150\/150;\" \/><\/a>\n\t\t\t<\/dt><\/dl><br style=\"clear: both\" \/><dl class='gallery-item'>\n\t\t\t<dt class='gallery-icon landscape'>\n\t\t\t\t<a href='https:\/\/www.alioze.com\/de\/agence-communication-sante\/agence-digitale-sante-medicale\/'><img decoding=\"async\" width=\"150\" height=\"150\" data-src=\"https:\/\/www.alioze.com\/wp-content\/uploads\/2020\/06\/agence-digitale-sante-medicale-150x150.jpg\" class=\"attachment-thumbnail size-thumbnail lazyload\" alt=\"agence digitale sant\u00e9 m\u00e9dical\" src=\"data:image\/svg+xml;base64,PHN2ZyB3aWR0aD0iMSIgaGVpZ2h0PSIxIiB4bWxucz0iaHR0cDovL3d3dy53My5vcmcvMjAwMC9zdmciPjwvc3ZnPg==\" style=\"--smush-placeholder-width: 150px; --smush-placeholder-aspect-ratio: 150\/150;\" \/><\/a>\n\t\t\t<\/dt><\/dl><dl class='gallery-item'>\n\t\t\t<dt class='gallery-icon landscape'>\n\t\t\t\t<a href='https:\/\/www.alioze.com\/de\/agence-communication-sante\/agence-marketing-sante-medical\/'><img decoding=\"async\" width=\"150\" height=\"150\" data-src=\"https:\/\/www.alioze.com\/wp-content\/uploads\/2020\/06\/agence-marketing-sante-medical-150x150.jpg\" class=\"attachment-thumbnail size-thumbnail lazyload\" alt=\"agence marketing sant\u00e9 m\u00e9dical\" src=\"data:image\/svg+xml;base64,PHN2ZyB3aWR0aD0iMSIgaGVpZ2h0PSIxIiB4bWxucz0iaHR0cDovL3d3dy53My5vcmcvMjAwMC9zdmciPjwvc3ZnPg==\" style=\"--smush-placeholder-width: 150px; --smush-placeholder-aspect-ratio: 150\/150;\" \/><\/a>\n\t\t\t<\/dt><\/dl><dl class='gallery-item'>\n\t\t\t<dt class='gallery-icon landscape'>\n\t\t\t\t<a href='https:\/\/www.alioze.com\/de\/agence-communication-sante\/agence-relations-presse-sante-medical\/'><img decoding=\"async\" width=\"150\" height=\"150\" data-src=\"https:\/\/www.alioze.com\/wp-content\/uploads\/2020\/06\/agence-relations-presse-sante-medical-150x150.jpg\" class=\"attachment-thumbnail size-thumbnail lazyload\" alt=\"agence relations presse sant\u00e9 m\u00e9dical\" src=\"data:image\/svg+xml;base64,PHN2ZyB3aWR0aD0iMSIgaGVpZ2h0PSIxIiB4bWxucz0iaHR0cDovL3d3dy53My5vcmcvMjAwMC9zdmciPjwvc3ZnPg==\" style=\"--smush-placeholder-width: 150px; --smush-placeholder-aspect-ratio: 150\/150;\" \/><\/a>\n\t\t\t<\/dt><\/dl><br style=\"clear: both\" \/>\n\t\t<\/div>\n\n<p>&nbsp;<\/p>\n<p>&nbsp;<\/p>\n<h2>Unsere ma\u00dfgeschneiderten Dienstleistungen f\u00fcr Gesundheits- und Mediziner<\/h2>\n<p>Als spezialisierte Agentur f\u00fcr Gesundheits- und Medizinkommunikation ist Alioze in der Lage, den Fachleuten der Branche eine breite Palette von Dienstleistungen anzubieten:<\/p>\n<ul>\n<li><a href=\"https:\/\/www.alioze.com\/de\/kommunikation\/\" target=\"_blank\" rel=\"noopener noreferrer\">Kommunikation<\/a>:\n<ul>\n<li>Branding und Namensgebung.<\/li>\n<li>Erstellung von Text-, Grafik- und Videoinhalten.<\/li>\n<li>E-Reputationsmanagement.<\/li>\n<\/ul>\n<\/li>\n<li><a href=\"https:\/\/www.alioze.com\/de\/erwerb\/\" target=\"_blank\" rel=\"noopener noreferrer\">Marketing<\/a>:\n<ul>\n<li>Online (AdWords, Social Ads) und Offline-Werbung.<\/li>\n<li>Nat\u00fcrliche Referenzierung (SEO) und bezahlte Referenzierung (SEA).<\/li>\n<li>Strategische Unterst\u00fctzung, Animation und Management Ihrer Kommunikation in sozialen Netzwerken.<\/li>\n<\/ul>\n<\/li>\n<li><a href=\"https:\/\/www.alioze.com\/de\/entwicklung\/\" target=\"_blank\" rel=\"noopener noreferrer\">Web-Entwicklung<\/a>:\n<ul>\n<li>Websites von Marken aus dem Gesundheitswesen.<\/li>\n<li>Marketing- und Werbeseiten.<\/li>\n<\/ul>\n<\/li>\n<\/ul>\n<p>Unser Verst\u00e4ndnis des Gesundheitssektors und unser Kommunikations- und Marketing-Know-how erm\u00f6glichen es uns, Ihre Chancen zu erkennen und auf Ihre gesch\u00e4ftlichen Herausforderungen zu reagieren.<\/p>\n<p>Mit unserer Expertise in allen Facetten des Webs schaffen wir ma\u00dfgeschneiderte L\u00f6sungen, die Ihnen helfen, Ihre digitale Pr\u00e4senz in ein leistungsstarkes Marketinginstrument zu verwandeln.<\/p>\n<p>&nbsp;<\/p>\n<p>&nbsp;<\/p>\n<h2>Einige unserer Kundenreferenzen aus dem Bereich Gesundheit &amp; Medizin<\/h2>\n<div class=\"text-center\"><img decoding=\"async\" class=\"img-client\" src=\"https:\/\/www.alioze.com\/wp-content\/uploads\/2020\/08\/agence-communication-air-liquide.png\" alt=\"agence communication air liquide\" \/><img decoding=\"async\" class=\"img-client\" src=\"https:\/\/www.alioze.com\/wp-content\/uploads\/2020\/09\/agence-communication-roquette.png\" alt=\"agence communication roquette\" \/><img decoding=\"async\" class=\"img-client\" src=\"https:\/\/www.alioze.com\/wp-content\/uploads\/2020\/08\/agence-communication-alehos.png\" alt=\"agence communication alehos\" \/><img decoding=\"async\" class=\"img-client\" src=\"https:\/\/www.alioze.com\/wp-content\/uploads\/2017\/05\/agence-web-isocell-nutra.png\" alt=\"agence web isocell nutra\" \/><img decoding=\"async\" class=\"img-client\" src=\"https:\/\/www.alioze.com\/wp-content\/uploads\/2018\/03\/agence-web-celyatis.png\" alt=\"agence web C\u00e9lyatis\" \/><img decoding=\"async\" class=\"img-client\" src=\"https:\/\/www.alioze.com\/wp-content\/uploads\/2016\/11\/agence-web-de-aroma-coach.png\" alt=\"agence-web-de-aroma-coach\" \/><img decoding=\"async\" class=\"img-client\" src=\"https:\/\/www.alioze.com\/wp-content\/uploads\/2016\/02\/agence-web-de-filorga.png\" alt=\"agence-web-de-filorga\" \/><img decoding=\"async\" class=\"img-client\" src=\"https:\/\/www.alioze.com\/wp-content\/uploads\/2019\/04\/agence-web-fourmi-sante.jpg\" alt=\"agence communication fourmi sant\u00e9\" \/><img decoding=\"async\" class=\"img-client\" src=\"https:\/\/www.alioze.com\/wp-content\/uploads\/2017\/05\/agence-web-glisodin.png\" alt=\"agence web glisodin\" \/><img decoding=\"async\" class=\"img-client\" src=\"https:\/\/www.alioze.com\/wp-content\/uploads\/2016\/02\/agence-web-de-svr.png\" alt=\"agence-web-de-svr\" \/><img decoding=\"async\" class=\"img-client\" src=\"https:\/\/www.alioze.com\/wp-content\/uploads\/2021\/05\/agence-communication-centre-ophtalmologique-monterey.jpg\" alt=\"agence communication centre ophtalmologique monterey\" \/><img decoding=\"async\" class=\"img-client\" src=\"https:\/\/www.alioze.com\/wp-content\/uploads\/2021\/07\/agence-communication-straumann.png\" alt=\"agence communication straumann\" \/><img decoding=\"async\" class=\"img-client\" src=\"https:\/\/www.alioze.com\/wp-content\/uploads\/2021\/07\/agence-communication-simeda.png\" alt=\"agence communication simeda\" \/><img decoding=\"async\" class=\"img-client\" src=\"https:\/\/www.alioze.com\/wp-content\/uploads\/2021\/07\/agence-communication-anthogyr.png\" alt=\"agence communication anthogyr\" \/><img decoding=\"async\" class=\"img-client\" src=\"https:\/\/www.alioze.com\/wp-content\/uploads\/2021\/12\/agence-communication-dinno-sante.png\" alt=\"agence communication dinno sant\u00e9\" \/><img decoding=\"async\" class=\"img-client\" src=\"https:\/\/www.alioze.com\/wp-content\/uploads\/2021\/12\/agence-communication-merck.png\" alt=\"agence communication merck\" \/><img decoding=\"async\" class=\"img-client\" src=\"https:\/\/www.alioze.com\/wp-content\/uploads\/2022\/08\/agence-communication-bioxis.png\" alt=\"agence communication bioxis\" \/><img decoding=\"async\" class=\"img-client\" src=\"https:\/\/www.alioze.com\/wp-content\/uploads\/2024\/02\/agence-communication-justin-stindt-consultants-sante.png\" alt=\"marketing agency justin stindt consultants\" \/><\/div>\n<p>&nbsp;<\/p>\n<p>Seit 2008 erstellt Alioze Websites und Kommunikationsstrategien, die es seinen Kunden erm\u00f6glichen, ihr Gesch\u00e4ft zu f\u00f6rdern und ihre Konversionsrate zu erh\u00f6hen.<\/p>\n<p>Im Bewusstsein, dass viele Fachleute und Organisationen in der Gesundheits-, Wellness-, Medizin- und Pharmabranche ihre Kommunikation und Pr\u00e4senz im Web verbessern wollen, hilft Alioze Ihnen, Ihr Gesch\u00e4ft anzukurbeln und Ihre Markenpositionierung durch verschiedene Hebel (soziale Medien, Pressearbeit, nat\u00fcrliche und bezahlte Suche, Werbung usw.) zu verbessern, unabh\u00e4ngig von Ihrer T\u00e4tigkeit:<\/p>\n<ul>\n<li>Unternehmen f\u00fcr <strong>Gesundheitsvorsorge<\/strong> und <strong>Wellness<\/strong>.<\/li>\n<li><strong>Labor<\/strong> oder <strong>Arztpraxis<\/strong>.<\/li>\n<li><strong>Pharmazeutisches Labor<\/strong>.<\/li>\n<\/ul>\n<p>&nbsp;<\/p>\n<p>&nbsp;<\/p>\n<h2>Ben\u00f6tigen Sie Hilfe bei Ihrer medizinischen Organisation?<\/h2>\n<p style=\"text-align: center;\">Unsere Agentur ist von Montag bis Freitag von 9:30 Uhr bis 19:00 Uhr ge\u00f6ffnet.<\/p>\n<p style=\"text-align: center;\">Z\u00f6gern Sie nicht, uns telefonisch unter <a href=\"tel:+33183622184\"> +33 (0) 1 83 62 21 84<\/a> zu kontaktieren oder f\u00fcllen Sie dieses kurze Formular aus:<\/p>\n\n<div class=\"wpcf7 no-js\" id=\"wpcf7-f21287-o1\" lang=\"de-DE\" dir=\"ltr\" data-wpcf7-id=\"21287\">\n<div class=\"screen-reader-response\"><p role=\"status\" aria-live=\"polite\" aria-atomic=\"true\"><\/p> <ul><\/ul><\/div>\n<form action=\"\/de\/wp-json\/wp\/v2\/pages\/21192#wpcf7-f21287-o1\" method=\"post\" class=\"wpcf7-form init\" aria-label=\"Kontaktformular\" novalidate=\"novalidate\" data-status=\"init\">\n<fieldset class=\"hidden-fields-container\"><input type=\"hidden\" name=\"_wpcf7\" value=\"21287\" \/><input type=\"hidden\" name=\"_wpcf7_version\" value=\"6.1.5\" \/><input type=\"hidden\" name=\"_wpcf7_locale\" value=\"de_DE\" \/><input type=\"hidden\" name=\"_wpcf7_unit_tag\" value=\"wpcf7-f21287-o1\" \/><input type=\"hidden\" name=\"_wpcf7_container_post\" value=\"0\" \/><input type=\"hidden\" name=\"_wpcf7_posted_data_hash\" value=\"\" \/><input type=\"hidden\" name=\"_wpcf7_recaptcha_response\" value=\"\" \/>\n<\/fieldset>\n<div class=\"form-group\">\n\t<p><span class=\"wpcf7-form-control-wrap\" data-name=\"contact-name\"><input size=\"40\" maxlength=\"400\" class=\"wpcf7-form-control wpcf7-text wpcf7-validates-as-required form-control\" aria-required=\"true\" aria-invalid=\"false\" placeholder=\"Ihr Name *\" value=\"\" type=\"text\" name=\"contact-name\" \/><\/span>\n\t<\/p>\n<\/div>\n<div class=\"form-group\">\n\t<p><span class=\"wpcf7-form-control-wrap\" data-name=\"contact-telephone\"><input size=\"40\" maxlength=\"400\" class=\"wpcf7-form-control wpcf7-text wpcf7-validates-as-required form-control\" aria-required=\"true\" aria-invalid=\"false\" placeholder=\"Ihre Rufnummer *\" value=\"\" type=\"text\" name=\"contact-telephone\" \/><\/span>\n\t<\/p>\n<\/div>\n<div class=\"form-group\">\n\t<p><span class=\"wpcf7-form-control-wrap\" data-name=\"contact-email\"><input size=\"40\" maxlength=\"400\" class=\"wpcf7-form-control wpcf7-email wpcf7-validates-as-required wpcf7-text wpcf7-validates-as-email form-control\" aria-required=\"true\" aria-invalid=\"false\" placeholder=\"Ihre E-Mail Adresse *\" value=\"\" type=\"email\" name=\"contact-email\" \/><\/span>\n\t<\/p>\n<\/div>\n<div class=\"form-group\">\n\t<p><span class=\"wpcf7-form-control-wrap\" data-name=\"contact-message\"><textarea cols=\"40\" rows=\"10\" maxlength=\"2000\" class=\"wpcf7-form-control wpcf7-textarea wpcf7-validates-as-required form-control\" aria-required=\"true\" aria-invalid=\"false\" placeholder=\"Ihre Nachricht *\" name=\"contact-message\"><\/textarea><\/span>\n\t<\/p>\n<\/div>\n<p><span class=\"wpcf7-form-control-wrap\" data-name=\"checkbox-262\"><span class=\"wpcf7-form-control wpcf7-checkbox wpcf7-validates-as-required\"><span class=\"wpcf7-list-item first last\"><input type=\"checkbox\" name=\"checkbox-262[]\" value=\"Ich habe die Allgemeinen Gesch\u00e4ftsbedingungen gelesen und akzeptiere sie\" \/><span class=\"wpcf7-list-item-label\">Ich habe die Allgemeinen Gesch\u00e4ftsbedingungen gelesen und akzeptiere sie<\/span><\/span><\/span><\/span><br \/>\n<input class=\"wpcf7-form-control wpcf7-submit has-spinner btn btn-lg btn-default btn-dark center-block gtm-contact-form-submit\" type=\"submit\" value=\"Senden\" \/>\n<\/p><p style=\"display: none !important;\" class=\"akismet-fields-container\" data-prefix=\"_wpcf7_ak_\"><label>&#916;<textarea name=\"_wpcf7_ak_hp_textarea\" cols=\"45\" rows=\"8\" maxlength=\"100\"><\/textarea><\/label><input type=\"hidden\" id=\"ak_js_1\" name=\"_wpcf7_ak_js\" value=\"99\"\/><script type=\"text\/javascript\">\n\/* <![CDATA[ *\/\ndocument.getElementById( \"ak_js_1\" ).setAttribute( \"value\", ( new Date() ).getTime() );\n\/* ]]> *\/\n<\/script>\n<\/p><div class=\"wpcf7-response-output\" aria-hidden=\"true\"><\/div>\n<\/form>\n<\/div>\n\n<p>&nbsp;<\/p>\n<p>&nbsp;<\/p>\n<h2>Gesundheit und Kommunikation im Web: Fokus<\/h2>\n<p>Wie viele andere Branchen hat die Digitalisierung auch das Gesundheitswesen, die medizinische und pharmazeutische Industrie ver\u00e4ndert, die in rasantem Tempo w\u00e4chst.<\/p>\n<p>Dank des Internets sind die Verbraucher von heute hyperinformiert, und der Gesundheitssektor ist da keine Ausnahme.<\/p>\n<p>Die Mehrheit der Verbraucher sucht heute online nach Gesundheitsinformationen. Darunter sind Ihre zuk\u00fcnftigen Patienten und\/oder Kunden. Und neben der Forschung w\u00e4chst das Ph\u00e4nomen der Mundpropaganda in sozialen Netzwerken und verschiedenen Web-Plattformen.<\/p>\n<p>Damit ist digitales Marketing zu einem wesentlichen Kanal geworden. Es ist entscheidend f\u00fcr Ihren Erfolg, dass die Stimme Ihres Unternehmens im Gesundheitswesen geh\u00f6rt wird.<\/p>\n<p>Doch obwohl Fachkr\u00e4fte im Gesundheitswesen wissen, dass sie eine starke Webpr\u00e4senz ben\u00f6tigen, sind sich viele nicht vollst\u00e4ndig dar\u00fcber im Klaren, was dies mit sich bringt.<\/p>\n<p>Zun\u00e4chst einmal hat der Gesundheitssektor spezifische Anforderungen an die Website-Entwicklung. Im medizinischen und pharmazeutischen Bereich gibt es keinen Spielraum f\u00fcr Fehler, und die gleiche Mentalit\u00e4t gilt f\u00fcr Ihr Website-Design, Ihre Kommunikation und die Optimierung Ihrer Online-Reputation.<\/p>\n<p>Egal, ob Sie ein Gesundheitsprodukt oder eine Dienstleistung anbieten, Ihre Website sollte Vertrauen erwecken und die Art Ihrer Arbeit widerspiegeln.<\/p>\n<p>Laut einer Umfrage bef\u00fcrchten 41% der Patienten, dass das Arztgeheimnis und die Vertraulichkeit ihrer Daten nicht ausreichend gesichert sind. Bei der Arbeit an Gesundheitsfragen muss daher die Sicherheit im Vordergrund stehen. Internetnutzer m\u00fcssen keine Angst vor der Offenlegung oder Verletzung ihrer vertraulichen Daten haben.<\/p>\n<p>Auch der Internetnutzer muss schnell und einfach auf seine Informationen zugreifen k\u00f6nnen, insbesondere durch die Integration von Funktionalit\u00e4ten, die es ihm erm\u00f6glichen, einen Termin zu vereinbaren oder auf Online-Serviceangebote zuzugreifen.<\/p>\n<p>Da viele Internetnutzer online nach Antworten auf ihre Gesundheitsfragen suchen, ist es schlie\u00dflich auch notwendig, informative Inhalte zu integrieren und im Web aktiv zu sein.<\/p>\n<p>Um neue Kunden zu erreichen, das Vertrauen der Besucher zu gewinnen und sich als ma\u00dfgebliches Unternehmen im Gesundheitswesen zu etablieren, m\u00fcssen Ihr Online-Marketing und Ihre Kommunikation als Werkzeuge genutzt werden, um Ihre Professionalit\u00e4t zu zeigen und Ihre Glaubw\u00fcrdigkeit zu etablieren. Zus\u00e4tzlich zu Ihren Produkten und Dienstleistungen reagieren Sie auf eine direkte Nachfrage durch die Ressourcen, die Sie online teilen werden.<\/p>\n<p>&nbsp;<\/p>\n<p>&nbsp;<\/p>\n<h2><a style=\"color: #333333;\" href=\"https:\/\/www.alioze.com\/secteurs\" target=\"_blank\" rel=\"noopener\">Sektoren<\/a> auf die sich Alioze spezialisiert hat<\/h2>\n<p style=\"text-align: center;\">Sind Sie in M\u00fcnchen, Berlin oder Hamburg ans\u00e4ssig?<br \/>\nUnsere Agentur k\u00fcmmert sich um Ihre Akte, wo immer Sie sind.<\/p>\n","protected":false},"excerpt":{"rendered":"<p>Sie sind auf der Suche nach einer Kommunikationsagentur, die sich auf die Bereiche Gesundheit, Medizin oder Wellness spezialisiert hat? Willkommen bei Alioze. Sie wollen Ihre Kommunikation und Ihr Markenimage verbessern und eine effektive Marketingstrategie umsetzen? Eine eigene Website erstellen? Ihr Gesch\u00e4ft und Ihren Ruf ausbauen, um neue Patienten oder Kunden zu gewinnen? Sparen Sie Zeit, [&hellip;]<\/p>\n","protected":false},"author":6,"featured_media":0,"parent":0,"menu_order":0,"comment_status":"closed","ping_status":"closed","template":"page-no-title.php","meta":{"_acf_changed":false,"footnotes":""},"class_list":["post-21192","page","type-page","status-publish","hentry"],"acf":[],"aioseo_notices":[],"amp_enabled":false,"_links":{"self":[{"href":"https:\/\/www.alioze.com\/de\/wp-json\/wp\/v2\/pages\/21192","targetHints":{"allow":["GET"]}}],"collection":[{"href":"https:\/\/www.alioze.com\/de\/wp-json\/wp\/v2\/pages"}],"about":[{"href":"https:\/\/www.alioze.com\/de\/wp-json\/wp\/v2\/types\/page"}],"author":[{"embeddable":true,"href":"https:\/\/www.alioze.com\/de\/wp-json\/wp\/v2\/users\/6"}],"replies":[{"embeddable":true,"href":"https:\/\/www.alioze.com\/de\/wp-json\/wp\/v2\/comments?post=21192"}],"version-history":[{"count":13,"href":"https:\/\/www.alioze.com\/de\/wp-json\/wp\/v2\/pages\/21192\/revisions"}],"predecessor-version":[{"id":30371,"href":"https:\/\/www.alioze.com\/de\/wp-json\/wp\/v2\/pages\/21192\/revisions\/30371"}],"wp:attachment":[{"href":"https:\/\/www.alioze.com\/de\/wp-json\/wp\/v2\/media?parent=21192"}],"curies":[{"name":"wp","href":"https:\/\/api.w.org\/{rel}","templated":true}]}}