{"id":21191,"date":"2021-07-01T16:08:18","date_gmt":"2021-07-01T15:08:18","guid":{"rendered":"https:\/\/www.alioze.com\/?page_id=21191"},"modified":"2021-12-06T16:37:04","modified_gmt":"2021-12-06T15:37:04","slug":"web-agentur-kultur","status":"publish","type":"page","link":"https:\/\/www.alioze.com\/de\/agentur-web-kultur\/","title":{"rendered":"Auf Kultur spezialisierte Kommunikationsagentur"},"content":{"rendered":"<\/div><\/div>\n\t<section class=\"headertitle lazyload\" style=\"background-image:inherit;\" data-bg-image=\"url(https:\/\/www.alioze.com\/wp-content\/themes\/alioze2016\/img\/alioze-communication-branding-design.jpg)\">\n\t\t<div id=\"breadcrumbs\">\n\t\t\t\t\t\t<span>\t\t\t\t\t<a href=\"https:\/\/www.alioze.com\/de\/\">Home<\/a>\n\t\t\t\t\t > \t\t\t\t\t<a href=\"https:\/\/www.alioze.com\/de\/blog\/\">Blog<\/a>\n\t\t\t\t\t > <\/span>\n\t\t\t\t\t<\/div>\n\t\t\t\t<div class=\"content-a\">\n\t\t\t\t\t<div class=\"parralax-centertext text-center\">\n\n\t\t\t\t\t\t<h1>Auf Kultur spezialisierte Kommunikationsagentur<\/h1>\n\t\t\t\t\t\t<span class=\"baseline\">Deutschland &amp; International<\/span>\n\t\t\t\t\t<\/div>\n\t\t\t\t<\/div>\n\t\t\t<\/section>\n\t\t\t<div class=\"container\">\n\t\t\t<div class=\"col-xs-12\">\n<p style=\"text-align: center;\">Sie sind auf der Suche nach einer <strong>Kommunikationsagentur, die sich auf Kultur spezialisiert <\/strong> hat? Willkommen bei Alioze.<\/p>\n<p style=\"text-align: center;\">Sie wollen Ihre Website erstellen oder verbessern?<br \/>\nIhr Produkt, Ihre Einrichtung, Ihre Veranstaltung oder Ihre kulturelle Dienstleistung bewerben oder vermarkten?<br \/>\nEntwickeln Sie eine effektive Online- und\/oder Offline-Kommunikationsstrategie?<br \/>\nNeue Partnerschaften finden oder die breite \u00d6ffentlichkeit erreichen?<\/p>\n<p style=\"text-align: center;\">In seiner Doppelrolle als Kommunikations- und Webagentur hilft Alioze seinen Kunden, ihren Bekanntheitsgrad im Web und dar\u00fcber hinaus zu steigern, ein m\u00f6glichst breites Publikum zu erreichen und Buzz um Events, Orte oder kulturelle und k\u00fcnstlerische Produkte zu erzeugen.<\/p>\n<p>&nbsp;<\/p>\n<\/div><\/div><div class=\"container-fluid\" style=\"padding:0\"><div id=\"3194bedc\" class=\"imgFull lazyload\" style=\"height:350px;background-image:inherit;background-position:top;background-repeat:no-repeat;moz-background-size:cover;background-size: cover;\" data-bg-image=\"url(https:\/\/www.alioze.com\/wp-content\/uploads\/2020\/03\/agence-communication-culture-1.jpg)\"><\/div><\/div><div class=\"container\"><div class=\"col-xs-12\">\n<p>&nbsp;<\/p>\n<h2>Unsere ma\u00dfgeschneiderten Dienstleistungen f\u00fcr Kulturschaffende<\/h2>\n<p>Unser Team hat es sich zur Aufgabe gemacht, die \u00d6ffentlichkeit durch die Realisierung von kulturell relevanten Projekten f\u00fcr Kunst, Kultur und Unterhaltung zu begeistern und zu inspirieren:<\/p>\n<ul>\n<li><a href=\"https:\/\/www.alioze.com\/de\/kommunikation\/\" target=\"_blank\" rel=\"noopener noreferrer\">Kommunikation<\/a>:\n<ul>\n<li>Presse-, \u00d6ffentlichkeits- und Digitalarbeit.<\/li>\n<li>Konzeption, Design und Grafikcharta.<\/li>\n<li>Erstellung von Inhalten.<\/li>\n<li>Verwaltung sozialer Netzwerke.<\/li>\n<li>Markenpartnerschaften.<\/li>\n<li>Kreative Werbekampagnen.<\/li>\n<\/ul>\n<\/li>\n<li><a href=\"https:\/\/www.alioze.com\/de\/entwicklung\/\" target=\"_blank\" rel=\"noopener noreferrer\">Web-Entwicklung<\/a>:\n<ul>\n<li>Erstellung einer individuellen Website.<\/li>\n<\/ul>\n<\/li>\n<li><a href=\"https:\/\/www.alioze.com\/de\/erwerb\/\" target=\"_blank\" rel=\"noopener noreferrer\">Verkehrserfassung<\/a>:\n<ul>\n<li>AdWords-Referenzierung (SEA).<\/li>\n<li>Nat\u00fcrliche Referenzierung (SEO).<\/li>\n<li>Soziale Anzeigen.<\/li>\n<\/ul>\n<\/li>\n<\/ul>\n<p>Jedes Projekt ist einzigartig und erfordert einen ma\u00dfgeschneiderten Ansatz. Egal, ob Sie sich mit Kunst, Kulturerbe oder Kulturtourismus besch\u00e4ftigen, Alioze hilft Ihnen, eine personalisierte Kommunikations-, Marketing- und Digitalstrategie zu entwickeln, die Interesse weckt und neue Zielgruppen anzieht.<\/p>\n<p>Bei jedem Schritt des Prozesses arbeitet unsere Agentur f\u00fcr kulturelle Kommunikation mit Ihrem Branding, Design und Image, um die bestm\u00f6glichen Ergebnisse zu erzielen.<\/p>\n<p>Ein umfassendes Verst\u00e4ndnis Ihrer Organisation und Ihrer Ziele ist unerl\u00e4sslich, um die richtigen Botschaften zu finden, sie in gro\u00dfartige Ideen zu verwandeln und sie auf den verschiedenen Kan\u00e4len (Web und\/oder Print) zum Leben zu erwecken.<\/p>\n<p>Mit mehr als 12 Jahren Erfahrung hilft Alioze Ihnen, Ihre Kultureinrichtung aus einer neuen Perspektive zu betrachten und eine Strategie zu implementieren, die eine Verbindung zu einem breiteren Publikum herstellen kann.<\/p>\n<\/div><\/div>\n\t<section class=\"quickcontact lazyload\" style=\"background-image:inherit;\" data-bg-image=\"url(https:\/\/www.alioze.com\/wp-content\/themes\/alioze2016\/img\/alioze-communication-branding-design.jpg)\">\n\t\t\t\t<div class=\"content-a\">\n\t\t\t\t\t<div class=\"parralax-centertext\">\n\t\t\t\t\t\t<div class=\"container\">\n\t\t\t\t\t\t\t\t<div class=\"col-xs-12 col-sm-6 col-sm-offset-1 col-md-7 col-md-offset-1 quickcontact-text\">\n\t\t\t\t\t\t\t\tAlioze, die auf Kultur spezialisierte Agentur, die Ihre Bed\u00fcrfnisse erf\u00fcllt\n\t\t\t\t\t\t\t\t<\/div>\n\t\t\t\t\t\t\t\t<div class=\"col-xs-12 col-sm-4 col-md-3\">\n\t\t\t\t\t\t\t\t<a href=\"https:\/\/www.alioze.com\/de\/kontakt\/\" class=\"btn btn-lg btn-default  center-block\">Kontakt aufnehmen<\/a>\n\t\t\t\t\t\t\t\t<\/div>\n\t\t\t\t\t\t<\/div>\n\t\t\t\t\t<\/div>\n\t\t\t\t<\/div>\n\t\t\t<\/section>\n\t\t\t<div class=\"container\">\n\t\t\t<div class=\"col-xs-12\">\n<p>&nbsp;<\/p>\n<h2>Einige unserer Kundenreferenzen aus dem Kultur- und Medienbereich<\/h2>\n<div class=\"text-center\"><img decoding=\"async\" class=\"img-client\" src=\"https:\/\/www.alioze.com\/wp-content\/uploads\/2016\/02\/agence-web-de-good-people.png\" alt=\"agence-web-de-good-people\" \/><img decoding=\"async\" class=\"img-client\" src=\"https:\/\/www.alioze.com\/wp-content\/uploads\/2016\/02\/agence-web-de-moonwalk-films.png\" alt=\"agence-web-de-moonwalk-films\" \/><img decoding=\"async\" class=\"img-client\" src=\"https:\/\/www.alioze.com\/wp-content\/uploads\/2016\/02\/agence-web-de-mypressagency.png\" alt=\"agence-web-de-mypressagency\" \/><img decoding=\"async\" class=\"img-client\" src=\"https:\/\/www.alioze.com\/wp-content\/uploads\/2016\/11\/agence-web-de-yucatan.png\" alt=\"agence-web-de-yucatan\" \/><img decoding=\"async\" class=\"img-client\" src=\"https:\/\/www.alioze.com\/wp-content\/uploads\/2016\/02\/agence-web-de-repu7ation.png\" alt=\"agence-web-de-repu7ation\" \/><img decoding=\"async\" class=\"img-client\" src=\"https:\/\/www.alioze.com\/wp-content\/uploads\/2016\/02\/agence-web-de-e-reputation.png\" alt=\"agence-web-de-e-reputation\" \/><img decoding=\"async\" class=\"img-client\" src=\"https:\/\/www.alioze.com\/wp-content\/uploads\/2017\/05\/agence-web-alexander-wood.png\" alt=\"agence web alexander wood\" \/><img decoding=\"async\" class=\"img-client\" src=\"https:\/\/www.alioze.com\/wp-content\/uploads\/2021\/05\/agence-communication-paradis-latin.png\" alt=\"agence communication paradis latin cabaret\" \/><img decoding=\"async\" class=\"img-client\" src=\"https:\/\/www.alioze.com\/wp-content\/uploads\/2021\/12\/agence-communication-gameloft.png\" alt=\"agence communication gameloft\" \/><\/div>\n<p>&nbsp;<\/p>\n<p>Als Partner vieler Unternehmen, Organisationen und Akteure des <strong>\u00f6ffentlichen<\/strong> und <strong>privaten<\/strong> <strong>Kultursektors<\/strong> hat Alioze Freude daran, die Kultur, die Unterhaltungsindustrie und den k\u00fcnstlerischen Ausdruck durch strategisches Denken, Planung und Ausf\u00fchrung verschiedener Web-, Marketing- und Kommunikationsprojekte zu feiern.<\/p>\n<p>Seit 2008 stellt unser Team seine kreative Vision und Expertise in den Dienst von Kulturschaffenden.<\/p>\n<p>Unser Know-how deckt verschiedene Bereiche des Kulturbereichs ab:<\/p>\n<ul>\n<li><strong>Theater <\/strong>;<strong><br \/>\n<\/strong><\/li>\n<li><strong>Kino <\/strong>;<strong><br \/>\n<\/strong><\/li>\n<li><strong>Musik<\/strong>;<\/li>\n<li><strong>Tanzen<\/strong>;<\/li>\n<li><strong>Museen<\/strong>;<\/li>\n<li>Die <strong>Galerien<\/strong>;<\/li>\n<li><strong> Festivals und kulturelle<\/strong> <strong>oder k\u00fcnstlerische<\/strong><strong> Veranstaltungen<\/strong>;<\/li>\n<li><strong>Kulturtourismus<\/strong>;<\/li>\n<li><strong>Kulturzeitschriften und Medien<\/strong>.<\/li>\n<\/ul>\n<p>&nbsp;<\/p>\n<p>&nbsp;<\/p>\n<h2>Ben\u00f6tigen Sie Hilfe bei Ihrer kulturellen Organisation?<\/h2>\n<p style=\"text-align: center;\">Unsere Agentur ist von Montag bis Freitag von 9:30 Uhr bis 19:00 Uhr ge\u00f6ffnet.<\/p>\n<p style=\"text-align: center;\">Z\u00f6gern Sie nicht, uns telefonisch unter <a href=\"tel:+33183622184\"> +33 (0) 1 83 62 21 84<\/a> zu kontaktieren oder f\u00fcllen Sie dieses kurze Formular aus:<\/p>\n\n<div class=\"wpcf7 no-js\" id=\"wpcf7-f21287-o1\" lang=\"de-DE\" dir=\"ltr\" data-wpcf7-id=\"21287\">\n<div class=\"screen-reader-response\"><p role=\"status\" aria-live=\"polite\" aria-atomic=\"true\"><\/p> <ul><\/ul><\/div>\n<form action=\"\/de\/wp-json\/wp\/v2\/pages\/21191#wpcf7-f21287-o1\" method=\"post\" class=\"wpcf7-form init\" aria-label=\"Kontaktformular\" novalidate=\"novalidate\" data-status=\"init\">\n<fieldset class=\"hidden-fields-container\"><input type=\"hidden\" name=\"_wpcf7\" value=\"21287\" \/><input type=\"hidden\" name=\"_wpcf7_version\" value=\"6.1.5\" \/><input type=\"hidden\" name=\"_wpcf7_locale\" value=\"de_DE\" \/><input type=\"hidden\" name=\"_wpcf7_unit_tag\" value=\"wpcf7-f21287-o1\" \/><input type=\"hidden\" name=\"_wpcf7_container_post\" value=\"0\" \/><input type=\"hidden\" name=\"_wpcf7_posted_data_hash\" value=\"\" \/><input type=\"hidden\" name=\"_wpcf7_recaptcha_response\" value=\"\" \/>\n<\/fieldset>\n<div class=\"form-group\">\n\t<p><span class=\"wpcf7-form-control-wrap\" data-name=\"contact-name\"><input size=\"40\" maxlength=\"400\" class=\"wpcf7-form-control wpcf7-text wpcf7-validates-as-required form-control\" aria-required=\"true\" aria-invalid=\"false\" placeholder=\"Ihr Name *\" value=\"\" type=\"text\" name=\"contact-name\" \/><\/span>\n\t<\/p>\n<\/div>\n<div class=\"form-group\">\n\t<p><span class=\"wpcf7-form-control-wrap\" data-name=\"contact-telephone\"><input size=\"40\" maxlength=\"400\" class=\"wpcf7-form-control wpcf7-text wpcf7-validates-as-required form-control\" aria-required=\"true\" aria-invalid=\"false\" placeholder=\"Ihre Rufnummer *\" value=\"\" type=\"text\" name=\"contact-telephone\" \/><\/span>\n\t<\/p>\n<\/div>\n<div class=\"form-group\">\n\t<p><span class=\"wpcf7-form-control-wrap\" data-name=\"contact-email\"><input size=\"40\" maxlength=\"400\" class=\"wpcf7-form-control wpcf7-email wpcf7-validates-as-required wpcf7-text wpcf7-validates-as-email form-control\" aria-required=\"true\" aria-invalid=\"false\" placeholder=\"Ihre E-Mail Adresse *\" value=\"\" type=\"email\" name=\"contact-email\" \/><\/span>\n\t<\/p>\n<\/div>\n<div class=\"form-group\">\n\t<p><span class=\"wpcf7-form-control-wrap\" data-name=\"contact-message\"><textarea cols=\"40\" rows=\"10\" maxlength=\"2000\" class=\"wpcf7-form-control wpcf7-textarea wpcf7-validates-as-required form-control\" aria-required=\"true\" aria-invalid=\"false\" placeholder=\"Ihre Nachricht *\" name=\"contact-message\"><\/textarea><\/span>\n\t<\/p>\n<\/div>\n<p><span class=\"wpcf7-form-control-wrap\" data-name=\"checkbox-262\"><span class=\"wpcf7-form-control wpcf7-checkbox wpcf7-validates-as-required\"><span class=\"wpcf7-list-item first last\"><input type=\"checkbox\" name=\"checkbox-262[]\" value=\"Ich habe die Allgemeinen Gesch\u00e4ftsbedingungen gelesen und akzeptiere sie\" \/><span class=\"wpcf7-list-item-label\">Ich habe die Allgemeinen Gesch\u00e4ftsbedingungen gelesen und akzeptiere sie<\/span><\/span><\/span><\/span><br \/>\n<input class=\"wpcf7-form-control wpcf7-submit has-spinner btn btn-lg btn-default btn-dark center-block gtm-contact-form-submit\" type=\"submit\" value=\"Senden\" \/>\n<\/p><p style=\"display: none !important;\" class=\"akismet-fields-container\" data-prefix=\"_wpcf7_ak_\"><label>&#916;<textarea name=\"_wpcf7_ak_hp_textarea\" cols=\"45\" rows=\"8\" maxlength=\"100\"><\/textarea><\/label><input type=\"hidden\" id=\"ak_js_1\" name=\"_wpcf7_ak_js\" value=\"88\"\/><script type=\"text\/javascript\">\n\/* <![CDATA[ *\/\ndocument.getElementById( \"ak_js_1\" ).setAttribute( \"value\", ( new Date() ).getTime() );\n\/* ]]> *\/\n<\/script>\n<\/p><div class=\"wpcf7-response-output\" aria-hidden=\"true\"><\/div>\n<\/form>\n<\/div>\n\n<p>&nbsp;<\/p>\n<p>&nbsp;<\/p>\n<h2>Kultur im Web: Fokus<\/h2>\n<p>Es gab das Fernsehen und das Radio, jetzt gibt es das Web. Das Internet ist zu einem besonders m\u00e4chtigen Hebel des Engagements f\u00fcr den Kultursektor geworden.<\/p>\n<p>Mit der Dematerialisierung und Digitalisierung von Inhalten hat sich der Zugang zu Kunst und Kultur tiefgreifend ver\u00e4ndert. Bildschirme sind zu einem privilegierten Medium f\u00fcr die Beziehung des Publikums zur Kultur geworden, und die Franzosen haben die digitale Technologie in ihre kulturellen Praktiken aufgenommen.<\/p>\n<p>Wenn sie Informationen brauchen, wenn sie ein kulturelles Thema vertiefen wollen, wenn sie etwas Neues lernen oder entdecken wollen, wenn sie nach Musik, Film oder Video suchen, wenden sich Nutzer heute an Google und soziale Netzwerke.<\/p>\n<p>Mehr denn je wird die F\u00f6rderung von Kultur digital. Digitale Plattformen fungieren als Vermittler zwischen Urhebern, K\u00fcnstlern, Kulturakteuren und Konsumenten. Und im Internet engagieren sich Verbraucher gerne mit Marken und Organisationen, die ihre Interessen teilen und ihr Leben durch unvergessliche Erlebnisse ver\u00e4ndern.<\/p>\n<p>Um ihre Strukturen, Veranstaltungen, Shows, Kultursaisons oder Produktionen zu bewerben und sich bei Partnern und Sponsoren bekannt zu machen und neue Zielgruppen zu erreichen, haben Kulturakteure keine andere Wahl, als ihre Pr\u00e4senz im Web zu optimieren.<\/p>\n<p>Um Ihr Kulturunternehmen bekannt zu machen und weiterzuentwickeln, ben\u00f6tigen Sie nicht nur eine attraktive und funktionale Website, sondern auch eine wirkungsvolle digitale Strategie, Marketingmaterialien sowie textliche und multimediale Inhalte. Alioze ist eine auf Kultur spezialisierte Kommunikationsagentur und hilft Ihnen, diese Ziele zu erreichen.<\/p>\n<p>&nbsp;<\/p>\n<p>&nbsp;<\/p>\n<h2><a style=\"color: #333333;\" href=\"https:\/\/www.alioze.com\/secteurs\" target=\"_blank\" rel=\"noopener\">Sektoren<\/a> auf die sich Alioze spezialisiert hat<\/h2>\n<p style=\"text-align: center;\">Sind Sie in M\u00fcnchen, Berlin oder Hamburg ans\u00e4ssig?<br \/>\nUnsere Agentur k\u00fcmmert sich um Ihre Akte, wo immer Sie sind.<\/p>\n","protected":false},"excerpt":{"rendered":"<p>Sie sind auf der Suche nach einer Kommunikationsagentur, die sich auf Kultur spezialisiert hat? Willkommen bei Alioze. Sie wollen Ihre Website erstellen oder verbessern? Ihr Produkt, Ihre Einrichtung, Ihre Veranstaltung oder Ihre kulturelle Dienstleistung bewerben oder vermarkten? Entwickeln Sie eine effektive Online- und\/oder Offline-Kommunikationsstrategie? Neue Partnerschaften finden oder die breite \u00d6ffentlichkeit erreichen? In seiner Doppelrolle [&hellip;]<\/p>\n","protected":false},"author":6,"featured_media":21195,"parent":0,"menu_order":0,"comment_status":"closed","ping_status":"closed","template":"page-no-title.php","meta":{"_acf_changed":false,"footnotes":""},"class_list":["post-21191","page","type-page","status-publish","has-post-thumbnail","hentry"],"acf":[],"aioseo_notices":[],"amp_enabled":false,"_links":{"self":[{"href":"https:\/\/www.alioze.com\/de\/wp-json\/wp\/v2\/pages\/21191","targetHints":{"allow":["GET"]}}],"collection":[{"href":"https:\/\/www.alioze.com\/de\/wp-json\/wp\/v2\/pages"}],"about":[{"href":"https:\/\/www.alioze.com\/de\/wp-json\/wp\/v2\/types\/page"}],"author":[{"embeddable":true,"href":"https:\/\/www.alioze.com\/de\/wp-json\/wp\/v2\/users\/6"}],"replies":[{"embeddable":true,"href":"https:\/\/www.alioze.com\/de\/wp-json\/wp\/v2\/comments?post=21191"}],"version-history":[{"count":7,"href":"https:\/\/www.alioze.com\/de\/wp-json\/wp\/v2\/pages\/21191\/revisions"}],"predecessor-version":[{"id":26866,"href":"https:\/\/www.alioze.com\/de\/wp-json\/wp\/v2\/pages\/21191\/revisions\/26866"}],"wp:featuredmedia":[{"embeddable":true,"href":"https:\/\/www.alioze.com\/de\/wp-json\/wp\/v2\/media\/21195"}],"wp:attachment":[{"href":"https:\/\/www.alioze.com\/de\/wp-json\/wp\/v2\/media?parent=21191"}],"curies":[{"name":"wp","href":"https:\/\/api.w.org\/{rel}","templated":true}]}}