{"id":21174,"date":"2021-07-01T16:01:15","date_gmt":"2021-07-01T15:01:15","guid":{"rendered":"https:\/\/www.alioze.com\/?page_id=21174"},"modified":"2021-08-04T11:29:55","modified_gmt":"2021-08-04T10:29:55","slug":"agentur-kommunikation-beaute","status":"publish","type":"page","link":"https:\/\/www.alioze.com\/de\/agentur-kommunikation-schonheit\/","title":{"rendered":"Kommunikationsagentur, spezialisiert auf Sch\u00f6nheit und Kosmetik"},"content":{"rendered":"<\/div><\/div>\n\t<section class=\"headertitle lazyload\" style=\"background-image:inherit;\" data-bg-image=\"url(https:\/\/www.alioze.com\/wp-content\/themes\/alioze2016\/img\/alioze-communication-branding-design.jpg)\">\n\t\t<div id=\"breadcrumbs\">\n\t\t\t\t\t\t<span>\t\t\t\t\t<a href=\"https:\/\/www.alioze.com\/de\/\">Home<\/a>\n\t\t\t\t\t > \t\t\t\t\t<a href=\"https:\/\/www.alioze.com\/de\/blog\/\">Blog<\/a>\n\t\t\t\t\t > <\/span>\n\t\t\t\t\t<\/div>\n\t\t\t\t<div class=\"content-a\">\n\t\t\t\t\t<div class=\"parralax-centertext text-center\">\n\n\t\t\t\t\t\t<h1>Kommunikationsagentur, spezialisiert auf Sch\u00f6nheit und Kosmetik<\/h1>\n\t\t\t\t\t\t<span class=\"baseline\">Deutschland &amp; International<\/span>\n\t\t\t\t\t<\/div>\n\t\t\t\t<\/div>\n\t\t\t<\/section>\n\t\t\t<div class=\"container\">\n\t\t\t<div class=\"col-xs-12\">\n<p style=\"text-align: center;\">Sie sind auf der Suche nach einer <strong>Kommunikationsagentur, die sich auf Beauty<\/strong> und <strong>Kosmetik<\/strong> <strong>spezialisiert<\/strong> hat? Willkommen bei Alioze.<\/p>\n<p style=\"text-align: center;\">Sie wollen Ihren Umsatz ausbauen, Ihre Reputation steigern und neue Kunden gewinnen?<br \/>\nIhre Produkte aufwerten und besser vermarkten, Ihre Positionierung, Ihr Image und Ihre Markenidentit\u00e4t verbessern oder definieren?<br \/>\nDefinieren Sie eine effektive Kommunikations- und Marketingstrategie ?<br \/>\nEntwerfen oder verbessern Sie Ihre E-Commerce- oder Showcase-Site?<\/p>\n<p style=\"text-align: center;\">Alioze ist eine vielseitige <strong>Agentur f\u00fcr Sch\u00f6nheitskommunikation<\/strong> mit einer starken Neigung zum Digitalen. Unser Team von Kosmetikbegeisterten ist auf den lokalen, nationalen und internationalen Sch\u00f6nheitsmarkt spezialisiert.<\/p>\n<p>&nbsp;<\/p>\n<\/div><\/div>\n\t<section class=\"quickcontact lazyload\" style=\"background-image:inherit;\" data-bg-image=\"url(https:\/\/www.alioze.com\/wp-content\/themes\/alioze2016\/img\/alioze-communication-branding-design.jpg)\">\n\t\t\t\t<div class=\"content-a\">\n\t\t\t\t\t<div class=\"parralax-centertext\">\n\t\t\t\t\t\t<div class=\"container\">\n\t\t\t\t\t\t\t\t<div class=\"col-xs-12 col-sm-6 col-sm-offset-1 col-md-7 col-md-offset-1 quickcontact-text\">\n\t\t\t\t\t\t\t\tAlioze, die spezialisierte Beauty-Agentur, die Ihre Bed\u00fcrfnisse erf\u00fcllt\n\t\t\t\t\t\t\t\t<\/div>\n\t\t\t\t\t\t\t\t<div class=\"col-xs-12 col-sm-4 col-md-3\">\n\t\t\t\t\t\t\t\t<a href=\"https:\/\/www.alioze.com\/de\/kontakt\/\" class=\"btn btn-lg btn-default  center-block\">Kontakt aufnehmen<\/a>\n\t\t\t\t\t\t\t\t<\/div>\n\t\t\t\t\t\t<\/div>\n\t\t\t\t\t<\/div>\n\t\t\t\t<\/div>\n\t\t\t<\/section>\n\t\t\t<div class=\"container\">\n\t\t\t<div class=\"col-xs-12\">\n<p>&nbsp;<\/p>\n\n\t\t<style type=\"text\/css\">\n\t\t\t#gallery-1 {\n\t\t\t\tmargin: auto;\n\t\t\t}\n\t\t\t#gallery-1 .gallery-item {\n\t\t\t\tfloat: left;\n\t\t\t\tmargin-top: 10px;\n\t\t\t\ttext-align: center;\n\t\t\t\twidth: 33%;\n\t\t\t}\n\t\t\t#gallery-1 img {\n\t\t\t\tborder: 2px solid #cfcfcf;\n\t\t\t}\n\t\t\t#gallery-1 .gallery-caption {\n\t\t\t\tmargin-left: 0;\n\t\t\t}\n\t\t\t\/* see gallery_shortcode() in wp-includes\/media.php *\/\n\t\t<\/style>\n\t\t<div id='gallery-1' class='gallery galleryid-21174 gallery-columns-3 gallery-size-thumbnail'><dl class='gallery-item'>\n\t\t\t<dt class='gallery-icon portrait'>\n\t\t\t\t<a href='https:\/\/www.alioze.com\/de\/?attachment_id=17463'><img decoding=\"async\" width=\"150\" height=\"150\" data-src=\"https:\/\/www.alioze.com\/wp-content\/uploads\/2021\/04\/agence-branding-beaute-150x150.jpg\" class=\"attachment-thumbnail size-thumbnail lazyload\" alt=\"agence branding beaut\u00e9 cosm\u00e9tique\" data-srcset=\"https:\/\/www.alioze.com\/wp-content\/uploads\/2021\/04\/agence-branding-beaute-150x150.jpg 150w, https:\/\/www.alioze.com\/wp-content\/uploads\/2021\/04\/agence-branding-beaute-640x640.jpg 640w, https:\/\/www.alioze.com\/wp-content\/uploads\/2021\/04\/agence-branding-beaute-96x96.jpg 96w\" data-sizes=\"(max-width: 150px) 100vw, 150px\" src=\"data:image\/svg+xml;base64,PHN2ZyB3aWR0aD0iMSIgaGVpZ2h0PSIxIiB4bWxucz0iaHR0cDovL3d3dy53My5vcmcvMjAwMC9zdmciPjwvc3ZnPg==\" style=\"--smush-placeholder-width: 150px; --smush-placeholder-aspect-ratio: 150\/150;\" \/><\/a>\n\t\t\t<\/dt><\/dl><dl class='gallery-item'>\n\t\t\t<dt class='gallery-icon landscape'>\n\t\t\t\t<a href='https:\/\/www.alioze.com\/de\/agence-marketing-beaute-2\/'><img decoding=\"async\" width=\"150\" height=\"150\" data-src=\"https:\/\/www.alioze.com\/wp-content\/uploads\/2021\/04\/agence-marketing-beaute-150x150.jpg\" class=\"attachment-thumbnail size-thumbnail lazyload\" alt=\"agence marketing beaut\u00e9 cosm\u00e9tique\" data-srcset=\"https:\/\/www.alioze.com\/wp-content\/uploads\/2021\/04\/agence-marketing-beaute-150x150.jpg 150w, https:\/\/www.alioze.com\/wp-content\/uploads\/2021\/04\/agence-marketing-beaute-640x640.jpg 640w, https:\/\/www.alioze.com\/wp-content\/uploads\/2021\/04\/agence-marketing-beaute-96x96.jpg 96w\" data-sizes=\"(max-width: 150px) 100vw, 150px\" src=\"data:image\/svg+xml;base64,PHN2ZyB3aWR0aD0iMSIgaGVpZ2h0PSIxIiB4bWxucz0iaHR0cDovL3d3dy53My5vcmcvMjAwMC9zdmciPjwvc3ZnPg==\" style=\"--smush-placeholder-width: 150px; --smush-placeholder-aspect-ratio: 150\/150;\" \/><\/a>\n\t\t\t<\/dt><\/dl><dl class='gallery-item'>\n\t\t\t<dt class='gallery-icon portrait'>\n\t\t\t\t<a href='https:\/\/www.alioze.com\/de\/agence-web-beaute-2\/'><img decoding=\"async\" width=\"150\" height=\"150\" data-src=\"https:\/\/www.alioze.com\/wp-content\/uploads\/2021\/04\/agence-web-beaute-150x150.jpg\" class=\"attachment-thumbnail size-thumbnail lazyload\" alt=\"agence web beaut\u00e9 cosm\u00e9tique\" data-srcset=\"https:\/\/www.alioze.com\/wp-content\/uploads\/2021\/04\/agence-web-beaute-150x150.jpg 150w, https:\/\/www.alioze.com\/wp-content\/uploads\/2021\/04\/agence-web-beaute-96x96.jpg 96w\" data-sizes=\"(max-width: 150px) 100vw, 150px\" src=\"data:image\/svg+xml;base64,PHN2ZyB3aWR0aD0iMSIgaGVpZ2h0PSIxIiB4bWxucz0iaHR0cDovL3d3dy53My5vcmcvMjAwMC9zdmciPjwvc3ZnPg==\" style=\"--smush-placeholder-width: 150px; --smush-placeholder-aspect-ratio: 150\/150;\" \/><\/a>\n\t\t\t<\/dt><\/dl><br style=\"clear: both\" \/><dl class='gallery-item'>\n\t\t\t<dt class='gallery-icon portrait'>\n\t\t\t\t<a href='https:\/\/www.alioze.com\/de\/agence-relations-presse-beaute-2\/'><img decoding=\"async\" width=\"150\" height=\"150\" data-src=\"https:\/\/www.alioze.com\/wp-content\/uploads\/2021\/04\/agence-relations-presse-beaute-150x150.jpg\" class=\"attachment-thumbnail size-thumbnail lazyload\" alt=\"agence relations presse beaut\u00e9 cosm\u00e9tique\" data-srcset=\"https:\/\/www.alioze.com\/wp-content\/uploads\/2021\/04\/agence-relations-presse-beaute-150x150.jpg 150w, https:\/\/www.alioze.com\/wp-content\/uploads\/2021\/04\/agence-relations-presse-beaute-96x96.jpg 96w\" data-sizes=\"(max-width: 150px) 100vw, 150px\" src=\"data:image\/svg+xml;base64,PHN2ZyB3aWR0aD0iMSIgaGVpZ2h0PSIxIiB4bWxucz0iaHR0cDovL3d3dy53My5vcmcvMjAwMC9zdmciPjwvc3ZnPg==\" style=\"--smush-placeholder-width: 150px; --smush-placeholder-aspect-ratio: 150\/150;\" \/><\/a>\n\t\t\t<\/dt><\/dl><dl class='gallery-item'>\n\t\t\t<dt class='gallery-icon portrait'>\n\t\t\t\t<a href='https:\/\/www.alioze.com\/de\/agence-publicite-beaute-2\/'><img decoding=\"async\" width=\"150\" height=\"150\" data-src=\"https:\/\/www.alioze.com\/wp-content\/uploads\/2021\/04\/agence-publicite-beaute-150x150.jpg\" class=\"attachment-thumbnail size-thumbnail lazyload\" alt=\"agence publicit\u00e9 beaut\u00e9 cosm\u00e9tique\" data-srcset=\"https:\/\/www.alioze.com\/wp-content\/uploads\/2021\/04\/agence-publicite-beaute-150x150.jpg 150w, https:\/\/www.alioze.com\/wp-content\/uploads\/2021\/04\/agence-publicite-beaute-640x640.jpg 640w, https:\/\/www.alioze.com\/wp-content\/uploads\/2021\/04\/agence-publicite-beaute-96x96.jpg 96w\" data-sizes=\"(max-width: 150px) 100vw, 150px\" src=\"data:image\/svg+xml;base64,PHN2ZyB3aWR0aD0iMSIgaGVpZ2h0PSIxIiB4bWxucz0iaHR0cDovL3d3dy53My5vcmcvMjAwMC9zdmciPjwvc3ZnPg==\" style=\"--smush-placeholder-width: 150px; --smush-placeholder-aspect-ratio: 150\/150;\" \/><\/a>\n\t\t\t<\/dt><\/dl>\n\t\t\t<br style='clear: both' \/>\n\t\t<\/div>\n\n<p>&nbsp;<\/p>\n<p>&nbsp;<\/p>\n<h2>Unsere ma\u00dfgeschneiderten Dienstleistungen f\u00fcr Beauty-Profis<\/h2>\n<ul>\n<li><a href=\"https:\/\/www.alioze.com\/de\/entwicklung\/\" target=\"_blank\" rel=\"noopener noreferrer\">Web-Produktion<\/a>:\n<ul>\n<li>Elegante, funktionale und interaktive E-Commerce-Website-Entwicklung. Mit mehr als zehn Jahren Erfahrung mit WordPress und Magento bieten wir die effizienteste und sicherste L\u00f6sung, w\u00e4hrend wir gleichzeitig sicherstellen, dass wir flexibel auf Ihre gesch\u00e4ftlichen Anforderungen reagieren k\u00f6nnen.<\/li>\n<li>Kopplung von E-Commerce und ERP f\u00fcr das kaufm\u00e4nnische und buchhalterische Management.<\/li>\n<li>Kopplung von E-Commerce und CRM f\u00fcr das Kundenbeziehungsmanagement.<\/li>\n<\/ul>\n<\/li>\n<li><a href=\"https:\/\/www.alioze.com\/de\/kommunikation\/\" target=\"_blank\" rel=\"noopener noreferrer\">Kommunikation<\/a>:\n<ul>\n<li>Namensgebung, Branding, Webdesign und Art Direction, die die Essenz Ihrer Marke einfangen.<\/li>\n<li>Erstellung von Kampagnen, textlichen und grafischen Inhalten.<\/li>\n<li>Newsletter &amp; E-Mailing-Kampagne.<\/li>\n<li>Presse-, \u00d6ffentlichkeits- und Digitalarbeit.<\/li>\n<li>\u00dcberwachung und Optimierung Ihrer E-Reputation.<\/li>\n<\/ul>\n<\/li>\n<li><a href=\"https:\/\/www.alioze.com\/de\/erwerb\/\" target=\"_blank\" rel=\"noopener noreferrer\">Marketing, Werbung und Akquisition<\/a>:\n<ul>\n<li>SEO-Ma\u00dfnahmen f\u00fcr nat\u00fcrliche Referenzierung und SEA f\u00fcr bezahlte Referenzierung.<\/li>\n<li>Entschl\u00fcsselung und Analyse des Nutzerverhaltens, um die Bed\u00fcrfnisse und Motivationen Ihrer Kunden besser zu verstehen und um aufkommende und vielversprechende Trends zu erfassen.<\/li>\n<li>Werbung in sozialen Medien.<\/li>\n<li>Beratung, Unterst\u00fctzung und Animation Ihrer sozialen Netzwerke.<\/li>\n<\/ul>\n<\/li>\n<\/ul>\n<p>Durch Alioze profitieren Sie von der Erfahrung einer spezialisierten Agentur f\u00fcr Sch\u00f6nheitskommunikation, die die Herausforderungen, M\u00f6glichkeiten und Entwicklungsbereiche in Bezug auf Ihre Marke identifizieren wird.<\/p>\n<p>Durch die Kombination von innovativem Design, Verst\u00e4ndnis f\u00fcr die Kundenbed\u00fcrfnisse, hochwertigen Inhalten und technischem Fachwissen legen wir Wert darauf, Ihre Markenphilosophie zu st\u00e4rken und gleichzeitig die Bed\u00fcrfnisse der Endbenutzer zu erf\u00fcllen.<\/p>\n<p>Alle unsere L\u00f6sungen sind ma\u00dfgeschneidert und an Ihre spezifischen Bed\u00fcrfnisse und Ziele angepasst.<\/p>\n<p>Ob Sie eine Beauty-Website oder eine innovative Kommunikationskampagne w\u00fcnschen, wir stellen das Nutzererlebnis in den Mittelpunkt von allem. Denn das ist es, was Ihr Unternehmen von anderen abhebt, und wir glauben, dass jedes Produkt, jede Marke und <strong>jeder Kunde einzigartig ist<\/strong>.<\/p>\n<p>&nbsp;<\/p>\n<p>&nbsp;<\/p>\n<h2>Einige unserer Kundenreferenzen aus dem Beauty-Bereich<\/h2>\n<div class=\"text-center\"><img decoding=\"async\" class=\"img-client\" src=\"https:\/\/www.alioze.com\/wp-content\/uploads\/2016\/02\/agence-web-de-filorga.png\" alt=\"agence-web-de-filorga\" \/><img decoding=\"async\" class=\"img-client\" src=\"https:\/\/www.alioze.com\/wp-content\/uploads\/2019\/07\/agence-web-de-dior-2.png\" alt=\"agence web dior\" \/><img decoding=\"async\" class=\"img-client\" src=\"https:\/\/www.alioze.com\/wp-content\/uploads\/2016\/02\/agence-web-de-guerling-paris.png\" alt=\"agence-web-de-guerling-paris\" \/><img decoding=\"async\" class=\"img-client\" src=\"https:\/\/www.alioze.com\/wp-content\/uploads\/2020\/03\/agence-web-cattier.png\" alt=\"agence web cattier\" \/><img decoding=\"async\" class=\"img-client\" src=\"https:\/\/www.alioze.com\/wp-content\/uploads\/2020\/03\/agence-web-kneipp.png\" alt=\"agence web kneipp\" \/><img decoding=\"async\" class=\"img-client\" src=\"https:\/\/www.alioze.com\/wp-content\/uploads\/2017\/05\/agence-web-glisodin.png\" alt=\"agence web glisodin\" \/><img decoding=\"async\" class=\"img-client\" src=\"https:\/\/www.alioze.com\/wp-content\/uploads\/2016\/02\/agence-web-de-svr.png\" alt=\"agence-web-de-svr\" \/><img decoding=\"async\" class=\"img-client\" src=\"https:\/\/www.alioze.com\/wp-content\/uploads\/2017\/05\/agence-web-isocell-nutra.png\" alt=\"agence web isocell nutra\" \/><img decoding=\"async\" class=\"img-client\" src=\"https:\/\/www.alioze.com\/wp-content\/uploads\/2017\/08\/agence-web-ovance.png\" alt=\"agence web Ovance\" \/><img decoding=\"async\" class=\"img-client\" src=\"https:\/\/www.alioze.com\/wp-content\/uploads\/2019\/07\/agence-web-b-glen.png\" alt=\"agence web b.glen\" \/><img decoding=\"async\" class=\"img-client\" src=\"https:\/\/www.alioze.com\/wp-content\/uploads\/2020\/03\/agence-web-line-5.png\" alt=\"agence web line 5 paris\" \/><img decoding=\"async\" class=\"img-client\" src=\"https:\/\/www.alioze.com\/wp-content\/uploads\/2020\/03\/agence-web-renophase.png\" alt=\"agence web renophase\" \/><img decoding=\"async\" class=\"img-client\" src=\"https:\/\/www.alioze.com\/wp-content\/uploads\/2021\/05\/agence-communication-nume-lab.png\" alt=\"agence communication nume lab\" \/><img decoding=\"async\" class=\"img-client\" src=\"https:\/\/www.alioze.com\/wp-content\/uploads\/2021\/05\/agence-communication-jurlique.png\" alt=\"agence communication jurlique\" \/><\/div>\n<p>&nbsp;<\/p>\n<p>Alioze z\u00e4hlt viele Start-ups und etablierte Marken aus verschiedenen Bereichen der Sch\u00f6nheit und Kosmetik zu seinen Kunden:<\/p>\n<ul>\n<li>Unternehmen und Kosmetiklabor.<\/li>\n<li>Parf\u00fcmerie.<\/li>\n<li>Make-up.<\/li>\n<li>Haarpflege.<\/li>\n<li>Hautpflege.<\/li>\n<li>Sch\u00f6nheitsprodukte.<\/li>\n<li>Zahnpflege.<\/li>\n<\/ul>\n<p>Mit ihnen haben wir solide Erfahrungen gesammelt und echte Expertise auf dem <strong>Sch\u00f6nheitsmarkt<\/strong>entwickelt.<\/p>\n<p>&nbsp;<\/p>\n<p>&nbsp;<\/p>\n<h2>Ben\u00f6tigen Sie Hilfe bei Ihrer Kosmetikmarke?<\/h2>\n<p style=\"text-align: center;\">Unsere Agentur ist von Montag bis Freitag von 9:30 Uhr bis 19:00 Uhr ge\u00f6ffnet.<\/p>\n<p style=\"text-align: center;\">Z\u00f6gern Sie nicht, uns telefonisch unter <a href=\"tel:+33183622184\"> +33 (0) 1 83 62 21 84<\/a> zu kontaktieren oder f\u00fcllen Sie dieses kurze Formular aus:<\/p>\n\n<div class=\"wpcf7 no-js\" id=\"wpcf7-f21287-o1\" lang=\"de-DE\" dir=\"ltr\" data-wpcf7-id=\"21287\">\n<div class=\"screen-reader-response\"><p role=\"status\" aria-live=\"polite\" aria-atomic=\"true\"><\/p> <ul><\/ul><\/div>\n<form action=\"\/de\/wp-json\/wp\/v2\/pages\/21174#wpcf7-f21287-o1\" method=\"post\" class=\"wpcf7-form init\" aria-label=\"Kontaktformular\" novalidate=\"novalidate\" data-status=\"init\">\n<fieldset class=\"hidden-fields-container\"><input type=\"hidden\" name=\"_wpcf7\" value=\"21287\" \/><input type=\"hidden\" name=\"_wpcf7_version\" value=\"6.1.5\" \/><input type=\"hidden\" name=\"_wpcf7_locale\" value=\"de_DE\" \/><input type=\"hidden\" name=\"_wpcf7_unit_tag\" value=\"wpcf7-f21287-o1\" \/><input type=\"hidden\" name=\"_wpcf7_container_post\" value=\"0\" \/><input type=\"hidden\" name=\"_wpcf7_posted_data_hash\" value=\"\" \/><input type=\"hidden\" name=\"_wpcf7_recaptcha_response\" value=\"\" \/>\n<\/fieldset>\n<div class=\"form-group\">\n\t<p><span class=\"wpcf7-form-control-wrap\" data-name=\"contact-name\"><input size=\"40\" maxlength=\"400\" class=\"wpcf7-form-control wpcf7-text wpcf7-validates-as-required form-control\" aria-required=\"true\" aria-invalid=\"false\" placeholder=\"Ihr Name *\" value=\"\" type=\"text\" name=\"contact-name\" \/><\/span>\n\t<\/p>\n<\/div>\n<div class=\"form-group\">\n\t<p><span class=\"wpcf7-form-control-wrap\" data-name=\"contact-telephone\"><input size=\"40\" maxlength=\"400\" class=\"wpcf7-form-control wpcf7-text wpcf7-validates-as-required form-control\" aria-required=\"true\" aria-invalid=\"false\" placeholder=\"Ihre Rufnummer *\" value=\"\" type=\"text\" name=\"contact-telephone\" \/><\/span>\n\t<\/p>\n<\/div>\n<div class=\"form-group\">\n\t<p><span class=\"wpcf7-form-control-wrap\" data-name=\"contact-email\"><input size=\"40\" maxlength=\"400\" class=\"wpcf7-form-control wpcf7-email wpcf7-validates-as-required wpcf7-text wpcf7-validates-as-email form-control\" aria-required=\"true\" aria-invalid=\"false\" placeholder=\"Ihre E-Mail Adresse *\" value=\"\" type=\"email\" name=\"contact-email\" \/><\/span>\n\t<\/p>\n<\/div>\n<div class=\"form-group\">\n\t<p><span class=\"wpcf7-form-control-wrap\" data-name=\"contact-message\"><textarea cols=\"40\" rows=\"10\" maxlength=\"2000\" class=\"wpcf7-form-control wpcf7-textarea wpcf7-validates-as-required form-control\" aria-required=\"true\" aria-invalid=\"false\" placeholder=\"Ihre Nachricht *\" name=\"contact-message\"><\/textarea><\/span>\n\t<\/p>\n<\/div>\n<p><span class=\"wpcf7-form-control-wrap\" data-name=\"checkbox-262\"><span class=\"wpcf7-form-control wpcf7-checkbox wpcf7-validates-as-required\"><span class=\"wpcf7-list-item first last\"><input type=\"checkbox\" name=\"checkbox-262[]\" value=\"Ich habe die Allgemeinen Gesch\u00e4ftsbedingungen gelesen und akzeptiere sie\" \/><span class=\"wpcf7-list-item-label\">Ich habe die Allgemeinen Gesch\u00e4ftsbedingungen gelesen und akzeptiere sie<\/span><\/span><\/span><\/span><br \/>\n<input class=\"wpcf7-form-control wpcf7-submit has-spinner btn btn-lg btn-default btn-dark center-block gtm-contact-form-submit\" type=\"submit\" value=\"Senden\" \/>\n<\/p><p style=\"display: none !important;\" class=\"akismet-fields-container\" data-prefix=\"_wpcf7_ak_\"><label>&#916;<textarea name=\"_wpcf7_ak_hp_textarea\" cols=\"45\" rows=\"8\" maxlength=\"100\"><\/textarea><\/label><input type=\"hidden\" id=\"ak_js_1\" name=\"_wpcf7_ak_js\" value=\"179\"\/><script type=\"text\/javascript\">\n\/* <![CDATA[ *\/\ndocument.getElementById( \"ak_js_1\" ).setAttribute( \"value\", ( new Date() ).getTime() );\n\/* ]]> *\/\n<\/script>\n<\/p><div class=\"wpcf7-response-output\" aria-hidden=\"true\"><\/div>\n<\/form>\n<\/div>\n\n<p>&nbsp;<\/p>\n<p>&nbsp;<\/p>\n<h2>Sch\u00f6nheit und Kommunikation im Web: Fokus<\/h2>\n<p>Die digitale Technologie hat das Verbraucherverhalten tiefgreifend ver\u00e4ndert.<\/p>\n<p>Traditionelle Werbung ist nicht mehr genug. Mehr denn je beeinflussen das Internet und soziale Netzwerke den Beauty- und Kosmetikmarkt. W\u00e4hrend sie Produkte immer noch gerne anfassen, f\u00fchlen und ausprobieren, neigen die Verbraucher jetzt eher dazu, neue Marken und Produkte durch ihre Internetrecherchen zu entdecken und zu testen.<\/p>\n<p>Hypervernetzt, auf der Suche nach neuen Produkten, Informationen, Ratschl\u00e4gen und Empfehlungen, bevorzugen Verbraucher Tutorials, Beauty-Blogs, Instagram-Posts und Videos von Beauty-Youtubern f\u00fcr Informationen. So wird die Online-Suche nach Sch\u00f6nheit nun zu :<\/p>\n<ul>\n<li>Entdecken Sie neue Marken und Produkte;<\/li>\n<li>Erfahren Sie mehr;<\/li>\n<li>Konsultieren Sie Bewertungen, Testimonials und Empfehlungen;<\/li>\n<li>Preise vergleichen.<\/li>\n<\/ul>\n<p>In einem so wettbewerbsintensiven Markt wie dem der Sch\u00f6nheit m\u00fcssen Sie Ihren Kunden ein interaktives und sensationelles Erlebnis bieten. Betrachten Sie das Web als Chance, neue Kunden zu erreichen, Ihr Image zu erweitern und eine aktive Community rund um Ihre Marke aufzubauen.<\/p>\n<p>Dazu muss Ihr Unternehmen eine starke Markenpr\u00e4senz haben. Zu jeder Zeit, von jedem Ger\u00e4t aus, sollten Ihre Interessenten auf Ihre Marke und Produkte zugreifen k\u00f6nnen.<\/p>\n<p>Das bedeutet, dass Sie ihnen erm\u00f6glichen, direkt von Ihrer Website aus zu kaufen, sie an jedem Punkt ihrer Kaufreise und Entscheidungsfindung zu erreichen und sie zu einem kontinuierlichen Engagement zu ermutigen.<\/p>\n<p>Eine wiedererkennbare \u00c4sthetik, eine gute Marketingpositionierung und eine innovative und effektive Kommunikation erreichen mehr potenzielle Kunden und st\u00e4rken Ihre Markenidentit\u00e4t.<\/p>\n<p>Wenn Sie mit den Suchtrends auf dem Laufenden bleiben, ein stilvolles Webdesign anbieten und eine optimierte Pr\u00e4senz bei Google und in sozialen Netzwerken haben, k\u00f6nnen Sie Ihre Marke verankern und die Bed\u00fcrfnisse Ihrer Kunden erf\u00fcllen.<\/p>\n<p>&nbsp;<\/p>\n<p>&nbsp;<\/p>\n<h2><a style=\"color: #333333;\" href=\"https:\/\/www.alioze.com\/secteurs\" target=\"_blank\" rel=\"noopener\">Sektoren<\/a> auf die sich Alioze spezialisiert hat<\/h2>\n<p style=\"text-align: center;\">Sind Sie in M\u00fcnchen, Berlin oder Hamburg ans\u00e4ssig?<br \/>\nUnsere Agentur k\u00fcmmert sich um Ihre Akte, wo immer Sie sind.<\/p>\n","protected":false},"excerpt":{"rendered":"<p>Sie sind auf der Suche nach einer Kommunikationsagentur, die sich auf Beauty und Kosmetik spezialisiert hat? Willkommen bei Alioze. Sie wollen Ihren Umsatz ausbauen, Ihre Reputation steigern und neue Kunden gewinnen? Ihre Produkte aufwerten und besser vermarkten, Ihre Positionierung, Ihr Image und Ihre Markenidentit\u00e4t verbessern oder definieren? Definieren Sie eine effektive Kommunikations- und Marketingstrategie ? [&hellip;]<\/p>\n","protected":false},"author":6,"featured_media":0,"parent":0,"menu_order":0,"comment_status":"closed","ping_status":"closed","template":"page-no-title.php","meta":{"_acf_changed":false,"footnotes":""},"class_list":["post-21174","page","type-page","status-publish","hentry"],"acf":[],"aioseo_notices":[],"amp_enabled":false,"_links":{"self":[{"href":"https:\/\/www.alioze.com\/de\/wp-json\/wp\/v2\/pages\/21174","targetHints":{"allow":["GET"]}}],"collection":[{"href":"https:\/\/www.alioze.com\/de\/wp-json\/wp\/v2\/pages"}],"about":[{"href":"https:\/\/www.alioze.com\/de\/wp-json\/wp\/v2\/types\/page"}],"author":[{"embeddable":true,"href":"https:\/\/www.alioze.com\/de\/wp-json\/wp\/v2\/users\/6"}],"replies":[{"embeddable":true,"href":"https:\/\/www.alioze.com\/de\/wp-json\/wp\/v2\/comments?post=21174"}],"version-history":[{"count":5,"href":"https:\/\/www.alioze.com\/de\/wp-json\/wp\/v2\/pages\/21174\/revisions"}],"predecessor-version":[{"id":22608,"href":"https:\/\/www.alioze.com\/de\/wp-json\/wp\/v2\/pages\/21174\/revisions\/22608"}],"wp:attachment":[{"href":"https:\/\/www.alioze.com\/de\/wp-json\/wp\/v2\/media?parent=21174"}],"curies":[{"name":"wp","href":"https:\/\/api.w.org\/{rel}","templated":true}]}}