{"id":21143,"date":"2021-07-01T16:30:46","date_gmt":"2021-07-01T15:30:46","guid":{"rendered":"https:\/\/www.alioze.com\/?page_id=21143"},"modified":"2023-02-06T18:28:58","modified_gmt":"2023-02-06T17:28:58","slug":"web-agentur-immobilien","status":"publish","type":"page","link":"https:\/\/www.alioze.com\/de\/agentur-web-immobilien\/","title":{"rendered":"Auf Immobilien spezialisierte Kommunikationsagentur"},"content":{"rendered":"<\/div><\/div>\n\t<section class=\"headertitle lazyload\" style=\"background-image:inherit;\" data-bg-image=\"url(https:\/\/www.alioze.com\/wp-content\/themes\/alioze2016\/img\/alioze-communication-branding-design.jpg)\">\n\t\t<div id=\"breadcrumbs\">\n\t\t\t\t\t\t<span>\t\t\t\t\t<a href=\"https:\/\/www.alioze.com\/de\/\">Home<\/a>\n\t\t\t\t\t > \t\t\t\t\t<a href=\"https:\/\/www.alioze.com\/de\/blog\/\">Blog<\/a>\n\t\t\t\t\t > <\/span>\n\t\t\t\t\t<\/div>\n\t\t\t\t<div class=\"content-a\">\n\t\t\t\t\t<div class=\"parralax-centertext text-center\">\n\n\t\t\t\t\t\t<h1>Auf Immobilien spezialisierte Kommunikationsagentur<\/h1>\n\t\t\t\t\t\t<span class=\"baseline\">Deutschland &amp; International<\/span>\n\t\t\t\t\t<\/div>\n\t\t\t\t<\/div>\n\t\t\t<\/section>\n\t\t\t<div class=\"container\">\n\t\t\t<div class=\"col-xs-12\">\n<p style=\"text-align: center;\">Sie suchen eine <strong>Kommunikationsagentur, die sich auf Immobilien spezialisiert<\/strong> hat? Willkommen bei Alioze.<\/p>\n<p style=\"text-align: center;\">Brauchen Sie eine kreative und strategische Agentur, um wirkungsvolle Kommunikations-, Werbe- und\/oder Marketingkampagnen zu erstellen?<br \/>\nSie wollen Ihr Markenimage und Ihre Pr\u00e4senz in Suchmaschinen, in den Medien und\/oder in sozialen Netzwerken verbessern?<br \/>\nSie wollen die Website Ihres Immobilienunternehmens renovieren oder neu erstellen?<\/p>\n<p style=\"text-align: center;\">Alioze stellt seine Kreativit\u00e4t und sein Know-how in den Bereichen Webentwicklung, Kommunikation und Marketing in den Dienst von Immobilienprofis.<\/p>\n<p>&nbsp;<\/p>\n<\/div><\/div>\n\t<section class=\"quickcontact lazyload\" style=\"background-image:inherit;\" data-bg-image=\"url(https:\/\/www.alioze.com\/wp-content\/themes\/alioze2016\/img\/alioze-communication-branding-design.jpg)\">\n\t\t\t\t<div class=\"content-a\">\n\t\t\t\t\t<div class=\"parralax-centertext\">\n\t\t\t\t\t\t<div class=\"container\">\n\t\t\t\t\t\t\t\t<div class=\"col-xs-12 col-sm-6 col-sm-offset-1 col-md-7 col-md-offset-1 quickcontact-text\">\n\t\t\t\t\t\t\t\tAlioze, die Immobilienagentur, die Ihre Bed\u00fcrfnisse erf\u00fcllt\n\t\t\t\t\t\t\t\t<\/div>\n\t\t\t\t\t\t\t\t<div class=\"col-xs-12 col-sm-4 col-md-3\">\n\t\t\t\t\t\t\t\t<a href=\"https:\/\/www.alioze.com\/de\/kontakt\/\" class=\"btn btn-lg btn-default  center-block\">Kontakt aufnehmen<\/a>\n\t\t\t\t\t\t\t\t<\/div>\n\t\t\t\t\t\t<\/div>\n\t\t\t\t\t<\/div>\n\t\t\t\t<\/div>\n\t\t\t<\/section>\n\t\t\t<div class=\"container\">\n\t\t\t<div class=\"col-xs-12\">\n<p>&nbsp;<\/p>\n\n\t\t<style type=\"text\/css\">\n\t\t\t#gallery-1 {\n\t\t\t\tmargin: auto;\n\t\t\t}\n\t\t\t#gallery-1 .gallery-item {\n\t\t\t\tfloat: left;\n\t\t\t\tmargin-top: 10px;\n\t\t\t\ttext-align: center;\n\t\t\t\twidth: 33%;\n\t\t\t}\n\t\t\t#gallery-1 img {\n\t\t\t\tborder: 2px solid #cfcfcf;\n\t\t\t}\n\t\t\t#gallery-1 .gallery-caption {\n\t\t\t\tmargin-left: 0;\n\t\t\t}\n\t\t\t\/* see gallery_shortcode() in wp-includes\/media.php *\/\n\t\t<\/style>\n\t\t<div id='gallery-1' class='gallery galleryid-21143 gallery-columns-3 gallery-size-thumbnail'><dl class='gallery-item'>\n\t\t\t<dt class='gallery-icon landscape'>\n\t\t\t\t<a href='https:\/\/www.alioze.com\/de\/web-agentur-immobilien\/agence-web-immobilier\/'><img decoding=\"async\" width=\"150\" height=\"150\" data-src=\"https:\/\/www.alioze.com\/wp-content\/uploads\/2020\/06\/agence-web-immobilier-150x150.jpg\" class=\"attachment-thumbnail size-thumbnail lazyload\" alt=\"\" src=\"data:image\/svg+xml;base64,PHN2ZyB3aWR0aD0iMSIgaGVpZ2h0PSIxIiB4bWxucz0iaHR0cDovL3d3dy53My5vcmcvMjAwMC9zdmciPjwvc3ZnPg==\" style=\"--smush-placeholder-width: 150px; --smush-placeholder-aspect-ratio: 150\/150;\" \/><\/a>\n\t\t\t<\/dt><\/dl><dl class='gallery-item'>\n\t\t\t<dt class='gallery-icon portrait'>\n\t\t\t\t<a href='https:\/\/www.alioze.com\/de\/web-agentur-immobilien\/agence-marketing-immobilier\/'><img decoding=\"async\" width=\"150\" height=\"150\" data-src=\"https:\/\/www.alioze.com\/wp-content\/uploads\/2020\/06\/agence-marketing-immobilier-150x150.jpg\" class=\"attachment-thumbnail size-thumbnail lazyload\" alt=\"\" src=\"data:image\/svg+xml;base64,PHN2ZyB3aWR0aD0iMSIgaGVpZ2h0PSIxIiB4bWxucz0iaHR0cDovL3d3dy53My5vcmcvMjAwMC9zdmciPjwvc3ZnPg==\" style=\"--smush-placeholder-width: 150px; --smush-placeholder-aspect-ratio: 150\/150;\" \/><\/a>\n\t\t\t<\/dt><\/dl><dl class='gallery-item'>\n\t\t\t<dt class='gallery-icon landscape'>\n\t\t\t\t<a href='https:\/\/www.alioze.com\/de\/web-agentur-immobilien\/agence-publicite-immobilier\/'><img decoding=\"async\" width=\"150\" height=\"150\" data-src=\"https:\/\/www.alioze.com\/wp-content\/uploads\/2020\/06\/agence-publicite-immobilier-150x150.jpg\" class=\"attachment-thumbnail size-thumbnail lazyload\" alt=\"\" src=\"data:image\/svg+xml;base64,PHN2ZyB3aWR0aD0iMSIgaGVpZ2h0PSIxIiB4bWxucz0iaHR0cDovL3d3dy53My5vcmcvMjAwMC9zdmciPjwvc3ZnPg==\" style=\"--smush-placeholder-width: 150px; --smush-placeholder-aspect-ratio: 150\/150;\" \/><\/a>\n\t\t\t<\/dt><\/dl><br style=\"clear: both\" \/><dl class='gallery-item'>\n\t\t\t<dt class='gallery-icon landscape'>\n\t\t\t\t<a href='https:\/\/www.alioze.com\/de\/web-agentur-immobilien\/agence-reseau-sociau-immobilier\/'><img decoding=\"async\" width=\"150\" height=\"150\" data-src=\"https:\/\/www.alioze.com\/wp-content\/uploads\/2020\/06\/agence-reseau-sociau-immobilier-150x150.jpg\" class=\"attachment-thumbnail size-thumbnail lazyload\" alt=\"\" src=\"data:image\/svg+xml;base64,PHN2ZyB3aWR0aD0iMSIgaGVpZ2h0PSIxIiB4bWxucz0iaHR0cDovL3d3dy53My5vcmcvMjAwMC9zdmciPjwvc3ZnPg==\" style=\"--smush-placeholder-width: 150px; --smush-placeholder-aspect-ratio: 150\/150;\" \/><\/a>\n\t\t\t<\/dt><\/dl>\n\t\t\t<br style='clear: both' \/>\n\t\t<\/div>\n\n<p>&nbsp;<\/p>\n<p>&nbsp;<\/p>\n<h2>Unsere ma\u00dfgeschneiderten Dienstleistungen f\u00fcr Immobilienprofis<\/h2>\n<ul>\n<li><a href=\"https:\/\/www.alioze.com\/de\/entwicklung\/\" target=\"_blank\" rel=\"noopener noreferrer\">Web-Produktion<\/a>:\n<ul>\n<li>Responsive und funktionale Website-Entwicklung.<\/li>\n<li>CRM-Kopplung.<\/li>\n<\/ul>\n<\/li>\n<li><a href=\"https:\/\/www.alioze.com\/de\/kommunikation\/\" target=\"_blank\" rel=\"noopener noreferrer\">Kommunikation<\/a>:\n<ul>\n<li>Erstellung von Inhalten.<\/li>\n<li>Strategische Unterst\u00fctzung und Social Media Management.<\/li>\n<li>E-Reputationsmanagement.<\/li>\n<li>Newsletter und E-Mailing-Kampagnen.<\/li>\n<li>Konzeption, Design und Grafikcharta.<\/li>\n<\/ul>\n<\/li>\n<li><a href=\"https:\/\/www.alioze.com\/de\/erwerb\/\" target=\"_blank\" rel=\"noopener noreferrer\">Akquisition<\/a>:\n<ul>\n<li>Marktforschung.<\/li>\n<li>Nat\u00fcrliches SEO.<\/li>\n<li>Werbekampagnen.<\/li>\n<\/ul>\n<\/li>\n<\/ul>\n<p>Alioze ist eine Kommunikationsagentur, die sich auf alle Webtechnologien spezialisiert hat. Wir haben ein Auge auf alle aktuellen Innovationen und Anwendungen, um nachhaltige L\u00f6sungen f\u00fcr Immobilienprofis zu bieten.<\/p>\n<p>Mit dem Fokus auf \u00fcberzeugende Unternehmenskommunikation und nutzerzentrierte Entwicklung schaffen wir benutzerfreundliche und umfassende Erlebnisse, die Ihnen helfen, Ihr Unternehmen zu vergr\u00f6\u00dfern.<\/p>\n<p>&nbsp;<\/p>\n<p>&nbsp;<\/p>\n<h2>Einige unserer Partner und Kunden aus der Immobilienbranche<\/h2>\n<div class=\"text-center\"><img decoding=\"async\" class=\"img-client\" src=\"https:\/\/www.alioze.com\/wp-content\/uploads\/2023\/02\/agence-communication-bien-ici.png\" alt=\"agence communication bien' ici\" \/><img decoding=\"async\" class=\"img-client\" src=\"https:\/\/www.alioze.com\/wp-content\/uploads\/2018\/03\/agence-web-fpi.png\" alt=\"agence web f\u00e9d\u00e9ration promoteurs immobiliers\" \/><img decoding=\"async\" class=\"img-client\" src=\"https:\/\/www.alioze.com\/wp-content\/uploads\/2017\/07\/agence-web-cabinet-ravier.png\" alt=\"agence web cabinet ravier\" \/><img decoding=\"async\" class=\"img-client\" src=\"https:\/\/www.alioze.com\/wp-content\/uploads\/2020\/06\/agence-communication-se-loger.png\" alt=\"agence communication seloger\" \/><img decoding=\"async\" class=\"img-client\" src=\"https:\/\/www.alioze.com\/wp-content\/uploads\/2021\/01\/agence-communication-synapse-immobilier.png\" alt=\"agence communication synapse immobilier\" \/><img decoding=\"async\" class=\"img-client\" src=\"https:\/\/www.alioze.com\/wp-content\/uploads\/2020\/06\/agence-communication-leboncoin.png\" alt=\"agence communication leboncoin\" \/><img decoding=\"async\" class=\"img-client\" src=\"https:\/\/www.alioze.com\/wp-content\/uploads\/2020\/06\/agence-communication-meilleurs-agents.png\" alt=\"agence communication meilleurs agents\" \/><img decoding=\"async\" class=\"img-client\" src=\"https:\/\/www.alioze.com\/wp-content\/uploads\/2020\/06\/agence-communication-paru-vendu.png\" alt=\"agence communication paru vendu\" \/><img decoding=\"async\" class=\"img-client\" src=\"https:\/\/www.alioze.com\/wp-content\/uploads\/2020\/06\/agence-communication-rightmove.png\" alt=\"agence communication rightmove\" \/><img decoding=\"async\" class=\"img-client\" src=\"https:\/\/www.alioze.com\/wp-content\/uploads\/2021\/05\/agence-communication-eol-immobilier-entreprise.png\" alt=\"agence communication eol immobilier entreprise\" \/><img decoding=\"async\" class=\"img-client\" src=\"https:\/\/www.alioze.com\/wp-content\/uploads\/2022\/08\/agence-communication-korus.png\" alt=\"agence communication korus\" \/><img decoding=\"async\" class=\"img-client\" src=\"https:\/\/www.alioze.com\/wp-content\/uploads\/2022\/08\/agence-communication-exp-france.png\" alt=\"agence communication exp france\" \/><img decoding=\"async\" class=\"img-client\" src=\"https:\/\/www.alioze.com\/wp-content\/uploads\/2022\/08\/agence-communication-web-ayah-invest.png\" alt=\"agence communication ayah invest\" \/><\/div>\n<p>&nbsp;<\/p>\n<p>Seit 2008 hat Alioze Partnerschaften und vertrauensvolle Beziehungen zu Hunderten von Kunden auf der ganzen Welt aufgebaut. Unser Immobilienb\u00fcro hilft Ihnen, Ihr Ansehen und Ihre Entwicklung zu steigern, unabh\u00e4ngig von der Art Ihrer Immobilient\u00e4tigkeit:<\/p>\n<ul>\n<li><strong>Maklerb\u00fcro<\/strong>.<\/li>\n<li><strong>Bautr\u00e4ger<\/strong>.<\/li>\n<li><strong>Landentwickler<\/strong>.<\/li>\n<li><strong>Immobilienh\u00e4ndler<\/strong>.<\/li>\n<li><strong>Hausverwaltung<\/strong>.<\/li>\n<li><strong>Wohn-<\/strong>, <strong>Gewerbe-<\/strong>,<strong> Ferien-<\/strong> oder <strong>Saisonobjekt<\/strong>.<\/li>\n<li><strong>Verzeichnis von Wohnungen<\/strong>, <strong>B\u00fcros<\/strong> oder <strong>Industriegeb\u00e4uden<\/strong>.<\/li>\n<\/ul>\n<p>&nbsp;<\/p>\n<p>&nbsp;<\/p>\n<h2>Ben\u00f6tigen Sie Hilfe bei Ihrem Immobiliengesch\u00e4ft?<\/h2>\n<p style=\"text-align: center;\">Unsere Agentur ist von Montag bis Freitag von 9:30 Uhr bis 19:00 Uhr ge\u00f6ffnet.<\/p>\n<p style=\"text-align: center;\">Z\u00f6gern Sie nicht, uns telefonisch unter <a href=\"tel:+33183622184\"> +33 (0) 1 83 62 21 84<\/a> zu kontaktieren oder f\u00fcllen Sie dieses kurze Formular aus:<\/p>\n\n<div class=\"wpcf7 no-js\" id=\"wpcf7-f21287-o1\" lang=\"de-DE\" dir=\"ltr\" data-wpcf7-id=\"21287\">\n<div class=\"screen-reader-response\"><p role=\"status\" aria-live=\"polite\" aria-atomic=\"true\"><\/p> <ul><\/ul><\/div>\n<form action=\"\/de\/wp-json\/wp\/v2\/pages\/21143#wpcf7-f21287-o1\" method=\"post\" class=\"wpcf7-form init\" aria-label=\"Kontaktformular\" novalidate=\"novalidate\" data-status=\"init\">\n<fieldset class=\"hidden-fields-container\"><input type=\"hidden\" name=\"_wpcf7\" value=\"21287\" \/><input type=\"hidden\" name=\"_wpcf7_version\" value=\"6.1.5\" \/><input type=\"hidden\" name=\"_wpcf7_locale\" value=\"de_DE\" \/><input type=\"hidden\" name=\"_wpcf7_unit_tag\" value=\"wpcf7-f21287-o1\" \/><input type=\"hidden\" name=\"_wpcf7_container_post\" value=\"0\" \/><input type=\"hidden\" name=\"_wpcf7_posted_data_hash\" value=\"\" \/><input type=\"hidden\" name=\"_wpcf7_recaptcha_response\" value=\"\" \/>\n<\/fieldset>\n<div class=\"form-group\">\n\t<p><span class=\"wpcf7-form-control-wrap\" data-name=\"contact-name\"><input size=\"40\" maxlength=\"400\" class=\"wpcf7-form-control wpcf7-text wpcf7-validates-as-required form-control\" aria-required=\"true\" aria-invalid=\"false\" placeholder=\"Ihr Name *\" value=\"\" type=\"text\" name=\"contact-name\" \/><\/span>\n\t<\/p>\n<\/div>\n<div class=\"form-group\">\n\t<p><span class=\"wpcf7-form-control-wrap\" data-name=\"contact-telephone\"><input size=\"40\" maxlength=\"400\" class=\"wpcf7-form-control wpcf7-text wpcf7-validates-as-required form-control\" aria-required=\"true\" aria-invalid=\"false\" placeholder=\"Ihre Rufnummer *\" value=\"\" type=\"text\" name=\"contact-telephone\" \/><\/span>\n\t<\/p>\n<\/div>\n<div class=\"form-group\">\n\t<p><span class=\"wpcf7-form-control-wrap\" data-name=\"contact-email\"><input size=\"40\" maxlength=\"400\" class=\"wpcf7-form-control wpcf7-email wpcf7-validates-as-required wpcf7-text wpcf7-validates-as-email form-control\" aria-required=\"true\" aria-invalid=\"false\" placeholder=\"Ihre E-Mail Adresse *\" value=\"\" type=\"email\" name=\"contact-email\" \/><\/span>\n\t<\/p>\n<\/div>\n<div class=\"form-group\">\n\t<p><span class=\"wpcf7-form-control-wrap\" data-name=\"contact-message\"><textarea cols=\"40\" rows=\"10\" maxlength=\"2000\" class=\"wpcf7-form-control wpcf7-textarea wpcf7-validates-as-required form-control\" aria-required=\"true\" aria-invalid=\"false\" placeholder=\"Ihre Nachricht *\" name=\"contact-message\"><\/textarea><\/span>\n\t<\/p>\n<\/div>\n<p><span class=\"wpcf7-form-control-wrap\" data-name=\"checkbox-262\"><span class=\"wpcf7-form-control wpcf7-checkbox wpcf7-validates-as-required\"><span class=\"wpcf7-list-item first last\"><input type=\"checkbox\" name=\"checkbox-262[]\" value=\"Ich habe die Allgemeinen Gesch\u00e4ftsbedingungen gelesen und akzeptiere sie\" \/><span class=\"wpcf7-list-item-label\">Ich habe die Allgemeinen Gesch\u00e4ftsbedingungen gelesen und akzeptiere sie<\/span><\/span><\/span><\/span><br \/>\n<input class=\"wpcf7-form-control wpcf7-submit has-spinner btn btn-lg btn-default btn-dark center-block gtm-contact-form-submit\" type=\"submit\" value=\"Senden\" \/>\n<\/p><p style=\"display: none !important;\" class=\"akismet-fields-container\" data-prefix=\"_wpcf7_ak_\"><label>&#916;<textarea name=\"_wpcf7_ak_hp_textarea\" cols=\"45\" rows=\"8\" maxlength=\"100\"><\/textarea><\/label><input type=\"hidden\" id=\"ak_js_1\" name=\"_wpcf7_ak_js\" value=\"228\"\/><script type=\"text\/javascript\">\n\/* <![CDATA[ *\/\ndocument.getElementById( \"ak_js_1\" ).setAttribute( \"value\", ( new Date() ).getTime() );\n\/* ]]> *\/\n<\/script>\n<\/p><div class=\"wpcf7-response-output\" aria-hidden=\"true\"><\/div>\n<\/form>\n<\/div>\n\n<p>&nbsp;<\/p>\n<p>&nbsp;<\/p>\n<h2>Immobilien im Web : Fokus<\/h2>\n<p>In Frankreich sind Immobilien im Internet sehr beliebt! Um Sie zu finden, werden Kunden in den meisten F\u00e4llen das Web nutzen. In der Tat besuchen jeden Tag 1,6 Millionen Franzosen eine Immobilien-Website, was das Land zur Nummer 3 in Sachen Immobilien-Internet macht.<\/p>\n<p>Als Immobilienprofi bieten Sie eine sehr wettbewerbsintensive Dienstleistung an, bei der neue Kunden nicht immer die Wahl haben.<\/p>\n<p>Mit dem Aufkommen von Immobilien-Kleinanzeigen-Websites wie Leboncoin, Seloger oder Particulier \u00e0 Particulier besteht die Schwierigkeit darin, sich abzuheben, sich von der Masse abzuheben, damit Interessenten Sie unter anderen Unternehmen, die dem Ihren \u00e4hnlich sind, ausw\u00e4hlen.<\/p>\n<p>In Anbetracht der Tatsache, dass \u00fcber 92% der Immobilienkunden das Internet zum Kauf nutzen, ist eine gro\u00dfartige Gesch\u00e4ftswebsite f\u00fcr Ihr Immobiliengesch\u00e4ft f\u00fcr den Erfolg unerl\u00e4sslich.<\/p>\n<p>Dar\u00fcber hinaus ist das Immobilien-Internet zunehmend mobil: 2,4 Millionen Nutzer haben eine Immobilienseite von zwei verschiedenen Ger\u00e4ten aus besucht.<\/p>\n<p>Mit der stetigen Zunahme der mobilen Nutzer ist eine f\u00fcr alle Bildschirme (PC, Smartphone und Tablet) optimierte Seite daher unerl\u00e4sslich. Ist Ihre nicht, m\u00fcssen Sie schnell daran arbeiten, sie mobilfreundlich zu machen!<\/p>\n<p>Die Suche nach einem Immobilienmakler, einer Immobilie oder einem Unternehmen beginnt oft bei Google. Mit einer SEO-Strategie, einschlie\u00dflich der Verwendung der richtigen Schl\u00fcsselw\u00f6rter und Suchphrasen auf Ihrer Website, k\u00f6nnen Sie sicherstellen, dass Ihr Unternehmen leicht zu finden ist.<\/p>\n<p>Einmal auf Ihrer Website, entscheidet der erste Eindruck des Benutzers oft dar\u00fcber, ob er bleibt oder geht.<\/p>\n<p>Um diese Herausforderung zu meistern, ist es notwendig, die Kundenerwartungen zu definieren und qualitativ hochwertige Bilder auf Ihrer Website zu pr\u00e4sentieren. Denn bevor sie ihr Vertrauen aussprechen, wollen Kunden logischerweise eine Immobilie sehen.<\/p>\n<p>Daher m\u00fcssen Ihre textlichen und visuellen Inhalte Ihren Besuchern gen\u00fcgend Informationen bieten, um sie f\u00fcr eine Immobilie zu interessieren und ihre Neugierde zu wecken, damit sie Sie f\u00fcr weitere Informationen kontaktieren. Ihre CMS-L\u00f6sung muss daher die M\u00f6glichkeit bieten, die vorhandenen Eigenschaften und sonstigen Inhalte jederzeit zu aktualisieren.<\/p>\n<p>Indem Sie benutzerdefinierte Suchfunktionen in Ihre Immobilien-Website integrieren, erm\u00f6glichen Sie es Kunden, genau das zu finden, wonach sie suchen. Sie sollten in der Lage sein, die von Ihnen angebotenen Immobilienangebote leicht zu verfeinern und nach verschiedenen Kriterien zu sortieren:<\/p>\n<ul>\n<li>Budgets ;<\/li>\n<li>Annehmlichkeiten;<\/li>\n<li>Standort;<\/li>\n<li>Transportmittel, etc.<\/li>\n<\/ul>\n<p>Besuchern n\u00fctzliche Inhalte \u00fcber die Umgebung eines Immobilienangebots zur Verf\u00fcgung zu stellen, kann eine wichtige Rolle bei ihrer Entscheidung spielen. Indem Sie detaillierte Informationen \u00fcber die Gegend, Schulen, Gesch\u00e4fte oder Attraktionen in der N\u00e4he pr\u00e4sentieren, erm\u00f6glichen Sie den Nutzern, sich ein klares Bild von der Immobilie zu machen.<\/p>\n<p>Und mit der richtigen Entwicklung k\u00f6nnen Sie diese Inhalte so in die Navigation Ihrer Website integrieren, dass sie nicht von der allgemeinen Benutzererfahrung ablenken.<\/p>\n<p>Die Einbindung zus\u00e4tzlicher Funktionen, wie z. B. Kundenreferenzen, hilft den Leuten auch, sich ein besseres Bild von Ihrer Arbeit und Ihrem Einfluss in der Immobilienbranche zu machen.<\/p>\n<p>Auf der interaktiven Seite kann die Integration von Karten oder Lesezeichen den Besuchern helfen, ihre Interessen in einer personalisierten Liste zu organisieren, die einfach zu verstehen ist und ein optimales Online-Erlebnis bietet.<\/p>\n<p>Schlie\u00dflich sollte es f\u00fcr Besucher schnell und einfach sein, mit Ihrem Unternehmen in Kontakt zu treten, Ihren Standort zu finden und alle anderen n\u00fctzlichen Informationen zu erhalten. Wenn Sie diese Details richtig machen, verleiht das Ihrem Immobiliengesch\u00e4ft eine zus\u00e4tzliche Glaubw\u00fcrdigkeit, die bei Ihren potenziellen Kunden Anklang findet.<\/p>\n<p>&nbsp;<\/p>\n<p>&nbsp;<\/p>\n<h2><a style=\"color: #333333;\" href=\"https:\/\/www.alioze.com\/secteurs\" target=\"_blank\" rel=\"noopener\">Sektoren<\/a> auf die sich die Agentur Alioze spezialisiert hat<\/h2>\n<p style=\"text-align: center;\">Sind Sie in M\u00fcnchen, Berlin oder Hamburg ans\u00e4ssig?<br \/>\nUnsere Agentur k\u00fcmmert sich um Ihre Akte, wo immer Sie sind.<\/p>\n","protected":false},"excerpt":{"rendered":"<p>Sie suchen eine Kommunikationsagentur, die sich auf Immobilien spezialisiert hat? Willkommen bei Alioze. Brauchen Sie eine kreative und strategische Agentur, um wirkungsvolle Kommunikations-, Werbe- und\/oder Marketingkampagnen zu erstellen? Sie wollen Ihr Markenimage und Ihre Pr\u00e4senz in Suchmaschinen, in den Medien und\/oder in sozialen Netzwerken verbessern? Sie wollen die Website Ihres Immobilienunternehmens renovieren oder neu erstellen? [&hellip;]<\/p>\n","protected":false},"author":6,"featured_media":21168,"parent":0,"menu_order":0,"comment_status":"closed","ping_status":"closed","template":"page-no-title.php","meta":{"_acf_changed":false,"footnotes":""},"class_list":["post-21143","page","type-page","status-publish","has-post-thumbnail","hentry"],"acf":[],"aioseo_notices":[],"amp_enabled":false,"_links":{"self":[{"href":"https:\/\/www.alioze.com\/de\/wp-json\/wp\/v2\/pages\/21143","targetHints":{"allow":["GET"]}}],"collection":[{"href":"https:\/\/www.alioze.com\/de\/wp-json\/wp\/v2\/pages"}],"about":[{"href":"https:\/\/www.alioze.com\/de\/wp-json\/wp\/v2\/types\/page"}],"author":[{"embeddable":true,"href":"https:\/\/www.alioze.com\/de\/wp-json\/wp\/v2\/users\/6"}],"replies":[{"embeddable":true,"href":"https:\/\/www.alioze.com\/de\/wp-json\/wp\/v2\/comments?post=21143"}],"version-history":[{"count":8,"href":"https:\/\/www.alioze.com\/de\/wp-json\/wp\/v2\/pages\/21143\/revisions"}],"predecessor-version":[{"id":30073,"href":"https:\/\/www.alioze.com\/de\/wp-json\/wp\/v2\/pages\/21143\/revisions\/30073"}],"wp:featuredmedia":[{"embeddable":true,"href":"https:\/\/www.alioze.com\/de\/wp-json\/wp\/v2\/media\/21168"}],"wp:attachment":[{"href":"https:\/\/www.alioze.com\/de\/wp-json\/wp\/v2\/media?parent=21143"}],"curies":[{"name":"wp","href":"https:\/\/api.w.org\/{rel}","templated":true}]}}