{"id":21139,"date":"2021-07-01T16:26:09","date_gmt":"2021-07-01T15:26:09","guid":{"rendered":"https:\/\/www.alioze.com\/?page_id=21139"},"modified":"2021-08-04T11:54:11","modified_gmt":"2021-08-04T10:54:11","slug":"agentur-web-hotellerie","status":"publish","type":"page","link":"https:\/\/www.alioze.com\/de\/agentur-web-gastfreundschaft\/","title":{"rendered":"Auf die Hotelbranche spezialisierte Kommunikationsagentur"},"content":{"rendered":"<\/div><\/div>\n\t<section class=\"headertitle lazyload\" style=\"background-image:inherit;\" data-bg-image=\"url(https:\/\/www.alioze.com\/wp-content\/themes\/alioze2016\/img\/alioze-communication-branding-design.jpg)\">\n\t\t<div id=\"breadcrumbs\">\n\t\t\t\t\t\t<span>\t\t\t\t\t<a href=\"https:\/\/www.alioze.com\/de\/\">Home<\/a>\n\t\t\t\t\t > \t\t\t\t\t<a href=\"https:\/\/www.alioze.com\/de\/blog\/\">Blog<\/a>\n\t\t\t\t\t > <\/span>\n\t\t\t\t\t<\/div>\n\t\t\t\t<div class=\"content-a\">\n\t\t\t\t\t<div class=\"parralax-centertext text-center\">\n\n\t\t\t\t\t\t<h1>Auf die Hotelbranche spezialisierte Kommunikationsagentur<\/h1>\n\t\t\t\t\t\t<span class=\"baseline\">Deutschland &amp; International<\/span>\n\t\t\t\t\t<\/div>\n\t\t\t\t<\/div>\n\t\t\t<\/section>\n\t\t\t<div class=\"container\">\n\t\t\t<div class=\"col-xs-12\">\n<p style=\"text-align: center;\">Sie suchen eine <strong>Kommunikationsagentur, die sich auf die Hotelbranche spezialisiert<\/strong> hat? Willkommen bei Alioze.<\/p>\n<p style=\"text-align: center;\">Sie wollen mit einer ma\u00dfgeschneiderten Kommunikations- und\/oder Marketingstrategie neue Kunden gewinnen oder andere zum Wiederkommen bewegen?<br \/>\nSteigern Sie Ihre Zimmerbuchungen, Hochzeiten oder Meetings mit Werbung?<br \/>\nSie ben\u00f6tigen eine neue responsive, mehrsprachige und SEO-optimierte Website?<\/p>\n<p style=\"text-align: center;\">Alioze, eine 360\u00b0 Web- und Kommunikationsagentur, hilft Hoteliers dabei, nationale und internationale Kunden zu gewinnen und zu binden.<\/p>\n<p>&nbsp;<\/p>\n<\/div><\/div><div class=\"container-fluid\" style=\"padding:0\"><div id=\"598fd817\" class=\"imgFull lazyload\" style=\"height:350px;background-image:inherit;background-position:top;background-repeat:no-repeat;moz-background-size:cover;background-size: cover;\" data-bg-image=\"url(https:\/\/www.alioze.com\/wp-content\/uploads\/2020\/06\/agence-communication-hotel-2.jpg)\"><\/div><\/div><div class=\"container\"><div class=\"col-xs-12\">\n<p>&nbsp;<\/p>\n<h2>Unsere ma\u00dfgeschneiderten Dienstleistungen f\u00fcr Hotelprofis<\/h2>\n<ul>\n<li><a href=\"https:\/\/www.alioze.com\/de\/entwicklung\/\" target=\"_blank\" rel=\"noopener noreferrer\">Web-Entwicklung<\/a>:\n<ul>\n<li>Erstellung von responsiven und mehrsprachigen Websites.<\/li>\n<li>CRM- und E-Commerce-Schnittstellen.<\/li>\n<li>Chatbot-Erstellung.<\/li>\n<\/ul>\n<\/li>\n<li><a href=\"https:\/\/www.alioze.com\/de\/kommunikation\/\" target=\"_blank\" rel=\"noopener noreferrer\">Kommunikation<\/a>:\n<ul>\n<li>Newsletter &amp; E-Mailing-Kampagnen.<\/li>\n<li>Schreiben und \u00dcbersetzen von Inhalten.<\/li>\n<li>Design und Grafikdesign.<\/li>\n<li>Fotos und Videos von Ihren Einrichtungen, Mitarbeitern, R\u00e4umen, Veranstaltungen usw.<\/li>\n<li>Verwaltung, \u00dcberwachung und Optimierung der E-Reputation.<\/li>\n<\/ul>\n<\/li>\n<li><a href=\"https:\/\/www.alioze.com\/de\/erwerb\/\" target=\"_blank\" rel=\"noopener noreferrer\">Verkehrserfassung<\/a>:\n<ul>\n<li>Nat\u00fcrliche Referenzierung (SEO) und bezahlte Referenzierung (Ads).<\/li>\n<li>Umfangreiche semantische Studie.<\/li>\n<li>Google Rich Cards, Google Hotel Ads &amp; Google My Business.<\/li>\n<li>Werbung und Kommunikation in sozialen Netzwerken.<\/li>\n<\/ul>\n<\/li>\n<\/ul>\n<p>Alioze bietet seinen Kunden alle Vorteile und die Erfahrung einer auf die Hotelbranche spezialisierten Kommunikationsagentur, um sie dank eines optimierten Webauftritts und der Umsetzung einer angepassten Strategie zu mehr Wachstum zu f\u00fchren.<\/p>\n<p>Keyword-Recherche, Re-Branding, Werbedesign, Webseitenoptimierung: Ihnen zu helfen, Ihre Sichtbarkeit zu maximieren, ist das Herzst\u00fcck unserer Mission.<\/p>\n<p>Mit Alioze erf\u00fcllen Sie die Bed\u00fcrfnisse der Reisenden mit einer hochwertigen Kommunikationsstrategie und einer Website, die f\u00fcr die Suche, das Engagement und die Konversionen konzipiert und optimiert ist.<\/p>\n<\/div><\/div>\n\t<section class=\"quickcontact lazyload\" style=\"background-image:inherit;\" data-bg-image=\"url(https:\/\/www.alioze.com\/wp-content\/themes\/alioze2016\/img\/alioze-communication-branding-design.jpg)\">\n\t\t\t\t<div class=\"content-a\">\n\t\t\t\t\t<div class=\"parralax-centertext\">\n\t\t\t\t\t\t<div class=\"container\">\n\t\t\t\t\t\t\t\t<div class=\"col-xs-12 col-sm-6 col-sm-offset-1 col-md-7 col-md-offset-1 quickcontact-text\">\n\t\t\t\t\t\t\t\tAlioze, die auf die Hotellerie spezialisierte Agentur, die Ihre Bed\u00fcrfnisse erf\u00fcllt\n\t\t\t\t\t\t\t\t<\/div>\n\t\t\t\t\t\t\t\t<div class=\"col-xs-12 col-sm-4 col-md-3\">\n\t\t\t\t\t\t\t\t<a href=\"https:\/\/www.alioze.com\/de\/kontakt\/\" class=\"btn btn-lg btn-default  center-block\">Kontakt aufnehmen<\/a>\n\t\t\t\t\t\t\t\t<\/div>\n\t\t\t\t\t\t<\/div>\n\t\t\t\t\t<\/div>\n\t\t\t\t<\/div>\n\t\t\t<\/section>\n\t\t\t<div class=\"container\">\n\t\t\t<div class=\"col-xs-12\">\n<p>&nbsp;<\/p>\n<p>&nbsp;<\/p>\n<h2>Einige unserer Kundenreferenzen aus dem Hotelbereich<\/h2>\n<div class=\"text-center\"><img decoding=\"async\" class=\"img-client\" src=\"https:\/\/www.alioze.com\/wp-content\/uploads\/2017\/07\/agence-web-club-faune.png\" alt=\"agence web club faune\" \/><img decoding=\"async\" class=\"img-client\" src=\"https:\/\/www.alioze.com\/wp-content\/uploads\/2017\/07\/agence-web-images-du-monde.png\" alt=\"agence web images du monde\" \/><img decoding=\"async\" class=\"img-client\" src=\"https:\/\/www.alioze.com\/wp-content\/uploads\/2017\/05\/agence-web-de-ecole-ferrieres.png\" alt=\"agence web \u00e9cole ferri\u00e8res\" \/><img decoding=\"async\" class=\"img-client\" src=\"https:\/\/www.alioze.com\/wp-content\/uploads\/2018\/06\/luxury-lodges-glencoe.png\" alt=\"lodges glencoe\" \/><\/div>\n<p>&nbsp;<\/p>\n<p>Seit 2008 widmet Alioze seine kreative und strategische Kraft der Entwicklung der Reputation, der Sichtbarkeit und des Gesch\u00e4fts seiner Kunden. In hunderten von Kooperationen mit kleinen, mittleren und gro\u00dfen Unternehmen entwickeln wir ma\u00dfgeschneiderte Web-, Kommunikations- und Marketingstrategien, um Reisende mit Ihrem Hotel zu verbinden.<\/p>\n<p>Unser Fachwissen ist auf verschiedene Arten von Aktivit\u00e4ten ausgerichtet:<\/p>\n<ul>\n<li><strong>Luxushotel<\/strong>;<\/li>\n<li><strong>Hotelkette<\/strong>;<\/li>\n<li><strong>Kleines charmantes Hotel<\/strong>;<\/li>\n<li><strong>Hotel Einrichtung<\/strong>;<\/li>\n<li><strong>\u00dcbernachtung und Fr\u00fchst\u00fcck<\/strong>;<\/li>\n<li><strong>Ferienpark<\/strong>;<\/li>\n<li><strong>Unterkunftsservice<\/strong>.<\/li>\n<\/ul>\n<p>&nbsp;<\/p>\n<p>&nbsp;<\/p>\n<h2>Brauchen Sie Hilfe mit Ihrem Hotel?<\/h2>\n<p style=\"text-align: center;\">Unsere Agentur ist von Montag bis Freitag von 9:30 Uhr bis 19:00 Uhr ge\u00f6ffnet.<\/p>\n<p style=\"text-align: center;\">Z\u00f6gern Sie nicht, uns telefonisch unter <a href=\"tel:+33183622184\"> +33 (0) 1 83 62 21 84<\/a> zu kontaktieren oder f\u00fcllen Sie dieses kurze Formular aus:<\/p>\n\n<div class=\"wpcf7 no-js\" id=\"wpcf7-f21287-o1\" lang=\"de-DE\" dir=\"ltr\" data-wpcf7-id=\"21287\">\n<div class=\"screen-reader-response\"><p role=\"status\" aria-live=\"polite\" aria-atomic=\"true\"><\/p> <ul><\/ul><\/div>\n<form action=\"\/de\/wp-json\/wp\/v2\/pages\/21139#wpcf7-f21287-o1\" method=\"post\" class=\"wpcf7-form init\" aria-label=\"Kontaktformular\" novalidate=\"novalidate\" data-status=\"init\">\n<fieldset class=\"hidden-fields-container\"><input type=\"hidden\" name=\"_wpcf7\" value=\"21287\" \/><input type=\"hidden\" name=\"_wpcf7_version\" value=\"6.1.5\" \/><input type=\"hidden\" name=\"_wpcf7_locale\" value=\"de_DE\" \/><input type=\"hidden\" name=\"_wpcf7_unit_tag\" value=\"wpcf7-f21287-o1\" \/><input type=\"hidden\" name=\"_wpcf7_container_post\" value=\"0\" \/><input type=\"hidden\" name=\"_wpcf7_posted_data_hash\" value=\"\" \/><input type=\"hidden\" name=\"_wpcf7_recaptcha_response\" value=\"\" \/>\n<\/fieldset>\n<div class=\"form-group\">\n\t<p><span class=\"wpcf7-form-control-wrap\" data-name=\"contact-name\"><input size=\"40\" maxlength=\"400\" class=\"wpcf7-form-control wpcf7-text wpcf7-validates-as-required form-control\" aria-required=\"true\" aria-invalid=\"false\" placeholder=\"Ihr Name *\" value=\"\" type=\"text\" name=\"contact-name\" \/><\/span>\n\t<\/p>\n<\/div>\n<div class=\"form-group\">\n\t<p><span class=\"wpcf7-form-control-wrap\" data-name=\"contact-telephone\"><input size=\"40\" maxlength=\"400\" class=\"wpcf7-form-control wpcf7-text wpcf7-validates-as-required form-control\" aria-required=\"true\" aria-invalid=\"false\" placeholder=\"Ihre Rufnummer *\" value=\"\" type=\"text\" name=\"contact-telephone\" \/><\/span>\n\t<\/p>\n<\/div>\n<div class=\"form-group\">\n\t<p><span class=\"wpcf7-form-control-wrap\" data-name=\"contact-email\"><input size=\"40\" maxlength=\"400\" class=\"wpcf7-form-control wpcf7-email wpcf7-validates-as-required wpcf7-text wpcf7-validates-as-email form-control\" aria-required=\"true\" aria-invalid=\"false\" placeholder=\"Ihre E-Mail Adresse *\" value=\"\" type=\"email\" name=\"contact-email\" \/><\/span>\n\t<\/p>\n<\/div>\n<div class=\"form-group\">\n\t<p><span class=\"wpcf7-form-control-wrap\" data-name=\"contact-message\"><textarea cols=\"40\" rows=\"10\" maxlength=\"2000\" class=\"wpcf7-form-control wpcf7-textarea wpcf7-validates-as-required form-control\" aria-required=\"true\" aria-invalid=\"false\" placeholder=\"Ihre Nachricht *\" name=\"contact-message\"><\/textarea><\/span>\n\t<\/p>\n<\/div>\n<p><span class=\"wpcf7-form-control-wrap\" data-name=\"checkbox-262\"><span class=\"wpcf7-form-control wpcf7-checkbox wpcf7-validates-as-required\"><span class=\"wpcf7-list-item first last\"><input type=\"checkbox\" name=\"checkbox-262[]\" value=\"Ich habe die Allgemeinen Gesch\u00e4ftsbedingungen gelesen und akzeptiere sie\" \/><span class=\"wpcf7-list-item-label\">Ich habe die Allgemeinen Gesch\u00e4ftsbedingungen gelesen und akzeptiere sie<\/span><\/span><\/span><\/span><br \/>\n<input class=\"wpcf7-form-control wpcf7-submit has-spinner btn btn-lg btn-default btn-dark center-block gtm-contact-form-submit\" type=\"submit\" value=\"Senden\" \/>\n<\/p><p style=\"display: none !important;\" class=\"akismet-fields-container\" data-prefix=\"_wpcf7_ak_\"><label>&#916;<textarea name=\"_wpcf7_ak_hp_textarea\" cols=\"45\" rows=\"8\" maxlength=\"100\"><\/textarea><\/label><input type=\"hidden\" id=\"ak_js_1\" name=\"_wpcf7_ak_js\" value=\"64\"\/><script type=\"text\/javascript\">\n\/* <![CDATA[ *\/\ndocument.getElementById( \"ak_js_1\" ).setAttribute( \"value\", ( new Date() ).getTime() );\n\/* ]]> *\/\n<\/script>\n<\/p><div class=\"wpcf7-response-output\" aria-hidden=\"true\"><\/div>\n<\/form>\n<\/div>\n\n<p>&nbsp;<\/p>\n<p>&nbsp;<\/p>\n<h2>Hotellerie im Web: Fokus<\/h2>\n<p>Die Verbrauchertrends in der <strong>Hotellerie<\/strong> sind vielf\u00e4ltig und entwickeln sich st\u00e4ndig weiter. In der Hotellerie sind die physische Beziehung und die Qualit\u00e4t des Services offensichtlich wesentlich. Doch ab jetzt reichen sie nicht mehr aus und m\u00fcssen mit einem optimierten Webauftritt gekoppelt werden.<\/p>\n<p>Im Jahr 2020 werden Millionen von Verbrauchern t\u00e4glich das Internet nutzen, um nach Hotels zu suchen. So viele M\u00f6glichkeiten, neue Kunden zu gewinnen.<\/p>\n<p>Die Digitalisierung der Tourismusbranche hat die Hotellerie aufger\u00fcttelt, die mit der Ankunft von :<\/p>\n<ul>\n<li>Online-Buchungsagenturen (Booking, Trivago, etc.);<\/li>\n<li>Preisvergleichsseiten (Kayak);<\/li>\n<li>Bewertungs- und Ratgeberseiten (TripAdvisor, etc.);<\/li>\n<li>Vermietungs- und Buchungsseiten f\u00fcr Unterk\u00fcnfte zwischen Privatpersonen (Airbnb, Wimdu, etc.).<\/li>\n<\/ul>\n<p>Um Reisende zu erreichen und ihr Interesse zu wecken, muss sich Ihre Kommunikation von der Konkurrenz abheben.<\/p>\n<p>Von einem Online-Buchungssystem bis hin zu einer innovativen Website &#8211; Sie m\u00fcssen eine digitale Strategie entwickeln, die zu Ihren allgemeinen Gesch\u00e4ftszielen passt.<\/p>\n<p>Die Web Journey Ihres Kunden sollte so einfach und intuitiv wie m\u00f6glich sein. In der Tat entscheiden die meisten Internetnutzer innerhalb der ersten drei Sekunden nach dem Betrachten einer Website, ob sie dort bleiben oder zu einer anderen weitergehen. Die Website Ihres Hotels sollte sofort Begehrlichkeiten wecken. Mehr als nur ein Bett f\u00fcr die Nacht oder einen Tisch zum Mittagessen anzubieten, m\u00fcssen Sie hervorheben, was Sie besonders macht.<\/p>\n<p>Um mehr Besucher in Kunden zu konvertieren, ist daher eine nahtlose Benutzererfahrung f\u00fcr eine Hospitality-Website unerl\u00e4sslich. Design, Navigation und eine klare und hierarchische Baumstruktur sind entscheidend. Es sollte auch Ausl\u00f6ser f\u00fcr Aktionen geben, wie z. B. eine Hotelbrosch\u00fcre oder die M\u00f6glichkeit, ein Zimmer zu buchen.<\/p>\n<p>Ihre G\u00e4ste w\u00fcnschen sich zunehmend Flexibilit\u00e4t und einfachen Zugang zu Informationen auf mehreren Plattformen. Egal, ob sie Ihre Einrichtungen auf ihrem Smartphone \u00fcberpr\u00fcfen, Ihre Men\u00fcs auf ihrem Tablet lesen oder die Preise auf ihrem Laptop \u00fcberpr\u00fcfen, ihre Benutzererfahrung sollte nahtlos sein.<\/p>\n<p>Um Traffic auf Ihrer Website zu generieren, muss sie schlie\u00dflich sichtbar sein. Der Schl\u00fcssel zur Sichtbarkeit ist es, dort pr\u00e4sent zu sein, wo potenzielle Kunden sind: in sozialen Netzwerken, bei Google und anderen Suchmaschinen.<\/p>\n<p>&nbsp;<\/p>\n<p>&nbsp;<\/p>\n<h2><a style=\"color: #333333;\" href=\"https:\/\/www.alioze.com\/secteurs\" target=\"_blank\" rel=\"noopener\">Sektoren<\/a> auf die sich die Agentur Alioze spezialisiert hat<\/h2>\n<p style=\"text-align: center;\">Sind Sie in M\u00fcnchen, Berlin oder Hamburg ans\u00e4ssig?<br \/>\nUnsere Agentur k\u00fcmmert sich um Ihre Akte, wo immer Sie sind.<\/p>\n","protected":false},"excerpt":{"rendered":"<p>Sie suchen eine Kommunikationsagentur, die sich auf die Hotelbranche spezialisiert hat? Willkommen bei Alioze. Sie wollen mit einer ma\u00dfgeschneiderten Kommunikations- und\/oder Marketingstrategie neue Kunden gewinnen oder andere zum Wiederkommen bewegen? Steigern Sie Ihre Zimmerbuchungen, Hochzeiten oder Meetings mit Werbung? Sie ben\u00f6tigen eine neue responsive, mehrsprachige und SEO-optimierte Website? Alioze, eine 360\u00b0 Web- und Kommunikationsagentur, hilft [&hellip;]<\/p>\n","protected":false},"author":6,"featured_media":21152,"parent":0,"menu_order":0,"comment_status":"closed","ping_status":"closed","template":"page-no-title.php","meta":{"_acf_changed":false,"footnotes":""},"class_list":["post-21139","page","type-page","status-publish","has-post-thumbnail","hentry"],"acf":[],"aioseo_notices":[],"amp_enabled":false,"_links":{"self":[{"href":"https:\/\/www.alioze.com\/de\/wp-json\/wp\/v2\/pages\/21139","targetHints":{"allow":["GET"]}}],"collection":[{"href":"https:\/\/www.alioze.com\/de\/wp-json\/wp\/v2\/pages"}],"about":[{"href":"https:\/\/www.alioze.com\/de\/wp-json\/wp\/v2\/types\/page"}],"author":[{"embeddable":true,"href":"https:\/\/www.alioze.com\/de\/wp-json\/wp\/v2\/users\/6"}],"replies":[{"embeddable":true,"href":"https:\/\/www.alioze.com\/de\/wp-json\/wp\/v2\/comments?post=21139"}],"version-history":[{"count":4,"href":"https:\/\/www.alioze.com\/de\/wp-json\/wp\/v2\/pages\/21139\/revisions"}],"predecessor-version":[{"id":22659,"href":"https:\/\/www.alioze.com\/de\/wp-json\/wp\/v2\/pages\/21139\/revisions\/22659"}],"wp:featuredmedia":[{"embeddable":true,"href":"https:\/\/www.alioze.com\/de\/wp-json\/wp\/v2\/media\/21152"}],"wp:attachment":[{"href":"https:\/\/www.alioze.com\/de\/wp-json\/wp\/v2\/media?parent=21139"}],"curies":[{"name":"wp","href":"https:\/\/api.w.org\/{rel}","templated":true}]}}