{"id":21138,"date":"2021-07-01T16:28:28","date_gmt":"2021-07-01T15:28:28","guid":{"rendered":"https:\/\/www.alioze.com\/?page_id=21138"},"modified":"2021-10-06T15:31:13","modified_gmt":"2021-10-06T14:31:13","slug":"agentur-kommunikations-luxus","status":"publish","type":"page","link":"https:\/\/www.alioze.com\/de\/agentur-kommunikations-luxus\/","title":{"rendered":"Auf Luxus spezialisierte Kommunikationsagentur"},"content":{"rendered":"<\/div><\/div>\n\t<section class=\"headertitle lazyload\" style=\"background-image:inherit;\" data-bg-image=\"url(https:\/\/www.alioze.com\/wp-content\/themes\/alioze2016\/img\/alioze-communication-branding-design.jpg)\">\n\t\t<div id=\"breadcrumbs\">\n\t\t\t\t\t\t<span>\t\t\t\t\t<a href=\"https:\/\/www.alioze.com\/de\/\">Home<\/a>\n\t\t\t\t\t > \t\t\t\t\t<a href=\"https:\/\/www.alioze.com\/de\/blog\/\">Blog<\/a>\n\t\t\t\t\t > <\/span>\n\t\t\t\t\t<\/div>\n\t\t\t\t<div class=\"content-a\">\n\t\t\t\t\t<div class=\"parralax-centertext text-center\">\n\n\t\t\t\t\t\t<h1>Auf Luxus spezialisierte Kommunikationsagentur<\/h1>\n\t\t\t\t\t\t<span class=\"baseline\">Deutschland &amp; International<\/span>\n\t\t\t\t\t<\/div>\n\t\t\t\t<\/div>\n\t\t\t<\/section>\n\t\t\t<div class=\"container\">\n\t\t\t<div class=\"col-xs-12\">\n<p style=\"text-align: center;\">Sie sind auf der Suche nach einer <strong>Kommunikationsagentur, die sich auf Luxus spezialisiert hat?<\/strong> Willkommen bei Alioze.<\/p>\n<p style=\"text-align: center;\">Sie wollen Ihre digitale Transformation einleiten oder ausbauen?<br \/>\nEin Event rund um die Markteinf\u00fchrung neuer Produkte zu gestalten?<br \/>\nBen\u00f6tigen Sie ein personalisiertes Benutzererlebnis, eine wirkungsvolle Kommunikationskampagne, ein luxuri\u00f6ses Webdesign oder elegante Social Media Accounts?<\/p>\n<p style=\"text-align: center;\">Alioze ist eine auf den Luxussektor spezialisierte 360\u00b0-Luxus-Kommunikationsagentur mit Schwerpunkt Digital. Unser Team kristallisiert Ihre Ideen heraus, um ein einzigartiges emotionales Markenerlebnis zu schaffen, das auf Ihren Zielmarkt zugeschnitten ist.<\/p>\n<p style=\"text-align: center;\"><iframe title=\"YouTube video player\" src=\"https:\/\/www.youtube.com\/embed\/gU8i-mSgam8\" width=\"560\" height=\"315\" frameborder=\"0\" allowfullscreen=\"allowfullscreen\"><\/iframe><\/p>\n<\/div><\/div><div class=\"container-fluid\" style=\"padding:0\"><div id=\"37c5c801\" class=\"imgFull lazyload\" style=\"height:350px;background-image:inherit;background-position:center;background-repeat:no-repeat;moz-background-size:cover;background-size: cover;\" data-bg-image=\"url(https:\/\/www.alioze.com\/wp-content\/uploads\/2020\/04\/agence-communication-luxe.jpg)\"><\/div><\/div><div class=\"container\"><div class=\"col-xs-12\">\n<h2>Unsere ma\u00dfgeschneiderten Dienstleistungen f\u00fcr Luxusprofis<\/h2>\n<ul>\n<li><a href=\"https:\/\/www.alioze.com\/de\/kommunikation\/\" target=\"_blank\" rel=\"noopener noreferrer\">Kommunikation<\/a>:\n<ul>\n<li>Erstellung von textlichen und visuellen Inhalten.<\/li>\n<li>K\u00fcnstlerische Leitung.<\/li>\n<li>Branding, Storytelling und semantische Positionierung.<\/li>\n<li>\u00d6ffentlichkeitsarbeit.<\/li>\n<li>Verwaltung und Verbesserung der E-Reputation.<\/li>\n<\/ul>\n<\/li>\n<li><a href=\"https:\/\/www.alioze.com\/de\/entwicklung\/\" target=\"_blank\" rel=\"noopener noreferrer\">Web-Entwicklung<\/a>:\n<ul>\n<li>Erstellung oder Redesign einer Showcase-Site mit WordPress oder einer E-Commerce-Site mit Magento.<\/li>\n<\/ul>\n<\/li>\n<li><a href=\"https:\/\/www.alioze.com\/de\/erwerb\/\" target=\"_blank\" rel=\"noopener noreferrer\">Gezielte Traffic-Akquisition<\/a>:\n<ul>\n<li>Social Ads und Social Media Support.<\/li>\n<li>SEO- und SEA-Aktionen.<\/li>\n<\/ul>\n<\/li>\n<\/ul>\n<p>Von der Planung \u00fcber Content Marketing bis hin zur innovativen Website-Entwicklung: Alioze ist darauf spezialisiert, Kommunikations- und Marketingstrategien zu etablieren, die Ihr Markenimage verbessern, Traffic und Umsatz generieren.<\/p>\n<p>Unser Team ist stolz darauf, au\u00dfergew\u00f6hnliche Erlebnisse f\u00fcr seine Luxuskunden zu entwerfen, Erlebnisse, die emotional getrieben und nutzerzentriert sind, um das hervorzuheben, was sie bemerkenswert macht.<\/p>\n<p>Wir kombinieren k\u00fcnstlerische Visionen und technische Expertise, um innovative Kampagnen zu erstellen und Ihre digitale Pr\u00e4senz zu verbessern.<\/p>\n<\/div><\/div>\n\t<section class=\"quickcontact lazyload\" style=\"background-image:inherit;\" data-bg-image=\"url(https:\/\/www.alioze.com\/wp-content\/themes\/alioze2016\/img\/alioze-communication-branding-design.jpg)\">\n\t\t\t\t<div class=\"content-a\">\n\t\t\t\t\t<div class=\"parralax-centertext\">\n\t\t\t\t\t\t<div class=\"container\">\n\t\t\t\t\t\t\t\t<div class=\"col-xs-12 col-sm-6 col-sm-offset-1 col-md-7 col-md-offset-1 quickcontact-text\">\n\t\t\t\t\t\t\t\tAlioze, die spezialisierte Luxusagentur, die Ihre Bed\u00fcrfnisse erf\u00fcllt\n\t\t\t\t\t\t\t\t<\/div>\n\t\t\t\t\t\t\t\t<div class=\"col-xs-12 col-sm-4 col-md-3\">\n\t\t\t\t\t\t\t\t<a href=\"https:\/\/www.alioze.com\/de\/kontakt\/\" class=\"btn btn-lg btn-default  center-block\">Kontakt aufnehmen<\/a>\n\t\t\t\t\t\t\t\t<\/div>\n\t\t\t\t\t\t<\/div>\n\t\t\t\t\t<\/div>\n\t\t\t\t<\/div>\n\t\t\t<\/section>\n\t\t\t<div class=\"container\">\n\t\t\t<div class=\"col-xs-12\">\n<p>&nbsp;<\/p>\n<h2>Einige unserer Kundenreferenzen aus dem Luxusbereich<\/h2>\n<div class=\"text-center\"><img decoding=\"async\" class=\"img-client\" src=\"https:\/\/www.alioze.com\/wp-content\/uploads\/2016\/02\/agence-web-de-guerling-paris.png\" alt=\"agence-web-de-guerling-paris\" \/><img decoding=\"async\" class=\"img-client\" src=\"https:\/\/www.alioze.com\/wp-content\/uploads\/2019\/07\/agence-web-de-dior-2.png\" alt=\"agence web dior\" \/><img decoding=\"async\" class=\"img-client\" src=\"https:\/\/www.alioze.com\/wp-content\/uploads\/2016\/02\/agence-web-de-nobilis.png\" alt=\"agence-web-de-nobilis\" \/><img decoding=\"async\" class=\"img-client\" src=\"https:\/\/www.alioze.com\/wp-content\/uploads\/2016\/02\/agence-web-de-kenzo-kids.png\" alt=\"agence-web-de-kenzo-kids\" \/><img decoding=\"async\" class=\"img-client\" src=\"https:\/\/www.alioze.com\/wp-content\/uploads\/2016\/02\/agence-web-de-naco-paris.png\" alt=\"agence-web-de-naco-paris\" \/><img decoding=\"async\" class=\"img-client\" src=\"https:\/\/www.alioze.com\/wp-content\/uploads\/2016\/02\/agence-web-de-camille-fournet.png\" alt=\"agence-web-de-camille fournet\" \/><img decoding=\"async\" class=\"img-client\" src=\"https:\/\/www.alioze.com\/wp-content\/uploads\/2016\/02\/agence-web-de-paul-smith-junior.png\" alt=\"agence-web-de-paul-smith-junior\" \/><img decoding=\"async\" class=\"img-client\" src=\"https:\/\/www.alioze.com\/wp-content\/uploads\/2016\/02\/agence-web-de-richardson-filles.png\" alt=\"agence-web-de-richardson filles\" \/><img decoding=\"async\" class=\"img-client\" src=\"https:\/\/www.alioze.com\/wp-content\/uploads\/2016\/02\/agence-web-de-redluxury.png\" alt=\"agence-web-de-redluxury\" \/><img decoding=\"async\" class=\"img-client\" src=\"https:\/\/www.alioze.com\/wp-content\/uploads\/2018\/05\/agence-web-petrossian.jpg\" alt=\"agence web de petrossian\" \/><\/div>\n<p>&nbsp;<\/p>\n<p>Seit 2008 unterst\u00fctzt Alioze eine breite Palette von national und global anerkannten Luxusmarken:<\/p>\n<ul>\n<li>Modedesigner, Juwelier, Lederwarenhersteller und Uhrmacher;<\/li>\n<li>Parf\u00fcmeur ;<\/li>\n<li>Hersteller und Einzelh\u00e4ndler von M\u00f6beln oder Design- und High-End-Objekten;<\/li>\n<li>Gourmet-Kulinarik oder Luxus-Service-Unternehmen.<\/li>\n<\/ul>\n<p>Jede Luxusmarke, mit der Alioze zusammenarbeitet, hat eine andere Geschichte zu erz\u00e4hlen, was einen individuellen Ansatz erfordert.<\/p>\n<p>Raffinesse, Eleganz und Raffinesse sind die drei Schl\u00fcsselw\u00f6rter des Luxus. Unser Ziel ist es, eine globale, digital ausgerichtete Kommunikationsstrategie zu entwickeln, die eine emotionale Verbindung zu den Verbrauchern herstellt, sie inspiriert und zum Mitmachen anregt.<\/p>\n<p>&nbsp;<\/p>\n<p>&nbsp;<\/p>\n<h2>Brauchen Sie Hilfe mit Ihrer Luxusmarke?<\/h2>\n<p style=\"text-align: center;\">Unsere Agentur ist von Montag bis Freitag von 9:30 Uhr bis 19:00 Uhr ge\u00f6ffnet.<\/p>\n<p style=\"text-align: center;\">Z\u00f6gern Sie nicht, uns telefonisch unter <a href=\"tel:+33183622184\"> +33 (0) 1 83 62 21 84<\/a> zu kontaktieren oder f\u00fcllen Sie dieses kurze Formular aus:<\/p>\n\n<div class=\"wpcf7 no-js\" id=\"wpcf7-f21287-o1\" lang=\"de-DE\" dir=\"ltr\" data-wpcf7-id=\"21287\">\n<div class=\"screen-reader-response\"><p role=\"status\" aria-live=\"polite\" aria-atomic=\"true\"><\/p> <ul><\/ul><\/div>\n<form action=\"\/de\/wp-json\/wp\/v2\/pages\/21138#wpcf7-f21287-o1\" method=\"post\" class=\"wpcf7-form init\" aria-label=\"Kontaktformular\" novalidate=\"novalidate\" data-status=\"init\">\n<fieldset class=\"hidden-fields-container\"><input type=\"hidden\" name=\"_wpcf7\" value=\"21287\" \/><input type=\"hidden\" name=\"_wpcf7_version\" value=\"6.1.5\" \/><input type=\"hidden\" name=\"_wpcf7_locale\" value=\"de_DE\" \/><input type=\"hidden\" name=\"_wpcf7_unit_tag\" value=\"wpcf7-f21287-o1\" \/><input type=\"hidden\" name=\"_wpcf7_container_post\" value=\"0\" \/><input type=\"hidden\" name=\"_wpcf7_posted_data_hash\" value=\"\" \/><input type=\"hidden\" name=\"_wpcf7_recaptcha_response\" value=\"\" \/>\n<\/fieldset>\n<div class=\"form-group\">\n\t<p><span class=\"wpcf7-form-control-wrap\" data-name=\"contact-name\"><input size=\"40\" maxlength=\"400\" class=\"wpcf7-form-control wpcf7-text wpcf7-validates-as-required form-control\" aria-required=\"true\" aria-invalid=\"false\" placeholder=\"Ihr Name *\" value=\"\" type=\"text\" name=\"contact-name\" \/><\/span>\n\t<\/p>\n<\/div>\n<div class=\"form-group\">\n\t<p><span class=\"wpcf7-form-control-wrap\" data-name=\"contact-telephone\"><input size=\"40\" maxlength=\"400\" class=\"wpcf7-form-control wpcf7-text wpcf7-validates-as-required form-control\" aria-required=\"true\" aria-invalid=\"false\" placeholder=\"Ihre Rufnummer *\" value=\"\" type=\"text\" name=\"contact-telephone\" \/><\/span>\n\t<\/p>\n<\/div>\n<div class=\"form-group\">\n\t<p><span class=\"wpcf7-form-control-wrap\" data-name=\"contact-email\"><input size=\"40\" maxlength=\"400\" class=\"wpcf7-form-control wpcf7-email wpcf7-validates-as-required wpcf7-text wpcf7-validates-as-email form-control\" aria-required=\"true\" aria-invalid=\"false\" placeholder=\"Ihre E-Mail Adresse *\" value=\"\" type=\"email\" name=\"contact-email\" \/><\/span>\n\t<\/p>\n<\/div>\n<div class=\"form-group\">\n\t<p><span class=\"wpcf7-form-control-wrap\" data-name=\"contact-message\"><textarea cols=\"40\" rows=\"10\" maxlength=\"2000\" class=\"wpcf7-form-control wpcf7-textarea wpcf7-validates-as-required form-control\" aria-required=\"true\" aria-invalid=\"false\" placeholder=\"Ihre Nachricht *\" name=\"contact-message\"><\/textarea><\/span>\n\t<\/p>\n<\/div>\n<p><span class=\"wpcf7-form-control-wrap\" data-name=\"checkbox-262\"><span class=\"wpcf7-form-control wpcf7-checkbox wpcf7-validates-as-required\"><span class=\"wpcf7-list-item first last\"><input type=\"checkbox\" name=\"checkbox-262[]\" value=\"Ich habe die Allgemeinen Gesch\u00e4ftsbedingungen gelesen und akzeptiere sie\" \/><span class=\"wpcf7-list-item-label\">Ich habe die Allgemeinen Gesch\u00e4ftsbedingungen gelesen und akzeptiere sie<\/span><\/span><\/span><\/span><br \/>\n<input class=\"wpcf7-form-control wpcf7-submit has-spinner btn btn-lg btn-default btn-dark center-block gtm-contact-form-submit\" type=\"submit\" value=\"Senden\" \/>\n<\/p><p style=\"display: none !important;\" class=\"akismet-fields-container\" data-prefix=\"_wpcf7_ak_\"><label>&#916;<textarea name=\"_wpcf7_ak_hp_textarea\" cols=\"45\" rows=\"8\" maxlength=\"100\"><\/textarea><\/label><input type=\"hidden\" id=\"ak_js_1\" name=\"_wpcf7_ak_js\" value=\"177\"\/><script type=\"text\/javascript\">\n\/* <![CDATA[ *\/\ndocument.getElementById( \"ak_js_1\" ).setAttribute( \"value\", ( new Date() ).getTime() );\n\/* ]]> *\/\n<\/script>\n<\/p><div class=\"wpcf7-response-output\" aria-hidden=\"true\"><\/div>\n<\/form>\n<\/div>\n\n<p>&nbsp;<\/p>\n<h2>Luxus und Kommunikation im Web: Fokus<\/h2>\n<p>Die <strong>Luxusbranche<\/strong> hat es lange Zeit vorgezogen, sich vom Online-Handel fernzuhalten, aus Sorge, keinen Service von ausreichender Qualit\u00e4t und im Einklang mit dem vermittelten Image anbieten zu k\u00f6nnen.<\/p>\n<p>Allerdings ist die Digitalisierung ein echter Hebel f\u00fcr Wachstum und Profitabilit\u00e4t: Sie k\u00f6nnte nach einigen Sch\u00e4tzungen 40 % des Wachstums des globalen Luxusmarktes ausmachen.<\/p>\n<p>In Frankreich finden zwar die meisten Luxusk\u00e4ufe in Gesch\u00e4ften statt, aber die Customer Journey ist durch ihre Digitalisierung gepr\u00e4gt. Luxusk\u00e4ufer sind hypervernetzte Konsumenten, die mit mehreren Bildschirmen umgehen k\u00f6nnen. Sie verlassen sich jetzt stark auf das Internet, um ihre Eink\u00e4ufe vorzubereiten, insbesondere f\u00fcr :<\/p>\n<ul>\n<li>Erfahren Sie mehr \u00fcber die Produkte und Marken;<\/li>\n<li>Preise vergleichen ;<\/li>\n<li>Verfeinern und verst\u00e4rken Sie ihre Entscheidungen;<\/li>\n<li>Lesen Sie Bewertungen von Verbrauchern und Fachleuten;<\/li>\n<li>Eine Kaufentscheidung treffen ;<\/li>\n<li>Bleiben Sie mit der Marke verbunden und werden Sie \u00fcber Angebote und Aktionen auf dem Laufenden gehalten.<\/li>\n<\/ul>\n<p>Somit ist die digitale Luxuskommunikation ein m\u00e4chtiges Werkzeug. Sie kann das Image einer Marke in den K\u00f6pfen der Verbraucher vergr\u00f6\u00dfern, st\u00f6ren, inspirieren und versiegeln.<\/p>\n<p>&nbsp;<\/p>\n<blockquote><p>&#8220; <em>Die Herausforderung f\u00fcr Marken besteht darin, dort zu sein, wo die K\u00e4ufer von Luxusprodukten nach Informationen suchen: online, offline, aber auch auf visuellen Formaten wie Video und Bild <\/em>. \u00bb<\/p><\/blockquote>\n<p>&nbsp;<\/p>\n<p>Dabei ist zu beachten, dass Luxuskonsumenten besonderen Wert auf \u00c4sthetik und Erlebnis legen. Die Arbeit an der visuellen Identit\u00e4t Ihrer Marke ist unerl\u00e4sslich, um ein ansprechendes und \u00fcberzeugendes Erlebnis zu schaffen! Jede Marke hat eine Geschichte, und eine Website und soziale Netzwerke sind die idealen Orte, um sie zu erz\u00e4hlen.<\/p>\n<p>Mit \u00fcberzeugenden Inhalten und beeindruckenden Bildern kann Ihre Web-Kommunikation die Raffinesse Ihrer Produkte und Dienstleistungen widerspiegeln.<\/p>\n<p>Ihre Website und Ihre digitale Marketingstrategie sollten daher eine Erweiterung Ihrer Marke sein und Kunden ein luxuri\u00f6ses, personalisiertes und vernetztes Erlebnis bieten, sowohl im Web als auch im Gesch\u00e4ft.<\/p>\n<p>&nbsp;<\/p>\n<p>&nbsp;<\/p>\n<h2><a style=\"color: #333333;\" href=\"https:\/\/www.alioze.com\/secteurs\" target=\"_blank\" rel=\"noopener\">Sektoren<\/a> auf die sich die Agentur Alioze spezialisiert hat<\/h2>\n<p style=\"text-align: center;\">Sind Sie in M\u00fcnchen, Berlin oder Hamburg ans\u00e4ssig?<br \/>\nUnsere Agentur k\u00fcmmert sich um Ihre Akte, wo immer Sie sind.<\/p>\n","protected":false},"excerpt":{"rendered":"<p>Sie sind auf der Suche nach einer Kommunikationsagentur, die sich auf Luxus spezialisiert hat? Willkommen bei Alioze. Sie wollen Ihre digitale Transformation einleiten oder ausbauen? Ein Event rund um die Markteinf\u00fchrung neuer Produkte zu gestalten? Ben\u00f6tigen Sie ein personalisiertes Benutzererlebnis, eine wirkungsvolle Kommunikationskampagne, ein luxuri\u00f6ses Webdesign oder elegante Social Media Accounts? Alioze ist eine auf [&hellip;]<\/p>\n","protected":false},"author":6,"featured_media":21142,"parent":0,"menu_order":0,"comment_status":"closed","ping_status":"closed","template":"page-no-title.php","meta":{"_acf_changed":false,"footnotes":""},"class_list":["post-21138","page","type-page","status-publish","has-post-thumbnail","hentry"],"acf":[],"aioseo_notices":[],"amp_enabled":false,"_links":{"self":[{"href":"https:\/\/www.alioze.com\/de\/wp-json\/wp\/v2\/pages\/21138","targetHints":{"allow":["GET"]}}],"collection":[{"href":"https:\/\/www.alioze.com\/de\/wp-json\/wp\/v2\/pages"}],"about":[{"href":"https:\/\/www.alioze.com\/de\/wp-json\/wp\/v2\/types\/page"}],"author":[{"embeddable":true,"href":"https:\/\/www.alioze.com\/de\/wp-json\/wp\/v2\/users\/6"}],"replies":[{"embeddable":true,"href":"https:\/\/www.alioze.com\/de\/wp-json\/wp\/v2\/comments?post=21138"}],"version-history":[{"count":5,"href":"https:\/\/www.alioze.com\/de\/wp-json\/wp\/v2\/pages\/21138\/revisions"}],"predecessor-version":[{"id":25813,"href":"https:\/\/www.alioze.com\/de\/wp-json\/wp\/v2\/pages\/21138\/revisions\/25813"}],"wp:featuredmedia":[{"embeddable":true,"href":"https:\/\/www.alioze.com\/de\/wp-json\/wp\/v2\/media\/21142"}],"wp:attachment":[{"href":"https:\/\/www.alioze.com\/de\/wp-json\/wp\/v2\/media?parent=21138"}],"curies":[{"name":"wp","href":"https:\/\/api.w.org\/{rel}","templated":true}]}}