{"id":21095,"date":"2021-07-01T16:48:09","date_gmt":"2021-07-01T15:48:09","guid":{"rendered":"https:\/\/www.alioze.com\/?page_id=21095"},"modified":"2021-08-04T12:05:55","modified_gmt":"2021-08-04T11:05:55","slug":"web-agentur-spezialisiert-tourismus","status":"publish","type":"page","link":"https:\/\/www.alioze.com\/de\/agentur-web-tourismus\/","title":{"rendered":"Auf Tourismus spezialisierte Kommunikationsagentur"},"content":{"rendered":"<\/div><\/div>\n\t<section class=\"headertitle lazyload\" style=\"background-image:inherit;\" data-bg-image=\"url(https:\/\/www.alioze.com\/wp-content\/themes\/alioze2016\/img\/alioze-communication-branding-design.jpg)\">\n\t\t<div id=\"breadcrumbs\">\n\t\t\t\t\t\t<span>\t\t\t\t\t<a href=\"https:\/\/www.alioze.com\/de\/\">Home<\/a>\n\t\t\t\t\t > \t\t\t\t\t<a href=\"https:\/\/www.alioze.com\/de\/blog\/\">Blog<\/a>\n\t\t\t\t\t > <\/span>\n\t\t\t\t\t<\/div>\n\t\t\t\t<div class=\"content-a\">\n\t\t\t\t\t<div class=\"parralax-centertext text-center\">\n\n\t\t\t\t\t\t<h1>Auf Tourismus spezialisierte Kommunikationsagentur<\/h1>\n\t\t\t\t\t\t<span class=\"baseline\">Deutschland &amp; International<\/span>\n\t\t\t\t\t<\/div>\n\t\t\t\t<\/div>\n\t\t\t<\/section>\n\t\t\t<div class=\"container\">\n\t\t\t<div class=\"col-xs-12\">\n<p style=\"text-align: center;\">Sie suchen eine <strong>auf Tourismus spezialisierte Kommunikationsagentur<\/strong>? Willkommen bei Alioze.<\/p>\n<p style=\"text-align: center;\">Sie wollen eine wirkungsvolle Kommunikations- und\/oder Marketingstrategie und starke Kampagnen umsetzen?<br \/>\nIhre Reputation steigern und einen gr\u00f6\u00dferen Kundenstamm erreichen?<br \/>\nVerbessern Sie Ihre Sichtbarkeit oder Reputation im Web und dar\u00fcber hinaus?<br \/>\nPlanen Sie ein komplettes Redesign oder die Erstellung Ihrer Website und haben funktionale Anforderungen speziell f\u00fcr die Tourismusbranche?<\/p>\n<p style=\"text-align: center;\">Als vielseitige Kommunikationsagentur entwickelt Alioze ma\u00dfgeschneiderte L\u00f6sungen, die zu Ihrem Budget passen und Ihnen helfen, Ihre Dienstleistungen, Angebote und touristischen Aktivit\u00e4ten effektiv zu bewerben und gleichzeitig Ihr Markenimage zu verbessern.<\/p>\n<p>&nbsp;<\/p>\n<\/div><\/div><div class=\"container-fluid\" style=\"padding:0\"><div id=\"fc5faae2\" class=\"imgFull lazyload\" style=\"height:350px;background-image:inherit;background-position:top;background-repeat:no-repeat;moz-background-size:cover;background-size: cover;\" data-bg-image=\"url(https:\/\/www.alioze.com\/wp-content\/uploads\/2020\/03\/agence-communication-tourisme-1.jpg)\"><\/div><\/div><div class=\"container\"><div class=\"col-xs-12\">\n<p>&nbsp;<\/p>\n<h2>Unsere ma\u00dfgeschneiderten Dienstleistungen f\u00fcr Tourismusfachleute<\/h2>\n<ul>\n<li><a href=\"https:\/\/www.alioze.com\/de\/entwicklung\/\" target=\"_blank\" rel=\"noopener noreferrer\">Web-Produktion<\/a>:\n<ul>\n<li>Responsive, mehrsprachige und SEO-freundliche Website-Entwicklung.<\/li>\n<li>CRM-Kopplung.<\/li>\n<li>Chatbot-Erstellung.<\/li>\n<\/ul>\n<\/li>\n<li><a href=\"https:\/\/www.alioze.com\/de\/kommunikation\/\" target=\"_blank\" rel=\"noopener noreferrer\">Kommunikation<\/a>:\n<ul>\n<li>E-Reputationsmanagement.<\/li>\n<li>Presse-, \u00d6ffentlichkeits- und Digitalarbeit.<\/li>\n<li>Newsletter &amp; E-Mailing-Kampagne.<\/li>\n<li>Erstellung von Grafiktr\u00e4gern.<\/li>\n<li>Marketing, Werbung und Kommunikation in sozialen Netzwerken.<\/li>\n<li>Schreiben und \u00dcbersetzen von optimierten Inhalten f\u00fcr SEO oder Print.<\/li>\n<\/ul>\n<\/li>\n<li><a href=\"https:\/\/www.alioze.com\/de\/erwerb\/\" target=\"_blank\" rel=\"noopener noreferrer\">Akquisition<\/a>:\n<ul>\n<li>SEO-Ma\u00dfnahmen f\u00fcr nat\u00fcrliche Referenzierung.<\/li>\n<li>Google Ads, Display &amp; Remarketing.<\/li>\n<li>Lokale, nationale und internationale Referenzierung auf Google und anderen Bewertungsseiten (TripAdvisor, Booking, etc.).<\/li>\n<\/ul>\n<\/li>\n<\/ul>\n<p>Unser Team aus kreativen Experten und Strategen beobachtet t\u00e4glich die neuesten Innovationen und Trends, um nachhaltige und bew\u00e4hrte L\u00f6sungen f\u00fcr die Tourismusbranche anzubieten.<\/p>\n<p>Von der Audit- und Reflexionsphase bis hin zur Gestaltung, Einf\u00fchrung und Nachbereitung Ihres Projekts begleitet Alioze Sie von A bis Z.<\/p>\n<\/div><\/div>\n\t<section class=\"quickcontact lazyload\" style=\"background-image:inherit;\" data-bg-image=\"url(https:\/\/www.alioze.com\/wp-content\/themes\/alioze2016\/img\/alioze-communication-branding-design.jpg)\">\n\t\t\t\t<div class=\"content-a\">\n\t\t\t\t\t<div class=\"parralax-centertext\">\n\t\t\t\t\t\t<div class=\"container\">\n\t\t\t\t\t\t\t\t<div class=\"col-xs-12 col-sm-6 col-sm-offset-1 col-md-7 col-md-offset-1 quickcontact-text\">\n\t\t\t\t\t\t\t\tAlioze, die spezialisierte Tourismusagentur, die Ihre Bed\u00fcrfnisse erf\u00fcllt\n\t\t\t\t\t\t\t\t<\/div>\n\t\t\t\t\t\t\t\t<div class=\"col-xs-12 col-sm-4 col-md-3\">\n\t\t\t\t\t\t\t\t<a href=\"https:\/\/www.alioze.com\/de\/kontakt\/\" class=\"btn btn-lg btn-default  center-block\">Kontakt aufnehmen<\/a>\n\t\t\t\t\t\t\t\t<\/div>\n\t\t\t\t\t\t<\/div>\n\t\t\t\t\t<\/div>\n\t\t\t\t<\/div>\n\t\t\t<\/section>\n\t\t\t<div class=\"container\">\n\t\t\t<div class=\"col-xs-12\">\n<p>&nbsp;<\/p>\n<p>&nbsp;<\/p>\n<h2>Einige unserer Kundenreferenzen aus der Tourismusbranche<\/h2>\n<div class=\"text-center\"><img decoding=\"async\" class=\"img-client\" src=\"https:\/\/www.alioze.com\/wp-content\/uploads\/2017\/07\/agence-web-club-faune.png\" alt=\"agence web club faune\" \/><img decoding=\"async\" class=\"img-client\" src=\"https:\/\/www.alioze.com\/wp-content\/uploads\/2017\/07\/agence-web-images-du-monde.png\" alt=\"agence web images du monde\" \/><img decoding=\"async\" class=\"img-client\" src=\"https:\/\/www.alioze.com\/wp-content\/uploads\/2016\/02\/agence-web-de-aeroport-de-bordeaux.png\" alt=\"agence-web-de-aeroport-de-bordeaux\" \/><img decoding=\"async\" class=\"img-client\" src=\"https:\/\/www.alioze.com\/wp-content\/uploads\/2017\/05\/agence-web-de-ecole-ferrieres.png\" alt=\"agence web \u00e9cole ferri\u00e8res\" \/><img decoding=\"async\" class=\"img-client\" src=\"https:\/\/www.alioze.com\/wp-content\/uploads\/2018\/06\/luxury-lodges-glencoe.png\" alt=\"lodges glencoe\" \/><img decoding=\"async\" class=\"img-client\" src=\"https:\/\/www.alioze.com\/wp-content\/uploads\/2019\/04\/agence-web-tribu-d-explorateurs.png\" alt=\"agence web tribu d'explorateurs\" \/><img decoding=\"async\" class=\"img-client\" src=\"https:\/\/www.alioze.com\/wp-content\/uploads\/2020\/03\/agence-web-lahlanhla.png\" alt=\"agence web lahlanhla\" \/><img decoding=\"async\" class=\"img-client\" src=\"https:\/\/www.alioze.com\/wp-content\/uploads\/2021\/05\/agence-communication-paradis-latin.png\" alt=\"agence communication paradis latin cabaret\" \/><\/div>\n<p>&nbsp;<\/p>\n<p>Seit 2008 hat Alioze mehr als 250 Kunden bei ihrer digitalen Transformation, der Entwicklung ihrer Kommunikation und all ihren Web- und Printprojekten unterst\u00fctzt. Darunter sind viele Start-Ups, KMUs und <strong>Tourismusfachleute<\/strong>:<\/p>\n<ul>\n<li><strong>Reiseb\u00fcro<\/strong>;<\/li>\n<li><strong>Reiseveranstalter<\/strong>;<\/li>\n<li><strong>Fluggesellschaft<\/strong>;<\/li>\n<li><strong>Fremdenverkehrsamt<\/strong>.<\/li>\n<\/ul>\n<p>Alioze hat eine gro\u00dfe Leidenschaft f\u00fcr Reisen und die <strong>Tourismusbranche<\/strong> und nutzt sein Fachwissen in den Bereichen Website-Entwicklung, Kommunikation, SEO und Webmarketing, um Ihr Unternehmen zu unterst\u00fctzen.<\/p>\n<p>&nbsp;<\/p>\n<p>&nbsp;<\/p>\n<h2>Brauchen Sie Hilfe f\u00fcr Ihr Tourismusgesch\u00e4ft?<\/h2>\n<p style=\"text-align: center;\">Unsere Agentur ist von Montag bis Freitag von 9:30 Uhr bis 19:00 Uhr ge\u00f6ffnet.<\/p>\n<p style=\"text-align: center;\">Z\u00f6gern Sie nicht, uns telefonisch unter <a href=\"tel:+33183622184\"> +33 (0) 1 83 62 21 84<\/a> zu kontaktieren oder f\u00fcllen Sie dieses kurze Formular aus:<\/p>\n\n<div class=\"wpcf7 no-js\" id=\"wpcf7-f21287-o1\" lang=\"de-DE\" dir=\"ltr\" data-wpcf7-id=\"21287\">\n<div class=\"screen-reader-response\"><p role=\"status\" aria-live=\"polite\" aria-atomic=\"true\"><\/p> <ul><\/ul><\/div>\n<form action=\"\/de\/wp-json\/wp\/v2\/pages\/21095#wpcf7-f21287-o1\" method=\"post\" class=\"wpcf7-form init\" aria-label=\"Kontaktformular\" novalidate=\"novalidate\" data-status=\"init\">\n<fieldset class=\"hidden-fields-container\"><input type=\"hidden\" name=\"_wpcf7\" value=\"21287\" \/><input type=\"hidden\" name=\"_wpcf7_version\" value=\"6.1.5\" \/><input type=\"hidden\" name=\"_wpcf7_locale\" value=\"de_DE\" \/><input type=\"hidden\" name=\"_wpcf7_unit_tag\" value=\"wpcf7-f21287-o1\" \/><input type=\"hidden\" name=\"_wpcf7_container_post\" value=\"0\" \/><input type=\"hidden\" name=\"_wpcf7_posted_data_hash\" value=\"\" \/><input type=\"hidden\" name=\"_wpcf7_recaptcha_response\" value=\"\" \/>\n<\/fieldset>\n<div class=\"form-group\">\n\t<p><span class=\"wpcf7-form-control-wrap\" data-name=\"contact-name\"><input size=\"40\" maxlength=\"400\" class=\"wpcf7-form-control wpcf7-text wpcf7-validates-as-required form-control\" aria-required=\"true\" aria-invalid=\"false\" placeholder=\"Ihr Name *\" value=\"\" type=\"text\" name=\"contact-name\" \/><\/span>\n\t<\/p>\n<\/div>\n<div class=\"form-group\">\n\t<p><span class=\"wpcf7-form-control-wrap\" data-name=\"contact-telephone\"><input size=\"40\" maxlength=\"400\" class=\"wpcf7-form-control wpcf7-text wpcf7-validates-as-required form-control\" aria-required=\"true\" aria-invalid=\"false\" placeholder=\"Ihre Rufnummer *\" value=\"\" type=\"text\" name=\"contact-telephone\" \/><\/span>\n\t<\/p>\n<\/div>\n<div class=\"form-group\">\n\t<p><span class=\"wpcf7-form-control-wrap\" data-name=\"contact-email\"><input size=\"40\" maxlength=\"400\" class=\"wpcf7-form-control wpcf7-email wpcf7-validates-as-required wpcf7-text wpcf7-validates-as-email form-control\" aria-required=\"true\" aria-invalid=\"false\" placeholder=\"Ihre E-Mail Adresse *\" value=\"\" type=\"email\" name=\"contact-email\" \/><\/span>\n\t<\/p>\n<\/div>\n<div class=\"form-group\">\n\t<p><span class=\"wpcf7-form-control-wrap\" data-name=\"contact-message\"><textarea cols=\"40\" rows=\"10\" maxlength=\"2000\" class=\"wpcf7-form-control wpcf7-textarea wpcf7-validates-as-required form-control\" aria-required=\"true\" aria-invalid=\"false\" placeholder=\"Ihre Nachricht *\" name=\"contact-message\"><\/textarea><\/span>\n\t<\/p>\n<\/div>\n<p><span class=\"wpcf7-form-control-wrap\" data-name=\"checkbox-262\"><span class=\"wpcf7-form-control wpcf7-checkbox wpcf7-validates-as-required\"><span class=\"wpcf7-list-item first last\"><input type=\"checkbox\" name=\"checkbox-262[]\" value=\"Ich habe die Allgemeinen Gesch\u00e4ftsbedingungen gelesen und akzeptiere sie\" \/><span class=\"wpcf7-list-item-label\">Ich habe die Allgemeinen Gesch\u00e4ftsbedingungen gelesen und akzeptiere sie<\/span><\/span><\/span><\/span><br \/>\n<input class=\"wpcf7-form-control wpcf7-submit has-spinner btn btn-lg btn-default btn-dark center-block gtm-contact-form-submit\" type=\"submit\" value=\"Senden\" \/>\n<\/p><p style=\"display: none !important;\" class=\"akismet-fields-container\" data-prefix=\"_wpcf7_ak_\"><label>&#916;<textarea name=\"_wpcf7_ak_hp_textarea\" cols=\"45\" rows=\"8\" maxlength=\"100\"><\/textarea><\/label><input type=\"hidden\" id=\"ak_js_1\" name=\"_wpcf7_ak_js\" value=\"11\"\/><script type=\"text\/javascript\">\n\/* <![CDATA[ *\/\ndocument.getElementById( \"ak_js_1\" ).setAttribute( \"value\", ( new Date() ).getTime() );\n\/* ]]> *\/\n<\/script>\n<\/p><div class=\"wpcf7-response-output\" aria-hidden=\"true\"><\/div>\n<\/form>\n<\/div>\n\n<p>&nbsp;<\/p>\n<p>&nbsp;<\/p>\n<h2>Tourismus im Web: Fokus<\/h2>\n<p>Die neuen Trends in der Kommunikation rund um den Tourismus sind zahlreich und erfordern ein solides Know-how, um sich darauf einzustellen, f\u00fcr die Internetnutzer sichtbar zu sein, sie anzuziehen und Ihren Bekanntheitsgrad zu steigern.<\/p>\n<p>Seit mehreren Jahrzehnten w\u00e4chst der Tourismus stetig und hat sich zu einem der dynamischsten und am st\u00e4rksten wachsenden Wirtschaftszweige der Welt entwickelt. Diese Expansion macht die Diversifizierung und den Wettbewerb unter den reiseabh\u00e4ngigen Tourismusunternehmen umso intensiver.<\/p>\n<p>Und im digitalen Zeitalter ist der Wettbewerb nicht mehr nur &#8222;physisch&#8220;, sondern auch im Web in vollem Gange.<\/p>\n<p>Um alle m\u00f6glichen Optionen besser einsch\u00e4tzen und erkunden zu k\u00f6nnen, lassen sich Internetnutzer inspirieren, vergleichen und recherchieren online, bevor sie sich f\u00fcr einen Kauf entscheiden:<\/p>\n<ul>\n<li>W\u00e4hlen Sie ihr Ziel;<\/li>\n<li>Buchen Sie ihre Reise;<\/li>\n<li>Buchen Sie ihren Transport und\/oder ihre Unterkunft;<\/li>\n<li>Planen Sie ihren Urlaub global.<\/li>\n<\/ul>\n<p>Insbesondere die Suchmaschinen haben viele Reiseb\u00fcros ersetzt. Daher ist es wichtig, dass Ihre Tourismus-Website bei Google und anderen Suchmaschinen sichtbar ist.<\/p>\n<p>Au\u00dferdem ist der<strong>E-Tourismus<\/strong> ein Sektor, der attraktiv sein muss. Doch Tourismusmarketing kann sich nicht mehr nur auf sch\u00f6ne Bilder und einpr\u00e4gsame Slogans verlassen.<\/p>\n<p>Von nun an bedeutet es auch zu wissen, wie man sein Image im Web (E-Reputation) \u00fcber soziale Netzwerke und touristische Beratungsseiten (TripAdvisor, Yelp, etc.) verwaltet, um in Suchmaschinen pr\u00e4sent und sichtbar zu sein und eine Website mit einer tadellosen Benutzererfahrung anzubieten, die Internetnutzer sofort zum Reisen bringt!<\/p>\n<p>&nbsp;<\/p>\n<p>&nbsp;<\/p>\n<h2><a style=\"color: #333333;\" href=\"https:\/\/www.alioze.com\/secteurs\" target=\"_blank\" rel=\"noopener\">Sektoren<\/a> auf die sich die Agentur Alioze spezialisiert hat<\/h2>\n<p style=\"text-align: center;\">Sind Sie in M\u00fcnchen, Berlin oder Hamburg ans\u00e4ssig?<br \/>\nUnsere Agentur k\u00fcmmert sich um Ihre Akte, wo immer Sie sind.<\/p>\n","protected":false},"excerpt":{"rendered":"<p>Sie suchen eine auf Tourismus spezialisierte Kommunikationsagentur? Willkommen bei Alioze. Sie wollen eine wirkungsvolle Kommunikations- und\/oder Marketingstrategie und starke Kampagnen umsetzen? Ihre Reputation steigern und einen gr\u00f6\u00dferen Kundenstamm erreichen? Verbessern Sie Ihre Sichtbarkeit oder Reputation im Web und dar\u00fcber hinaus? Planen Sie ein komplettes Redesign oder die Erstellung Ihrer Website und haben funktionale Anforderungen speziell [&hellip;]<\/p>\n","protected":false},"author":6,"featured_media":21105,"parent":0,"menu_order":0,"comment_status":"closed","ping_status":"closed","template":"page-no-title.php","meta":{"_acf_changed":false,"footnotes":""},"class_list":["post-21095","page","type-page","status-publish","has-post-thumbnail","hentry"],"acf":[],"aioseo_notices":[],"amp_enabled":false,"_links":{"self":[{"href":"https:\/\/www.alioze.com\/de\/wp-json\/wp\/v2\/pages\/21095","targetHints":{"allow":["GET"]}}],"collection":[{"href":"https:\/\/www.alioze.com\/de\/wp-json\/wp\/v2\/pages"}],"about":[{"href":"https:\/\/www.alioze.com\/de\/wp-json\/wp\/v2\/types\/page"}],"author":[{"embeddable":true,"href":"https:\/\/www.alioze.com\/de\/wp-json\/wp\/v2\/users\/6"}],"replies":[{"embeddable":true,"href":"https:\/\/www.alioze.com\/de\/wp-json\/wp\/v2\/comments?post=21095"}],"version-history":[{"count":5,"href":"https:\/\/www.alioze.com\/de\/wp-json\/wp\/v2\/pages\/21095\/revisions"}],"predecessor-version":[{"id":22708,"href":"https:\/\/www.alioze.com\/de\/wp-json\/wp\/v2\/pages\/21095\/revisions\/22708"}],"wp:featuredmedia":[{"embeddable":true,"href":"https:\/\/www.alioze.com\/de\/wp-json\/wp\/v2\/media\/21105"}],"wp:attachment":[{"href":"https:\/\/www.alioze.com\/de\/wp-json\/wp\/v2\/media?parent=21095"}],"curies":[{"name":"wp","href":"https:\/\/api.w.org\/{rel}","templated":true}]}}