{"id":6120,"date":"2016-02-26T12:15:10","date_gmt":"2016-02-26T11:15:10","guid":{"rendered":"https:\/\/www.alioze.com\/?page_id=6120"},"modified":"2024-02-23T14:26:05","modified_gmt":"2024-02-23T13:26:05","slug":"nos-clients","status":"publish","type":"page","link":"https:\/\/www.alioze.com\/ch\/clients","title":{"rendered":"Nos Clients"},"content":{"rendered":"<p style=\"text-align: center;\">Depuis sa cr\u00e9ation en 2008, l&#8217;agence Alioze a accompagn\u00e9 plus de 350 clients vers le succ\u00e8s. Nous sommes fiers d&#8217;avoir contribu\u00e9 au d\u00e9veloppement d&#8217;entreprises de toutes tailles : start-ups, PMEs ou groupes cot\u00e9s.<\/p>\n<p style=\"text-align: center;\">Nous entretenons des relations fortes, durables et privil\u00e9gi\u00e9es avec les entrepreneurs, les dirigeants (CEO), les directions marketing, ainsi que les \u00e9quipes op\u00e9rationnelles. Nos clients sont notre fiert\u00e9, et leurs performances, la meilleure d\u00e9monstration de notre savoir faire.<\/p>\n<h2><a href=\"https:\/\/www.alioze.com\/ch\/agence-communication-mode\/\" target=\"_blank\" rel=\"noopener noreferrer\">Mode<\/a> &#8211; <a href=\"https:\/\/www.alioze.com\/ch\/agence-communication-beaute\/\" target=\"_blank\" rel=\"noopener noreferrer\">Beaut\u00e9<\/a> &#8211; <a href=\"https:\/\/www.alioze.com\/ch\/agence-communication-luxe\/\" target=\"_blank\" rel=\"noopener noreferrer\">Luxe<\/a> &#8211; <a href=\"https:\/\/www.alioze.com\/ch\/agence-communication-joaillerie\/\" target=\"_blank\" rel=\"noopener noreferrer\">Joaillerie<\/a> &#8211; <a href=\"https:\/\/www.alioze.com\/ch\/agence-communication-horlogerie\/\" target=\"_blank\" rel=\"noopener noreferrer\">Horlogerie<\/a> &#8211; <a href=\"https:\/\/www.alioze.com\/ch\/agence-communication-enfants\/\" target=\"_blank\" rel=\"noopener noreferrer\">Jeunesse<\/a><\/h2>\n<div class=\"text-center\"><img decoding=\"async\" class=\"img-client\" src=\"https:\/\/www.alioze.com\/wp-content\/uploads\/2016\/02\/agence-web-de-filorga.png\" alt=\"agence-web-de-filorga\" \/><img decoding=\"async\" class=\"img-client\" src=\"https:\/\/www.alioze.com\/wp-content\/uploads\/2016\/02\/agence-web-de-guerling-paris.png\" alt=\"agence-web-de-guerling-paris\" \/><img decoding=\"async\" class=\"img-client\" src=\"https:\/\/www.alioze.com\/wp-content\/uploads\/2018\/04\/agence-web-mac-douglas.png\" alt=\"agence web mac douglas\" \/><img decoding=\"async\" class=\"img-client\" src=\"https:\/\/www.alioze.com\/wp-content\/uploads\/2018\/05\/agence-web-petrossian.jpg\" alt=\"agence web de petrossian\" \/><img decoding=\"async\" class=\"img-client\" src=\"https:\/\/www.alioze.com\/wp-content\/uploads\/2019\/07\/agence-web-de-dior-2.png\" alt=\"agence web dior\" \/><img decoding=\"async\" class=\"img-client\" src=\"https:\/\/www.alioze.com\/wp-content\/uploads\/2020\/03\/agence-web-cattier.png\" alt=\"agence web cattier\" \/><img decoding=\"async\" class=\"img-client\" src=\"https:\/\/www.alioze.com\/wp-content\/uploads\/2016\/11\/agence-web-de-banana-moon.png\" alt=\"agence-web-de-banana-moon\" \/><img decoding=\"async\" class=\"img-client\" src=\"https:\/\/www.alioze.com\/wp-content\/uploads\/2020\/03\/agence-web-kneipp.png\" alt=\"agence web kneipp\" \/><img decoding=\"async\" class=\"img-client\" src=\"https:\/\/www.alioze.com\/wp-content\/uploads\/2017\/05\/agence-web-glisodin.png\" alt=\"agence web glisodin\" \/><img decoding=\"async\" class=\"img-client\" src=\"https:\/\/www.alioze.com\/wp-content\/uploads\/2016\/02\/agence-web-de-nobilis.png\" alt=\"agence-web-de-nobilis\" \/><img decoding=\"async\" class=\"img-client\" src=\"https:\/\/www.alioze.com\/wp-content\/uploads\/2016\/02\/agence-web-de-tartine-et-chocolat.png\" alt=\"agence-web-de-tartine-et-chocolat\" \/><img decoding=\"async\" class=\"img-client\" src=\"https:\/\/www.alioze.com\/wp-content\/uploads\/2016\/02\/agence-web-de-catimini.png\" alt=\"agence-web-de-catimini\" \/><img decoding=\"async\" class=\"img-client\" src=\"https:\/\/www.alioze.com\/wp-content\/uploads\/2016\/02\/agence-web-de-absorba.png\" alt=\"agence-web-de-absorba\" \/><img decoding=\"async\" class=\"img-client\" src=\"https:\/\/www.alioze.com\/wp-content\/uploads\/2016\/02\/agence-web-de-kenzo-kids.png\" alt=\"agence-web-de-kenzo-kids\" \/><img decoding=\"async\" class=\"img-client\" src=\"https:\/\/www.alioze.com\/wp-content\/uploads\/2016\/02\/agence-web-de-naco-paris.png\" alt=\"agence-web-de-naco-paris\" \/><img decoding=\"async\" class=\"img-client\" src=\"https:\/\/www.alioze.com\/wp-content\/uploads\/2016\/02\/agence-web-de-3pommes.png\" alt=\"agence-web-de-3pommes\" \/><img decoding=\"async\" class=\"img-client\" src=\"https:\/\/www.alioze.com\/wp-content\/uploads\/2016\/02\/agence-web-de-svr.png\" alt=\"agence-web-de-svr\" \/><img decoding=\"async\" class=\"img-client\" src=\"https:\/\/www.alioze.com\/wp-content\/uploads\/2016\/02\/agence-web-de-camille-fournet.png\" alt=\"agence-web-de-camille fournet\" \/><img decoding=\"async\" class=\"img-client\" src=\"https:\/\/www.alioze.com\/wp-content\/uploads\/2016\/11\/agence-web-de-dada-sport.png\" alt=\"agence-web-de-dada-sport\" \/><img decoding=\"async\" class=\"img-client\" src=\"https:\/\/www.alioze.com\/wp-content\/uploads\/2016\/02\/agence-web-de-timefy.png\" alt=\"agence-web-de-timefy\" \/><img decoding=\"async\" class=\"img-client\" src=\"https:\/\/www.alioze.com\/wp-content\/uploads\/2016\/02\/agence-web-de-dear-charlotte.png\" alt=\"agence-web-de-dear-charlotte\" \/><img decoding=\"async\" class=\"img-client\" src=\"https:\/\/www.alioze.com\/wp-content\/uploads\/2016\/02\/agence-web-de-little-boudoir.png\" alt=\"agence-web-de-little-boudoir\" \/><img decoding=\"async\" class=\"img-client\" src=\"https:\/\/www.alioze.com\/wp-content\/uploads\/2016\/02\/agence-web-de-wishibam.png\" alt=\"agence-web-de-wishibam\" \/><img decoding=\"async\" class=\"img-client\" src=\"https:\/\/www.alioze.com\/wp-content\/uploads\/2016\/02\/agence-web-de-allthemust.png\" alt=\"agence-web-de-allthemust\" \/><img decoding=\"async\" class=\"img-client\" src=\"https:\/\/www.alioze.com\/wp-content\/uploads\/2016\/02\/agence-web-de-allison.png\" alt=\"agence-web-de-allison\" \/><img decoding=\"async\" class=\"img-client\" src=\"https:\/\/www.alioze.com\/wp-content\/uploads\/2016\/02\/agence-web-de-paul-smith-junior.png\" alt=\"agence-web-de-paul-smith-junior\" \/><img decoding=\"async\" class=\"img-client\" src=\"https:\/\/www.alioze.com\/wp-content\/uploads\/2016\/02\/agence-web-de-richardson-filles.png\" alt=\"agence-web-de-richardson filles\" \/><img decoding=\"async\" class=\"img-client\" src=\"https:\/\/www.alioze.com\/wp-content\/uploads\/2016\/02\/agence-web-de-lecons-de-chose.png\" alt=\"agence-web-de-lecons-de-chose\" \/><img decoding=\"async\" class=\"img-client\" src=\"https:\/\/www.alioze.com\/wp-content\/uploads\/2016\/02\/agence-web-de-redluxury.png\" alt=\"agence-web-de-redluxury\" \/><img decoding=\"async\" class=\"img-client\" src=\"https:\/\/www.alioze.com\/wp-content\/uploads\/2017\/05\/agence-web-isocell-nutra.png\" alt=\"agence web isocell nutra\" \/><img decoding=\"async\" class=\"img-client\" src=\"https:\/\/www.alioze.com\/wp-content\/uploads\/2019\/02\/agence-web-carolina-ritzler.jpg\" alt=\"agence web Carolina Ritzler\" \/><img decoding=\"async\" class=\"img-client\" src=\"https:\/\/www.alioze.com\/wp-content\/uploads\/2017\/08\/agence-web-ovance.png\" alt=\"agence web Ovance\" \/><img decoding=\"async\" class=\"img-client\" src=\"https:\/\/www.alioze.com\/wp-content\/uploads\/2018\/03\/agence-web-cepeda-coiffure.png\" alt=\"agence web cepeda coiffure\" \/><img decoding=\"async\" class=\"img-client\" src=\"https:\/\/www.alioze.com\/wp-content\/uploads\/2018\/03\/agence-web-noir-fonce.png\" alt=\"agence web noir fonc\u00e9\" \/><img decoding=\"async\" class=\"img-client\" src=\"https:\/\/www.alioze.com\/wp-content\/uploads\/2019\/04\/agence-web-les-trouvailles-d-elsa.png\" alt=\"agence web les trouvailles d'elsa\" \/><img decoding=\"async\" class=\"img-client\" src=\"https:\/\/www.alioze.com\/wp-content\/uploads\/2019\/04\/agence-web-ana-quasoar.png\" alt=\"agence web ana quasoar\" \/><img decoding=\"async\" class=\"img-client\" src=\"https:\/\/www.alioze.com\/wp-content\/uploads\/2019\/07\/agence-web-b-glen.png\" alt=\"agence web b.glen\" \/><img decoding=\"async\" class=\"img-client\" src=\"https:\/\/www.alioze.com\/wp-content\/uploads\/2020\/03\/agence-web-line-5.png\" alt=\"agence web line 5 paris\" \/><img decoding=\"async\" class=\"img-client\" src=\"https:\/\/www.alioze.com\/wp-content\/uploads\/2020\/03\/agence-web-renophase.png\" alt=\"agence web renophase\" \/><img decoding=\"async\" class=\"img-client\" src=\"https:\/\/www.alioze.com\/wp-content\/uploads\/2020\/03\/agence-web-fulladdict.png\" alt=\"agence web fulladdict\" \/><img decoding=\"async\" class=\"img-client\" src=\"https:\/\/www.alioze.com\/wp-content\/uploads\/2021\/01\/agence-communication-nesslana-joaillerie.png\" alt=\"agence communication nesslana joaillerie\" \/><img decoding=\"async\" class=\"img-client\" src=\"https:\/\/www.alioze.com\/wp-content\/uploads\/2021\/01\/agence-communication-matchy-matchy-design.png\" alt=\"agence communication matchy matchy design\" \/><img decoding=\"async\" class=\"img-client\" src=\"https:\/\/www.alioze.com\/wp-content\/uploads\/2021\/05\/agence-communication-mesh-jewellery.png\" alt=\"agence communication mesh jewellery\" \/><img decoding=\"async\" class=\"img-client\" src=\"https:\/\/www.alioze.com\/wp-content\/uploads\/2021\/05\/agence-communication-nume-lab.png\" alt=\"agence communication nume lab\" \/><img decoding=\"async\" class=\"img-client\" src=\"https:\/\/www.alioze.com\/wp-content\/uploads\/2021\/07\/agence-communication-createur-mode.png\" alt=\"agence communication createur mode\" \/><img decoding=\"async\" class=\"img-client\" src=\"https:\/\/www.alioze.com\/wp-content\/uploads\/2021\/07\/agence-communication-ellozze.jpg\" alt=\"agence communication ellozze\" \/><img decoding=\"async\" class=\"img-client\" src=\"https:\/\/www.alioze.com\/wp-content\/uploads\/2021\/05\/agence-communication-jurlique.png\" alt=\"agence communication jurlique\" \/><img decoding=\"async\" class=\"img-client\" src=\"https:\/\/www.alioze.com\/wp-content\/uploads\/2021\/12\/agence-communication-louis-julian.png\" alt=\"agence communication bijouterie louis julian\" \/><\/div>\n<h2>Industrie &#8211; <a href=\"https:\/\/www.alioze.com\/ch\/agence-web-specialisee-tourisme\/\" target=\"_blank\" rel=\"noopener noreferrer\">Tourisme<\/a> &#8211; <a href=\"https:\/\/www.alioze.com\/ch\/agence-web-hotellerie\/\" target=\"_blank\" rel=\"noopener noreferrer\">H\u00f4tellerie<\/a> &#8211; <a href=\"https:\/\/www.alioze.com\/ch\/secteurs-dactivite\/agence-communication-automobile\/\" target=\"_blank\" rel=\"noopener noreferrer\">Automobile<\/a> &#8211; <a href=\"https:\/\/www.alioze.com\/ch\/agence-web-immobilier\/\" target=\"_blank\" rel=\"noopener noreferrer\">Immobilier<\/a> &#8211; <a href=\"https:\/\/www.alioze.com\/ch\/agence-communication-sante\/\" target=\"_blank\" rel=\"noopener noreferrer\">Sant\u00e9<\/a> &#8211; <a href=\"https:\/\/www.alioze.com\/ch\/agence-de-communication-specialisee-food-et-culinaire\/agence-communication-food\/\" target=\"_blank\" rel=\"noopener noreferrer\">Food<\/a> &#8211; <a href=\"https:\/\/www.alioze.com\/ch\/agence-communication-restaurant-gastronomie\/\" target=\"_blank\" rel=\"noopener noreferrer\">Restaurant<\/a> &#8211; <a href=\"https:\/\/www.alioze.com\/ch\/agence-communication-vins\" target=\"_blank\" rel=\"noopener noreferrer\">Vins<\/a><\/h2>\n<div class=\"text-center\"><img decoding=\"async\" class=\"img-client\" src=\"https:\/\/www.alioze.com\/wp-content\/uploads\/2016\/02\/agence-web-de-empire-des-thes.png\" alt=\"agence-web-de-empire-des-thes\" \/><img decoding=\"async\" class=\"img-client\" src=\"https:\/\/www.alioze.com\/wp-content\/uploads\/2020\/09\/agence-communication-roquette.png\" alt=\"agence communication roquette\" \/><img decoding=\"async\" class=\"img-client\" src=\"https:\/\/www.alioze.com\/wp-content\/uploads\/2020\/08\/agence-web-air-liquide.png\" alt=\"agence web air liquide\" \/><img decoding=\"async\" class=\"img-client\" src=\"https:\/\/www.alioze.com\/wp-content\/uploads\/2020\/08\/agence-communication-air-liquide.png\" alt=\"agence communication air liquide\" \/><img decoding=\"async\" class=\"img-client\" src=\"https:\/\/www.alioze.com\/wp-content\/uploads\/2016\/11\/agence-web-de-uic.png\" alt=\"agence-web-de-uic\" \/><img decoding=\"async\" class=\"img-client\" src=\"https:\/\/www.alioze.com\/wp-content\/uploads\/2016\/11\/agence-web-de-aroma-coach.png\" alt=\"agence-web-de-aroma-coach\" \/><img decoding=\"async\" class=\"img-client\" src=\"https:\/\/www.alioze.com\/wp-content\/uploads\/2016\/02\/agence-web-de-goodyear.png\" alt=\"agence-web-de-goodyear\" \/><img decoding=\"async\" class=\"img-client\" src=\"https:\/\/www.alioze.com\/wp-content\/uploads\/2016\/02\/agence-web-de-vulco.png\" alt=\"agence-web-de-vulco\" \/><img decoding=\"async\" class=\"img-client\" src=\"https:\/\/www.alioze.com\/wp-content\/uploads\/2016\/02\/agence-web-de-dunlop.png\" alt=\"agence-web-de-dunlop\" \/><img decoding=\"async\" class=\"img-client\" src=\"https:\/\/www.alioze.com\/wp-content\/uploads\/2016\/02\/agence-web-de-eads.png\" alt=\"agence-web-de-eads\" \/><img decoding=\"async\" class=\"img-client\" src=\"https:\/\/www.alioze.com\/wp-content\/uploads\/2016\/02\/agence-web-de-agefos-pme.png\" alt=\"agence-web-de-agefos-pme\" \/><img decoding=\"async\" class=\"img-client\" src=\"https:\/\/www.alioze.com\/wp-content\/uploads\/2016\/02\/agence-web-de-afdas.png\" alt=\"agence-web-de-afdas\" \/><img decoding=\"async\" class=\"img-client\" src=\"https:\/\/www.alioze.com\/wp-content\/uploads\/2021\/01\/agence-communication-synapse-immobilier.png\" alt=\"agence communication synapse immobilier\" \/><img decoding=\"async\" class=\"img-client\" src=\"https:\/\/www.alioze.com\/wp-content\/uploads\/2020\/08\/agence-communication-alehos.png\" alt=\"agence web alehos\" \/><img decoding=\"async\" class=\"img-client\" src=\"https:\/\/www.alioze.com\/wp-content\/uploads\/2016\/02\/agence-web-de-aeroport-de-bordeaux.png\" alt=\"agence-web-de-aeroport-de-bordeaux\" \/><img decoding=\"async\" class=\"img-client\" src=\"https:\/\/www.alioze.com\/wp-content\/uploads\/2016\/02\/agence-web-de-vetostore.png\" alt=\"agence-web-de-vetostore\" \/><img decoding=\"async\" class=\"img-client\" src=\"https:\/\/www.alioze.com\/wp-content\/uploads\/2017\/06\/agence-web-chantilly-cars-prestige.png\" alt=\"agence web chantilly cars prestige\" \/><img decoding=\"async\" class=\"img-client\" src=\"https:\/\/www.alioze.com\/wp-content\/uploads\/2017\/07\/agence-web-club-faune.png\" alt=\"agence web club faune\" \/><img decoding=\"async\" class=\"img-client\" src=\"https:\/\/www.alioze.com\/wp-content\/uploads\/2017\/07\/agence-web-images-du-monde.png\" alt=\"agence web images du monde\" \/><img decoding=\"async\" class=\"img-client\" src=\"https:\/\/www.alioze.com\/wp-content\/uploads\/2017\/09\/agence-web-spi-group.png\" alt=\"agence web spi group\" \/><img decoding=\"async\" class=\"img-client\" src=\"https:\/\/www.alioze.com\/wp-content\/uploads\/2017\/07\/agence-web-cabinet-ravier.png\" alt=\"agence web cabinet ravier\" \/><img decoding=\"async\" class=\"img-client\" src=\"https:\/\/www.alioze.com\/wp-content\/uploads\/2018\/03\/agence-web-celyatis.png\" alt=\"agence web C\u00e9lyatis\" \/><img decoding=\"async\" class=\"img-client\" src=\"https:\/\/www.alioze.com\/wp-content\/uploads\/2018\/03\/agence-web-elite-wrap.jpg\" alt=\"agence web elite wrap\" \/><img decoding=\"async\" class=\"img-client\" src=\"https:\/\/www.alioze.com\/wp-content\/uploads\/2018\/03\/agence-web-fpi.png\" alt=\"agence web f\u00e9d\u00e9ration promoteurs immobiliers\" \/><img decoding=\"async\" class=\"img-client\" src=\"https:\/\/www.alioze.com\/wp-content\/uploads\/2018\/04\/agence-web-les-fleurs-de-nicolas.png\" alt=\"agence web les fleurs de nicolas\" \/><a href=\"https:\/\/www.aossi.scot\/\" target=\"_blank\" rel=\"noopener noreferrer\"><img decoding=\"async\" class=\"img-client\" src=\"https:\/\/www.alioze.com\/wp-content\/uploads\/2018\/06\/luxury-lodges-glencoe.png\" alt=\"lodges glencoe\" \/><\/a><img decoding=\"async\" class=\"img-client\" src=\"https:\/\/www.alioze.com\/wp-content\/uploads\/2019\/04\/agence-web-fourmi-sante.jpg\" alt=\"agence web fourmi sante\" \/><img decoding=\"async\" class=\"img-client\" src=\"https:\/\/www.alioze.com\/wp-content\/uploads\/2019\/04\/agence-web-epoxia.png\" alt=\"agence web epoxia\" \/><img decoding=\"async\" class=\"img-client\" src=\"https:\/\/www.alioze.com\/wp-content\/uploads\/2019\/04\/agence-web-tribu-d-explorateurs.png\" alt=\"agence web tribu d'explorateurs\" \/><img decoding=\"async\" class=\"img-client\" src=\"https:\/\/www.alioze.com\/wp-content\/uploads\/2020\/03\/agence-web-lahlanhla.png\" alt=\"agence web lahlanhla\" \/><img decoding=\"async\" class=\"img-client\" src=\"https:\/\/www.alioze.com\/wp-content\/uploads\/2021\/01\/agence-communication-capital-pv.png\" alt=\"agence communication capital PV\" \/><img decoding=\"async\" class=\"img-client\" src=\"https:\/\/www.alioze.com\/wp-content\/uploads\/2021\/05\/agence-communication-apf-entreprises.png\" alt=\"agence communication apf entreprises\" \/><img decoding=\"async\" class=\"img-client\" src=\"https:\/\/www.alioze.com\/wp-content\/uploads\/2021\/05\/agence-communication-centre-ophtalmologique-monterey.jpg\" alt=\"agence communication centre ophtalmologique monterey\" \/><img decoding=\"async\" class=\"img-client\" src=\"https:\/\/www.alioze.com\/wp-content\/uploads\/2021\/05\/agence-communication-eol-immobilier-entreprise.png\" alt=\"agence communication eol immobilier entreprise\" \/><img decoding=\"async\" class=\"img-client\" src=\"https:\/\/www.alioze.com\/wp-content\/uploads\/2021\/07\/agence-communication-straumann.png\" alt=\"agence communication straumann\" \/><img decoding=\"async\" class=\"img-client\" src=\"https:\/\/www.alioze.com\/wp-content\/uploads\/2021\/07\/agence-communication-simeda.png\" alt=\"agence communication simeda\" \/><img decoding=\"async\" class=\"img-client\" src=\"https:\/\/www.alioze.com\/wp-content\/uploads\/2021\/07\/agence-communication-anthogyr.png\" alt=\"agence communication anthogyr\" \/><img decoding=\"async\" class=\"img-client\" src=\"https:\/\/www.alioze.com\/wp-content\/uploads\/2021\/07\/agence-communication-dassault-systemes.png\" alt=\"agence communication dassault systemes\" \/><img decoding=\"async\" class=\"img-client\" src=\"https:\/\/www.alioze.com\/wp-content\/uploads\/2021\/12\/agence-communication-dinno-sante.png\" alt=\"agence communication dinno sant\u00e9\" \/><img decoding=\"async\" class=\"img-client\" src=\"https:\/\/www.alioze.com\/wp-content\/uploads\/2021\/12\/agence-communication-merck.png\" alt=\"agence communication merck\" \/><img decoding=\"async\" class=\"img-client\" src=\"https:\/\/www.alioze.com\/wp-content\/uploads\/2022\/08\/agence-communication-web-ayah-invest.png\" alt=\"agence communication ayah invest\" \/><img decoding=\"async\" class=\"img-client\" src=\"https:\/\/www.alioze.com\/wp-content\/uploads\/2022\/08\/agence-communication-korus.png\" alt=\"agence communication korus\" \/><img decoding=\"async\" class=\"img-client\" src=\"https:\/\/www.alioze.com\/wp-content\/uploads\/2022\/08\/agence-communication-bioxis.png\" alt=\"agence communication bioxis\" \/><img decoding=\"async\" class=\"img-client\" src=\"https:\/\/www.alioze.com\/wp-content\/uploads\/2022\/08\/agence-communication-exp-france.png\" alt=\"agence communication exp france\" \/><img decoding=\"async\" class=\"img-client\" src=\"https:\/\/www.alioze.com\/wp-content\/uploads\/2022\/08\/agence-communication-onedirect.png\" alt=\"agence communication onedirect\" \/><img decoding=\"async\" class=\"img-client\" src=\"https:\/\/www.alioze.com\/wp-content\/uploads\/2023\/02\/agence-web-miroiterie-ferraris.png\" alt=\"agence web miroiterie ferraris\" \/><img decoding=\"async\" class=\"img-client\" src=\"https:\/\/www.alioze.com\/wp-content\/uploads\/2023\/02\/agence-communication-chateau-gasqui.png\" alt=\"agence communication chateau gasqui\" \/><img decoding=\"async\" class=\"img-client\" src=\"https:\/\/www.alioze.com\/wp-content\/uploads\/2023\/02\/agence-communication-bien-ici.png\" alt=\"agence communication bien' ici\" \/><img decoding=\"async\" class=\"img-client\" src=\"https:\/\/www.alioze.com\/wp-content\/uploads\/2024\/02\/agence-communication-justin-stindt-consultants-sante.png\" alt=\"agence communication justin stindt consultants sant\u00e9\" \/><\/div>\n<h2><a href=\"https:\/\/www.alioze.com\/ch\/agence-web-specialisee-education-enseignement\/agence-web-education\/\" target=\"_blank\" rel=\"noopener noreferrer\">\u00c9ducation<\/a> &#8211; <a href=\"https:\/\/www.alioze.com\/ch\/agence-web-culture\/\" target=\"_blank\" rel=\"noopener noreferrer\">Culture<\/a> &#8211; Loisirs<\/h2>\n<div class=\"text-center\"><img decoding=\"async\" class=\"img-client\" src=\"https:\/\/www.alioze.com\/wp-content\/uploads\/2016\/02\/agence-web-de-itecom-art-design.png\" alt=\"agence-web-de-itecom-art-design\" \/><img decoding=\"async\" class=\"img-client\" src=\"https:\/\/www.alioze.com\/wp-content\/uploads\/2016\/02\/agence-web-de-cpcm.png\" alt=\"agence-web-de-cpcm\" \/><img decoding=\"async\" class=\"img-client\" src=\"https:\/\/www.alioze.com\/wp-content\/uploads\/2016\/02\/agence-web-de-juridicapbarreau.png\" alt=\"agence-web-de-juridicapbarreau\" \/><img decoding=\"async\" class=\"img-client\" src=\"https:\/\/www.alioze.com\/wp-content\/uploads\/2016\/02\/agence-web-de-idalis.png\" alt=\"agence-web-de-idalis\" \/><img decoding=\"async\" class=\"img-client\" src=\"https:\/\/www.alioze.com\/wp-content\/uploads\/2016\/02\/agence-web-de-good-people.png\" alt=\"agence-web-de-good-people\" \/><img decoding=\"async\" class=\"img-client\" src=\"https:\/\/www.alioze.com\/wp-content\/uploads\/2016\/02\/agence-web-de-moonwalk-films.png\" alt=\"agence-web-de-moonwalk-films\" \/><img decoding=\"async\" class=\"img-client\" src=\"https:\/\/www.alioze.com\/wp-content\/uploads\/2017\/05\/agence-web-de-ecole-ferrieres.png\" alt=\"agence web \u00e9cole ferri\u00e8res\" \/><img decoding=\"async\" class=\"img-client\" src=\"https:\/\/www.alioze.com\/wp-content\/uploads\/2017\/05\/agence-web-alexander-wood.png\" alt=\"agence web alexander wood\" \/><img decoding=\"async\" class=\"img-client\" src=\"https:\/\/www.alioze.com\/wp-content\/uploads\/2017\/08\/agence-web-festi.png\" alt=\"agence web festi\" \/><img decoding=\"async\" class=\"img-client\" src=\"https:\/\/www.alioze.com\/wp-content\/uploads\/2020\/12\/agence-web-otakee.png\" alt=\"agence web otakee\" \/><img decoding=\"async\" class=\"img-client\" src=\"https:\/\/www.alioze.com\/wp-content\/uploads\/2021\/01\/agence-communication-open-sky-international.png\" alt=\"agence communication open sky international\" \/><img decoding=\"async\" class=\"img-client\" src=\"https:\/\/www.alioze.com\/wp-content\/uploads\/2021\/05\/agence-communication-paradis-latin.png\" alt=\"agence communication paradis latin cabaret\" \/><img decoding=\"async\" class=\"img-client\" src=\"https:\/\/www.alioze.com\/wp-content\/uploads\/2021\/07\/agence-communication-solidworks.png\" alt=\"agence communication solidworks\" \/><img decoding=\"async\" class=\"img-client\" src=\"https:\/\/www.alioze.com\/wp-content\/uploads\/2021\/12\/agence-communication-internationale.png\" alt=\"agence communication internationale\" \/><img decoding=\"async\" class=\"img-client\" src=\"https:\/\/www.alioze.com\/wp-content\/uploads\/2021\/12\/agence-communication-british-council.png\" alt=\"agence communication british council\" \/><img decoding=\"async\" class=\"img-client\" src=\"https:\/\/www.alioze.com\/wp-content\/uploads\/2021\/12\/agence-communication-gameloft.png\" alt=\"agence communication gameloft\" \/><\/div>\n<h2>M\u00e9dias &#8211; E-r\u00e9putation &#8211; <a href=\"https:\/\/www.alioze.com\/ch\/agence-communication-avocats\" target=\"_blank\" rel=\"noopener noreferrer\">Avocats<\/a><\/h2>\n<div class=\"text-center\"><img decoding=\"async\" class=\"img-client\" src=\"https:\/\/www.alioze.com\/wp-content\/uploads\/2019\/04\/agence-web-altavia.png\" alt=\"agence web altavia\" \/><img decoding=\"async\" class=\"img-client\" src=\"https:\/\/www.alioze.com\/wp-content\/uploads\/2016\/02\/agence-web-de-mypressagency.png\" alt=\"agence-web-de-mypressagency\" \/><img decoding=\"async\" class=\"img-client\" src=\"https:\/\/www.alioze.com\/wp-content\/uploads\/2016\/02\/agence-web-de-oxygen-rp.png\" alt=\"agence-web-de-oxygen-rp\" \/><img decoding=\"async\" class=\"img-client\" src=\"https:\/\/www.alioze.com\/wp-content\/uploads\/2016\/11\/agence-web-de-yucatan.png\" alt=\"agence-web-de-yucatan\" \/><img decoding=\"async\" class=\"img-client\" src=\"https:\/\/www.alioze.com\/wp-content\/uploads\/2016\/02\/agence-web-de-repu7ation.png\" alt=\"agence-web-de-repu7ation\" \/><img decoding=\"async\" class=\"img-client\" src=\"https:\/\/www.alioze.com\/wp-content\/uploads\/2016\/02\/agence-web-de-e-reputation.png\" alt=\"agence-web-de-e-reputation\" \/><img decoding=\"async\" class=\"img-client\" src=\"https:\/\/www.alioze.com\/wp-content\/uploads\/2016\/02\/agence-web-de-courrier-cadres.png\" alt=\"agence-web-de-courrier-cadres\" \/><img decoding=\"async\" class=\"img-client\" src=\"https:\/\/www.alioze.com\/wp-content\/uploads\/2016\/02\/agence-web-de-esprit-de-parfum.png\" alt=\"agence-web-de-esprit-de-parfum\" \/><img decoding=\"async\" class=\"img-client\" src=\"https:\/\/www.alioze.com\/wp-content\/uploads\/2019\/04\/agence-web-axio-avocat.png\" alt=\"agence web axio avocat\" \/><\/div>\n","protected":false},"excerpt":{"rendered":"<p>Depuis sa cr\u00e9ation en 2008, l&#8217;agence Alioze a accompagn\u00e9 plus de 350 clients vers le succ\u00e8s. Nous sommes fiers d&#8217;avoir contribu\u00e9 au d\u00e9veloppement d&#8217;entreprises de toutes tailles : start-ups, PMEs ou groupes cot\u00e9s. Nous entretenons des relations fortes, durables et privil\u00e9gi\u00e9es avec les entrepreneurs, les dirigeants (CEO), les directions marketing, ainsi que les \u00e9quipes op\u00e9rationnelles. [&hellip;]<\/p>\n","protected":false},"author":3,"featured_media":0,"parent":0,"menu_order":0,"comment_status":"closed","ping_status":"closed","template":"","meta":{"_acf_changed":false,"footnotes":""},"class_list":["post-6120","page","type-page","status-publish","hentry"],"acf":[],"aioseo_notices":[],"amp_enabled":true,"_links":{"self":[{"href":"https:\/\/www.alioze.com\/ch\/wp-json\/wp\/v2\/pages\/6120","targetHints":{"allow":["GET"]}}],"collection":[{"href":"https:\/\/www.alioze.com\/ch\/wp-json\/wp\/v2\/pages"}],"about":[{"href":"https:\/\/www.alioze.com\/ch\/wp-json\/wp\/v2\/types\/page"}],"author":[{"embeddable":true,"href":"https:\/\/www.alioze.com\/ch\/wp-json\/wp\/v2\/users\/3"}],"replies":[{"embeddable":true,"href":"https:\/\/www.alioze.com\/ch\/wp-json\/wp\/v2\/comments?post=6120"}],"version-history":[{"count":32,"href":"https:\/\/www.alioze.com\/ch\/wp-json\/wp\/v2\/pages\/6120\/revisions"}],"predecessor-version":[{"id":30361,"href":"https:\/\/www.alioze.com\/ch\/wp-json\/wp\/v2\/pages\/6120\/revisions\/30361"}],"wp:attachment":[{"href":"https:\/\/www.alioze.com\/ch\/wp-json\/wp\/v2\/media?parent=6120"}],"curies":[{"name":"wp","href":"https:\/\/api.w.org\/{rel}","templated":true}]}}