{"id":6117,"date":"2016-02-26T15:47:59","date_gmt":"2016-02-26T14:47:59","guid":{"rendered":"https:\/\/www.alioze.com\/?page_id=6117"},"modified":"2020-07-16T13:08:23","modified_gmt":"2020-07-16T12:08:23","slug":"mentions-legales","status":"publish","type":"page","link":"https:\/\/www.alioze.com\/ch\/mentions-legales","title":{"rendered":"Mentions L\u00e9gales"},"content":{"rendered":"<h2>Alioze France<\/h2>\n<p>Adresse de courrier \u00e9lectronique : <a href=\"mailto:hello@alioze.com\">hello@alioze.com<\/a><br \/>\nAdresse : 15 rue Claude Terrasse, 75016 Paris<br \/>\nT\u00e9l\u00e9phone : +33 (0) 1 83 62 21 84<br \/>\nEmail : direction@alioze.com<br \/>\nTVA : FR60502835697<br \/>\nSIRET : 50283569700017<br \/>\nSIREN : 502835697<br \/>\nCapital social : 20.000\u20ac<br \/>\nDirigeant : Edouard DUBAN<br \/>\nDate naissance : 05\/01\/1985<\/p>\n<p>Le Directeur de publication du Site Internet est : Monsieur Edouard Duban<\/p>\n<p>&nbsp;<\/p>\n<p><span style=\"text-decoration: underline;\">H\u00e9bergement<\/span> :<\/p>\n<p>ALWAYSDATA, SARL au capital de 5.000 \u20ac immatricul\u00e9e au RCS de Paris sous le num\u00e9ro 492 893 490 dont le si\u00e8ge social se trouve 62 rue Tiquetonne \u2013 75002 Paris.<\/p>\n<p>&#8212;&#8212;&#8211;<\/p>\n<p>La finalit\u00e9 du traitement des donn\u00e9es personnelles fournies volontairement par l&#8217;Internaute sur le Site au travers du module \u00ab Contact \u00bb, est de permettre \u00e0 l&#8217;Internaute d&#8217;\u00eatre contact\u00e9 rapidement par Alioze France.<\/p>\n<p>L&#8217;Internaute est inform\u00e9 que les donn\u00e9es de connexion ou relatives \u00e0 la navigation de l&#8217;Internaute depuis le Site sont collect\u00e9es (informations de navigation) de mani\u00e8re automatique par un logiciel de statistiques et de mesure d&#8217;audience. Ces informations ne sont collect\u00e9es qu&#8217;\u00e0 des fins d&#8217;analyse statistique et d&#8217;optimisation interne du Site.<\/p>\n<p>L&#8217;Internaute est \u00e9galement inform\u00e9 qu&#8217;en application des articles 39 et 40 de la loi dite \u00ab Informatique et Libert\u00e9s \u00bb du 6 janvier 1978, modifi\u00e9e par la loi 2004-801 du 6 ao\u00fbt 2004, l&#8217;Internaute dispose d&#8217;un droit d&#8217;acc\u00e8s, de rectification, de modification et de suppression concernant ses donn\u00e9es personnelles.<\/p>\n","protected":false},"excerpt":{"rendered":"<p>Alioze France Adresse de courrier \u00e9lectronique : hello@alioze.com Adresse : 15 rue Claude Terrasse, 75016 Paris T\u00e9l\u00e9phone : +33 (0) 1 83 62 21 84 Email : direction@alioze.com TVA : FR60502835697 SIRET : 50283569700017 SIREN : 502835697 Capital social : 20.000\u20ac Dirigeant : Edouard DUBAN Date naissance : 05\/01\/1985 Le Directeur de publication du Site [&hellip;]<\/p>\n","protected":false},"author":3,"featured_media":0,"parent":0,"menu_order":0,"comment_status":"closed","ping_status":"closed","template":"","meta":{"_acf_changed":false,"footnotes":""},"class_list":["post-6117","page","type-page","status-publish","hentry"],"acf":[],"aioseo_notices":[],"amp_enabled":true,"_links":{"self":[{"href":"https:\/\/www.alioze.com\/ch\/wp-json\/wp\/v2\/pages\/6117","targetHints":{"allow":["GET"]}}],"collection":[{"href":"https:\/\/www.alioze.com\/ch\/wp-json\/wp\/v2\/pages"}],"about":[{"href":"https:\/\/www.alioze.com\/ch\/wp-json\/wp\/v2\/types\/page"}],"author":[{"embeddable":true,"href":"https:\/\/www.alioze.com\/ch\/wp-json\/wp\/v2\/users\/3"}],"replies":[{"embeddable":true,"href":"https:\/\/www.alioze.com\/ch\/wp-json\/wp\/v2\/comments?post=6117"}],"version-history":[{"count":3,"href":"https:\/\/www.alioze.com\/ch\/wp-json\/wp\/v2\/pages\/6117\/revisions"}],"predecessor-version":[{"id":14223,"href":"https:\/\/www.alioze.com\/ch\/wp-json\/wp\/v2\/pages\/6117\/revisions\/14223"}],"wp:attachment":[{"href":"https:\/\/www.alioze.com\/ch\/wp-json\/wp\/v2\/media?parent=6117"}],"curies":[{"name":"wp","href":"https:\/\/api.w.org\/{rel}","templated":true}]}}