{"id":6093,"date":"2017-06-01T11:08:37","date_gmt":"2017-06-01T10:08:37","guid":{"rendered":"https:\/\/www.alioze.com\/?page_id=6093"},"modified":"2021-08-09T09:27:27","modified_gmt":"2021-08-09T08:27:27","slug":"agence-web-hotellerie","status":"publish","type":"page","link":"https:\/\/www.alioze.com\/ch\/agence-web-hotellerie","title":{"rendered":"Agence de communication sp\u00e9cialis\u00e9e hotellerie"},"content":{"rendered":"<\/div><\/div>\n\t<section class=\"headertitle lazyload\" style=\"background-image:inherit;\" data-bg-image=\"url(https:\/\/www.alioze.com\/wp-content\/themes\/alioze2016\/img\/alioze-communication-branding-design.jpg)\">\n\t\t<div id=\"breadcrumbs\">\n\t\t\t\t\t\t<span>\t\t\t\t\t<a href=\"https:\/\/www.alioze.com\/ch\/\">Home<\/a>\n\t\t\t\t\t > \t\t\t\t\t<a href=\"https:\/\/www.alioze.com\/ch\/blog\">Le Blog<\/a>\n\t\t\t\t\t > <\/span>\n\t\t\t\t\t<\/div>\n\t\t\t\t<div class=\"content-a\">\n\t\t\t\t\t<div class=\"parralax-centertext text-center\">\n\n\t\t\t\t\t\t<h1>Agence de communication sp\u00e9cialis\u00e9e hotellerie<\/h1>\n\t\t\t\t\t\t<span class=\"baseline\">Suisse &amp; International<\/span>\n\t\t\t\t\t<\/div>\n\t\t\t\t<\/div>\n\t\t\t<\/section>\n\t\t\t<div class=\"container\">\n\t\t\t<div class=\"col-xs-12\">\n<p style=\"text-align: center;\">Vous recherchez une <strong>agence de communication sp\u00e9cialis\u00e9e h\u00f4tellerie<\/strong> en <strong>Suisse<\/strong> ? Bienvenue chez Alioze.<\/p>\n<p style=\"text-align: center;\">Vous souhaitez attirer de nouveaux clients ou en faire revenir d\u2019autres gr\u00e2ce \u00e0 une strat\u00e9gie de communication et\/ou marketing sur-mesure ?<br \/>\nStimuler vos r\u00e9servations de chambres, mariages ou r\u00e9unions avec de la publicit\u00e9 ?<br \/>\nVous avez besoin d&#8217;un nouveau site web responsive, multilingue et optimis\u00e9 pour le r\u00e9f\u00e9rencement naturel ?<\/p>\n<p style=\"text-align: center;\">Alioze, agence web et de communication \u00e0 360\u00b0, aide les professionnels de l&#8217;h\u00f4tellerie \u00e0 sensibiliser, engager et fid\u00e9liser une client\u00e8le nationale et internationale.<\/p>\n<p>&nbsp;<\/p>\n<\/div><\/div><div class=\"container-fluid\" style=\"padding:0\"><div id=\"d96ca469\" class=\"imgFull lazyload\" style=\"height:350px;background-image:inherit;background-position:top;background-repeat:no-repeat;moz-background-size:cover;background-size: cover;\" data-bg-image=\"url(https:\/\/www.alioze.com\/wp-content\/uploads\/2020\/06\/agence-communication-hotel-2.jpg)\"><\/div><\/div><div class=\"container\"><div class=\"col-xs-12\">\n<p>&nbsp;<\/p>\n<h2>Nos prestations sur-mesure pour les professionnels de l&#8217;h\u00f4tellerie<\/h2>\n<ul>\n<li><a href=\"https:\/\/www.alioze.com\/ch\/developpement\/\" target=\"_blank\" rel=\"noopener noreferrer\">D\u00e9veloppement web<\/a> :\n<ul>\n<li>Cr\u00e9ation de site web responsive et multilingues.<\/li>\n<li>Interfa\u00e7age CRM et e-commerce.<\/li>\n<li>Cr\u00e9ation de chatbot.<\/li>\n<\/ul>\n<\/li>\n<li><a href=\"https:\/\/www.alioze.com\/ch\/communication\/\" target=\"_blank\" rel=\"noopener noreferrer\">Communication<\/a> :\n<ul>\n<li>Newsletter &amp; campagnes d\u2019emailing.<\/li>\n<li>R\u00e9daction et traductions de contenus.<\/li>\n<li>Design et conception graphique.<\/li>\n<li>Prises de vue photos et vid\u00e9os de vos \u00e9tablissements, personnels, chambres, \u00e9v\u00e8nements, etc.<\/li>\n<li>Gestion, surveillance et optimisation de l\u2019e-r\u00e9putation.<\/li>\n<\/ul>\n<\/li>\n<li><a href=\"https:\/\/www.alioze.com\/ch\/acquisition\/\" target=\"_blank\" rel=\"noopener noreferrer\">Acquisition de trafic<\/a> :\n<ul>\n<li>R\u00e9f\u00e9rencement naturel (SEO) et payant (Ads).<\/li>\n<li>\u00c9tude s\u00e9mantique pouss\u00e9e.<\/li>\n<li>Google Rich Cards, Google Hotel Ads &amp; Google My Business.<\/li>\n<li>Publicit\u00e9 et communication sur les r\u00e9seaux sociaux.<\/li>\n<\/ul>\n<\/li>\n<\/ul>\n<p>Alioze offre \u00e0 ses clients tous les avantages et l\u2019exp\u00e9rience d\u2019une agence de communication sp\u00e9cialis\u00e9e h\u00f4tellerie, pour les guider vers plus de croissance gr\u00e2ce \u00e0 une pr\u00e9sence web optimis\u00e9e et la mise en place d\u2019une strat\u00e9gie adapt\u00e9e.<\/p>\n<p>Recherche de mots-cl\u00e9s, refonte de votre image de marque, conception de publicit\u00e9, optimisation de vos pages web : vous aider \u00e0 maximiser votre visibilit\u00e9 est au coeur de notre mission.<\/p>\n<p>Avec Alioze, vous r\u00e9pondrez aux besoins des voyageurs gr\u00e2ce \u00e0 une strat\u00e9gie de communication \u00e0 forte valeur ajout\u00e9e et un site web con\u00e7u et optimis\u00e9 pour la recherche, l\u2019engagement et les conversions.<\/p>\n<\/div><\/div>\n\t<section class=\"quickcontact lazyload\" style=\"background-image:inherit;\" data-bg-image=\"url(https:\/\/www.alioze.com\/wp-content\/themes\/alioze2016\/img\/alioze-communication-branding-design.jpg)\">\n\t\t\t\t<div class=\"content-a\">\n\t\t\t\t\t<div class=\"parralax-centertext\">\n\t\t\t\t\t\t<div class=\"container\">\n\t\t\t\t\t\t\t\t<div class=\"col-xs-12 col-sm-6 col-sm-offset-1 col-md-7 col-md-offset-1 quickcontact-text\">\n\t\t\t\t\t\t\t\tAlioze, l'agence sp\u00e9cialis\u00e9e h\u00f4tellerie qui r\u00e9pond \u00e0 vos besoins\n\t\t\t\t\t\t\t\t<\/div>\n\t\t\t\t\t\t\t\t<div class=\"col-xs-12 col-sm-4 col-md-3\">\n\t\t\t\t\t\t\t\t<a href=\"https:\/\/www.alioze.com\/ch\/contact\" class=\"btn btn-lg btn-default  center-block\">Prenez contact<\/a>\n\t\t\t\t\t\t\t\t<\/div>\n\t\t\t\t\t\t<\/div>\n\t\t\t\t\t<\/div>\n\t\t\t\t<\/div>\n\t\t\t<\/section>\n\t\t\t<div class=\"container\">\n\t\t\t<div class=\"col-xs-12\">\n<p>&nbsp;<\/p>\n<p>&nbsp;<\/p>\n<h2>Quelques une de nos r\u00e9f\u00e9rences clients du secteur h\u00f4telier<\/h2>\n<div class=\"text-center\"><img decoding=\"async\" class=\"img-client\" src=\"https:\/\/www.alioze.com\/wp-content\/uploads\/2017\/07\/agence-web-club-faune.png\" alt=\"agence web club faune\" \/><img decoding=\"async\" class=\"img-client\" src=\"https:\/\/www.alioze.com\/wp-content\/uploads\/2017\/07\/agence-web-images-du-monde.png\" alt=\"agence web images du monde\" \/><img decoding=\"async\" class=\"img-client\" src=\"https:\/\/www.alioze.com\/wp-content\/uploads\/2017\/05\/agence-web-de-ecole-ferrieres.png\" alt=\"agence web \u00e9cole ferri\u00e8res\" \/><img decoding=\"async\" class=\"img-client\" src=\"https:\/\/www.alioze.com\/wp-content\/uploads\/2018\/06\/luxury-lodges-glencoe.png\" alt=\"lodges glencoe\" \/><\/div>\n<p>&nbsp;<\/p>\n<p>Depuis 2008, Alioze d\u00e9die sa force cr\u00e9atrice et strat\u00e9gique au d\u00e9veloppement de la notori\u00e9t\u00e9, visibilit\u00e9 et business de ses clients. Forts de plusieurs centaines de collaborations avec des PMEs, TPEs et entreprises d\u2019envergure, nous d\u00e9veloppons des strat\u00e9gies web, de communication et marketing sur-mesure, con\u00e7ues pour relier les voyageurs \u00e0 votre \u00e9tablissement h\u00f4telier.<\/p>\n<p>Notre expertise s&#8217;adresse \u00e0 diff\u00e9rents types d&#8217;activit\u00e9 :<\/p>\n<ul>\n<li><strong>H\u00f4tel de luxe<\/strong> ;<\/li>\n<li><strong>Cha\u00eene h\u00f4teli\u00e8re<\/strong> ;<\/li>\n<li><strong>Petit h\u00f4tel de charme<\/strong> ;<\/li>\n<li><strong>\u00c9tablissement h\u00f4telier<\/strong> ;<\/li>\n<li><strong>Bed and breakfast<\/strong> ;<\/li>\n<li><strong>Parc de vacances<\/strong> ;<\/li>\n<li><strong>Service d&#8217;h\u00e9bergement<\/strong>.<\/li>\n<\/ul>\n<p>&nbsp;<\/p>\n<p>&nbsp;<\/p>\n<h2>Besoin d&#8217;aide pour votre \u00e9tablissement h\u00f4telier ?<\/h2>\n<p style=\"text-align: center;\">Notre agence est ouverte de 9H30 \u00e0 19H00 du lundi au vendredi.<\/p>\n<p style=\"text-align: center;\">N&#8217;h\u00e9sitez pas \u00e0 nous contacter par t\u00e9l\u00e9phone au <a href=\"tel:+33183622184\"> +33 (0) 1 83 62 21 84<\/a> ou en remplissant ce court formulaire :<\/p>\n\n<div class=\"wpcf7 no-js\" id=\"wpcf7-f4885-o1\" lang=\"fr-FR\" dir=\"ltr\" data-wpcf7-id=\"4885\">\n<div class=\"screen-reader-response\"><p role=\"status\" aria-live=\"polite\" aria-atomic=\"true\"><\/p> <ul><\/ul><\/div>\n<form action=\"\/ch\/wp-json\/wp\/v2\/pages\/6093#wpcf7-f4885-o1\" method=\"post\" class=\"wpcf7-form init\" aria-label=\"Contact form\" novalidate=\"novalidate\" data-status=\"init\">\n<fieldset class=\"hidden-fields-container\"><input type=\"hidden\" name=\"_wpcf7\" value=\"4885\" \/><input type=\"hidden\" name=\"_wpcf7_version\" value=\"6.1.5\" \/><input type=\"hidden\" name=\"_wpcf7_locale\" value=\"fr_FR\" \/><input type=\"hidden\" name=\"_wpcf7_unit_tag\" value=\"wpcf7-f4885-o1\" \/><input type=\"hidden\" name=\"_wpcf7_container_post\" value=\"0\" \/><input type=\"hidden\" name=\"_wpcf7_posted_data_hash\" value=\"\" \/><input type=\"hidden\" name=\"_wpcf7_recaptcha_response\" value=\"\" \/>\n<\/fieldset>\n<div class=\"form-group\">\n\t<p><span class=\"wpcf7-form-control-wrap\" data-name=\"contact-name\"><input size=\"40\" maxlength=\"400\" class=\"wpcf7-form-control wpcf7-text wpcf7-validates-as-required form-control\" aria-required=\"true\" aria-invalid=\"false\" placeholder=\"Votre nom *\" value=\"\" type=\"text\" name=\"contact-name\" \/><\/span>\n\t<\/p>\n<\/div>\n<div class=\"form-group\">\n\t<p><span class=\"wpcf7-form-control-wrap\" data-name=\"contact-telephone\"><input size=\"40\" maxlength=\"400\" class=\"wpcf7-form-control wpcf7-text wpcf7-validates-as-required form-control\" aria-required=\"true\" aria-invalid=\"false\" placeholder=\"Votre num\u00e9ro de t\u00e9l\u00e9phone *\" value=\"\" type=\"text\" name=\"contact-telephone\" \/><\/span>\n\t<\/p>\n<\/div>\n<div class=\"form-group\">\n\t<p><span class=\"wpcf7-form-control-wrap\" data-name=\"contact-email\"><input size=\"40\" maxlength=\"400\" class=\"wpcf7-form-control wpcf7-email wpcf7-validates-as-required wpcf7-text wpcf7-validates-as-email form-control\" aria-required=\"true\" aria-invalid=\"false\" placeholder=\"Votre e-mail *\" value=\"\" type=\"email\" name=\"contact-email\" \/><\/span>\n\t<\/p>\n<\/div>\n<div class=\"form-group\">\n\t<p><span class=\"wpcf7-form-control-wrap\" data-name=\"contact-message\"><textarea cols=\"40\" rows=\"10\" maxlength=\"2000\" class=\"wpcf7-form-control wpcf7-textarea wpcf7-validates-as-required form-control\" aria-required=\"true\" aria-invalid=\"false\" placeholder=\"Votre message *\" name=\"contact-message\"><\/textarea><\/span>\n\t<\/p>\n<\/div>\n<p><span class=\"wpcf7-form-control-wrap\" data-name=\"checkbox-262\"><span class=\"wpcf7-form-control wpcf7-checkbox wpcf7-validates-as-required\"><span class=\"wpcf7-list-item first last\"><input type=\"checkbox\" name=\"checkbox-262[]\" value=\"J&#039;ai lu et j&#039;accepte les Conditions G\u00e9n\u00e9rales d&#039;Utilisation\" \/><span class=\"wpcf7-list-item-label\">J&#039;ai lu et j&#039;accepte les Conditions G\u00e9n\u00e9rales d&#039;Utilisation<\/span><\/span><\/span><\/span>\n<\/p>\n<div style=\"display:none !important\">\n\t<p><span class=\"wpcf7-form-control-wrap\" data-name=\"pipedrive_hook\"><input size=\"40\" maxlength=\"400\" class=\"wpcf7-form-control wpcf7-text wpcf7-validates-as-required\" aria-required=\"true\" aria-invalid=\"false\" value=\"1\" type=\"text\" name=\"pipedrive_hook\" \/><\/span>\n\t<\/p>\n<\/div>\n<p><input class=\"wpcf7-form-control wpcf7-submit has-spinner btn btn-lg btn-default btn-dark center-block gtm-contact-form-submit\" type=\"submit\" value=\"Envoyer\" \/>\n<\/p><p style=\"display: none !important;\" class=\"akismet-fields-container\" data-prefix=\"_wpcf7_ak_\"><label>&#916;<textarea name=\"_wpcf7_ak_hp_textarea\" cols=\"45\" rows=\"8\" maxlength=\"100\"><\/textarea><\/label><input type=\"hidden\" id=\"ak_js_1\" name=\"_wpcf7_ak_js\" value=\"69\"\/><script>document.getElementById( \"ak_js_1\" ).setAttribute( \"value\", ( new Date() ).getTime() );<\/script><\/p><div class=\"wpcf7-response-output\" aria-hidden=\"true\"><\/div>\n<\/form>\n<\/div>\n\n<p>&nbsp;<\/p>\n<p>&nbsp;<\/p>\n<h2>H\u00f4tellerie sur le web : focus<\/h2>\n<\/div><\/div><div class=\"container-fluid\" style=\"padding:0\"><div id=\"ae9a2b1a\" class=\"imgFull lazyload\" style=\"height:350px;background-image:inherit;background-position:center;background-repeat:no-repeat;moz-background-size:cover;background-size: cover;\" data-bg-image=\"url(https:\/\/www.alioze.com\/wp-content\/uploads\/2020\/04\/industrie-hotel-statistiques-chiffres.jpg)\"><\/div><\/div><div class=\"container\"><div class=\"col-xs-12\">\n<p>Les tendances de consommation autour du <strong>secteur de l&#8217;h\u00f4tellerie<\/strong> sont vari\u00e9es et en constante \u00e9volution. Dans l&#8217;h\u00f4tellerie, la relation physique et la qualit\u00e9 du service sont \u00e9videmment essentielles. Mais, dor\u00e9navant, elles ne suffisent plus et doivent \u00eatre coupl\u00e9es \u00e0 une pr\u00e9sence sur le web optimis\u00e9e.<\/p>\n<p>En 2020, des millions de consommateurs utilisent quotidiennement Internet pour leurs recherches d\u2019h\u00f4tel. Autant d\u2019occasion de capter de nouveaux clients.<\/p>\n<p>La digitalisation de l\u2019industrie touristique a bouscul\u00e9 le secteur de l&#8217;h\u00f4tellerie, qui a vu arriver :<\/p>\n<ul>\n<li>Les agences de r\u00e9servations en ligne (Booking, Trivago, etc.) ;<\/li>\n<li>Les comparateurs de prix (Kayak) ;<\/li>\n<li>Les sites d\u2019avis et de conseils (TripAdvisor, etc.) ;<\/li>\n<li>Les sites de locations et de r\u00e9servation d\u2019h\u00e9bergement entre particuliers (Airbnb, Wimdu, etc.).<\/li>\n<\/ul>\n<p>Face \u00e0 la concurrence, pour atteindre les voyageurs et \u00e9veiller leur int\u00e9r\u00eat, votre communication doit imp\u00e9rativement se d\u00e9marquer.<\/p>\n<p>D&#8217;un syst\u00e8me de r\u00e9servation en ligne \u00e0 un site web innovant, vous devez mettre au point une strat\u00e9gie digitale qui correspond \u00e0 vos objectifs commerciaux globaux.<\/p>\n<p>Le parcours web de votre client doit \u00eatre le plus simple et intuitif possible. En effet, la plupart des internautes d\u00e9cident dans les trois premi\u00e8res secondes de l&#8217;affichage d&#8217;un site web s\u2019il y reste ou s\u2019il passe \u00e0 un autre. Le site web de votre h\u00f4tel doit ainsi cr\u00e9er un d\u00e9sir instantan\u00e9. Plus que d\u2019offrir un simple lit pour la nuit, ou une table pour le d\u00e9jeuner, vous devez mettre en avant ce qui fait votre sp\u00e9cificit\u00e9.<\/p>\n<p>Dans l\u2019optique de convertir davantage de visiteurs en clients, une exp\u00e9rience utilisateur sans faille est donc essentielle pour un site web d&#8217;h\u00f4tellerie. Le design, la navigation et une arborescence claire et hi\u00e9rarchis\u00e9e sont cruciaux. Des \u00e9l\u00e9ments d\u00e9clencheurs d\u2019action doivent \u00e9galement y \u00eatre pr\u00e9sents : brochure de l&#8217;h\u00f4tel ou possibilit\u00e9 de r\u00e9server une chambre.<\/p>\n<p>De plus en plus, vos h\u00f4tes souhaiteront une flexibilit\u00e9 et un acc\u00e8s facile \u00e0 l&#8217;information sur plusieurs plates-formes. Qu\u2019ils v\u00e9rifient vos installations sur leur smartphone, lisent vos menus sur leur tablette ou v\u00e9rifient les prix de leur ordinateur portable, leur exp\u00e9rience utilisateur doit se d\u00e9rouler sans encombre.<\/p>\n<p>Enfin, pour g\u00e9n\u00e9rer du trafic sur votre site web, ce dernier doit \u00eatre visible. La cl\u00e9 de la visibilit\u00e9 est d\u2019\u00eatre pr\u00e9sent partout o\u00f9 se trouvent les clients potentiels : sur les r\u00e9seaux sociaux, Google et autres moteurs de recherche.<\/p>\n<p>&nbsp;<\/p>\n<p>&nbsp;<\/p>\n<h2><span style=\"color: #333333;\"><a style=\"color: #333333;\" href=\"https:\/\/www.alioze.com\/ch\/secteurs\" target=\"_blank\" rel=\"noopener\">Secteurs<\/a><\/span> dans lesquels l&#8217;agence Alioze est sp\u00e9cialis\u00e9e<\/h2>\n<p style=\"text-align: center;\">Vous \u00eates bas\u00e9s \u00e0 Gen\u00e8ve, Zurich, B\u00e2le ou Lausanne ?<br \/>\nNotre agence s\u2019occupe de votre dossier o\u00f9 que vous soyez.<\/p>\n","protected":false},"excerpt":{"rendered":"<p>Vous recherchez une agence de communication sp\u00e9cialis\u00e9e h\u00f4tellerie en Suisse ? Bienvenue chez Alioze. Vous souhaitez attirer de nouveaux clients ou en faire revenir d\u2019autres gr\u00e2ce \u00e0 une strat\u00e9gie de communication et\/ou marketing sur-mesure ? Stimuler vos r\u00e9servations de chambres, mariages ou r\u00e9unions avec de la publicit\u00e9 ? Vous avez besoin d&#8217;un nouveau site web [&hellip;]<\/p>\n","protected":false},"author":6,"featured_media":8031,"parent":0,"menu_order":0,"comment_status":"closed","ping_status":"closed","template":"page-no-title.php","meta":{"_acf_changed":false,"footnotes":""},"class_list":["post-6093","page","type-page","status-publish","has-post-thumbnail","hentry"],"acf":[],"aioseo_notices":[],"amp_enabled":false,"_links":{"self":[{"href":"https:\/\/www.alioze.com\/ch\/wp-json\/wp\/v2\/pages\/6093","targetHints":{"allow":["GET"]}}],"collection":[{"href":"https:\/\/www.alioze.com\/ch\/wp-json\/wp\/v2\/pages"}],"about":[{"href":"https:\/\/www.alioze.com\/ch\/wp-json\/wp\/v2\/types\/page"}],"author":[{"embeddable":true,"href":"https:\/\/www.alioze.com\/ch\/wp-json\/wp\/v2\/users\/6"}],"replies":[{"embeddable":true,"href":"https:\/\/www.alioze.com\/ch\/wp-json\/wp\/v2\/comments?post=6093"}],"version-history":[{"count":18,"href":"https:\/\/www.alioze.com\/ch\/wp-json\/wp\/v2\/pages\/6093\/revisions"}],"predecessor-version":[{"id":23335,"href":"https:\/\/www.alioze.com\/ch\/wp-json\/wp\/v2\/pages\/6093\/revisions\/23335"}],"wp:featuredmedia":[{"embeddable":true,"href":"https:\/\/www.alioze.com\/ch\/wp-json\/wp\/v2\/media\/8031"}],"wp:attachment":[{"href":"https:\/\/www.alioze.com\/ch\/wp-json\/wp\/v2\/media?parent=6093"}],"curies":[{"name":"wp","href":"https:\/\/api.w.org\/{rel}","templated":true}]}}