{"id":6090,"date":"2017-07-10T19:45:27","date_gmt":"2017-07-10T18:45:27","guid":{"rendered":"https:\/\/www.alioze.com\/?page_id=6090"},"modified":"2021-12-06T16:35:12","modified_gmt":"2021-12-06T15:35:12","slug":"agence-web-specialisee-education-enseignement","status":"publish","type":"page","link":"https:\/\/www.alioze.com\/ch\/agence-web-education","title":{"rendered":"Agence de Communication sp\u00e9cialis\u00e9e \u00e9ducation &#038; enseignement"},"content":{"rendered":"<\/div><\/div>\n\t<section class=\"headertitle lazyload\" style=\"background-image:inherit;\" data-bg-image=\"url(https:\/\/www.alioze.com\/wp-content\/themes\/alioze2016\/img\/alioze-communication-branding-design.jpg)\">\n\t\t<div id=\"breadcrumbs\">\n\t\t\t\t\t\t<span>\t\t\t\t\t<a href=\"https:\/\/www.alioze.com\/ch\/\">Home<\/a>\n\t\t\t\t\t > \t\t\t\t\t<a href=\"https:\/\/www.alioze.com\/ch\/blog\">Le Blog<\/a>\n\t\t\t\t\t > <\/span>\n\t\t\t\t\t<\/div>\n\t\t\t\t<div class=\"content-a\">\n\t\t\t\t\t<div class=\"parralax-centertext text-center\">\n\n\t\t\t\t\t\t<h1>Agence de Communication sp\u00e9cialis\u00e9e \u00e9ducation &#038; enseignement<\/h1>\n\t\t\t\t\t\t<span class=\"baseline\">Suisse &amp; International<\/span>\n\t\t\t\t\t<\/div>\n\t\t\t\t<\/div>\n\t\t\t<\/section>\n\t\t\t<div class=\"container\">\n\t\t\t<div class=\"col-xs-12\">\n<p style=\"text-align: center;\">Vous recherchez une <strong>agence de communication sp\u00e9cialis\u00e9e \u00e9ducation<\/strong> et <strong>enseignement<\/strong> en <strong>Suisse<\/strong> ? Bienvenue chez Alioze.<\/p>\n<p style=\"text-align: center;\">Vous voulez renforcer la cr\u00e9dibilit\u00e9 institutionnelle de votre \u00e9tablissement ?<br \/>\nCr\u00e9er et planifier votre prochaine campagne de communication et\/ou marketing ?<br \/>\nMettre en place une strat\u00e9gie de recrutement d\u2019\u00e9tudiants ?<\/p>\n<p style=\"text-align: center;\">Alioze est une agence sp\u00e9cialis\u00e9e \u00e9ducation qui dispose d&#8217;une expertise en d\u00e9veloppement web, communication et marketing. Notre \u00e9quipe propose une gamme de solutions \u00e9prouv\u00e9es \u00e0 destination des acteurs du secteur \u00e9ducatif et \u00e9tablissements scolaires de toutes tailles.<\/p>\n<\/div><\/div>\n\t<section class=\"quickcontact lazyload\" style=\"background-image:inherit;\" data-bg-image=\"url(https:\/\/www.alioze.com\/wp-content\/themes\/alioze2016\/img\/alioze-communication-branding-design.jpg)\">\n\t\t\t\t<div class=\"content-a\">\n\t\t\t\t\t<div class=\"parralax-centertext\">\n\t\t\t\t\t\t<div class=\"container\">\n\t\t\t\t\t\t\t\t<div class=\"col-xs-12 col-sm-6 col-sm-offset-1 col-md-7 col-md-offset-1 quickcontact-text\">\n\t\t\t\t\t\t\t\tAlioze, l'agence sp\u00e9cialis\u00e9e \u00e9ducation qui r\u00e9pond \u00e0 vos besoins\n\t\t\t\t\t\t\t\t<\/div>\n\t\t\t\t\t\t\t\t<div class=\"col-xs-12 col-sm-4 col-md-3\">\n\t\t\t\t\t\t\t\t<a href=\"https:\/\/www.alioze.com\/ch\/contact\" class=\"btn btn-lg btn-default  center-block\">Prenez contact<\/a>\n\t\t\t\t\t\t\t\t<\/div>\n\t\t\t\t\t\t<\/div>\n\t\t\t\t\t<\/div>\n\t\t\t\t<\/div>\n\t\t\t<\/section>\n\t\t\t<div class=\"container\">\n\t\t\t<div class=\"col-xs-12\">\n<p>&nbsp;<\/p>\n<p>&nbsp;<\/p>\n\n\t\t<style type=\"text\/css\">\n\t\t\t#gallery-1 {\n\t\t\t\tmargin: auto;\n\t\t\t}\n\t\t\t#gallery-1 .gallery-item {\n\t\t\t\tfloat: left;\n\t\t\t\tmargin-top: 10px;\n\t\t\t\ttext-align: center;\n\t\t\t\twidth: 33%;\n\t\t\t}\n\t\t\t#gallery-1 img {\n\t\t\t\tborder: 2px solid #cfcfcf;\n\t\t\t}\n\t\t\t#gallery-1 .gallery-caption {\n\t\t\t\tmargin-left: 0;\n\t\t\t}\n\t\t\t\/* see gallery_shortcode() in wp-includes\/media.php *\/\n\t\t<\/style>\n\t\t<div id='gallery-1' class='gallery galleryid-6090 gallery-columns-3 gallery-size-thumbnail'><dl class='gallery-item'>\n\t\t\t<dt class='gallery-icon portrait'>\n\t\t\t\t<a href='https:\/\/www.alioze.com\/ch\/agence-web-specialisee-education-enseignement\/agence-digitale-education-enseignement-2\/'><img decoding=\"async\" width=\"150\" height=\"150\" data-src=\"https:\/\/www.alioze.com\/wp-content\/uploads\/2020\/06\/agence-digitale-education-enseignement-150x150.jpg\" class=\"attachment-thumbnail size-thumbnail lazyload\" alt=\"agence digitale \u00e9ducation enseignement\" src=\"data:image\/svg+xml;base64,PHN2ZyB3aWR0aD0iMSIgaGVpZ2h0PSIxIiB4bWxucz0iaHR0cDovL3d3dy53My5vcmcvMjAwMC9zdmciPjwvc3ZnPg==\" style=\"--smush-placeholder-width: 150px; --smush-placeholder-aspect-ratio: 150\/150;\" \/><\/a>\n\t\t\t<\/dt><\/dl><dl class='gallery-item'>\n\t\t\t<dt class='gallery-icon landscape'>\n\t\t\t\t<a href='https:\/\/www.alioze.com\/ch\/agence-web-specialisee-education-enseignement\/agence-marketing-education-enseignement-2\/'><img decoding=\"async\" width=\"150\" height=\"150\" data-src=\"https:\/\/www.alioze.com\/wp-content\/uploads\/2020\/06\/agence-marketing-education-enseignement-150x150.jpg\" class=\"attachment-thumbnail size-thumbnail lazyload\" alt=\"agence marketing \u00e9ducation enseignement\" src=\"data:image\/svg+xml;base64,PHN2ZyB3aWR0aD0iMSIgaGVpZ2h0PSIxIiB4bWxucz0iaHR0cDovL3d3dy53My5vcmcvMjAwMC9zdmciPjwvc3ZnPg==\" style=\"--smush-placeholder-width: 150px; --smush-placeholder-aspect-ratio: 150\/150;\" \/><\/a>\n\t\t\t<\/dt><\/dl><dl class='gallery-item'>\n\t\t\t<dt class='gallery-icon portrait'>\n\t\t\t\t<a href='https:\/\/www.alioze.com\/ch\/agence-web-specialisee-education-enseignement\/agence-publicite-education-enseignement-2\/'><img decoding=\"async\" width=\"150\" height=\"150\" data-src=\"https:\/\/www.alioze.com\/wp-content\/uploads\/2020\/06\/agence-publicite-education-enseignement-150x150.jpg\" class=\"attachment-thumbnail size-thumbnail lazyload\" alt=\"agence publicit\u00e9 \u00e9ducation enseignement\" src=\"data:image\/svg+xml;base64,PHN2ZyB3aWR0aD0iMSIgaGVpZ2h0PSIxIiB4bWxucz0iaHR0cDovL3d3dy53My5vcmcvMjAwMC9zdmciPjwvc3ZnPg==\" style=\"--smush-placeholder-width: 150px; --smush-placeholder-aspect-ratio: 150\/150;\" \/><\/a>\n\t\t\t<\/dt><\/dl><br style=\"clear: both\" \/><dl class='gallery-item'>\n\t\t\t<dt class='gallery-icon landscape'>\n\t\t\t\t<a href='https:\/\/www.alioze.com\/ch\/agence-web-specialisee-education-enseignement\/agence-referencement-seo-education-enseignement-2\/'><img decoding=\"async\" width=\"150\" height=\"150\" data-src=\"https:\/\/www.alioze.com\/wp-content\/uploads\/2020\/06\/agence-referencement-seo-education-enseignement-150x150.jpg\" class=\"attachment-thumbnail size-thumbnail lazyload\" alt=\"agence r\u00e9f\u00e9rencement seo \u00e9ducation enseignement\" src=\"data:image\/svg+xml;base64,PHN2ZyB3aWR0aD0iMSIgaGVpZ2h0PSIxIiB4bWxucz0iaHR0cDovL3d3dy53My5vcmcvMjAwMC9zdmciPjwvc3ZnPg==\" style=\"--smush-placeholder-width: 150px; --smush-placeholder-aspect-ratio: 150\/150;\" \/><\/a>\n\t\t\t<\/dt><\/dl><dl class='gallery-item'>\n\t\t\t<dt class='gallery-icon portrait'>\n\t\t\t\t<a href='https:\/\/www.alioze.com\/ch\/agence-web-specialisee-education-enseignement\/agence-rp-education-enseignement-2\/'><img decoding=\"async\" width=\"150\" height=\"150\" data-src=\"https:\/\/www.alioze.com\/wp-content\/uploads\/2020\/06\/agence-rp-education-enseignement-150x150.jpg\" class=\"attachment-thumbnail size-thumbnail lazyload\" alt=\"agence rp \u00e9ducation enseignement\" src=\"data:image\/svg+xml;base64,PHN2ZyB3aWR0aD0iMSIgaGVpZ2h0PSIxIiB4bWxucz0iaHR0cDovL3d3dy53My5vcmcvMjAwMC9zdmciPjwvc3ZnPg==\" style=\"--smush-placeholder-width: 150px; --smush-placeholder-aspect-ratio: 150\/150;\" \/><\/a>\n\t\t\t<\/dt><\/dl><dl class='gallery-item'>\n\t\t\t<dt class='gallery-icon landscape'>\n\t\t\t\t<a href='https:\/\/www.alioze.com\/ch\/agence-web-specialisee-education-enseignement\/agence-web-education-enseignement-2\/'><img decoding=\"async\" width=\"150\" height=\"150\" data-src=\"https:\/\/www.alioze.com\/wp-content\/uploads\/2020\/06\/agence-web-education-enseignement-150x150.jpg\" class=\"attachment-thumbnail size-thumbnail lazyload\" alt=\"agence web \u00e9ducation enseignement\" src=\"data:image\/svg+xml;base64,PHN2ZyB3aWR0aD0iMSIgaGVpZ2h0PSIxIiB4bWxucz0iaHR0cDovL3d3dy53My5vcmcvMjAwMC9zdmciPjwvc3ZnPg==\" style=\"--smush-placeholder-width: 150px; --smush-placeholder-aspect-ratio: 150\/150;\" \/><\/a>\n\t\t\t<\/dt><\/dl><br style=\"clear: both\" \/>\n\t\t<\/div>\n\n<p>&nbsp;<\/p>\n<p>&nbsp;<\/p>\n<h2>Nos prestations sur-mesure pour les professionnels de l\u2019\u00e9ducation<\/h2>\n<ul>\n<li><a href=\"https:\/\/www.alioze.com\/ch\/developpement\/\" target=\"_blank\" rel=\"noopener noreferrer\">D\u00e9veloppement web<\/a> :\n<ul>\n<li>Cr\u00e9ation ou refonte de site web responsive, design et fonctionnel.<\/li>\n<\/ul>\n<\/li>\n<li><a href=\"https:\/\/www.alioze.com\/ch\/acquisition\/\" target=\"_blank\" rel=\"noopener noreferrer\">Acquisition<\/a> :\n<ul>\n<li>Publicit\u00e9 print et digitale (presse et m\u00e9dias sp\u00e9cialis\u00e9s, Google Ads, Youtube, r\u00e9seaux sociaux).<\/li>\n<li>Optimisation SEO pour les moteurs de recherche.<\/li>\n<li>R\u00e9f\u00e9rencement local, national et international.<\/li>\n<li>S\u00e9mantique pr\u00e9dictive et \u00e9tude concurrentielle.<\/li>\n<\/ul>\n<\/li>\n<li><a href=\"https:\/\/www.alioze.com\/ch\/communication\/\" target=\"_blank\" rel=\"noopener noreferrer\">Communication<\/a> :\n<ul>\n<li>Conception, design et charte graphique.<\/li>\n<li>Accompagnement et conseil social media.<\/li>\n<li>Production de contenus.<\/li>\n<li>Newsletter et campagnes d&#8217;e-mailing.<\/li>\n<li>Gestion et surveillance de l&#8217;e-r\u00e9putation.<\/li>\n<\/ul>\n<\/li>\n<\/ul>\n<p>Chaque g\u00e9n\u00e9ration est plus \u00ab connect\u00e9e \u00bb que la pr\u00e9c\u00e9dente. Il est donc temps de commencer \u00e0 les atteindre sur le web, et nous sommes l\u00e0 pour vous aider !<\/p>\n<p>D\u00e9sormais, il est difficile de trouver un \u00e9tudiant qui ne soit pas connect\u00e9. Quand ils recherchent des informations sur l\u2019endroit o\u00f9 ils \u00e9tudieront, vos futurs \u00e9l\u00e8ves passeront donc surement d\u2019un ordinateur \u00e0 un smartphone, et des moteurs de recherche aux r\u00e9seaux sociaux. Notre but premier est donc de s&#8217;assurer que votre public trouve ce qu&#8217;il cherche, au bon moment.<\/p>\n<p>C\u2019est pourquoi lorsque nous collaborons avec un \u00e9tablissement scolaire, nous commen\u00e7ons par un processus approfondi de d\u00e9couverte et de compr\u00e9hension de notre client, de recherche et de positionnement.<\/p>\n<p>Pour cela, nous effectuons tout d\u2019abord une recherche s\u00e9mantique et une \u00e9tude de march\u00e9 approfondies qui nous permettent d\u2019identifier le contenu recherch\u00e9 par votre public et planifier o\u00f9, comment et quand le partager pour obtenir les meilleurs r\u00e9sultats \u00e0 long terme.<\/p>\n<p>Ensuite, nous travaillons sur une strat\u00e9gie de communication qui permet \u00e0 votre marketing de contenu de booster votre notori\u00e9t\u00e9, vos inscriptions et, plus globalement, vos objectifs d\u00e9finis.<\/p>\n<p>Le r\u00e9sultat ? Au fil du temps, votre offre \u00e9ducative gagne en visibilit\u00e9, en notori\u00e9t\u00e9 et en attractivit\u00e9.<\/p>\n<p>&nbsp;<\/p>\n<p>&nbsp;<\/p>\n<h2>Quelques une de nos r\u00e9f\u00e9rences clients du secteur de l&#8217;\u00e9ducation et de l&#8217;enseignement<\/h2>\n<div class=\"text-center\"><img decoding=\"async\" class=\"img-client\" src=\"https:\/\/www.alioze.com\/wp-content\/uploads\/2016\/02\/agence-web-de-itecom-art-design.png\" alt=\"agence-web-de-itecom-art-design\" \/><img decoding=\"async\" class=\"img-client\" src=\"https:\/\/www.alioze.com\/wp-content\/uploads\/2016\/02\/agence-web-de-cpcm.png\" alt=\"agence-web-de-cpcm\" \/><img decoding=\"async\" class=\"img-client\" src=\"https:\/\/www.alioze.com\/wp-content\/uploads\/2016\/02\/agence-web-de-juridicapbarreau.png\" alt=\"agence-web-de-juridicapbarreau\" \/><img decoding=\"async\" class=\"img-client\" src=\"https:\/\/www.alioze.com\/wp-content\/uploads\/2017\/05\/agence-web-de-ecole-ferrieres.png\" alt=\"agence web \u00e9cole ferri\u00e8res\" \/><img decoding=\"async\" class=\"img-client\" src=\"https:\/\/www.alioze.com\/wp-content\/uploads\/2021\/01\/agence-communication-open-sky-international.png\" alt=\"agence communication open sky international\" \/><img decoding=\"async\" class=\"img-client\" src=\"https:\/\/www.alioze.com\/wp-content\/uploads\/2021\/07\/agence-communication-solidworks.png\" alt=\"agence communication solidworks\" \/><img decoding=\"async\" class=\"img-client\" src=\"https:\/\/www.alioze.com\/wp-content\/uploads\/2021\/12\/agence-communication-internationale.png\" alt=\"agence communication internationale\" \/><img decoding=\"async\" class=\"img-client\" src=\"https:\/\/www.alioze.com\/wp-content\/uploads\/2021\/12\/agence-communication-british-council.png\" alt=\"agence communication british council\" \/><\/div>\n<p>&nbsp;<\/p>\n<p>Avec plus de 250 clients \u00e0 son actif, notre agence sp\u00e9cialis\u00e9e \u00e9ducation comprend pleinement les exigences complexes que requiert la promotion et la gestion digitale d\u2019un \u00e9tablissement scolaire et de contenus p\u00e9dagogiques.<\/p>\n<p>Notre savoir-faire s\u2019adresse \u00e0 :<\/p>\n<ul>\n<li>Des<strong> coll\u00e8ges<\/strong>, <strong>lyc\u00e9es<\/strong> et <strong>universit\u00e9s<\/strong> ;<\/li>\n<li>Des <strong>\u00e9coles priv\u00e9es ou publiques<\/strong> ;<\/li>\n<li>Des <strong>\u00e9tablissements et programmes \u00e9ducatifs sp\u00e9cialis\u00e9s<\/strong> ;<\/li>\n<li>Des entreprises mettant \u00e0 disposition des \u00e9tudiants et \u00e9l\u00e8ves des <strong>contenus ludo-\u00e9ducatifs<\/strong> ;<\/li>\n<li>Des centres et programmes de <strong>formations scolaires<\/strong> ou <strong>professionnelles<\/strong> ;<\/li>\n<li>Des<strong> services \u00e9ducatifs<\/strong>.<\/li>\n<\/ul>\n<p>Nous concevons des sites web, des strat\u00e9gies de communication et marketing qui respectent trois objectifs communs \u00e0 la plupart des organisations d\u00e9di\u00e9es \u00e0 l&#8217;\u00e9ducation :<\/p>\n<ul>\n<li>Recrutement d\u2019\u00e9tudiants ;<\/li>\n<li>Cr\u00e9ation et diffusion de contenus \u00e9ducatifs ;<\/li>\n<li>Gestion des relations avec le personnel \u00e9ducatif et les anciens \u00e9l\u00e8ves.<\/li>\n<\/ul>\n<p>&nbsp;<\/p>\n<p>&nbsp;<\/p>\n<h2>Besoin d&#8217;aide pour votre \u00e9tablissement ou votre service \u00e9ducatif ?<\/h2>\n<p style=\"text-align: center;\">Notre agence est ouverte de 9H30 \u00e0 19H00 du lundi au vendredi.<\/p>\n<p style=\"text-align: center;\">N&#8217;h\u00e9sitez pas \u00e0 nous contacter par t\u00e9l\u00e9phone au <a href=\"tel:+33183622184\"> +33 (0) 1 83 62 21 84<\/a> ou en remplissant ce court formulaire :<\/p>\n\n<div class=\"wpcf7 no-js\" id=\"wpcf7-f4885-o1\" lang=\"fr-FR\" dir=\"ltr\" data-wpcf7-id=\"4885\">\n<div class=\"screen-reader-response\"><p role=\"status\" aria-live=\"polite\" aria-atomic=\"true\"><\/p> <ul><\/ul><\/div>\n<form action=\"\/ch\/wp-json\/wp\/v2\/pages\/6090#wpcf7-f4885-o1\" method=\"post\" class=\"wpcf7-form init\" aria-label=\"Contact form\" novalidate=\"novalidate\" data-status=\"init\">\n<fieldset class=\"hidden-fields-container\"><input type=\"hidden\" name=\"_wpcf7\" value=\"4885\" \/><input type=\"hidden\" name=\"_wpcf7_version\" value=\"6.1.5\" \/><input type=\"hidden\" name=\"_wpcf7_locale\" value=\"fr_FR\" \/><input type=\"hidden\" name=\"_wpcf7_unit_tag\" value=\"wpcf7-f4885-o1\" \/><input type=\"hidden\" name=\"_wpcf7_container_post\" value=\"0\" \/><input type=\"hidden\" name=\"_wpcf7_posted_data_hash\" value=\"\" \/><input type=\"hidden\" name=\"_wpcf7_recaptcha_response\" value=\"\" \/>\n<\/fieldset>\n<div class=\"form-group\">\n\t<p><span class=\"wpcf7-form-control-wrap\" data-name=\"contact-name\"><input size=\"40\" maxlength=\"400\" class=\"wpcf7-form-control wpcf7-text wpcf7-validates-as-required form-control\" aria-required=\"true\" aria-invalid=\"false\" placeholder=\"Votre nom *\" value=\"\" type=\"text\" name=\"contact-name\" \/><\/span>\n\t<\/p>\n<\/div>\n<div class=\"form-group\">\n\t<p><span class=\"wpcf7-form-control-wrap\" data-name=\"contact-telephone\"><input size=\"40\" maxlength=\"400\" class=\"wpcf7-form-control wpcf7-text wpcf7-validates-as-required form-control\" aria-required=\"true\" aria-invalid=\"false\" placeholder=\"Votre num\u00e9ro de t\u00e9l\u00e9phone *\" value=\"\" type=\"text\" name=\"contact-telephone\" \/><\/span>\n\t<\/p>\n<\/div>\n<div class=\"form-group\">\n\t<p><span class=\"wpcf7-form-control-wrap\" data-name=\"contact-email\"><input size=\"40\" maxlength=\"400\" class=\"wpcf7-form-control wpcf7-email wpcf7-validates-as-required wpcf7-text wpcf7-validates-as-email form-control\" aria-required=\"true\" aria-invalid=\"false\" placeholder=\"Votre e-mail *\" value=\"\" type=\"email\" name=\"contact-email\" \/><\/span>\n\t<\/p>\n<\/div>\n<div class=\"form-group\">\n\t<p><span class=\"wpcf7-form-control-wrap\" data-name=\"contact-message\"><textarea cols=\"40\" rows=\"10\" maxlength=\"2000\" class=\"wpcf7-form-control wpcf7-textarea wpcf7-validates-as-required form-control\" aria-required=\"true\" aria-invalid=\"false\" placeholder=\"Votre message *\" name=\"contact-message\"><\/textarea><\/span>\n\t<\/p>\n<\/div>\n<p><span class=\"wpcf7-form-control-wrap\" data-name=\"checkbox-262\"><span class=\"wpcf7-form-control wpcf7-checkbox wpcf7-validates-as-required\"><span class=\"wpcf7-list-item first last\"><input type=\"checkbox\" name=\"checkbox-262[]\" value=\"J&#039;ai lu et j&#039;accepte les Conditions G\u00e9n\u00e9rales d&#039;Utilisation\" \/><span class=\"wpcf7-list-item-label\">J&#039;ai lu et j&#039;accepte les Conditions G\u00e9n\u00e9rales d&#039;Utilisation<\/span><\/span><\/span><\/span>\n<\/p>\n<div style=\"display:none !important\">\n\t<p><span class=\"wpcf7-form-control-wrap\" data-name=\"pipedrive_hook\"><input size=\"40\" maxlength=\"400\" class=\"wpcf7-form-control wpcf7-text wpcf7-validates-as-required\" aria-required=\"true\" aria-invalid=\"false\" value=\"1\" type=\"text\" name=\"pipedrive_hook\" \/><\/span>\n\t<\/p>\n<\/div>\n<p><input class=\"wpcf7-form-control wpcf7-submit has-spinner btn btn-lg btn-default btn-dark center-block gtm-contact-form-submit\" type=\"submit\" value=\"Envoyer\" \/>\n<\/p><p style=\"display: none !important;\" class=\"akismet-fields-container\" data-prefix=\"_wpcf7_ak_\"><label>&#916;<textarea name=\"_wpcf7_ak_hp_textarea\" cols=\"45\" rows=\"8\" maxlength=\"100\"><\/textarea><\/label><input type=\"hidden\" id=\"ak_js_1\" name=\"_wpcf7_ak_js\" value=\"58\"\/><script type=\"text\/javascript\">\n\/* <![CDATA[ *\/\ndocument.getElementById( \"ak_js_1\" ).setAttribute( \"value\", ( new Date() ).getTime() );\n\/* ]]> *\/\n<\/script>\n<\/p><div class=\"wpcf7-response-output\" aria-hidden=\"true\"><\/div>\n<\/form>\n<\/div>\n\n<p>&nbsp;<\/p>\n<p>&nbsp;<\/p>\n<h2>\u00c9ducation et communication sur le web : focus<\/h2>\n<\/div><\/div><div class=\"container-fluid\" style=\"padding:0\"><div id=\"113903bc\" class=\"imgFull lazyload\" style=\"height:350px;background-image:inherit;background-position:center;background-repeat:no-repeat;moz-background-size:cover;background-size: cover;\" data-bg-image=\"url(https:\/\/www.alioze.com\/wp-content\/uploads\/2020\/05\/industrie-education-statistiques-chiffres.jpg)\"><\/div><\/div><div class=\"container\"><div class=\"col-xs-12\">\n<p>L&#8217;\u00e9ducation a \u00e9volu\u00e9, surtout au cours de la derni\u00e8re d\u00e9cennie. Les progr\u00e8s technologiques ont rendu l&#8217;enseignement plus accessible, plus flexible et plus efficace pour les \u00e9tudiants. L\u2019\u00e9poque o\u00f9 les \u00e9tablissements scolaires pouvaient se contenter du bouche \u00e0 oreille, du publipostage et des annuaires imprim\u00e9s pour se faire conna\u00eetre est r\u00e9volue.<\/p>\n<p>D\u00e9sormais, les \u00e9tudiants &#8211; sans parler de leur famille et conseillers &#8211; se tournent en priorit\u00e9 vers le web pour trouver des informations sur les \u00e9coles et formations.<\/p>\n<p>En outre, avec une offre de dipl\u00f4mes et formations, ainsi que des acteurs multiples au niveau national et international, le secteur est devenu de plus en plus comp\u00e9titif.<\/p>\n<p>Pour exploiter les opportunit\u00e9s digitales, vous devez donc atteindre les \u00e9tudiants sur les bons canaux &#8211; et regarder au-del\u00e0 des p\u00e9riodes d&#8217;inscription traditionnelles &#8211; avec une pr\u00e9sence constante en ligne.<\/p>\n<p>Les \u00e9coles n\u2019ont d\u2019autres choix que de s\u2019impliquer en ligne et de mettre en place un marketing de contenu pour attirer l\u2019attention des \u00e9tudiants et en gagner de nouveaux.<\/p>\n<p>&nbsp;<\/p>\n<blockquote><p>\u00ab <em>Il ne s&#8217;agit pas seulement de conduire des prospects, mais de conduire des prospects de qualit\u00e9 qui s&#8217;int\u00e9ressent vraiment \u00e0 ces programmes et qui peuvent y \u00eatre admis. Et que les bonnes personnes r\u00e9ussissent dans ces programmes. Il s&#8217;agit donc vraiment d&#8217;optimiser sa valeur.<\/em>\u00bb<\/p><\/blockquote>\n<p>&nbsp;<\/p>\n<p>Votre site web et diff\u00e9rents comptes sociaux s&#8217;adressent \u00e0 un public diversifi\u00e9 d&#8217;enseignants, d&#8217;\u00e9tudiants, de parents et de personnel \u00e9ducatif qui recherchent diff\u00e9rents types d&#8217;informations.<\/p>\n<p>Si vous souhaitez stimuler les inscriptions, la fr\u00e9quentation et l\u2019int\u00e9r\u00eat pour vos programmes, il est important de comprendre que vous devez fournir \u00e0 chacun d&#8217;eux une exp\u00e9rience attrayante et instructive.<\/p>\n<p>En effet, la plupart des \u00e9tudiants visitent des sites \u00e9ducatifs parce qu&#8217;ils esp\u00e8rent un meilleur avenir avec plus de possibilit\u00e9s. Vous devez donc les convaincre que votre \u00e9tablissement pourra les aider \u00e0 accomplir leurs r\u00eaves.<\/p>\n<p>Par exemple, des t\u00e9moignages d\u2019anciens \u00e9tudiants, des ressources compl\u00e8tes et d\u00e9taill\u00e9es, des photos, des vid\u00e9os et d&#8217;autres options multim\u00e9dias peuvent ouvrir les portes aux nouveaux \u00e9tudiants et leur donner une id\u00e9e plus pr\u00e9cise des opportunit\u00e9s acad\u00e9miques que vous pouvez leur offrir.<\/p>\n<p>Ainsi, en tant que professionnel de l\u2019\u00e9ducation, votre site web, et globalement votre pr\u00e9sence online, doit inclure diff\u00e9rents \u00e9l\u00e9ments et fonctionnalit\u00e9s afin de g\u00e9n\u00e9rer des prospects plus qualifi\u00e9s, g\u00e9rer les relations avec les \u00e9tudiants et connecter les principaux intervenants.<\/p>\n<p>&nbsp;<\/p>\n<p>&nbsp;<\/p>\n<h2><span style=\"color: #333333;\"><a style=\"color: #333333;\" href=\"https:\/\/www.alioze.com\/ch\/secteurs\" target=\"_blank\" rel=\"noopener\">Secteurs<\/a><\/span> dans lesquels l&#8217;agence Alioze est sp\u00e9cialis\u00e9e<\/h2>\n<p style=\"text-align: center;\">Vous \u00eates bas\u00e9s \u00e0 Gen\u00e8ve, Zurich, B\u00e2le ou Lausanne ?<br \/>\nNotre agence s\u2019occupe de votre dossier o\u00f9 que vous soyez.<\/p>\n","protected":false},"excerpt":{"rendered":"<p>Vous recherchez une agence de communication sp\u00e9cialis\u00e9e \u00e9ducation et enseignement en Suisse ? Bienvenue chez Alioze. Vous voulez renforcer la cr\u00e9dibilit\u00e9 institutionnelle de votre \u00e9tablissement ? Cr\u00e9er et planifier votre prochaine campagne de communication et\/ou marketing ? Mettre en place une strat\u00e9gie de recrutement d\u2019\u00e9tudiants ? Alioze est une agence sp\u00e9cialis\u00e9e \u00e9ducation qui dispose d&#8217;une [&hellip;]<\/p>\n","protected":false},"author":6,"featured_media":13208,"parent":0,"menu_order":0,"comment_status":"closed","ping_status":"closed","template":"page-no-title.php","meta":{"_acf_changed":false,"footnotes":""},"class_list":["post-6090","page","type-page","status-publish","has-post-thumbnail","hentry"],"acf":[],"aioseo_notices":[],"amp_enabled":false,"_links":{"self":[{"href":"https:\/\/www.alioze.com\/ch\/wp-json\/wp\/v2\/pages\/6090","targetHints":{"allow":["GET"]}}],"collection":[{"href":"https:\/\/www.alioze.com\/ch\/wp-json\/wp\/v2\/pages"}],"about":[{"href":"https:\/\/www.alioze.com\/ch\/wp-json\/wp\/v2\/types\/page"}],"author":[{"embeddable":true,"href":"https:\/\/www.alioze.com\/ch\/wp-json\/wp\/v2\/users\/6"}],"replies":[{"embeddable":true,"href":"https:\/\/www.alioze.com\/ch\/wp-json\/wp\/v2\/comments?post=6090"}],"version-history":[{"count":19,"href":"https:\/\/www.alioze.com\/ch\/wp-json\/wp\/v2\/pages\/6090\/revisions"}],"predecessor-version":[{"id":26862,"href":"https:\/\/www.alioze.com\/ch\/wp-json\/wp\/v2\/pages\/6090\/revisions\/26862"}],"wp:featuredmedia":[{"embeddable":true,"href":"https:\/\/www.alioze.com\/ch\/wp-json\/wp\/v2\/media\/13208"}],"wp:attachment":[{"href":"https:\/\/www.alioze.com\/ch\/wp-json\/wp\/v2\/media?parent=6090"}],"curies":[{"name":"wp","href":"https:\/\/api.w.org\/{rel}","templated":true}]}}