{"id":6087,"date":"2017-06-01T11:12:23","date_gmt":"2017-06-01T10:12:23","guid":{"rendered":"https:\/\/www.alioze.com\/?page_id=6087"},"modified":"2021-12-06T16:37:52","modified_gmt":"2021-12-06T15:37:52","slug":"agence-web-culture","status":"publish","type":"page","link":"https:\/\/www.alioze.com\/ch\/agence-web-culture","title":{"rendered":"Agence de Communication sp\u00e9cialis\u00e9e culture"},"content":{"rendered":"<\/div><\/div>\n\t<section class=\"headertitle lazyload\" style=\"background-image:inherit;\" data-bg-image=\"url(https:\/\/www.alioze.com\/wp-content\/themes\/alioze2016\/img\/alioze-communication-branding-design.jpg)\">\n\t\t<div id=\"breadcrumbs\">\n\t\t\t\t\t\t<span>\t\t\t\t\t<a href=\"https:\/\/www.alioze.com\/ch\/\">Home<\/a>\n\t\t\t\t\t > \t\t\t\t\t<a href=\"https:\/\/www.alioze.com\/ch\/blog\">Le Blog<\/a>\n\t\t\t\t\t > <\/span>\n\t\t\t\t\t<\/div>\n\t\t\t\t<div class=\"content-a\">\n\t\t\t\t\t<div class=\"parralax-centertext text-center\">\n\n\t\t\t\t\t\t<h1>Agence de Communication sp\u00e9cialis\u00e9e culture<\/h1>\n\t\t\t\t\t\t<span class=\"baseline\">Suisse &amp; International<\/span>\n\t\t\t\t\t<\/div>\n\t\t\t\t<\/div>\n\t\t\t<\/section>\n\t\t\t<div class=\"container\">\n\t\t\t<div class=\"col-xs-12\">\n<p style=\"text-align: center;\">Vous recherchez une <strong>agence de communication sp\u00e9cialis\u00e9e culture<\/strong> en <strong>Suisse <\/strong>? Bienvenue chez Alioze.<\/p>\n<p style=\"text-align: center;\">Vous souhaitez cr\u00e9er votre site web ou l&#8217;am\u00e9liorer ?<br \/>\nPromouvoir ou lancer sur le march\u00e9 votre produit, \u00e9tablissement, \u00e9v\u00e8nement ou service culturel ?<br \/>\nMettre au point une strat\u00e9gie de communication online et\/ou offline efficace ?<br \/>\nTrouver de nouveaux partenariats ou toucher le grand public ?<\/p>\n<p style=\"text-align: center;\">Avec sa double casquette d&#8217;agence de communication et d&#8217;agence web, Alioze aide ses clients \u00e0 augmenter leur notori\u00e9t\u00e9 sur le web et au-del\u00e0, \u00e0 atteindre le public le plus large possible et \u00e0 g\u00e9n\u00e9rer un buzz autour d\u2019\u00e9v\u00e8nements, de lieux ou de produits culturels et artistiques.<\/p>\n<p>&nbsp;<\/p>\n<\/div><\/div><div class=\"container-fluid\" style=\"padding:0\"><div id=\"77c083b9\" class=\"imgFull lazyload\" style=\"height:350px;background-image:inherit;background-position:top;background-repeat:no-repeat;moz-background-size:cover;background-size: cover;\" data-bg-image=\"url(https:\/\/www.alioze.com\/wp-content\/uploads\/2020\/03\/agence-communication-culture-1.jpg)\"><\/div><\/div><div class=\"container\"><div class=\"col-xs-12\">\n<p>&nbsp;<\/p>\n<h2>Nos prestations sur-mesure pour les professionnels de la culture<\/h2>\n<p>La mission de notre \u00e9quipe est d&#8217;attirer, de galvaniser et d&#8217;inspirer le public \u00e0 l&#8217;exp\u00e9rience de l&#8217;art, de la culture et du divertissement gr\u00e2ce \u00e0 la r\u00e9alisation de projets adapt\u00e9s au champ culturel :<\/p>\n<ul>\n<li><a href=\"https:\/\/www.alioze.com\/ch\/communication\/\" target=\"_blank\" rel=\"noopener noreferrer\">Communication<\/a> :\n<ul>\n<li>Relations presse, publiques et digitales.<\/li>\n<li>Conception, design et charte graphique.<\/li>\n<li>Cr\u00e9ation de contenu.<\/li>\n<li>Gestion des r\u00e9seaux sociaux.<\/li>\n<li>Partenariats de marque.<\/li>\n<li>Campagnes publicitaires cr\u00e9atives.<\/li>\n<\/ul>\n<\/li>\n<li><a href=\"https:\/\/www.alioze.com\/ch\/developpement\/\" target=\"_blank\" rel=\"noopener noreferrer\">D\u00e9veloppement web<\/a> :\n<ul>\n<li>Cr\u00e9ation de site web sur-mesure.<\/li>\n<\/ul>\n<\/li>\n<li><a href=\"https:\/\/www.alioze.com\/ch\/acquisition\/\" target=\"_blank\" rel=\"noopener noreferrer\">Acquisition de trafic<\/a> :\n<ul>\n<li>R\u00e9f\u00e9rencement AdWords (SEA).<\/li>\n<li>R\u00e9f\u00e9rencement naturel (SEO).<\/li>\n<li>Social ads.<\/li>\n<\/ul>\n<\/li>\n<\/ul>\n<p>Chaque projet est unique et n\u00e9cessite une approche sur-mesure. Que vous traitiez les arts, le patrimoine ou le tourisme culturel, Alioze vous aide \u00e0 d\u00e9ployer une strat\u00e9gie de communication, marketing et digitale personnalis\u00e9e, suscitant l&#8217;int\u00e9r\u00eat et attirant de nouveaux publics.<\/p>\n<p>\u00c0 chaque \u00e9tape du processus, notre agence de communication sp\u00e9cialis\u00e9e culture travaille conjointement votre branding, design et image de marque afin de g\u00e9n\u00e9rer les meilleurs r\u00e9sultats possibles.<\/p>\n<p>La compr\u00e9hension totale de votre organisation et de vos objectifs est indispensable afin de trouver les bons messages, les transformer en grandes id\u00e9es et les faire vivre sur les diff\u00e9rents canaux (web et\/ou print).<\/p>\n<p>Gr\u00e2ce \u00e0 un savoir-faire de plus de 12 ans, Alioze vous aide \u00e0 consid\u00e9rer votre institution culturelle sous de nouvelles perspectives, et \u00e0 mettre en place une strat\u00e9gie apte \u00e0 \u00e9tablir des liens avec un public plus large.<\/p>\n<\/div><\/div>\n\t<section class=\"quickcontact lazyload\" style=\"background-image:inherit;\" data-bg-image=\"url(https:\/\/www.alioze.com\/wp-content\/themes\/alioze2016\/img\/alioze-communication-branding-design.jpg)\">\n\t\t\t\t<div class=\"content-a\">\n\t\t\t\t\t<div class=\"parralax-centertext\">\n\t\t\t\t\t\t<div class=\"container\">\n\t\t\t\t\t\t\t\t<div class=\"col-xs-12 col-sm-6 col-sm-offset-1 col-md-7 col-md-offset-1 quickcontact-text\">\n\t\t\t\t\t\t\t\tAlioze, l'agence sp\u00e9cialis\u00e9e culture qui r\u00e9pond \u00e0 vos besoins\n\t\t\t\t\t\t\t\t<\/div>\n\t\t\t\t\t\t\t\t<div class=\"col-xs-12 col-sm-4 col-md-3\">\n\t\t\t\t\t\t\t\t<a href=\"https:\/\/www.alioze.com\/ch\/contact\" class=\"btn btn-lg btn-default  center-block\">Prenez contact<\/a>\n\t\t\t\t\t\t\t\t<\/div>\n\t\t\t\t\t\t<\/div>\n\t\t\t\t\t<\/div>\n\t\t\t\t<\/div>\n\t\t\t<\/section>\n\t\t\t<div class=\"container\">\n\t\t\t<div class=\"col-xs-12\">\n<p>&nbsp;<\/p>\n<h2>Quelques unes de nos r\u00e9f\u00e9rences clients du secteur culturel et m\u00e9diatique<\/h2>\n<div class=\"text-center\"><img decoding=\"async\" class=\"img-client\" src=\"https:\/\/www.alioze.com\/wp-content\/uploads\/2016\/02\/agence-web-de-good-people.png\" alt=\"agence-web-de-good-people\" \/><img decoding=\"async\" class=\"img-client\" src=\"https:\/\/www.alioze.com\/wp-content\/uploads\/2016\/02\/agence-web-de-moonwalk-films.png\" alt=\"agence-web-de-moonwalk-films\" \/><img decoding=\"async\" class=\"img-client\" src=\"https:\/\/www.alioze.com\/wp-content\/uploads\/2016\/02\/agence-web-de-mypressagency.png\" alt=\"agence-web-de-mypressagency\" \/><img decoding=\"async\" class=\"img-client\" src=\"https:\/\/www.alioze.com\/wp-content\/uploads\/2016\/11\/agence-web-de-yucatan.png\" alt=\"agence-web-de-yucatan\" \/><img decoding=\"async\" class=\"img-client\" src=\"https:\/\/www.alioze.com\/wp-content\/uploads\/2016\/02\/agence-web-de-repu7ation.png\" alt=\"agence-web-de-repu7ation\" \/><img decoding=\"async\" class=\"img-client\" src=\"https:\/\/www.alioze.com\/wp-content\/uploads\/2016\/02\/agence-web-de-e-reputation.png\" alt=\"agence-web-de-e-reputation\" \/><img decoding=\"async\" class=\"img-client\" src=\"https:\/\/www.alioze.com\/wp-content\/uploads\/2017\/05\/agence-web-alexander-wood.png\" alt=\"agence web alexander wood\" \/><img decoding=\"async\" class=\"img-client\" src=\"https:\/\/www.alioze.com\/wp-content\/uploads\/2021\/05\/agence-communication-paradis-latin.png\" alt=\"agence communication paradis latin cabaret\" \/><img decoding=\"async\" class=\"img-client\" src=\"https:\/\/www.alioze.com\/wp-content\/uploads\/2021\/12\/agence-communication-gameloft.png\" alt=\"agence communication gameloft\" \/><\/div>\n<p>&nbsp;<\/p>\n<p>Partenaire de multiples entreprises, organisations et acteurs du <strong>secteur culturel<\/strong> <strong>public<\/strong> et <strong>priv\u00e9,<\/strong> Alioze prend plaisir \u00e0 c\u00e9l\u00e9brer la culture, l\u2019industrie du divertissement et l\u2019expression artistique \u00e0 travers la pens\u00e9e strat\u00e9gique, la planification et la r\u00e9alisation de divers projets web, de marketing et de communication.<\/p>\n<p>Depuis 2008, notre \u00e9quipe met sa vision cr\u00e9ative et son expertise au service des professionnels de la culture.<\/p>\n<p>Notre savoir-faire couvre diff\u00e9rents domaines du champ culturel :<\/p>\n<ul>\n<li>Le <strong>th\u00e9\u00e2tre <\/strong>;<strong><br \/>\n<\/strong><\/li>\n<li>Le <strong>cin\u00e9ma <\/strong>;<strong><br \/>\n<\/strong><\/li>\n<li>La <strong>musique<\/strong> ;<\/li>\n<li>La <strong>danse<\/strong> ;<\/li>\n<li>Les <strong>mus\u00e9es<\/strong> ;<\/li>\n<li>Les <strong>galeries<\/strong> ;<\/li>\n<li>Les<strong> festivals et \u00e9v\u00e8nements culturels<\/strong> <strong>ou artistiques<\/strong> ;<\/li>\n<li>Le <strong>tourisme culturel<\/strong> ;<\/li>\n<li>Les <strong>revues et m\u00e9dias culturels<\/strong>.<\/li>\n<\/ul>\n<p>&nbsp;<\/p>\n<p>&nbsp;<\/p>\n<h2>Besoin d&#8217;aide pour votre organisation culturelle ?<\/h2>\n<p style=\"text-align: center;\">Notre agence est ouverte de 9H30 \u00e0 19H00 du lundi au vendredi.<\/p>\n<p style=\"text-align: center;\">N&#8217;h\u00e9sitez pas \u00e0 nous contacter par t\u00e9l\u00e9phone au <a href=\"tel:+33183622184\"> +33 (0) 1 83 62 21 84<\/a> ou en remplissant ce court formulaire :<\/p>\n\n<div class=\"wpcf7 no-js\" id=\"wpcf7-f4885-o1\" lang=\"fr-FR\" dir=\"ltr\" data-wpcf7-id=\"4885\">\n<div class=\"screen-reader-response\"><p role=\"status\" aria-live=\"polite\" aria-atomic=\"true\"><\/p> <ul><\/ul><\/div>\n<form action=\"\/ch\/wp-json\/wp\/v2\/pages\/6087#wpcf7-f4885-o1\" method=\"post\" class=\"wpcf7-form init\" aria-label=\"Contact form\" novalidate=\"novalidate\" data-status=\"init\">\n<fieldset class=\"hidden-fields-container\"><input type=\"hidden\" name=\"_wpcf7\" value=\"4885\" \/><input type=\"hidden\" name=\"_wpcf7_version\" value=\"6.1.5\" \/><input type=\"hidden\" name=\"_wpcf7_locale\" value=\"fr_FR\" \/><input type=\"hidden\" name=\"_wpcf7_unit_tag\" value=\"wpcf7-f4885-o1\" \/><input type=\"hidden\" name=\"_wpcf7_container_post\" value=\"0\" \/><input type=\"hidden\" name=\"_wpcf7_posted_data_hash\" value=\"\" \/><input type=\"hidden\" name=\"_wpcf7_recaptcha_response\" value=\"\" \/>\n<\/fieldset>\n<div class=\"form-group\">\n\t<p><span class=\"wpcf7-form-control-wrap\" data-name=\"contact-name\"><input size=\"40\" maxlength=\"400\" class=\"wpcf7-form-control wpcf7-text wpcf7-validates-as-required form-control\" aria-required=\"true\" aria-invalid=\"false\" placeholder=\"Votre nom *\" value=\"\" type=\"text\" name=\"contact-name\" \/><\/span>\n\t<\/p>\n<\/div>\n<div class=\"form-group\">\n\t<p><span class=\"wpcf7-form-control-wrap\" data-name=\"contact-telephone\"><input size=\"40\" maxlength=\"400\" class=\"wpcf7-form-control wpcf7-text wpcf7-validates-as-required form-control\" aria-required=\"true\" aria-invalid=\"false\" placeholder=\"Votre num\u00e9ro de t\u00e9l\u00e9phone *\" value=\"\" type=\"text\" name=\"contact-telephone\" \/><\/span>\n\t<\/p>\n<\/div>\n<div class=\"form-group\">\n\t<p><span class=\"wpcf7-form-control-wrap\" data-name=\"contact-email\"><input size=\"40\" maxlength=\"400\" class=\"wpcf7-form-control wpcf7-email wpcf7-validates-as-required wpcf7-text wpcf7-validates-as-email form-control\" aria-required=\"true\" aria-invalid=\"false\" placeholder=\"Votre e-mail *\" value=\"\" type=\"email\" name=\"contact-email\" \/><\/span>\n\t<\/p>\n<\/div>\n<div class=\"form-group\">\n\t<p><span class=\"wpcf7-form-control-wrap\" data-name=\"contact-message\"><textarea cols=\"40\" rows=\"10\" maxlength=\"2000\" class=\"wpcf7-form-control wpcf7-textarea wpcf7-validates-as-required form-control\" aria-required=\"true\" aria-invalid=\"false\" placeholder=\"Votre message *\" name=\"contact-message\"><\/textarea><\/span>\n\t<\/p>\n<\/div>\n<p><span class=\"wpcf7-form-control-wrap\" data-name=\"checkbox-262\"><span class=\"wpcf7-form-control wpcf7-checkbox wpcf7-validates-as-required\"><span class=\"wpcf7-list-item first last\"><input type=\"checkbox\" name=\"checkbox-262[]\" value=\"J&#039;ai lu et j&#039;accepte les Conditions G\u00e9n\u00e9rales d&#039;Utilisation\" \/><span class=\"wpcf7-list-item-label\">J&#039;ai lu et j&#039;accepte les Conditions G\u00e9n\u00e9rales d&#039;Utilisation<\/span><\/span><\/span><\/span>\n<\/p>\n<div style=\"display:none !important\">\n\t<p><span class=\"wpcf7-form-control-wrap\" data-name=\"pipedrive_hook\"><input size=\"40\" maxlength=\"400\" class=\"wpcf7-form-control wpcf7-text wpcf7-validates-as-required\" aria-required=\"true\" aria-invalid=\"false\" value=\"1\" type=\"text\" name=\"pipedrive_hook\" \/><\/span>\n\t<\/p>\n<\/div>\n<p><input class=\"wpcf7-form-control wpcf7-submit has-spinner btn btn-lg btn-default btn-dark center-block gtm-contact-form-submit\" type=\"submit\" value=\"Envoyer\" \/>\n<\/p><p style=\"display: none !important;\" class=\"akismet-fields-container\" data-prefix=\"_wpcf7_ak_\"><label>&#916;<textarea name=\"_wpcf7_ak_hp_textarea\" cols=\"45\" rows=\"8\" maxlength=\"100\"><\/textarea><\/label><input type=\"hidden\" id=\"ak_js_1\" name=\"_wpcf7_ak_js\" value=\"35\"\/><script>document.getElementById( \"ak_js_1\" ).setAttribute( \"value\", ( new Date() ).getTime() );<\/script><\/p><div class=\"wpcf7-response-output\" aria-hidden=\"true\"><\/div>\n<\/form>\n<\/div>\n\n<p>&nbsp;<\/p>\n<p>&nbsp;<\/p>\n<h2>Culture sur le web : focus<\/h2>\n<\/div><\/div><div class=\"container-fluid\" style=\"padding:0\"><div id=\"5da5751f\" class=\"imgFull lazyload\" style=\"height:350px;background-image:inherit;background-position:center;background-repeat:no-repeat;moz-background-size:cover;background-size: cover;\" data-bg-image=\"url(https:\/\/www.alioze.com\/wp-content\/uploads\/2020\/04\/industrie-culture-statistiques-chiffres.jpg)\"><\/div><\/div><div class=\"container\"><div class=\"col-xs-12\">\n<p>Il y a eu la t\u00e9l\u00e9 et la radio, il y a d\u00e9sormais le web. Internet est devenu un levier d\u2019engagement particuli\u00e8rement puissant pour le secteur culturel.<\/p>\n<p>Avec la d\u00e9mat\u00e9rialisation et la digitalisation des contenus, l&#8217;acc\u00e8s \u00e0 l&#8217;art et \u00e0 la culture a profond\u00e9ment \u00e9volu\u00e9. Les \u00e9crans sont devenus un support privil\u00e9gi\u00e9 des rapports qu&#8217;entretient le public avec la culture, et les Suisses ont adopt\u00e9 le num\u00e9rique dans leurs pratiques culturelles.<\/p>\n<p>Lorsqu\u2019ils ont besoin d\u2019informations, d\u2019approfondir un sujet culturel, de parfaire leur culture G, d\u2019apprendre ou de d\u00e9couvrir quelque chose de nouveau, lorsqu&#8217;ils recherchent une musique, un film ou une vid\u00e9o, les utilisateurs se tournent d\u00e9sormais vers Google et les r\u00e9seaux sociaux.<\/p>\n<p>Plus que jamais, la promotion de la culture se digitalise. Les plate-formes num\u00e9riques servent d&#8217;interm\u00e9diaires entre les cr\u00e9ateurs, les artistes, les acteurs de la culture et les consommateurs. Et, avec le web, les consommateurs aiment s\u2019engager avec des marques et structures qui partagent leurs centres d\u2019int\u00e9r\u00eat et transforment leur vie en leur faisant vivre des exp\u00e9riences inoubliables.<\/p>\n<p>Pour promouvoir leurs structures, \u00e9v\u00e9nements, spectacles, saison culturelle ou productions et se faire conna\u00eetre aupr\u00e8s des partenaires, des m\u00e9c\u00e8nes et toucher de nouveaux publics, les acteurs de la culture n\u2019ont d\u2019autres choix que d\u2019optimiser leur pr\u00e9sence sur le web.<\/p>\n<p>Afin de m\u00e9diatiser et d\u00e9velopper votre entreprise culturelle, vous devez non seulement poss\u00e9der un site web attrayant et fonctionnel, mais \u00e9galement vous doter d\u2019une strat\u00e9gie digitale impactante, de supports marketing et de contenus textuels et multim\u00e9dia. Agence de communication sp\u00e9cialis\u00e9e culture, Alioze vous aidera \u00e0 atteindre ces objectifs.<\/p>\n<p>&nbsp;<\/p>\n<p>&nbsp;<\/p>\n<h2><span style=\"color: #333333;\"><a style=\"color: #333333;\" href=\"https:\/\/www.alioze.com\/ch\/secteurs\" target=\"_blank\" rel=\"noopener\">Secteurs<\/a><\/span> dans lesquels l&#8217;agence Alioze est sp\u00e9cialis\u00e9e<\/h2>\n<p style=\"text-align: center;\">Vous \u00eates bas\u00e9s \u00e0 Gen\u00e8ve, Zurich, B\u00e2le ou Lausanne ?<br \/>\nNotre agence s\u2019occupe de votre dossier o\u00f9 que vous soyez.<\/p>\n","protected":false},"excerpt":{"rendered":"<p>Vous recherchez une agence de communication sp\u00e9cialis\u00e9e culture en Suisse ? Bienvenue chez Alioze. Vous souhaitez cr\u00e9er votre site web ou l&#8217;am\u00e9liorer ? Promouvoir ou lancer sur le march\u00e9 votre produit, \u00e9tablissement, \u00e9v\u00e8nement ou service culturel ? Mettre au point une strat\u00e9gie de communication online et\/ou offline efficace ? Trouver de nouveaux partenariats ou toucher [&hellip;]<\/p>\n","protected":false},"author":6,"featured_media":8019,"parent":0,"menu_order":0,"comment_status":"closed","ping_status":"closed","template":"page-no-title.php","meta":{"_acf_changed":false,"footnotes":""},"class_list":["post-6087","page","type-page","status-publish","has-post-thumbnail","hentry"],"acf":[],"aioseo_notices":[],"amp_enabled":false,"_links":{"self":[{"href":"https:\/\/www.alioze.com\/ch\/wp-json\/wp\/v2\/pages\/6087","targetHints":{"allow":["GET"]}}],"collection":[{"href":"https:\/\/www.alioze.com\/ch\/wp-json\/wp\/v2\/pages"}],"about":[{"href":"https:\/\/www.alioze.com\/ch\/wp-json\/wp\/v2\/types\/page"}],"author":[{"embeddable":true,"href":"https:\/\/www.alioze.com\/ch\/wp-json\/wp\/v2\/users\/6"}],"replies":[{"embeddable":true,"href":"https:\/\/www.alioze.com\/ch\/wp-json\/wp\/v2\/comments?post=6087"}],"version-history":[{"count":18,"href":"https:\/\/www.alioze.com\/ch\/wp-json\/wp\/v2\/pages\/6087\/revisions"}],"predecessor-version":[{"id":26870,"href":"https:\/\/www.alioze.com\/ch\/wp-json\/wp\/v2\/pages\/6087\/revisions\/26870"}],"wp:featuredmedia":[{"embeddable":true,"href":"https:\/\/www.alioze.com\/ch\/wp-json\/wp\/v2\/media\/8019"}],"wp:attachment":[{"href":"https:\/\/www.alioze.com\/ch\/wp-json\/wp\/v2\/media?parent=6087"}],"curies":[{"name":"wp","href":"https:\/\/api.w.org\/{rel}","templated":true}]}}