{"id":6077,"date":"2020-01-29T15:32:26","date_gmt":"2020-01-29T14:32:26","guid":{"rendered":"https:\/\/www.alioze.com\/?page_id=6077"},"modified":"2020-05-11T08:58:42","modified_gmt":"2020-05-11T07:58:42","slug":"agence-rgpd-formation-et-mise-en-conformite","status":"publish","type":"page","link":"https:\/\/www.alioze.com\/ch\/rgpd","title":{"rendered":"Agence RGPD (Formation et mise en conformit\u00e9)"},"content":{"rendered":"<\/div><\/div>\n\t<section class=\"headertitle lazyload\" style=\"background-image:inherit;\" data-bg-image=\"url(https:\/\/www.alioze.com\/wp-content\/themes\/alioze2016\/img\/alioze-production-web-magento-responsive.jpg)\">\n\t\t<div id=\"breadcrumbs\">\n\t\t\t\t\t\t<span>\t\t\t\t\t<a href=\"https:\/\/www.alioze.com\/ch\/\">Home<\/a>\n\t\t\t\t\t > \t\t\t\t\t<a href=\"https:\/\/www.alioze.com\/ch\/blog\">Le Blog<\/a>\n\t\t\t\t\t > <\/span>\n\t\t\t\t\t<\/div>\n\t\t\t\t<div class=\"content-a\">\n\t\t\t\t\t<div class=\"parralax-centertext text-center\">\n\n\t\t\t\t\t\t<h1>Agence RGPD (Formation et mise en conformit\u00e9)<\/h1>\n\t\t\t\t\t\t<span class=\"baseline\">Architecte technique intelligent<\/span>\n\t\t\t\t\t<\/div>\n\t\t\t\t<\/div>\n\t\t\t<\/section>\n\t\t\t<div class=\"container\">\n\t\t\t<div class=\"col-xs-12\">\n<p style=\"text-align: center;\">Le <strong>RGPD<\/strong> (<strong>R\u00e8glement G\u00e9n\u00e9ral sur la Protection des Donn\u00e9es<\/strong>) est entr\u00e9e en vigueur le 25 mai 2018.<\/p>\n<p style=\"text-align: center;\">Vous avez besoin d\u2019une <strong>formation RGPD<\/strong> ou d\u2019une aide pour votre <strong>mise en conformit\u00e9<\/strong> ?<\/p>\n<p style=\"text-align: center;\">Soyez pr\u00eat en faisant appel aux <strong>experts RGPD<\/strong> de notre agence. Ils vous accompagnent pour mieux comprendre cette r\u00e8glementation et vos <strong>obligations<\/strong> depuis son application.<\/p>\n<p>&nbsp;<\/p>\n<p><a href=\"https:\/\/www.alioze.com\/wp-content\/uploads\/2018\/02\/rgpd-agence.png\"><img decoding=\"async\" class=\"size-full wp-image-4780 img-responsive center-block aligncenter lazyload\" data-src=\"https:\/\/www.alioze.com\/wp-content\/uploads\/2018\/02\/rgpd-agence.png\" alt=\"RGPD Agence\" width=\"150\" height=\"174\" src=\"data:image\/svg+xml;base64,PHN2ZyB3aWR0aD0iMSIgaGVpZ2h0PSIxIiB4bWxucz0iaHR0cDovL3d3dy53My5vcmcvMjAwMC9zdmciPjwvc3ZnPg==\" style=\"--smush-placeholder-width: 150px; --smush-placeholder-aspect-ratio: 150\/174;\" \/><\/a><\/p>\n<p>&nbsp;<\/p>\n<h2>RGPD : votre entreprise est-elle concern\u00e9e ?<\/h2>\n<p>Le RGPD exige que toutes les entreprises, associations et agences qui traitent des donn\u00e9es personnelles sur les citoyens de l\u2019Union Europ\u00e9enne modifient la fa\u00e7on dont elles stockent, g\u00e8rent, partagent, transf\u00e8rent et communiquent sur ces donn\u00e9es.<\/p>\n<p>Plus pr\u00e9cis\u00e9ment, les organisations concern\u00e9es par le RGPD correspondent aux crit\u00e8res suivants :<\/p>\n<ul>\n<li>Une pr\u00e9sence dans un pays de l&#8217;UE.<\/li>\n<li>Pas de pr\u00e9sence dans l&#8217;UE, mais le traitement de donn\u00e9es personnelles de r\u00e9sidents europ\u00e9ens.<\/li>\n<li>Plus de 250 employ\u00e9s.<\/li>\n<li>Moins de 250 employ\u00e9s, mais le traitement des donn\u00e9es impacte les droits et libert\u00e9s des personnes concern\u00e9es, n&#8217;est pas occasionnel, ou inclut certains types de donn\u00e9es personnelles sensibles.<\/li>\n<\/ul>\n<p>En bref, le RGPD concerne presque toutes les entreprises.<\/p>\n<p>&nbsp;<\/p>\n<h2>RGPD : acc\u00e9l\u00e9rez votre mise en conformit\u00e9<\/h2>\n<p>Le RGPD stipule que les citoyens de l&#8217;UE doivent donner leur consentement explicite pour que leurs donn\u00e9es soient conserv\u00e9es et trait\u00e9es par une entreprise. Il leur donne \u00e9galement le droit d&#8217;acc\u00e9der, de corriger, de transf\u00e9rer ou de supprimer leurs informations personnelles \u00e0 tout moment.<\/p>\n<p>La date d\u2019application du RGPD approchant, votre entreprise doit d\u00e8s maintenant comprendre pleinement quelles sont les donn\u00e9es personnelles qu&#8217;elle d\u00e9tient, o\u00f9 ces donn\u00e9es sont stock\u00e9es et qui y a acc\u00e8s.<\/p>\n<p>Vous devez mettre en place une strat\u00e9gie de protection de ces donn\u00e9es, conserver des enregistrements v\u00e9rifiables et \u00eatre capable de d\u00e9tecter et de signaler rapidement les violations de donn\u00e9es.<\/p>\n<p>Votre t\u00e2che principale consiste surtout \u00e0 rassembler toutes ces donn\u00e9es en un seul endroit. Au vu du volume et de la diversit\u00e9 des bases de donn\u00e9es dont disposent la plupart des entreprises, c\u2019est un d\u00e9fi de taille \u00e0 relever ! Mais, si vous ne prenez pas \u00e0 temps les mesures n\u00e9cessaires pour prot\u00e9ger les donn\u00e9es clients que vous traitez, vous risquez de faire l\u2019objet de sanctions.<\/p>\n<p>C\u2019est pourquoi Alioze propose de vous accompagner.<\/p>\n<p>Nos experts peuvent vous aider \u00e0 atteindre rapidement, et \u00e0 maintenir, votre conformit\u00e9 RGPD.<\/p>\n<p>Pour cela, nous fournissons une \u00e9valuation du niveau actuel de conformit\u00e9 de votre organisation et de votre site web. Nous produisons \u00e9galement un plan d\u2019actions qui d\u00e9finit et hi\u00e9rarchise les probl\u00e8mes cl\u00e9s que votre entreprise doit r\u00e9soudre pour se mettre en conformit\u00e9.<\/p>\n<p>Enfin, pour que votre entreprise reste conforme au RGPD au-del\u00e0 de mai 2018, nous \u00e9laborons une strat\u00e9gie \u00e0 plus long terme et vous prodiguons des conseils RGPD.<\/p>\n<p>&nbsp;<\/p>\n<\/div><\/div>\n\t<section class=\"quickcontact lazyload\" style=\"background-image:inherit;\" data-bg-image=\"url(https:\/\/www.alioze.com\/wp-content\/themes\/alioze2016\/img\/alioze-production-web-magento-responsive.jpg)\">\n\t\t\t\t<div class=\"content-a\">\n\t\t\t\t\t<div class=\"parralax-centertext\">\n\t\t\t\t\t\t<div class=\"container\">\n\t\t\t\t\t\t\t\t<div class=\"col-xs-12 col-sm-6 col-sm-offset-1 col-md-7 col-md-offset-1 quickcontact-text\">\n\t\t\t\t\t\t\t\tAlioze, une \u00e9quipe d'experts RGPD\n\t\t\t\t\t\t\t\t<\/div>\n\t\t\t\t\t\t\t\t<div class=\"col-xs-12 col-sm-4 col-md-3\">\n\t\t\t\t\t\t\t\t<a href=\"https:\/\/www.alioze.com\/ch\/contact\" class=\"btn btn-lg btn-default  center-block\">Prenez contact<\/a>\n\t\t\t\t\t\t\t\t<\/div>\n\t\t\t\t\t\t<\/div>\n\t\t\t\t\t<\/div>\n\t\t\t\t<\/div>\n\t\t\t<\/section>\n\t\t\t<div class=\"container\">\n\t\t\t<div class=\"col-xs-12\">\n<p>&nbsp;<\/p>\n<h2>Prestations RGPD de nos experts<\/h2>\n<ul>\n<li>Audit de vos processus de s\u00e9curit\u00e9 actuels<\/li>\n<li>Audit de votre site web, d\u00e9veloppements et modifications n\u00e9cessaires en cas de non-conformit\u00e9<\/li>\n<li>Rapport de conformit\u00e9 RGPD<\/li>\n<li>Plan d\u2019actions personnalis\u00e9<\/li>\n<li>Recommandations pour la mise en conformit\u00e9 et son maintien<\/li>\n<li>Formation RGPD<\/li>\n<\/ul>\n<p>&nbsp;<\/p>\n<h2>RGPD : et apr\u00e8s mai 2018 ?<\/h2>\n<p>Le succ\u00e8s de votre entreprise d\u00e9pend en grande partie de votre capacit\u00e9 \u00e0 \u00e9tablir des relations avec vos clients. Mais cela ne peut arriver sans donn\u00e9es.<\/p>\n<p>Communications marketing directes, offres personnalis\u00e9es, am\u00e9liorations de votre e-commerce en fonction du comportement de l&#8217;acheteur\u2026 : rassurez-vous, vos actions et strat\u00e9gies se poursuivront apr\u00e8s l\u2019entr\u00e9e en vigueur du RGPD.<\/p>\n<p>La conformit\u00e9 ne doit donc pas vous effrayer. M\u00eame si les d\u00e9fis qu\u2019il engendre sont nombreux, ce r\u00e8glement peut aussi repr\u00e9senter une \u00e9norme opportunit\u00e9 pour votre entreprise et votre site web.<\/p>\n<p>Vous le savez : la protection et la confidentialit\u00e9 des donn\u00e9es sont des sujets bouillants qui pr\u00e9occupent la plupart des consommateurs. Avant d\u2019effectuer un achat, ou de s\u2019engager avec une marque, les clients veulent \u00eatre rassur\u00e9s sur l\u2019utilisation de leurs donn\u00e9es.<\/p>\n<p>Les organisations les plus malignes se servent d\u2019ailleurs d\u00e9j\u00e0 de la protection des donn\u00e9es comme d\u2019un argument de vente marketing. Quelle que soit la taille de votre entreprise, ou le volume du trafic de votre site web \/ e-commerce, vous pouvez en faire de m\u00eame.<\/p>\n<p>D\u00e9veloppez votre entreprise, votre site web et votre image de marque en tirant parti du RGPD ! Faites savoir que vous \u00eates conforme, en communiquant.<\/p>\n<p>Si vous \u00eates conforme au RGPD et que votre concurrent ne l&#8217;est pas &#8211; ou m\u00eame si vous \u00eates tous les deux conformes au RGPD, mais que vous \u00eates le seul \u00e0 vous en vanter &#8211; cela pourrait \u00eatre un gros argument de vente.<\/p>\n<p>Vous \u00eates bas\u00e9s \u00e0 Gen\u00e8ve, Lausanne, Bern, ou Zurich ? Notre agence s\u2019occupe de votre dossier o\u00f9 que vous soyez.<\/p>\n","protected":false},"excerpt":{"rendered":"<p>Le RGPD (R\u00e8glement G\u00e9n\u00e9ral sur la Protection des Donn\u00e9es) est entr\u00e9e en vigueur le 25 mai 2018. Vous avez besoin d\u2019une formation RGPD ou d\u2019une aide pour votre mise en conformit\u00e9 ? Soyez pr\u00eat en faisant appel aux experts RGPD de notre agence. Ils vous accompagnent pour mieux comprendre cette r\u00e8glementation et vos obligations depuis [&hellip;]<\/p>\n","protected":false},"author":6,"featured_media":0,"parent":0,"menu_order":0,"comment_status":"closed","ping_status":"closed","template":"page-no-title.php","meta":{"_acf_changed":false,"footnotes":""},"class_list":["post-6077","page","type-page","status-publish","hentry"],"acf":[],"aioseo_notices":[],"amp_enabled":false,"_links":{"self":[{"href":"https:\/\/www.alioze.com\/ch\/wp-json\/wp\/v2\/pages\/6077","targetHints":{"allow":["GET"]}}],"collection":[{"href":"https:\/\/www.alioze.com\/ch\/wp-json\/wp\/v2\/pages"}],"about":[{"href":"https:\/\/www.alioze.com\/ch\/wp-json\/wp\/v2\/types\/page"}],"author":[{"embeddable":true,"href":"https:\/\/www.alioze.com\/ch\/wp-json\/wp\/v2\/users\/6"}],"replies":[{"embeddable":true,"href":"https:\/\/www.alioze.com\/ch\/wp-json\/wp\/v2\/comments?post=6077"}],"version-history":[{"count":3,"href":"https:\/\/www.alioze.com\/ch\/wp-json\/wp\/v2\/pages\/6077\/revisions"}],"predecessor-version":[{"id":10831,"href":"https:\/\/www.alioze.com\/ch\/wp-json\/wp\/v2\/pages\/6077\/revisions\/10831"}],"wp:attachment":[{"href":"https:\/\/www.alioze.com\/ch\/wp-json\/wp\/v2\/media?parent=6077"}],"curies":[{"name":"wp","href":"https:\/\/api.w.org\/{rel}","templated":true}]}}