{"id":6023,"date":"2020-01-29T12:06:16","date_gmt":"2020-01-29T11:06:16","guid":{"rendered":"https:\/\/www.alioze.com\/?page_id=6023"},"modified":"2020-05-11T13:01:42","modified_gmt":"2020-05-11T12:01:42","slug":"agence-de-cybersecurite-audit-et-securisation-de-site-web","status":"publish","type":"page","link":"https:\/\/www.alioze.com\/ch\/cybersecurite","title":{"rendered":"Agence de Cybers\u00e9curit\u00e9 (audit et s\u00e9curisation de site web)"},"content":{"rendered":"<\/div><\/div>\n\t<section class=\"headertitle lazyload\" style=\"background-image:inherit;\" data-bg-image=\"url(https:\/\/www.alioze.com\/wp-content\/themes\/alioze2016\/img\/alioze-production-web-magento-responsive.jpg)\">\n\t\t<div id=\"breadcrumbs\">\n\t\t\t\t\t\t<span>\t\t\t\t\t<a href=\"https:\/\/www.alioze.com\/ch\/\">Home<\/a>\n\t\t\t\t\t > \t\t\t\t\t<a href=\"https:\/\/www.alioze.com\/ch\/blog\">Le Blog<\/a>\n\t\t\t\t\t > <\/span>\n\t\t\t\t\t<\/div>\n\t\t\t\t<div class=\"content-a\">\n\t\t\t\t\t<div class=\"parralax-centertext text-center\">\n\n\t\t\t\t\t\t<h1>Agence de Cybers\u00e9curit\u00e9 (audit et s\u00e9curisation de site web)<\/h1>\n\t\t\t\t\t\t<span class=\"baseline\">Architecte technique intelligent<br \/>\n<\/span>\n\t\t\t\t\t<\/div>\n\t\t\t\t<\/div>\n\t\t\t<\/section>\n\t\t\t<div class=\"container\">\n\t\t\t<div class=\"col-xs-12\">\n<p style=\"text-align: center;\">Pr\u00e9occup\u00e9 par la s\u00e9curit\u00e9 de votre entreprise et site web ? Les services en <strong>cybers\u00e9curit\u00e9<\/strong> propos\u00e9s par Alioze visent \u00e0 minimiser tout risque de perte, de perturbation ou de d\u00e9gradation de la r\u00e9putation de votre entreprise qui pourrait d\u00e9couler de la vuln\u00e9rabilit\u00e9 de votre site web ou service de messagerie.<\/p>\n<p>&nbsp;<\/p>\n<p><a href=\"https:\/\/www.alioze.com\/wp-content\/uploads\/2017\/07\/agence-cybersecurite.png\"><img decoding=\"async\" class=\"alignnone size-full wp-image-3976 img-responsive center-block lazyload\" data-src=\"https:\/\/www.alioze.com\/wp-content\/uploads\/2017\/07\/agence-cybersecurite.png\" alt=\"Agence cybers\u00e9curit\u00e9\" width=\"150\" height=\"150\" src=\"data:image\/svg+xml;base64,PHN2ZyB3aWR0aD0iMSIgaGVpZ2h0PSIxIiB4bWxucz0iaHR0cDovL3d3dy53My5vcmcvMjAwMC9zdmciPjwvc3ZnPg==\" style=\"--smush-placeholder-width: 150px; --smush-placeholder-aspect-ratio: 150\/150;\" \/><\/a><\/p>\n<p>&nbsp;<\/p>\n<p>Les entreprises de toutes tailles et secteur d\u2019activit\u00e9 sont de plus en plus menac\u00e9es par des attaques cibl\u00e9es pouvant provenir de l&#8217;int\u00e9rieur et de l&#8217;ext\u00e9rieur du r\u00e9seau.<\/p>\n<p>En tant que principaux points d&#8217;entr\u00e9e et de sortie pour votre entreprise, les mails et le trafic web repr\u00e9sentent le plus grand risque pour les tentatives d&#8217;intrusion non autoris\u00e9es.<\/p>\n<p>Fort de pr\u00e8s de 10 ans d&#8217;exp\u00e9rience, Alioze a \u00e9valu\u00e9, test\u00e9 et mis en \u0153uvre pour ses clients de nombreuses solutions de s\u00e9curit\u00e9 robustes et sur-mesure. Nos solutions de s\u00e9curisation pour votre site web et service de messagerie d&#8217;entreprise vous permettront d&#8217;identifier les trous de s\u00e9curit\u00e9 et de vous d\u00e9fendre contre les menaces.<\/p>\n<p>&nbsp;<\/p>\n<h2>Audit s\u00e9curit\u00e9 site web<\/h2>\n<p>\u00c0 mesure que les technologies de l&#8217;information et de la communication impr\u00e8gnent tous les aspects de notre vie &#8211; du shopping \u00e0 la gestion de nos finances en passant par l\u2019\u00e9ducation et le commerce &#8211; le risque de menaces cybern\u00e9tiques visant les organisations \u00e0 travers le monde devient de plus en plus \u00e9lev\u00e9.<\/p>\n<p>En tant qu\u2019entreprise utilisant ces technologies, vous n\u2019\u00eates malheureusement pas \u00e0 l&#8217;abri. Des cyberattaques se produisent tous les jours, car en cas de probl\u00e8me de s\u00e9curit\u00e9, toute personne ayant une connexion Internet peut trouver les faiblesses de votre plate-forme.<\/p>\n<p>Ainsi, pour assurer la s\u00e9curit\u00e9 de votre entreprise et prot\u00e9ger les informations sensibles de votre base de donn\u00e9es (num\u00e9ros de cartes clients, adresses \u00e9lectroniques, etc.), il est essentiel de ne pas laisser les pirates profiter de la vuln\u00e9rabilit\u00e9 de votre site web.<\/p>\n<p>Les services en maintenance et pour <strong>s\u00e9curiser votre site web<\/strong> d\u2019Alioze permettent \u00e0 votre entreprise de d\u00e9tecter et r\u00e9soudre les faiblesses dans votre code qui pourraient laisser les pirates acc\u00e9der \u00e0 toutes les donn\u00e9es sensibles de votre site.<\/p>\n<p>Pour cela, notre \u00e9quipe de d\u00e9veloppeurs, compos\u00e9e d\u2019experts en s\u00e9curit\u00e9 Magento et WordPress, effectue un <strong>audit de s\u00e9curit\u00e9 de votre site<\/strong> et vous fournit un rapport complet identifiant toutes les failles trouv\u00e9es, ainsi que des recommandations d&#8217;assainissement pour r\u00e9soudre la menace.<\/p>\n<p>Alioze vous aide \u00e9galement \u00e0 mettre en place des solutions et correctifs appropri\u00e9s afin de r\u00e9soudre tous vos probl\u00e8mes de s\u00e9curit\u00e9 et bloquer les attaques malveillantes.<\/p>\n<p>Gr\u00e2ce \u00e0 cet audit de code, vous obtenez une liste d\u00e9taill\u00e9e de toutes les faiblesses de votre site en termes de performance et de s\u00e9curit\u00e9, et les moyens pour y rem\u00e9dier. Sans audit de code, vous ne pouvez pas \u00eatre certain que votre e-commerce Magento ou site WordPress est correctement s\u00e9curis\u00e9.<\/p>\n<\/div><\/div>\n\t<section class=\"quickcontact lazyload\" style=\"background-image:inherit;\" data-bg-image=\"url(https:\/\/www.alioze.com\/wp-content\/themes\/alioze2016\/img\/alioze-production-web-magento-responsive.jpg)\">\n\t\t\t\t<div class=\"content-a\">\n\t\t\t\t\t<div class=\"parralax-centertext\">\n\t\t\t\t\t\t<div class=\"container\">\n\t\t\t\t\t\t\t\t<div class=\"col-xs-12 col-sm-6 col-sm-offset-1 col-md-7 col-md-offset-1 quickcontact-text\">\n\t\t\t\t\t\t\t\tAlioze, le choix d'une agence \u00e9prouv\u00e9e en cybers\u00e9curit\u00e9\n\t\t\t\t\t\t\t\t<\/div>\n\t\t\t\t\t\t\t\t<div class=\"col-xs-12 col-sm-4 col-md-3\">\n\t\t\t\t\t\t\t\t<a href=\"https:\/\/www.alioze.com\/ch\/contact\" class=\"btn btn-lg btn-default  center-block\">Prenez contact<\/a>\n\t\t\t\t\t\t\t\t<\/div>\n\t\t\t\t\t\t<\/div>\n\t\t\t\t\t<\/div>\n\t\t\t\t<\/div>\n\t\t\t<\/section>\n\t\t\t<div class=\"container\">\n\t\t\t<div class=\"col-xs-12\">\n<h2>Audit s\u00e9curit\u00e9 Magento<\/h2>\n<p>Le maintien de vos normes de s\u00e9curit\u00e9 PCI \u00e0 jour pour votre e-commerce Magento est un bon point de d\u00e9part, mais vous devez \u00e9galement ajouter plusieurs couches de s\u00e9curit\u00e9 pour tout point d&#8217;extr\u00e9mit\u00e9 tourn\u00e9 vers le client.<\/p>\n<p>En effet, les outils de protection de base ne suffisent plus \u00e0 prot\u00e9ger contre les nouvelles cyberattaques sophistiqu\u00e9es, et le manque de mise en \u0153uvre des services de cybers\u00e9curit\u00e9 peuvent mettre en p\u00e9ril toute une organisation.<\/p>\n<p>Il suffit parfois d\u2019un module, d\u2019une extension ou d\u2019une mise \u00e0 jour sans maintenance pour que toute votre entreprise soit en danger. M\u00eame une courte interruption du r\u00e9seau se traduit par des dommages financiers importants qui peuvent se compter en millions d&#8217;euros.<\/p>\n<p>C&#8217;est pourquoi il est important de rendre votre e-commerce Magento aussi s\u00e9curis\u00e9 que possible pour le prot\u00e9ger contre une attaque bas\u00e9e sur le mot de passe, l&#8217;injection SQL, le script Cross Site et d&#8217;autres attaques au niveau de l&#8217;application.<\/p>\n<p>Gr\u00e2ce \u00e0 l&#8217;ex\u00e9cution d&#8217;un <strong>audit de s\u00e9curit\u00e9 Magento<\/strong>, vous pouvez pr\u00e9venir et bloquer les attaques sur votre site e-commerce en identifiant et corrigeant les diff\u00e9rentes failles.<\/p>\n<p>Lors d&#8217;un audit de s\u00e9curit\u00e9 Magento, l&#8217;<span id=\"result_box\" class=\"\" lang=\"fr\">\u00e9quipe de d\u00e9veloppeurs Alioze effectue une v\u00e9rification compl\u00e8te de votre site e-commerce. Nous examinons les derniers correctifs, v\u00e9rifions les mises \u00e0 jour, ex\u00e9cutons des scripts de v\u00e9rification de s\u00e9curit\u00e9 personnalis\u00e9s et des tests divers.<\/span><\/p>\n<p><span id=\"result_box\" class=\"\" lang=\"fr\"><span class=\"\">Une fois l&#8217;audit de votre Magento termin\u00e9, nous vous fournissons un rapport d\u00e9taill\u00e9 sur la fa\u00e7on dont il fonctionne, ainsi que des recommandations que vous pouvez soit engager avec nous, soit avec un autre partenaire ou agence.<\/span><\/span><\/p>\n<p>&nbsp;<\/p>\n<h2>Audit s\u00e9curit\u00e9 WordPress<\/h2>\n<p>WordPress \u00e9tant l\u2019un des syst\u00e8mes de gestion de contenu (CMS) open source les plus populaires, il repr\u00e9sente une cible privil\u00e9gi\u00e9e pour les pirates. Ces derniers utilisent des blogs et sites pour propager des logiciels malveillants, le phishing et autres attaques.<\/p>\n<p>Les tentatives r\u00e9ussies d&#8217;obtenir un acc\u00e8s non autoris\u00e9 via un CMS tel que WordPress donnent aux attaquants la possibilit\u00e9 de t\u00e9l\u00e9charger des backdoors PHP (hypertexte pr\u00e9processeur) et d&#8217;autres scripts malveillants sur des sites web compromis. Il est donc n\u00e9cessaire de s\u00e9curiser votre site WordPress avant qu&#8217;un hackeur ne puisse exploiter sa vuln\u00e9rabilit\u00e9.<\/p>\n<p>En mati\u00e8re de cybers\u00e9curit\u00e9, les plugins de s\u00e9curit\u00e9 WordPress ne sont pas suffisants puisqu\u2019ils peuvent contenir plusieurs failles de s\u00e9curit\u00e9. Ainsi, si vous ne voulez pas \u00eatre la prochaine victime des pirates informatiques, il faut trouver les vuln\u00e9rabilit\u00e9s de votre site.<\/p>\n<p>Un <strong>audit de s\u00e9curit\u00e9 WordPress<\/strong> r\u00e9alis\u00e9 par Alioze vous permet de vous informer de ces vuln\u00e9rabilit\u00e9s, de les corriger, et de mettre en place diff\u00e9rentes actions pour vous assurer que votre site est totalement s\u00e9curis\u00e9.<\/p>\n<p>&nbsp;<\/p>\n<h2>S\u00e9curit\u00e9 messagerie \u00e9lectronique et mails d&#8217;entreprise<\/h2>\n<p>Les menaces externes entrent dans votre entreprise gr\u00e2ce \u00e0 des canaux de communications normaux, comme les courriers \u00e9lectroniques. C\u2019est pourquoi vous avez besoin d&#8217;une <strong>solution de s\u00e9curit\u00e9<\/strong> qui prot\u00e8ge votre entreprise de toutes les menaces par e-mail.<\/p>\n<p>Cette solution comporte une capacit\u00e9 de filtrage et des fonctionnalit\u00e9s de continuit\u00e9 d&#8217;activit\u00e9.<\/p>\n<p>La fonctionnalit\u00e9 de filtrage permet de bloquer les virus en examinant l\u2019adresse IP d\u2019origine, la taille de la pi\u00e8ce jointe, le type de fichier, le contenu textuel, la r\u00e9putation de l&#8217;exp\u00e9diteur et plus encore, afin d&#8217;emp\u00eacher les logiciels malveillants, les spams et autres courriers ind\u00e9sirables d&#8217;acc\u00e9der aux bo\u00eetes de r\u00e9ception. Le filtrage garantit ainsi que les courriels fiables sont livr\u00e9s avec un d\u00e9lai minimal alors que les e-mails frauduleux sont bloqu\u00e9s ou mis en quarantaine.<\/p>\n<p>&nbsp;<\/p>\n<h2>Besoin d&#8217;aide pour s\u00e9curiser votre site web ?<\/h2>\n<p style=\"text-align: center;\">Notre agence de cybers\u00e9curit\u00e9 est ouverte de 9H30 \u00e0 19H00 du lundi au vendredi.<\/p>\n<p style=\"text-align: center;\">N&#8217;h\u00e9sitez pas \u00e0 nous contacter par t\u00e9l\u00e9phone au <a href=\"tel:+33183622184\"> +33 (0) 1 83 62 21 84<\/a> ou en remplissant ce court formulaire :<\/p>\n<p>\n<div class=\"wpcf7 no-js\" id=\"wpcf7-f4885-o1\" lang=\"fr-FR\" dir=\"ltr\" data-wpcf7-id=\"4885\">\n<div class=\"screen-reader-response\"><p role=\"status\" aria-live=\"polite\" aria-atomic=\"true\"><\/p> <ul><\/ul><\/div>\n<form action=\"\/ch\/wp-json\/wp\/v2\/pages\/6023#wpcf7-f4885-o1\" method=\"post\" class=\"wpcf7-form init\" aria-label=\"Contact form\" novalidate=\"novalidate\" data-status=\"init\">\n<fieldset class=\"hidden-fields-container\"><input type=\"hidden\" name=\"_wpcf7\" value=\"4885\" \/><input type=\"hidden\" name=\"_wpcf7_version\" value=\"6.1.5\" \/><input type=\"hidden\" name=\"_wpcf7_locale\" value=\"fr_FR\" \/><input type=\"hidden\" name=\"_wpcf7_unit_tag\" value=\"wpcf7-f4885-o1\" \/><input type=\"hidden\" name=\"_wpcf7_container_post\" value=\"0\" \/><input type=\"hidden\" name=\"_wpcf7_posted_data_hash\" value=\"\" \/><input type=\"hidden\" name=\"_wpcf7_recaptcha_response\" value=\"\" \/>\n<\/fieldset>\n<div class=\"form-group\">\n\t<p><span class=\"wpcf7-form-control-wrap\" data-name=\"contact-name\"><input size=\"40\" maxlength=\"400\" class=\"wpcf7-form-control wpcf7-text wpcf7-validates-as-required form-control\" aria-required=\"true\" aria-invalid=\"false\" placeholder=\"Votre nom *\" value=\"\" type=\"text\" name=\"contact-name\" \/><\/span>\n\t<\/p>\n<\/div>\n<div class=\"form-group\">\n\t<p><span class=\"wpcf7-form-control-wrap\" data-name=\"contact-telephone\"><input size=\"40\" maxlength=\"400\" class=\"wpcf7-form-control wpcf7-text wpcf7-validates-as-required form-control\" aria-required=\"true\" aria-invalid=\"false\" placeholder=\"Votre num\u00e9ro de t\u00e9l\u00e9phone *\" value=\"\" type=\"text\" name=\"contact-telephone\" \/><\/span>\n\t<\/p>\n<\/div>\n<div class=\"form-group\">\n\t<p><span class=\"wpcf7-form-control-wrap\" data-name=\"contact-email\"><input size=\"40\" maxlength=\"400\" class=\"wpcf7-form-control wpcf7-email wpcf7-validates-as-required wpcf7-text wpcf7-validates-as-email form-control\" aria-required=\"true\" aria-invalid=\"false\" placeholder=\"Votre e-mail *\" value=\"\" type=\"email\" name=\"contact-email\" \/><\/span>\n\t<\/p>\n<\/div>\n<div class=\"form-group\">\n\t<p><span class=\"wpcf7-form-control-wrap\" data-name=\"contact-message\"><textarea cols=\"40\" rows=\"10\" maxlength=\"2000\" class=\"wpcf7-form-control wpcf7-textarea wpcf7-validates-as-required form-control\" aria-required=\"true\" aria-invalid=\"false\" placeholder=\"Votre message *\" name=\"contact-message\"><\/textarea><\/span>\n\t<\/p>\n<\/div>\n<p><span class=\"wpcf7-form-control-wrap\" data-name=\"checkbox-262\"><span class=\"wpcf7-form-control wpcf7-checkbox wpcf7-validates-as-required\"><span class=\"wpcf7-list-item first last\"><input type=\"checkbox\" name=\"checkbox-262[]\" value=\"J&#039;ai lu et j&#039;accepte les Conditions G\u00e9n\u00e9rales d&#039;Utilisation\" \/><span class=\"wpcf7-list-item-label\">J&#039;ai lu et j&#039;accepte les Conditions G\u00e9n\u00e9rales d&#039;Utilisation<\/span><\/span><\/span><\/span>\n<\/p>\n<div style=\"display:none !important\">\n\t<p><span class=\"wpcf7-form-control-wrap\" data-name=\"pipedrive_hook\"><input size=\"40\" maxlength=\"400\" class=\"wpcf7-form-control wpcf7-text wpcf7-validates-as-required\" aria-required=\"true\" aria-invalid=\"false\" value=\"1\" type=\"text\" name=\"pipedrive_hook\" \/><\/span>\n\t<\/p>\n<\/div>\n<p><input class=\"wpcf7-form-control wpcf7-submit has-spinner btn btn-lg btn-default btn-dark center-block gtm-contact-form-submit\" type=\"submit\" value=\"Envoyer\" \/>\n<\/p><p style=\"display: none !important;\" class=\"akismet-fields-container\" data-prefix=\"_wpcf7_ak_\"><label>&#916;<textarea name=\"_wpcf7_ak_hp_textarea\" cols=\"45\" rows=\"8\" maxlength=\"100\"><\/textarea><\/label><input type=\"hidden\" id=\"ak_js_1\" name=\"_wpcf7_ak_js\" value=\"218\"\/><script type=\"text\/javascript\">\n\/* <![CDATA[ *\/\ndocument.getElementById( \"ak_js_1\" ).setAttribute( \"value\", ( new Date() ).getTime() );\n\/* ]]> *\/\n<\/script>\n<\/p><div class=\"wpcf7-response-output\" aria-hidden=\"true\"><\/div>\n<\/form>\n<\/div>\n<br \/>\nVous \u00eates bas\u00e9s \u00e0 Gen\u00e8ve, Lausanne, Bern, ou Zurich ? Notre agence s\u2019occupe de votre dossier o\u00f9 que vous soyez.<\/p>\n","protected":false},"excerpt":{"rendered":"<p>Pr\u00e9occup\u00e9 par la s\u00e9curit\u00e9 de votre entreprise et site web ? Les services en cybers\u00e9curit\u00e9 propos\u00e9s par Alioze visent \u00e0 minimiser tout risque de perte, de perturbation ou de d\u00e9gradation de la r\u00e9putation de votre entreprise qui pourrait d\u00e9couler de la vuln\u00e9rabilit\u00e9 de votre site web ou service de messagerie. &nbsp; &nbsp; Les entreprises de [&hellip;]<\/p>\n","protected":false},"author":6,"featured_media":0,"parent":0,"menu_order":0,"comment_status":"closed","ping_status":"closed","template":"page-no-title.php","meta":{"_acf_changed":false,"footnotes":""},"class_list":["post-6023","page","type-page","status-publish","hentry"],"acf":[],"aioseo_notices":[],"amp_enabled":false,"_links":{"self":[{"href":"https:\/\/www.alioze.com\/ch\/wp-json\/wp\/v2\/pages\/6023","targetHints":{"allow":["GET"]}}],"collection":[{"href":"https:\/\/www.alioze.com\/ch\/wp-json\/wp\/v2\/pages"}],"about":[{"href":"https:\/\/www.alioze.com\/ch\/wp-json\/wp\/v2\/types\/page"}],"author":[{"embeddable":true,"href":"https:\/\/www.alioze.com\/ch\/wp-json\/wp\/v2\/users\/6"}],"replies":[{"embeddable":true,"href":"https:\/\/www.alioze.com\/ch\/wp-json\/wp\/v2\/comments?post=6023"}],"version-history":[{"count":5,"href":"https:\/\/www.alioze.com\/ch\/wp-json\/wp\/v2\/pages\/6023\/revisions"}],"predecessor-version":[{"id":10889,"href":"https:\/\/www.alioze.com\/ch\/wp-json\/wp\/v2\/pages\/6023\/revisions\/10889"}],"wp:attachment":[{"href":"https:\/\/www.alioze.com\/ch\/wp-json\/wp\/v2\/media?parent=6023"}],"curies":[{"name":"wp","href":"https:\/\/api.w.org\/{rel}","templated":true}]}}