{"id":28442,"date":"2022-04-26T09:48:49","date_gmt":"2022-04-26T08:48:49","guid":{"rendered":"https:\/\/www.alioze.com\/?page_id=28442"},"modified":"2022-06-20T09:16:18","modified_gmt":"2022-06-20T08:16:18","slug":"home","status":"publish","type":"page","link":"https:\/\/www.alioze.com\/ch\/","title":{"rendered":"Home"},"content":{"rendered":"<p><!-- ######################################################################################################################## Introduction --><\/p>\n<section id=\"home-introduction\" class=\"home-section\">\n<div class=\"container\">\n<div class=\"row\">\n<div class=\"col-xs-12 col-md-10 col-md-offset-1\">\n<h1>Agence de communication<br \/>\n&amp; production web<\/h1>\n<div>Nous sommes Alioze. agence de communication globale &amp; marketing digital, <a href=\"https:\/\/www.alioze.com\/social-media\" target=\"_blank\" rel=\"noopener\">social media<\/a>, <a href=\"https:\/\/www.alioze.com\/magento\" target=\"_blank\" rel=\"noopener\">e-commerce<\/a>, <a href=\"https:\/\/www.alioze.com\/agence-publicite\/\" target=\"_blank\" rel=\"noopener\">publicit\u00e9<\/a>, d\u00e9veloppement de communaut\u00e9s, social &amp; live commerce, <a href=\"https:\/\/www.alioze.com\/agence-nft\/\" target=\"_blank\" rel=\"noopener\">nft<\/a>, <a href=\"https:\/\/www.alioze.com\/seo\" target=\"_blank\" rel=\"noopener\">r\u00e9f\u00e9rencement<\/a>, <a href=\"https:\/\/www.alioze.com\/agence-video\" target=\"_blank\" rel=\"noopener\">production video<\/a> &amp; <a href=\"https:\/\/www.alioze.com\/redaction\" target=\"_blank\" rel=\"noopener\">contenus<\/a>, <a href=\"https:\/\/www.alioze.com\/relations-presse\" target=\"_blank\" rel=\"noopener\">relations presse<\/a> <strong>sur-mesure<\/strong> pour votre marque en france et \u00e0 l\u2019international.<\/div>\n<div>The best stories are yet to come<\/div>\n<\/div>\n<\/div>\n<\/div>\n<\/section>\n<p><!-- ######################################################################################################################## Strengths --><\/p>\n<section id=\"home-strengths\" class=\"home-section\">\n<div class=\"container-fluid\">\n<div class=\"row\">\n<div class=\"col-xs-12 col-sm-4 skilblock skill-com\">\n<div class=\"title\">\n<div class=\"icon-com\"><img decoding=\"async\" data-src=\"https:\/\/www.alioze.com\/wp-content\/themes\/alioze2016\/img\/alioze-agence-communication.png\" src=\"data:image\/svg+xml;base64,PHN2ZyB3aWR0aD0iMSIgaGVpZ2h0PSIxIiB4bWxucz0iaHR0cDovL3d3dy53My5vcmcvMjAwMC9zdmciPjwvc3ZnPg==\" class=\"lazyload\" style=\"--smush-placeholder-width: 90px; --smush-placeholder-aspect-ratio: 90\/74;\" \/><\/div>\n<h2>Communication<\/h2>\n<\/div>\n<p><a href=\"https:\/\/www.alioze.com\/ch\/communication\" class=\"btn btn-large btn-default\">S\u00e9duire<\/a><\/p>\n<div class=\"skillbg\"><\/div>\n<p>&nbsp;<\/p>\n<\/div>\n<div class=\"col-xs-12 col-sm-4 skilblock skill-prod\">\n<div class=\"title\">\n<div class=\"icon-prod\"><img decoding=\"async\" data-src=\"https:\/\/www.alioze.com\/wp-content\/themes\/alioze2016\/img\/alioze-agence-magento.png\" src=\"data:image\/svg+xml;base64,PHN2ZyB3aWR0aD0iMSIgaGVpZ2h0PSIxIiB4bWxucz0iaHR0cDovL3d3dy53My5vcmcvMjAwMC9zdmciPjwvc3ZnPg==\" class=\"lazyload\" style=\"--smush-placeholder-width: 90px; --smush-placeholder-aspect-ratio: 90\/74;\" \/><\/div>\n<h2>Production web<\/h2>\n<\/div>\n<p><a href=\"https:\/\/www.alioze.com\/ch\/developpement\" class=\"btn btn-large btn-default\">B\u00e2tir<\/a><\/p>\n<div class=\"skillbg\"><\/div>\n<p>&nbsp;<\/p>\n<\/div>\n<div class=\"col-xs-12 col-sm-4 skilblock skill-strat\">\n<div class=\"title\">\n<div class=\"icon-strat\"><img decoding=\"async\" data-src=\"https:\/\/www.alioze.com\/wp-content\/themes\/alioze2016\/img\/alioze-agence-refencement.png\" src=\"data:image\/svg+xml;base64,PHN2ZyB3aWR0aD0iMSIgaGVpZ2h0PSIxIiB4bWxucz0iaHR0cDovL3d3dy53My5vcmcvMjAwMC9zdmciPjwvc3ZnPg==\" class=\"lazyload\" style=\"--smush-placeholder-width: 90px; --smush-placeholder-aspect-ratio: 90\/74;\" \/><\/div>\n<h2>Acquisition<\/h2>\n<\/div>\n<p><a href=\"https:\/\/www.alioze.com\/ch\/acquisition\" class=\"btn btn-large btn-default\">Conqu\u00e9rir<\/a><\/p>\n<div class=\"skillbg\"><\/div>\n<p>&nbsp;<\/p>\n<\/div>\n<\/div>\n<\/div>\n<\/section>\n<p><!-- ######################################################################################################################## Team --><\/p>\n<section id=\"home-team\" class=\"home-section\">\n<div class=\"container-fluid\">\n<div class=\"row\">\n<div class=\"col-xs-12\"><a href=\"https:\/\/www.alioze.com\/team\"><br \/>\n<img decoding=\"async\" class=\"img-responsive center-block lazyload\" title=\"D\u00e9veloppeur - sp\u00e9cialistes - Magento\" data-src=\"https:\/\/www.alioze.com\/wp-content\/themes\/alioze2016\/img\/alioze-team-experts-magento.png\" alt=\"D\u00e9veloppeur - sp\u00e9cialistes - Magento\" src=\"data:image\/svg+xml;base64,PHN2ZyB3aWR0aD0iMSIgaGVpZ2h0PSIxIiB4bWxucz0iaHR0cDovL3d3dy53My5vcmcvMjAwMC9zdmciPjwvc3ZnPg==\" style=\"--smush-placeholder-width: 678px; --smush-placeholder-aspect-ratio: 678\/184;\" \/><br \/>\n<\/a><\/p>\n<h2><a href=\"https:\/\/www.alioze.com\/team\" rel=\"nofollow\">Alioze : une \u00e9quipe de consultants experts en communication, d\u00e9veloppement web &amp; marketing digital<\/a><\/h2>\n<\/div>\n<\/div>\n<\/div>\n<\/section>\n<p><!-- ######################################################################################################################## Contact --><\/p>\n<section id=\"home-contact\" class=\"home-section\">\n<div class=\"container-fluid\">\n<div class=\"row\">\n<div id=\"contactblock\" class=\"col-xs-12\">\n<div class=\"container\">\n<div class=\"row\">\n<div class=\"col-xs-12\">\n<div class=\"losange-content\">\n<p>&nbsp;<\/p>\n<div class=\"losange\"><\/div>\n<\/div>\n<h2>Contactez nous<\/h2>\n<p>&nbsp;<\/p>\n<div class=\"contact-block\">Vous souhaitez vous doter d\u2019une campagne de communication impactante, m\u00e9tamorphoser votre image sur internet, embellir vos relations presses, d\u00e9velopper un site vitrine ou e-commerce unique ? Notre \u00e9quipe vous aidera \u00e0 construire un projet \u00e0 votre image &#8211; sublim\u00e9e.<\/div>\n<div class=\"buttoncontact\"><a class=\"btn btn-lg btn-default\" href=\"https:\/\/www.alioze.com\/contact\/\">hello@alioze.com<\/a><\/div>\n<\/div>\n<\/div>\n<\/div>\n<\/div>\n<\/div>\n<\/div>\n<\/section>\n<p>&nbsp;<\/p>\n<h2>Quelques-unes de nos r\u00e9f\u00e9rences<\/h2>\n<p>&nbsp;<\/p>\n<div class=\"text-center\"><img decoding=\"async\" class=\"img-client\" src=\"https:\/\/www.alioze.com\/wp-content\/uploads\/2020\/05\/agence-web-lvmh-2.png\" alt=\"agence communication lvmh\" width=\"200\" height=\"105\" \/><img decoding=\"async\" class=\"img-client\" src=\"https:\/\/www.alioze.com\/wp-content\/uploads\/2021\/12\/agence-communication-merck.png\" alt=\"agence communication merck\" width=\"200\" height=\"105\" \/><img decoding=\"async\" class=\"img-client\" src=\"https:\/\/www.alioze.com\/wp-content\/uploads\/2021\/05\/agence-communication-paradis-latin.png\" alt=\"agence communication paradis latin\" width=\"200\" height=\"105\" \/><img decoding=\"async\" class=\"img-client\" src=\"https:\/\/www.alioze.com\/wp-content\/uploads\/2019\/07\/agence-web-de-dior-2.png\" alt=\"agence web dior\" width=\"200\" height=\"105\" \/><img decoding=\"async\" class=\"img-client\" src=\"https:\/\/www.alioze.com\/wp-content\/uploads\/2021\/12\/agence-communication-british-council.png\" alt=\"agence communication british council\" width=\"200\" height=\"105\" \/><img decoding=\"async\" class=\"img-client\" src=\"https:\/\/www.alioze.com\/wp-content\/uploads\/2018\/05\/agence-web-petrossian.jpg\" alt=\"Agence web de Pretrossian\" width=\"200\" height=\"105\" \/><img decoding=\"async\" class=\"img-client\" src=\"https:\/\/www.alioze.com\/wp-content\/uploads\/2021\/05\/agence-communication-apf-entreprises.png\" alt=\"agence communication apf entreprises\" width=\"200\" height=\"105\" \/><img decoding=\"async\" class=\"img-client\" src=\"https:\/\/www.alioze.com\/wp-content\/uploads\/2016\/02\/agence-web-de-svr.png\" alt=\"\" width=\"200\" height=\"105\" \/><img decoding=\"async\" class=\"img-client\" src=\"https:\/\/www.alioze.com\/wp-content\/uploads\/2021\/07\/agence-communication-dassault-systemes.png\" alt=\"agence communication dassault systemes\" width=\"200\" height=\"105\" \/><img decoding=\"async\" class=\"img-client\" src=\"https:\/\/www.alioze.com\/wp-content\/uploads\/2020\/09\/agence-communication-roquette.png\" alt=\"agence communication roquette\" width=\"200\" height=\"105\" \/><img decoding=\"async\" class=\"img-client\" src=\"https:\/\/www.alioze.com\/wp-content\/uploads\/2016\/11\/agence-web-de-banana-moon.png\" alt=\"\" width=\"200\" height=\"105\" \/><img decoding=\"async\" class=\"img-client\" src=\"https:\/\/www.alioze.com\/wp-content\/uploads\/2021\/05\/agence-communication-jurlique.png\" alt=\"agence communication jurlique\" width=\"200\" height=\"105\" \/><img decoding=\"async\" class=\"img-client\" src=\"https:\/\/www.alioze.com\/wp-content\/uploads\/2021\/12\/agence-communication-louis-julian.png\" alt=\"agence communication bijouterie louis julian\" width=\"200\" height=\"105\" \/><img decoding=\"async\" class=\"img-client\" src=\"https:\/\/www.alioze.com\/wp-content\/uploads\/2017\/05\/agence-web-isocell-nutra.png\" alt=\"agence web isocell nutra\" width=\"200\" height=\"105\" \/><img decoding=\"async\" class=\"img-client\" src=\"https:\/\/www.alioze.com\/wp-content\/uploads\/2018\/03\/agence-web-fpi.png\" alt=\"Agence web de la f\u00e9d\u00e9ration des promoteurs immobiliers\" width=\"200\" height=\"105\" \/><img decoding=\"async\" class=\"img-client\" src=\"https:\/\/www.alioze.com\/wp-content\/uploads\/2016\/02\/agence-web-de-dunlop.png\" alt=\"\" width=\"200\" height=\"105\" \/><img decoding=\"async\" class=\"img-client\" src=\"https:\/\/www.alioze.com\/wp-content\/uploads\/2020\/08\/agence-web-air-liquide.png\" alt=\"agence web air liquide\" width=\"200\" height=\"105\" \/><img decoding=\"async\" class=\"img-client\" src=\"https:\/\/www.alioze.com\/wp-content\/uploads\/2016\/02\/agence-web-de-empire-des-thes.png\" alt=\"\" width=\"200\" height=\"105\" \/><img decoding=\"async\" class=\"img-client\" src=\"https:\/\/www.alioze.com\/wp-content\/uploads\/2021\/12\/agence-communication-internationale.png\" alt=\"agence communication internationale\" width=\"200\" height=\"105\" \/><img decoding=\"async\" class=\"img-client\" src=\"https:\/\/www.alioze.com\/wp-content\/uploads\/2020\/03\/agence-web-cattier.png\" alt=\"agence communication cattier\" width=\"200\" height=\"105\" \/><img decoding=\"async\" class=\"img-client\" src=\"https:\/\/www.alioze.com\/wp-content\/uploads\/2019\/04\/agence-web-axio-avocat.png\" alt=\"agence web axio avocat\" width=\"200\" height=\"105\" \/><img decoding=\"async\" class=\"img-client\" src=\"https:\/\/www.alioze.com\/wp-content\/uploads\/2021\/12\/agence-communication-gameloft.png\" alt=\"agence communication gameloft\" width=\"200\" height=\"105\" \/><img decoding=\"async\" class=\"img-client\" src=\"https:\/\/www.alioze.com\/wp-content\/uploads\/2018\/04\/agence-web-les-fleurs-de-nicolas.png\" alt=\"Agence web Les Fleurs de Nicolas\" width=\"200\" height=\"105\" \/><img decoding=\"async\" class=\"img-client\" src=\"https:\/\/www.alioze.com\/wp-content\/uploads\/2016\/02\/agence-web-de-goodyear.png\" alt=\"\" width=\"200\" height=\"105\" \/><img decoding=\"async\" class=\"img-client\" src=\"https:\/\/www.alioze.com\/wp-content\/uploads\/2016\/02\/agence-web-de-filorga.png\" alt=\"\" width=\"200\" height=\"105\" \/><img decoding=\"async\" class=\"img-client\" src=\"https:\/\/www.alioze.com\/wp-content\/uploads\/2021\/01\/agence-communication-open-sky-international.png\" alt=\"agence communication open sky international\" width=\"200\" height=\"105\" \/><img decoding=\"async\" class=\"img-client\" src=\"https:\/\/www.alioze.com\/wp-content\/uploads\/2016\/02\/agence-web-de-kenzo-kids.png\" alt=\"\" width=\"200\" height=\"105\" \/><img decoding=\"async\" class=\"img-client\" src=\"https:\/\/www.alioze.com\/wp-content\/uploads\/2017\/07\/agence-web-images-du-monde.png\" alt=\"Agence web Images du Monde\" width=\"200\" height=\"105\" \/><img decoding=\"async\" class=\"img-client\" src=\"https:\/\/www.alioze.com\/wp-content\/uploads\/2016\/02\/agence-web-de-itecom-art-design.png\" alt=\"\" width=\"200\" height=\"105\" \/><img decoding=\"async\" class=\"img-client\" src=\"https:\/\/www.alioze.com\/wp-content\/uploads\/2016\/02\/agence-web-de-vetostore.png\" alt=\"\" width=\"200\" height=\"105\" \/><img decoding=\"async\" class=\"img-client\" src=\"https:\/\/www.alioze.com\/wp-content\/uploads\/2021\/07\/agence-communication-straumann.png\" alt=\"agence communication straumann\" width=\"200\" height=\"105\" \/><img decoding=\"async\" class=\"img-client\" src=\"https:\/\/www.alioze.com\/wp-content\/uploads\/2019\/04\/agence-web-altavia.png\" alt=\"agence web altavia\" width=\"200\" height=\"105\" \/><img decoding=\"async\" class=\"img-client\" src=\"https:\/\/www.alioze.com\/wp-content\/uploads\/2021\/07\/agence-communication-createur-mode.png\" alt=\"agence web Ziliox\" width=\"200\" height=\"105\" \/><img decoding=\"async\" class=\"img-client\" src=\"https:\/\/www.alioze.com\/wp-content\/uploads\/2021\/07\/agence-communication-ellozze.jpg\" alt=\"agence web ellozze\" width=\"200\" height=\"105\" \/><img decoding=\"async\" class=\"img-client\" src=\"https:\/\/www.alioze.com\/wp-content\/uploads\/2021\/05\/agence-communication-nume-lab.png\" alt=\"agence web nume lab\" width=\"200\" height=\"105\" \/><\/div>\n<div class=\"buttoncontact\">\n<div class=\"text-center\"><a class=\"btn btn-lg btn-default\" href=\"https:\/\/www.alioze.com\/clients\/\">Tous nos clients<\/a><\/div>\n<\/div>\n<p><!-- ######################################################################################################################## Blog --><\/p>\n<section id=\"home-blog\" class=\"home-section\">\n<div class=\"container-fluid\">\n<div class=\"row\"><\/div>\n<\/div>\n<\/section>\n","protected":false},"excerpt":{"rendered":"<p>Agence de communication &amp; production web Nous sommes Alioze. agence de communication globale &amp; marketing digital, social media, e-commerce, publicit\u00e9, d\u00e9veloppement de communaut\u00e9s, social &amp; live commerce, nft, r\u00e9f\u00e9rencement, production video &amp; contenus, relations presse sur-mesure pour votre marque en france et \u00e0 l\u2019international. The best stories are yet to come Communication S\u00e9duire &nbsp; Production [&hellip;]<\/p>\n","protected":false},"author":13,"featured_media":0,"parent":0,"menu_order":0,"comment_status":"closed","ping_status":"closed","template":"page-home-v2.php","meta":{"_acf_changed":false,"footnotes":""},"class_list":["post-28442","page","type-page","status-publish","hentry"],"acf":[],"aioseo_notices":[],"amp_enabled":false,"_links":{"self":[{"href":"https:\/\/www.alioze.com\/ch\/wp-json\/wp\/v2\/pages\/28442","targetHints":{"allow":["GET"]}}],"collection":[{"href":"https:\/\/www.alioze.com\/ch\/wp-json\/wp\/v2\/pages"}],"about":[{"href":"https:\/\/www.alioze.com\/ch\/wp-json\/wp\/v2\/types\/page"}],"author":[{"embeddable":true,"href":"https:\/\/www.alioze.com\/ch\/wp-json\/wp\/v2\/users\/13"}],"replies":[{"embeddable":true,"href":"https:\/\/www.alioze.com\/ch\/wp-json\/wp\/v2\/comments?post=28442"}],"version-history":[{"count":2,"href":"https:\/\/www.alioze.com\/ch\/wp-json\/wp\/v2\/pages\/28442\/revisions"}],"predecessor-version":[{"id":28607,"href":"https:\/\/www.alioze.com\/ch\/wp-json\/wp\/v2\/pages\/28442\/revisions\/28607"}],"wp:attachment":[{"href":"https:\/\/www.alioze.com\/ch\/wp-json\/wp\/v2\/media?parent=28442"}],"curies":[{"name":"wp","href":"https:\/\/api.w.org\/{rel}","templated":true}]}}