{"id":12451,"date":"2020-06-16T17:48:14","date_gmt":"2020-06-16T16:48:14","guid":{"rendered":"https:\/\/www.alioze.com\/agence-de-communication-specialisee-enfants\/"},"modified":"2021-08-09T09:25:26","modified_gmt":"2021-08-09T08:25:26","slug":"agence-de-communication-specialisee-enfants","status":"publish","type":"page","link":"https:\/\/www.alioze.com\/ch\/agence-communication-enfants\/","title":{"rendered":"Agence de Communication Sp\u00e9cialis\u00e9e Enfants"},"content":{"rendered":"<\/div><\/div>\n\t<section class=\"headertitle lazyload\" style=\"background-image:inherit;\" data-bg-image=\"url(https:\/\/www.alioze.com\/wp-content\/themes\/alioze2016\/img\/alioze-communication-branding-design.jpg)\">\n\t\t<div id=\"breadcrumbs\">\n\t\t\t\t\t\t<span>\t\t\t\t\t<a href=\"https:\/\/www.alioze.com\/ch\/\">Home<\/a>\n\t\t\t\t\t > \t\t\t\t\t<a href=\"https:\/\/www.alioze.com\/ch\/blog\">Le Blog<\/a>\n\t\t\t\t\t > <\/span>\n\t\t\t\t\t<\/div>\n\t\t\t\t<div class=\"content-a\">\n\t\t\t\t\t<div class=\"parralax-centertext text-center\">\n\n\t\t\t\t\t\t<h1>Agence de Communication Sp\u00e9cialis\u00e9e Enfants<\/h1>\n\t\t\t\t\t\t<span class=\"baseline\">Suisse &amp; International<\/span>\n\t\t\t\t\t<\/div>\n\t\t\t\t<\/div>\n\t\t\t<\/section>\n\t\t\t<div class=\"container\">\n\t\t\t<div class=\"col-xs-12\">\n<p style=\"text-align: center;\">Vous \u00eates \u00e0 la recherche d&#8217;une <strong>agence de communication sp\u00e9cialis\u00e9e b\u00e9b\u00e9, enfant &amp; adolescent<\/strong> en <strong>Suisse<\/strong> ? Bienvenue chez Alioze.<\/p>\n<p style=\"text-align: center;\">Vous souhaitez lancer votre marque ou accro\u00eetre la notori\u00e9t\u00e9 d&#8217;une marque existante ?<br \/>\nCr\u00e9er ou effectuer une refonte d&#8217;un site Internet ?<br \/>\nD\u00e9velopper vos ventes et conqu\u00e9rir de nouveaux march\u00e9s en mettant en place une strat\u00e9gie de communication ambitieuse et impactante ?<\/p>\n<p style=\"text-align: center;\">Vous d\u00e9sirez confier votre projet \u00e0 une agence experte et ind\u00e9pendante ?<\/p>\n<p style=\"text-align: center;\">Alioze est une agence de communication sp\u00e9cialis\u00e9e enfant et jeunesse avec un savoir-faire digital fort. Notre \u00e9quipe d\u00e9di\u00e9e \u00e0 la communication enfance vous aidera \u00e0 b\u00e2tir une strat\u00e9gie solide et atteindre vos objectifs.<\/p>\n<\/div><\/div><div class=\"container-fluid\" style=\"padding:0\"><div id=\"8d63f8ff\" class=\"imgFull lazyload\" style=\"height:350px;background-image:inherit;background-position:top;background-repeat:no-repeat;moz-background-size:cover;background-size: cover;\" data-bg-image=\"url(https:\/\/www.alioze.com\/wp-content\/uploads\/2020\/06\/agence-communication-enfant.jpg)\"><\/div><\/div><div class=\"container\"><div class=\"col-xs-12\">\n<p>&nbsp;<\/p>\n<h2>Nos prestations sur-mesure pour les professionnels du secteur de l&#8217;enfance<\/h2>\n<ul>\n<li><a href=\"https:\/\/www.alioze.com\/ch\/developpement\/\" target=\"_blank\" rel=\"noopener noreferrer\">D\u00e9veloppement Web<\/a> :\n<ul>\n<li>Cr\u00e9ation de sites vitrines ou e-commerce au design actuel et unique et d&#8217;une grand ergonomie.<\/li>\n<\/ul>\n<\/li>\n<li><a href=\"https:\/\/www.alioze.com\/ch\/communication\/\" target=\"_blank\" rel=\"noopener noreferrer\">Communication<\/a> :\n<ul>\n<li>Naming, branding, web design et direction artistique captant l&#8217;essence de votre marque.<\/li>\n<li>Cr\u00e9ation de campagnes, de contenus textuels et graphiques.<\/li>\n<li>R\u00e9daction de newsletters &amp; campagne d\u2019emailing.<\/li>\n<li>Relations presses pour la sortie de vos produits ou vos \u00e9v\u00e9nements.<\/li>\n<li>Social media.<\/li>\n<li>Surveillance et optimisation de votre e-r\u00e9putation.<\/li>\n<\/ul>\n<\/li>\n<li><a href=\"https:\/\/www.alioze.com\/ch\/acquisition\/\" target=\"_blank\" rel=\"noopener noreferrer\">Marketing, promotion et acquisition<\/a> :\n<ul>\n<li>Actions SEO pour le r\u00e9f\u00e9rencement naturel et SEA pour le r\u00e9f\u00e9rencement payant.<\/li>\n<li>D\u00e9cryptage et analyse des comportements utilisateurs afin de mieux comprendre les besoins et motivations de vos clients et capter les tendances \u00e9mergentes et prometteuses.<\/li>\n<li>Publicit\u00e9 sur les r\u00e9seaux sociaux.<\/li>\n<\/ul>\n<\/li>\n<\/ul>\n<p><strong>La cible enfants &amp; famille<\/strong> est une cible tr\u00e8s sp\u00e9cifique qui rev\u00eat une dimension juridique et morale particuli\u00e8re et requiert une expertise tr\u00e8s pointue. Depuis 2008, Alioze accompagne de nombreuses marques dont les produits et services sont destin\u00e9s aux b\u00e9b\u00e9s, enfants et adolescents &#8211; filles et gar\u00e7ons &#8211; dans l&#8217;\u00e9laboration de leur strat\u00e9gie de communication et de leur d\u00e9veloppement web.<\/p>\n<p>Notre \u00e9quipe d\u00e9di\u00e9e \u00e0 la jeunesse poss\u00e8de une excellente connaissance de l&#8217;environnement l\u00e9gal du <strong>march\u00e9 de l&#8217;enfance<\/strong> et effectue une veille minutieuse des nouvelles tendances du secteur. Nous sommes ainsi \u00e0 m\u00eame de vous proposer des strat\u00e9gies audacieuses et sur-mesure qui vous permettront de remplir vos objectifs de notori\u00e9t\u00e9 et de croissance.<\/p>\n<\/div><\/div>\n\t<section class=\"quickcontact lazyload\" style=\"background-image:inherit;\" data-bg-image=\"url(https:\/\/www.alioze.com\/wp-content\/themes\/alioze2016\/img\/alioze-communication-branding-design.jpg)\">\n\t\t\t\t<div class=\"content-a\">\n\t\t\t\t\t<div class=\"parralax-centertext\">\n\t\t\t\t\t\t<div class=\"container\">\n\t\t\t\t\t\t\t\t<div class=\"col-xs-12 col-sm-6 col-sm-offset-1 col-md-7 col-md-offset-1 quickcontact-text\">\n\t\t\t\t\t\t\t\tAlioze, l'agence experte en communication jeunesse\n\t\t\t\t\t\t\t\t<\/div>\n\t\t\t\t\t\t\t\t<div class=\"col-xs-12 col-sm-4 col-md-3\">\n\t\t\t\t\t\t\t\t<a href=\"https:\/\/www.alioze.com\/ch\/contact\" class=\"btn btn-lg btn-default  center-block\">Prenez contact<\/a>\n\t\t\t\t\t\t\t\t<\/div>\n\t\t\t\t\t\t<\/div>\n\t\t\t\t\t<\/div>\n\t\t\t\t<\/div>\n\t\t\t<\/section>\n\t\t\t<div class=\"container\">\n\t\t\t<div class=\"col-xs-12\">\n<p>&nbsp;<\/p>\n<p>&nbsp;<\/p>\n<h2>Quelques unes de nos r\u00e9f\u00e9rences clients du secteur jeunesse &amp; kids<\/h2>\n<div class=\"text-center\"><img decoding=\"async\" class=\"img-client\" src=\"https:\/\/www.alioze.com\/wp-content\/uploads\/2016\/02\/agence-web-de-tartine-et-chocolat.png\" alt=\"agence-web-de-tartine-et-chocolat\" \/><img decoding=\"async\" class=\"img-client\" src=\"https:\/\/www.alioze.com\/wp-content\/uploads\/2016\/02\/agence-web-de-kenzo-kids.png\" alt=\"agence-web-de-kenzo-kids\" \/><img decoding=\"async\" class=\"img-client\" src=\"https:\/\/www.alioze.com\/wp-content\/uploads\/2016\/02\/agence-web-de-paul-smith-junior.png\" alt=\"agence-web-de-paul-smith-junior\" \/><img decoding=\"async\" class=\"img-client\" src=\"https:\/\/www.alioze.com\/wp-content\/uploads\/2016\/02\/agence-web-de-catimini.png\" alt=\"agence-web-de-catimini\" \/><img decoding=\"async\" class=\"img-client\" src=\"https:\/\/www.alioze.com\/wp-content\/uploads\/2016\/02\/agence-web-de-3pommes.png\" alt=\"agence-web-de-3pommes\" \/><img decoding=\"async\" class=\"img-client\" src=\"https:\/\/www.alioze.com\/wp-content\/uploads\/2016\/02\/agence-web-de-little-boudoir.png\" alt=\"agence-web-de-little-boudoir\" \/><img decoding=\"async\" class=\"img-client\" src=\"https:\/\/www.alioze.com\/wp-content\/uploads\/2017\/08\/agence-web-festi.png\" alt=\"agence web festi\" \/><img decoding=\"async\" class=\"img-client\" src=\"https:\/\/www.alioze.com\/wp-content\/uploads\/2016\/02\/agence-web-de-lecons-de-chose.png\" alt=\"agence-web-de-lecons-de-chose\" \/><img decoding=\"async\" class=\"img-client\" src=\"https:\/\/www.alioze.com\/wp-content\/uploads\/2020\/06\/agence-communication-mattel-1.png\" alt=\"agence-communication-mattel\" \/><img decoding=\"async\" class=\"img-client\" src=\"https:\/\/www.alioze.com\/wp-content\/uploads\/2020\/06\/agence-communication-hot-wheels.png\" alt=\"agence-communication-hot-wheels\" \/><img decoding=\"async\" class=\"img-client\" src=\"https:\/\/www.alioze.com\/wp-content\/uploads\/2020\/06\/agence-communication-lamaloli.png\" alt=\"agence communication lamaloli\" \/><img decoding=\"async\" class=\"img-client\" src=\"https:\/\/www.alioze.com\/wp-content\/uploads\/2021\/01\/agence-communication-open-sky-international.png\" alt=\"agence communication open sky international\" \/><\/div>\n<p>&nbsp;<\/p>\n<p>L&#8217;expertise d&#8217;Alioze en <strong>marketing de l&#8217;enfance et de la famille<\/strong> s&#8217;adresse \u00e0 une pluralit\u00e9 d&#8217;acteurs de toutes tailles parmi lesquels :<\/p>\n<ul>\n<li><strong>cr\u00e9ateurs de mode, pr\u00eat \u00e0 porter ou accessoires pour enfants<\/strong> qui sont en phase de lancement ou de renforcement de leur image de marque ;<\/li>\n<li><strong>PME<\/strong> <strong>sp\u00e9cialis\u00e9es dans les produits et services \u00e0 destination des enfants et des jeunes<\/strong> qui souhaitent d\u00e9velopper leur notori\u00e9t\u00e9 et accro\u00eetre leurs ventes ;<\/li>\n<li><strong>Grands groupes industriels<\/strong> ou <strong>maisons de mode \u00e9tablies<\/strong> qui veulent renforcer leur position, d\u00e9fendre ou changer d&#8217;image de marque et conqu\u00e9rir de nouveaux march\u00e9s kids.<\/li>\n<\/ul>\n<p>L&#8217;offre d&#8217;Alioze s&#8217;\u00e9tend \u00e0 <span style=\"text-decoration: underline;\">tous les produits et services destin\u00e9s aux enfants<\/span>, de la naissance \u00e0 la fin de l&#8217;adolescence : habillement, accessoires, jouets &amp; jeux, d\u00e9guisements, livres &amp; manuels scolaires, \u00e9ducation, audiovisuel, food, produits de pu\u00e9riculture, etc., et couvre l&#8217;ensemble des march\u00e9s : local, national, international.<\/p>\n<p>&nbsp;<\/p>\n<p>&nbsp;<\/p>\n<h2>Besoin d&#8217;aide pour votre marque jeunesse ?<\/h2>\n<p style=\"text-align: center;\">Notre agence est ouverte de 9H30 \u00e0 19H00 du lundi au vendredi.<\/p>\n<p style=\"text-align: center;\">N&#8217;h\u00e9sitez pas \u00e0 nous contacter par t\u00e9l\u00e9phone au <a href=\"tel:+33183622184\"> +33 (0) 1 83 62 21 84<\/a> ou en remplissant ce court formulaire :<\/p>\n\n<div class=\"wpcf7 no-js\" id=\"wpcf7-f4885-o1\" lang=\"fr-FR\" dir=\"ltr\" data-wpcf7-id=\"4885\">\n<div class=\"screen-reader-response\"><p role=\"status\" aria-live=\"polite\" aria-atomic=\"true\"><\/p> <ul><\/ul><\/div>\n<form action=\"\/ch\/wp-json\/wp\/v2\/pages\/12451#wpcf7-f4885-o1\" method=\"post\" class=\"wpcf7-form init\" aria-label=\"Contact form\" novalidate=\"novalidate\" data-status=\"init\">\n<fieldset class=\"hidden-fields-container\"><input type=\"hidden\" name=\"_wpcf7\" value=\"4885\" \/><input type=\"hidden\" name=\"_wpcf7_version\" value=\"6.1.5\" \/><input type=\"hidden\" name=\"_wpcf7_locale\" value=\"fr_FR\" \/><input type=\"hidden\" name=\"_wpcf7_unit_tag\" value=\"wpcf7-f4885-o1\" \/><input type=\"hidden\" name=\"_wpcf7_container_post\" value=\"0\" \/><input type=\"hidden\" name=\"_wpcf7_posted_data_hash\" value=\"\" \/><input type=\"hidden\" name=\"_wpcf7_recaptcha_response\" value=\"\" \/>\n<\/fieldset>\n<div class=\"form-group\">\n\t<p><span class=\"wpcf7-form-control-wrap\" data-name=\"contact-name\"><input size=\"40\" maxlength=\"400\" class=\"wpcf7-form-control wpcf7-text wpcf7-validates-as-required form-control\" aria-required=\"true\" aria-invalid=\"false\" placeholder=\"Votre nom *\" value=\"\" type=\"text\" name=\"contact-name\" \/><\/span>\n\t<\/p>\n<\/div>\n<div class=\"form-group\">\n\t<p><span class=\"wpcf7-form-control-wrap\" data-name=\"contact-telephone\"><input size=\"40\" maxlength=\"400\" class=\"wpcf7-form-control wpcf7-text wpcf7-validates-as-required form-control\" aria-required=\"true\" aria-invalid=\"false\" placeholder=\"Votre num\u00e9ro de t\u00e9l\u00e9phone *\" value=\"\" type=\"text\" name=\"contact-telephone\" \/><\/span>\n\t<\/p>\n<\/div>\n<div class=\"form-group\">\n\t<p><span class=\"wpcf7-form-control-wrap\" data-name=\"contact-email\"><input size=\"40\" maxlength=\"400\" class=\"wpcf7-form-control wpcf7-email wpcf7-validates-as-required wpcf7-text wpcf7-validates-as-email form-control\" aria-required=\"true\" aria-invalid=\"false\" placeholder=\"Votre e-mail *\" value=\"\" type=\"email\" name=\"contact-email\" \/><\/span>\n\t<\/p>\n<\/div>\n<div class=\"form-group\">\n\t<p><span class=\"wpcf7-form-control-wrap\" data-name=\"contact-message\"><textarea cols=\"40\" rows=\"10\" maxlength=\"2000\" class=\"wpcf7-form-control wpcf7-textarea wpcf7-validates-as-required form-control\" aria-required=\"true\" aria-invalid=\"false\" placeholder=\"Votre message *\" name=\"contact-message\"><\/textarea><\/span>\n\t<\/p>\n<\/div>\n<p><span class=\"wpcf7-form-control-wrap\" data-name=\"checkbox-262\"><span class=\"wpcf7-form-control wpcf7-checkbox wpcf7-validates-as-required\"><span class=\"wpcf7-list-item first last\"><input type=\"checkbox\" name=\"checkbox-262[]\" value=\"J&#039;ai lu et j&#039;accepte les Conditions G\u00e9n\u00e9rales d&#039;Utilisation\" \/><span class=\"wpcf7-list-item-label\">J&#039;ai lu et j&#039;accepte les Conditions G\u00e9n\u00e9rales d&#039;Utilisation<\/span><\/span><\/span><\/span>\n<\/p>\n<div style=\"display:none !important\">\n\t<p><span class=\"wpcf7-form-control-wrap\" data-name=\"pipedrive_hook\"><input size=\"40\" maxlength=\"400\" class=\"wpcf7-form-control wpcf7-text wpcf7-validates-as-required\" aria-required=\"true\" aria-invalid=\"false\" value=\"1\" type=\"text\" name=\"pipedrive_hook\" \/><\/span>\n\t<\/p>\n<\/div>\n<p><input class=\"wpcf7-form-control wpcf7-submit has-spinner btn btn-lg btn-default btn-dark center-block gtm-contact-form-submit\" type=\"submit\" value=\"Envoyer\" \/>\n<\/p><p style=\"display: none !important;\" class=\"akismet-fields-container\" data-prefix=\"_wpcf7_ak_\"><label>&#916;<textarea name=\"_wpcf7_ak_hp_textarea\" cols=\"45\" rows=\"8\" maxlength=\"100\"><\/textarea><\/label><input type=\"hidden\" id=\"ak_js_1\" name=\"_wpcf7_ak_js\" value=\"68\"\/><script type=\"text\/javascript\">\n\/* <![CDATA[ *\/\ndocument.getElementById( \"ak_js_1\" ).setAttribute( \"value\", ( new Date() ).getTime() );\n\/* ]]> *\/\n<\/script>\n<\/p><div class=\"wpcf7-response-output\" aria-hidden=\"true\"><\/div>\n<\/form>\n<\/div>\n\n<p>&nbsp;<\/p>\n<p>&nbsp;<\/p>\n<h2>Enfance et communication sur le web : focus<\/h2>\n<\/div><\/div><div class=\"container-fluid\" style=\"padding:0\"><div id=\"b1c0ad40\" class=\"imgFull lazyload\" style=\"height:350px;background-image:inherit;background-position:center;background-repeat:no-repeat;moz-background-size:cover;background-size: cover;\" data-bg-image=\"url(https:\/\/www.alioze.com\/wp-content\/uploads\/2020\/06\/secteur-enfance-chiffres.jpg)\"><\/div><\/div><div class=\"container\"><div class=\"col-xs-12\">\n<p>Aujourd&#8217;hui tous digital natives et \u00e9quip\u00e9s de smartphones de plus en plus t\u00f4t, les enfants poss\u00e8dent toutefois une navigation et un usage digital qui leur sont propres. Ils sont ainsi davantage sensibles que leurs ain\u00e9s aux recommandations et aux avis qui \u00e9manent de leurs pairs. Pour les atteindre, le recours aux r\u00e9seaux sociaux et aux influenceurs s&#8217;av\u00e8re souvent indispensable.<\/p>\n<p>Poss\u00e9der un site vitrine ou marchand ergonomique et qui respecte les codes de l&#8217;enfance est aussi primordial.<\/p>\n<p>Enfin, la prise de d\u00e9cision finale d&#8217;achat revenant la plupart du temps aux parents &#8211; les adultes, il convient \u00e9galement d&#8217;obtenir leur assentiment en s&#8217;adressant aussi \u00e0 eux de mani\u00e8re subtile.<\/p>\n<p>En tant qu&#8217;agence de communication sp\u00e9cialis\u00e9e enfant et jeunesse, Alioze vous aidera \u00e0 contourner ces obstacles et \u00e0 construire des strat\u00e9gies de communication efficaces qui vous permettront d&#8217;atteindre vos objectifs.<\/p>\n<p>&nbsp;<\/p>\n<p>&nbsp;<\/p>\n<h2><span style=\"color: #333333;\"><a style=\"color: #333333;\" href=\"https:\/\/www.alioze.com\/ch\/secteurs\" target=\"_blank\" rel=\"noopener\">Secteurs<\/a><\/span> dans lesquels l&#8217;agence Alioze est sp\u00e9cialis\u00e9e<\/h2>\n<p style=\"text-align: center;\">Vous \u00eates bas\u00e9s \u00e0 Gen\u00e8ve, Zurich, B\u00e2le ou Lausanne ?<br \/>\nNotre agence s\u2019occupe de votre dossier o\u00f9 que vous soyez.<\/p>\n","protected":false},"excerpt":{"rendered":"<p>Vous \u00eates \u00e0 la recherche d&#8217;une agence de communication sp\u00e9cialis\u00e9e b\u00e9b\u00e9, enfant &amp; adolescent en Suisse ? Bienvenue chez Alioze. Vous souhaitez lancer votre marque ou accro\u00eetre la notori\u00e9t\u00e9 d&#8217;une marque existante ? Cr\u00e9er ou effectuer une refonte d&#8217;un site Internet ? D\u00e9velopper vos ventes et conqu\u00e9rir de nouveaux march\u00e9s en mettant en place une [&hellip;]<\/p>\n","protected":false},"author":6,"featured_media":0,"parent":0,"menu_order":0,"comment_status":"closed","ping_status":"closed","template":"page-no-title.php","meta":{"_acf_changed":false,"footnotes":""},"class_list":["post-12451","page","type-page","status-publish","hentry"],"acf":[],"aioseo_notices":[],"amp_enabled":false,"_links":{"self":[{"href":"https:\/\/www.alioze.com\/ch\/wp-json\/wp\/v2\/pages\/12451","targetHints":{"allow":["GET"]}}],"collection":[{"href":"https:\/\/www.alioze.com\/ch\/wp-json\/wp\/v2\/pages"}],"about":[{"href":"https:\/\/www.alioze.com\/ch\/wp-json\/wp\/v2\/types\/page"}],"author":[{"embeddable":true,"href":"https:\/\/www.alioze.com\/ch\/wp-json\/wp\/v2\/users\/6"}],"replies":[{"embeddable":true,"href":"https:\/\/www.alioze.com\/ch\/wp-json\/wp\/v2\/comments?post=12451"}],"version-history":[{"count":13,"href":"https:\/\/www.alioze.com\/ch\/wp-json\/wp\/v2\/pages\/12451\/revisions"}],"predecessor-version":[{"id":23332,"href":"https:\/\/www.alioze.com\/ch\/wp-json\/wp\/v2\/pages\/12451\/revisions\/23332"}],"wp:attachment":[{"href":"https:\/\/www.alioze.com\/ch\/wp-json\/wp\/v2\/media?parent=12451"}],"curies":[{"name":"wp","href":"https:\/\/api.w.org\/{rel}","templated":true}]}}