{"id":12403,"date":"2020-06-16T15:26:31","date_gmt":"2020-06-16T14:26:31","guid":{"rendered":"https:\/\/www.alioze.com\/?page_id=12403"},"modified":"2021-08-09T09:26:13","modified_gmt":"2021-08-09T08:26:13","slug":"agence-de-communication-specialisee-food-et-culinaire","status":"publish","type":"page","link":"https:\/\/www.alioze.com\/ch\/agence-communication-food","title":{"rendered":"Agence de communication sp\u00e9cialis\u00e9e food et culinaire"},"content":{"rendered":"<\/div><\/div>\n\t<section class=\"headertitle lazyload\" style=\"background-image:inherit;\" data-bg-image=\"url(https:\/\/www.alioze.com\/wp-content\/themes\/alioze2016\/img\/alioze-communication-branding-design.jpg)\">\n\t\t<div id=\"breadcrumbs\">\n\t\t\t\t\t\t<span>\t\t\t\t\t<a href=\"https:\/\/www.alioze.com\/ch\/\">Home<\/a>\n\t\t\t\t\t > \t\t\t\t\t<a href=\"https:\/\/www.alioze.com\/ch\/blog\">Le Blog<\/a>\n\t\t\t\t\t > <\/span>\n\t\t\t\t\t<\/div>\n\t\t\t\t<div class=\"content-a\">\n\t\t\t\t\t<div class=\"parralax-centertext text-center\">\n\n\t\t\t\t\t\t<h1>Agence de communication sp\u00e9cialis\u00e9e food et culinaire<\/h1>\n\t\t\t\t\t\t<span class=\"baseline\">Suisse &amp; International<\/span>\n\t\t\t\t\t<\/div>\n\t\t\t\t<\/div>\n\t\t\t<\/section>\n\t\t\t<div class=\"container\">\n\t\t\t<div class=\"col-xs-12\">\n<p style=\"text-align: center;\"><strong>Agence de communication sp\u00e9cialis\u00e9e food &amp; alimentaire<\/strong>, Alioze accompagne depuis 2008 tous les professionnels du secteur culinaire dans l&#8217;\u00e9laboration de leur strat\u00e9gie de communication pour leur permettre d&#8217;atteindre leurs objectifs de notori\u00e9t\u00e9 et de croissance.<\/p>\n<p style=\"text-align: center;\">De la cr\u00e9ation de votre marque de fooding \u00e0 la mise en place de vos campagnes de communication en passant par la construction de votre strat\u00e9gie marketing digitale et le d\u00e9veloppement de votre site web : nos \u00e9quipes prennent en charge votre projet quelque soit vos besoins et votre taille.<\/p>\n<p style=\"text-align: center;\">Choisir Alioze, c&#8217;est faire appel \u00e0 une agence de communication 360\u00b0 ind\u00e9pendante, experte dans l&#8217;industrie de la food et de la gastronomie, avec un fort ancrage digital. Un savoir-faire qui couvre l&#8217;ensemble des march\u00e9s &#8211; local, national, international.<\/p>\n<p>&nbsp;<\/p>\n<\/div><\/div><div class=\"container-fluid\" style=\"padding:0\"><div id=\"c00aa367\" class=\"imgFull lazyload\" style=\"height:350px;background-image:inherit;background-position:top;background-repeat:no-repeat;moz-background-size:cover;background-size: cover;\" data-bg-image=\"url(https:\/\/www.alioze.com\/wp-content\/uploads\/2020\/06\/agence-communication-food.jpg)\"><\/div><\/div><div class=\"container\"><div class=\"col-xs-12\">\n<p>&nbsp;<\/p>\n<h2>Nos prestations sur-mesure pour les professionnels de la food et de la gastronomie<\/h2>\n<ul>\n<li><a href=\"https:\/\/www.alioze.com\/ch\/naming\" target=\"_blank\" rel=\"noopener noreferrer\">Food Branding<\/a>\n<ul>\n<li>Conseil en positionnement de marque : vous permettre d&#8217;\u00e9merger et de vous diff\u00e9rentier par rapport \u00e0 la concurrence.<\/li>\n<li>Naming : choix d&#8217;un nom de marque pour votre entreprise ou vos produits.<\/li>\n<li>Plateforme de marque : cr\u00e9ation d&#8217;une identit\u00e9 visuelle et d&#8217;une charte graphique en ad\u00e9quation avec votre positionnement.<\/li>\n<li>Shooting photos &amp; contenu audiovisuel : mettre en avant et valoriser votre offre sur tous les supports (print, menu papier, web, r\u00e9seaux sociaux).<\/li>\n<\/ul>\n<\/li>\n<li><a href=\"https:\/\/www.alioze.com\/ch\/communication\/\" target=\"_blank\" rel=\"noopener noreferrer\">Communication Food &amp; Strat\u00e9gies Digitales<\/a>\n<ul>\n<li>Relations presse : vous offrir la meilleure couverture possible pour le lancement de votre marque ou de l&#8217;un de vos produits.<\/li>\n<li>Community management : promouvoir votre image sur les r\u00e9seaux sociaux cl\u00e9 pour le secteur de l&#8217;alimentaire : Facebook, Instagram, Pinterest, LinkedIn, Twitter, TikTok&#8230;<\/li>\n<li>R\u00e9f\u00e9rencement naturel : nos experts et r\u00e9dacteurs SEO optimisent vos contenus pour vous permettre d&#8217;appara\u00eetre dans la premi\u00e8re page de r\u00e9sultats Google.<\/li>\n<li>R\u00e9f\u00e9rencement payant : notre agence Google partner optimise votre budget et vous garantit des campagnes impactantes et efficaces sur Google Ads et l&#8217;ensemble des r\u00e9seaux sociaux.<\/li>\n<\/ul>\n<\/li>\n<li><a href=\"https:\/\/www.alioze.com\/ch\/developpement\/\" target=\"_blank\" rel=\"noopener noreferrer\">D\u00e9veloppement Web<\/a>\n<ul>\n<li>Cr\u00e9ation d&#8217;un site vitrine ou e-commerce : Alioze r\u00e9alise des sites Internet au design unique et actuel, \u00e0 la navigation simple et intuitive et qui s&#8217;adaptent \u00e0 tous les \u00e9crans (ordinateur, mobile, tablette).<\/li>\n<\/ul>\n<\/li>\n<\/ul>\n<p>Le <strong>secteur de la food<\/strong> requiert une expertise sp\u00e9cifique ainsi qu&#8217;une ma\u00eetrise de ses codes pour offrir \u00e0 une pluralit\u00e9 d&#8217;acteurs des chances de r\u00e9ussite sur ce march\u00e9 fortement concurrentiel et dont la transformation digitale s&#8217;acc\u00e9l\u00e8re.<\/p>\n<p>Depuis plus de 10 ans, Alioze d\u00e9ploie pour ses clients des strat\u00e9gies ambitieuses et sur-mesure quelque soit leur(s) objectif(s) : cr\u00e9ation d&#8217;une identit\u00e9 de marque, gains de notori\u00e9t\u00e9 ou de croissance.<\/p>\n<p>Notre \u00e9quipe d\u00e9di\u00e9e \u00e0 l&#8217;<strong>industrie culinaire<\/strong> est constamment \u00e0 l&#8217;affut des nouvelles tendances et actualit\u00e9s du secteur tout en \u00e9tant pleinement \u00e0 votre \u00e9coute pour construire ensemble le succ\u00e8s et la r\u00e9ussite de votre marque.<\/p>\n<\/div><\/div>\n\t<section class=\"quickcontact lazyload\" style=\"background-image:inherit;\" data-bg-image=\"url(https:\/\/www.alioze.com\/wp-content\/themes\/alioze2016\/img\/alioze-communication-branding-design.jpg)\">\n\t\t\t\t<div class=\"content-a\">\n\t\t\t\t\t<div class=\"parralax-centertext\">\n\t\t\t\t\t\t<div class=\"container\">\n\t\t\t\t\t\t\t\t<div class=\"col-xs-12 col-sm-6 col-sm-offset-1 col-md-7 col-md-offset-1 quickcontact-text\">\n\t\t\t\t\t\t\t\tAlioze, l'agence sp\u00e9cialis\u00e9e food qui r\u00e9pond \u00e0 vos besoins\n\t\t\t\t\t\t\t\t<\/div>\n\t\t\t\t\t\t\t\t<div class=\"col-xs-12 col-sm-4 col-md-3\">\n\t\t\t\t\t\t\t\t<a href=\"https:\/\/www.alioze.com\/ch\/contact\" class=\"btn btn-lg btn-default  center-block\">Prenez contact<\/a>\n\t\t\t\t\t\t\t\t<\/div>\n\t\t\t\t\t\t<\/div>\n\t\t\t\t\t<\/div>\n\t\t\t\t<\/div>\n\t\t\t<\/section>\n\t\t\t<div class=\"container\">\n\t\t\t<div class=\"col-xs-12\">\n<p>&nbsp;<\/p>\n<p>&nbsp;<\/p>\n<h2>Quelques unes de nos r\u00e9f\u00e9rences clients du secteur food<\/h2>\n<div class=\"text-center\"><img decoding=\"async\" class=\"img-client\" src=\"https:\/\/www.alioze.com\/wp-content\/uploads\/2018\/05\/agence-web-petrossian.jpg\" alt=\"agence-web-de-petrossian\" \/><img decoding=\"async\" class=\"img-client\" src=\"https:\/\/www.alioze.com\/wp-content\/uploads\/2016\/02\/agence-web-de-empire-des-thes.png\" alt=\"agence-web-de-empire-des-thes\" \/><img decoding=\"async\" class=\"img-client\" src=\"https:\/\/www.alioze.com\/wp-content\/uploads\/2016\/11\/agence-web-de-aroma-coach.png\" alt=\"agence-web-de-aroma-coach\" \/><img decoding=\"async\" class=\"img-client\" src=\"https:\/\/www.alioze.com\/wp-content\/uploads\/2017\/05\/agence-web-de-ecole-ferrieres.png\" alt=\"agence web \u00e9cole ferri\u00e8res\" \/><\/div>\n<p>&nbsp;<\/p>\n<p>Le savoir-faire d&#8217;Alioze s&#8217;adresse \u00e0 une grande diversit\u00e9 d&#8217;acteurs &#8211; petits et grands &#8211; allant de la start-up ou groupe industriel en passant par la PME :<\/p>\n<ul>\n<li><strong>Start ups <\/strong>et <strong>acteurs de la foodtech<\/strong> qui souhaitent profiter de l&#8217;essor des nouvelles technologies pour lancer des solutions innovantes pour le secteur.<\/li>\n<li><strong>Vendeur <\/strong>ou <strong>distributeurs alimentaires<\/strong> qui veulent promouvoir \u00e0 la fois leur enseigne et les marques qu&#8217;ils distribuent.<\/li>\n<li><strong>Traiteurs, \u00e9piceries fines, boulangers, p\u00e2tissiers et autres commerces de bouche<\/strong> qui souhaitent construire une image de marque et d\u00e9velopper leur notori\u00e9t\u00e9.<\/li>\n<li><strong>Petits producteurs locaux ou r\u00e9gionaux<\/strong> qui souhaitent b\u00e9n\u00e9ficier de notre implantation et de notre expertise locale, nationale et internationale.<\/li>\n<li><strong>Acteurs de l&#8217;industrie agroalimentaire<\/strong> d\u00e9sireux de renforcer leur image et leur positionnement sur leur march\u00e9.<\/li>\n<li>Marque de <strong>produit alimentaire<\/strong> ou <strong>gastronomique<\/strong>.<\/li>\n<li>Entreprise et marque sp\u00e9cialis\u00e9es dans la fabrication <strong>d&#8217;articles de cuisine<\/strong>, d&#8217;<strong>art de la table, <\/strong>d&#8217;<strong>\u00e9lectrom\u00e9nager<\/strong> et <strong>petit-m\u00e9nager <\/strong>pour la cuisine.<\/li>\n<li>Service de <strong>livraison de nourriture<\/strong><\/li>\n<li>Organisateurs de grands <strong>salons<\/strong> <strong>food et alimentaire<\/strong> qui souhaitent donner le maximum de visibilit\u00e9 \u00e0 leur \u00e9v\u00e9nement.<\/li>\n<\/ul>\n<p>&nbsp;<\/p>\n<p>&nbsp;<\/p>\n<h2>Besoin d&#8217;aide pour votre marque food ?<\/h2>\n<p style=\"text-align: center;\">Notre agence est ouverte de 9H30 \u00e0 19H00 du lundi au vendredi.<\/p>\n<p style=\"text-align: center;\">N&#8217;h\u00e9sitez pas \u00e0 nous contacter par t\u00e9l\u00e9phone au <a href=\"tel:+33183622184\"> +33 (0) 1 83 62 21 84<\/a> ou en remplissant ce court formulaire :<\/p>\n\n<div class=\"wpcf7 no-js\" id=\"wpcf7-f4885-o1\" lang=\"fr-FR\" dir=\"ltr\" data-wpcf7-id=\"4885\">\n<div class=\"screen-reader-response\"><p role=\"status\" aria-live=\"polite\" aria-atomic=\"true\"><\/p> <ul><\/ul><\/div>\n<form action=\"\/ch\/wp-json\/wp\/v2\/pages\/12403#wpcf7-f4885-o1\" method=\"post\" class=\"wpcf7-form init\" aria-label=\"Contact form\" novalidate=\"novalidate\" data-status=\"init\">\n<fieldset class=\"hidden-fields-container\"><input type=\"hidden\" name=\"_wpcf7\" value=\"4885\" \/><input type=\"hidden\" name=\"_wpcf7_version\" value=\"6.1.5\" \/><input type=\"hidden\" name=\"_wpcf7_locale\" value=\"fr_FR\" \/><input type=\"hidden\" name=\"_wpcf7_unit_tag\" value=\"wpcf7-f4885-o1\" \/><input type=\"hidden\" name=\"_wpcf7_container_post\" value=\"0\" \/><input type=\"hidden\" name=\"_wpcf7_posted_data_hash\" value=\"\" \/><input type=\"hidden\" name=\"_wpcf7_recaptcha_response\" value=\"\" \/>\n<\/fieldset>\n<div class=\"form-group\">\n\t<p><span class=\"wpcf7-form-control-wrap\" data-name=\"contact-name\"><input size=\"40\" maxlength=\"400\" class=\"wpcf7-form-control wpcf7-text wpcf7-validates-as-required form-control\" aria-required=\"true\" aria-invalid=\"false\" placeholder=\"Votre nom *\" value=\"\" type=\"text\" name=\"contact-name\" \/><\/span>\n\t<\/p>\n<\/div>\n<div class=\"form-group\">\n\t<p><span class=\"wpcf7-form-control-wrap\" data-name=\"contact-telephone\"><input size=\"40\" maxlength=\"400\" class=\"wpcf7-form-control wpcf7-text wpcf7-validates-as-required form-control\" aria-required=\"true\" aria-invalid=\"false\" placeholder=\"Votre num\u00e9ro de t\u00e9l\u00e9phone *\" value=\"\" type=\"text\" name=\"contact-telephone\" \/><\/span>\n\t<\/p>\n<\/div>\n<div class=\"form-group\">\n\t<p><span class=\"wpcf7-form-control-wrap\" data-name=\"contact-email\"><input size=\"40\" maxlength=\"400\" class=\"wpcf7-form-control wpcf7-email wpcf7-validates-as-required wpcf7-text wpcf7-validates-as-email form-control\" aria-required=\"true\" aria-invalid=\"false\" placeholder=\"Votre e-mail *\" value=\"\" type=\"email\" name=\"contact-email\" \/><\/span>\n\t<\/p>\n<\/div>\n<div class=\"form-group\">\n\t<p><span class=\"wpcf7-form-control-wrap\" data-name=\"contact-message\"><textarea cols=\"40\" rows=\"10\" maxlength=\"2000\" class=\"wpcf7-form-control wpcf7-textarea wpcf7-validates-as-required form-control\" aria-required=\"true\" aria-invalid=\"false\" placeholder=\"Votre message *\" name=\"contact-message\"><\/textarea><\/span>\n\t<\/p>\n<\/div>\n<p><span class=\"wpcf7-form-control-wrap\" data-name=\"checkbox-262\"><span class=\"wpcf7-form-control wpcf7-checkbox wpcf7-validates-as-required\"><span class=\"wpcf7-list-item first last\"><input type=\"checkbox\" name=\"checkbox-262[]\" value=\"J&#039;ai lu et j&#039;accepte les Conditions G\u00e9n\u00e9rales d&#039;Utilisation\" \/><span class=\"wpcf7-list-item-label\">J&#039;ai lu et j&#039;accepte les Conditions G\u00e9n\u00e9rales d&#039;Utilisation<\/span><\/span><\/span><\/span>\n<\/p>\n<div style=\"display:none !important\">\n\t<p><span class=\"wpcf7-form-control-wrap\" data-name=\"pipedrive_hook\"><input size=\"40\" maxlength=\"400\" class=\"wpcf7-form-control wpcf7-text wpcf7-validates-as-required\" aria-required=\"true\" aria-invalid=\"false\" value=\"1\" type=\"text\" name=\"pipedrive_hook\" \/><\/span>\n\t<\/p>\n<\/div>\n<p><input class=\"wpcf7-form-control wpcf7-submit has-spinner btn btn-lg btn-default btn-dark center-block gtm-contact-form-submit\" type=\"submit\" value=\"Envoyer\" \/>\n<\/p><p style=\"display: none !important;\" class=\"akismet-fields-container\" data-prefix=\"_wpcf7_ak_\"><label>&#916;<textarea name=\"_wpcf7_ak_hp_textarea\" cols=\"45\" rows=\"8\" maxlength=\"100\"><\/textarea><\/label><input type=\"hidden\" id=\"ak_js_1\" name=\"_wpcf7_ak_js\" value=\"82\"\/><script type=\"text\/javascript\">\n\/* <![CDATA[ *\/\ndocument.getElementById( \"ak_js_1\" ).setAttribute( \"value\", ( new Date() ).getTime() );\n\/* ]]> *\/\n<\/script>\n<\/p><div class=\"wpcf7-response-output\" aria-hidden=\"true\"><\/div>\n<\/form>\n<\/div>\n\n<p>&nbsp;<\/p>\n<p>&nbsp;<\/p>\n<h2>Food et communication sur le web : focus<\/h2>\n<\/div><\/div><div class=\"container-fluid\" style=\"padding:0\"><div id=\"55fddd9c\" class=\"imgFull lazyload\" style=\"height:350px;background-image:inherit;background-position:center;background-repeat:no-repeat;moz-background-size:cover;background-size: cover;\" data-bg-image=\"url(https:\/\/www.alioze.com\/wp-content\/uploads\/2020\/06\/industrie-food-chiffres-2.jpg)\"><\/div><\/div><div class=\"container\"><div class=\"col-xs-12\">\n<p>Le digital a apport\u00e9 des changements profonds et durables \u00e0 l&#8217;industrie alimentaire. L&#8217;essor d&#8217;Instagram ou d&#8217;autres r\u00e9seaux sociaux qui reposent sur le partage de photographies donne une importance in\u00e9dite \u00e0 l&#8217;image et \u00e0 la pr\u00e9sentation des aliments, qui devient aussi essentielle que le go\u00fbt. Les professionnels du secteur culinaire n&#8217;ont ainsi pas d&#8217;autre choix que de faire appel \u00e0 des sp\u00e9cialistes de l&#8217;image pour mettre en sc\u00e8ne et promouvoir leurs cr\u00e9ations.<\/p>\n<p>\u00c0 l&#8217;heure o\u00f9 les consommateurs font sans cesse des allers\/retours entre le monde r\u00e9el et virtuel, une pr\u00e9sence en ligne au travers d&#8217;un site vitrine ou marchand n&#8217;est d\u00e9sormais plus une option. Encore faut-il que ce site poss\u00e8de \u00e0 la fois un design de qualit\u00e9 qui refl\u00e8te le positionnement de marque, une haute ergonomie et qu&#8217;il soit responsive sur ordinateur comme sur mobile.<\/p>\n<p>Aussi, pour \u00e9merger et renforcer sa pr\u00e9sence au sein d&#8217;un march\u00e9 hyper concurrentiel qui produit beaucoup de bruit et de parasitisme, il faut imp\u00e9rativement un positionnement de marque tr\u00e8s affin\u00e9 afin de pouvoir se diff\u00e9rentier et esp\u00e9rer capter l&#8217;attention des consommateurs.<\/p>\n<p>Enfin, le recours pour une marque de food \u00e0 un expert en r\u00e9f\u00e9rencement naturel et payant permet d&#8217;accro\u00eetre sensiblement sa notori\u00e9t\u00e9 et ses ventes.<\/p>\n<p>Agence de communication sp\u00e9cialis\u00e9e food, \u00e0 la fois experte en branding (d\u00e9ploiement d&#8217;une plateforme de marque), en r\u00e9f\u00e9rencement et en communication web, Alioze vous aide \u00e0 obtenir d&#8217;excellents r\u00e9sultats sur l&#8217;ensemble de ces domaines.<\/p>\n<p>&nbsp;<\/p>\n<p>&nbsp;<\/p>\n<h2><span style=\"color: #333333;\"><a style=\"color: #333333;\" href=\"https:\/\/www.alioze.com\/ch\/secteurs\" target=\"_blank\" rel=\"noopener\">Secteurs<\/a><\/span> dans lesquels l&#8217;agence Alioze est sp\u00e9cialis\u00e9e<\/h2>\n<p style=\"text-align: center;\">Vous \u00eates bas\u00e9s \u00e0 Gen\u00e8ve, Zurich, B\u00e2le ou Lausanne ?<br \/>\nNotre agence s\u2019occupe de votre dossier o\u00f9 que vous soyez.<\/p>\n","protected":false},"excerpt":{"rendered":"<p>Agence de communication sp\u00e9cialis\u00e9e food &amp; alimentaire, Alioze accompagne depuis 2008 tous les professionnels du secteur culinaire dans l&#8217;\u00e9laboration de leur strat\u00e9gie de communication pour leur permettre d&#8217;atteindre leurs objectifs de notori\u00e9t\u00e9 et de croissance. De la cr\u00e9ation de votre marque de fooding \u00e0 la mise en place de vos campagnes de communication en passant [&hellip;]<\/p>\n","protected":false},"author":6,"featured_media":0,"parent":0,"menu_order":0,"comment_status":"closed","ping_status":"closed","template":"page-no-title.php","meta":{"_acf_changed":false,"footnotes":""},"class_list":["post-12403","page","type-page","status-publish","hentry"],"acf":[],"aioseo_notices":[],"amp_enabled":false,"_links":{"self":[{"href":"https:\/\/www.alioze.com\/ch\/wp-json\/wp\/v2\/pages\/12403","targetHints":{"allow":["GET"]}}],"collection":[{"href":"https:\/\/www.alioze.com\/ch\/wp-json\/wp\/v2\/pages"}],"about":[{"href":"https:\/\/www.alioze.com\/ch\/wp-json\/wp\/v2\/types\/page"}],"author":[{"embeddable":true,"href":"https:\/\/www.alioze.com\/ch\/wp-json\/wp\/v2\/users\/6"}],"replies":[{"embeddable":true,"href":"https:\/\/www.alioze.com\/ch\/wp-json\/wp\/v2\/comments?post=12403"}],"version-history":[{"count":7,"href":"https:\/\/www.alioze.com\/ch\/wp-json\/wp\/v2\/pages\/12403\/revisions"}],"predecessor-version":[{"id":23333,"href":"https:\/\/www.alioze.com\/ch\/wp-json\/wp\/v2\/pages\/12403\/revisions\/23333"}],"wp:attachment":[{"href":"https:\/\/www.alioze.com\/ch\/wp-json\/wp\/v2\/media?parent=12403"}],"curies":[{"name":"wp","href":"https:\/\/api.w.org\/{rel}","templated":true}]}}