{"id":10481,"date":"2020-05-05T12:52:44","date_gmt":"2020-05-05T11:52:44","guid":{"rendered":"https:\/\/www.alioze.com\/agence-de-communication-specialisee-horlogerie\/"},"modified":"2021-08-09T09:26:37","modified_gmt":"2021-08-09T08:26:37","slug":"agence-de-communication-specialisee-horlogerie","status":"publish","type":"page","link":"https:\/\/www.alioze.com\/ch\/agence-communication-horlogerie\/","title":{"rendered":"Agence de communication sp\u00e9cialis\u00e9e horlogerie"},"content":{"rendered":"<\/div><\/div>\n\t<section class=\"headertitle lazyload\" style=\"background-image:inherit;\" data-bg-image=\"url(https:\/\/www.alioze.com\/wp-content\/themes\/alioze2016\/img\/alioze-communication-branding-design.jpg)\">\n\t\t<div id=\"breadcrumbs\">\n\t\t\t\t\t\t<span>\t\t\t\t\t<a href=\"https:\/\/www.alioze.com\/ch\/\">Home<\/a>\n\t\t\t\t\t > \t\t\t\t\t<a href=\"https:\/\/www.alioze.com\/ch\/blog\">Le Blog<\/a>\n\t\t\t\t\t > <\/span>\n\t\t\t\t\t<\/div>\n\t\t\t\t<div class=\"content-a\">\n\t\t\t\t\t<div class=\"parralax-centertext text-center\">\n\n\t\t\t\t\t\t<h1>Agence de communication sp\u00e9cialis\u00e9e horlogerie<\/h1>\n\t\t\t\t\t\t<span class=\"baseline\">Suisse &amp; International<\/span>\n\t\t\t\t\t<\/div>\n\t\t\t\t<\/div>\n\t\t\t<\/section>\n\t\t\t<div class=\"container\">\n\t\t\t<div class=\"col-xs-12\">\n<p style=\"text-align: center;\">Vous recherchez une <strong>agence de communication sp\u00e9cialis\u00e9e horlogerie<\/strong> en <strong>Suisse<\/strong> ? Bienvenue chez Alioze.<\/p>\n<p style=\"text-align: center;\">Vous souhaitez accro\u00eetre la visibilit\u00e9 de votre marque et conqu\u00e9rir de nouveaux clients sur de nouveaux march\u00e9s ?<br \/>\nConfier le d\u00e9veloppement de votre communication, de vos campagnes publicitaires ou de vos relations presse et influenceurs \u00e0 un prestataire haut de gamme ?<br \/>\nCr\u00e9er ou effectuer une refonte de votre site e-commerce ?<\/p>\n<p style=\"text-align: center;\">Alioze est une agence de communication avec une forte inclinaison pour le digitale, qui accompagne les professionnels du secteur des montres et de l&#8217;horlogerie \u00e0 sublimer leur image de marque, dans l&#8217;ensemble de leurs projets web, ainsi que dans l&#8217;am\u00e9lioration de leur notori\u00e9t\u00e9 en ligne et hors ligne.<\/p>\n<p>&nbsp;<\/p>\n<\/div><\/div><div class=\"container-fluid\" style=\"padding:0\"><div id=\"0967696a\" class=\"imgFull lazyload\" style=\"height:350px;background-image:inherit;background-position:center;background-repeat:no-repeat;moz-background-size:cover;background-size: cover;\" data-bg-image=\"url(https:\/\/www.alioze.com\/wp-content\/uploads\/2020\/05\/agence-communication-horlogerie-1.jpg)\"><\/div><\/div><div class=\"container\"><div class=\"col-xs-12\">\n<p>&nbsp;<\/p>\n<h2>Nos prestations sur-mesure pour les professionnels des montres et de l&#8217;horlogerie<\/h2>\n<ul>\n<li><a href=\"https:\/\/www.alioze.com\/ch\/communication\/\" target=\"_blank\" rel=\"noopener noreferrer\">Communication<\/a> :\n<ul>\n<li>Notre connaissance du secteur de l&#8217;horlogerie nous permet de d\u00e9finir une strat\u00e9gie de communication qui tient compte des enjeux et des opportunit\u00e9s actuelles du march\u00e9 pour am\u00e9liorer votre positionnement et augmenter votre rentabilit\u00e9.<\/li>\n<li>Nous pouvons vous proposer diverses actions de communication telles que la cr\u00e9ation de contenu, conseils en branding, gestion de vos r\u00e9seaux sociaux et de votre e-r\u00e9putation, etc.<\/li>\n<li>Pour vous, nous sollicitons nos contacts privil\u00e9gies dans la presse nationale et internationale afin de vous offrir la meilleure couverture possible lors du lancement d&#8217;une nouvelle montre, d&#8217;une nouvelle collection ou pour une prise de parole au niveau corporate.<\/li>\n<\/ul>\n<\/li>\n<li><a href=\"https:\/\/www.alioze.com\/ch\/developpement\/\" target=\"_blank\" rel=\"noopener noreferrer\">Production web<\/a> :\n<ul>\n<li>Conception d&#8217;un site web ou e-commerce rapide, responsive, s\u00e9curis\u00e9 et SEO-friendly qui tient compte des sp\u00e9cificit\u00e9s du secteur des montres et de l&#8217;horlogerie.<\/li>\n<\/ul>\n<\/li>\n<li><a href=\"https:\/\/www.alioze.com\/ch\/acquisition\/\" target=\"_blank\" rel=\"noopener noreferrer\">Acquisition de trafic<\/a> :\n<ul>\n<li>En tant qu&#8217;agence experte Google Ads, nous mettons en place des campagnes publicitaires digitales audacieuses et performantes qui vous permettront d&#8217;atteindre les meilleurs r\u00e9sultats.<\/li>\n<li>\u00c9laboration d&#8217;une strat\u00e9gie SEO ayant pour but d&#8217;optimiser votre rang et visibilit\u00e9 sur les moteurs de recherche et de g\u00e9n\u00e9rer un maximum de trafic cibl\u00e9 devant in fine maximiser votre taux de conversion.<\/li>\n<li>Mise en place d&#8217;une strat\u00e9gie social m\u00e9dia, gestion et animation de vos comptes sur les r\u00e9seaux sociaux.<\/li>\n<\/ul>\n<\/li>\n<\/ul>\n<\/div><\/div>\n\t<section class=\"quickcontact lazyload\" style=\"background-image:inherit;\" data-bg-image=\"url(https:\/\/www.alioze.com\/wp-content\/themes\/alioze2016\/img\/alioze-communication-branding-design.jpg)\">\n\t\t\t\t<div class=\"content-a\">\n\t\t\t\t\t<div class=\"parralax-centertext\">\n\t\t\t\t\t\t<div class=\"container\">\n\t\t\t\t\t\t\t\t<div class=\"col-xs-12 col-sm-6 col-sm-offset-1 col-md-7 col-md-offset-1 quickcontact-text\">\n\t\t\t\t\t\t\t\tAlioze, l'agence sp\u00e9cialis\u00e9e montres et horlogerie qui r\u00e9pond \u00e0 vos besoins\n\t\t\t\t\t\t\t\t<\/div>\n\t\t\t\t\t\t\t\t<div class=\"col-xs-12 col-sm-4 col-md-3\">\n\t\t\t\t\t\t\t\t<a href=\"https:\/\/www.alioze.com\/ch\/contact\" class=\"btn btn-lg btn-default  center-block\">Prenez contact<\/a>\n\t\t\t\t\t\t\t\t<\/div>\n\t\t\t\t\t\t<\/div>\n\t\t\t\t\t<\/div>\n\t\t\t\t<\/div>\n\t\t\t<\/section>\n\t\t\t<div class=\"container\">\n\t\t\t<div class=\"col-xs-12\">\n<p>&nbsp;<\/p>\n<p>&nbsp;<\/p>\n<h2>Quelques unes de nos r\u00e9f\u00e9rences clients du secteur de l&#8217;horlogerie &amp; du luxe<\/h2>\n<p><img decoding=\"async\" class=\"img-client\" src=\"https:\/\/www.alioze.com\/wp-content\/uploads\/2016\/02\/agence-web-de-redluxury.png\" alt=\"agence-web-de-redluxury\" \/><img decoding=\"async\" class=\"img-client\" src=\"https:\/\/www.alioze.com\/wp-content\/uploads\/2016\/02\/agence-web-de-camille-fournet.png\" alt=\"agence-web-de-camille fournet\" \/><img decoding=\"async\" class=\"img-client\" src=\"https:\/\/www.alioze.com\/wp-content\/uploads\/2020\/05\/agence-web-lvmh-2.png\" alt=\"agence-web-lvmh\" \/><img decoding=\"async\" class=\"img-client\" src=\"https:\/\/www.alioze.com\/wp-content\/uploads\/2019\/07\/agence-web-de-dior-2.png\" alt=\"agence web dior\" \/><\/p>\n<p><img decoding=\"async\" class=\"img-client\" src=\"https:\/\/www.alioze.com\/wp-content\/uploads\/2018\/05\/agence-web-petrossian.jpg\" alt=\"agence web de petrossian\" \/><img decoding=\"async\" class=\"img-client\" src=\"https:\/\/www.alioze.com\/wp-content\/uploads\/2016\/02\/agence-web-de-guerling-paris.png\" alt=\"agence-web-de-guerling-paris\" \/><img decoding=\"async\" class=\"img-client\" src=\"https:\/\/www.alioze.com\/wp-content\/uploads\/2016\/02\/agence-web-de-kenzo-kids.png\" alt=\"agence-web-de-kenzo-kids\" \/><img decoding=\"async\" class=\"img-client\" src=\"https:\/\/www.alioze.com\/wp-content\/uploads\/2016\/02\/agence-web-de-filorga.png\" alt=\"agence-web-de-filorga\" \/><\/p>\n<p>&nbsp;<\/p>\n<p>Depuis 2008, Alioze d\u00e9ploie pour ses clients et partenaires des strat\u00e9gies de communication et marketing sur-mesure ayant pour objectifs d&#8217;accro\u00eetre la notori\u00e9t\u00e9 de leur marque et d&#8217;augmenter durablement leurs ventes. Plus de 250 clients nous ont d\u00e9j\u00e0 fait confiance. Pourquoi pas vous ?<\/p>\n<p>En tant qu&#8217;agence de communication sp\u00e9cialis\u00e9e horlogerie et montres, notre expertise s&#8217;adresse :<\/p>\n<ul>\n<li>Aux <strong>horlogers et cr\u00e9ateurs de montres <\/strong>(horlogerie suisse, horlogerie de luxe, horlogerie bijouterie&#8230;).<\/li>\n<li>Aux <strong>boutiques &amp; revendeurs<\/strong> qui commercialisent plusieurs marques (montres actuelles ou montres d&#8217;occasion, horlogerie en ligne).<\/li>\n<\/ul>\n<p>Nous nous occupons aussi bien de petits cr\u00e9ateurs ou revendeurs ind\u00e9pendants que de grandes maisons et grands groupes solidement \u00e9tablis, d\u00e9tenteurs de marques de montres de luxe.<\/p>\n<p>Notre savoir-faire s&#8217;\u00e9tend \u00e0 tout type de montres : montres anciennes, montres bracelets, montres \u00e0 quartz, montres \u00e9lectroniques ou montres connect\u00e9es.<\/p>\n<p>&nbsp;<\/p>\n<p>&nbsp;<\/p>\n<h2>Besoin d&#8217;aide pour votre entreprise de montres et d&#8217;horlogerie ?<\/h2>\n<p style=\"text-align: center;\">Notre agence est ouverte de 9H30 \u00e0 19H00 du lundi au vendredi.<\/p>\n<p style=\"text-align: center;\">N&#8217;h\u00e9sitez pas \u00e0 nous contacter par t\u00e9l\u00e9phone au <a href=\"tel:+33183622184\"> +33 (0) 1 83 62 21 84<\/a> ou en remplissant ce court formulaire :<\/p>\n\n<div class=\"wpcf7 no-js\" id=\"wpcf7-f4885-o1\" lang=\"fr-FR\" dir=\"ltr\" data-wpcf7-id=\"4885\">\n<div class=\"screen-reader-response\"><p role=\"status\" aria-live=\"polite\" aria-atomic=\"true\"><\/p> <ul><\/ul><\/div>\n<form action=\"\/ch\/wp-json\/wp\/v2\/pages\/10481#wpcf7-f4885-o1\" method=\"post\" class=\"wpcf7-form init\" aria-label=\"Contact form\" novalidate=\"novalidate\" data-status=\"init\">\n<fieldset class=\"hidden-fields-container\"><input type=\"hidden\" name=\"_wpcf7\" value=\"4885\" \/><input type=\"hidden\" name=\"_wpcf7_version\" value=\"6.1.5\" \/><input type=\"hidden\" name=\"_wpcf7_locale\" value=\"fr_FR\" \/><input type=\"hidden\" name=\"_wpcf7_unit_tag\" value=\"wpcf7-f4885-o1\" \/><input type=\"hidden\" name=\"_wpcf7_container_post\" value=\"0\" \/><input type=\"hidden\" name=\"_wpcf7_posted_data_hash\" value=\"\" \/><input type=\"hidden\" name=\"_wpcf7_recaptcha_response\" value=\"\" \/>\n<\/fieldset>\n<div class=\"form-group\">\n\t<p><span class=\"wpcf7-form-control-wrap\" data-name=\"contact-name\"><input size=\"40\" maxlength=\"400\" class=\"wpcf7-form-control wpcf7-text wpcf7-validates-as-required form-control\" aria-required=\"true\" aria-invalid=\"false\" placeholder=\"Votre nom *\" value=\"\" type=\"text\" name=\"contact-name\" \/><\/span>\n\t<\/p>\n<\/div>\n<div class=\"form-group\">\n\t<p><span class=\"wpcf7-form-control-wrap\" data-name=\"contact-telephone\"><input size=\"40\" maxlength=\"400\" class=\"wpcf7-form-control wpcf7-text wpcf7-validates-as-required form-control\" aria-required=\"true\" aria-invalid=\"false\" placeholder=\"Votre num\u00e9ro de t\u00e9l\u00e9phone *\" value=\"\" type=\"text\" name=\"contact-telephone\" \/><\/span>\n\t<\/p>\n<\/div>\n<div class=\"form-group\">\n\t<p><span class=\"wpcf7-form-control-wrap\" data-name=\"contact-email\"><input size=\"40\" maxlength=\"400\" class=\"wpcf7-form-control wpcf7-email wpcf7-validates-as-required wpcf7-text wpcf7-validates-as-email form-control\" aria-required=\"true\" aria-invalid=\"false\" placeholder=\"Votre e-mail *\" value=\"\" type=\"email\" name=\"contact-email\" \/><\/span>\n\t<\/p>\n<\/div>\n<div class=\"form-group\">\n\t<p><span class=\"wpcf7-form-control-wrap\" data-name=\"contact-message\"><textarea cols=\"40\" rows=\"10\" maxlength=\"2000\" class=\"wpcf7-form-control wpcf7-textarea wpcf7-validates-as-required form-control\" aria-required=\"true\" aria-invalid=\"false\" placeholder=\"Votre message *\" name=\"contact-message\"><\/textarea><\/span>\n\t<\/p>\n<\/div>\n<p><span class=\"wpcf7-form-control-wrap\" data-name=\"checkbox-262\"><span class=\"wpcf7-form-control wpcf7-checkbox wpcf7-validates-as-required\"><span class=\"wpcf7-list-item first last\"><input type=\"checkbox\" name=\"checkbox-262[]\" value=\"J&#039;ai lu et j&#039;accepte les Conditions G\u00e9n\u00e9rales d&#039;Utilisation\" \/><span class=\"wpcf7-list-item-label\">J&#039;ai lu et j&#039;accepte les Conditions G\u00e9n\u00e9rales d&#039;Utilisation<\/span><\/span><\/span><\/span>\n<\/p>\n<div style=\"display:none !important\">\n\t<p><span class=\"wpcf7-form-control-wrap\" data-name=\"pipedrive_hook\"><input size=\"40\" maxlength=\"400\" class=\"wpcf7-form-control wpcf7-text wpcf7-validates-as-required\" aria-required=\"true\" aria-invalid=\"false\" value=\"1\" type=\"text\" name=\"pipedrive_hook\" \/><\/span>\n\t<\/p>\n<\/div>\n<p><input class=\"wpcf7-form-control wpcf7-submit has-spinner btn btn-lg btn-default btn-dark center-block gtm-contact-form-submit\" type=\"submit\" value=\"Envoyer\" \/>\n<\/p><p style=\"display: none !important;\" class=\"akismet-fields-container\" data-prefix=\"_wpcf7_ak_\"><label>&#916;<textarea name=\"_wpcf7_ak_hp_textarea\" cols=\"45\" rows=\"8\" maxlength=\"100\"><\/textarea><\/label><input type=\"hidden\" id=\"ak_js_1\" name=\"_wpcf7_ak_js\" value=\"140\"\/><script>document.getElementById( \"ak_js_1\" ).setAttribute( \"value\", ( new Date() ).getTime() );<\/script><\/p><div class=\"wpcf7-response-output\" aria-hidden=\"true\"><\/div>\n<\/form>\n<\/div>\n\n<p>&nbsp;<\/p>\n<p>&nbsp;<\/p>\n<h2>Horlogerie et communication digitale : focus<\/h2>\n<\/div><\/div><div class=\"container-fluid\" style=\"padding:0\"><div id=\"20e8cec0\" class=\"imgFull lazyload\" style=\"height:350px;background-image:inherit;background-position:center;background-repeat:no-repeat;moz-background-size:cover;background-size: cover;\" data-bg-image=\"url(https:\/\/www.alioze.com\/wp-content\/uploads\/2020\/05\/chiffres-secteur-horlogerie-2.jpg)\"><\/div><\/div><div class=\"container\"><div class=\"col-xs-12\">\n<p>Le secteur de l&#8217;horlogerie de luxe a souvent \u00e9t\u00e9, par le pass\u00e9, r\u00e9ticent \u00e0 la vente en ligne par peur d&#8217;ab\u00eemer son image en n&#8217;offrant pas un service \u00e0 la hauteur de ses produits par rapport \u00e0 l&#8217;exp\u00e9rience boutique, mais aussi dans un souci de ne pas cannibaliser ses revendeurs. L&#8217;industrie a pu par cons\u00e9quent prendre un certain retard. Toutefois, de nombreux acteurs sont maintenant tr\u00e8s pr\u00e9sents et il est d\u00e9sormais acquis de pouvoir acheter en ligne des montres valant jusqu&#8217;\u00e0 parfois plusieurs centaines de milliers d&#8217;euros.<\/p>\n<p>Pour autant, la seule pr\u00e9sence d&#8217;une boutique en ligne ne suffit pas : il faut pouvoir faire conna\u00eetre sa marque et valoriser au mieux son offre et la diff\u00e9rencier au sein d&#8217;un march\u00e9 ultra concurrentiel. Pour cela, la r\u00e9daction de contenus optimis\u00e9s SEO de grande qualit\u00e9 est imp\u00e9rative pour faire \u00e9merger vos produits sur les moteurs de recherche.<\/p>\n<p>&nbsp;<\/p>\n<p>&nbsp;<\/p>\n<h2><span style=\"color: #333333;\"><a style=\"color: #333333;\" href=\"https:\/\/www.alioze.com\/ch\/secteurs\" target=\"_blank\" rel=\"noopener\">Secteurs<\/a><\/span> dans lesquels l&#8217;agence Alioze est sp\u00e9cialis\u00e9e<\/h2>\n<p style=\"text-align: center;\">Vous \u00eates bas\u00e9s \u00e0 Gen\u00e8ve, Zurich, B\u00e2le ou Lausanne ?<br \/>\nNotre agence s\u2019occupe de votre dossier o\u00f9 que vous soyez.<\/p>\n","protected":false},"excerpt":{"rendered":"<p>Vous recherchez une agence de communication sp\u00e9cialis\u00e9e horlogerie en Suisse ? Bienvenue chez Alioze. Vous souhaitez accro\u00eetre la visibilit\u00e9 de votre marque et conqu\u00e9rir de nouveaux clients sur de nouveaux march\u00e9s ? Confier le d\u00e9veloppement de votre communication, de vos campagnes publicitaires ou de vos relations presse et influenceurs \u00e0 un prestataire haut de gamme [&hellip;]<\/p>\n","protected":false},"author":6,"featured_media":10470,"parent":0,"menu_order":0,"comment_status":"closed","ping_status":"closed","template":"page-no-title.php","meta":{"_acf_changed":false,"footnotes":""},"class_list":["post-10481","page","type-page","status-publish","has-post-thumbnail","hentry"],"acf":[],"aioseo_notices":[],"amp_enabled":false,"_links":{"self":[{"href":"https:\/\/www.alioze.com\/ch\/wp-json\/wp\/v2\/pages\/10481","targetHints":{"allow":["GET"]}}],"collection":[{"href":"https:\/\/www.alioze.com\/ch\/wp-json\/wp\/v2\/pages"}],"about":[{"href":"https:\/\/www.alioze.com\/ch\/wp-json\/wp\/v2\/types\/page"}],"author":[{"embeddable":true,"href":"https:\/\/www.alioze.com\/ch\/wp-json\/wp\/v2\/users\/6"}],"replies":[{"embeddable":true,"href":"https:\/\/www.alioze.com\/ch\/wp-json\/wp\/v2\/comments?post=10481"}],"version-history":[{"count":13,"href":"https:\/\/www.alioze.com\/ch\/wp-json\/wp\/v2\/pages\/10481\/revisions"}],"predecessor-version":[{"id":23334,"href":"https:\/\/www.alioze.com\/ch\/wp-json\/wp\/v2\/pages\/10481\/revisions\/23334"}],"wp:featuredmedia":[{"embeddable":true,"href":"https:\/\/www.alioze.com\/ch\/wp-json\/wp\/v2\/media\/10470"}],"wp:attachment":[{"href":"https:\/\/www.alioze.com\/ch\/wp-json\/wp\/v2\/media?parent=10481"}],"curies":[{"name":"wp","href":"https:\/\/api.w.org\/{rel}","templated":true}]}}