{"id":6541,"date":"2020-01-29T21:36:48","date_gmt":"2020-01-29T20:36:48","guid":{"rendered":"https:\/\/www.alioze.com\/?page_id=6541"},"modified":"2020-01-29T21:37:01","modified_gmt":"2020-01-29T20:37:01","slug":"felicitation-vous-etes-inscrit-avec-succes","status":"publish","type":"page","link":"https:\/\/www.alioze.com\/be\/remerciement-inscription-newsletter","title":{"rendered":"F\u00e9licitation, vous \u00eates inscrit avec succ\u00e8s !"},"content":{"rendered":"<h2 style=\"text-align: center;\">Vous allez pouvoir profiter de nos conseils, astuces et bonnes pratiques 1 fois par mois dans votre bo\u00eete mail \ud83d\ude09<\/h2>\n","protected":false},"excerpt":{"rendered":"<p>Vous allez pouvoir profiter de nos conseils, astuces et bonnes pratiques 1 fois par mois dans votre bo\u00eete mail \ud83d\ude09<\/p>\n","protected":false},"author":9,"featured_media":0,"parent":0,"menu_order":0,"comment_status":"closed","ping_status":"closed","template":"","meta":{"_acf_changed":false,"footnotes":""},"class_list":["post-6541","page","type-page","status-publish","hentry"],"acf":[],"aioseo_notices":[],"amp_enabled":true,"_links":{"self":[{"href":"https:\/\/www.alioze.com\/be\/wp-json\/wp\/v2\/pages\/6541","targetHints":{"allow":["GET"]}}],"collection":[{"href":"https:\/\/www.alioze.com\/be\/wp-json\/wp\/v2\/pages"}],"about":[{"href":"https:\/\/www.alioze.com\/be\/wp-json\/wp\/v2\/types\/page"}],"author":[{"embeddable":true,"href":"https:\/\/www.alioze.com\/be\/wp-json\/wp\/v2\/users\/9"}],"replies":[{"embeddable":true,"href":"https:\/\/www.alioze.com\/be\/wp-json\/wp\/v2\/comments?post=6541"}],"version-history":[{"count":2,"href":"https:\/\/www.alioze.com\/be\/wp-json\/wp\/v2\/pages\/6541\/revisions"}],"predecessor-version":[{"id":6543,"href":"https:\/\/www.alioze.com\/be\/wp-json\/wp\/v2\/pages\/6541\/revisions\/6543"}],"wp:attachment":[{"href":"https:\/\/www.alioze.com\/be\/wp-json\/wp\/v2\/media?parent=6541"}],"curies":[{"name":"wp","href":"https:\/\/api.w.org\/{rel}","templated":true}]}}