{"id":6519,"date":"2017-06-01T11:00:16","date_gmt":"2017-06-01T10:00:16","guid":{"rendered":"https:\/\/www.alioze.com\/?page_id=6519"},"modified":"2023-02-06T18:28:20","modified_gmt":"2023-02-06T17:28:20","slug":"agence-web-immobilier","status":"publish","type":"page","link":"https:\/\/www.alioze.com\/be\/agence-web-immobilier","title":{"rendered":"Agence de Communication sp\u00e9cialis\u00e9e immobilier"},"content":{"rendered":"<\/div><\/div>\n\t<section class=\"headertitle lazyload\" style=\"background-image:inherit;\" data-bg-image=\"url(https:\/\/www.alioze.com\/wp-content\/themes\/alioze2016\/img\/alioze-communication-branding-design.jpg)\">\n\t\t<div id=\"breadcrumbs\">\n\t\t\t\t\t\t<span>\t\t\t\t\t<a href=\"https:\/\/www.alioze.com\/be\/\">Home<\/a>\n\t\t\t\t\t > \t\t\t\t\t<a href=\"https:\/\/www.alioze.com\/be\/blog\">Le Blog<\/a>\n\t\t\t\t\t > <\/span>\n\t\t\t\t\t<\/div>\n\t\t\t\t<div class=\"content-a\">\n\t\t\t\t\t<div class=\"parralax-centertext text-center\">\n\n\t\t\t\t\t\t<h1>Agence de Communication sp\u00e9cialis\u00e9e immobilier<\/h1>\n\t\t\t\t\t\t<span class=\"baseline\">Belgique &amp; International<\/span>\n\t\t\t\t\t<\/div>\n\t\t\t\t<\/div>\n\t\t\t<\/section>\n\t\t\t<div class=\"container\">\n\t\t\t<div class=\"col-xs-12\">\n<p style=\"text-align: center;\">Vous recherchez une <strong>agence de communication sp\u00e9cialis\u00e9e immobilier<\/strong> en <strong>Belgique<\/strong> ? Bienvenue chez Alioze.<\/p>\n<p style=\"text-align: center;\">Vous avez besoin d\u2019une agence cr\u00e9ative et strat\u00e9gique pour cr\u00e9er des campagnes de communication, publicitaires et\/ou marketing impactantes ?<br \/>\nVous souhaitez am\u00e9liorer votre image de marque et votre pr\u00e9sence sur les moteurs de recherche, dans les m\u00e9dias et\/ou sur les r\u00e9seaux sociaux ?<br \/>\nVous voulez r\u00e9nover ou cr\u00e9er le site web de votre entreprise immobili\u00e8re ?<\/p>\n<p style=\"text-align: center;\">Alioze met sa cr\u00e9ativit\u00e9 et son savoir-faire en d\u00e9veloppement web, communication et marketing au service des professionnels de l&rsquo;immobilier.<\/p>\n<p>&nbsp;<\/p>\n<\/div><\/div>\n\t<section class=\"quickcontact lazyload\" style=\"background-image:inherit;\" data-bg-image=\"url(https:\/\/www.alioze.com\/wp-content\/themes\/alioze2016\/img\/alioze-communication-branding-design.jpg)\">\n\t\t\t\t<div class=\"content-a\">\n\t\t\t\t\t<div class=\"parralax-centertext\">\n\t\t\t\t\t\t<div class=\"container\">\n\t\t\t\t\t\t\t\t<div class=\"col-xs-12 col-sm-6 col-sm-offset-1 col-md-7 col-md-offset-1 quickcontact-text\">\n\t\t\t\t\t\t\t\tAlioze, l'agence sp\u00e9cialis\u00e9e immobilier qui r\u00e9pond \u00e0 vos besoins\n\t\t\t\t\t\t\t\t<\/div>\n\t\t\t\t\t\t\t\t<div class=\"col-xs-12 col-sm-4 col-md-3\">\n\t\t\t\t\t\t\t\t<a href=\"https:\/\/www.alioze.com\/be\/contact\" class=\"btn btn-lg btn-default  center-block\">Prenez contact<\/a>\n\t\t\t\t\t\t\t\t<\/div>\n\t\t\t\t\t\t<\/div>\n\t\t\t\t\t<\/div>\n\t\t\t\t<\/div>\n\t\t\t<\/section>\n\t\t\t<div class=\"container\">\n\t\t\t<div class=\"col-xs-12\">\n<p>&nbsp;<\/p>\n\n\t\t<style type=\"text\/css\">\n\t\t\t#gallery-1 {\n\t\t\t\tmargin: auto;\n\t\t\t}\n\t\t\t#gallery-1 .gallery-item {\n\t\t\t\tfloat: left;\n\t\t\t\tmargin-top: 10px;\n\t\t\t\ttext-align: center;\n\t\t\t\twidth: 33%;\n\t\t\t}\n\t\t\t#gallery-1 img {\n\t\t\t\tborder: 2px solid #cfcfcf;\n\t\t\t}\n\t\t\t#gallery-1 .gallery-caption {\n\t\t\t\tmargin-left: 0;\n\t\t\t}\n\t\t\t\/* see gallery_shortcode() in wp-includes\/media.php *\/\n\t\t<\/style>\n\t\t<div id='gallery-1' class='gallery galleryid-6519 gallery-columns-3 gallery-size-thumbnail'><dl class='gallery-item'>\n\t\t\t<dt class='gallery-icon landscape'>\n\t\t\t\t<a href='https:\/\/www.alioze.com\/be\/agence-web-immobilier\/agence-web-immobilier-3\/'><img decoding=\"async\" width=\"150\" height=\"150\" data-src=\"https:\/\/www.alioze.com\/wp-content\/uploads\/2020\/06\/agence-web-immobilier-150x150.jpg\" class=\"attachment-thumbnail size-thumbnail lazyload\" alt=\"agence web immobilier\" src=\"data:image\/svg+xml;base64,PHN2ZyB3aWR0aD0iMSIgaGVpZ2h0PSIxIiB4bWxucz0iaHR0cDovL3d3dy53My5vcmcvMjAwMC9zdmciPjwvc3ZnPg==\" style=\"--smush-placeholder-width: 150px; --smush-placeholder-aspect-ratio: 150\/150;\" \/><\/a>\n\t\t\t<\/dt><\/dl><dl class='gallery-item'>\n\t\t\t<dt class='gallery-icon portrait'>\n\t\t\t\t<a href='https:\/\/www.alioze.com\/be\/agence-web-immobilier\/agence-marketing-immobilier-2\/'><img decoding=\"async\" width=\"150\" height=\"150\" data-src=\"https:\/\/www.alioze.com\/wp-content\/uploads\/2020\/06\/agence-marketing-immobilier-150x150.jpg\" class=\"attachment-thumbnail size-thumbnail lazyload\" alt=\"agence marketing immobilier\" src=\"data:image\/svg+xml;base64,PHN2ZyB3aWR0aD0iMSIgaGVpZ2h0PSIxIiB4bWxucz0iaHR0cDovL3d3dy53My5vcmcvMjAwMC9zdmciPjwvc3ZnPg==\" style=\"--smush-placeholder-width: 150px; --smush-placeholder-aspect-ratio: 150\/150;\" \/><\/a>\n\t\t\t<\/dt><\/dl><dl class='gallery-item'>\n\t\t\t<dt class='gallery-icon landscape'>\n\t\t\t\t<a href='https:\/\/www.alioze.com\/be\/agence-web-immobilier\/agence-publicite-immobilier-2\/'><img decoding=\"async\" width=\"150\" height=\"150\" data-src=\"https:\/\/www.alioze.com\/wp-content\/uploads\/2020\/06\/agence-publicite-immobilier-150x150.jpg\" class=\"attachment-thumbnail size-thumbnail lazyload\" alt=\"agence publicit\u00e9 immobilier\" src=\"data:image\/svg+xml;base64,PHN2ZyB3aWR0aD0iMSIgaGVpZ2h0PSIxIiB4bWxucz0iaHR0cDovL3d3dy53My5vcmcvMjAwMC9zdmciPjwvc3ZnPg==\" style=\"--smush-placeholder-width: 150px; --smush-placeholder-aspect-ratio: 150\/150;\" \/><\/a>\n\t\t\t<\/dt><\/dl><br style=\"clear: both\" \/><dl class='gallery-item'>\n\t\t\t<dt class='gallery-icon landscape'>\n\t\t\t\t<a href='https:\/\/www.alioze.com\/be\/agence-web-immobilier\/agence-reseau-sociau-immobilier-2\/'><img decoding=\"async\" width=\"150\" height=\"150\" data-src=\"https:\/\/www.alioze.com\/wp-content\/uploads\/2020\/06\/agence-reseau-sociau-immobilier-150x150.jpg\" class=\"attachment-thumbnail size-thumbnail lazyload\" alt=\"agence reseau sociau immobilier\" src=\"data:image\/svg+xml;base64,PHN2ZyB3aWR0aD0iMSIgaGVpZ2h0PSIxIiB4bWxucz0iaHR0cDovL3d3dy53My5vcmcvMjAwMC9zdmciPjwvc3ZnPg==\" style=\"--smush-placeholder-width: 150px; --smush-placeholder-aspect-ratio: 150\/150;\" \/><\/a>\n\t\t\t<\/dt><\/dl>\n\t\t\t<br style='clear: both' \/>\n\t\t<\/div>\n\n<p>&nbsp;<\/p>\n<p>&nbsp;<\/p>\n<h2>Nos prestations sur-mesure pour les professionnels de l&rsquo;immobilier<\/h2>\n<ul>\n<li><a href=\"https:\/\/www.alioze.com\/be\/developpement\/\" target=\"_blank\" rel=\"noopener noreferrer\">Production web<\/a> :\n<ul>\n<li>D\u00e9veloppement de site web responsive et fonctionnel.<\/li>\n<li>Interfa\u00e7age CRM.<\/li>\n<\/ul>\n<\/li>\n<li><a href=\"https:\/\/www.alioze.com\/be\/communication\/\" target=\"_blank\" rel=\"noopener noreferrer\">Communication<\/a> :\n<ul>\n<li>Cr\u00e9ation de contenus.<\/li>\n<li>Accompagnement strat\u00e9gique et gestion social media.<\/li>\n<li>Gestion de l&rsquo;e-r\u00e9putation.<\/li>\n<li>Newsletters et campagnes d&rsquo;e-mailing.<\/li>\n<li>Conception, design et charte graphique.<\/li>\n<\/ul>\n<\/li>\n<li><a href=\"https:\/\/www.alioze.com\/be\/acquisition\/\" target=\"_blank\" rel=\"noopener noreferrer\">Acquisition<\/a> :\n<ul>\n<li>\u00c9tudes de march\u00e9.<\/li>\n<li>R\u00e9f\u00e9rencement naturel SEO.<\/li>\n<li>Campagnes publicitaires.<\/li>\n<\/ul>\n<\/li>\n<\/ul>\n<p>Alioze est une agence de communication experte dans toutes les technologies du web. Nous surveillons toutes les derni\u00e8res innovations et utilisations, afin de fournir des solutions durables aux professionnels de l&rsquo;immobilier.<\/p>\n<p>En mettant l&rsquo;accent sur une communication corporate s\u00e9duisante et un d\u00e9veloppement centr\u00e9 sur l&rsquo;utilisateur, nous cr\u00e9ons des exp\u00e9riences \u00e0 la fois conviviales et compl\u00e8tes pour vous aider \u00e0 d\u00e9velopper votre business.<\/p>\n<p>&nbsp;<\/p>\n<p>&nbsp;<\/p>\n<h2>Quelques uns de nos partenaires et clients du secteur immobilier<\/h2>\n<div class=\"text-center\"><img decoding=\"async\" class=\"img-client\" src=\"https:\/\/www.alioze.com\/wp-content\/uploads\/2023\/02\/agence-communication-bien-ici.png\" alt=\"agence communication bien' ici\" \/><img decoding=\"async\" class=\"img-client\" src=\"https:\/\/www.alioze.com\/wp-content\/uploads\/2018\/03\/agence-web-fpi.png\" alt=\"agence web f\u00e9d\u00e9ration promoteurs immobiliers\" \/><img decoding=\"async\" class=\"img-client\" src=\"https:\/\/www.alioze.com\/wp-content\/uploads\/2017\/07\/agence-web-cabinet-ravier.png\" alt=\"agence web cabinet ravier\" \/><img decoding=\"async\" class=\"img-client\" src=\"https:\/\/www.alioze.com\/wp-content\/uploads\/2020\/06\/agence-communication-se-loger.png\" alt=\"agence communication seloger\" \/><img decoding=\"async\" class=\"img-client\" src=\"https:\/\/www.alioze.com\/wp-content\/uploads\/2021\/01\/agence-communication-synapse-immobilier.png\" alt=\"agence communication synapse immobilier\" \/><img decoding=\"async\" class=\"img-client\" src=\"https:\/\/www.alioze.com\/wp-content\/uploads\/2020\/06\/agence-communication-leboncoin.png\" alt=\"agence communication leboncoin\" \/><img decoding=\"async\" class=\"img-client\" src=\"https:\/\/www.alioze.com\/wp-content\/uploads\/2020\/06\/agence-communication-meilleurs-agents.png\" alt=\"agence communication meilleurs agents\" \/><img decoding=\"async\" class=\"img-client\" src=\"https:\/\/www.alioze.com\/wp-content\/uploads\/2020\/06\/agence-communication-paru-vendu.png\" alt=\"agence communication paru vendu\" \/><img decoding=\"async\" class=\"img-client\" src=\"https:\/\/www.alioze.com\/wp-content\/uploads\/2020\/06\/agence-communication-rightmove.png\" alt=\"agence communication rightmove\" \/><img decoding=\"async\" class=\"img-client\" src=\"https:\/\/www.alioze.com\/wp-content\/uploads\/2021\/05\/agence-communication-eol-immobilier-entreprise.png\" alt=\"agence communication eol immobilier entreprise\" \/><img decoding=\"async\" class=\"img-client\" src=\"https:\/\/www.alioze.com\/wp-content\/uploads\/2022\/08\/agence-communication-korus.png\" alt=\"agence communication korus\" \/><img decoding=\"async\" class=\"img-client\" src=\"https:\/\/www.alioze.com\/wp-content\/uploads\/2022\/08\/agence-communication-exp-france.png\" alt=\"agence communication exp france\" \/><img decoding=\"async\" class=\"img-client\" src=\"https:\/\/www.alioze.com\/wp-content\/uploads\/2022\/08\/agence-communication-web-ayah-invest.png\" alt=\"agence communication ayah invest\" \/><\/div>\n<p>&nbsp;<\/p>\n<p>Depuis 2008, Alioze a li\u00e9 des partenariats et relations de confiance avec plusieurs centaines de clients partout dans le monde. Notre agence sp\u00e9cialis\u00e9e immobilier vous aide \u00e0 accro\u00eetre votre notori\u00e9t\u00e9 et votre d\u00e9veloppement, et ce quel que soit la nature de votre activit\u00e9 immobili\u00e8re :<\/p>\n<ul>\n<li><strong>Agence immobili\u00e8re<\/strong>.<\/li>\n<li><strong>Promoteur immobilier<\/strong>.<\/li>\n<li><strong>Am\u00e9nageur foncier<\/strong>.<\/li>\n<li><strong>Marchands de biens<\/strong>.<\/li>\n<li><strong>Gestionnaire de biens immobiliers<\/strong>.<\/li>\n<li><strong>Immobilier r\u00e9sidentiel<\/strong>, <strong>commercial<\/strong>,<strong> de vacances<\/strong> ou <strong>saisonnier<\/strong>.<\/li>\n<li><strong>R\u00e9pertoire d&rsquo;appartements<\/strong>, de <strong>bureaux<\/strong> ou de <strong>b\u00e2timents industriels<\/strong>.<\/li>\n<\/ul>\n<p>&nbsp;<\/p>\n<p>&nbsp;<\/p>\n<h2>Besoin d&rsquo;aide pour votre entreprise immobili\u00e8re ?<\/h2>\n<p style=\"text-align: center;\">Notre agence est ouverte de 9H30 \u00e0 19H00 du lundi au vendredi.<\/p>\n<p style=\"text-align: center;\">N&rsquo;h\u00e9sitez pas \u00e0 nous contacter par t\u00e9l\u00e9phone au <a href=\"tel:+33183622184\"> +33 (0) 1 83 62 21 84<\/a> ou en remplissant ce court formulaire :<\/p>\n\n<div class=\"wpcf7 no-js\" id=\"wpcf7-f4885-o1\" lang=\"fr-FR\" dir=\"ltr\" data-wpcf7-id=\"4885\">\n<div class=\"screen-reader-response\"><p role=\"status\" aria-live=\"polite\" aria-atomic=\"true\"><\/p> <ul><\/ul><\/div>\n<form action=\"\/be\/wp-json\/wp\/v2\/pages\/6519#wpcf7-f4885-o1\" method=\"post\" class=\"wpcf7-form init\" aria-label=\"Formulaire de contact\" novalidate=\"novalidate\" data-status=\"init\">\n<fieldset class=\"hidden-fields-container\"><input type=\"hidden\" name=\"_wpcf7\" value=\"4885\" \/><input type=\"hidden\" name=\"_wpcf7_version\" value=\"6.1.5\" \/><input type=\"hidden\" name=\"_wpcf7_locale\" value=\"fr_FR\" \/><input type=\"hidden\" name=\"_wpcf7_unit_tag\" value=\"wpcf7-f4885-o1\" \/><input type=\"hidden\" name=\"_wpcf7_container_post\" value=\"0\" \/><input type=\"hidden\" name=\"_wpcf7_posted_data_hash\" value=\"\" \/><input type=\"hidden\" name=\"_wpcf7_recaptcha_response\" value=\"\" \/>\n<\/fieldset>\n<div class=\"form-group\">\n\t<p><span class=\"wpcf7-form-control-wrap\" data-name=\"contact-name\"><input size=\"40\" maxlength=\"400\" class=\"wpcf7-form-control wpcf7-text wpcf7-validates-as-required form-control\" aria-required=\"true\" aria-invalid=\"false\" placeholder=\"Votre nom *\" value=\"\" type=\"text\" name=\"contact-name\" \/><\/span>\n\t<\/p>\n<\/div>\n<div class=\"form-group\">\n\t<p><span class=\"wpcf7-form-control-wrap\" data-name=\"contact-telephone\"><input size=\"40\" maxlength=\"400\" class=\"wpcf7-form-control wpcf7-text wpcf7-validates-as-required form-control\" aria-required=\"true\" aria-invalid=\"false\" placeholder=\"Votre num\u00e9ro de t\u00e9l\u00e9phone *\" value=\"\" type=\"text\" name=\"contact-telephone\" \/><\/span>\n\t<\/p>\n<\/div>\n<div class=\"form-group\">\n\t<p><span class=\"wpcf7-form-control-wrap\" data-name=\"contact-email\"><input size=\"40\" maxlength=\"400\" class=\"wpcf7-form-control wpcf7-email wpcf7-validates-as-required wpcf7-text wpcf7-validates-as-email form-control\" aria-required=\"true\" aria-invalid=\"false\" placeholder=\"Votre e-mail *\" value=\"\" type=\"email\" name=\"contact-email\" \/><\/span>\n\t<\/p>\n<\/div>\n<div class=\"form-group\">\n\t<p><span class=\"wpcf7-form-control-wrap\" data-name=\"contact-message\"><textarea cols=\"40\" rows=\"10\" maxlength=\"2000\" class=\"wpcf7-form-control wpcf7-textarea wpcf7-validates-as-required form-control\" aria-required=\"true\" aria-invalid=\"false\" placeholder=\"Votre message *\" name=\"contact-message\"><\/textarea><\/span>\n\t<\/p>\n<\/div>\n<p><span class=\"wpcf7-form-control-wrap\" data-name=\"checkbox-262\"><span class=\"wpcf7-form-control wpcf7-checkbox wpcf7-validates-as-required\"><span class=\"wpcf7-list-item first last\"><input type=\"checkbox\" name=\"checkbox-262[]\" value=\"J&#039;ai lu et j&#039;accepte les Conditions G\u00e9n\u00e9rales d&#039;Utilisation\" \/><span class=\"wpcf7-list-item-label\">J&#039;ai lu et j&#039;accepte les Conditions G\u00e9n\u00e9rales d&#039;Utilisation<\/span><\/span><\/span><\/span>\n<\/p>\n<div style=\"display:none !important\">\n\t<p><span class=\"wpcf7-form-control-wrap\" data-name=\"pipedrive_hook\"><input size=\"40\" maxlength=\"400\" class=\"wpcf7-form-control wpcf7-text wpcf7-validates-as-required\" aria-required=\"true\" aria-invalid=\"false\" value=\"1\" type=\"text\" name=\"pipedrive_hook\" \/><\/span>\n\t<\/p>\n<\/div>\n<p><input class=\"wpcf7-form-control wpcf7-submit has-spinner btn btn-lg btn-default btn-dark center-block gtm-contact-form-submit\" type=\"submit\" value=\"Envoyer\" \/>\n<\/p><p style=\"display: none !important;\" class=\"akismet-fields-container\" data-prefix=\"_wpcf7_ak_\"><label>&#916;<textarea name=\"_wpcf7_ak_hp_textarea\" cols=\"45\" rows=\"8\" maxlength=\"100\"><\/textarea><\/label><input type=\"hidden\" id=\"ak_js_1\" name=\"_wpcf7_ak_js\" value=\"67\"\/><script type=\"text\/javascript\">\n\/* <![CDATA[ *\/\ndocument.getElementById( \"ak_js_1\" ).setAttribute( \"value\", ( new Date() ).getTime() );\n\/* ]]> *\/\n<\/script>\n<\/p><div class=\"wpcf7-response-output\" aria-hidden=\"true\"><\/div>\n<\/form>\n<\/div>\n\n<p>&nbsp;<\/p>\n<p>&nbsp;<\/p>\n<h2>Immobilier sur le web : focus<\/h2>\n<\/div><\/div><div class=\"container-fluid\" style=\"padding:0\"><div id=\"99fbaef5\" class=\"imgFull lazyload\" style=\"height:350px;background-image:inherit;background-position:center;background-repeat:no-repeat;moz-background-size:cover;background-size: cover;\" data-bg-image=\"url(https:\/\/www.alioze.com\/wp-content\/uploads\/2020\/04\/industrie-immobilier-statistiques-chiffres.jpg)\"><\/div><\/div><div class=\"container\"><div class=\"col-xs-12\">\n<p>En Belgique, l\u2019immobilier sur le web est tr\u00e8s pris\u00e9 ! Afin de vous trouver, les clients utiliseront le web, dans la majorit\u00e9 des cas. En effet, chaque jour, ce sont plusieurs milliers de belges qui se rendent sur un site immobilier.<\/p>\n<p>En tant que professionnel de l\u2019immobilier, vous offrez ainsi un service tr\u00e8s concurrentiel o\u00f9 les nouveaux clients ne peuvent pas toujours distinguer leurs choix.<\/p>\n<p>Avec l\u2019\u00e9mergence de sites de petites annonces immobili\u00e8res comme Leboncoin, Seloger ou Particulier \u00e0 Particulier, la difficult\u00e9 est de vous d\u00e9marquer, de sortir du lot pour que les prospects vous choisissent parmi d\u2019autres entreprises semblables \u00e0 la v\u00f4tre.<\/p>\n<p>Consid\u00e9rant que plus de 92% des clients de l\u2019immobilier utilisent Internet pour acheter, poss\u00e9der un excellent site web commercial pour votre entreprise immobili\u00e8re est indispensable pour r\u00e9ussir.<\/p>\n<p>Par ailleurs, l\u2019Internet immobilier est de plus en plus mobile : 2,4 millions d\u2019utilisateurs ont visit\u00e9 un site immobilier depuis deux appareils diff\u00e9rents.<\/p>\n<p>Avec l\u2019augmentation constante des utilisateurs mobiles, un site optimis\u00e9 pour tous les \u00e9crans (PC, smartphone et tablette) est donc essentiel. Si ce n\u2019est pas le cas du v\u00f4tre, il faudra rapidement s\u2019atteler \u00e0 le rendre mobile-friendly !<\/p>\n<p>C\u2019est souvent sur Google que la phase de recherche d\u2019un agent immobilier, d\u2019un bien ou d\u2019une entreprise commence. Gr\u00e2ce \u00e0 une strat\u00e9gie SEO, notamment en utilisant les mots-cl\u00e9s et phrases de recherche appropri\u00e9s sur votre site web, vous pouvez vous assurer que votre entreprise est facile \u00e0 trouver.<\/p>\n<p>Une fois sur votre site web, la premi\u00e8re impression de l\u2019utilisateur d\u00e9termine souvent s\u2019il va y rester ou le quitter.<\/p>\n<p>Pour r\u00e9pondre \u00e0 ce d\u00e9fi, il est n\u00e9cessaire de d\u00e9finir les attentes des clients et de pr\u00e9senter des images de haute qualit\u00e9 sur votre site web. En effet, avant d\u2019aller de l\u2019avant et d\u2019accorder leur confiance, les clients veulent logiquement voir un bien immobilier.<\/p>\n<p>De ce fait, votre contenu textuel et visuel doit fournir assez d\u2019information \u00e0 vos visiteurs pour s\u2019int\u00e9resser \u00e0 une propri\u00e9t\u00e9, et attiser leur curiosit\u00e9 pour qu\u2019ils en arrivent \u00e0 vous contacter afin d\u2019obtenir de plus amples informations. La solution CMS dont vous disposez doit ainsi vous permettre de mettre \u00e0 jour les propri\u00e9t\u00e9s disponibles et autres contenus \u00e0 tout moment.<\/p>\n<p>En int\u00e9grant des fonctionnalit\u00e9s de recherche personnalis\u00e9es \u00e0 votre site web immobilier, vous permettez aux clients de trouver exactement ce qu\u2019ils cherchent. Ils doivent pouvoir affiner et trier facilement les listes immobili\u00e8res que vous proposez selon plusieurs crit\u00e8res :<\/p>\n<ul>\n<li>Budgets ;<\/li>\n<li>Commodit\u00e9s ;<\/li>\n<li>Emplacement ;<\/li>\n<li>Moyen de transport, etc.<\/li>\n<\/ul>\n<p>Fournir aux visiteurs un contenu utile sur la zone entourant une liste de propri\u00e9t\u00e9s peut jouer un r\u00f4le important dans leur d\u00e9cision. En pr\u00e9sentant des informations d\u00e9taill\u00e9es sur le quartier, les \u00e9coles, les commerces ou les attractions \u00e0 proximit\u00e9, vous permettez aux utilisateurs d\u2019avoir une id\u00e9e pr\u00e9cise du bien.<\/p>\n<p>Et, gr\u00e2ce \u00e0 un d\u00e9veloppement appropri\u00e9, vous pouvez int\u00e9grer ce contenu dans la navigation de votre site web de mani\u00e8re \u00e0 ne pas distraire l&rsquo;exp\u00e9rience globale de l&rsquo;utilisateur.<\/p>\n<p>L&rsquo;int\u00e9gration de fonctionnalit\u00e9s suppl\u00e9mentaires telles que les t\u00e9moignages de clients aideront \u00e9galement les internautes \u00e0 avoir une meilleure id\u00e9e du travail que vous fournissez et de l&rsquo;influence que vous avez dans le secteur de l\u2019immobilier.<\/p>\n<p>C\u00f4t\u00e9 interactivit\u00e9, l\u2019int\u00e9gration de plans ou de la mise en \u00ab favoris\u00a0\u00bb peuvent \u00e9galement aider les visiteurs \u00e0 organiser leurs int\u00e9r\u00eats dans une liste personnalis\u00e9e facile \u00e0 comprendre et qui leur fournit une exp\u00e9rience en ligne optimale.<\/p>\n<p>Enfin, il devrait \u00eatre \u00e0 la fois facile et rapide pour les visiteurs d&rsquo;entrer en contact avec votre entreprise, de trouver votre emplacement et de recueillir toute autre information utile. La mise au point de ces d\u00e9tails donne \u00e0 votre entreprise immobili\u00e8re un niveau de cr\u00e9dibilit\u00e9 suppl\u00e9mentaire qui r\u00e9sonnera avec vos potentiels clients.<\/p>\n<p>&nbsp;<\/p>\n<p>&nbsp;<\/p>\n<h2><span style=\"color: #000000;\"><a style=\"color: #000000;\" href=\"https:\/\/www.alioze.com\/be\/secteurs\" target=\"_blank\" rel=\"noopener\">Secteurs<\/a><\/span> dans lesquels l&rsquo;agence Alioze est sp\u00e9cialis\u00e9e<\/h2>\n<p style=\"text-align: center;\">Vous \u00eates bas\u00e9s \u00e0 Bruxelles, Anvers ou Charleroi ?<br \/>\nNotre agence s\u2019occupe de votre dossier o\u00f9 que vous soyez.<\/p>\n","protected":false},"excerpt":{"rendered":"<p>Vous recherchez une agence de communication sp\u00e9cialis\u00e9e immobilier en Belgique ? Bienvenue chez Alioze. Vous avez besoin d\u2019une agence cr\u00e9ative et strat\u00e9gique pour cr\u00e9er des campagnes de communication, publicitaires et\/ou marketing impactantes ? Vous souhaitez am\u00e9liorer votre image de marque et votre pr\u00e9sence sur les moteurs de recherche, dans les m\u00e9dias et\/ou sur les r\u00e9seaux [&hellip;]<\/p>\n","protected":false},"author":6,"featured_media":12729,"parent":0,"menu_order":0,"comment_status":"closed","ping_status":"closed","template":"page-no-title.php","meta":{"_acf_changed":false,"footnotes":""},"class_list":["post-6519","page","type-page","status-publish","has-post-thumbnail","hentry"],"acf":[],"aioseo_notices":[],"amp_enabled":false,"_links":{"self":[{"href":"https:\/\/www.alioze.com\/be\/wp-json\/wp\/v2\/pages\/6519","targetHints":{"allow":["GET"]}}],"collection":[{"href":"https:\/\/www.alioze.com\/be\/wp-json\/wp\/v2\/pages"}],"about":[{"href":"https:\/\/www.alioze.com\/be\/wp-json\/wp\/v2\/types\/page"}],"author":[{"embeddable":true,"href":"https:\/\/www.alioze.com\/be\/wp-json\/wp\/v2\/users\/6"}],"replies":[{"embeddable":true,"href":"https:\/\/www.alioze.com\/be\/wp-json\/wp\/v2\/comments?post=6519"}],"version-history":[{"count":26,"href":"https:\/\/www.alioze.com\/be\/wp-json\/wp\/v2\/pages\/6519\/revisions"}],"predecessor-version":[{"id":30071,"href":"https:\/\/www.alioze.com\/be\/wp-json\/wp\/v2\/pages\/6519\/revisions\/30071"}],"wp:featuredmedia":[{"embeddable":true,"href":"https:\/\/www.alioze.com\/be\/wp-json\/wp\/v2\/media\/12729"}],"wp:attachment":[{"href":"https:\/\/www.alioze.com\/be\/wp-json\/wp\/v2\/media?parent=6519"}],"curies":[{"name":"wp","href":"https:\/\/api.w.org\/{rel}","templated":true}]}}