{"id":6329,"date":"2017-06-01T10:47:42","date_gmt":"2017-06-01T09:47:42","guid":{"rendered":"https:\/\/www.alioze.com\/?page_id=6329"},"modified":"2024-02-23T14:30:52","modified_gmt":"2024-02-23T13:30:52","slug":"agence-communication-sante","status":"publish","type":"page","link":"https:\/\/www.alioze.com\/be\/agence-communication-sante","title":{"rendered":"Agence de communication sp\u00e9cialis\u00e9e sant\u00e9 &#038; m\u00e9dical"},"content":{"rendered":"<\/div><\/div>\n\t<section class=\"headertitle lazyload\" style=\"background-image:inherit;\" data-bg-image=\"url(https:\/\/www.alioze.com\/wp-content\/themes\/alioze2016\/img\/alioze-communication-branding-design.jpg)\">\n\t\t<div id=\"breadcrumbs\">\n\t\t\t\t\t\t<span>\t\t\t\t\t<a href=\"https:\/\/www.alioze.com\/be\/\">Home<\/a>\n\t\t\t\t\t > \t\t\t\t\t<a href=\"https:\/\/www.alioze.com\/be\/blog\">Le Blog<\/a>\n\t\t\t\t\t > <\/span>\n\t\t\t\t\t<\/div>\n\t\t\t\t<div class=\"content-a\">\n\t\t\t\t\t<div class=\"parralax-centertext text-center\">\n\n\t\t\t\t\t\t<h1>Agence de communication sp\u00e9cialis\u00e9e sant\u00e9 &#038; m\u00e9dical<\/h1>\n\t\t\t\t\t\t<span class=\"baseline\">Belgique &amp; International<\/span>\n\t\t\t\t\t<\/div>\n\t\t\t\t<\/div>\n\t\t\t<\/section>\n\t\t\t<div class=\"container\">\n\t\t\t<div class=\"col-xs-12\">\n<p style=\"text-align: center;\">Vous recherchez une <strong>agence de communication sp\u00e9cialis\u00e9e dans la sant\u00e9<\/strong>, le <strong>m\u00e9dical <\/strong>ou le<strong> bien-\u00eatre<\/strong> en <strong>Belgique<\/strong> ? Bienvenue chez Alioze.<\/p>\n<p style=\"text-align: center;\">Vous souhaitez am\u00e9liorer votre communication, votre image de marque et mettre en place une strat\u00e9gie marketing efficace ? Cr\u00e9er un site web sur-mesure ?<br \/>\nD\u00e9velopper votre business et votre notori\u00e9t\u00e9 pour acqu\u00e9rir de nouveaux patients ou clients ?<br \/>\nGagner du temps en automatisant la gestion de vos rendez-vous et clients en ligne ?<\/p>\n<p style=\"text-align: center;\">Alioze, agence de communication \u00e0 360\u00b0, aide les professionnels de la sant\u00e9, du bien-\u00eatre et du secteur m\u00e9dical \u00e0 mieux se connecter aux consommateurs et patients dans un monde de plus en plus digitalis\u00e9.<\/p>\n<p>&nbsp;<\/p>\n<\/div><\/div>\n\t<section class=\"quickcontact lazyload\" style=\"background-image:inherit;\" data-bg-image=\"url(https:\/\/www.alioze.com\/wp-content\/themes\/alioze2016\/img\/alioze-communication-branding-design.jpg)\">\n\t\t\t\t<div class=\"content-a\">\n\t\t\t\t\t<div class=\"parralax-centertext\">\n\t\t\t\t\t\t<div class=\"container\">\n\t\t\t\t\t\t\t\t<div class=\"col-xs-12 col-sm-6 col-sm-offset-1 col-md-7 col-md-offset-1 quickcontact-text\">\n\t\t\t\t\t\t\t\tAlioze, l'agence sp\u00e9cialis\u00e9e sant\u00e9 qui r\u00e9pond \u00e0 vos besoins\n\t\t\t\t\t\t\t\t<\/div>\n\t\t\t\t\t\t\t\t<div class=\"col-xs-12 col-sm-4 col-md-3\">\n\t\t\t\t\t\t\t\t<a href=\"https:\/\/www.alioze.com\/be\/contact\" class=\"btn btn-lg btn-default  center-block\">Prenez contact<\/a>\n\t\t\t\t\t\t\t\t<\/div>\n\t\t\t\t\t\t<\/div>\n\t\t\t\t\t<\/div>\n\t\t\t\t<\/div>\n\t\t\t<\/section>\n\t\t\t<div class=\"container\">\n\t\t\t<div class=\"col-xs-12\">\n<p>&nbsp;<\/p>\n\n\t\t<style type=\"text\/css\">\n\t\t\t#gallery-1 {\n\t\t\t\tmargin: auto;\n\t\t\t}\n\t\t\t#gallery-1 .gallery-item {\n\t\t\t\tfloat: left;\n\t\t\t\tmargin-top: 10px;\n\t\t\t\ttext-align: center;\n\t\t\t\twidth: 33%;\n\t\t\t}\n\t\t\t#gallery-1 img {\n\t\t\t\tborder: 2px solid #cfcfcf;\n\t\t\t}\n\t\t\t#gallery-1 .gallery-caption {\n\t\t\t\tmargin-left: 0;\n\t\t\t}\n\t\t\t\/* see gallery_shortcode() in wp-includes\/media.php *\/\n\t\t<\/style>\n\t\t<div id='gallery-1' class='gallery galleryid-6329 gallery-columns-3 gallery-size-thumbnail'><dl class='gallery-item'>\n\t\t\t<dt class='gallery-icon landscape'>\n\t\t\t\t<a href='https:\/\/www.alioze.com\/be\/agence-communication-sante\/agence-referencement-seo-sante-medical-2\/'><img decoding=\"async\" width=\"150\" height=\"150\" data-src=\"https:\/\/www.alioze.com\/wp-content\/uploads\/2020\/06\/agence-referencement-seo-sante-medical-150x150.jpg\" class=\"attachment-thumbnail size-thumbnail lazyload\" alt=\"agence r\u00e9f\u00e9rencement seo sant\u00e9 m\u00e9dical\" data-srcset=\"https:\/\/www.alioze.com\/wp-content\/uploads\/2020\/06\/agence-referencement-seo-sante-medical-150x150.jpg 150w, https:\/\/www.alioze.com\/wp-content\/uploads\/2020\/06\/agence-referencement-seo-sante-medical-300x300.jpg 300w, https:\/\/www.alioze.com\/wp-content\/uploads\/2020\/06\/agence-referencement-seo-sante-medical-1024x1024.jpg 1024w, https:\/\/www.alioze.com\/wp-content\/uploads\/2020\/06\/agence-referencement-seo-sante-medical-768x768.jpg 768w, https:\/\/www.alioze.com\/wp-content\/uploads\/2020\/06\/agence-referencement-seo-sante-medical.jpg 1120w\" data-sizes=\"(max-width: 150px) 100vw, 150px\" src=\"data:image\/svg+xml;base64,PHN2ZyB3aWR0aD0iMSIgaGVpZ2h0PSIxIiB4bWxucz0iaHR0cDovL3d3dy53My5vcmcvMjAwMC9zdmciPjwvc3ZnPg==\" style=\"--smush-placeholder-width: 150px; --smush-placeholder-aspect-ratio: 150\/150;\" \/><\/a>\n\t\t\t<\/dt><\/dl><dl class='gallery-item'>\n\t\t\t<dt class='gallery-icon landscape'>\n\t\t\t\t<a href='https:\/\/www.alioze.com\/be\/agence-communication-sante\/agence-publicite-sante-medical-2\/'><img decoding=\"async\" width=\"150\" height=\"150\" data-src=\"https:\/\/www.alioze.com\/wp-content\/uploads\/2020\/06\/agence-publicite-sante-medical-150x150.jpg\" class=\"attachment-thumbnail size-thumbnail lazyload\" alt=\"agence publicit\u00e9 sant\u00e9 m\u00e9dical\" src=\"data:image\/svg+xml;base64,PHN2ZyB3aWR0aD0iMSIgaGVpZ2h0PSIxIiB4bWxucz0iaHR0cDovL3d3dy53My5vcmcvMjAwMC9zdmciPjwvc3ZnPg==\" style=\"--smush-placeholder-width: 150px; --smush-placeholder-aspect-ratio: 150\/150;\" \/><\/a>\n\t\t\t<\/dt><\/dl><dl class='gallery-item'>\n\t\t\t<dt class='gallery-icon landscape'>\n\t\t\t\t<a href='https:\/\/www.alioze.com\/be\/agence-communication-sante\/agence-web-sante-medical-2\/'><img decoding=\"async\" width=\"150\" height=\"150\" data-src=\"https:\/\/www.alioze.com\/wp-content\/uploads\/2020\/06\/agence-web-sante-medical-150x150.jpg\" class=\"attachment-thumbnail size-thumbnail lazyload\" alt=\"agence web sant\u00e9 m\u00e9dical\" src=\"data:image\/svg+xml;base64,PHN2ZyB3aWR0aD0iMSIgaGVpZ2h0PSIxIiB4bWxucz0iaHR0cDovL3d3dy53My5vcmcvMjAwMC9zdmciPjwvc3ZnPg==\" style=\"--smush-placeholder-width: 150px; --smush-placeholder-aspect-ratio: 150\/150;\" \/><\/a>\n\t\t\t<\/dt><\/dl><br style=\"clear: both\" \/><dl class='gallery-item'>\n\t\t\t<dt class='gallery-icon landscape'>\n\t\t\t\t<a href='https:\/\/www.alioze.com\/be\/agence-communication-sante\/agence-digitale-sante-medicale-2\/'><img decoding=\"async\" width=\"150\" height=\"150\" data-src=\"https:\/\/www.alioze.com\/wp-content\/uploads\/2020\/06\/agence-digitale-sante-medicale-150x150.jpg\" class=\"attachment-thumbnail size-thumbnail lazyload\" alt=\"agence digitale sant\u00e9 m\u00e9dical\" src=\"data:image\/svg+xml;base64,PHN2ZyB3aWR0aD0iMSIgaGVpZ2h0PSIxIiB4bWxucz0iaHR0cDovL3d3dy53My5vcmcvMjAwMC9zdmciPjwvc3ZnPg==\" style=\"--smush-placeholder-width: 150px; --smush-placeholder-aspect-ratio: 150\/150;\" \/><\/a>\n\t\t\t<\/dt><\/dl><dl class='gallery-item'>\n\t\t\t<dt class='gallery-icon landscape'>\n\t\t\t\t<a href='https:\/\/www.alioze.com\/be\/agence-communication-sante\/agence-marketing-sante-medical-2\/'><img decoding=\"async\" width=\"150\" height=\"150\" data-src=\"https:\/\/www.alioze.com\/wp-content\/uploads\/2020\/06\/agence-marketing-sante-medical-150x150.jpg\" class=\"attachment-thumbnail size-thumbnail lazyload\" alt=\"agence marketing sant\u00e9 m\u00e9dical\" src=\"data:image\/svg+xml;base64,PHN2ZyB3aWR0aD0iMSIgaGVpZ2h0PSIxIiB4bWxucz0iaHR0cDovL3d3dy53My5vcmcvMjAwMC9zdmciPjwvc3ZnPg==\" style=\"--smush-placeholder-width: 150px; --smush-placeholder-aspect-ratio: 150\/150;\" \/><\/a>\n\t\t\t<\/dt><\/dl><dl class='gallery-item'>\n\t\t\t<dt class='gallery-icon landscape'>\n\t\t\t\t<a href='https:\/\/www.alioze.com\/be\/agence-communication-sante\/agence-relations-presse-sante-medical-2\/'><img decoding=\"async\" width=\"150\" height=\"150\" data-src=\"https:\/\/www.alioze.com\/wp-content\/uploads\/2020\/06\/agence-relations-presse-sante-medical-150x150.jpg\" class=\"attachment-thumbnail size-thumbnail lazyload\" alt=\"agence relations presse sant\u00e9 m\u00e9dical\" src=\"data:image\/svg+xml;base64,PHN2ZyB3aWR0aD0iMSIgaGVpZ2h0PSIxIiB4bWxucz0iaHR0cDovL3d3dy53My5vcmcvMjAwMC9zdmciPjwvc3ZnPg==\" style=\"--smush-placeholder-width: 150px; --smush-placeholder-aspect-ratio: 150\/150;\" \/><\/a>\n\t\t\t<\/dt><\/dl><br style=\"clear: both\" \/>\n\t\t<\/div>\n\n<p>&nbsp;<\/p>\n<p>&nbsp;<\/p>\n<h2>Nos prestations sur-mesure pour les professionnels de la sant\u00e9 et du m\u00e9dical<\/h2>\n<p>En tant qu&rsquo;agence de communication sp\u00e9cialis\u00e9e sant\u00e9 et m\u00e9dical, Alioze est en mesure d&rsquo;offrir une large gamme de services aux professionnels de l&rsquo;industrie :<\/p>\n<ul>\n<li><a href=\"https:\/\/www.alioze.com\/be\/communication\/\" target=\"_blank\" rel=\"noopener noreferrer\">Communication<\/a> :\n<ul>\n<li>Branding et naming.<\/li>\n<li>Cr\u00e9ation de contenus textuels, graphiques et vid\u00e9os.<\/li>\n<li>Gestion de l\u2019e-r\u00e9putation.<\/li>\n<\/ul>\n<\/li>\n<li><a href=\"https:\/\/www.alioze.com\/be\/acquisition\/\" target=\"_blank\" rel=\"noopener noreferrer\">Marketing<\/a> :\n<ul>\n<li>Publicit\u00e9 online (AdWords, social ads) et offline.<\/li>\n<li>R\u00e9f\u00e9rencement naturel (SEO) et payant (SEA).<\/li>\n<li>Accompagnement strat\u00e9gique, animation et gestion de votre\u00a0 communication sur les sur les r\u00e9seaux sociaux.<\/li>\n<\/ul>\n<\/li>\n<li><a href=\"https:\/\/www.alioze.com\/be\/developpement\/\" target=\"_blank\" rel=\"noopener noreferrer\">D\u00e9veloppement web<\/a> :\n<ul>\n<li>Sites web de marques de soins de sant\u00e9.<\/li>\n<li>Sites marketing et promotionnels.<\/li>\n<\/ul>\n<\/li>\n<\/ul>\n<p>Notre compr\u00e9hension des enjeux du secteur de la sant\u00e9 et notre savoir-faire en communication et marketing nous permettent d\u2019identifier vos opportunit\u00e9s et de r\u00e9pondre au mieux \u00e0 vos d\u00e9fis commerciaux.<\/p>\n<p>Gr\u00e2ce \u00e0 notre expertise de toutes les facettes du web, nous cr\u00e9ons des solutions personnalis\u00e9es qui vous aident \u00e0 transformer votre pr\u00e9sence digitale en un puissant outil marketing.<\/p>\n<p>&nbsp;<\/p>\n<p>&nbsp;<\/p>\n<h2>Quelques unes de nos r\u00e9f\u00e9rences clients en sant\u00e9 &amp; m\u00e9dical<\/h2>\n<div class=\"text-center\"><img decoding=\"async\" class=\"img-client\" src=\"https:\/\/www.alioze.com\/wp-content\/uploads\/2020\/08\/agence-communication-air-liquide.png\" alt=\"agence communication air liquide\" \/><img decoding=\"async\" class=\"img-client\" src=\"https:\/\/www.alioze.com\/wp-content\/uploads\/2020\/09\/agence-communication-roquette.png\" alt=\"agence communication roquette\" \/><img decoding=\"async\" class=\"img-client\" src=\"https:\/\/www.alioze.com\/wp-content\/uploads\/2020\/08\/agence-communication-alehos.png\" alt=\"agence communication alehos\" \/><img decoding=\"async\" class=\"img-client\" src=\"https:\/\/www.alioze.com\/wp-content\/uploads\/2017\/05\/agence-web-isocell-nutra.png\" alt=\"agence web isocell nutra\" \/><img decoding=\"async\" class=\"img-client\" src=\"https:\/\/www.alioze.com\/wp-content\/uploads\/2018\/03\/agence-web-celyatis.png\" alt=\"agence web C\u00e9lyatis\" \/><img decoding=\"async\" class=\"img-client\" src=\"https:\/\/www.alioze.com\/wp-content\/uploads\/2016\/11\/agence-web-de-aroma-coach.png\" alt=\"agence-web-de-aroma-coach\" \/><img decoding=\"async\" class=\"img-client\" src=\"https:\/\/www.alioze.com\/wp-content\/uploads\/2016\/02\/agence-web-de-filorga.png\" alt=\"agence-web-de-filorga\" \/><img decoding=\"async\" class=\"img-client\" src=\"https:\/\/www.alioze.com\/wp-content\/uploads\/2019\/04\/agence-web-fourmi-sante.jpg\" alt=\"agence communication fourmi sant\u00e9\" \/><img decoding=\"async\" class=\"img-client\" src=\"https:\/\/www.alioze.com\/wp-content\/uploads\/2017\/05\/agence-web-glisodin.png\" alt=\"agence web glisodin\" \/><img decoding=\"async\" class=\"img-client\" src=\"https:\/\/www.alioze.com\/wp-content\/uploads\/2016\/02\/agence-web-de-svr.png\" alt=\"agence-web-de-svr\" \/><img decoding=\"async\" class=\"img-client\" src=\"https:\/\/www.alioze.com\/wp-content\/uploads\/2021\/05\/agence-communication-centre-ophtalmologique-monterey.jpg\" alt=\"agence communication centre ophtalmologique monterey\" \/><img decoding=\"async\" class=\"img-client\" src=\"https:\/\/www.alioze.com\/wp-content\/uploads\/2021\/07\/agence-communication-straumann.png\" alt=\"agence communication straumann\" \/><img decoding=\"async\" class=\"img-client\" src=\"https:\/\/www.alioze.com\/wp-content\/uploads\/2021\/07\/agence-communication-simeda.png\" alt=\"agence communication simeda\" \/><img decoding=\"async\" class=\"img-client\" src=\"https:\/\/www.alioze.com\/wp-content\/uploads\/2021\/07\/agence-communication-anthogyr.png\" alt=\"agence communication anthogyr\" \/><img decoding=\"async\" class=\"img-client\" src=\"https:\/\/www.alioze.com\/wp-content\/uploads\/2021\/12\/agence-communication-dinno-sante.png\" alt=\"agence communication dinno sant\u00e9\" \/><img decoding=\"async\" class=\"img-client\" src=\"https:\/\/www.alioze.com\/wp-content\/uploads\/2021\/12\/agence-communication-merck.png\" alt=\"agence communication merck\" \/><img decoding=\"async\" class=\"img-client\" src=\"https:\/\/www.alioze.com\/wp-content\/uploads\/2022\/08\/agence-communication-bioxis.png\" alt=\"agence communication bioxis\" \/><img decoding=\"async\" class=\"img-client\" src=\"https:\/\/www.alioze.com\/wp-content\/uploads\/2024\/02\/agence-communication-justin-stindt-consultants-sante.png\" alt=\"agence communication justin stindt consultants sant\u00e9\" \/><\/div>\n<p>&nbsp;<\/p>\n<p>Depuis 2008, Alioze cr\u00e9e des sites web et strat\u00e9gies de communication qui permettent \u00e0 ses clients de promouvoir leur entreprise et d\u2019augmenter leur taux de conversion.<\/p>\n<p>Conscient qu\u2019\u00e9norm\u00e9ment de professionnels et d&rsquo;organismes du domaine de la sant\u00e9, du bien-\u00eatre, de la m\u00e9decine et de l\u2019industrie pharmaceutique cherchent \u00e0 am\u00e9liorer leur communication et leur pr\u00e9sence sur le web, Alioze vous aide \u00e0 booster votre business et \u00e0 am\u00e9liorer votre positionnement de marque en actionnant divers leviers (social media, relations presse, r\u00e9f\u00e9rencement naturel et payant, publicit\u00e9s, etc.), et ce quel que soit votre activit\u00e9 :<\/p>\n<ul>\n<li>Entreprise de <strong>soins de sant\u00e9<\/strong> et de <strong>bien-\u00eatre<\/strong>.<\/li>\n<li><strong>Laboratoire<\/strong> ou <strong>cabinet m\u00e9dical<\/strong>.<\/li>\n<li><strong>Laboratoire pharmaceutique<\/strong>.<\/li>\n<\/ul>\n<p>&nbsp;<\/p>\n<p>&nbsp;<\/p>\n<h2>Besoin d&rsquo;aide pour votre organisation m\u00e9dicale ?<\/h2>\n<p style=\"text-align: center;\">Notre agence est ouverte de 9H30 \u00e0 19H00 du lundi au vendredi.<\/p>\n<p style=\"text-align: center;\">N&rsquo;h\u00e9sitez pas \u00e0 nous contacter par t\u00e9l\u00e9phone au <a href=\"tel:+33183622184\"> +33 (0) 1 83 62 21 84<\/a> ou en remplissant ce court formulaire :<\/p>\n\n<div class=\"wpcf7 no-js\" id=\"wpcf7-f4885-o1\" lang=\"fr-FR\" dir=\"ltr\" data-wpcf7-id=\"4885\">\n<div class=\"screen-reader-response\"><p role=\"status\" aria-live=\"polite\" aria-atomic=\"true\"><\/p> <ul><\/ul><\/div>\n<form action=\"\/be\/wp-json\/wp\/v2\/pages\/6329#wpcf7-f4885-o1\" method=\"post\" class=\"wpcf7-form init\" aria-label=\"Formulaire de contact\" novalidate=\"novalidate\" data-status=\"init\">\n<fieldset class=\"hidden-fields-container\"><input type=\"hidden\" name=\"_wpcf7\" value=\"4885\" \/><input type=\"hidden\" name=\"_wpcf7_version\" value=\"6.1.5\" \/><input type=\"hidden\" name=\"_wpcf7_locale\" value=\"fr_FR\" \/><input type=\"hidden\" name=\"_wpcf7_unit_tag\" value=\"wpcf7-f4885-o1\" \/><input type=\"hidden\" name=\"_wpcf7_container_post\" value=\"0\" \/><input type=\"hidden\" name=\"_wpcf7_posted_data_hash\" value=\"\" \/><input type=\"hidden\" name=\"_wpcf7_recaptcha_response\" value=\"\" \/>\n<\/fieldset>\n<div class=\"form-group\">\n\t<p><span class=\"wpcf7-form-control-wrap\" data-name=\"contact-name\"><input size=\"40\" maxlength=\"400\" class=\"wpcf7-form-control wpcf7-text wpcf7-validates-as-required form-control\" aria-required=\"true\" aria-invalid=\"false\" placeholder=\"Votre nom *\" value=\"\" type=\"text\" name=\"contact-name\" \/><\/span>\n\t<\/p>\n<\/div>\n<div class=\"form-group\">\n\t<p><span class=\"wpcf7-form-control-wrap\" data-name=\"contact-telephone\"><input size=\"40\" maxlength=\"400\" class=\"wpcf7-form-control wpcf7-text wpcf7-validates-as-required form-control\" aria-required=\"true\" aria-invalid=\"false\" placeholder=\"Votre num\u00e9ro de t\u00e9l\u00e9phone *\" value=\"\" type=\"text\" name=\"contact-telephone\" \/><\/span>\n\t<\/p>\n<\/div>\n<div class=\"form-group\">\n\t<p><span class=\"wpcf7-form-control-wrap\" data-name=\"contact-email\"><input size=\"40\" maxlength=\"400\" class=\"wpcf7-form-control wpcf7-email wpcf7-validates-as-required wpcf7-text wpcf7-validates-as-email form-control\" aria-required=\"true\" aria-invalid=\"false\" placeholder=\"Votre e-mail *\" value=\"\" type=\"email\" name=\"contact-email\" \/><\/span>\n\t<\/p>\n<\/div>\n<div class=\"form-group\">\n\t<p><span class=\"wpcf7-form-control-wrap\" data-name=\"contact-message\"><textarea cols=\"40\" rows=\"10\" maxlength=\"2000\" class=\"wpcf7-form-control wpcf7-textarea wpcf7-validates-as-required form-control\" aria-required=\"true\" aria-invalid=\"false\" placeholder=\"Votre message *\" name=\"contact-message\"><\/textarea><\/span>\n\t<\/p>\n<\/div>\n<p><span class=\"wpcf7-form-control-wrap\" data-name=\"checkbox-262\"><span class=\"wpcf7-form-control wpcf7-checkbox wpcf7-validates-as-required\"><span class=\"wpcf7-list-item first last\"><input type=\"checkbox\" name=\"checkbox-262[]\" value=\"J&#039;ai lu et j&#039;accepte les Conditions G\u00e9n\u00e9rales d&#039;Utilisation\" \/><span class=\"wpcf7-list-item-label\">J&#039;ai lu et j&#039;accepte les Conditions G\u00e9n\u00e9rales d&#039;Utilisation<\/span><\/span><\/span><\/span>\n<\/p>\n<div style=\"display:none !important\">\n\t<p><span class=\"wpcf7-form-control-wrap\" data-name=\"pipedrive_hook\"><input size=\"40\" maxlength=\"400\" class=\"wpcf7-form-control wpcf7-text wpcf7-validates-as-required\" aria-required=\"true\" aria-invalid=\"false\" value=\"1\" type=\"text\" name=\"pipedrive_hook\" \/><\/span>\n\t<\/p>\n<\/div>\n<p><input class=\"wpcf7-form-control wpcf7-submit has-spinner btn btn-lg btn-default btn-dark center-block gtm-contact-form-submit\" type=\"submit\" value=\"Envoyer\" \/>\n<\/p><p style=\"display: none !important;\" class=\"akismet-fields-container\" data-prefix=\"_wpcf7_ak_\"><label>&#916;<textarea name=\"_wpcf7_ak_hp_textarea\" cols=\"45\" rows=\"8\" maxlength=\"100\"><\/textarea><\/label><input type=\"hidden\" id=\"ak_js_1\" name=\"_wpcf7_ak_js\" value=\"136\"\/><script type=\"text\/javascript\">\n\/* <![CDATA[ *\/\ndocument.getElementById( \"ak_js_1\" ).setAttribute( \"value\", ( new Date() ).getTime() );\n\/* ]]> *\/\n<\/script>\n<\/p><div class=\"wpcf7-response-output\" aria-hidden=\"true\"><\/div>\n<\/form>\n<\/div>\n\n<p>&nbsp;<\/p>\n<p>&nbsp;<\/p>\n<h2>Sant\u00e9 et communication sur le web : focus<\/h2>\n<\/div><\/div><div class=\"container-fluid\" style=\"padding:0\"><div id=\"6292e49b\" class=\"imgFull lazyload\" style=\"height:350px;background-image:inherit;background-position:center;background-repeat:no-repeat;moz-background-size:cover;background-size: cover;\" data-bg-image=\"url(https:\/\/www.alioze.com\/wp-content\/uploads\/2020\/04\/industrie-sante-statistiques-chiffres.jpg)\"><\/div><\/div><div class=\"container\"><div class=\"col-xs-12\">\n<p>Comme de nombreux secteurs, le digital a transform\u00e9 les industries de la sant\u00e9, m\u00e9dicale et pharmaceutique qui se d\u00e9veloppent \u00e0 grande vitesse.<\/p>\n<p>Gr\u00e2ce \u00e0 Internet, les consommateurs d\u2019aujourd\u2019hui sont hyper inform\u00e9s et le secteur de la sant\u00e9 n\u2019y fait pas exception.<\/p>\n<p>D\u00e9sormais, la majorit\u00e9 des consommateurs recherchent en ligne des informations sur la sant\u00e9. Parmi eux se trouvent vos futurs patients et\/ou clients. Et, en plus de la recherche, le ph\u00e9nom\u00e8ne du bouche \u00e0 oreille s\u2019amplifie sur les r\u00e9seaux sociaux et les diff\u00e9rentes plateformes web.<\/p>\n<p>Ainsi, le marketing num\u00e9rique est devenu un canal essentiel. Veiller \u00e0 ce que la voix de votre entreprise de sant\u00e9 soit entendue est primordiale pour votre succ\u00e8s.<\/p>\n<p>Pourtant, bien que les professionnels de la sant\u00e9 sachent qu&rsquo;ils ont besoin d&rsquo;une forte pr\u00e9sence sur le web, beaucoup n\u2019ont pas vraiment conscience de ce que cela implique.<\/p>\n<p>Tout d\u2019abord, le secteur de la sant\u00e9 poss\u00e8de des besoins sp\u00e9cifiques pour le d\u00e9veloppement de sites web. Dans le domaine m\u00e9dical et pharmaceutique, il n&rsquo;y a pas de marge d&rsquo;erreur, et la m\u00eame mentalit\u00e9 concerne la conception de votre site web, votre communication, et l\u2019optimisation de votre r\u00e9putation en ligne.<\/p>\n<p>Que vous fournissiez un produit ou un service de sant\u00e9, votre site web doit inspirer confiance et refl\u00e9ter la nature de votre travail.<\/p>\n<p>Selon un sondage, 41% des patients redoutent que le secret m\u00e9dical et la confidentialit\u00e9 de leurs donn\u00e9es ne soient pas suffisamment s\u00e9curis\u00e9s. En travaillant sur des questions de sant\u00e9, la s\u00e9curit\u00e9 doit donc \u00eatre prioritaire. Les internautes ne doivent pas craindre la divulgation ou la violation de leurs donn\u00e9es confidentielles.<\/p>\n<p>Les internautes doivent \u00e9galement pouvoir acc\u00e9der \u00e0 leurs informations rapidement et facilement, gr\u00e2ce notamment \u00e0 l&rsquo;int\u00e9gration de fonctionnalit\u00e9s leur permettant de prendre rendez-vous ou d\u2019acc\u00e9der \u00e0 des offres de services en ligne.<\/p>\n<p>Enfin, alors que de nombreux internautes cherchent en ligne des r\u00e9ponses \u00e0 leurs questions de sant\u00e9, il est \u00e9galement n\u00e9cessaire d\u2019int\u00e9grer du contenu informatif et d\u2019\u00eatre actif sur le web.<\/p>\n<p>Pour atteindre de nouveaux clients, gagner la confiance des visiteurs et vous imposer comme une entreprise de sant\u00e9 faisant autorit\u00e9, votre marketing et communication online doivent \u00eatre utilis\u00e9s comme des outils permettant d\u2019afficher votre professionnalisme et d\u2019\u00e9tablir votre cr\u00e9dibilit\u00e9. Au-del\u00e0 de vos produits et services, vous r\u00e9pondez ainsi \u00e0 une demande directe gr\u00e2ce aux ressources que vous partagerez en ligne.<\/p>\n<p>&nbsp;<\/p>\n<p>&nbsp;<\/p>\n<h2><span style=\"color: #333333;\"><a style=\"color: #333333;\" href=\"https:\/\/www.alioze.com\/be\/secteurs\" target=\"_blank\" rel=\"noopener\">Secteurs<\/a><\/span> dans lesquels l&rsquo;agence Alioze est sp\u00e9cialis\u00e9e<\/h2>\n<p style=\"text-align: center;\">Vous \u00eates bas\u00e9s \u00e0 Bruxelles, Anvers ou Charleroi ?<br \/>\nNotre agence s\u2019occupe de votre dossier o\u00f9 que vous soyez.<\/p>\n","protected":false},"excerpt":{"rendered":"<p>Vous recherchez une agence de communication sp\u00e9cialis\u00e9e dans la sant\u00e9, le m\u00e9dical ou le bien-\u00eatre en Belgique ? Bienvenue chez Alioze. Vous souhaitez am\u00e9liorer votre communication, votre image de marque et mettre en place une strat\u00e9gie marketing efficace ? Cr\u00e9er un site web sur-mesure ? D\u00e9velopper votre business et votre notori\u00e9t\u00e9 pour acqu\u00e9rir de nouveaux [&hellip;]<\/p>\n","protected":false},"author":6,"featured_media":12904,"parent":0,"menu_order":0,"comment_status":"closed","ping_status":"closed","template":"page-no-title.php","meta":{"_acf_changed":false,"footnotes":""},"class_list":["post-6329","page","type-page","status-publish","has-post-thumbnail","hentry"],"acf":[],"aioseo_notices":[],"amp_enabled":false,"_links":{"self":[{"href":"https:\/\/www.alioze.com\/be\/wp-json\/wp\/v2\/pages\/6329","targetHints":{"allow":["GET"]}}],"collection":[{"href":"https:\/\/www.alioze.com\/be\/wp-json\/wp\/v2\/pages"}],"about":[{"href":"https:\/\/www.alioze.com\/be\/wp-json\/wp\/v2\/types\/page"}],"author":[{"embeddable":true,"href":"https:\/\/www.alioze.com\/be\/wp-json\/wp\/v2\/users\/6"}],"replies":[{"embeddable":true,"href":"https:\/\/www.alioze.com\/be\/wp-json\/wp\/v2\/comments?post=6329"}],"version-history":[{"count":29,"href":"https:\/\/www.alioze.com\/be\/wp-json\/wp\/v2\/pages\/6329\/revisions"}],"predecessor-version":[{"id":30367,"href":"https:\/\/www.alioze.com\/be\/wp-json\/wp\/v2\/pages\/6329\/revisions\/30367"}],"wp:featuredmedia":[{"embeddable":true,"href":"https:\/\/www.alioze.com\/be\/wp-json\/wp\/v2\/media\/12904"}],"wp:attachment":[{"href":"https:\/\/www.alioze.com\/be\/wp-json\/wp\/v2\/media?parent=6329"}],"curies":[{"name":"wp","href":"https:\/\/api.w.org\/{rel}","templated":true}]}}