{"id":6326,"date":"2017-06-06T17:37:36","date_gmt":"2017-06-06T16:37:36","guid":{"rendered":"https:\/\/www.alioze.com\/?page_id=6326"},"modified":"2021-08-09T11:07:02","modified_gmt":"2021-08-09T10:07:02","slug":"agence-communication-restaurant-gastronomie","status":"publish","type":"page","link":"https:\/\/www.alioze.com\/be\/agence-communication-restaurant-gastronomie","title":{"rendered":"Agence de communication sp\u00e9cialis\u00e9e restaurant"},"content":{"rendered":"<\/div><\/div>\n\t<section class=\"headertitle lazyload\" style=\"background-image:inherit;\" data-bg-image=\"url(https:\/\/www.alioze.com\/wp-content\/themes\/alioze2016\/img\/alioze-communication-branding-design.jpg)\">\n\t\t<div id=\"breadcrumbs\">\n\t\t\t\t\t\t<span>\t\t\t\t\t<a href=\"https:\/\/www.alioze.com\/be\/\">Home<\/a>\n\t\t\t\t\t > \t\t\t\t\t<a href=\"https:\/\/www.alioze.com\/be\/blog\">Le Blog<\/a>\n\t\t\t\t\t > <\/span>\n\t\t\t\t\t<\/div>\n\t\t\t\t<div class=\"content-a\">\n\t\t\t\t\t<div class=\"parralax-centertext text-center\">\n\n\t\t\t\t\t\t<h1>Agence de communication sp\u00e9cialis\u00e9e restaurant<\/h1>\n\t\t\t\t\t\t<span class=\"baseline\">Belgique &amp; International<\/span>\n\t\t\t\t\t<\/div>\n\t\t\t\t<\/div>\n\t\t\t<\/section>\n\t\t\t<div class=\"container\">\n\t\t\t<div class=\"col-xs-12\">\n<p style=\"text-align: center;\">Vous recherchez une <strong>agence de communication sp\u00e9cialis\u00e9e restaurant<\/strong> en <strong>Belgique<\/strong> ? Bienvenue chez Alioze.<\/p>\n<p style=\"text-align: center;\">Vous avez besoin d\u2019aide pour la conception ou le d\u00e9veloppement du site web de votre \u00e9tablissement ?<br \/>\nVous souhaitez attirer de nouveaux clients ?<br \/>\nMettre en place une strat\u00e9gie de communication et\/ou marketing pour booster la notori\u00e9t\u00e9 de votre restaurant et sublimer son image ?<\/p>\n<p style=\"text-align: center;\">Alioze, agence de communication \u00e0 360\u00b0 avec une forte inclinaison pour le digital, vous aide \u00e0 d\u00e9velopper votre enseigne de restauration gr\u00e2ce \u00e0 une vision strat\u00e9gique coupl\u00e9e \u00e0 un savoir-faire cr\u00e9atif.<\/p>\n<p>&nbsp;<\/p>\n<\/div><\/div><div class=\"container-fluid\" style=\"padding:0\"><div id=\"e39beeb9\" class=\"imgFull lazyload\" style=\"height:350px;background-image:inherit;background-position:center;background-repeat:no-repeat;moz-background-size:cover;background-size: cover;\" data-bg-image=\"url(https:\/\/www.alioze.com\/wp-content\/uploads\/2020\/03\/agence-communication-restaurant-1.jpg)\"><\/div><\/div><div class=\"container\"><div class=\"col-xs-12\">\n<p>&nbsp;<\/p>\n<h2>Nos prestations sur-mesure pour les professionnels de la restauration<\/h2>\n<ul>\n<li><a href=\"https:\/\/www.alioze.com\/be\/developpement\/\" target=\"_blank\" rel=\"noopener noreferrer\">Production web<\/a> :\n<ul>\n<li>Conception ou refonte de site web responsive avec fonctionnalit\u00e9s sp\u00e9cifiques \u00e0 l&rsquo;industrie de la restauration.<\/li>\n<li>Cr\u00e9ation de chatbot.<\/li>\n<\/ul>\n<\/li>\n<li><a href=\"https:\/\/www.alioze.com\/be\/communication\/\" target=\"_blank\" rel=\"noopener noreferrer\">Communication<\/a> :\n<ul>\n<li>Gestion et surveillance de l&rsquo;e-r\u00e9putation.<\/li>\n<li>Cr\u00e9ation de campagnes de communication tous supports.<\/li>\n<li>Relations presse, publiques et influenceurs food.<\/li>\n<li>Cr\u00e9ation de contenu multim\u00e9dia (vid\u00e9o, texte, graphique&#8230;).<\/li>\n<li>Direction artistique.<\/li>\n<\/ul>\n<\/li>\n<li><a href=\"https:\/\/www.alioze.com\/be\/acquisition\/\" target=\"_blank\" rel=\"noopener noreferrer\">Acquistion de trafic<\/a> :\n<ul>\n<li>R\u00e9f\u00e9rencement SEO, Google AdWords et local.<\/li>\n<li>\u00c9tude de march\u00e9, analyse comportementale et s\u00e9mantique pr\u00e9dictive.<\/li>\n<li>Gestion et alimentation de vos comptes sociaux.<\/li>\n<\/ul>\n<\/li>\n<\/ul>\n<p>Mettre au point un site web et une communication efficaces pour un restaurant consiste \u00e0 utiliser les bons ingr\u00e9dients (sans mauvais jeux de mots \ud83d\ude09 ).<\/p>\n<p>Tout d\u2019abord, plus il est simple pour des internautes de trouver votre \u00e9tablissement online, plus il est facile pour eux d&rsquo;interagir avec vous et de devenir client.<\/p>\n<p>Alioze vous fournit justement le moyen de gagner en visibilit\u00e9, et de positionner efficacement votre restaurant.<\/p>\n<p>En plus de concevoir un site web attrayant qui vous permettra de promouvoir vos activit\u00e9s de restauration ou gastronomiques, ou m\u00eame de vendre vos produits alimentaires, votre projet de communication \u00e0 nos c\u00f4t\u00e9s pourra aussi comprendre de la cr\u00e9ation de contenu, de campagnes publicitaires, de landing pages optimis\u00e9es, une recherche s\u00e9mantique pouss\u00e9e ou la gestion de vos comptes sociaux.<\/p>\n<p>Selon vos objectifs, vos besoins et votre projet, Alioze propose \u00e9galement des fonctionnalit\u00e9s avanc\u00e9es telles que des syst\u00e8mes de r\u00e9servation en ligne ou encore une application d\u2019\u00e9valuation des clients.<\/p>\n<p>Vous pouvez nous envoyer vos sp\u00e9cifications d\u00e9taill\u00e9es. Apr\u00e8s l&rsquo;\u00e9tude de votre environnement concurrentiel et des tendances actuelles et \u00e0 venir, nous pourrons mettre en place avec vous les aspects techniques et strat\u00e9giques les plus appropri\u00e9s \u00e0 votre business.<\/p>\n<\/div><\/div>\n\t<section class=\"quickcontact lazyload\" style=\"background-image:inherit;\" data-bg-image=\"url(https:\/\/www.alioze.com\/wp-content\/themes\/alioze2016\/img\/alioze-communication-branding-design.jpg)\">\n\t\t\t\t<div class=\"content-a\">\n\t\t\t\t\t<div class=\"parralax-centertext\">\n\t\t\t\t\t\t<div class=\"container\">\n\t\t\t\t\t\t\t\t<div class=\"col-xs-12 col-sm-6 col-sm-offset-1 col-md-7 col-md-offset-1 quickcontact-text\">\n\t\t\t\t\t\t\t\tAlioze, l'agence sp\u00e9cialis\u00e9e restaurant qui r\u00e9pond \u00e0 vos besoins\n\t\t\t\t\t\t\t\t<\/div>\n\t\t\t\t\t\t\t\t<div class=\"col-xs-12 col-sm-4 col-md-3\">\n\t\t\t\t\t\t\t\t<a href=\"https:\/\/www.alioze.com\/be\/contact\" class=\"btn btn-lg btn-default  center-block\">Prenez contact<\/a>\n\t\t\t\t\t\t\t\t<\/div>\n\t\t\t\t\t\t<\/div>\n\t\t\t\t\t<\/div>\n\t\t\t\t<\/div>\n\t\t\t<\/section>\n\t\t\t<div class=\"container\">\n\t\t\t<div class=\"col-xs-12\">\n<p>&nbsp;<\/p>\n<h2>Quelques unes de nos r\u00e9f\u00e9rences clients du secteur de la restauration<\/h2>\n<p>&nbsp;<\/p>\n<div class=\"text-center\"><img decoding=\"async\" class=\"img-client\" src=\"https:\/\/www.alioze.com\/wp-content\/uploads\/2018\/05\/agence-web-petrossian.jpg\" alt=\"agence-web-de-petrossian\" \/><img decoding=\"async\" class=\"img-client\" src=\"https:\/\/www.alioze.com\/wp-content\/uploads\/2017\/05\/agence-web-de-ecole-ferrieres.png\" alt=\"agence web \u00e9cole ferri\u00e8res\" \/><\/div>\n<p>&nbsp;<\/p>\n<p>Depuis 2008, Alioze se positionne comme le partenaire privil\u00e9gi\u00e9 de l\u2019ensemble des restaurateurs, allant du service de restauration fast-food au restaurant gastronomique ou \u00e9toil\u00e9.<\/p>\n<p>En tant que restaurateur, vous \u00eates confront\u00e9s \u00e0 une concurrence et des d\u00e9fis commerciaux accrus. Il existe certaines fonctionnalit\u00e9s de base et positions strat\u00e9giques pour une communication efficace afin d\u2019atteindre davantage de client et accro\u00eetre la popularit\u00e9 de votre \u00e9tablissement, et ce quel que soit la nature ou le type de votre activit\u00e9 :<\/p>\n<ul>\n<li><strong>Restaurant \u00e9toil\u00e9<\/strong> ou <strong>gastronomique<\/strong> (guide Michelin, Gault &amp; Millau)<\/li>\n<li><strong>Restaurants traditionnels<\/strong>.<\/li>\n<li><strong>Restaurants d\u2019h\u00f4tel<\/strong>.<\/li>\n<li><strong>Brasserie<\/strong>, <strong>bistrot<\/strong>, <strong>bar<\/strong> et <strong>caf\u00e9<\/strong>.<\/li>\n<li><strong>Caf\u00e9t\u00e9ria<\/strong> et <strong>c<\/strong><strong>ha\u00eene de restauration<\/strong> en libre service, rapide ou \u00e0 emporter.<\/li>\n<li><strong>Pizzeria<\/strong>, <strong>bar \u00e0 salade<\/strong> et autres restaurant sp\u00e9cialis\u00e9.<\/li>\n<li><strong>Traiteurs<\/strong>.<\/li>\n<li><strong>Fast food<\/strong>.<\/li>\n<li><strong>Food truck<\/strong>.<\/li>\n<li>Caviste ou propri\u00e9taire de domaine viticole : vous pouvez consulter nos prestations d\u00e9di\u00e9es aux professionnels du <a href=\"https:\/\/www.alioze.com\/be\/agence-communication-vins\" target=\"_blank\" rel=\"noopener noreferrer\">vin, spiritueux et alcool<\/a>.<\/li>\n<li>Tous les professionnels de la food en g\u00e9n\u00e9ral : vous pouvez consulter nos prestations d\u00e9di\u00e9es aux professionnels du secteur <a href=\"https:\/\/www.alioze.com\/be\/agence-communication-food\" target=\"_blank\" rel=\"noopener noreferrer\">alimentaire<\/a>.<\/li>\n<\/ul>\n<p>&nbsp;<\/p>\n<p>&nbsp;<\/p>\n<h2>Besoin d&rsquo;aide pour votre restaurant ?<\/h2>\n<p style=\"text-align: center;\">Notre agence est ouverte de 9H30 \u00e0 19H00 du lundi au vendredi.<\/p>\n<p style=\"text-align: center;\">N&rsquo;h\u00e9sitez pas \u00e0 nous contacter par t\u00e9l\u00e9phone au <a href=\"tel:+33183622184\"> +33 (0) 1 83 62 21 84<\/a> ou en remplissant ce court formulaire :<\/p>\n\n<div class=\"wpcf7 no-js\" id=\"wpcf7-f4885-o1\" lang=\"fr-FR\" dir=\"ltr\" data-wpcf7-id=\"4885\">\n<div class=\"screen-reader-response\"><p role=\"status\" aria-live=\"polite\" aria-atomic=\"true\"><\/p> <ul><\/ul><\/div>\n<form action=\"\/be\/wp-json\/wp\/v2\/pages\/6326#wpcf7-f4885-o1\" method=\"post\" class=\"wpcf7-form init\" aria-label=\"Formulaire de contact\" novalidate=\"novalidate\" data-status=\"init\">\n<fieldset class=\"hidden-fields-container\"><input type=\"hidden\" name=\"_wpcf7\" value=\"4885\" \/><input type=\"hidden\" name=\"_wpcf7_version\" value=\"6.1.5\" \/><input type=\"hidden\" name=\"_wpcf7_locale\" value=\"fr_FR\" \/><input type=\"hidden\" name=\"_wpcf7_unit_tag\" value=\"wpcf7-f4885-o1\" \/><input type=\"hidden\" name=\"_wpcf7_container_post\" value=\"0\" \/><input type=\"hidden\" name=\"_wpcf7_posted_data_hash\" value=\"\" \/><input type=\"hidden\" name=\"_wpcf7_recaptcha_response\" value=\"\" \/>\n<\/fieldset>\n<div class=\"form-group\">\n\t<p><span class=\"wpcf7-form-control-wrap\" data-name=\"contact-name\"><input size=\"40\" maxlength=\"400\" class=\"wpcf7-form-control wpcf7-text wpcf7-validates-as-required form-control\" aria-required=\"true\" aria-invalid=\"false\" placeholder=\"Votre nom *\" value=\"\" type=\"text\" name=\"contact-name\" \/><\/span>\n\t<\/p>\n<\/div>\n<div class=\"form-group\">\n\t<p><span class=\"wpcf7-form-control-wrap\" data-name=\"contact-telephone\"><input size=\"40\" maxlength=\"400\" class=\"wpcf7-form-control wpcf7-text wpcf7-validates-as-required form-control\" aria-required=\"true\" aria-invalid=\"false\" placeholder=\"Votre num\u00e9ro de t\u00e9l\u00e9phone *\" value=\"\" type=\"text\" name=\"contact-telephone\" \/><\/span>\n\t<\/p>\n<\/div>\n<div class=\"form-group\">\n\t<p><span class=\"wpcf7-form-control-wrap\" data-name=\"contact-email\"><input size=\"40\" maxlength=\"400\" class=\"wpcf7-form-control wpcf7-email wpcf7-validates-as-required wpcf7-text wpcf7-validates-as-email form-control\" aria-required=\"true\" aria-invalid=\"false\" placeholder=\"Votre e-mail *\" value=\"\" type=\"email\" name=\"contact-email\" \/><\/span>\n\t<\/p>\n<\/div>\n<div class=\"form-group\">\n\t<p><span class=\"wpcf7-form-control-wrap\" data-name=\"contact-message\"><textarea cols=\"40\" rows=\"10\" maxlength=\"2000\" class=\"wpcf7-form-control wpcf7-textarea wpcf7-validates-as-required form-control\" aria-required=\"true\" aria-invalid=\"false\" placeholder=\"Votre message *\" name=\"contact-message\"><\/textarea><\/span>\n\t<\/p>\n<\/div>\n<p><span class=\"wpcf7-form-control-wrap\" data-name=\"checkbox-262\"><span class=\"wpcf7-form-control wpcf7-checkbox wpcf7-validates-as-required\"><span class=\"wpcf7-list-item first last\"><input type=\"checkbox\" name=\"checkbox-262[]\" value=\"J&#039;ai lu et j&#039;accepte les Conditions G\u00e9n\u00e9rales d&#039;Utilisation\" \/><span class=\"wpcf7-list-item-label\">J&#039;ai lu et j&#039;accepte les Conditions G\u00e9n\u00e9rales d&#039;Utilisation<\/span><\/span><\/span><\/span>\n<\/p>\n<div style=\"display:none !important\">\n\t<p><span class=\"wpcf7-form-control-wrap\" data-name=\"pipedrive_hook\"><input size=\"40\" maxlength=\"400\" class=\"wpcf7-form-control wpcf7-text wpcf7-validates-as-required\" aria-required=\"true\" aria-invalid=\"false\" value=\"1\" type=\"text\" name=\"pipedrive_hook\" \/><\/span>\n\t<\/p>\n<\/div>\n<p><input class=\"wpcf7-form-control wpcf7-submit has-spinner btn btn-lg btn-default btn-dark center-block gtm-contact-form-submit\" type=\"submit\" value=\"Envoyer\" \/>\n<\/p><p style=\"display: none !important;\" class=\"akismet-fields-container\" data-prefix=\"_wpcf7_ak_\"><label>&#916;<textarea name=\"_wpcf7_ak_hp_textarea\" cols=\"45\" rows=\"8\" maxlength=\"100\"><\/textarea><\/label><input type=\"hidden\" id=\"ak_js_1\" name=\"_wpcf7_ak_js\" value=\"218\"\/><script type=\"text\/javascript\">\n\/* <![CDATA[ *\/\ndocument.getElementById( \"ak_js_1\" ).setAttribute( \"value\", ( new Date() ).getTime() );\n\/* ]]> *\/\n<\/script>\n<\/p><div class=\"wpcf7-response-output\" aria-hidden=\"true\"><\/div>\n<\/form>\n<\/div>\n\n<p>&nbsp;<\/p>\n<p>&nbsp;<\/p>\n<h2>Restaurant, gastronomie et communication sur le web : focus<\/h2>\n<\/div><\/div><div class=\"container-fluid\" style=\"padding:0\"><div id=\"5b21b576\" class=\"imgFull lazyload\" style=\"height:350px;background-image:inherit;background-position:center;background-repeat:no-repeat;moz-background-size:cover;background-size: cover;\" data-bg-image=\"url(https:\/\/www.alioze.com\/wp-content\/uploads\/2020\/03\/industrie-restaurant-statistiques-chiffres.jpg)\"><\/div><\/div><div class=\"container\"><div class=\"col-xs-12\">\n<p>Internet est le moyen de communication privil\u00e9gi\u00e9 dans le monde, et la \u00ab food \u00bb est le sujet le plus discut\u00e9 sur le web, apr\u00e8s les loisirs et la technologie.<\/p>\n<p>Les services de livraison et la possibilit\u00e9 de r\u00e9server en ligne, tr\u00e8s pris\u00e9s par les utilisateurs, ont notamment r\u00e9volutionn\u00e9 l\u2019industrie : en t\u00e9moignent les succ\u00e8s de sites tels que <em>LaFourchette<\/em>, <em>UberEats<\/em> ou <em>Deliveroo<\/em>.<\/p>\n<p>\u00c9tant donn\u00e9 que des centaines de consommateurs se tournent vers Internet pour leur d\u00e9couverte culinaire et leur recherche de restaurant, votre \u00e9tablissement doit \u00eatre visible online. Combiner un site web fonctionnel \u00e0 une bonne strat\u00e9gie de communication est une vraie opportunit\u00e9 de se d\u00e9velopper !<\/p>\n<p>Gr\u00e2ce \u00e0 une pr\u00e9sence en ligne optimis\u00e9e, vous pouvez aussi partager des informations engageantes et rester en phase avec vos clients qui pr\u00eatent particuli\u00e8rement attention :<\/p>\n<ul>\n<li>Aux prix affich\u00e9s ;<\/li>\n<li>\u00c0 la disponibilit\u00e9 du menu ;<\/li>\n<li>\u00c0 la possibilit\u00e9 de r\u00e9server en ligne ;<\/li>\n<li>Aux avis d\u2019autres clients : la majorit\u00e9 des internautes veulent savoir quel genre d&rsquo;exp\u00e9rience vos clients vivent. Il peut donc \u00eatre tr\u00e8s important d\u2019ajouter des avis sur votre site web, ou du moins de se lier avec des sites tels que Yelp ou Tripadvisor.<\/li>\n<\/ul>\n<p>Comme le dit l\u2019adage : on mange d\u2019abord avec les yeux. Il en va de m\u00eame pour votre pr\u00e9sence sur Internet ! En ligne, l\u2019avantage est de pouvoir pr\u00e9senter les plats de votre menu gr\u00e2ce \u00e0 des images et un design de site web attrayants, afin d&rsquo;attirer l\u2019attention de vos visiteurs.<\/p>\n<p>Dans une industrie largement motiv\u00e9e par l&rsquo;app\u00e9tit, votre identit\u00e9 visuelle et votre mani\u00e8re de communiquer doivent susciter l&rsquo;app\u00e9tence. En effet, \u00e0 d\u00e9faut de pouvoir go\u00fbter les produits, les internautes aiment partager et commenter leurs exp\u00e9riences culinaires sur les r\u00e9seaux sociaux.<\/p>\n<p>&nbsp;<\/p>\n<blockquote><p>\u00ab\u202f<em>La premi\u00e8re chose que l\u2019on fait avant de manger c\u2019est de prendre une photo et de la partager, d\u2019o\u00f9 l\u2019importance de la sc\u00e9narisation sur le web.<\/em> \u00bb<\/p><\/blockquote>\n<p>&nbsp;<\/p>\n<p>Vous devez \u00e9galement utiliser votre pr\u00e9sence en ligne pour montrer aux visiteurs exactement ce que vous faites et les services que vous offrez.<\/p>\n<p>L\u2019int\u00e9gration de fonctionnalit\u00e9s pour la r\u00e9servation, la livraison, les informations de contact ou la possibilit\u00e9 de consulter votre menu en ligne vous aide \u00e0 cr\u00e9er un niveau de confiance et de cr\u00e9dibilit\u00e9 aupr\u00e8s de vos clients.<\/p>\n<p>&nbsp;<\/p>\n<p>&nbsp;<\/p>\n<h2><span style=\"color: #333333;\"><a style=\"color: #333333;\" href=\"https:\/\/www.alioze.com\/be\/secteurs\" target=\"_blank\" rel=\"noopener\">Secteurs<\/a><\/span> dans lesquels l&rsquo;agence Alioze est sp\u00e9cialis\u00e9e<\/h2>\n<p style=\"text-align: center;\">Vous \u00eates bas\u00e9s \u00e0 Bruxelles, Anvers ou Charleroi ?<br \/>\nNotre agence s\u2019occupe de votre dossier o\u00f9 que vous soyez.<\/p>\n","protected":false},"excerpt":{"rendered":"<p>Vous recherchez une agence de communication sp\u00e9cialis\u00e9e restaurant en Belgique ? Bienvenue chez Alioze. Vous avez besoin d\u2019aide pour la conception ou le d\u00e9veloppement du site web de votre \u00e9tablissement ? Vous souhaitez attirer de nouveaux clients ? Mettre en place une strat\u00e9gie de communication et\/ou marketing pour booster la notori\u00e9t\u00e9 de votre restaurant et [&hellip;]<\/p>\n","protected":false},"author":6,"featured_media":7875,"parent":0,"menu_order":0,"comment_status":"closed","ping_status":"closed","template":"page-no-title.php","meta":{"_acf_changed":false,"footnotes":""},"class_list":["post-6326","page","type-page","status-publish","has-post-thumbnail","hentry"],"acf":[],"aioseo_notices":[],"amp_enabled":false,"_links":{"self":[{"href":"https:\/\/www.alioze.com\/be\/wp-json\/wp\/v2\/pages\/6326","targetHints":{"allow":["GET"]}}],"collection":[{"href":"https:\/\/www.alioze.com\/be\/wp-json\/wp\/v2\/pages"}],"about":[{"href":"https:\/\/www.alioze.com\/be\/wp-json\/wp\/v2\/types\/page"}],"author":[{"embeddable":true,"href":"https:\/\/www.alioze.com\/be\/wp-json\/wp\/v2\/users\/6"}],"replies":[{"embeddable":true,"href":"https:\/\/www.alioze.com\/be\/wp-json\/wp\/v2\/comments?post=6326"}],"version-history":[{"count":20,"href":"https:\/\/www.alioze.com\/be\/wp-json\/wp\/v2\/pages\/6326\/revisions"}],"predecessor-version":[{"id":23380,"href":"https:\/\/www.alioze.com\/be\/wp-json\/wp\/v2\/pages\/6326\/revisions\/23380"}],"wp:featuredmedia":[{"embeddable":true,"href":"https:\/\/www.alioze.com\/be\/wp-json\/wp\/v2\/media\/7875"}],"wp:attachment":[{"href":"https:\/\/www.alioze.com\/be\/wp-json\/wp\/v2\/media?parent=6326"}],"curies":[{"name":"wp","href":"https:\/\/api.w.org\/{rel}","templated":true}]}}