{"id":6316,"date":"2017-06-01T10:55:23","date_gmt":"2017-06-01T09:55:23","guid":{"rendered":"https:\/\/www.alioze.com\/?page_id=6316"},"modified":"2021-08-09T10:57:02","modified_gmt":"2021-08-09T09:57:02","slug":"agence-communication-luxe","status":"publish","type":"page","link":"https:\/\/www.alioze.com\/be\/agence-communication-luxe","title":{"rendered":"Agence de communication sp\u00e9cialis\u00e9e luxe"},"content":{"rendered":"<\/div><\/div>\n\t<section class=\"headertitle lazyload\" style=\"background-image:inherit;\" data-bg-image=\"url(https:\/\/www.alioze.com\/wp-content\/themes\/alioze2016\/img\/alioze-communication-branding-design.jpg)\">\n\t\t<div id=\"breadcrumbs\">\n\t\t\t\t\t\t<span>\t\t\t\t\t<a href=\"https:\/\/www.alioze.com\/be\/\">Home<\/a>\n\t\t\t\t\t > \t\t\t\t\t<a href=\"https:\/\/www.alioze.com\/be\/blog\">Le Blog<\/a>\n\t\t\t\t\t > <\/span>\n\t\t\t\t\t<\/div>\n\t\t\t\t<div class=\"content-a\">\n\t\t\t\t\t<div class=\"parralax-centertext text-center\">\n\n\t\t\t\t\t\t<h1>Agence de communication sp\u00e9cialis\u00e9e luxe<\/h1>\n\t\t\t\t\t\t<span class=\"baseline\">Belgique &amp; International<\/span>\n\t\t\t\t\t<\/div>\n\t\t\t\t<\/div>\n\t\t\t<\/section>\n\t\t\t<div class=\"container\">\n\t\t\t<div class=\"col-xs-12\">\n<p style=\"text-align: center;\">Vous \u00eates \u00e0 la recherche d\u2019une <strong>agence de communication sp\u00e9cialis\u00e9e luxe <\/strong>en <strong>Belgique <\/strong>? Bienvenue chez Alioze.<\/p>\n<p style=\"text-align: center;\">Vous cherchez \u00e0 engager ou d\u00e9velopper votre transformation digitale ?<br \/>\n\u00c0 cr\u00e9er l&rsquo;\u00e9v\u00e9nement autour du lancement de nouveaux produits ?<br \/>\nVous avez besoin d\u2019une exp\u00e9rience utilisateur personnalis\u00e9e, d&rsquo;une campagne de communication impactante, d\u2019un design web de luxe ou de comptes social media \u00e9l\u00e9gants ?<\/p>\n<p style=\"text-align: center;\">Alioze est une agence de communication luxe \u00e0 360\u00b0 tourn\u00e9e vers le digital, sp\u00e9cialis\u00e9e dans le secteur du luxe. Notre \u00e9quipe cristallise vos id\u00e9es pour offrir une exp\u00e9rience \u00e9motionnelle de marque unique, adapt\u00e9e \u00e0 votre march\u00e9 cible.<\/p>\n<\/div><\/div><div class=\"container-fluid\" style=\"padding:0\"><div id=\"7f6e6b97\" class=\"imgFull lazyload\" style=\"height:350px;background-image:inherit;background-position:center;background-repeat:no-repeat;moz-background-size:cover;background-size: cover;\" data-bg-image=\"url(https:\/\/www.alioze.com\/wp-content\/uploads\/2020\/04\/agence-communication-luxe.jpg)\"><\/div><\/div><div class=\"container\"><div class=\"col-xs-12\">\n<h2>Nos prestations sur-mesure pour les professionnels du luxe<\/h2>\n<ul>\n<li><a href=\"https:\/\/www.alioze.com\/be\/communication\/\" target=\"_blank\" rel=\"noopener noreferrer\">Communication<\/a> :\n<ul>\n<li>Cr\u00e9ation de contenus textuels et visuels.<\/li>\n<li>Direction artistique.<\/li>\n<li>Branding, storytelling et positionnement s\u00e9mantique.<\/li>\n<li>Relations publiques.<\/li>\n<li>Gestion et am\u00e9lioration de l&rsquo;e-r\u00e9putation.<\/li>\n<\/ul>\n<\/li>\n<li><a href=\"https:\/\/www.alioze.com\/be\/developpement\/\" target=\"_blank\" rel=\"noopener noreferrer\">D\u00e9veloppement web<\/a> :\n<ul>\n<li>Cr\u00e9ation ou refonte de site vitrine avec WordPress ou de site e-commerce avec Magento.<\/li>\n<\/ul>\n<\/li>\n<li><a href=\"https:\/\/www.alioze.com\/be\/acquisition\/\" target=\"_blank\" rel=\"noopener noreferrer\">Acquisition de trafic cibl\u00e9<\/a> :\n<ul>\n<li>Socials ads et accompagnement social media.<\/li>\n<li>Actions SEO et SEA.<\/li>\n<\/ul>\n<\/li>\n<\/ul>\n<p>De la planification au d\u00e9veloppement de site web innovant en passant par le marketing de contenu : Alioze est sp\u00e9cialis\u00e9 dans l\u2019\u00e9tablissement de strat\u00e9gies de communication et marketing qui subliment votre image de marque, g\u00e9n\u00e8rent du trafic et des ventes.<\/p>\n<p>Notre \u00e9quipe met un point d\u2019honneur \u00e0 concevoir des exp\u00e9riences exceptionnelles pour ses clients du luxe, des exp\u00e9riences ax\u00e9es sur l\u2019\u00e9motion et centr\u00e9es sur l\u2019utilisateur pour mettre en avant ce qui les rend remarquables.<\/p>\n<p>Nous combinons vision artistique et expertise technologique pour cr\u00e9er des campagnes innovantes et am\u00e9liorer votre pr\u00e9sence digitale.<\/p>\n<\/div><\/div>\n\t<section class=\"quickcontact lazyload\" style=\"background-image:inherit;\" data-bg-image=\"url(https:\/\/www.alioze.com\/wp-content\/themes\/alioze2016\/img\/alioze-communication-branding-design.jpg)\">\n\t\t\t\t<div class=\"content-a\">\n\t\t\t\t\t<div class=\"parralax-centertext\">\n\t\t\t\t\t\t<div class=\"container\">\n\t\t\t\t\t\t\t\t<div class=\"col-xs-12 col-sm-6 col-sm-offset-1 col-md-7 col-md-offset-1 quickcontact-text\">\n\t\t\t\t\t\t\t\tAlioze, l'agence sp\u00e9cialis\u00e9e luxe qui r\u00e9pond \u00e0 vos besoins\n\t\t\t\t\t\t\t\t<\/div>\n\t\t\t\t\t\t\t\t<div class=\"col-xs-12 col-sm-4 col-md-3\">\n\t\t\t\t\t\t\t\t<a href=\"https:\/\/www.alioze.com\/be\/contact\" class=\"btn btn-lg btn-default  center-block\">Prenez contact<\/a>\n\t\t\t\t\t\t\t\t<\/div>\n\t\t\t\t\t\t<\/div>\n\t\t\t\t\t<\/div>\n\t\t\t\t<\/div>\n\t\t\t<\/section>\n\t\t\t<div class=\"container\">\n\t\t\t<div class=\"col-xs-12\">\n<p>&nbsp;<\/p>\n<p>&nbsp;<\/p>\n<h2>Quelques-unes de nos r\u00e9f\u00e9rences clients du secteur du luxe<\/h2>\n<div class=\"text-center\"><img decoding=\"async\" class=\"img-client\" src=\"https:\/\/www.alioze.com\/wp-content\/uploads\/2016\/02\/agence-web-de-guerling-paris.png\" alt=\"agence-web-de-guerling-paris\" \/><img decoding=\"async\" class=\"img-client\" src=\"https:\/\/www.alioze.com\/wp-content\/uploads\/2019\/07\/agence-web-de-dior-2.png\" alt=\"agence web dior\" \/><img decoding=\"async\" class=\"img-client\" src=\"https:\/\/www.alioze.com\/wp-content\/uploads\/2016\/02\/agence-web-de-nobilis.png\" alt=\"agence-web-de-nobilis\" \/><img decoding=\"async\" class=\"img-client\" src=\"https:\/\/www.alioze.com\/wp-content\/uploads\/2016\/02\/agence-web-de-kenzo-kids.png\" alt=\"agence-web-de-kenzo-kids\" \/><img decoding=\"async\" class=\"img-client\" src=\"https:\/\/www.alioze.com\/wp-content\/uploads\/2016\/02\/agence-web-de-naco-paris.png\" alt=\"agence-web-de-naco-paris\" \/><img decoding=\"async\" class=\"img-client\" src=\"https:\/\/www.alioze.com\/wp-content\/uploads\/2016\/02\/agence-web-de-camille-fournet.png\" alt=\"agence-web-de-camille fournet\" \/><img decoding=\"async\" class=\"img-client\" src=\"https:\/\/www.alioze.com\/wp-content\/uploads\/2016\/02\/agence-web-de-paul-smith-junior.png\" alt=\"agence-web-de-paul-smith-junior\" \/><img decoding=\"async\" class=\"img-client\" src=\"https:\/\/www.alioze.com\/wp-content\/uploads\/2016\/02\/agence-web-de-richardson-filles.png\" alt=\"agence-web-de-richardson filles\" \/><img decoding=\"async\" class=\"img-client\" src=\"https:\/\/www.alioze.com\/wp-content\/uploads\/2016\/02\/agence-web-de-redluxury.png\" alt=\"agence-web-de-redluxury\" \/><img decoding=\"async\" class=\"img-client\" src=\"https:\/\/www.alioze.com\/wp-content\/uploads\/2018\/05\/agence-web-petrossian.jpg\" alt=\"agence web de petrossian\" \/><\/div>\n<p>&nbsp;<\/p>\n<p>Depuis 2008, Alioze accompagne un large registre de marques de luxe nationalement ou mondialement reconnues :<\/p>\n<ul>\n<li>Cr\u00e9ateur de mode, joaillier, maroquinier et horloger ;<\/li>\n<li>Parfumeur ;<\/li>\n<li>Fabricant et revendeur de mobilier ou objet design et haut de gamme ;<\/li>\n<li>Entreprise culinaire gastronomique ou de services luxueux.<\/li>\n<\/ul>\n<p>Chaque marque de luxe avec laquelle Alioze collabore poss\u00e8de une histoire diff\u00e9rente \u00e0 raconter, qui n\u00e9cessite une approche personnalis\u00e9e.<\/p>\n<p>Sophistication, \u00e9l\u00e9gance et raffinement sont les trois ma\u00eetres mots du luxe. Nous visons donc \u00e0 d\u00e9velopper une strat\u00e9gie de communication globale, tourn\u00e9e vers le digital, qui cr\u00e9e un lien \u00e9motionnel avec les consommateurs, les inspire et les pousse \u00e0 s\u2019engager.<\/p>\n<p>&nbsp;<\/p>\n<p>&nbsp;<\/p>\n<h2>Besoin d&rsquo;aide pour votre marque de luxe ?<\/h2>\n<p style=\"text-align: center;\">Notre agence est ouverte de 9H30 \u00e0 19H00 du lundi au vendredi.<\/p>\n<p style=\"text-align: center;\">N&rsquo;h\u00e9sitez pas \u00e0 nous contacter par t\u00e9l\u00e9phone au <a href=\"tel:+33183622184\"> +33 (0) 1 83 62 21 84<\/a> ou en remplissant ce court formulaire :<\/p>\n\n<div class=\"wpcf7 no-js\" id=\"wpcf7-f4885-o1\" lang=\"fr-FR\" dir=\"ltr\" data-wpcf7-id=\"4885\">\n<div class=\"screen-reader-response\"><p role=\"status\" aria-live=\"polite\" aria-atomic=\"true\"><\/p> <ul><\/ul><\/div>\n<form action=\"\/be\/wp-json\/wp\/v2\/pages\/6316#wpcf7-f4885-o1\" method=\"post\" class=\"wpcf7-form init\" aria-label=\"Formulaire de contact\" novalidate=\"novalidate\" data-status=\"init\">\n<fieldset class=\"hidden-fields-container\"><input type=\"hidden\" name=\"_wpcf7\" value=\"4885\" \/><input type=\"hidden\" name=\"_wpcf7_version\" value=\"6.1.5\" \/><input type=\"hidden\" name=\"_wpcf7_locale\" value=\"fr_FR\" \/><input type=\"hidden\" name=\"_wpcf7_unit_tag\" value=\"wpcf7-f4885-o1\" \/><input type=\"hidden\" name=\"_wpcf7_container_post\" value=\"0\" \/><input type=\"hidden\" name=\"_wpcf7_posted_data_hash\" value=\"\" \/><input type=\"hidden\" name=\"_wpcf7_recaptcha_response\" value=\"\" \/>\n<\/fieldset>\n<div class=\"form-group\">\n\t<p><span class=\"wpcf7-form-control-wrap\" data-name=\"contact-name\"><input size=\"40\" maxlength=\"400\" class=\"wpcf7-form-control wpcf7-text wpcf7-validates-as-required form-control\" aria-required=\"true\" aria-invalid=\"false\" placeholder=\"Votre nom *\" value=\"\" type=\"text\" name=\"contact-name\" \/><\/span>\n\t<\/p>\n<\/div>\n<div class=\"form-group\">\n\t<p><span class=\"wpcf7-form-control-wrap\" data-name=\"contact-telephone\"><input size=\"40\" maxlength=\"400\" class=\"wpcf7-form-control wpcf7-text wpcf7-validates-as-required form-control\" aria-required=\"true\" aria-invalid=\"false\" placeholder=\"Votre num\u00e9ro de t\u00e9l\u00e9phone *\" value=\"\" type=\"text\" name=\"contact-telephone\" \/><\/span>\n\t<\/p>\n<\/div>\n<div class=\"form-group\">\n\t<p><span class=\"wpcf7-form-control-wrap\" data-name=\"contact-email\"><input size=\"40\" maxlength=\"400\" class=\"wpcf7-form-control wpcf7-email wpcf7-validates-as-required wpcf7-text wpcf7-validates-as-email form-control\" aria-required=\"true\" aria-invalid=\"false\" placeholder=\"Votre e-mail *\" value=\"\" type=\"email\" name=\"contact-email\" \/><\/span>\n\t<\/p>\n<\/div>\n<div class=\"form-group\">\n\t<p><span class=\"wpcf7-form-control-wrap\" data-name=\"contact-message\"><textarea cols=\"40\" rows=\"10\" maxlength=\"2000\" class=\"wpcf7-form-control wpcf7-textarea wpcf7-validates-as-required form-control\" aria-required=\"true\" aria-invalid=\"false\" placeholder=\"Votre message *\" name=\"contact-message\"><\/textarea><\/span>\n\t<\/p>\n<\/div>\n<p><span class=\"wpcf7-form-control-wrap\" data-name=\"checkbox-262\"><span class=\"wpcf7-form-control wpcf7-checkbox wpcf7-validates-as-required\"><span class=\"wpcf7-list-item first last\"><input type=\"checkbox\" name=\"checkbox-262[]\" value=\"J&#039;ai lu et j&#039;accepte les Conditions G\u00e9n\u00e9rales d&#039;Utilisation\" \/><span class=\"wpcf7-list-item-label\">J&#039;ai lu et j&#039;accepte les Conditions G\u00e9n\u00e9rales d&#039;Utilisation<\/span><\/span><\/span><\/span>\n<\/p>\n<div style=\"display:none !important\">\n\t<p><span class=\"wpcf7-form-control-wrap\" data-name=\"pipedrive_hook\"><input size=\"40\" maxlength=\"400\" class=\"wpcf7-form-control wpcf7-text wpcf7-validates-as-required\" aria-required=\"true\" aria-invalid=\"false\" value=\"1\" type=\"text\" name=\"pipedrive_hook\" \/><\/span>\n\t<\/p>\n<\/div>\n<p><input class=\"wpcf7-form-control wpcf7-submit has-spinner btn btn-lg btn-default btn-dark center-block gtm-contact-form-submit\" type=\"submit\" value=\"Envoyer\" \/>\n<\/p><p style=\"display: none !important;\" class=\"akismet-fields-container\" data-prefix=\"_wpcf7_ak_\"><label>&#916;<textarea name=\"_wpcf7_ak_hp_textarea\" cols=\"45\" rows=\"8\" maxlength=\"100\"><\/textarea><\/label><input type=\"hidden\" id=\"ak_js_1\" name=\"_wpcf7_ak_js\" value=\"165\"\/><script>document.getElementById( \"ak_js_1\" ).setAttribute( \"value\", ( new Date() ).getTime() );<\/script><\/p><div class=\"wpcf7-response-output\" aria-hidden=\"true\"><\/div>\n<\/form>\n<\/div>\n\n<p>&nbsp;<\/p>\n<p>&nbsp;<\/p>\n<h2>Luxe et communication sur le web : focus<\/h2>\n<\/div><\/div><div class=\"container-fluid\" style=\"padding:0\"><div id=\"798eb65f\" class=\"imgFull lazyload\" style=\"height:350px;background-image:inherit;background-position:center;background-repeat:no-repeat;moz-background-size:cover;background-size: cover;\" data-bg-image=\"url(https:\/\/www.alioze.com\/wp-content\/uploads\/2020\/05\/industrie-luxe-statistiques-chiffres_v3.jpg)\"><\/div><\/div><div class=\"container\"><div class=\"col-xs-12\">\n<p>&nbsp;<\/p>\n<p>Longtemps, le <strong>secteur du luxe<\/strong> a pr\u00e9f\u00e9r\u00e9 se tenir \u00e0 distance du commerce en ligne, pr\u00e9occup\u00e9 \u00e0 l\u2019id\u00e9e de ne pouvoir proposer un service assez qualitatif et en harmonie avec l\u2019image qu\u2019il v\u00e9hicule.<\/p>\n<p>Pourtant, le digital, est un v\u00e9ritable levier de croissance et de rentabilit\u00e9 : il pourrait compter pour 40% de la croissance du march\u00e9 mondial du luxe, selon certaines estimations.<\/p>\n<p>En Belgique, si la plupart des achats de luxe ont lieu en boutique, le parcours client se caract\u00e9rise par sa digitalisation. \u00c0 ce titre, les luxury shoppers sont des consommateurs hyper-connect\u00e9s, adeptes du multi \u00e9cran. D\u00e9sormais, ils s\u2019appuient fortement sur Internet pour pr\u00e9parer leurs achats, notamment pour :<\/p>\n<ul>\n<li>En apprendre davantage sur les produits et les marques ;<\/li>\n<li>Comparer les prix ;<\/li>\n<li>Affiner et conforter leurs choix ;<\/li>\n<li>Lire des avis de consommateurs et de professionnels ;<\/li>\n<li>Prendre une d\u00e9cision d\u2019achat ;<\/li>\n<li>Rester en connexion avec la marque et \u00eatre tenu au courant des offres et promotions.<\/li>\n<\/ul>\n<p>Ainsi, la communication digitale de luxe est un outil puissant. Elle peut magnifier, bouleverser, inspirer et sceller l&rsquo;image d&rsquo;une marque dans les esprits des consommateurs.<\/p>\n<p>&nbsp;<\/p>\n<blockquote><p>\u00ab <em>L\u2019enjeu pour les marques est d\u2019\u00eatre l\u00e0 o\u00f9 les acheteurs de produits de luxe cherchent de l\u2019info\u202f: online, offline mais aussi sur des formats visuels comme la vid\u00e9o et l\u2019image. <\/em>\u00bb<\/p><\/blockquote>\n<p>&nbsp;<\/p>\n<p>\u00c0 noter que les consommateurs du luxe appr\u00e9cient particuli\u00e8rement l\u2019esth\u00e9tisme et l\u2019exp\u00e9rience. Travailler l\u2019identit\u00e9 visuelle de votre marque est essentiel pour cr\u00e9er une exp\u00e9rience engageante et convaincante\u202f! Justement, chaque marque a une histoire, et un site web et les r\u00e9seaux sociaux sont les endroits id\u00e9aux pour la raconter.<\/p>\n<p>Gr\u00e2ce \u00e0 un contenu convaincant, et \u00e0 des images soign\u00e9es et sensationnelles, votre communication sur le web pourra refl\u00e9ter la sophistication de vos produits et services.<\/p>\n<p>Votre site web et strat\u00e9gie marketing digitale doivent donc s\u2019inscrire dans le prolongement de votre marque, en fournissant aux clients une exp\u00e9rience luxueuse, personnalis\u00e9e et connect\u00e9e, tant sur le web qu&rsquo;en boutique.<\/p>\n<p>&nbsp;<\/p>\n<p>&nbsp;<\/p>\n<h2><span style=\"color: #333333;\"><a style=\"color: #333333;\" href=\"https:\/\/www.alioze.com\/be\/secteurs\" target=\"_blank\" rel=\"noopener\">Secteurs<\/a><\/span> dans lesquels l&rsquo;agence Alioze est sp\u00e9cialis\u00e9e<\/h2>\n<p style=\"text-align: center;\">Vous \u00eates bas\u00e9s \u00e0 Bruxelles, Anvers ou Charleroi ?<br \/>\nNotre agence s\u2019occupe de votre dossier o\u00f9 que vous soyez.<\/p>\n","protected":false},"excerpt":{"rendered":"<p>Vous \u00eates \u00e0 la recherche d\u2019une agence de communication sp\u00e9cialis\u00e9e luxe en Belgique ? Bienvenue chez Alioze. Vous cherchez \u00e0 engager ou d\u00e9velopper votre transformation digitale ? \u00c0 cr\u00e9er l&rsquo;\u00e9v\u00e9nement autour du lancement de nouveaux produits ? Vous avez besoin d\u2019une exp\u00e9rience utilisateur personnalis\u00e9e, d&rsquo;une campagne de communication impactante, d\u2019un design web de luxe ou [&hellip;]<\/p>\n","protected":false},"author":6,"featured_media":6321,"parent":0,"menu_order":0,"comment_status":"closed","ping_status":"closed","template":"page-no-title.php","meta":{"_acf_changed":false,"footnotes":""},"class_list":["post-6316","page","type-page","status-publish","has-post-thumbnail","hentry"],"acf":[],"aioseo_notices":[],"amp_enabled":false,"_links":{"self":[{"href":"https:\/\/www.alioze.com\/be\/wp-json\/wp\/v2\/pages\/6316","targetHints":{"allow":["GET"]}}],"collection":[{"href":"https:\/\/www.alioze.com\/be\/wp-json\/wp\/v2\/pages"}],"about":[{"href":"https:\/\/www.alioze.com\/be\/wp-json\/wp\/v2\/types\/page"}],"author":[{"embeddable":true,"href":"https:\/\/www.alioze.com\/be\/wp-json\/wp\/v2\/users\/6"}],"replies":[{"embeddable":true,"href":"https:\/\/www.alioze.com\/be\/wp-json\/wp\/v2\/comments?post=6316"}],"version-history":[{"count":26,"href":"https:\/\/www.alioze.com\/be\/wp-json\/wp\/v2\/pages\/6316\/revisions"}],"predecessor-version":[{"id":23374,"href":"https:\/\/www.alioze.com\/be\/wp-json\/wp\/v2\/pages\/6316\/revisions\/23374"}],"wp:featuredmedia":[{"embeddable":true,"href":"https:\/\/www.alioze.com\/be\/wp-json\/wp\/v2\/media\/6321"}],"wp:attachment":[{"href":"https:\/\/www.alioze.com\/be\/wp-json\/wp\/v2\/media?parent=6316"}],"curies":[{"name":"wp","href":"https:\/\/api.w.org\/{rel}","templated":true}]}}