{"id":10977,"date":"2020-05-12T18:05:28","date_gmt":"2020-05-12T17:05:28","guid":{"rendered":"https:\/\/www.alioze.com\/agence-de-communication-specialisee-vins-champagnes-spiritueux\/"},"modified":"2021-08-09T11:13:53","modified_gmt":"2021-08-09T10:13:53","slug":"agence-de-communication-specialisee-vins-champagnes-spiritueux","status":"publish","type":"page","link":"https:\/\/www.alioze.com\/be\/agence-communication-vins","title":{"rendered":"Agence de Communication Sp\u00e9cialis\u00e9e Vins, Champagnes &#038; Spiritueux"},"content":{"rendered":"<\/div><\/div>\n\t<section class=\"headertitle lazyload\" style=\"background-image:inherit;\" data-bg-image=\"url(https:\/\/www.alioze.com\/wp-content\/themes\/alioze2016\/img\/alioze-communication-branding-design.jpg)\">\n\t\t<div id=\"breadcrumbs\">\n\t\t\t\t\t\t<span>\t\t\t\t\t<a href=\"https:\/\/www.alioze.com\/be\/\">Home<\/a>\n\t\t\t\t\t > \t\t\t\t\t<a href=\"https:\/\/www.alioze.com\/be\/blog\">Le Blog<\/a>\n\t\t\t\t\t > <\/span>\n\t\t\t\t\t<\/div>\n\t\t\t\t<div class=\"content-a\">\n\t\t\t\t\t<div class=\"parralax-centertext text-center\">\n\n\t\t\t\t\t\t<h1>Agence de Communication Sp\u00e9cialis\u00e9e Vins, Champagnes &#038; Spiritueux<\/h1>\n\t\t\t\t\t\t<span class=\"baseline\">Belgique &amp; International<\/span>\n\t\t\t\t\t<\/div>\n\t\t\t\t<\/div>\n\t\t\t<\/section>\n\t\t\t<div class=\"container\">\n\t\t\t<div class=\"col-xs-12\">\n<p style=\"text-align: center;\">Vous \u00eates \u00e0 la recherche d&rsquo;une\u00a0<strong>agence de communication sp\u00e9cialis\u00e9e vin<\/strong>,<strong> champagne<\/strong> et <strong>spiritueux<\/strong> en <strong>Belgique<\/strong> ? Bienvenue chez Alioze.<\/p>\n<p style=\"text-align: center;\">Vous souhaitez la cr\u00e9ation d&rsquo;\u00e9tiquettes pour vos bouteilles, d&rsquo;un logo ou d&rsquo;une identit\u00e9 visuelle compl\u00e8te pour votre marque ? Cr\u00e9er du contenu impactant et engageant ?<br \/>\nVous voulez b\u00e9n\u00e9ficier des conseils d&rsquo;une agence experte dans le secteur pour la mise en place d&rsquo;une strat\u00e9gie de communication qui augmente votre notori\u00e9t\u00e9, renforce votre image de marque et booste vos ventes ?<\/p>\n<p style=\"text-align: center;\">Alioze est une agence de communication 360\u00b0 ind\u00e9pendante qui conseille depuis plus de 10 ans les professionnels du secteur du vin, du champagne et des spiritueux pour d\u00e9velopper leur strat\u00e9gie marketing, leur discours de marque, leur publicit\u00e9 online \/ offline et leur site e-commerce.<\/p>\n<p style=\"text-align: left;\"><\/div><\/div>\n\t<section class=\"quickcontact lazyload\" style=\"background-image:inherit;\" data-bg-image=\"url(https:\/\/www.alioze.com\/wp-content\/themes\/alioze2016\/img\/alioze-communication-branding-design.jpg)\">\n\t\t\t\t<div class=\"content-a\">\n\t\t\t\t\t<div class=\"parralax-centertext\">\n\t\t\t\t\t\t<div class=\"container\">\n\t\t\t\t\t\t\t\t<div class=\"col-xs-12 col-sm-6 col-sm-offset-1 col-md-7 col-md-offset-1 quickcontact-text\">\n\t\t\t\t\t\t\t\tAlioze, l'agence sp\u00e9cialis\u00e9e vin et alcools qui r\u00e9pond \u00e0 vos besoins\n\t\t\t\t\t\t\t\t<\/div>\n\t\t\t\t\t\t\t\t<div class=\"col-xs-12 col-sm-4 col-md-3\">\n\t\t\t\t\t\t\t\t<a href=\"https:\/\/www.alioze.com\/be\/contact\" class=\"btn btn-lg btn-default  center-block\">Prenez contact<\/a>\n\t\t\t\t\t\t\t\t<\/div>\n\t\t\t\t\t\t<\/div>\n\t\t\t\t\t<\/div>\n\t\t\t\t<\/div>\n\t\t\t<\/section>\n\t\t\t<div class=\"container\">\n\t\t\t<div class=\"col-xs-12\"><\/p>\n<p>&nbsp;<\/p>\n\n\t\t<style type=\"text\/css\">\n\t\t\t#gallery-1 {\n\t\t\t\tmargin: auto;\n\t\t\t}\n\t\t\t#gallery-1 .gallery-item {\n\t\t\t\tfloat: left;\n\t\t\t\tmargin-top: 10px;\n\t\t\t\ttext-align: center;\n\t\t\t\twidth: 33%;\n\t\t\t}\n\t\t\t#gallery-1 img {\n\t\t\t\tborder: 2px solid #cfcfcf;\n\t\t\t}\n\t\t\t#gallery-1 .gallery-caption {\n\t\t\t\tmargin-left: 0;\n\t\t\t}\n\t\t\t\/* see gallery_shortcode() in wp-includes\/media.php *\/\n\t\t<\/style>\n\t\t<div id='gallery-1' class='gallery galleryid-10977 gallery-columns-3 gallery-size-thumbnail'><dl class='gallery-item'>\n\t\t\t<dt class='gallery-icon landscape'>\n\t\t\t\t<a href='https:\/\/www.alioze.com\/be\/agence-de-communication-specialisee-vins-champagnes-spiritueux\/agence-reseau-sociau-vin-alcool\/'><img decoding=\"async\" width=\"150\" height=\"150\" data-src=\"https:\/\/www.alioze.com\/wp-content\/uploads\/2020\/06\/agence-reseau-sociau-vin-alcool-150x150.jpg\" class=\"attachment-thumbnail size-thumbnail lazyload\" alt=\"agence r\u00e9seaux sociaux vin alcool\" src=\"data:image\/svg+xml;base64,PHN2ZyB3aWR0aD0iMSIgaGVpZ2h0PSIxIiB4bWxucz0iaHR0cDovL3d3dy53My5vcmcvMjAwMC9zdmciPjwvc3ZnPg==\" style=\"--smush-placeholder-width: 150px; --smush-placeholder-aspect-ratio: 150\/150;\" \/><\/a>\n\t\t\t<\/dt><\/dl><dl class='gallery-item'>\n\t\t\t<dt class='gallery-icon landscape'>\n\t\t\t\t<a href='https:\/\/www.alioze.com\/be\/agence-de-communication-specialisee-vins-champagnes-spiritueux\/agence-web-vin-alcool\/'><img decoding=\"async\" width=\"150\" height=\"150\" data-src=\"https:\/\/www.alioze.com\/wp-content\/uploads\/2020\/06\/agence-web-vin-alcool-150x150.jpg\" class=\"attachment-thumbnail size-thumbnail lazyload\" alt=\"agence web vin alcool\" src=\"data:image\/svg+xml;base64,PHN2ZyB3aWR0aD0iMSIgaGVpZ2h0PSIxIiB4bWxucz0iaHR0cDovL3d3dy53My5vcmcvMjAwMC9zdmciPjwvc3ZnPg==\" style=\"--smush-placeholder-width: 150px; --smush-placeholder-aspect-ratio: 150\/150;\" \/><\/a>\n\t\t\t<\/dt><\/dl><dl class='gallery-item'>\n\t\t\t<dt class='gallery-icon portrait'>\n\t\t\t\t<a href='https:\/\/www.alioze.com\/be\/agence-de-communication-specialisee-vins-champagnes-spiritueux\/agence-branding-vin-alcool\/'><img decoding=\"async\" width=\"150\" height=\"150\" data-src=\"https:\/\/www.alioze.com\/wp-content\/uploads\/2020\/06\/agence-branding-vin-alcool-150x150.jpg\" class=\"attachment-thumbnail size-thumbnail lazyload\" alt=\"agence branding vin alcool\" src=\"data:image\/svg+xml;base64,PHN2ZyB3aWR0aD0iMSIgaGVpZ2h0PSIxIiB4bWxucz0iaHR0cDovL3d3dy53My5vcmcvMjAwMC9zdmciPjwvc3ZnPg==\" style=\"--smush-placeholder-width: 150px; --smush-placeholder-aspect-ratio: 150\/150;\" \/><\/a>\n\t\t\t<\/dt><\/dl><br style=\"clear: both\" \/><dl class='gallery-item'>\n\t\t\t<dt class='gallery-icon landscape'>\n\t\t\t\t<a href='https:\/\/www.alioze.com\/be\/agence-de-communication-specialisee-vins-champagnes-spiritueux\/agence-marketing-vin-alcool\/'><img decoding=\"async\" width=\"150\" height=\"150\" data-src=\"https:\/\/www.alioze.com\/wp-content\/uploads\/2020\/06\/agence-marketing-vin-alcool-150x150.jpg\" class=\"attachment-thumbnail size-thumbnail lazyload\" alt=\"agence marketing vin alcool\" src=\"data:image\/svg+xml;base64,PHN2ZyB3aWR0aD0iMSIgaGVpZ2h0PSIxIiB4bWxucz0iaHR0cDovL3d3dy53My5vcmcvMjAwMC9zdmciPjwvc3ZnPg==\" style=\"--smush-placeholder-width: 150px; --smush-placeholder-aspect-ratio: 150\/150;\" \/><\/a>\n\t\t\t<\/dt><\/dl><dl class='gallery-item'>\n\t\t\t<dt class='gallery-icon portrait'>\n\t\t\t\t<a href='https:\/\/www.alioze.com\/be\/agence-de-communication-specialisee-vins-champagnes-spiritueux\/agence-publicite-vin-alcool\/'><img decoding=\"async\" width=\"150\" height=\"150\" data-src=\"https:\/\/www.alioze.com\/wp-content\/uploads\/2020\/06\/agence-publicite-vin-alcool-150x150.jpg\" class=\"attachment-thumbnail size-thumbnail lazyload\" alt=\"agence publicit\u00e9 vin alcool\" src=\"data:image\/svg+xml;base64,PHN2ZyB3aWR0aD0iMSIgaGVpZ2h0PSIxIiB4bWxucz0iaHR0cDovL3d3dy53My5vcmcvMjAwMC9zdmciPjwvc3ZnPg==\" style=\"--smush-placeholder-width: 150px; --smush-placeholder-aspect-ratio: 150\/150;\" \/><\/a>\n\t\t\t<\/dt><\/dl><dl class='gallery-item'>\n\t\t\t<dt class='gallery-icon portrait'>\n\t\t\t\t<a href='https:\/\/www.alioze.com\/be\/agence-de-communication-specialisee-vins-champagnes-spiritueux\/agence-referencement-seo-vin-alcool\/'><img decoding=\"async\" width=\"150\" height=\"150\" data-src=\"https:\/\/www.alioze.com\/wp-content\/uploads\/2020\/06\/agence-referencement-seo-vin-alcool-150x150.jpg\" class=\"attachment-thumbnail size-thumbnail lazyload\" alt=\"agence r\u00e9f\u00e9rencement seo vin alcool\" src=\"data:image\/svg+xml;base64,PHN2ZyB3aWR0aD0iMSIgaGVpZ2h0PSIxIiB4bWxucz0iaHR0cDovL3d3dy53My5vcmcvMjAwMC9zdmciPjwvc3ZnPg==\" style=\"--smush-placeholder-width: 150px; --smush-placeholder-aspect-ratio: 150\/150;\" \/><\/a>\n\t\t\t<\/dt><\/dl><br style=\"clear: both\" \/><dl class='gallery-item'>\n\t\t\t<dt class='gallery-icon landscape'>\n\t\t\t\t<a href='https:\/\/www.alioze.com\/be\/agence-de-communication-specialisee-vins-champagnes-spiritueux\/agence-relations-presse-vin-alcool\/'><img decoding=\"async\" width=\"150\" height=\"150\" data-src=\"https:\/\/www.alioze.com\/wp-content\/uploads\/2020\/06\/agence-relations-presse-vin-alcool-150x150.jpg\" class=\"attachment-thumbnail size-thumbnail lazyload\" alt=\"agence relations presse vin alcool\" src=\"data:image\/svg+xml;base64,PHN2ZyB3aWR0aD0iMSIgaGVpZ2h0PSIxIiB4bWxucz0iaHR0cDovL3d3dy53My5vcmcvMjAwMC9zdmciPjwvc3ZnPg==\" style=\"--smush-placeholder-width: 150px; --smush-placeholder-aspect-ratio: 150\/150;\" \/><\/a>\n\t\t\t<\/dt><\/dl>\n\t\t\t<br style='clear: both' \/>\n\t\t<\/div>\n\n<p>&nbsp;<\/p>\n<p>&nbsp;<\/p>\n<h2>Nos prestations sur-mesure pour les professionnels du vin &amp; alcools<\/h2>\n<p>Agence de communication et web sp\u00e9cialis\u00e9e vin et alcool, Alioze vous accompagne \u00e0 chaque \u00e9tape de votre projet : de la r\u00e9flexion strat\u00e9gique autour de votre positionnement et de votre image jusqu&rsquo;aux actions de conqu\u00eate concr\u00e8tes.<\/p>\n<ul>\n<li><a href=\"https:\/\/www.alioze.com\/be\/developpement\/\" target=\"_blank\" rel=\"noopener noreferrer\">D\u00e9veloppement web<\/a> :\n<ul>\n<li>Cr\u00e9ation d&rsquo;un site vitrine ou e-commerce \/ e-shop responsive, multilingue et SEO-friendly, qui tient compte de la sp\u00e9cificit\u00e9 du secteur des alcools.<\/li>\n<\/ul>\n<\/li>\n<li><a href=\"https:\/\/www.alioze.com\/be\/communication\/\" target=\"_blank\" rel=\"noopener noreferrer\">Communication<\/a> :\n<ul>\n<li>Relations m\u00e9dias et influenceurs pour vous offrir la meilleure couverture presse possible pour vos prises de paroles ou pour le lancement d&rsquo;un nouveau produit ou d&rsquo;une nouvelle marque.<\/li>\n<li>Conseil en positionnement et strat\u00e9gie de marque.<\/li>\n<li>Proposition de nom pour votre nouvelle marque ou nouveau produit.<\/li>\n<li>Cr\u00e9ation ou refonte d&rsquo;un logo et d&rsquo;une charte graphique en ad\u00e9quation avec votre positionnement produit ou marque.<\/li>\n<li>Gestion de l\u2019e-r\u00e9putation.<\/li>\n<li>Newsletters &amp; campagne d\u2019emailing.<\/li>\n<li>Cr\u00e9ation de contenus (textuels et graphiques) optimis\u00e9s pour le r\u00e9f\u00e9rencement ou pour le print.<\/li>\n<li>R\u00e9alisation de shooting avec nos photographes et vid\u00e9astes.<\/li>\n<\/ul>\n<\/li>\n<li><a href=\"https:\/\/www.alioze.com\/be\/acquisition\/\" target=\"_blank\" rel=\"noopener noreferrer\">Acquisition et marketing<\/a> :\n<ul>\n<li>Actions SEO pour le r\u00e9f\u00e9rencement naturel au niveau local, national et international.<\/li>\n<li>Cr\u00e9ation et mise en place de campagnes publicitaires sur le web, les moteurs de recherche et les r\u00e9seaux sociaux.<\/li>\n<li>Conseils strat\u00e9giques, gestion et animation de vos comptes sur les r\u00e9seaux sociaux.<\/li>\n<\/ul>\n<\/li>\n<\/ul>\n<p>Notre \u00e9quipe d&rsquo;experts effectue une veille minutieuse et approfondie des derni\u00e8res tendances, usages et web pour vous proposer des solutions adapt\u00e9es qui vous permettront d&rsquo;augmenter durablement vos ventes.<\/p>\n<p>&nbsp;<\/p>\n<p>&nbsp;<\/p>\n<h2>Quelques unes de nos r\u00e9f\u00e9rences clients du secteur luxe, vin et champagne<\/h2>\n<p>Depuis 2008, Alioze a accompagn\u00e9 plus de 250 marques dans le renforcement de leur transformation digitale, l&rsquo;\u00e9laboration de leur strat\u00e9gie de communication et l&rsquo;acquisition de nouveaux clients. Parmi elles figurent \u00e0 la fois grands et petits acteurs du secteur.<\/p>\n<p>Notre savoir-faire s&rsquo;adresse ainsi aux :<\/p>\n<ul>\n<li><strong>Caviste <\/strong>ou <strong>propri\u00e9taire de domaine viticole<\/strong>.<\/li>\n<li><strong>Viticulteurs ind\u00e9pendants<\/strong> souhaitant cr\u00e9er leur marque et acqu\u00e9rir une visibilit\u00e9 online.<\/li>\n<li><strong>Maisons de n\u00e9goces<\/strong> qui veulent valoriser leurs marques, renforcer leur image et leur pr\u00e9sence en ligne.<\/li>\n<li><strong>Grandes marques reconnues<\/strong> d\u00e9sireuses de renforcer leur image et am\u00e9liorer leur positionnement vis \u00e0 vis de marques concurrentes.<\/li>\n<li><strong>Organisateurs de grands salons<\/strong> sur les vins et autres alcools qui souhaitent donner le maximum de visibilit\u00e9 \u00e0 leur \u00e9v\u00e9nement.<\/li>\n<\/ul>\n<p>D&rsquo;abord n\u00e9e \u00e0 Bordeaux avant de s&rsquo;\u00e9tendre \u00e0 Paris et \u00e0 l\u2019\u00c9cosse, notre agence sp\u00e9cialis\u00e9e vin, alcool et spiritueux a grandi et \u00e9volu\u00e9 jusqu&rsquo;\u00e0 devenir experte du secteur. Notre \u00e9quipe de cr\u00e9atifs, strat\u00e8ges et techniciens mettra tout en oeuvre pour assurer le succ\u00e8s de vos projets online et offline.<\/p>\n<p>Notre savoir-faire s&rsquo;\u00e9tend \u00e0 une longue liste d&rsquo;alcools : vins, champagnes, cognacs, bi\u00e8res, mousseux, prosecco, liqueurs, ap\u00e9ritifs, digestifs, spiritueux de Belgique et internationaux.<\/p>\n<p>&nbsp;<\/p>\n<p>&nbsp;<\/p>\n<h2>Besoin d&rsquo;aide pour votre marque de vin, champagne ou alcool ?<\/h2>\n<p style=\"text-align: center;\">Notre agence est ouverte de 9H30 \u00e0 19H00 du lundi au vendredi.<\/p>\n<p style=\"text-align: center;\">N&rsquo;h\u00e9sitez pas \u00e0 nous contacter par t\u00e9l\u00e9phone au <a href=\"tel:+33183622184\"> +33 (0) 1 83 62 21 84<\/a> ou en remplissant ce court formulaire :<\/p>\n\n<div class=\"wpcf7 no-js\" id=\"wpcf7-f4885-o1\" lang=\"fr-FR\" dir=\"ltr\" data-wpcf7-id=\"4885\">\n<div class=\"screen-reader-response\"><p role=\"status\" aria-live=\"polite\" aria-atomic=\"true\"><\/p> <ul><\/ul><\/div>\n<form action=\"\/be\/wp-json\/wp\/v2\/pages\/10977#wpcf7-f4885-o1\" method=\"post\" class=\"wpcf7-form init\" aria-label=\"Formulaire de contact\" novalidate=\"novalidate\" data-status=\"init\">\n<fieldset class=\"hidden-fields-container\"><input type=\"hidden\" name=\"_wpcf7\" value=\"4885\" \/><input type=\"hidden\" name=\"_wpcf7_version\" value=\"6.1.5\" \/><input type=\"hidden\" name=\"_wpcf7_locale\" value=\"fr_FR\" \/><input type=\"hidden\" name=\"_wpcf7_unit_tag\" value=\"wpcf7-f4885-o1\" \/><input type=\"hidden\" name=\"_wpcf7_container_post\" value=\"0\" \/><input type=\"hidden\" name=\"_wpcf7_posted_data_hash\" value=\"\" \/><input type=\"hidden\" name=\"_wpcf7_recaptcha_response\" value=\"\" \/>\n<\/fieldset>\n<div class=\"form-group\">\n\t<p><span class=\"wpcf7-form-control-wrap\" data-name=\"contact-name\"><input size=\"40\" maxlength=\"400\" class=\"wpcf7-form-control wpcf7-text wpcf7-validates-as-required form-control\" aria-required=\"true\" aria-invalid=\"false\" placeholder=\"Votre nom *\" value=\"\" type=\"text\" name=\"contact-name\" \/><\/span>\n\t<\/p>\n<\/div>\n<div class=\"form-group\">\n\t<p><span class=\"wpcf7-form-control-wrap\" data-name=\"contact-telephone\"><input size=\"40\" maxlength=\"400\" class=\"wpcf7-form-control wpcf7-text wpcf7-validates-as-required form-control\" aria-required=\"true\" aria-invalid=\"false\" placeholder=\"Votre num\u00e9ro de t\u00e9l\u00e9phone *\" value=\"\" type=\"text\" name=\"contact-telephone\" \/><\/span>\n\t<\/p>\n<\/div>\n<div class=\"form-group\">\n\t<p><span class=\"wpcf7-form-control-wrap\" data-name=\"contact-email\"><input size=\"40\" maxlength=\"400\" class=\"wpcf7-form-control wpcf7-email wpcf7-validates-as-required wpcf7-text wpcf7-validates-as-email form-control\" aria-required=\"true\" aria-invalid=\"false\" placeholder=\"Votre e-mail *\" value=\"\" type=\"email\" name=\"contact-email\" \/><\/span>\n\t<\/p>\n<\/div>\n<div class=\"form-group\">\n\t<p><span class=\"wpcf7-form-control-wrap\" data-name=\"contact-message\"><textarea cols=\"40\" rows=\"10\" maxlength=\"2000\" class=\"wpcf7-form-control wpcf7-textarea wpcf7-validates-as-required form-control\" aria-required=\"true\" aria-invalid=\"false\" placeholder=\"Votre message *\" name=\"contact-message\"><\/textarea><\/span>\n\t<\/p>\n<\/div>\n<p><span class=\"wpcf7-form-control-wrap\" data-name=\"checkbox-262\"><span class=\"wpcf7-form-control wpcf7-checkbox wpcf7-validates-as-required\"><span class=\"wpcf7-list-item first last\"><input type=\"checkbox\" name=\"checkbox-262[]\" value=\"J&#039;ai lu et j&#039;accepte les Conditions G\u00e9n\u00e9rales d&#039;Utilisation\" \/><span class=\"wpcf7-list-item-label\">J&#039;ai lu et j&#039;accepte les Conditions G\u00e9n\u00e9rales d&#039;Utilisation<\/span><\/span><\/span><\/span>\n<\/p>\n<div style=\"display:none !important\">\n\t<p><span class=\"wpcf7-form-control-wrap\" data-name=\"pipedrive_hook\"><input size=\"40\" maxlength=\"400\" class=\"wpcf7-form-control wpcf7-text wpcf7-validates-as-required\" aria-required=\"true\" aria-invalid=\"false\" value=\"1\" type=\"text\" name=\"pipedrive_hook\" \/><\/span>\n\t<\/p>\n<\/div>\n<p><input class=\"wpcf7-form-control wpcf7-submit has-spinner btn btn-lg btn-default btn-dark center-block gtm-contact-form-submit\" type=\"submit\" value=\"Envoyer\" \/>\n<\/p><p style=\"display: none !important;\" class=\"akismet-fields-container\" data-prefix=\"_wpcf7_ak_\"><label>&#916;<textarea name=\"_wpcf7_ak_hp_textarea\" cols=\"45\" rows=\"8\" maxlength=\"100\"><\/textarea><\/label><input type=\"hidden\" id=\"ak_js_1\" name=\"_wpcf7_ak_js\" value=\"248\"\/><script>document.getElementById( \"ak_js_1\" ).setAttribute( \"value\", ( new Date() ).getTime() );<\/script><\/p><div class=\"wpcf7-response-output\" aria-hidden=\"true\"><\/div>\n<\/form>\n<\/div>\n\n<p>&nbsp;<\/p>\n<p>&nbsp;<\/p>\n<h2>Vins, champagne et spiritueux sur le web : focus<\/h2>\n<\/div><\/div><div class=\"container-fluid\" style=\"padding:0\"><div id=\"6d355c68\" class=\"imgFull lazyload\" style=\"height:350px;background-image:inherit;background-position:center;background-repeat:no-repeat;moz-background-size:cover;background-size: cover;\" data-bg-image=\"url(https:\/\/www.alioze.com\/wp-content\/uploads\/2020\/05\/vins-spiritueux-statistiques-chiffres-1.jpg)\"><\/div><\/div><div class=\"container\"><div class=\"col-xs-12\">\n<p>Boost\u00e9 par la Chine, le march\u00e9 mondial de la vente en ligne est en constante progression depuis 2018, tandis qu&rsquo;il constitue pour la Belgique le second relais de croissance. Dans ce contexte, les grands groupes comme LVMH et Pernod Ricard, dont les marques poss\u00e8dent une forte identit\u00e9, parviennent le mieux \u00e0 \u00e9merger &#8211; notamment dans le cas des spiritueux &#8211; et sont favoris\u00e9s.<\/p>\n<p>Mais le consommateur belge et mondial reste \u00e0 l&rsquo;affut de nouveaut\u00e9s et de nouvelles tendances, ce qui b\u00e9n\u00e9ficie au vin, au champagne et \u00e0 certains alcools moins \u00ab\u00a0brand\u00e9s\u00a0\u00bb. Il s&rsquo;agit alors pour les petites et nouvelles marques d&rsquo;offrir aussi bien un positionnement clair, qui doit notamment s&rsquo;incarner dans leur nom, leur identit\u00e9 visuelle, leur storytelling et leur communication globale.<\/p>\n<p>Dans les deux cas &#8211; marques reconnues ou marques \u00e9mergentes &#8211; le digital (via le SEO, le SEA et les r\u00e9seaux sociaux) ont un r\u00f4le de premier plan \u00e0 jouer pour assurer aux d\u00e9tenteurs de ces marques une r\u00e9f\u00e9rencement optimal et des ventes en constante progression.<\/p>\n<p>&nbsp;<\/p>\n<p>&nbsp;<\/p>\n<h2><span style=\"color: #333333;\"><a style=\"color: #333333;\" href=\"https:\/\/www.alioze.com\/be\/secteurs\" target=\"_blank\" rel=\"noopener\">Secteurs<\/a><\/span> dans lesquels l&rsquo;agence Alioze est sp\u00e9cialis\u00e9e<\/h2>\n<p style=\"text-align: center;\">Vous \u00eates bas\u00e9s \u00e0 Bruxelles, Anvers ou Charleroi ?<br \/>\nNotre agence s\u2019occupe de votre dossier o\u00f9 que vous soyez.<\/p>\n","protected":false},"excerpt":{"rendered":"<p>Vous \u00eates \u00e0 la recherche d&rsquo;une\u00a0agence de communication sp\u00e9cialis\u00e9e vin, champagne et spiritueux en Belgique ? Bienvenue chez Alioze. Vous souhaitez la cr\u00e9ation d&rsquo;\u00e9tiquettes pour vos bouteilles, d&rsquo;un logo ou d&rsquo;une identit\u00e9 visuelle compl\u00e8te pour votre marque ? Cr\u00e9er du contenu impactant et engageant ? Vous voulez b\u00e9n\u00e9ficier des conseils d&rsquo;une agence experte dans le [&hellip;]<\/p>\n","protected":false},"author":6,"featured_media":13295,"parent":0,"menu_order":0,"comment_status":"closed","ping_status":"closed","template":"page-no-title.php","meta":{"_acf_changed":false,"footnotes":""},"class_list":["post-10977","page","type-page","status-publish","has-post-thumbnail","hentry"],"acf":[],"aioseo_notices":[],"amp_enabled":false,"_links":{"self":[{"href":"https:\/\/www.alioze.com\/be\/wp-json\/wp\/v2\/pages\/10977","targetHints":{"allow":["GET"]}}],"collection":[{"href":"https:\/\/www.alioze.com\/be\/wp-json\/wp\/v2\/pages"}],"about":[{"href":"https:\/\/www.alioze.com\/be\/wp-json\/wp\/v2\/types\/page"}],"author":[{"embeddable":true,"href":"https:\/\/www.alioze.com\/be\/wp-json\/wp\/v2\/users\/6"}],"replies":[{"embeddable":true,"href":"https:\/\/www.alioze.com\/be\/wp-json\/wp\/v2\/comments?post=10977"}],"version-history":[{"count":12,"href":"https:\/\/www.alioze.com\/be\/wp-json\/wp\/v2\/pages\/10977\/revisions"}],"predecessor-version":[{"id":23388,"href":"https:\/\/www.alioze.com\/be\/wp-json\/wp\/v2\/pages\/10977\/revisions\/23388"}],"wp:featuredmedia":[{"embeddable":true,"href":"https:\/\/www.alioze.com\/be\/wp-json\/wp\/v2\/media\/13295"}],"wp:attachment":[{"href":"https:\/\/www.alioze.com\/be\/wp-json\/wp\/v2\/media?parent=10977"}],"curies":[{"name":"wp","href":"https:\/\/api.w.org\/{rel}","templated":true}]}}