{"id":10516,"date":"2020-05-05T18:20:24","date_gmt":"2020-05-05T17:20:24","guid":{"rendered":"https:\/\/www.alioze.com\/?page_id=10516"},"modified":"2021-12-06T16:30:17","modified_gmt":"2021-12-06T15:30:17","slug":"agence-de-communication-specialisee-bijoux-joaillerie","status":"publish","type":"page","link":"https:\/\/www.alioze.com\/be\/agence-communication-joaillerie\/","title":{"rendered":"Agence de Communication Sp\u00e9cialis\u00e9e Bijoux &#038; Joaillerie"},"content":{"rendered":"<\/div><\/div>\n\t<section class=\"headertitle lazyload\" style=\"background-image:inherit;\" data-bg-image=\"url(https:\/\/www.alioze.com\/wp-content\/themes\/alioze2016\/img\/alioze-communication-branding-design.jpg)\">\n\t\t<div id=\"breadcrumbs\">\n\t\t\t\t\t\t<span>\t\t\t\t\t<a href=\"https:\/\/www.alioze.com\/be\/\">Home<\/a>\n\t\t\t\t\t > \t\t\t\t\t<a href=\"https:\/\/www.alioze.com\/be\/blog\">Le Blog<\/a>\n\t\t\t\t\t > <\/span>\n\t\t\t\t\t<\/div>\n\t\t\t\t<div class=\"content-a\">\n\t\t\t\t\t<div class=\"parralax-centertext text-center\">\n\n\t\t\t\t\t\t<h1>Agence de Communication Sp\u00e9cialis\u00e9e Bijoux &#038; Joaillerie<\/h1>\n\t\t\t\t\t\t<span class=\"baseline\">Belgique &amp; International<\/span>\n\t\t\t\t\t<\/div>\n\t\t\t\t<\/div>\n\t\t\t<\/section>\n\t\t\t<div class=\"container\">\n\t\t\t<div class=\"col-xs-12\">\n<p style=\"text-align: center;\">Vous recherchez une <strong>agence de communication sp\u00e9cialis\u00e9e bijou<\/strong> et <strong>joaillerie<\/strong> en <strong>Belgique<\/strong> ? Bienvenue chez Alioze.<\/p>\n<p style=\"text-align: center;\">Vous souhaitez donner plus de visibilit\u00e9 \u00e0 votre marque et acqu\u00e9rir de nouveaux clients ?<br \/>\nVous d\u00e9sirez confier la mise en place de vos campagnes de communication, de votre strat\u00e9gie marketing ou de vos relations presse et influenceurs \u00e0 une agence haut de gamme ?<br \/>\nSublimer votre image et positionnement de marque ?<br \/>\nD\u00e9ployer un nouveau site e-commerce ou site vitrine, ou bien proc\u00e9der \u00e0 une refonte de votre site existant ?<\/p>\n<p style=\"text-align: center;\">Alioze est une agence de communication multi facettes qui met toute sa cr\u00e9ativit\u00e9 et son savoir-faire au service des professionnels du secteur des bijoux et de la joaillerie.<\/p>\n<p>&nbsp;<\/p>\n<\/div><\/div><div class=\"container-fluid\" style=\"padding:0\"><div id=\"fc13d27e\" class=\"imgFull lazyload\" style=\"height:350px;background-image:inherit;background-position:center;background-repeat:no-repeat;moz-background-size:cover;background-size: cover;\" data-bg-image=\"url(https:\/\/www.alioze.com\/wp-content\/uploads\/2020\/05\/agence-communication-joaillerie-bijouterie.jpg)\"><\/div><\/div><div class=\"container\"><div class=\"col-xs-12\">\n<p>&nbsp;<\/p>\n<h2>Nos prestations sur-mesure pour les professionnels des bijoux et de la joaillerie<\/h2>\n<ul>\n<li><a href=\"https:\/\/www.alioze.com\/be\/communication\/\" target=\"_blank\" rel=\"noopener noreferrer\">Communication<\/a> :\n<ul>\n<li>Gr\u00e2ce \u00e0 une solide expertise dans le secteur de la bijouterie et de la joaillerie, nous sommes en mesure de d\u00e9finir pour vous une strat\u00e9gie de communication ambitieuse qui vous permettra de renforcer votre positionnement et d&rsquo;accro\u00eetre vos ventes.<\/li>\n<li>Notre veille concurrentielle continue nous permet de vous proposer des actions de communications qui tiennent compte des opportunit\u00e9s actuelles du march\u00e9 et de les adapter en temps r\u00e9el.<\/li>\n<li>Nous utilisons notre vaste r\u00e9seau de contacts au sein de la presse nationale et internationale pour vous garantir les meilleures campagnes de lancement possible ou de prise de parole.<\/li>\n<li>\u00c9laboration ou refonte d&rsquo;une charte graphique, d&rsquo;un logo et de contenus graphiques en ad\u00e9quation avec votre positionnement de marque.<\/li>\n<\/ul>\n<\/li>\n<li><a href=\"https:\/\/www.alioze.com\/be\/developpement\/\" target=\"_blank\" rel=\"noopener noreferrer\">D\u00e9veloppement web<\/a> :\n<ul>\n<li>Concevoir ensemble un site vitrine ou e-commerce ayant \u00e0 la fois de grandes qualit\u00e9s esth\u00e9tiques et ergonomiques, poss\u00e9dant les codes du march\u00e9 et en m\u00eame temps des \u00e9l\u00e9ments vous permettant de vous diff\u00e9rencier et faire appara\u00eetre votre marque comme unique.<\/li>\n<\/ul>\n<\/li>\n<li><a href=\"https:\/\/www.alioze.com\/be\/acquisition\/\" target=\"_blank\" rel=\"noopener noreferrer\">Acquisition et marketing<\/a> :\n<ul>\n<li>Agence experte Google Ads, Alioze s&rsquo;engage \u00e0 d\u00e9ployer des campagnes publicitaires digitales performantes qui auront un impact imm\u00e9diat sur vos ventes.<\/li>\n<li>R\u00e9daction\u00a0 de contenus SEO afin d&rsquo;optimiser votre r\u00e9f\u00e9rencement dans les moteurs de recherche.<\/li>\n<li>Accompagnement social media : mission de community management, conseils et mise en place d&rsquo;une strat\u00e9gie sur vos diff\u00e9rents profils sur les r\u00e9seaux sociaux.<\/li>\n<\/ul>\n<\/li>\n<\/ul>\n<\/div><\/div>\n\t<section class=\"quickcontact lazyload\" style=\"background-image:inherit;\" data-bg-image=\"url(https:\/\/www.alioze.com\/wp-content\/themes\/alioze2016\/img\/alioze-communication-branding-design.jpg)\">\n\t\t\t\t<div class=\"content-a\">\n\t\t\t\t\t<div class=\"parralax-centertext\">\n\t\t\t\t\t\t<div class=\"container\">\n\t\t\t\t\t\t\t\t<div class=\"col-xs-12 col-sm-6 col-sm-offset-1 col-md-7 col-md-offset-1 quickcontact-text\">\n\t\t\t\t\t\t\t\tAlioze, l'agence sp\u00e9cialis\u00e9e bijoux et joaillerie qui r\u00e9pond \u00e0 vos besoins\n\t\t\t\t\t\t\t\t<\/div>\n\t\t\t\t\t\t\t\t<div class=\"col-xs-12 col-sm-4 col-md-3\">\n\t\t\t\t\t\t\t\t<a href=\"https:\/\/www.alioze.com\/be\/contact\" class=\"btn btn-lg btn-default  center-block\">Prenez contact<\/a>\n\t\t\t\t\t\t\t\t<\/div>\n\t\t\t\t\t\t<\/div>\n\t\t\t\t\t<\/div>\n\t\t\t\t<\/div>\n\t\t\t<\/section>\n\t\t\t<div class=\"container\">\n\t\t\t<div class=\"col-xs-12\">\n<p>&nbsp;<\/p>\n<p>&nbsp;<\/p>\n<h2>Quelques unes de nos r\u00e9f\u00e9rences clients du secteur de la bijouterie \/ joaillerie<\/h2>\n<div class=\"text-center\"><img decoding=\"async\" class=\"img-client\" src=\"https:\/\/www.alioze.com\/wp-content\/uploads\/2016\/02\/agence-web-de-little-boudoir.png\" alt=\"agence-web-de-little-boudoir\" \/><img decoding=\"async\" class=\"img-client\" src=\"https:\/\/www.alioze.com\/wp-content\/uploads\/2016\/02\/agence-web-de-dear-charlotte.png\" alt=\"agence-web-de-dear-charlotte\" \/><img decoding=\"async\" class=\"img-client\" src=\"https:\/\/www.alioze.com\/wp-content\/uploads\/2019\/04\/agence-web-les-trouvailles-d-elsa.png\" alt=\"agence web les trouvailles d'elsa\" \/><img decoding=\"async\" class=\"img-client\" src=\"https:\/\/www.alioze.com\/wp-content\/uploads\/2016\/02\/agence-web-de-camille-fournet.png\" alt=\"agence-web-de-camille fournet\" \/><img decoding=\"async\" class=\"img-client\" src=\"https:\/\/www.alioze.com\/wp-content\/uploads\/2020\/05\/agence-web-lvmh-2.png\" alt=\"agence-web-lvmh\" \/><img decoding=\"async\" class=\"img-client\" src=\"https:\/\/www.alioze.com\/wp-content\/uploads\/2019\/07\/agence-web-de-dior-2.png\" alt=\"agence web dior\" \/><img decoding=\"async\" class=\"img-client\" src=\"https:\/\/www.alioze.com\/wp-content\/uploads\/2016\/02\/agence-web-de-guerling-paris.png\" alt=\"agence-web-de-guerling-paris\" \/><img decoding=\"async\" class=\"img-client\" src=\"https:\/\/www.alioze.com\/wp-content\/uploads\/2021\/01\/agence-communication-nesslana-joaillerie.png\" alt=\"agence communication nesslana joaillerie\" \/><img decoding=\"async\" class=\"img-client\" src=\"https:\/\/www.alioze.com\/wp-content\/uploads\/2016\/02\/agence-web-de-allison.png\" alt=\"agence-web-de-allison\" \/><img decoding=\"async\" class=\"img-client\" src=\"https:\/\/www.alioze.com\/wp-content\/uploads\/2016\/02\/agence-web-de-allthemust.png\" alt=\"agence-web-de-allthemust\" \/><img decoding=\"async\" class=\"img-client\" src=\"https:\/\/www.alioze.com\/wp-content\/uploads\/2021\/05\/agence-communication-mesh-jewellery.png\" alt=\"agence communication mesh jewellery\" \/><img decoding=\"async\" class=\"img-client\" src=\"https:\/\/www.alioze.com\/wp-content\/uploads\/2021\/12\/agence-communication-louis-julian.png\" alt=\"agence communication bijouterie louis julian\" \/><\/div>\n<p>&nbsp;<\/p>\n<p><span style=\"font-weight: 400;\">Depuis plus d\u2019une dizaine d\u2019ann\u00e9es, Alioze \u00e9labore pour ses clients des strat\u00e9gies de communication sur-mesure leur permettant des gains notables de notori\u00e9t\u00e9 ainsi qu\u2019une augmentation du volume de leurs ventes. Faites comme plus de 250 marques qui ont d\u00e9j\u00e0 fait appel \u00e0 nous et \u00e9prouv\u00e9 nos m\u00e9thodes. <\/span><\/p>\n<p><span style=\"font-weight: 400;\">Agence de communication sp\u00e9cialis\u00e9e bijou et joaillerie, Alioze s\u2019adresse \u00e0 une grande diversit\u00e9 de profils de professionnels, petits et grands :\u00a0<\/span><\/p>\n<ul>\n<li>Cr\u00e9ateurs ind\u00e9pendants de bijoux qui sont en phase de lancement de leur marque ou qui souhaitent la faire \u00e9merger.<\/li>\n<li>Commer\u00e7ants poss\u00e9dant une boutique en ligne ou un magasin physique ayant plusieurs r\u00e9f\u00e9rences de bijoux.<\/li>\n<li>Grandes marques ind\u00e9pendantes ou faisant parties de grands groupes d\u00e9sireux d&rsquo;am\u00e9liorer encore leur notori\u00e9t\u00e9 et visibilit\u00e9.<\/li>\n<\/ul>\n<p>Notre expertise recouvre ainsi un champ tr\u00e8s large de bijoux et joaillerie : des bijoux fantaisies \u00e0 l&rsquo;orf\u00e8vrerie et \u00e0 la bijouterie de luxe &amp; haute joaillerie.<\/p>\n<p>&nbsp;<\/p>\n<p>&nbsp;<\/p>\n<h2>Besoin d&rsquo;aide pour votre entreprise de bijoux et de joaillerie ?<\/h2>\n<p style=\"text-align: center;\">Notre agence est ouverte de 9H30 \u00e0 19H00 du lundi au vendredi.<\/p>\n<p style=\"text-align: center;\">N&rsquo;h\u00e9sitez pas \u00e0 nous contacter par t\u00e9l\u00e9phone au <a href=\"tel:+33183622184\"> +33 (0) 1 83 62 21 84<\/a> ou en remplissant ce court formulaire :<\/p>\n\n<div class=\"wpcf7 no-js\" id=\"wpcf7-f4885-o1\" lang=\"fr-FR\" dir=\"ltr\" data-wpcf7-id=\"4885\">\n<div class=\"screen-reader-response\"><p role=\"status\" aria-live=\"polite\" aria-atomic=\"true\"><\/p> <ul><\/ul><\/div>\n<form action=\"\/be\/wp-json\/wp\/v2\/pages\/10516#wpcf7-f4885-o1\" method=\"post\" class=\"wpcf7-form init\" aria-label=\"Formulaire de contact\" novalidate=\"novalidate\" data-status=\"init\">\n<fieldset class=\"hidden-fields-container\"><input type=\"hidden\" name=\"_wpcf7\" value=\"4885\" \/><input type=\"hidden\" name=\"_wpcf7_version\" value=\"6.1.5\" \/><input type=\"hidden\" name=\"_wpcf7_locale\" value=\"fr_FR\" \/><input type=\"hidden\" name=\"_wpcf7_unit_tag\" value=\"wpcf7-f4885-o1\" \/><input type=\"hidden\" name=\"_wpcf7_container_post\" value=\"0\" \/><input type=\"hidden\" name=\"_wpcf7_posted_data_hash\" value=\"\" \/><input type=\"hidden\" name=\"_wpcf7_recaptcha_response\" value=\"\" \/>\n<\/fieldset>\n<div class=\"form-group\">\n\t<p><span class=\"wpcf7-form-control-wrap\" data-name=\"contact-name\"><input size=\"40\" maxlength=\"400\" class=\"wpcf7-form-control wpcf7-text wpcf7-validates-as-required form-control\" aria-required=\"true\" aria-invalid=\"false\" placeholder=\"Votre nom *\" value=\"\" type=\"text\" name=\"contact-name\" \/><\/span>\n\t<\/p>\n<\/div>\n<div class=\"form-group\">\n\t<p><span class=\"wpcf7-form-control-wrap\" data-name=\"contact-telephone\"><input size=\"40\" maxlength=\"400\" class=\"wpcf7-form-control wpcf7-text wpcf7-validates-as-required form-control\" aria-required=\"true\" aria-invalid=\"false\" placeholder=\"Votre num\u00e9ro de t\u00e9l\u00e9phone *\" value=\"\" type=\"text\" name=\"contact-telephone\" \/><\/span>\n\t<\/p>\n<\/div>\n<div class=\"form-group\">\n\t<p><span class=\"wpcf7-form-control-wrap\" data-name=\"contact-email\"><input size=\"40\" maxlength=\"400\" class=\"wpcf7-form-control wpcf7-email wpcf7-validates-as-required wpcf7-text wpcf7-validates-as-email form-control\" aria-required=\"true\" aria-invalid=\"false\" placeholder=\"Votre e-mail *\" value=\"\" type=\"email\" name=\"contact-email\" \/><\/span>\n\t<\/p>\n<\/div>\n<div class=\"form-group\">\n\t<p><span class=\"wpcf7-form-control-wrap\" data-name=\"contact-message\"><textarea cols=\"40\" rows=\"10\" maxlength=\"2000\" class=\"wpcf7-form-control wpcf7-textarea wpcf7-validates-as-required form-control\" aria-required=\"true\" aria-invalid=\"false\" placeholder=\"Votre message *\" name=\"contact-message\"><\/textarea><\/span>\n\t<\/p>\n<\/div>\n<p><span class=\"wpcf7-form-control-wrap\" data-name=\"checkbox-262\"><span class=\"wpcf7-form-control wpcf7-checkbox wpcf7-validates-as-required\"><span class=\"wpcf7-list-item first last\"><input type=\"checkbox\" name=\"checkbox-262[]\" value=\"J&#039;ai lu et j&#039;accepte les Conditions G\u00e9n\u00e9rales d&#039;Utilisation\" \/><span class=\"wpcf7-list-item-label\">J&#039;ai lu et j&#039;accepte les Conditions G\u00e9n\u00e9rales d&#039;Utilisation<\/span><\/span><\/span><\/span>\n<\/p>\n<div style=\"display:none !important\">\n\t<p><span class=\"wpcf7-form-control-wrap\" data-name=\"pipedrive_hook\"><input size=\"40\" maxlength=\"400\" class=\"wpcf7-form-control wpcf7-text wpcf7-validates-as-required\" aria-required=\"true\" aria-invalid=\"false\" value=\"1\" type=\"text\" name=\"pipedrive_hook\" \/><\/span>\n\t<\/p>\n<\/div>\n<p><input class=\"wpcf7-form-control wpcf7-submit has-spinner btn btn-lg btn-default btn-dark center-block gtm-contact-form-submit\" type=\"submit\" value=\"Envoyer\" \/>\n<\/p><p style=\"display: none !important;\" class=\"akismet-fields-container\" data-prefix=\"_wpcf7_ak_\"><label>&#916;<textarea name=\"_wpcf7_ak_hp_textarea\" cols=\"45\" rows=\"8\" maxlength=\"100\"><\/textarea><\/label><input type=\"hidden\" id=\"ak_js_1\" name=\"_wpcf7_ak_js\" value=\"216\"\/><script type=\"text\/javascript\">\n\/* <![CDATA[ *\/\ndocument.getElementById( \"ak_js_1\" ).setAttribute( \"value\", ( new Date() ).getTime() );\n\/* ]]> *\/\n<\/script>\n<\/p><div class=\"wpcf7-response-output\" aria-hidden=\"true\"><\/div>\n<\/form>\n<\/div>\n\n<p>&nbsp;<\/p>\n<p>&nbsp;<\/p>\n<h2>Joaillerie et communication sur le web : focus<\/h2>\n<\/div><\/div><div class=\"container-fluid\" style=\"padding:0\"><div id=\"3e5e2c7d\" class=\"imgFull lazyload\" style=\"height:350px;background-image:inherit;background-position:center;background-repeat:no-repeat;moz-background-size:cover;background-size: cover;\" data-bg-image=\"url(https:\/\/www.alioze.com\/wp-content\/uploads\/2020\/05\/industrie-joaillerie-statistiques-chiffres.jpg)\"><\/div><\/div><div class=\"container\"><div class=\"col-xs-12\">\n<p>&nbsp;<\/p>\n<p>De la m\u00eame mani\u00e8re que les <a href=\"https:\/\/www.alioze.com\/agence-communication-horlogerie\/\">professionnels de l&rsquo;horlogerie<\/a> ont tard\u00e9 \u00e0 prendre la mesure de l&rsquo;importance voire parfois de la dimension vitale d&rsquo;une pr\u00e9sence en ligne, les sp\u00e9cialistes de la bijouterie &amp; joaillerie ont montr\u00e9 une certaine r\u00e9ticence, craignant eux aussi d&rsquo;\u00e9corcher leur image de marque ou de court-circuiter leurs distributeurs.<\/p>\n<p>La situation actuelle montre qu&rsquo;une pr\u00e9sence en ligne permet non seulement d&rsquo;am\u00e9liorer l&rsquo;image de marque des diff\u00e9rentes enseignes mais \u00e9galement d&rsquo;offrir une exp\u00e9rience d&rsquo;achat totalement satisfaisante.<\/p>\n<p>Indispensable, cette pr\u00e9sence en ligne doit n\u00e9anmoins \u00eatre r\u00e9\u00e9tudi\u00e9e \u00e0 chaque instant pour qu&rsquo;elle soit couronn\u00e9e de succ\u00e8s :<\/p>\n<ul>\n<li>Votre site est-il responsive et offre-t-il une exp\u00e9rience utilisateur \u00e0 la hauteur de votre image de marque ?<\/li>\n<li>Votre charte graphique est-elle en ad\u00e9quation avec votre positionnement ?<\/li>\n<li>Avez-vous s\u00e9lectionn\u00e9 les bons titres de presse, au bon moment, pour la parution de vos campagnes ?<\/li>\n<li>Avez-vous fait appel aux bons influenceurs ?<\/li>\n<li>Enfin, votre contenu est-il optimis\u00e9 SEO, vous permettant d&rsquo;\u00eatre r\u00e9f\u00e9renc\u00e9 parmi les tous premiers sur les moteurs de recherche ?<\/li>\n<\/ul>\n<p>Ensemble nous nous efforcerons de r\u00e9pondre par l&rsquo;affirmative \u00e0 toutes ces questions.<\/p>\n<p>&nbsp;<\/p>\n<p>&nbsp;<\/p>\n<h2><span style=\"color: #333333;\"><a style=\"color: #333333;\" href=\"https:\/\/www.alioze.com\/be\/secteurs\" target=\"_blank\" rel=\"noopener\">Secteurs<\/a><\/span> dans lesquels l&rsquo;agence Alioze est sp\u00e9cialis\u00e9e<\/h2>\n<p style=\"text-align: center;\">Vous \u00eates bas\u00e9s \u00e0 Bruxelles, Anvers ou Charleroi ?<br \/>\nNotre agence s\u2019occupe de votre dossier o\u00f9 que vous soyez.<\/p>\n","protected":false},"excerpt":{"rendered":"<p>Vous recherchez une agence de communication sp\u00e9cialis\u00e9e bijou et joaillerie en Belgique ? Bienvenue chez Alioze. Vous souhaitez donner plus de visibilit\u00e9 \u00e0 votre marque et acqu\u00e9rir de nouveaux clients ? Vous d\u00e9sirez confier la mise en place de vos campagnes de communication, de votre strat\u00e9gie marketing ou de vos relations presse et influenceurs \u00e0 [&hellip;]<\/p>\n","protected":false},"author":6,"featured_media":10501,"parent":0,"menu_order":0,"comment_status":"closed","ping_status":"closed","template":"page-no-title.php","meta":{"_acf_changed":false,"footnotes":""},"class_list":["post-10516","page","type-page","status-publish","has-post-thumbnail","hentry"],"acf":[],"aioseo_notices":[],"amp_enabled":false,"_links":{"self":[{"href":"https:\/\/www.alioze.com\/be\/wp-json\/wp\/v2\/pages\/10516","targetHints":{"allow":["GET"]}}],"collection":[{"href":"https:\/\/www.alioze.com\/be\/wp-json\/wp\/v2\/pages"}],"about":[{"href":"https:\/\/www.alioze.com\/be\/wp-json\/wp\/v2\/types\/page"}],"author":[{"embeddable":true,"href":"https:\/\/www.alioze.com\/be\/wp-json\/wp\/v2\/users\/6"}],"replies":[{"embeddable":true,"href":"https:\/\/www.alioze.com\/be\/wp-json\/wp\/v2\/comments?post=10516"}],"version-history":[{"count":14,"href":"https:\/\/www.alioze.com\/be\/wp-json\/wp\/v2\/pages\/10516\/revisions"}],"predecessor-version":[{"id":26848,"href":"https:\/\/www.alioze.com\/be\/wp-json\/wp\/v2\/pages\/10516\/revisions\/26848"}],"wp:featuredmedia":[{"embeddable":true,"href":"https:\/\/www.alioze.com\/be\/wp-json\/wp\/v2\/media\/10501"}],"wp:attachment":[{"href":"https:\/\/www.alioze.com\/be\/wp-json\/wp\/v2\/media?parent=10516"}],"curies":[{"name":"wp","href":"https:\/\/api.w.org\/{rel}","templated":true}]}}