{"id":10303,"date":"2020-04-28T13:10:54","date_gmt":"2020-04-28T12:10:54","guid":{"rendered":"https:\/\/www.alioze.com\/agence-outbrain\/"},"modified":"2020-06-11T17:53:03","modified_gmt":"2020-06-11T16:53:03","slug":"agence-outbrain","status":"publish","type":"page","link":"https:\/\/www.alioze.com\/be\/outbrain\/","title":{"rendered":"Agence Outbrain"},"content":{"rendered":"<\/div><\/div>\n\t<section class=\"headertitle lazyload\" style=\"background-image:inherit;\" data-bg-image=\"url(https:\/\/www.alioze.com\/wp-content\/themes\/alioze2016\/img\/alioze-aquisition-seo-sem-rp-relation-presse.jpg)\">\n\t\t<div id=\"breadcrumbs\">\n\t\t\t\t\t\t<span>\t\t\t\t\t<a href=\"https:\/\/www.alioze.com\/be\/\">Home<\/a>\n\t\t\t\t\t > \t\t\t\t\t<a href=\"https:\/\/www.alioze.com\/be\/blog\">Le Blog<\/a>\n\t\t\t\t\t > <\/span>\n\t\t\t\t\t<\/div>\n\t\t\t\t<div class=\"content-a\">\n\t\t\t\t\t<div class=\"parralax-centertext text-center\">\n\n\t\t\t\t\t\t<h1>Agence Outbrain<\/h1>\n\t\t\t\t\t\t<span class=\"baseline\">Belgique<\/span>\n\t\t\t\t\t<\/div>\n\t\t\t\t<\/div>\n\t\t\t<\/section>\n\t\t\t<div class=\"container\">\n\t\t\t<div class=\"col-xs-12\">\n<p style=\"text-align: center;\"><span style=\"font-weight: 400;\">Vous \u00eates \u00e0 la recherche d\u2019une<\/span><b> agence sp\u00e9cialis\u00e9e Outbrain<\/b><span style=\"font-weight: 400;\"> ?\u00a0 Welcome !<\/span><\/p>\n<p style=\"text-align: center;\"><span style=\"font-weight: 400;\">Vous souhaitez pour vos campagnes b\u00e9n\u00e9ficier de tous les avantages de la <\/span><b>publicit\u00e9 native<\/b><span style=\"font-weight: 400;\"> et jouir d\u2019un acc\u00e8s privil\u00e9gi\u00e9 aux grands m\u00e9dias nationaux et internationaux ?<\/span><\/p>\n<p style=\"text-align: center;\"><span style=\"font-weight: 400;\">Alioze est une agence de communication digitale sp\u00e9cialis\u00e9e Outbrain qui vous aide \u00e0 b\u00e2tir et \u00e0 optimiser vos campagnes de publicit\u00e9 native.<\/span><\/p>\n<\/div><\/div><div class=\"container-fluid\" style=\"padding:0\"><div id=\"cba5b03e\" class=\"imgFull lazyload\" style=\"height:350px;background-image:inherit;background-position:center;background-repeat:no-repeat;moz-background-size:cover;background-size: cover;\" data-bg-image=\"url(https:\/\/www.alioze.com\/wp-content\/uploads\/2020\/06\/agence-publicite-native-outbrain.jpg)\"><\/div><\/div><div class=\"container\"><div class=\"col-xs-12\">\n<p>&nbsp;<\/p>\n<h2>Les avantages de la publicit\u00e9 native<\/h2>\n<p><span style=\"font-weight: 400;\">La publicit\u00e9 native \u2013 ou native advertising en anglais \u2013 est un format publicitaire qui permet par sa forte int\u00e9gration aux contenus \u00e9ditoriaux classiques d\u2019avoir davantage d\u2019impact sur les internautes et d\u2019\u00e9viter ainsi le ph\u00e9nom\u00e8ne de banner blindness : cette banni\u00e8re publicitaire que l\u2019on ne regarde m\u00eame plus car notre cerveau l\u2019a imm\u00e9diatement identifi\u00e9e comme \u00e9tant de la publicit\u00e9 et rejet\u00e9e comme telle.<\/span><\/p>\n<p><span style=\"font-weight: 400;\">La publicit\u00e9 native est tr\u00e8s int\u00e9ressante car elle permet de capter l\u2019attention d\u2019une cible d\u00e9j\u00e0 en recherche d\u2019informations pour se renseigner dans un domaine et faire le bon choix.<\/span><\/p>\n<p><span style=\"font-weight: 400;\">La technologie d\u2019Outbrain consiste en l\u2019installation de <\/span><b>recommandations personnalis\u00e9es<\/b><span style=\"font-weight: 400;\"> \u00e0 la suite des contenus \u00e9ditoriaux de ses sites partenaires.<\/span><\/p>\n<p><span style=\"font-weight: 400;\">Des grandes multinationales aux PME, des centaines d\u2019entreprises choisissent chaque ann\u00e9e Outbrain pour leurs campagnes de publicit\u00e9 native.<\/span><\/p>\n<div id=\"attachment_10268\" class=\"wp-caption alignnone\" ><a href=\"https:\/\/www.alioze.com\/wp-content\/uploads\/2020\/04\/Capture-d\u2019e\u0301cran-2020-04-23-a\u0300-16.00.53.png\"><img decoding=\"async\" class=\"size-full wp-image-10268 img-responsive center-block lazyload\" data-src=\"https:\/\/www.alioze.com\/wp-content\/uploads\/2020\/04\/Capture-d\u2019e\u0301cran-2020-04-23-a\u0300-16.00.53.png\" alt=\"\" width=\"1247\" height=\"837\" data-srcset=\"https:\/\/www.alioze.com\/wp-content\/uploads\/2020\/04\/Capture-d\u2019e\u0301cran-2020-04-23-a\u0300-16.00.53.png 1247w, https:\/\/www.alioze.com\/wp-content\/uploads\/2020\/04\/Capture-d\u2019e\u0301cran-2020-04-23-a\u0300-16.00.53-300x201.png 300w, https:\/\/www.alioze.com\/wp-content\/uploads\/2020\/04\/Capture-d\u2019e\u0301cran-2020-04-23-a\u0300-16.00.53-1024x687.png 1024w, https:\/\/www.alioze.com\/wp-content\/uploads\/2020\/04\/Capture-d\u2019e\u0301cran-2020-04-23-a\u0300-16.00.53-768x515.png 768w\" data-sizes=\"(max-width: 1247px) 100vw, 1247px\" src=\"data:image\/svg+xml;base64,PHN2ZyB3aWR0aD0iMSIgaGVpZ2h0PSIxIiB4bWxucz0iaHR0cDovL3d3dy53My5vcmcvMjAwMC9zdmciPjwvc3ZnPg==\" style=\"--smush-placeholder-width: 1247px; --smush-placeholder-aspect-ratio: 1247\/837;\" \/><\/a><p class=\"wp-caption-text\">Annonceurs ayant choisi Outbrain pour leurs campagnes de publicit\u00e9 native<\/p><\/div>\n<\/div><\/div>\n\t<section class=\"quickcontact lazyload\" style=\"background-image:inherit;\" data-bg-image=\"url(https:\/\/www.alioze.com\/wp-content\/themes\/alioze2016\/img\/alioze-aquisition-seo-sem-rp-relation-presse.jpg)\">\n\t\t\t\t<div class=\"content-a\">\n\t\t\t\t\t<div class=\"parralax-centertext\">\n\t\t\t\t\t\t<div class=\"container\">\n\t\t\t\t\t\t\t\t<div class=\"col-xs-12 col-sm-6 col-sm-offset-1 col-md-7 col-md-offset-1 quickcontact-text\">\n\t\t\t\t\t\t\t\tAlioze, le choix d'une agence de communication sp\u00e9cialis\u00e9e Outbrain\n\t\t\t\t\t\t\t\t<\/div>\n\t\t\t\t\t\t\t\t<div class=\"col-xs-12 col-sm-4 col-md-3\">\n\t\t\t\t\t\t\t\t<a href=\"https:\/\/www.alioze.com\/be\/contact\" class=\"btn btn-lg btn-default  center-block\">Prenez contact<\/a>\n\t\t\t\t\t\t\t\t<\/div>\n\t\t\t\t\t\t<\/div>\n\t\t\t\t\t<\/div>\n\t\t\t\t<\/div>\n\t\t\t<\/section>\n\t\t\t<div class=\"container\">\n\t\t\t<div class=\"col-xs-12\">\n<p>&nbsp;<\/p>\n<p>&nbsp;<\/p>\n<h2>Un acc\u00e8s aux grands m\u00e9dias nationaux et internationaux<\/h2>\n<p><span style=\"font-weight: 400;\">Faire appel \u00e0 Alioze pour ses campagnes Outbrain, c\u2019est s\u2019offrir une visibilit\u00e9 sur les grand m\u00e9dias nationaux et internationaux qui offrent un contenu \u00e9ditorial de tr\u00e8s grande qualit\u00e9. En effet, Outbrain compte parmi ses partenaires des marques prestigieuses telles que Le Monde, France T\u00e9l\u00e9visions, Les Echos, Orange, Le Parisien, BBC, CNN, El Pais, The Washington Post, MSN, The Guardian, et beaucoup d\u2019autres.<\/span><\/p>\n<h2><\/h2>\n<h2>Nos prestations Outbrain<\/h2>\n<p><span style=\"font-weight: 400;\">En tant qu\u2019agence sp\u00e9cialis\u00e9e Outbrain, Alioze vous accompagne tout au long de vos campagnes Outbrain : <\/span><\/p>\n<ul>\n<li><span style=\"font-weight: 400;\">D\u00e9finition des objectifs de communication<\/span><\/li>\n<li>R\u00e9daction d&rsquo;un contenu \u00e9ditorial adapt\u00e9 et optimis\u00e9<\/li>\n<li>S\u00e9lection d&rsquo;une liste de m\u00e9dias et de th\u00e8mes \u00e0 sponsoriser<\/li>\n<li>Mise en oeuvre de la campagne et analyse des r\u00e9sultats<\/li>\n<\/ul>\n<p>&nbsp;<\/p>\n<h2>Besoin d&rsquo;aide pour vos campagnes Outbrain ?<\/h2>\n<p style=\"text-align: center;\">Notre agence est ouverte de 9H30 \u00e0 19H00 du lundi au vendredi.<\/p>\n<p style=\"text-align: center;\">N&rsquo;h\u00e9sitez pas \u00e0 nous contacter par t\u00e9l\u00e9phone au <a href=\"tel:+33183622184\"> +33 (0) 1 83 62 21 84<\/a> ou en remplissant ce court formulaire :<\/p>\n\n<div class=\"wpcf7 no-js\" id=\"wpcf7-f4885-o1\" lang=\"fr-FR\" dir=\"ltr\" data-wpcf7-id=\"4885\">\n<div class=\"screen-reader-response\"><p role=\"status\" aria-live=\"polite\" aria-atomic=\"true\"><\/p> <ul><\/ul><\/div>\n<form action=\"\/be\/wp-json\/wp\/v2\/pages\/10303#wpcf7-f4885-o1\" method=\"post\" class=\"wpcf7-form init\" aria-label=\"Formulaire de contact\" novalidate=\"novalidate\" data-status=\"init\">\n<fieldset class=\"hidden-fields-container\"><input type=\"hidden\" name=\"_wpcf7\" value=\"4885\" \/><input type=\"hidden\" name=\"_wpcf7_version\" value=\"6.1.5\" \/><input type=\"hidden\" name=\"_wpcf7_locale\" value=\"fr_FR\" \/><input type=\"hidden\" name=\"_wpcf7_unit_tag\" value=\"wpcf7-f4885-o1\" \/><input type=\"hidden\" name=\"_wpcf7_container_post\" value=\"0\" \/><input type=\"hidden\" name=\"_wpcf7_posted_data_hash\" value=\"\" \/><input type=\"hidden\" name=\"_wpcf7_recaptcha_response\" value=\"\" \/>\n<\/fieldset>\n<div class=\"form-group\">\n\t<p><span class=\"wpcf7-form-control-wrap\" data-name=\"contact-name\"><input size=\"40\" maxlength=\"400\" class=\"wpcf7-form-control wpcf7-text wpcf7-validates-as-required form-control\" aria-required=\"true\" aria-invalid=\"false\" placeholder=\"Votre nom *\" value=\"\" type=\"text\" name=\"contact-name\" \/><\/span>\n\t<\/p>\n<\/div>\n<div class=\"form-group\">\n\t<p><span class=\"wpcf7-form-control-wrap\" data-name=\"contact-telephone\"><input size=\"40\" maxlength=\"400\" class=\"wpcf7-form-control wpcf7-text wpcf7-validates-as-required form-control\" aria-required=\"true\" aria-invalid=\"false\" placeholder=\"Votre num\u00e9ro de t\u00e9l\u00e9phone *\" value=\"\" type=\"text\" name=\"contact-telephone\" \/><\/span>\n\t<\/p>\n<\/div>\n<div class=\"form-group\">\n\t<p><span class=\"wpcf7-form-control-wrap\" data-name=\"contact-email\"><input size=\"40\" maxlength=\"400\" class=\"wpcf7-form-control wpcf7-email wpcf7-validates-as-required wpcf7-text wpcf7-validates-as-email form-control\" aria-required=\"true\" aria-invalid=\"false\" placeholder=\"Votre e-mail *\" value=\"\" type=\"email\" name=\"contact-email\" \/><\/span>\n\t<\/p>\n<\/div>\n<div class=\"form-group\">\n\t<p><span class=\"wpcf7-form-control-wrap\" data-name=\"contact-message\"><textarea cols=\"40\" rows=\"10\" maxlength=\"2000\" class=\"wpcf7-form-control wpcf7-textarea wpcf7-validates-as-required form-control\" aria-required=\"true\" aria-invalid=\"false\" placeholder=\"Votre message *\" name=\"contact-message\"><\/textarea><\/span>\n\t<\/p>\n<\/div>\n<p><span class=\"wpcf7-form-control-wrap\" data-name=\"checkbox-262\"><span class=\"wpcf7-form-control wpcf7-checkbox wpcf7-validates-as-required\"><span class=\"wpcf7-list-item first last\"><input type=\"checkbox\" name=\"checkbox-262[]\" value=\"J&#039;ai lu et j&#039;accepte les Conditions G\u00e9n\u00e9rales d&#039;Utilisation\" \/><span class=\"wpcf7-list-item-label\">J&#039;ai lu et j&#039;accepte les Conditions G\u00e9n\u00e9rales d&#039;Utilisation<\/span><\/span><\/span><\/span>\n<\/p>\n<div style=\"display:none !important\">\n\t<p><span class=\"wpcf7-form-control-wrap\" data-name=\"pipedrive_hook\"><input size=\"40\" maxlength=\"400\" class=\"wpcf7-form-control wpcf7-text wpcf7-validates-as-required\" aria-required=\"true\" aria-invalid=\"false\" value=\"1\" type=\"text\" name=\"pipedrive_hook\" \/><\/span>\n\t<\/p>\n<\/div>\n<p><input class=\"wpcf7-form-control wpcf7-submit has-spinner btn btn-lg btn-default btn-dark center-block gtm-contact-form-submit\" type=\"submit\" value=\"Envoyer\" \/>\n<\/p><p style=\"display: none !important;\" class=\"akismet-fields-container\" data-prefix=\"_wpcf7_ak_\"><label>&#916;<textarea name=\"_wpcf7_ak_hp_textarea\" cols=\"45\" rows=\"8\" maxlength=\"100\"><\/textarea><\/label><input type=\"hidden\" id=\"ak_js_1\" name=\"_wpcf7_ak_js\" value=\"19\"\/><script>document.getElementById( \"ak_js_1\" ).setAttribute( \"value\", ( new Date() ).getTime() );<\/script><\/p><div class=\"wpcf7-response-output\" aria-hidden=\"true\"><\/div>\n<\/form>\n<\/div>\n\n<p>&nbsp;<\/p>\n<h2>Votre secteur d&rsquo;activit\u00e9<\/h2>\n<div class=\"row teamblock\">\n<div class=\"col-xs-12 col-md-4 teamblock-column\">\n<div class=\"row\">\n<div class=\"col-xs-4 col-md-12\"><a href=\"https:\/\/www.alioze.com\/be\/agence-communication-beaute\/\" target=\"_blank\" rel=\"noopener noreferrer\"><img decoding=\"async\" class=\"img-responsive alignnone lazyload\" title=\"agence communication sp\u00e9cialis\u00e9e beaut\u00e9\" data-src=\"https:\/\/www.alioze.com\/wp-content\/uploads\/2020\/04\/agence-communication-specialisee-beaute.jpg\" alt=\"Agence communication sp\u00e9cialis\u00e9e beaut\u00e9\" width=\"300\" height=\"225\" src=\"data:image\/svg+xml;base64,PHN2ZyB3aWR0aD0iMSIgaGVpZ2h0PSIxIiB4bWxucz0iaHR0cDovL3d3dy53My5vcmcvMjAwMC9zdmciPjwvc3ZnPg==\" style=\"--smush-placeholder-width: 300px; --smush-placeholder-aspect-ratio: 300\/225;\" \/><\/a><\/div>\n<div class=\"col-xs-8 col-md-12\" style=\"text-align: center;\"><a href=\"https:\/\/www.alioze.com\/be\/agence-communication-beaute\/\" target=\"_blank\" rel=\"noopener noreferrer\">Beaut\u00e9<\/a><\/div>\n<\/div>\n<\/div>\n<div class=\"col-xs-12 col-md-4 teamblock-column\">\n<div class=\"row\">\n<div class=\"col-xs-4 col-md-12\"><a href=\"https:\/\/www.alioze.com\/be\/agence-communication-mode\/\" target=\"_blank\" rel=\"noopener noreferrer\"><img decoding=\"async\" class=\"img-responsive alignnone lazyload\" title=\"agence communication sp\u00e9cialis\u00e9e mode\" data-src=\"https:\/\/www.alioze.com\/wp-content\/uploads\/2020\/04\/agence-communication-specialisee-mode.jpg\" alt=\"Agence communication sp\u00e9cialis\u00e9e mode\" width=\"300\" height=\"225\" src=\"data:image\/svg+xml;base64,PHN2ZyB3aWR0aD0iMSIgaGVpZ2h0PSIxIiB4bWxucz0iaHR0cDovL3d3dy53My5vcmcvMjAwMC9zdmciPjwvc3ZnPg==\" style=\"--smush-placeholder-width: 300px; --smush-placeholder-aspect-ratio: 300\/225;\" \/><\/a><\/div>\n<div class=\"col-xs-8 col-md-12\" style=\"text-align: center;\"><a href=\"https:\/\/www.alioze.com\/be\/agence-communication-mode\/\" target=\"_blank\" rel=\"noopener noreferrer\">Mode<\/a><\/div>\n<\/div>\n<\/div>\n<div class=\"col-xs-12 col-md-4 teamblock-column\">\n<div class=\"row\">\n<div class=\"col-xs-4 col-md-12\"><a href=\"https:\/\/www.alioze.com\/be\/agence-communication-luxe\/\" target=\"_blank\" rel=\"noopener noreferrer\"><img decoding=\"async\" class=\"img-responsive alignnone lazyload\" title=\"agence communication sp\u00e9cialis\u00e9e luxe\" data-src=\"https:\/\/www.alioze.com\/wp-content\/uploads\/2020\/04\/agence-communication-specialisee-luxe.jpg\" alt=\"Agence communication sp\u00e9cialis\u00e9e luxe\" width=\"300\" height=\"225\" src=\"data:image\/svg+xml;base64,PHN2ZyB3aWR0aD0iMSIgaGVpZ2h0PSIxIiB4bWxucz0iaHR0cDovL3d3dy53My5vcmcvMjAwMC9zdmciPjwvc3ZnPg==\" style=\"--smush-placeholder-width: 300px; --smush-placeholder-aspect-ratio: 300\/225;\" \/><\/a><\/div>\n<div class=\"col-xs-8 col-md-12\" style=\"text-align: center;\"><a href=\"https:\/\/www.alioze.com\/be\/agence-communication-luxe\/\" target=\"_blank\" rel=\"noopener noreferrer\">Luxe<\/a><\/div>\n<\/div>\n<\/div>\n<\/div>\n<div class=\"row teamblock\">\n<div class=\"col-xs-12 col-md-4 teamblock-column\">\n<div class=\"row\">\n<div class=\"col-xs-4 col-md-12\"><a href=\"https:\/\/www.alioze.com\/be\/agence-web-hotellerie\/\" target=\"_blank\" rel=\"noopener noreferrer\"><img decoding=\"async\" class=\"img-responsive alignnone lazyload\" title=\"agence communication sp\u00e9cialis\u00e9e hotellerie\" data-src=\"https:\/\/www.alioze.com\/wp-content\/uploads\/2020\/04\/agence-communication-specialisee-hotellerie.jpg\" alt=\"Agence communication sp\u00e9cialis\u00e9e hotellerie\" width=\"300\" height=\"225\" src=\"data:image\/svg+xml;base64,PHN2ZyB3aWR0aD0iMSIgaGVpZ2h0PSIxIiB4bWxucz0iaHR0cDovL3d3dy53My5vcmcvMjAwMC9zdmciPjwvc3ZnPg==\" style=\"--smush-placeholder-width: 300px; --smush-placeholder-aspect-ratio: 300\/225;\" \/><\/a><\/div>\n<div class=\"col-xs-8 col-md-12\" style=\"text-align: center;\"><a href=\"https:\/\/www.alioze.com\/be\/agence-web-hotellerie\/\" target=\"_blank\" rel=\"noopener noreferrer\">H\u00f4tellerie<\/a><\/div>\n<\/div>\n<\/div>\n<div class=\"col-xs-12 col-md-4 teamblock-column\">\n<div class=\"row\">\n<div class=\"col-xs-4 col-md-12\"><a href=\"https:\/\/www.alioze.com\/be\/agence-web-specialisee-tourisme\/\" target=\"_blank\" rel=\"noopener noreferrer\"><img decoding=\"async\" class=\"img-responsive alignnone lazyload\" title=\"agence communication sp\u00e9cialis\u00e9e tourisme\" data-src=\"https:\/\/www.alioze.com\/wp-content\/uploads\/2020\/04\/agence-communication-specialisee-tourisme.jpg\" alt=\"Agence communication sp\u00e9cialis\u00e9e tourisme\" width=\"300\" height=\"225\" src=\"data:image\/svg+xml;base64,PHN2ZyB3aWR0aD0iMSIgaGVpZ2h0PSIxIiB4bWxucz0iaHR0cDovL3d3dy53My5vcmcvMjAwMC9zdmciPjwvc3ZnPg==\" style=\"--smush-placeholder-width: 300px; --smush-placeholder-aspect-ratio: 300\/225;\" \/><\/a><\/div>\n<div class=\"col-xs-8 col-md-12\" style=\"text-align: center;\"><a href=\"https:\/\/www.alioze.com\/be\/agence-web-specialisee-tourisme\/\" target=\"_blank\" rel=\"noopener noreferrer\">Tourisme<\/a><\/div>\n<\/div>\n<\/div>\n<div class=\"col-xs-12 col-md-4 teamblock-column\">\n<div class=\"row\">\n<div class=\"col-xs-4 col-md-12\"><a href=\"https:\/\/www.alioze.com\/be\/agence-communication-restaurant-gastronomie\/\" target=\"_blank\" rel=\"noopener noreferrer\"><img decoding=\"async\" class=\"img-responsive alignnone lazyload\" title=\"agence communication sp\u00e9cialis\u00e9e restaurant\" data-src=\"https:\/\/www.alioze.com\/wp-content\/uploads\/2020\/04\/agence-communication-specialisee-restaurant.jpg\" alt=\"Agence communication sp\u00e9cialis\u00e9e restaurant\" width=\"300\" height=\"225\" src=\"data:image\/svg+xml;base64,PHN2ZyB3aWR0aD0iMSIgaGVpZ2h0PSIxIiB4bWxucz0iaHR0cDovL3d3dy53My5vcmcvMjAwMC9zdmciPjwvc3ZnPg==\" style=\"--smush-placeholder-width: 300px; --smush-placeholder-aspect-ratio: 300\/225;\" \/><\/a><\/div>\n<div class=\"col-xs-8 col-md-12\" style=\"text-align: center;\"><a href=\"https:\/\/www.alioze.com\/be\/agence-communication-restaurant-gastronomie\/\" target=\"_blank\" rel=\"noopener noreferrer\">Restaurant et gastronomie<\/a><\/div>\n<\/div>\n<\/div>\n<\/div>\n<div class=\"row teamblock\">\n<div class=\"col-xs-12 col-md-4 teamblock-column\">\n<div class=\"row\">\n<div class=\"col-xs-4 col-md-12\"><a href=\"https:\/\/www.alioze.com\/agence-web-education\" target=\"_blank\" rel=\"noopener noreferrer\"><img decoding=\"async\" class=\"img-responsive alignnone lazyload\" title=\"agence communication sp\u00e9cialis\u00e9e \u00e9ducation\" data-src=\"https:\/\/www.alioze.com\/wp-content\/uploads\/2020\/04\/agence-communication-specialisee-education.jpg\" alt=\"Agence communication sp\u00e9cialis\u00e9e \u00e9ducation\" width=\"300\" height=\"225\" src=\"data:image\/svg+xml;base64,PHN2ZyB3aWR0aD0iMSIgaGVpZ2h0PSIxIiB4bWxucz0iaHR0cDovL3d3dy53My5vcmcvMjAwMC9zdmciPjwvc3ZnPg==\" style=\"--smush-placeholder-width: 300px; --smush-placeholder-aspect-ratio: 300\/225;\" \/><\/a><\/div>\n<div class=\"col-xs-8 col-md-12\" style=\"text-align: center;\"><a href=\"https:\/\/www.alioze.com\/agence-web-education\" target=\"_blank\" rel=\"noopener noreferrer\">\u00c9ducation et enseignement<\/a><\/div>\n<\/div>\n<\/div>\n<div class=\"col-xs-12 col-md-4 teamblock-column\">\n<div class=\"row\">\n<div class=\"col-xs-4 col-md-12\"><a href=\"https:\/\/www.alioze.com\/be\/agence-web-culture\/\" target=\"_blank\" rel=\"noopener noreferrer\"><img decoding=\"async\" class=\"img-responsive alignnone lazyload\" title=\"agence communication sp\u00e9cialis\u00e9e culture\" data-src=\"https:\/\/www.alioze.com\/wp-content\/uploads\/2020\/04\/agence-communication-specialisee-culture.jpg\" alt=\"Agence communication sp\u00e9cialis\u00e9e culture\" width=\"300\" height=\"225\" src=\"data:image\/svg+xml;base64,PHN2ZyB3aWR0aD0iMSIgaGVpZ2h0PSIxIiB4bWxucz0iaHR0cDovL3d3dy53My5vcmcvMjAwMC9zdmciPjwvc3ZnPg==\" style=\"--smush-placeholder-width: 300px; --smush-placeholder-aspect-ratio: 300\/225;\" \/><\/a><\/div>\n<div class=\"col-xs-8 col-md-12\" style=\"text-align: center;\"><a href=\"https:\/\/www.alioze.com\/be\/agence-web-culture\/\" target=\"_blank\" rel=\"noopener noreferrer\">Culture<\/a><\/div>\n<\/div>\n<\/div>\n<div class=\"col-xs-12 col-md-4 teamblock-column\">\n<div class=\"row\">\n<div class=\"col-xs-4 col-md-12\"><a href=\"https:\/\/www.alioze.com\/be\/agence-communication-sante\/\" target=\"_blank\" rel=\"noopener noreferrer\"><img decoding=\"async\" class=\"img-responsive alignnone lazyload\" title=\"agence communication sp\u00e9cialis\u00e9e sant\u00e9\" data-src=\"https:\/\/www.alioze.com\/wp-content\/uploads\/2020\/04\/agence-communication-specialisee-sante.jpg\" alt=\"Agence communication sp\u00e9cialis\u00e9e sant\u00e9\" width=\"300\" height=\"225\" src=\"data:image\/svg+xml;base64,PHN2ZyB3aWR0aD0iMSIgaGVpZ2h0PSIxIiB4bWxucz0iaHR0cDovL3d3dy53My5vcmcvMjAwMC9zdmciPjwvc3ZnPg==\" style=\"--smush-placeholder-width: 300px; --smush-placeholder-aspect-ratio: 300\/225;\" \/><\/a><\/div>\n<div class=\"col-xs-8 col-md-12\" style=\"text-align: center;\"><a href=\"https:\/\/www.alioze.com\/be\/agence-communication-sante\/\" target=\"_blank\" rel=\"noopener noreferrer\">Sant\u00e9 et m\u00e9dical<\/a><\/div>\n<\/div>\n<\/div>\n<\/div>\n<div class=\"row teamblock\">\n<div class=\"col-xs-12 col-md-4 teamblock-column\">\n<div class=\"row\">\n<div class=\"col-xs-4 col-md-12\"><a href=\"https:\/\/www.alioze.com\/be\/agence-communication-automobile-2\/\" target=\"_blank\" rel=\"noopener noreferrer\"><img decoding=\"async\" class=\"img-responsive alignnone lazyload\" title=\"agence communication sp\u00e9cialis\u00e9e automobile\" data-src=\"https:\/\/www.alioze.com\/wp-content\/uploads\/2020\/04\/agence-communication-specialisee-automobile.jpg\" alt=\"Agence communication sp\u00e9cialis\u00e9e automobile\" width=\"300\" height=\"225\" src=\"data:image\/svg+xml;base64,PHN2ZyB3aWR0aD0iMSIgaGVpZ2h0PSIxIiB4bWxucz0iaHR0cDovL3d3dy53My5vcmcvMjAwMC9zdmciPjwvc3ZnPg==\" style=\"--smush-placeholder-width: 300px; --smush-placeholder-aspect-ratio: 300\/225;\" \/><\/a><\/div>\n<div class=\"col-xs-8 col-md-12\" style=\"text-align: center;\"><a href=\"https:\/\/www.alioze.com\/be\/agence-communication-automobile-2\/\" target=\"_blank\" rel=\"noopener noreferrer\">Automobile<\/a><\/div>\n<\/div>\n<\/div>\n<div class=\"col-xs-12 col-md-4 teamblock-column\">\n<div class=\"row\">\n<div class=\"col-xs-4 col-md-12\"><a href=\"https:\/\/www.alioze.com\/be\/agence-web-immobilier\/\" target=\"_blank\" rel=\"noopener noreferrer\"><img decoding=\"async\" class=\"img-responsive alignnone lazyload\" title=\"agence communication sp\u00e9cialis\u00e9e immobilier\" data-src=\"https:\/\/www.alioze.com\/wp-content\/uploads\/2020\/04\/agence-communication-specialisee-immobilier.jpg\" alt=\"Agence communication sp\u00e9cialis\u00e9e immobilier\" width=\"300\" height=\"225\" src=\"data:image\/svg+xml;base64,PHN2ZyB3aWR0aD0iMSIgaGVpZ2h0PSIxIiB4bWxucz0iaHR0cDovL3d3dy53My5vcmcvMjAwMC9zdmciPjwvc3ZnPg==\" style=\"--smush-placeholder-width: 300px; --smush-placeholder-aspect-ratio: 300\/225;\" \/><\/a><\/div>\n<div class=\"col-xs-8 col-md-12\" style=\"text-align: center;\"><a href=\"https:\/\/www.alioze.com\/be\/agence-web-immobilier\/\" target=\"_blank\" rel=\"noopener noreferrer\">Immobilier<\/a><\/div>\n<\/div>\n<\/div>\n<\/div>\n<p>&nbsp;<\/p>\n","protected":false},"excerpt":{"rendered":"<p>Vous \u00eates \u00e0 la recherche d\u2019une agence sp\u00e9cialis\u00e9e Outbrain ?\u00a0 Welcome ! Vous souhaitez pour vos campagnes b\u00e9n\u00e9ficier de tous les avantages de la publicit\u00e9 native et jouir d\u2019un acc\u00e8s privil\u00e9gi\u00e9 aux grands m\u00e9dias nationaux et internationaux ? Alioze est une agence de communication digitale sp\u00e9cialis\u00e9e Outbrain qui vous aide \u00e0 b\u00e2tir et \u00e0 optimiser [&hellip;]<\/p>\n","protected":false},"author":6,"featured_media":10472,"parent":0,"menu_order":0,"comment_status":"closed","ping_status":"closed","template":"page-no-title.php","meta":{"_acf_changed":false,"footnotes":""},"class_list":["post-10303","page","type-page","status-publish","has-post-thumbnail","hentry"],"acf":[],"aioseo_notices":[],"amp_enabled":false,"_links":{"self":[{"href":"https:\/\/www.alioze.com\/be\/wp-json\/wp\/v2\/pages\/10303","targetHints":{"allow":["GET"]}}],"collection":[{"href":"https:\/\/www.alioze.com\/be\/wp-json\/wp\/v2\/pages"}],"about":[{"href":"https:\/\/www.alioze.com\/be\/wp-json\/wp\/v2\/types\/page"}],"author":[{"embeddable":true,"href":"https:\/\/www.alioze.com\/be\/wp-json\/wp\/v2\/users\/6"}],"replies":[{"embeddable":true,"href":"https:\/\/www.alioze.com\/be\/wp-json\/wp\/v2\/comments?post=10303"}],"version-history":[{"count":3,"href":"https:\/\/www.alioze.com\/be\/wp-json\/wp\/v2\/pages\/10303\/revisions"}],"predecessor-version":[{"id":12186,"href":"https:\/\/www.alioze.com\/be\/wp-json\/wp\/v2\/pages\/10303\/revisions\/12186"}],"wp:featuredmedia":[{"embeddable":true,"href":"https:\/\/www.alioze.com\/be\/wp-json\/wp\/v2\/media\/10472"}],"wp:attachment":[{"href":"https:\/\/www.alioze.com\/be\/wp-json\/wp\/v2\/media?parent=10303"}],"curies":[{"name":"wp","href":"https:\/\/api.w.org\/{rel}","templated":true}]}}